{"id":4770,"date":"2024-02-21T05:57:11","date_gmt":"2024-02-21T04:57:11","guid":{"rendered":"https:\/\/brdy.com\/pl\/product\/brdy-super-szybko\/"},"modified":"2024-11-07T16:18:06","modified_gmt":"2024-11-07T15:18:06","slug":"brdy-super-szybko","status":"publish","type":"product","link":"https:\/\/brdy.com\/pl\/produkt\/brdy-super-szybko\/","title":{"rendered":"BRDY SUPER SZYBKO"},"content":{"rendered":"<p>Nieograniczone dane<\/p>\n","protected":false},"excerpt":{"rendered":"<p>Do\u015bwiadcz niezr\u00f3wnanej \u0142\u0105czno\u015bci online dzi\u0119ki <strong>BRDY SUPERFAST 100<\/strong>. Ta wyj\u0105tkowa satelitarna us\u0142uga szerokopasmowa oferuje b\u0142yskawiczne pr\u0119dko\u015bci pobierania do 100 Mb\/s, idealne dla wi\u0119kszych gospodarstw domowych, biur domowych i intensywnych u\u017cytkownik\u00f3w Internetu, kt\u00f3rzy musz\u0105 pod\u0142\u0105czy\u0107 wiele urz\u0105dze\u0144 jednocze\u015bnie.<\/p>\n<p><strong>BRDY SUPERFAST 100<\/strong> to solidne i niezawodne rozwi\u0105zanie zapewniaj\u0105ce dost\u0119p do Internetu w odleg\u0142ych lokalizacjach. Dzi\u0119ki zaawansowanej technologii satelitarnej bez trudu niweluje przepa\u015b\u0107 cyfrow\u0105 tam, gdzie tradycyjne po\u0142\u0105czenia przewodowe nie docieraj\u0105. Proces instalacji jest \u0142atwy i wygodny, nie wymaga skomplikowanego okablowania ani podziemnych instalacji kablowych &#8211; zainstaluj i wyr\u00f3wnaj anten\u0119 (instalacja profesjonalna lub domowa), pod\u0142\u0105cz kabel do modemu i gotowe.<\/p>\n<p>BRDY szczyci si\u0119 oferowaniem wyj\u0105tkowej warto\u015bci i elastyczno\u015bci. Nasza gwarancja dopasowania ceny zapewnia najlepsz\u0105 mo\u017cliw\u0105 ofert\u0119, a nasza 30-dniowa umowa zapewnia elastyczno\u015b\u0107 w dostosowywaniu si\u0119 do zmieniaj\u0105cych si\u0119 potrzeb. Ju\u017c dzi\u015b poznaj przysz\u0142o\u015b\u0107 szerokopasmowego dost\u0119pu do Internetu na obszarach wiejskich dzi\u0119ki <strong>BRDY SUPERFAST 100<\/strong>.<\/p>\n","protected":false},"featured_media":5431,"comment_status":"closed","ping_status":"closed","template":"","meta":{"_acf_changed":false,"site-sidebar-layout":"default","site-content-layout":"default","ast-site-content-layout":"default","site-content-style":"default","site-sidebar-style":"default","ast-global-header-display":"","ast-banner-title-visibility":"","ast-main-header-display":"","ast-hfb-above-header-display":"","ast-hfb-below-header-display":"","ast-hfb-mobile-header-display":"","site-post-title":"","ast-breadcrumbs-content":"","ast-featured-img":"","footer-sml-layout":"","ast-disable-related-posts":"","theme-transparent-header-meta":"default","adv-header-id-meta":"","stick-header-meta":"","header-above-stick-meta":"","header-main-stick-meta":"","header-below-stick-meta":"","astra-migrate-meta-layouts":"set","ast-page-background-enabled":"default","ast-page-background-meta":{"desktop":{"background-color":"","background-image":"","background-repeat":"repeat","background-position":"center center","background-size":"auto","background-attachment":"scroll","background-type":"","background-media":"","overlay-type":"","overlay-color":"","overlay-opacity":"","overlay-gradient":""},"tablet":{"background-color":"","background-image":"","background-repeat":"repeat","background-position":"center center","background-size":"auto","background-attachment":"scroll","background-type":"","background-media":"","overlay-type":"","overlay-color":"","overlay-opacity":"","overlay-gradient":""},"mobile":{"background-color":"","background-image":"","background-repeat":"repeat","background-position":"center center","background-size":"auto","background-attachment":"scroll","background-type":"","background-media":"","overlay-type":"","overlay-color":"","overlay-opacity":"","overlay-gradient":""}},"ast-content-background-meta":{"desktop":{"background-color":"var(--ast-global-color-5)","background-image":"","background-repeat":"repeat","background-position":"center center","background-size":"auto","background-attachment":"scroll","background-type":"","background-media":"","overlay-type":"","overlay-color":"","overlay-opacity":"","overlay-gradient":""},"tablet":{"background-color":"var(--ast-global-color-5)","background-image":"","background-repeat":"repeat","background-position":"center center","background-size":"auto","background-attachment":"scroll","background-type":"","background-media":"","overlay-type":"","overlay-color":"","overlay-opacity":"","overlay-gradient":""},"mobile":{"background-color":"var(--ast-global-color-5)","background-image":"","background-repeat":"repeat","background-position":"center center","background-size":"auto","background-attachment":"scroll","background-type":"","background-media":"","overlay-type":"","overlay-color":"","overlay-opacity":"","overlay-gradient":""}}},"product_brand":[],"product_cat":[51],"product_tag":[],"class_list":{"0":"post-4770","1":"product","2":"type-product","3":"status-publish","4":"has-post-thumbnail","6":"product_cat-pakiet-produkt","7":"desktop-align-left","8":"tablet-align-left","9":"mobile-align-left","11":"first","12":"instock","13":"shipping-taxable","14":"purchasable","15":"product-type-simple"},"acf":[],"_links":{"self":[{"href":"https:\/\/brdy.com\/pl\/wp-json\/wp\/v2\/product\/4770","targetHints":{"allow":["GET"]}}],"collection":[{"href":"https:\/\/brdy.com\/pl\/wp-json\/wp\/v2\/product"}],"about":[{"href":"https:\/\/brdy.com\/pl\/wp-json\/wp\/v2\/types\/product"}],"replies":[{"embeddable":true,"href":"https:\/\/brdy.com\/pl\/wp-json\/wp\/v2\/comments?post=4770"}],"wp:featuredmedia":[{"embeddable":true,"href":"https:\/\/brdy.com\/pl\/wp-json\/wp\/v2\/media\/5431"}],"wp:attachment":[{"href":"https:\/\/brdy.com\/pl\/wp-json\/wp\/v2\/media?parent=4770"}],"wp:term":[{"taxonomy":"product_brand","embeddable":true,"href":"https:\/\/brdy.com\/pl\/wp-json\/wp\/v2\/product_brand?post=4770"},{"taxonomy":"product_cat","embeddable":true,"href":"https:\/\/brdy.com\/pl\/wp-json\/wp\/v2\/product_cat?post=4770"},{"taxonomy":"product_tag","embeddable":true,"href":"https:\/\/brdy.com\/pl\/wp-json\/wp\/v2\/product_tag?post=4770"}],"curies":[{"name":"wp","href":"https:\/\/api.w.org\/{rel}","templated":true}]}}