{"id":4769,"date":"2024-02-21T05:57:11","date_gmt":"2024-02-21T04:57:11","guid":{"rendered":"https:\/\/brdy.com\/pl\/product\/brdy-standard\/"},"modified":"2024-11-07T16:18:08","modified_gmt":"2024-11-07T15:18:08","slug":"brdy-standard","status":"publish","type":"product","link":"https:\/\/brdy.com\/pl\/produkt\/brdy-standard\/","title":{"rendered":"BRDY STANDARD"},"content":{"rendered":"<p>Nieograniczone Dane<\/p>\n","protected":false},"excerpt":{"rendered":"<p>Do\u015bwiadcz szybkiej i p\u0142ynnej \u0142\u0105czno\u015bci online dzi\u0119ki <strong>BRDY SUPERFAST 50<\/strong>. Zaprojektowany dla zapracowanych gospodarstw domowych. Ten satelitarny pakiet szerokopasmowy oferuje imponuj\u0105ce pr\u0119dko\u015bci pobierania do 50 Mb\/s, umo\u017cliwiaj\u0105c jednoczesne po\u0142\u0105czenie wielu urz\u0105dze\u0144.<\/p>\n<p><strong>BRDY SUPERFAST<\/strong> 50 wyr\u00f3\u017cnia si\u0119 niezawodnym po\u0142\u0105czeniem nawet w odleg\u0142ych lokalizacjach. Wykorzystuj\u0105c innowacyjn\u0105 technologi\u0119 satelitarn\u0105, niweluje przepa\u015b\u0107 cyfrow\u0105 tam, gdzie tradycyjne po\u0142\u0105czenia przewodowe nie docieraj\u0105. Ponadto instalacja jest bezproblemowa (profesjonalna lub domowa), nie wymaga skomplikowanego okablowania ani podziemnych kabli.<\/p>\n<p>Dzi\u0119ki BRDY zyskujesz warto\u015b\u0107 i elastyczno\u015b\u0107. Nasza gwarancja dopasowania ceny i 30-dniowa elastyczna umowa zapewniaj\u0105 najlepsz\u0105 ofert\u0119 bez d\u0142ugoterminowych zobowi\u0105za\u0144. Zwi\u0119ksz komfort korzystania z Internetu ju\u017c dzi\u015b dzi\u0119ki <strong>BRDY SUPERFAST 50<\/strong>.<\/p>\n","protected":false},"featured_media":5431,"comment_status":"closed","ping_status":"closed","template":"","meta":{"_acf_changed":false,"site-sidebar-layout":"default","site-content-layout":"default","ast-site-content-layout":"default","site-content-style":"default","site-sidebar-style":"default","ast-global-header-display":"","ast-banner-title-visibility":"","ast-main-header-display":"","ast-hfb-above-header-display":"","ast-hfb-below-header-display":"","ast-hfb-mobile-header-display":"","site-post-title":"","ast-breadcrumbs-content":"","ast-featured-img":"","footer-sml-layout":"","ast-disable-related-posts":"","theme-transparent-header-meta":"default","adv-header-id-meta":"","stick-header-meta":"","header-above-stick-meta":"","header-main-stick-meta":"","header-below-stick-meta":"","astra-migrate-meta-layouts":"set","ast-page-background-enabled":"default","ast-page-background-meta":{"desktop":{"background-color":"","background-image":"","background-repeat":"repeat","background-position":"center center","background-size":"auto","background-attachment":"scroll","background-type":"","background-media":"","overlay-type":"","overlay-color":"","overlay-opacity":"","overlay-gradient":""},"tablet":{"background-color":"","background-image":"","background-repeat":"repeat","background-position":"center center","background-size":"auto","background-attachment":"scroll","background-type":"","background-media":"","overlay-type":"","overlay-color":"","overlay-opacity":"","overlay-gradient":""},"mobile":{"background-color":"","background-image":"","background-repeat":"repeat","background-position":"center center","background-size":"auto","background-attachment":"scroll","background-type":"","background-media":"","overlay-type":"","overlay-color":"","overlay-opacity":"","overlay-gradient":""}},"ast-content-background-meta":{"desktop":{"background-color":"var(--ast-global-color-5)","background-image":"","background-repeat":"repeat","background-position":"center center","background-size":"auto","background-attachment":"scroll","background-type":"","background-media":"","overlay-type":"","overlay-color":"","overlay-opacity":"","overlay-gradient":""},"tablet":{"background-color":"var(--ast-global-color-5)","background-image":"","background-repeat":"repeat","background-position":"center center","background-size":"auto","background-attachment":"scroll","background-type":"","background-media":"","overlay-type":"","overlay-color":"","overlay-opacity":"","overlay-gradient":""},"mobile":{"background-color":"var(--ast-global-color-5)","background-image":"","background-repeat":"repeat","background-position":"center center","background-size":"auto","background-attachment":"scroll","background-type":"","background-media":"","overlay-type":"","overlay-color":"","overlay-opacity":"","overlay-gradient":""}}},"product_brand":[],"product_cat":[51],"product_tag":[52],"class_list":{"0":"post-4769","1":"product","2":"type-product","3":"status-publish","4":"has-post-thumbnail","6":"product_cat-pakiet-produkt","7":"product_tag-popular-2","8":"desktop-align-left","9":"tablet-align-left","10":"mobile-align-left","12":"first","13":"instock","14":"shipping-taxable","15":"purchasable","16":"product-type-simple"},"acf":[],"_links":{"self":[{"href":"https:\/\/brdy.com\/pl\/wp-json\/wp\/v2\/product\/4769","targetHints":{"allow":["GET"]}}],"collection":[{"href":"https:\/\/brdy.com\/pl\/wp-json\/wp\/v2\/product"}],"about":[{"href":"https:\/\/brdy.com\/pl\/wp-json\/wp\/v2\/types\/product"}],"replies":[{"embeddable":true,"href":"https:\/\/brdy.com\/pl\/wp-json\/wp\/v2\/comments?post=4769"}],"wp:featuredmedia":[{"embeddable":true,"href":"https:\/\/brdy.com\/pl\/wp-json\/wp\/v2\/media\/5431"}],"wp:attachment":[{"href":"https:\/\/brdy.com\/pl\/wp-json\/wp\/v2\/media?parent=4769"}],"wp:term":[{"taxonomy":"product_brand","embeddable":true,"href":"https:\/\/brdy.com\/pl\/wp-json\/wp\/v2\/product_brand?post=4769"},{"taxonomy":"product_cat","embeddable":true,"href":"https:\/\/brdy.com\/pl\/wp-json\/wp\/v2\/product_cat?post=4769"},{"taxonomy":"product_tag","embeddable":true,"href":"https:\/\/brdy.com\/pl\/wp-json\/wp\/v2\/product_tag?post=4769"}],"curies":[{"name":"wp","href":"https:\/\/api.w.org\/{rel}","templated":true}]}}