{"id":3655,"date":"2023-09-07T11:26:59","date_gmt":"2023-09-07T11:26:59","guid":{"rendered":"https:\/\/brdy.com\/pl\/request-a-call-back-package\/"},"modified":"2023-09-08T05:35:57","modified_gmt":"2023-09-08T05:35:57","slug":"request-a-call-back-package","status":"publish","type":"page","link":"https:\/\/brdy.com\/pl\/request-a-call-back-package\/","title":{"rendered":"Request a call back package"},"content":{"rendered":"\t\t<div data-elementor-type=\"wp-page\" data-elementor-id=\"3655\" class=\"elementor elementor-3655 elementor-3643\" data-elementor-post-type=\"page\">\n\t\t\t\t\t\t<section class=\"elementor-section elementor-top-section elementor-element elementor-element-c1e9f7e elementor-section-boxed elementor-section-height-default elementor-section-height-default\" data-id=\"c1e9f7e\" data-element_type=\"section\" data-e-type=\"section\">\n\t\t\t\t\t\t<div class=\"elementor-container elementor-column-gap-default\">\n\t\t\t\t\t<div class=\"elementor-column elementor-col-100 elementor-top-column elementor-element elementor-element-6180b8f\" data-id=\"6180b8f\" data-element_type=\"column\" data-e-type=\"column\">\n\t\t\t<div class=\"elementor-widget-wrap elementor-element-populated\">\n\t\t\t\t\t\t<div class=\"elementor-element elementor-element-39e5423 eael-dual-header-content-align-center elementor-widget elementor-widget-eael-dual-color-header\" data-id=\"39e5423\" data-element_type=\"widget\" data-e-type=\"widget\" data-widget_type=\"eael-dual-color-header.default\">\n\t\t\t\t<div class=\"elementor-widget-container\">\n\t\t\t\t\t\t\t\t<div class=\"eael-dual-header\">\n\t\t\t\t<h2 class=\"title eael-dch-title\"><span class=\"eael-dch-title-text eael-dch-title-lead lead solid-color\">popro\u015b o <\/span> <span class=\"eael-dch-title-text\">kontakt zwrotny.<\/span><\/h2>\t\t\t<\/div>\n\n\t\t\t\t\t\t<\/div>\n\t\t\t\t<\/div>\n\t\t\t\t<div class=\"elementor-element elementor-element-99f5deb elementor-widget elementor-widget-text-editor\" data-id=\"99f5deb\" data-element_type=\"widget\" data-e-type=\"widget\" data-widget_type=\"text-editor.default\">\n\t\t\t\t<div class=\"elementor-widget-container\">\n\t\t\t\t\t\t\t\t\t<p>Nie jeste\u015b jeszcze klientem Brdy? Potrzebujesz pomocy przy zakupie?<br \/>Je\u015bli chcesz, mo\u017cemy do Ciebie oddzwoni\u0107 \u2014 wype\u0142nij poni\u017cszy formularz, a my skontaktujemy si\u0119 z Tob\u0105.<\/p>\n\t\t\t\t\t\t\t\t<\/div>\n\t\t\t\t<\/div>\n\t\t\t\t<section class=\"elementor-section elementor-inner-section elementor-element elementor-element-016ee95 r_form_cl elementor-section-boxed elementor-section-height-default elementor-section-height-default\" data-id=\"016ee95\" data-element_type=\"section\" data-e-type=\"section\" id=\"shadow-contact\">\n\t\t\t\t\t\t<div class=\"elementor-container elementor-column-gap-default\">\n\t\t\t\t\t<div class=\"elementor-column elementor-col-100 elementor-inner-column elementor-element elementor-element-4c68c63\" data-id=\"4c68c63\" data-element_type=\"column\" data-e-type=\"column\" data-settings=\"{&quot;background_background&quot;:&quot;classic&quot;}\">\n\t\t\t<div class=\"elementor-widget-wrap elementor-element-populated\">\n\t\t\t\t\t\t<div class=\"elementor-element elementor-element-692eeda elementor-widget elementor-widget-shortcode\" data-id=\"692eeda\" data-element_type=\"widget\" data-e-type=\"widget\" data-widget_type=\"shortcode.default\">\n\t\t\t\t<div class=\"elementor-widget-container\">\n\t\t\t\t\t\t\t<div class=\"elementor-shortcode\"> \n\n\n<div class=\"elementor-element elementor-element-Rk elementor-button-align-center elementor-widget elementor-widget-form\">\n        <div class=\"elementor-widget-container\">\n            <form class=\"elementor-forms custom-Rk-forms\" method=\"post\" >\n                <input type=\"hidden\" name=\"r_prid\" id=\"r_prid\" value=\"\">\n                <input type=\"hidden\" name=\"r_loc\" id=\"r_loc\" value=\"\">\n                <input type=\"hidden\" name=\"r_prname\" id=\"r_prname\" value=\"\">\n                <input type=\"hidden\" name=\"r_price\" id=\"r_price\" value=\"\">\n                <input type=\"hidden\" name=\"r_transaction_id\" value=\"\">\n                <div class=\"elementor-form-fields-wrapper elementor-labels-above\">\n                    <div class=\"elementor-field-type-text elementor-field-group elementor-column elementor-field-group-name elementor-col-50 elementor-field-required\"> \n                        <label for=\"form-field-name\" class=\"elementor-field-label\"> Imi\u0119 <\/label> \n                        <input size=\"1\" type=\"text\" name=\"r_fname\" id=\"r_fname\" class=\"elementor-field elementor-size-sm  elementor-field-textual\" placeholder=\"Wpisz swoje imi\u0119\" required=\"required\" > \n                    <\/div>\n                    <div class=\"elementor-field-type-text elementor-field-group elementor-column elementor-field-group-last elementor-col-50 elementor-field-required\"> \n                        <label for=\"form-field-last\" class=\"elementor-field-label\"> Nazwisko <\/label> \n                        <input size=\"1\" type=\"text\" name=\"r_lname\" id=\"r_lname\" class=\"elementor-field elementor-size-sm  elementor-field-textual\" placeholder=\"Wpisz swoje nazwisko\" required=\"required\" > \n                    <\/div>\n                    <div class=\"elementor-field-type-email elementor-field-group elementor-column elementor-field-group-email elementor-col-50 elementor-field-required\"> \n                        <label for=\"form-field-email\" class=\"elementor-field-label\"> Adres e-mail <\/label> \n                        <input size=\"1\" type=\"email\" name=\"r_email\" id=\"r_email\" class=\"elementor-field elementor-size-sm  elementor-field-textual\" placeholder=\"wprowad\u017a sw\u00f3j adres e-mail\" required=\"required\" > \n                    <\/div>\n                    <div class=\"elementor-field-type-tel elementor-field-group elementor-column elementor-field-group-phone elementor-col-50 elementor-field-required\"> \n                        <label for=\"form-field-phone\" class=\"elementor-field-label\"> Numer telefonu <\/label> \n                        <input size=\"1\" type=\"tel\" name=\"r_phone\" id=\"r_phone\" class=\"elementor-field elementor-size-sm  elementor-field-textual\" placeholder=\"Wprowad\u017a sw\u00f3j numer telefonu\" required=\"required\"  pattern=\"[0-9()#&amp;+*-=.]+\" title=\"Only numbers and phone characters (#, -, *, etc) are accepted.\"> \n                    <\/div>\n                    <div class=\"elementor-field-type-tel elementor-field-group elementor-column elementor-field-group-postcode elementor-col-50 elementor-field-required\"> \n                        <label for=\"form-field-postcode\" class=\"elementor-field-label\"> Kod pocztowy <\/label> \n                        <input type=\"text\" name=\"r_postcode\" id=\"r_postcode\" class=\"elementor-field elementor-size-sm  elementor-field-textual\" placeholder=\"wpisz sw\u00f3j kod pocztowy\" required=\"required\"> \n                    <\/div>\n\t\t\t\t\t <div class=\"elementor-field-type-acceptance elementor-field-group elementor-column elementor-field-group-checkbox elementor-col-100 elementor-field-required\">\n                        <div class=\"elementor-field-subgroup\"> <span class=\"elementor-field-option\"> \n\t\t\t\t\t\t\t<label for=\"form-field-message\" class=\"elementor-field-label\" style=\"font-size: unset;font-weight: unset;\">Jestem obecnym klientem<\/label>\n                        <input type=\"radio\" name=\"ex_checkbox\" id=\"ex_checkbox_yes\" class=\"elementor-field elementor-size-sm  elementor-acceptance-field\" required=\"required\" value=\"YES\" > Tak\t\t\t\t\t\t\t<input type=\"radio\" name=\"ex_checkbox\" id=\"ex_checkbox_no\" class=\"elementor-field elementor-size-sm  elementor-acceptance-field\" required=\"required\" value=\"NO\" checked > Nie                         <\/span> \n                    <\/div>\n                    <\/div>\n                    <div class=\"elementor-field-type-textarea elementor-field-group elementor-column elementor-field-group-message elementor-col-100\"> \n                        <label for=\"form-field-message\" class=\"elementor-field-label\"> Wiadomo\u015b\u0107 (opcjonalnie) <\/label> \n                        <textarea class=\"elementor-field-textual elementor-field  elementor-size-sm\" name=\"r_message\" id=\"r_message\" rows=\"6\" placeholder=\"Wpisz swoj\u0105 wiadomo\u015b\u0107\"><\/textarea> \n                    <\/div>\n                    <div class=\"elementor-field-type-tel elementor-field-group elementor-column elementor-field-group-phone elementor-col-100 elementor-field-required\"> \n                                <label for=\"form-field-phone\" class=\"elementor-field-label\"> Got a Code? (eg. Refer a Friend) <\/label>\n                                 <input type=\"text\" class=\"elementor-field elementor-size-sm  elementor-field-textual\" id=\"refer_a_friend\" placeholder=\"Got a Code? (eg. Refer a Friend)\" name=\"refer_a_friend\">\n                            <\/div>\n                            <div class=\"form-check mb-2 d-flex justify-content-start\">\n                                <input type=\"checkbox\" class=\"form-check-input me-2 marketing_customer\" id=\"marketing_customer\" name=\"marketing_customer\" value=\"YES\">\n                                <label class=\"form-check-label m-0 p-0\" for=\"check1\">Chc\u0119 by\u0107 na bie\u017c\u0105co z najnowszymi ofertami i wskaz\u00f3wkami od Brdy. (nigdy nie udost\u0119pnimy Twoich danych nikomu innemu, zgodnie z nasz\u0105 Polityk\u0105 Prywatno\u015bci)<\/label>\n                            <\/div>\n                    <div class=\"elementor-field-type-acceptance elementor-field-group elementor-column elementor-field-group-checkbox elementor-col-100 elementor-field-required\">\n                        <div class=\"elementor-field-subgroup\"> <span class=\"elementor-field-option\"> \n                        <input type=\"checkbox\" name=\"r_checkbox\" id=\"r_checkbox\" class=\"elementor-field elementor-size-sm  elementor-acceptance-field\" required=\"required\" checked> \n                        <label for=\"form-field-checkbox\">Podaj\u0105c nam swoje imi\u0119 i nazwisko oraz numer telefonu wyra\u017casz jednocze\u015bnie zgod\u0119 na przetwarzanie przez Brdy Twoich danych osobowych. Informacje zostan\u0105 wykorzystane do zmapowania zapotrzebowania na lepsze \u0142\u0105cza szerokopasmowe w Twojej okolicy i zostan\u0105 usuni\u0119te najp\u00f3\u017aniej w ci\u0105gu 6 miesi\u0119cy. Przeczytaj wi\u0119cej w naszej polityce prywatno\u015bci<\/label> <\/span> \n                    <\/div>\n                    <\/div>\n                    <div class=\"elementor-field-type-hidden elementor-field-group elementor-column elementor-field-group-submit elementor-col-100\"> <input size=\"1\" type=\"hidden\" name=\"form_fields_submit\" id=\"form-field-field_submit\" class=\"elementor-field elementor-size-sm  elementor-field-textual\"> <\/div>\n                    <div class=\"elementor-field-group elementor-column elementor-field-type-submit elementor-col-100 e-form__buttons\"> \n                        <button type=\"submit\" class=\"elementor-button elementor-size-md\" id=\"rform_sub\" name=\"rform_sub\"> <span> \n                            <span class=\" elementor-button-icon\"> <\/span> <span class=\"elementor-button-text\">Wy\u015blij<\/span> <\/span> \n                        <\/button> \n                    <\/div>\n                <\/div>\n            <\/form>\n        <\/div>\n    <\/div>\n<\/div>\n\t\t\t\t\t\t<\/div>\n\t\t\t\t<\/div>\n\t\t\t\t\t<\/div>\n\t\t<\/div>\n\t\t\t\t\t<\/div>\n\t\t<\/section>\n\t\t\t\t\t<\/div>\n\t\t<\/div>\n\t\t\t\t\t<\/div>\n\t\t<\/section>\n\t\t\t\t<\/div>\n\t\t","protected":false},"excerpt":{"rendered":"<p>popro\u015b o kontakt zwrotny. Nie jeste\u015b jeszcze klientem Brdy? Potrzebujesz pomocy przy zakupie?Je\u015bli chcesz, mo\u017cemy do Ciebie oddzwoni\u0107 \u2014 wype\u0142nij poni\u017cszy formularz, a my skontaktujemy si\u0119 z Tob\u0105.<\/p>\n","protected":false},"author":1,"featured_media":0,"parent":0,"menu_order":0,"comment_status":"closed","ping_status":"closed","template":"","meta":{"_acf_changed":false,"site-sidebar-layout":"no-sidebar","site-content-layout":"page-builder","ast-site-content-layout":"default","site-content-style":"default","site-sidebar-style":"default","ast-global-header-display":"","ast-banner-title-visibility":"","ast-main-header-display":"","ast-hfb-above-header-display":"","ast-hfb-below-header-display":"","ast-hfb-mobile-header-display":"","site-post-title":"disabled","ast-breadcrumbs-content":"","ast-featured-img":"disabled","footer-sml-layout":"","ast-disable-related-posts":"","theme-transparent-header-meta":"","adv-header-id-meta":"","stick-header-meta":"","header-above-stick-meta":"","header-main-stick-meta":"","header-below-stick-meta":"","astra-migrate-meta-layouts":"default","ast-page-background-enabled":"default","ast-page-background-meta":{"desktop":{"background-color":"","background-image":"","background-repeat":"repeat","background-position":"center center","background-size":"auto","background-attachment":"scroll","background-type":"","background-media":"","overlay-type":"","overlay-color":"","overlay-opacity":"","overlay-gradient":""},"tablet":{"background-color":"","background-image":"","background-repeat":"repeat","background-position":"center center","background-size":"auto","background-attachment":"scroll","background-type":"","background-media":"","overlay-type":"","overlay-color":"","overlay-opacity":"","overlay-gradient":""},"mobile":{"background-color":"","background-image":"","background-repeat":"repeat","background-position":"center center","background-size":"auto","background-attachment":"scroll","background-type":"","background-media":"","overlay-type":"","overlay-color":"","overlay-opacity":"","overlay-gradient":""}},"ast-content-background-meta":{"desktop":{"background-color":"var(--ast-global-color-5)","background-image":"","background-repeat":"repeat","background-position":"center center","background-size":"auto","background-attachment":"scroll","background-type":"","background-media":"","overlay-type":"","overlay-color":"","overlay-opacity":"","overlay-gradient":""},"tablet":{"background-color":"var(--ast-global-color-5)","background-image":"","background-repeat":"repeat","background-position":"center center","background-size":"auto","background-attachment":"scroll","background-type":"","background-media":"","overlay-type":"","overlay-color":"","overlay-opacity":"","overlay-gradient":""},"mobile":{"background-color":"var(--ast-global-color-5)","background-image":"","background-repeat":"repeat","background-position":"center center","background-size":"auto","background-attachment":"scroll","background-type":"","background-media":"","overlay-type":"","overlay-color":"","overlay-opacity":"","overlay-gradient":""}},"footnotes":""},"class_list":["post-3655","page","type-page","status-publish","hentry"],"acf":[],"_links":{"self":[{"href":"https:\/\/brdy.com\/pl\/wp-json\/wp\/v2\/pages\/3655","targetHints":{"allow":["GET"]}}],"collection":[{"href":"https:\/\/brdy.com\/pl\/wp-json\/wp\/v2\/pages"}],"about":[{"href":"https:\/\/brdy.com\/pl\/wp-json\/wp\/v2\/types\/page"}],"author":[{"embeddable":true,"href":"https:\/\/brdy.com\/pl\/wp-json\/wp\/v2\/users\/1"}],"replies":[{"embeddable":true,"href":"https:\/\/brdy.com\/pl\/wp-json\/wp\/v2\/comments?post=3655"}],"version-history":[{"count":1,"href":"https:\/\/brdy.com\/pl\/wp-json\/wp\/v2\/pages\/3655\/revisions"}],"predecessor-version":[{"id":3656,"href":"https:\/\/brdy.com\/pl\/wp-json\/wp\/v2\/pages\/3655\/revisions\/3656"}],"wp:attachment":[{"href":"https:\/\/brdy.com\/pl\/wp-json\/wp\/v2\/media?parent=3655"}],"curies":[{"name":"wp","href":"https:\/\/api.w.org\/{rel}","templated":true}]}}