{"id":3533,"date":"2023-07-11T13:42:57","date_gmt":"2023-07-11T11:42:57","guid":{"rendered":"https:\/\/brdy.com\/pl\/nasze-gwarancje\/"},"modified":"2023-11-30T17:53:23","modified_gmt":"2023-11-30T16:53:23","slug":"nasze-gwarancje","status":"publish","type":"page","link":"https:\/\/brdy.com\/pl\/nasze-gwarancje\/","title":{"rendered":"Nasze gwarancje"},"content":{"rendered":"\t\t<div data-elementor-type=\"wp-page\" data-elementor-id=\"3533\" class=\"elementor elementor-3533 elementor-2864\" data-elementor-post-type=\"page\">\n\t\t\t\t\t\t<section class=\"elementor-section elementor-top-section elementor-element elementor-element-fde715c elementor-section-boxed elementor-section-height-default elementor-section-height-default\" data-id=\"fde715c\" data-element_type=\"section\" data-e-type=\"section\">\n\t\t\t\t\t\t<div class=\"elementor-container elementor-column-gap-default\">\n\t\t\t\t\t<div class=\"elementor-column elementor-col-100 elementor-top-column elementor-element elementor-element-93f38e2\" data-id=\"93f38e2\" data-element_type=\"column\" data-e-type=\"column\">\n\t\t\t<div class=\"elementor-widget-wrap elementor-element-populated\">\n\t\t\t\t\t\t<div class=\"elementor-element elementor-element-346fccb eael-dual-header-content-align-center elementor-widget elementor-widget-eael-dual-color-header\" data-id=\"346fccb\" data-element_type=\"widget\" data-e-type=\"widget\" data-widget_type=\"eael-dual-color-header.default\">\n\t\t\t\t<div class=\"elementor-widget-container\">\n\t\t\t\t\t\t\t\t<div class=\"eael-dual-header\">\n\t\t\t\t<h2 class=\"title eael-dch-title\"><span class=\"eael-dch-title-text eael-dch-title-lead lead solid-color\">Nasze<\/span> <span class=\"eael-dch-title-text\">gwarancje<\/span><\/h2>\t\t\t<\/div>\n\n\t\t\t\t\t\t<\/div>\n\t\t\t\t<\/div>\n\t\t\t\t<div class=\"elementor-element elementor-element-1eba693 elementor-widget elementor-widget-text-editor\" data-id=\"1eba693\" data-element_type=\"widget\" data-e-type=\"widget\" data-widget_type=\"text-editor.default\">\n\t\t\t\t<div class=\"elementor-widget-container\">\n\t\t\t\t\t\t\t\t\t<p>Nasza gwarancja ceny<\/p>\n\t\t\t\t\t\t\t\t<\/div>\n\t\t\t\t<\/div>\n\t\t\t\t<div class=\"elementor-element elementor-element-2af5aaf elementor-widget elementor-widget-text-editor\" data-id=\"2af5aaf\" data-element_type=\"widget\" data-e-type=\"widget\" data-widget_type=\"text-editor.default\">\n\t\t\t\t<div class=\"elementor-widget-container\">\n\t\t\t\t\t\t\t\t\t<p><strong>Jeste\u015bmy przekonani, \u017ce oferujemy najlepsz\u0105 dost\u0119pn\u0105 satelitarn\u0105 \u0142\u0105czno\u015b\u0107 szerokopasmow\u0105. Je\u015bli mo\u017cesz po\u0142\u0105czy\u0107 si\u0119 z r\u00f3wnowa\u017cn\u0105 us\u0142ug\u0105 gdziekolwiek indziej za mniejsz\u0105 miesi\u0119czn\u0105 op\u0142ate, przebijemy to!  <\/strong><\/p>\n<p><em>Pobijemy ka\u017cd\u0105 r\u00f3wnowa\u017cn\u0105 miesi\u0119czn\u0105 op\u0142at\u0119 za satelitarny pakiet szerokopasmowy. Z wy\u0142\u0105czeniem cen promocyjnych lub wprowadzaj\u0105cych oraz koszt\u00f3w sprz\u0119tu satelitarnego. Dopasowanie cen zale\u017cy wy\u0142\u0105cznie od naszego uznania.   <\/em><\/p>\n\t\t\t\t\t\t\t\t<\/div>\n\t\t\t\t<\/div>\n\t\t\t\t<div class=\"elementor-element elementor-element-9c266b0 elementor-widget elementor-widget-text-editor\" data-id=\"9c266b0\" data-element_type=\"widget\" data-e-type=\"widget\" data-widget_type=\"text-editor.default\">\n\t\t\t\t<div class=\"elementor-widget-container\">\n\t\t\t\t\t\t\t\t\t<p><span class=\"TextRun MacChromeBold SCXW238843474 BCX0\" lang=\"EN-GB\" xml:lang=\"EN-GB\" data-contrast=\"none\"><span class=\"NormalTextRun ContextualSpellingAndGrammarErrorV2Themed SCXW238843474 BCX0\">14-dniowa<\/span> <span class=\"NormalTextRun SCXW238843474 BCX0\">gwarancja zwrotu pieni\u0119dzy<\/span><\/span><span class=\"EOP SCXW238843474 BCX0\" data-ccp-props=\"{\"134233117\":true,\"134233118\":true,\"201341983\":0,\"335559739\":160,\"335559740\":240}\"> <\/span><\/p>\n\t\t\t\t\t\t\t\t<\/div>\n\t\t\t\t<\/div>\n\t\t\t\t<div class=\"elementor-element elementor-element-74bf166 elementor-widget elementor-widget-text-editor\" data-id=\"74bf166\" data-element_type=\"widget\" data-e-type=\"widget\" data-widget_type=\"text-editor.default\">\n\t\t\t\t<div class=\"elementor-widget-container\">\n\t\t\t\t\t\t\t\t\t<p><strong>Dzi\u0119ki naszej 14-dniowej gwarancji zwrotu pieni\u0119dzy masz pewno\u015b\u0107, \u017ce je\u015bli nasza us\u0142uga nie spe\u0142ni Twoich oczekiwa\u0144, mo\u017cesz anulowa\u0107 umow\u0119 w ci\u0105gu pierwszych 14 dni. <\/strong><\/p>\n<p><em>Zam\u00f3wienie mo\u017cna anulowa\u0107 w dowolnym momencie przed instalacj\u0105 i aktywacj\u0105 sprz\u0119tu. Wystarczy zadzwoni\u0107 do zespo\u0142u obs\u0142ugi klienta Brdy lub skontaktowa\u0107 si\u0119 za po\u015brednictwem portalu klienta My Brdy.  <\/em><\/p>\n<p><em>Po zainstalowaniu i aktywacji u\u017cytkownik ma prawo zmieni\u0107 zdanie i za\u017c\u0105da\u0107 wycofania. <\/em><\/p>\n<p><em>W ramach naszej 14-dniowej gwarancji satysfakcji spos\u00f3b zarz\u0105dzania zwrotem sprz\u0119tu satelitarnego zale\u017cy od statusu sprz\u0119tu i us\u0142ugi, co podsumowano poni\u017cej;<\/em><\/p>\n\t\t\t\t\t\t\t\t<\/div>\n\t\t\t\t<\/div>\n\t\t\t\t<div class=\"elementor-element elementor-element-08dc5be elementor-widget elementor-widget-text-editor\" data-id=\"08dc5be\" data-element_type=\"widget\" data-e-type=\"widget\" data-widget_type=\"text-editor.default\">\n\t\t\t\t<div class=\"elementor-widget-container\">\n\t\t\t\t\t\t\t\t\t<table>\n<tbody>\n<tr>\n<td width=\"200\">\n<p>Op\u0142acony sprz\u0119t<\/p>\n<\/td>\n<td width=\"200\">\n<p>Klient Nie otrzyma\u0142 sprz\u0119tu<\/p>\n<\/td>\n<td width=\"200\">\n<p>Pe\u0142ny zwrot koszt\u00f3w<\/p>\n<\/td>\n<\/tr>\n<tr>\n<td width=\"200\">\n<p>Odinstalowany sprz\u0119t<\/p>\n<\/td>\n<td width=\"200\">\n<p>Sprz\u0119t otrzymany od klienta\/ Nieotwarty<\/p>\n<\/td>\n<td width=\"200\">\n<p>Brdy zorganizuje odbi\u00f3r sprz\u0119tu\/pe\u0142ny zwrot koszt\u00f3w<\/p>\n<\/td>\n<\/tr>\n<tr>\n<td width=\"200\">\n<p>Odinstalowany sprz\u0119t<\/p>\n<\/td>\n<td width=\"200\">\n<p>Customer received equipment\/ Opened<\/p>\n<\/td>\n<td width=\"200\">\n<p>Equipment repacked in original packaging\/ Brdy will arrange collection of equipment\/ Full Refund Due<\/p>\n<\/td>\n<\/tr>\n<tr>\n<td width=\"200\">\n<p>Zainstalowany\/nieaktywny sprz\u0119t<\/p>\n<\/td>\n<td width=\"200\">\n<p>Installed Professionally\/DIY<\/p>\n<\/td>\n<td width=\"200\">\n<p>Equipment repacked in original packaging\/ Brdy will arrange collection of equipment\/ Full Refund Due<\/p>\n<\/td>\n<\/tr>\n<tr>\n<td width=\"200\">\n<p>Equipment Installed\/ Activated &lt;14 Days<\/p>\n<\/td>\n<td width=\"200\">\n<p>Installed Professionally\/DIY<\/p>\n<\/td>\n<td width=\"200\">\n<p>Sprz\u0119t przepakowany w oryginalne opakowanie\/ Brdy zorganizuje odbi\u00f3r sprz\u0119tu\/ Pe\u0142ny zwrot koszt\u00f3w\/ Proporcjonalny zwrot koszt\u00f3w zu\u017cycia danych<\/p>\n<\/td>\n<\/tr>\n<tr>\n<td width=\"200\">\n<p>Equipment Installed\/ Activated &gt;14 Days<\/p>\n<\/td>\n<td width=\"200\">\n<p>Installed Professionally\/DIY<\/p>\n<\/td>\n<td width=\"200\">\n<p>Brak zwrotu koszt\u00f3w\/obowi\u0105zuj\u0105ca umowa na 12 miesi\u0119cy<\/p>\n<\/td>\n<\/tr>\n<\/tbody>\n<\/table>\n\t\t\t\t\t\t\t\t<\/div>\n\t\t\t\t<\/div>\n\t\t\t\t<div class=\"elementor-element elementor-element-dfc063e elementor-widget elementor-widget-text-editor\" data-id=\"dfc063e\" data-element_type=\"widget\" data-e-type=\"widget\" data-widget_type=\"text-editor.default\">\n\t\t\t\t<div class=\"elementor-widget-container\">\n\t\t\t\t\t\t\t\t\t<p><em>In any case, you will need to return the Wi-Fi Modem (accompanied by the cables and power supply) within a period of thirty (30) days since the communication of the withdrawal\/termination. W przeciwnym razie zostanie wystawiona faktura. Aby skorzysta\u0107 z prawa do odst\u0105pienia od umowy, u\u017cytkownik mo\u017ce z\u0142o\u017cy\u0107 wniosek za po\u015brednictwem portalu klienta My Brdy. <\/em><\/p>\n<p><em>Mo\u017cesz r\u00f3wnie\u017c wys\u0142a\u0107 pisemn\u0105 pro\u015bb\u0119 na ten sam adres (pami\u0119taj jednak, \u017ce aby\u015bmy mogli rozpatrzy\u0107 Twoj\u0105 pro\u015bb\u0119, musi ona zawiera\u0107 te same informacje, co formularz, tj. imi\u0119 i nazwisko, adres instalacji, nazw\u0119 pakietu, dat\u0119 aktywacji pakietu i najlepiej pow\u00f3d zmiany zdania).<\/em><\/p>\n\t\t\t\t\t\t\t\t<\/div>\n\t\t\t\t<\/div>\n\t\t\t\t\t<\/div>\n\t\t<\/div>\n\t\t\t\t\t<\/div>\n\t\t<\/section>\n\t\t\t\t<section class=\"elementor-section elementor-top-section elementor-element elementor-element-cdaf35e elementor-section-boxed elementor-section-height-default elementor-section-height-default\" data-id=\"cdaf35e\" data-element_type=\"section\" data-e-type=\"section\">\n\t\t\t\t\t\t<div class=\"elementor-container elementor-column-gap-default\">\n\t\t\t\t\t<div class=\"elementor-column elementor-col-100 elementor-top-column elementor-element elementor-element-034b15d\" data-id=\"034b15d\" data-element_type=\"column\" data-e-type=\"column\">\n\t\t\t<div class=\"elementor-widget-wrap\">\n\t\t\t\t\t\t\t<\/div>\n\t\t<\/div>\n\t\t\t\t\t<\/div>\n\t\t<\/section>\n\t\t\t\t<\/div>\n\t\t","protected":false},"excerpt":{"rendered":"<p>Nasze gwarancje Nasza gwarancja ceny Jeste\u015bmy przekonani, \u017ce oferujemy najlepsz\u0105 dost\u0119pn\u0105 satelitarn\u0105 \u0142\u0105czno\u015b\u0107 szerokopasmow\u0105. Je\u015bli mo\u017cesz po\u0142\u0105czy\u0107 si\u0119 z r\u00f3wnowa\u017cn\u0105 us\u0142ug\u0105 gdziekolwiek indziej za mniejsz\u0105 miesi\u0119czn\u0105 op\u0142ate, przebijemy to! Pobijemy ka\u017cd\u0105 r\u00f3wnowa\u017cn\u0105 miesi\u0119czn\u0105 op\u0142at\u0119 za satelitarny pakiet szerokopasmowy. Z wy\u0142\u0105czeniem cen promocyjnych lub wprowadzaj\u0105cych oraz koszt\u00f3w sprz\u0119tu satelitarnego. Dopasowanie cen zale\u017cy wy\u0142\u0105cznie od naszego uznania. [&hellip;]<\/p>\n","protected":false},"author":1,"featured_media":0,"parent":0,"menu_order":0,"comment_status":"closed","ping_status":"closed","template":"","meta":{"_acf_changed":false,"site-sidebar-layout":"no-sidebar","site-content-layout":"page-builder","ast-site-content-layout":"default","site-content-style":"default","site-sidebar-style":"default","ast-global-header-display":"","ast-banner-title-visibility":"","ast-main-header-display":"","ast-hfb-above-header-display":"","ast-hfb-below-header-display":"","ast-hfb-mobile-header-display":"","site-post-title":"disabled","ast-breadcrumbs-content":"","ast-featured-img":"disabled","footer-sml-layout":"","ast-disable-related-posts":"","theme-transparent-header-meta":"","adv-header-id-meta":"","stick-header-meta":"","header-above-stick-meta":"","header-main-stick-meta":"","header-below-stick-meta":"","astra-migrate-meta-layouts":"default","ast-page-background-enabled":"default","ast-page-background-meta":{"desktop":{"background-color":"","background-image":"","background-repeat":"repeat","background-position":"center center","background-size":"auto","background-attachment":"scroll","background-type":"","background-media":"","overlay-type":"","overlay-color":"","overlay-opacity":"","overlay-gradient":""},"tablet":{"background-color":"","background-image":"","background-repeat":"repeat","background-position":"center center","background-size":"auto","background-attachment":"scroll","background-type":"","background-media":"","overlay-type":"","overlay-color":"","overlay-opacity":"","overlay-gradient":""},"mobile":{"background-color":"","background-image":"","background-repeat":"repeat","background-position":"center center","background-size":"auto","background-attachment":"scroll","background-type":"","background-media":"","overlay-type":"","overlay-color":"","overlay-opacity":"","overlay-gradient":""}},"ast-content-background-meta":{"desktop":{"background-color":"var(--ast-global-color-5)","background-image":"","background-repeat":"repeat","background-position":"center center","background-size":"auto","background-attachment":"scroll","background-type":"","background-media":"","overlay-type":"","overlay-color":"","overlay-opacity":"","overlay-gradient":""},"tablet":{"background-color":"var(--ast-global-color-5)","background-image":"","background-repeat":"repeat","background-position":"center center","background-size":"auto","background-attachment":"scroll","background-type":"","background-media":"","overlay-type":"","overlay-color":"","overlay-opacity":"","overlay-gradient":""},"mobile":{"background-color":"var(--ast-global-color-5)","background-image":"","background-repeat":"repeat","background-position":"center center","background-size":"auto","background-attachment":"scroll","background-type":"","background-media":"","overlay-type":"","overlay-color":"","overlay-opacity":"","overlay-gradient":""}},"footnotes":""},"class_list":["post-3533","page","type-page","status-publish","hentry"],"acf":[],"_links":{"self":[{"href":"https:\/\/brdy.com\/pl\/wp-json\/wp\/v2\/pages\/3533","targetHints":{"allow":["GET"]}}],"collection":[{"href":"https:\/\/brdy.com\/pl\/wp-json\/wp\/v2\/pages"}],"about":[{"href":"https:\/\/brdy.com\/pl\/wp-json\/wp\/v2\/types\/page"}],"author":[{"embeddable":true,"href":"https:\/\/brdy.com\/pl\/wp-json\/wp\/v2\/users\/1"}],"replies":[{"embeddable":true,"href":"https:\/\/brdy.com\/pl\/wp-json\/wp\/v2\/comments?post=3533"}],"version-history":[{"count":2,"href":"https:\/\/brdy.com\/pl\/wp-json\/wp\/v2\/pages\/3533\/revisions"}],"predecessor-version":[{"id":4522,"href":"https:\/\/brdy.com\/pl\/wp-json\/wp\/v2\/pages\/3533\/revisions\/4522"}],"wp:attachment":[{"href":"https:\/\/brdy.com\/pl\/wp-json\/wp\/v2\/media?parent=3533"}],"curies":[{"name":"wp","href":"https:\/\/api.w.org\/{rel}","templated":true}]}}