{"id":3438,"date":"2023-07-03T09:44:32","date_gmt":"2023-07-03T09:44:32","guid":{"rendered":"https:\/\/brdy.com\/pl\/reset-modemu-do-ustawien-fabrycznych\/"},"modified":"2023-08-16T15:19:07","modified_gmt":"2023-08-16T15:19:07","slug":"reset-modemu-do-ustawien-fabrycznych","status":"publish","type":"page","link":"https:\/\/brdy.com\/pl\/reset-modemu-do-ustawien-fabrycznych\/","title":{"rendered":"reset modemu do ustawie\u0144 fabrycznych"},"content":{"rendered":"\t\t<div data-elementor-type=\"wp-page\" data-elementor-id=\"3438\" class=\"elementor elementor-3438 elementor-2187\" data-elementor-post-type=\"page\">\n\t\t\t\t\t\t<section class=\"elementor-section elementor-top-section elementor-element elementor-element-2709fba elementor-section-boxed elementor-section-height-default elementor-section-height-default\" data-id=\"2709fba\" data-element_type=\"section\" data-e-type=\"section\" data-settings=\"{&quot;background_background&quot;:&quot;classic&quot;}\">\n\t\t\t\t\t\t<div class=\"elementor-container elementor-column-gap-default\">\n\t\t\t\t\t<div class=\"elementor-column elementor-col-100 elementor-top-column elementor-element elementor-element-06f2a20\" data-id=\"06f2a20\" data-element_type=\"column\" data-e-type=\"column\">\n\t\t\t<div class=\"elementor-widget-wrap elementor-element-populated\">\n\t\t\t\t\t\t<section class=\"elementor-section elementor-inner-section elementor-element elementor-element-6e1302e elementor-section-boxed elementor-section-height-default elementor-section-height-default\" data-id=\"6e1302e\" data-element_type=\"section\" data-e-type=\"section\">\n\t\t\t\t\t\t<div class=\"elementor-container elementor-column-gap-default\">\n\t\t\t\t\t<div class=\"elementor-column elementor-col-100 elementor-inner-column elementor-element elementor-element-60d81eb\" data-id=\"60d81eb\" data-element_type=\"column\" data-e-type=\"column\">\n\t\t\t<div class=\"elementor-widget-wrap elementor-element-populated\">\n\t\t\t\t\t\t<div class=\"elementor-element elementor-element-9ca2e82 eael-dual-header-content-align-center elementor-widget elementor-widget-eael-dual-color-header\" data-id=\"9ca2e82\" data-element_type=\"widget\" data-e-type=\"widget\" data-widget_type=\"eael-dual-color-header.default\">\n\t\t\t\t<div class=\"elementor-widget-container\">\n\t\t\t\t\t\t\t\t<div class=\"eael-dual-header\">\n\t\t\t\t<h2 class=\"title eael-dch-title\"><span class=\"eael-dch-title-text eael-dch-title-lead lead solid-color\">reset modemu do ustawie\u0144<\/span> <span class=\"eael-dch-title-text\">fabrycznych<\/span><\/h2>\t\t\t<\/div>\n\n\t\t\t\t\t\t<\/div>\n\t\t\t\t<\/div>\n\t\t\t\t<div class=\"elementor-element elementor-element-dd0c362 elementor-widget-divider--view-line elementor-widget elementor-widget-divider\" data-id=\"dd0c362\" data-element_type=\"widget\" data-e-type=\"widget\" data-widget_type=\"divider.default\">\n\t\t\t\t<div class=\"elementor-widget-container\">\n\t\t\t\t\t\t\t<div class=\"elementor-divider\">\n\t\t\t<span class=\"elementor-divider-separator\">\n\t\t\t\t\t\t<\/span>\n\t\t<\/div>\n\t\t\t\t\t\t<\/div>\n\t\t\t\t<\/div>\n\t\t\t\t<div class=\"elementor-element elementor-element-00e4721 elementor-align-center elementor-widget elementor-widget-button\" data-id=\"00e4721\" data-element_type=\"widget\" data-e-type=\"widget\" data-widget_type=\"button.default\">\n\t\t\t\t<div class=\"elementor-widget-container\">\n\t\t\t\t\t\t\t\t\t<div class=\"elementor-button-wrapper\">\n\t\t\t\t\t<a class=\"elementor-button elementor-button-link elementor-size-md\" href=\"https:\/\/brdy.com\/pl\/wp-content\/uploads\/2023\/08\/Modem-factory-reset-PL.pdf\">\n\t\t\t\t\t\t<span class=\"elementor-button-content-wrapper\">\n\t\t\t\t\t\t\t\t\t<span class=\"elementor-button-text\">POBIERZ PLIK PDF<\/span>\n\t\t\t\t\t<\/span>\n\t\t\t\t\t<\/a>\n\t\t\t\t<\/div>\n\t\t\t\t\t\t\t\t<\/div>\n\t\t\t\t<\/div>\n\t\t\t\t\t<\/div>\n\t\t<\/div>\n\t\t\t\t\t<\/div>\n\t\t<\/section>\n\t\t\t\t<div class=\"elementor-element elementor-element-08c04e9 elementor-widget elementor-widget-image\" data-id=\"08c04e9\" data-element_type=\"widget\" data-e-type=\"widget\" data-widget_type=\"image.default\">\n\t\t\t\t<div class=\"elementor-widget-container\">\n\t\t\t\t\t\t\t\t\t\t\t\t\t\t\t<img fetchpriority=\"high\" decoding=\"async\" width=\"309\" height=\"198\" src=\"https:\/\/brdy.com\/pl\/wp-content\/uploads\/2023\/07\/Screenshot-2023-07-11-at-16.29.06.png\" class=\"attachment-large size-large wp-image-3386\" alt=\"\" srcset=\"https:\/\/brdy.com\/pl\/wp-content\/uploads\/2023\/07\/Screenshot-2023-07-11-at-16.29.06.png 309w, https:\/\/brdy.com\/pl\/wp-content\/uploads\/2023\/07\/Screenshot-2023-07-11-at-16.29.06-300x192.png 300w\" sizes=\"(max-width: 309px) 100vw, 309px\" \/>\t\t\t\t\t\t\t\t\t\t\t\t\t\t\t<\/div>\n\t\t\t\t<\/div>\n\t\t\t\t<div class=\"elementor-element elementor-element-0f20897 elementor-widget elementor-widget-text-editor\" data-id=\"0f20897\" data-element_type=\"widget\" data-e-type=\"widget\" data-widget_type=\"text-editor.default\">\n\t\t\t\t<div class=\"elementor-widget-container\">\n\t\t\t\t\t\t\t\t\t<p>RESET MODEMU SB2+<\/p>\n\t\t\t\t\t\t\t\t<\/div>\n\t\t\t\t<\/div>\n\t\t\t\t<div class=\"elementor-element elementor-element-a45c778 elementor-align-start elementor-tablet-align-start elementor-list-item-link-full_width elementor-widget elementor-widget-icon-list\" data-id=\"a45c778\" data-element_type=\"widget\" data-e-type=\"widget\" data-widget_type=\"icon-list.default\">\n\t\t\t\t<div class=\"elementor-widget-container\">\n\t\t\t\t\t\t\t<ul class=\"elementor-icon-list-items\">\n\t\t\t\t\t\t\t<li class=\"elementor-icon-list-item\">\n\t\t\t\t\t\t\t\t\t\t\t<span class=\"elementor-icon-list-icon\">\n\t\t\t\t\t\t\t<i aria-hidden=\"true\" class=\"fas fa-circle\"><\/i>\t\t\t\t\t\t<\/span>\n\t\t\t\t\t\t\t\t\t\t<span class=\"elementor-icon-list-text\">\u2022 W\u0142\u00f3\u017c co\u015b ma\u0142ego, na przyk\u0142ad szpilk\u0119 lub spinacz do otworu resetowania (zaznaczonego powy\u017cej) na 10 sekund.<\/span>\n\t\t\t\t\t\t\t\t\t<\/li>\n\t\t\t\t\t\t\t\t<li class=\"elementor-icon-list-item\">\n\t\t\t\t\t\t\t\t\t\t\t<span class=\"elementor-icon-list-icon\">\n\t\t\t\t\t\t\t<i aria-hidden=\"true\" class=\"fas fa-circle\"><\/i>\t\t\t\t\t\t<\/span>\n\t\t\t\t\t\t\t\t\t\t<span class=\"elementor-icon-list-text\">\u2022 Po zako\u0144czeniu resetowania zauwa\u017cysz, \u017ce lampki na modemie zmieni\u0105 si\u0119. Zapoznaj si\u0119 z poni\u017csz\u0105 tabel\u0105, aby zapozna\u0107 si\u0119 ze znaczeniami \u015bwiate\u0142: - BRAK SWAT\u0141A: brak zasilania - BIA\u0141E STA\u0141E \u015aWIAT\u0141O: wst\u0119pne w\u0142\u0105czenie - BIA\u0141E PULSUJ\u0104CE \u015aWIAT\u0141O: pr\u00f3ba po\u0142\u0105czenia - STA\u0141E NIEBIESKIE \u015aWIAT\u0141O \u2013 online - NIEBIESKIE PULSUJ\u0104CE \u015aWIAT\u0141O \u2013 Aktualizacja oprogramowania - PULSUJ\u0104CE POMARA\u0143CZOWE \u015aWIAT\u0141O \u2013 tryp instalacji - STA\u0141E CZERWONE \u015aWIAT\u0141O: trzeba zresetowa\u0107 urz\u0105dzenie. Je\u015bli kolor nie zmieni si\u0119 po 5 minutach, zadzwo\u0144 do technicznej - CZERWONE PULSUJ\u0104CE \u015aWIAT\u0141O: wykryto wad\u0119, zadzwo\u0144 do obs\u0142ugi technicznej<\/span>\n\t\t\t\t\t\t\t\t\t<\/li>\n\t\t\t\t\t\t<\/ul>\n\t\t\t\t\t\t<\/div>\n\t\t\t\t<\/div>\n\t\t\t\t<div class=\"elementor-element elementor-element-3b861db elementor-widget elementor-widget-image\" data-id=\"3b861db\" data-element_type=\"widget\" data-e-type=\"widget\" data-widget_type=\"image.default\">\n\t\t\t\t<div class=\"elementor-widget-container\">\n\t\t\t\t\t\t\t\t\t\t\t\t\t\t\t<img decoding=\"async\" width=\"1024\" height=\"602\" src=\"https:\/\/brdy.com\/pl\/wp-content\/uploads\/2023\/07\/Screenshot-2023-07-03-at-10.44.03-1024x602.png\" class=\"attachment-large size-large wp-image-3364\" alt=\"\" srcset=\"https:\/\/brdy.com\/pl\/wp-content\/uploads\/2023\/07\/Screenshot-2023-07-03-at-10.44.03-1024x602.png 1024w, https:\/\/brdy.com\/pl\/wp-content\/uploads\/2023\/07\/Screenshot-2023-07-03-at-10.44.03-300x176.png 300w, https:\/\/brdy.com\/pl\/wp-content\/uploads\/2023\/07\/Screenshot-2023-07-03-at-10.44.03-768x452.png 768w, https:\/\/brdy.com\/pl\/wp-content\/uploads\/2023\/07\/Screenshot-2023-07-03-at-10.44.03-600x353.png 600w, https:\/\/brdy.com\/pl\/wp-content\/uploads\/2023\/07\/Screenshot-2023-07-03-at-10.44.03.png 1428w\" sizes=\"(max-width: 1024px) 100vw, 1024px\" \/>\t\t\t\t\t\t\t\t\t\t\t\t\t\t\t<\/div>\n\t\t\t\t<\/div>\n\t\t\t\t\t<\/div>\n\t\t<\/div>\n\t\t\t\t\t<\/div>\n\t\t<\/section>\n\t\t\t\t<\/div>\n\t\t","protected":false},"excerpt":{"rendered":"<p>reset modemu do ustawie\u0144 fabrycznych POBIERZ PLIK PDF RESET MODEMU SB2+ \u2022 W\u0142\u00f3\u017c co\u015b ma\u0142ego, na przyk\u0142ad szpilk\u0119 lub spinacz do otworu resetowania (zaznaczonego powy\u017cej) na 10 sekund. \u2022 Po zako\u0144czeniu resetowania zauwa\u017cysz, \u017ce lampki na modemie zmieni\u0105 si\u0119. Zapoznaj si\u0119 z poni\u017csz\u0105 tabel\u0105, aby zapozna\u0107 si\u0119 ze znaczeniami \u015bwiate\u0142: &#8211; BRAK SWAT\u0141A: brak zasilania [&hellip;]<\/p>\n","protected":false},"author":1,"featured_media":0,"parent":0,"menu_order":0,"comment_status":"closed","ping_status":"closed","template":"","meta":{"_acf_changed":false,"site-sidebar-layout":"no-sidebar","site-content-layout":"page-builder","ast-site-content-layout":"default","site-content-style":"default","site-sidebar-style":"default","ast-global-header-display":"","ast-banner-title-visibility":"","ast-main-header-display":"","ast-hfb-above-header-display":"","ast-hfb-below-header-display":"","ast-hfb-mobile-header-display":"","site-post-title":"disabled","ast-breadcrumbs-content":"","ast-featured-img":"disabled","footer-sml-layout":"","ast-disable-related-posts":"","theme-transparent-header-meta":"","adv-header-id-meta":"","stick-header-meta":"","header-above-stick-meta":"","header-main-stick-meta":"","header-below-stick-meta":"","astra-migrate-meta-layouts":"default","ast-page-background-enabled":"default","ast-page-background-meta":{"desktop":{"background-color":"","background-image":"","background-repeat":"repeat","background-position":"center center","background-size":"auto","background-attachment":"scroll","background-type":"","background-media":"","overlay-type":"","overlay-color":"","overlay-opacity":"","overlay-gradient":""},"tablet":{"background-color":"","background-image":"","background-repeat":"repeat","background-position":"center center","background-size":"auto","background-attachment":"scroll","background-type":"","background-media":"","overlay-type":"","overlay-color":"","overlay-opacity":"","overlay-gradient":""},"mobile":{"background-color":"","background-image":"","background-repeat":"repeat","background-position":"center center","background-size":"auto","background-attachment":"scroll","background-type":"","background-media":"","overlay-type":"","overlay-color":"","overlay-opacity":"","overlay-gradient":""}},"ast-content-background-meta":{"desktop":{"background-color":"var(--ast-global-color-5)","background-image":"","background-repeat":"repeat","background-position":"center center","background-size":"auto","background-attachment":"scroll","background-type":"","background-media":"","overlay-type":"","overlay-color":"","overlay-opacity":"","overlay-gradient":""},"tablet":{"background-color":"var(--ast-global-color-5)","background-image":"","background-repeat":"repeat","background-position":"center center","background-size":"auto","background-attachment":"scroll","background-type":"","background-media":"","overlay-type":"","overlay-color":"","overlay-opacity":"","overlay-gradient":""},"mobile":{"background-color":"var(--ast-global-color-5)","background-image":"","background-repeat":"repeat","background-position":"center center","background-size":"auto","background-attachment":"scroll","background-type":"","background-media":"","overlay-type":"","overlay-color":"","overlay-opacity":"","overlay-gradient":""}},"footnotes":""},"class_list":["post-3438","page","type-page","status-publish","hentry"],"acf":[],"_links":{"self":[{"href":"https:\/\/brdy.com\/pl\/wp-json\/wp\/v2\/pages\/3438","targetHints":{"allow":["GET"]}}],"collection":[{"href":"https:\/\/brdy.com\/pl\/wp-json\/wp\/v2\/pages"}],"about":[{"href":"https:\/\/brdy.com\/pl\/wp-json\/wp\/v2\/types\/page"}],"author":[{"embeddable":true,"href":"https:\/\/brdy.com\/pl\/wp-json\/wp\/v2\/users\/1"}],"replies":[{"embeddable":true,"href":"https:\/\/brdy.com\/pl\/wp-json\/wp\/v2\/comments?post=3438"}],"version-history":[{"count":4,"href":"https:\/\/brdy.com\/pl\/wp-json\/wp\/v2\/pages\/3438\/revisions"}],"predecessor-version":[{"id":3522,"href":"https:\/\/brdy.com\/pl\/wp-json\/wp\/v2\/pages\/3438\/revisions\/3522"}],"wp:attachment":[{"href":"https:\/\/brdy.com\/pl\/wp-json\/wp\/v2\/media?parent=3438"}],"curies":[{"name":"wp","href":"https:\/\/api.w.org\/{rel}","templated":true}]}}