{"id":3430,"date":"2023-07-03T09:38:51","date_gmt":"2023-07-03T07:38:51","guid":{"rendered":"https:\/\/brdy.com\/pl\/polityka-uczciwego-korzystania\/"},"modified":"2023-08-08T13:29:11","modified_gmt":"2023-08-08T13:29:11","slug":"polityka-uczciwego-korzystania","status":"publish","type":"page","link":"https:\/\/brdy.com\/pl\/polityka-uczciwego-korzystania\/","title":{"rendered":"Polityka uczciwego korzystania"},"content":{"rendered":"\t\t<div data-elementor-type=\"wp-page\" data-elementor-id=\"3430\" class=\"elementor elementor-3430 elementor-2182\" data-elementor-post-type=\"page\">\n\t\t\t\t\t\t<section class=\"elementor-section elementor-top-section elementor-element elementor-element-fde715c elementor-section-boxed elementor-section-height-default elementor-section-height-default\" data-id=\"fde715c\" data-element_type=\"section\" data-e-type=\"section\">\n\t\t\t\t\t\t<div class=\"elementor-container elementor-column-gap-default\">\n\t\t\t\t\t<div class=\"elementor-column elementor-col-100 elementor-top-column elementor-element elementor-element-93f38e2\" data-id=\"93f38e2\" data-element_type=\"column\" data-e-type=\"column\">\n\t\t\t<div class=\"elementor-widget-wrap elementor-element-populated\">\n\t\t\t\t\t\t<div class=\"elementor-element elementor-element-346fccb eael-dual-header-content-align-center elementor-widget elementor-widget-eael-dual-color-header\" data-id=\"346fccb\" data-element_type=\"widget\" data-e-type=\"widget\" data-widget_type=\"eael-dual-color-header.default\">\n\t\t\t\t<div class=\"elementor-widget-container\">\n\t\t\t\t\t\t\t\t<div class=\"eael-dual-header\">\n\t\t\t\t<h2 class=\"title eael-dch-title\"><span class=\"eael-dch-title-text eael-dch-title-lead lead solid-color\">Polityka uczciwego<\/span> <span class=\"eael-dch-title-text\">korzystania<\/span><\/h2>\t\t\t<\/div>\n\n\t\t\t\t\t\t<\/div>\n\t\t\t\t<\/div>\n\t\t\t\t<div class=\"elementor-element elementor-element-e8d8988 elementor-widget elementor-widget-text-editor\" data-id=\"e8d8988\" data-element_type=\"widget\" data-e-type=\"widget\" data-widget_type=\"text-editor.default\">\n\t\t\t\t<div class=\"elementor-widget-container\">\n\t\t\t\t\t\t\t\t\t<p><strong>Przegl\u0105d <\/strong><\/p>\n<p><span data-contrast=\"none\">\u015awiadczymy satelitarne us\u0142ugi szerokopasmowe, kt\u00f3re s\u0105 w\u0142asno\u015bci\u0105 i s\u0105 zarz\u0105dzane przez firm\u0119 Viasat Inc.<\/span><span data-ccp-props=\"{\"134233117\":true,\"134233118\":true,\"201341983\":0,\"335559739\":160,\"335559740\":240}\"> <\/span><\/p>\n<p><span data-contrast=\"none\">Brdy odpowiada za wszystkie us\u0142ugi naziemne bezpo\u015brednio zwi\u0105zane z klientem. np. sprzeda\u017cy, rozlicze\u0144, wsparcia, instalacji i logistyki. <\/span><span data-ccp-props=\"{\"134233117\":true,\"134233118\":true,\"201341983\":0,\"335559739\":160,\"335559740\":240}\"> <\/span><\/p>\n<p><span data-contrast=\"none\">Podobnie jak wi\u0119kszo\u015b\u0107 krajowych naziemnych us\u0142ug szerokopasmowych, \u201eSie\u0107\u201d jest sieci\u0105 wsp\u00f3\u0142dzielon\u0105 i dostosowan\u0105 do wszelkich stara\u0144; w dowolnym momencie abonenci na danym obszarze geograficznym musz\u0105 dzieli\u0107 dost\u0119pn\u0105 przepustowo\u015b\u0107 sieci.<\/span><span data-ccp-props=\"{\"134233117\":true,\"134233118\":true,\"201341983\":0,\"335559739\":160,\"335559740\":240}\"> <\/span><\/p>\n<p><span data-contrast=\"none\">Naszym celem jest zapewnienie ka\u017cdemu abonentowi \u201esprawiedliwej cz\u0119\u015bci\u201d tej przepustowo\u015bci, przy jednoczesnym zapewnieniu wszystkim abonentom wysokiej jako\u015bci korzystania z Internetu. Je\u015bli przekroczysz szczytowe wykorzystanie lub progi miesi\u0119czne, powiniene\u015b spodziewa\u0107 si\u0119 spowolnienia us\u0142ugi, zw\u0142aszcza w godzinach szczytu, aby umo\u017cliwi\u0107 sprawiedliwy dost\u0119p innym u\u017cytkownikom o ni\u017cszym poziomie. Mo\u017cesz okre\u015bli\u0107, czy FUP\/zarz\u0105dzanie ruchem ma wp\u0142yw na Twoj\u0105 us\u0142ug\u0119 za po\u015brednictwem  <\/span><a href=\"https:\/\/mysatelliteportal.com\/en-US\/SignIn?ReturnUrl=\/profile\"><span data-contrast=\"none\">portalu klienta<\/span><\/a><span data-contrast=\"none\">.<\/span><span data-ccp-props=\"{\"134233117\":true,\"134233118\":true,\"201341983\":0,\"335559739\":160,\"335559740\":240}\"> <\/span><\/p>\n<p><span data-contrast=\"none\">Stosujemy praktyki zarz\u0105dzania sieci\u0105 maj\u0105ce na celu uniemo\u017cliwienie u\u017cytkownikowi na\u0142o\u017cenia nieproporcjonalnego zapotrzebowania na zasoby sieciowe. Niekt\u00f3re z tych praktyk s\u0105 stosowane tylko wtedy, gdy sie\u0107 jest przeci\u0105\u017cona; inne s\u0105 u\u017cywane bardziej og\u00f3lnie. <\/span><span data-ccp-props=\"{\"134233117\":true,\"134233118\":true,\"201341983\":0,\"335559739\":160,\"335559740\":240}\"> <\/span><\/p>\n<p><span data-contrast=\"none\">Poziomy ruchu w sieci zwykle nie maj\u0105 znacz\u0105cego wp\u0142ywu na wra\u017cenia u\u017cytkownika. Jednak w innych przypadkach zbyt du\u017ce zapotrzebowanie ze strony zbyt wielu u\u017cytkownik\u00f3w w tym samym okresie mo\u017ce prowadzi\u0107 do przeci\u0105\u017cenia (\u201eprzeci\u0105\u017cenia\u201d), w kt\u00f3rym ca\u0142kowite zapotrzebowanie przekracza dost\u0119pne w sieci. <\/span><span data-ccp-props=\"{\"134233117\":true,\"134233118\":true,\"201341983\":0,\"335559739\":160,\"335559740\":240}\"> <\/span><\/p>\n<p><span data-contrast=\"none\">W tych okresach praktyki zarz\u0105dzania ograniczeniami (wi\u0119cej szczeg\u00f3\u0142\u00f3w w Cz\u0119\u015bci II) b\u0119d\u0105 stosowane w pierwszej kolejno\u015bci do u\u017cytkownik\u00f3w, kt\u00f3rzy wykorzystali ju\u017c ponad 50% ruchu uwzgl\u0119dnionego w ich Profilu zu\u017cycia. Poprzez t\u0119 praktyk\u0119 d\u0105\u017cymy do traktowania ruchu w spos\u00f3b, kt\u00f3ry zmniejsza wp\u0142yw na wra\u017cenia u\u017cytkownika i zapobiega przekroczeniu przez abonenta jego \u201esprawiedliwej cz\u0119\u015bci\u201d dost\u0119pnej przepustowo\u015bci. <\/span><span data-ccp-props=\"{\"134233117\":true,\"134233118\":true,\"201341983\":0,\"335559739\":160,\"335559740\":240}\"> <\/span><\/p>\n<p><span data-contrast=\"none\">Celem tych \u015brodk\u00f3w jest, aby zdecydowana wi\u0119kszo\u015b\u0107 u\u017cytkownik\u00f3w cieszy\u0142a si\u0119 lepszym og\u00f3lnym do\u015bwiadczeniem w zakresie us\u0142ug ni\u017c bez tych praktyk.<\/span><span data-ccp-props=\"{\"134233117\":true,\"134233118\":true,\"201341983\":0,\"335559739\":160,\"335559740\":240}\"> <\/span><\/p>\n<p><b><span data-contrast=\"none\">PRAKTYKI ZARZ\u0104DZANIA PRZECI\u0104\u017bENIAMI<\/span><\/b><\/p>\n<p><b style=\"font-style: inherit;\"><span data-contrast=\"none\">A. Om\u00f3wienie zarz\u0105dzania przeci\u0105\u017ceniami<\/span><\/b><\/p>\n<p><span data-contrast=\"none\">W normalnych warunkach ruchu nie jest konieczne stosowanie praktyk zarz\u0105dzania przeci\u0105\u017ceniami. Jednak chocia\u017c przepustowo\u015b\u0107 sieci jest du\u017ca, nie jest nieograniczona. Oznacza to, \u017ce pewne przeci\u0105\u017cenia w niekt\u00f3rych godzinach szczytu s\u0105 nieuniknione \u2013 i wtedy praktyki zarz\u0105dzania przeci\u0105\u017ceniami zapewniaj\u0105 zarz\u0105dzanie obci\u0105\u017ceniem w celu zapewnienia jak najlepszych wra\u017ce\u0144 wi\u0119kszo\u015bci os\u00f3b korzystaj\u0105cych z sieci.  <\/span><span data-ccp-props=\"{\"134233117\":true,\"134233118\":true,\"201341983\":0,\"335559739\":160,\"335559740\":240}\"> <\/span><\/p>\n<p><span data-contrast=\"none\">Przeci\u0105\u017cenie zwykle wyst\u0119puje w \u0142\u0105czu mi\u0119dzy terminalem abonenckim a naziemn\u0105 stacj\u0105 bramkow\u0105 za po\u015brednictwem satelity. W celu okre\u015blenia, czy \u0142\u0105cze jest przeci\u0105\u017cone, ruch jest monitorowany w ka\u017cdym kanale wi\u0105zki punktowej. Je\u017celi chwilowe obci\u0105\u017cenie ruchem przekracza dost\u0119pn\u0105 przepustowo\u015b\u0107 kana\u0142u wi\u0105zki punktowej, realizowany jest opisany poni\u017cej algorytm zarz\u0105dzania przeci\u0105\u017ceniami.  <\/span><\/p>\n<p><b style=\"font-style: inherit;\"><span data-contrast=\"none\">B. \u0141agodzenie wp\u0142ywu przeci\u0105\u017cenia sieci na wra\u017cenia u\u017cytkownika<\/span><\/b><\/p>\n<p><span data-contrast=\"none\">Ruch internetowy ma zwykle charakter \u201ewybuchowy\u201d, tj. przep\u0142ywy ruchu na og\u00f3\u0142 nie s\u0105 sta\u0142e ani ci\u0105g\u0142e, ale raczej charakteryzuj\u0105 si\u0119 \u201ewybuchami\u201d danych. Czasami zbyt du\u017ce zapotrzebowanie ze strony zbyt wielu u\u017cytkownik\u00f3w w tym samym okresie w danym kanale wi\u0105zki punktowej powoduje, \u017ce ca\u0142kowite chwilowe zapotrzebowanie na przepustowo\u015b\u0107 chwilowo przekracza przepustowo\u015b\u0107 dost\u0119pn\u0105 w kanale. <\/span><span data-ccp-props=\"{\"134233117\":true,\"134233118\":true,\"201341983\":0,\"335559739\":160,\"335559740\":240}\"> <\/span><\/p>\n<p><span data-contrast=\"none\">W takich przypadkach Sie\u0107 mo\u017ce do\u015bwiadcza\u0107 przeci\u0105\u017cenia. Przeci\u0105\u017cenie najcz\u0119\u015bciej wyst\u0119puje w godzinach \u201eszczytowego\u201d u\u017cytkowania Sieci, kt\u00f3re generalnie mo\u017cna oczekiwa\u0107 od oko\u0142o 17:00 do 00:00 czasu lokalnego w lokalizacji u\u017cytkownika, w zale\u017cno\u015bci od dnia tygodnia (\u201eGodziny szczytu\u201d). <\/span><span data-ccp-props=\"{\"134233117\":true,\"134233118\":true,\"201341983\":0,\"335559739\":160,\"335559740\":240}\"> <\/span><\/p>\n<p><span data-contrast=\"none\">Przeci\u0105\u017cenie mo\u017ce r\u00f3wnie\u017c wyst\u0105pi\u0107 w pewnych okresach, gdy korzystanie jest \u201enieopomiarowane\u201d (np. \u201enocna strefa wolna\u201d).<\/span><span data-ccp-props=\"{\"134233117\":true,\"134233118\":true,\"201341983\":0,\"335559739\":160,\"335559740\":240}\"> <\/span><\/p>\n<p><span data-contrast=\"none\">Przeci\u0105\u017cenia i wynikaj\u0105ce z nich op\u00f3\u017anienia w transmisji maj\u0105 wi\u0119kszy wp\u0142yw na wra\u017cenia u\u017cytkownika w przypadku niekt\u00f3rych typ\u00f3w aplikacji ni\u017c innych. Na przyk\u0142ad op\u00f3\u017anienie w renderowaniu strony internetowej mo\u017ce by\u0107 zauwa\u017calne dla u\u017cytkownika czekaj\u0105cego na wy\u015bwietlenie tre\u015bci na ekranie. Z drugiej strony, u\u017cytkownik pobieraj\u0105cy plik zbiorczy (np. aktualizacj\u0119 oprogramowania) mo\u017ce mie\u0107 mniejszy wp\u0142yw, je\u015bli pobieranie trwa d\u0142u\u017cej podczas przeci\u0105\u017cenia ni\u017c w innym przypadku, poniewa\u017c subskrybent mo\u017ce ju\u017c wiedzie\u0107, \u017ce pobieranie wymaga troch\u0119 czasu.  <\/span><span data-ccp-props=\"{\"134233117\":true,\"134233118\":true,\"201341983\":0,\"335559739\":160,\"335559740\":240}\"> <\/span><\/p>\n<p><span data-contrast=\"none\">Klienci powinni r\u00f3wnie\u017c mie\u0107 \u015bwiadomo\u015b\u0107, \u017ce sam publiczny Internet cierpi z powodu cz\u0119stych w\u0105skich garde\u0142 i zator\u00f3w, a je\u015bli u\u017cytkownicy do\u015bwiadczaj\u0105 \u201epowolno\u015bci\u201d, nie nale\u017cy automatycznie zak\u0142ada\u0107, \u017ce jest to zwi\u0105zane z zatorami w sieci.<\/span><span data-ccp-props=\"{\"134233117\":true,\"134233118\":true,\"201341983\":0,\"335559739\":160,\"335559740\":240}\"> <\/span><\/p>\n<p><span data-contrast=\"none\">Naszym celem jest zarz\u0105dzanie sieci\u0105 w taki spos\u00f3b, aby zminimalizowa\u0107 wp\u0142yw przeci\u0105\u017cenia na ruch. Aby osi\u0105gn\u0105\u0107 ten cel, algorytm zarz\u0105dzania przeci\u0105\u017ceniami ma na celu zmniejszenie obci\u0105\u017cenia ruchem, daj\u0105c pierwsze\u0144stwo us\u0142ugom i aplikacjom wymagaj\u0105cym mniejszej przepustowo\u015bci transmisji, takim jak przegl\u0105danie stron internetowych i poczta e-mail. <\/span><span data-ccp-props=\"{\"134233117\":true,\"134233118\":true,\"201341983\":0,\"335559739\":160,\"335559740\":240}\"> <\/span><\/p>\n<p><span data-contrast=\"none\">W okresach przeci\u0105\u017cenia aplikacje wymagaj\u0105ce du\u017cej przepustowo\u015bci, takie jak strumieniowe przesy\u0142anie wideo i pobieranie plik\u00f3w, mog\u0105 mie\u0107 wi\u0119kszy wp\u0142yw ni\u017c inne aplikacje. W rezultacie jako\u015b\u0107 strumieniowego przesy\u0142ania wideo mo\u017ce ulec pogorszeniu i\/lub mo\u017ce wyst\u0105pi\u0107 buforowanie. Ponadto pobieranie plik\u00f3w mo\u017ce trwa\u0107 d\u0142u\u017cej w okresach przeci\u0105\u017cenia.  <\/span><span data-ccp-props=\"{\"134233117\":true,\"134233118\":true,\"201341983\":0,\"335559739\":160,\"335559740\":240}\"> <\/span><\/p>\n<p><span data-contrast=\"none\">Przy powa\u017cniejszym przeci\u0105\u017ceniu mo\u017ce by\u0107 konieczne spowolnienie wszystkich aplikacji, aw takich przypadkach czas pobierania stron internetowych mo\u017ce trwa\u0107 d\u0142u\u017cej. Pomimo tego, \u017ce nie jeste\u015bmy w \u017caden spos\u00f3b zaanga\u017cowani w informacje przekazywane za po\u015brednictwem Sieci, na konkretne \u017c\u0105danie Organu Publicznego mo\u017cemy zablokowa\u0107 dost\u0119p do okre\u015blonych adres\u00f3w URL. <\/span><span data-ccp-props=\"{\"134233117\":true,\"134233118\":true,\"201341983\":0,\"335559739\":160,\"335559740\":240}\"> <\/span><\/p>\n<p><span data-contrast=\"none\">Nie blokujemy celowo \u017cadnej okre\u015blonej formy ruchu (chyba \u017ce jest to wyra\u017anie okre\u015blone w charakterystyce danego profilu us\u0142ugi), ale mo\u017cemy blokowa\u0107 okre\u015blone porty TCP\/UDP i\/lub okre\u015blone protoko\u0142y, co do kt\u00f3rych mamy uzasadnione przekonanie, \u017ce mog\u0105 stanowi\u0107 zagro\u017cenie dla bezpiecze\u0144stwa Sieci.<\/span><\/p>\n<p><b style=\"font-style: inherit;\"><span data-contrast=\"none\">C. Intensywni u\u017cytkownicy<\/span><\/b><\/p>\n<p><span data-contrast=\"none\">\u201eHeavy User\u201d to u\u017cytkownik (lub niewielka grupa u\u017cytkownik\u00f3w) zu\u017cywaj\u0105cy nieproporcjonalnie du\u017co zasob\u00f3w Sieci. B\u0119dziemy monitorowa\u0107 zar\u00f3wno og\u00f3ln\u0105 wydajno\u015b\u0107 Sieci, jak i indywidualne zu\u017cycie zasob\u00f3w, aby okre\u015bli\u0107, czy jakikolwiek u\u017cytkownik jest U\u017cytkownikiem Ci\u0119\u017ckim, kt\u00f3ry mo\u017ce potencjalnie zak\u0142\u00f3ci\u0107 lub pogorszy\u0107 dzia\u0142anie Sieci i\/lub korzystanie z niej przez innych u\u017cytkownik\u00f3w. <\/span><span data-ccp-props=\"{\"134233117\":true,\"134233118\":true,\"201341983\":0,\"335559739\":160,\"335559740\":240}\"> <\/span><\/p>\n<p><span data-contrast=\"none\">Zastrzegamy sobie prawo do natychmiastowego ograniczenia, zawieszenia lub zamkni\u0119cia Kont us\u0142ug U\u017cytkownik\u00f3w ci\u0119\u017ckich bez dalszego powiadomienia.<\/span><span data-ccp-props=\"{\"134233117\":true,\"134233118\":true,\"201341983\":0,\"335559739\":160,\"335559740\":240}\"> <\/span><\/p>\n<p><b><span data-contrast=\"none\">PRZEGL\u0104DANIE SIECI I E-MAIL<\/span><\/b><span data-ccp-props=\"{\"134233117\":true,\"134233118\":true,\"201341983\":0,\"335559739\":160,\"335559740\":240}\"> <\/span><\/p>\n<p><span data-contrast=\"none\">W okresie ograniczenia us\u0142ugi, aby mie\u0107 pewno\u015b\u0107, \u017ce w pe\u0142ni korzystasz z przegl\u0105dania stron internetowych i poczty e-mail, u\u017cytkownik musi przestrzega\u0107 wszystkich poni\u017cszych wskaz\u00f3wek (w przeciwnym razie \u017cadna us\u0142uga nie b\u0119dzie dost\u0119pna):<\/span><span data-ccp-props=\"{\"134233117\":true,\"134233118\":true,\"201341983\":0,\"335559739\":160,\"335559740\":240}\"> <\/span><\/p>\n<ul>\n<li data-leveltext=\"\uf0b7\" data-font=\"Symbol\" data-listid=\"1\" data-list-defn-props=\"{\"335552541\":1,\"335559684\":-2,\"335559685\":720,\"335559991\":360,\"469769226\":\"Symbol\",\"469769242\":[8226],\"469777803\":\"left\",\"469777804\":\"\uf0b7\",\"469777815\":\"multilevel\"}\" aria-setsize=\"-1\" data-aria-posinset=\"1\" data-aria-level=\"1\"><span data-contrast=\"none\">\u2022 Wirtualna sie\u0107 prywatna (VPN) i oprogramowanie do zdalnego dost\u0119pu musz\u0105 by\u0107 wy\u0142\u0105czone;<\/span><span data-ccp-props=\"{\"134233117\":true,\"134233118\":true,\"201341983\":0,\"335559739\":160,\"335559740\":240}\"> <\/span><\/li>\n<\/ul>\n<ul>\n<li data-leveltext=\"\uf0b7\" data-font=\"Symbol\" data-listid=\"1\" data-list-defn-props=\"{\"335552541\":1,\"335559684\":-2,\"335559685\":720,\"335559991\":360,\"469769226\":\"Symbol\",\"469769242\":[8226],\"469777803\":\"left\",\"469777804\":\"\uf0b7\",\"469777815\":\"multilevel\"}\" aria-setsize=\"-1\" data-aria-posinset=\"1\" data-aria-level=\"1\"><span data-contrast=\"none\">\u2022 Nale\u017cy u\u017cy\u0107 aplikacji przegl\u0105darki internetowej. Tylko zawarto\u015b\u0107 statyczna (nie wideo, niemuzyczna) wy\u015bwietlana w aplikacji strony internetowej kwalifikuje si\u0119 jako przegl\u0105danie sieci i\/lub poczta e-mail. Tre\u015bci przegl\u0105dane w innych aplikacjach nie mog\u0105 by\u0107 uwa\u017cane za strony internetowe ani wiadomo\u015bci e-mail (np. aplikacje na Androida, iPhone&#8217;a lub iPada inne ni\u017c przegl\u0105darki internetowe);  <\/span><span data-ccp-props=\"{\"134233117\":true,\"134233118\":true,\"201341983\":0,\"335559739\":160,\"335559740\":240}\"> <\/span><\/li>\n<li data-leveltext=\"\uf0b7\" data-font=\"Symbol\" data-listid=\"1\" data-list-defn-props=\"{\"335552541\":1,\"335559684\":-2,\"335559685\":720,\"335559991\":360,\"469769226\":\"Symbol\",\"469769242\":[8226],\"469777803\":\"left\",\"469777804\":\"\uf0b7\",\"469777815\":\"multilevel\"}\" aria-setsize=\"-1\" data-aria-posinset=\"2\" data-aria-level=\"1\"><span data-contrast=\"none\">\u2022 Adresy URL przegl\u0105darki internetowej musz\u0105 zaczyna\u0107 si\u0119 od http:\/\/ lub https:\/\/. Oznacza to, \u017ce ftp:\/\/ i inne rodzaje witryn, kt\u00f3re uruchamiaj\u0105 zewn\u0119trzne aplikacje, nie b\u0119d\u0105 klasyfikowane jako ruch sieciowy;<\/span><span data-ccp-props=\"{\"134233117\":true,\"134233118\":true,\"201341983\":0,\"335559739\":160,\"335559740\":240}\"> <\/span><\/li>\n<li data-leveltext=\"\uf0b7\" data-font=\"Symbol\" data-listid=\"1\" data-list-defn-props=\"{\"335552541\":1,\"335559684\":-2,\"335559685\":720,\"335559991\":360,\"469769226\":\"Symbol\",\"469769242\":[8226],\"469777803\":\"left\",\"469777804\":\"\uf0b7\",\"469777815\":\"multilevel\"}\" aria-setsize=\"-1\" data-aria-posinset=\"3\" data-aria-level=\"1\"><span data-contrast=\"none\">\u2022 Za\u0142\u0105czniki wiadomo\u015bci e-mail nie mog\u0105 przekracza\u0107 rozmiaru 10 MB.<\/span><span data-ccp-props=\"{\"134233117\":true,\"134233118\":true,\"201341983\":0,\"335559739\":160,\"335559740\":240}\"> <\/span><\/li>\n<\/ul>\n<p><span data-ccp-props=\"{\"201341983\":0,\"335559739\":160,\"335559740\":259}\"> <\/span><\/p>\n\t\t\t\t\t\t\t\t<\/div>\n\t\t\t\t<\/div>\n\t\t\t\t\t<\/div>\n\t\t<\/div>\n\t\t\t\t\t<\/div>\n\t\t<\/section>\n\t\t\t\t<\/div>\n\t\t","protected":false},"excerpt":{"rendered":"<p>Polityka uczciwego korzystania Przegl\u0105d \u015awiadczymy satelitarne us\u0142ugi szerokopasmowe, kt\u00f3re s\u0105 w\u0142asno\u015bci\u0105 i s\u0105 zarz\u0105dzane przez firm\u0119 Viasat Inc. Brdy odpowiada za wszystkie us\u0142ugi naziemne bezpo\u015brednio zwi\u0105zane z klientem. np. sprzeda\u017cy, rozlicze\u0144, wsparcia, instalacji i logistyki. Podobnie jak wi\u0119kszo\u015b\u0107 krajowych naziemnych us\u0142ug szerokopasmowych, \u201eSie\u0107\u201d jest sieci\u0105 wsp\u00f3\u0142dzielon\u0105 i dostosowan\u0105 do wszelkich stara\u0144; w dowolnym momencie abonenci [&hellip;]<\/p>\n","protected":false},"author":1,"featured_media":0,"parent":0,"menu_order":0,"comment_status":"closed","ping_status":"closed","template":"","meta":{"_acf_changed":false,"site-sidebar-layout":"no-sidebar","site-content-layout":"page-builder","ast-site-content-layout":"default","site-content-style":"default","site-sidebar-style":"default","ast-global-header-display":"","ast-banner-title-visibility":"","ast-main-header-display":"","ast-hfb-above-header-display":"","ast-hfb-below-header-display":"","ast-hfb-mobile-header-display":"","site-post-title":"disabled","ast-breadcrumbs-content":"","ast-featured-img":"disabled","footer-sml-layout":"","ast-disable-related-posts":"","theme-transparent-header-meta":"","adv-header-id-meta":"","stick-header-meta":"","header-above-stick-meta":"","header-main-stick-meta":"","header-below-stick-meta":"","astra-migrate-meta-layouts":"default","ast-page-background-enabled":"default","ast-page-background-meta":{"desktop":{"background-color":"","background-image":"","background-repeat":"repeat","background-position":"center center","background-size":"auto","background-attachment":"scroll","background-type":"","background-media":"","overlay-type":"","overlay-color":"","overlay-opacity":"","overlay-gradient":""},"tablet":{"background-color":"","background-image":"","background-repeat":"repeat","background-position":"center center","background-size":"auto","background-attachment":"scroll","background-type":"","background-media":"","overlay-type":"","overlay-color":"","overlay-opacity":"","overlay-gradient":""},"mobile":{"background-color":"","background-image":"","background-repeat":"repeat","background-position":"center center","background-size":"auto","background-attachment":"scroll","background-type":"","background-media":"","overlay-type":"","overlay-color":"","overlay-opacity":"","overlay-gradient":""}},"ast-content-background-meta":{"desktop":{"background-color":"var(--ast-global-color-5)","background-image":"","background-repeat":"repeat","background-position":"center center","background-size":"auto","background-attachment":"scroll","background-type":"","background-media":"","overlay-type":"","overlay-color":"","overlay-opacity":"","overlay-gradient":""},"tablet":{"background-color":"var(--ast-global-color-5)","background-image":"","background-repeat":"repeat","background-position":"center center","background-size":"auto","background-attachment":"scroll","background-type":"","background-media":"","overlay-type":"","overlay-color":"","overlay-opacity":"","overlay-gradient":""},"mobile":{"background-color":"var(--ast-global-color-5)","background-image":"","background-repeat":"repeat","background-position":"center center","background-size":"auto","background-attachment":"scroll","background-type":"","background-media":"","overlay-type":"","overlay-color":"","overlay-opacity":"","overlay-gradient":""}},"footnotes":""},"class_list":["post-3430","page","type-page","status-publish","hentry"],"acf":[],"_links":{"self":[{"href":"https:\/\/brdy.com\/pl\/wp-json\/wp\/v2\/pages\/3430","targetHints":{"allow":["GET"]}}],"collection":[{"href":"https:\/\/brdy.com\/pl\/wp-json\/wp\/v2\/pages"}],"about":[{"href":"https:\/\/brdy.com\/pl\/wp-json\/wp\/v2\/types\/page"}],"author":[{"embeddable":true,"href":"https:\/\/brdy.com\/pl\/wp-json\/wp\/v2\/users\/1"}],"replies":[{"embeddable":true,"href":"https:\/\/brdy.com\/pl\/wp-json\/wp\/v2\/comments?post=3430"}],"version-history":[{"count":1,"href":"https:\/\/brdy.com\/pl\/wp-json\/wp\/v2\/pages\/3430\/revisions"}],"predecessor-version":[{"id":3431,"href":"https:\/\/brdy.com\/pl\/wp-json\/wp\/v2\/pages\/3430\/revisions\/3431"}],"wp:attachment":[{"href":"https:\/\/brdy.com\/pl\/wp-json\/wp\/v2\/media?parent=3430"}],"curies":[{"name":"wp","href":"https:\/\/api.w.org\/{rel}","templated":true}]}}