{"id":3426,"date":"2023-07-03T09:34:57","date_gmt":"2023-07-03T09:34:57","guid":{"rendered":"https:\/\/brdy.com\/pl\/optymalizacja-danych\/"},"modified":"2023-08-08T13:18:22","modified_gmt":"2023-08-08T13:18:22","slug":"optymalizacja-danych","status":"publish","type":"page","link":"https:\/\/brdy.com\/pl\/optymalizacja-danych\/","title":{"rendered":"Optymalizacja danych"},"content":{"rendered":"\t\t<div data-elementor-type=\"wp-page\" data-elementor-id=\"3426\" class=\"elementor elementor-3426 elementor-2173\" data-elementor-post-type=\"page\">\n\t\t\t\t\t\t<section class=\"elementor-section elementor-top-section elementor-element elementor-element-2709fba elementor-section-boxed elementor-section-height-default elementor-section-height-default\" data-id=\"2709fba\" data-element_type=\"section\" data-e-type=\"section\" data-settings=\"{&quot;background_background&quot;:&quot;classic&quot;}\">\n\t\t\t\t\t\t<div class=\"elementor-container elementor-column-gap-default\">\n\t\t\t\t\t<div class=\"elementor-column elementor-col-100 elementor-top-column elementor-element elementor-element-06f2a20\" data-id=\"06f2a20\" data-element_type=\"column\" data-e-type=\"column\">\n\t\t\t<div class=\"elementor-widget-wrap elementor-element-populated\">\n\t\t\t\t\t\t<section class=\"elementor-section elementor-inner-section elementor-element elementor-element-6e1302e elementor-section-boxed elementor-section-height-default elementor-section-height-default\" data-id=\"6e1302e\" data-element_type=\"section\" data-e-type=\"section\">\n\t\t\t\t\t\t<div class=\"elementor-container elementor-column-gap-default\">\n\t\t\t\t\t<div class=\"elementor-column elementor-col-100 elementor-inner-column elementor-element elementor-element-60d81eb\" data-id=\"60d81eb\" data-element_type=\"column\" data-e-type=\"column\">\n\t\t\t<div class=\"elementor-widget-wrap elementor-element-populated\">\n\t\t\t\t\t\t<div class=\"elementor-element elementor-element-9ca2e82 eael-dual-header-content-align-center elementor-widget elementor-widget-eael-dual-color-header\" data-id=\"9ca2e82\" data-element_type=\"widget\" data-e-type=\"widget\" data-widget_type=\"eael-dual-color-header.default\">\n\t\t\t\t<div class=\"elementor-widget-container\">\n\t\t\t\t\t\t\t\t<div class=\"eael-dual-header\">\n\t\t\t\t<h2 class=\"title eael-dch-title\"><span class=\"eael-dch-title-text eael-dch-title-lead lead solid-color\">Optymalizacja<\/span> <span class=\"eael-dch-title-text\">danych<\/span><\/h2>\t\t\t<\/div>\n\n\t\t\t\t\t\t<\/div>\n\t\t\t\t<\/div>\n\t\t\t\t\t<\/div>\n\t\t<\/div>\n\t\t\t\t\t<\/div>\n\t\t<\/section>\n\t\t\t\t<div class=\"elementor-element elementor-element-dd0c362 elementor-widget-divider--view-line elementor-widget elementor-widget-divider\" data-id=\"dd0c362\" data-element_type=\"widget\" data-e-type=\"widget\" data-widget_type=\"divider.default\">\n\t\t\t\t<div class=\"elementor-widget-container\">\n\t\t\t\t\t\t\t<div class=\"elementor-divider\">\n\t\t\t<span class=\"elementor-divider-separator\">\n\t\t\t\t\t\t<\/span>\n\t\t<\/div>\n\t\t\t\t\t\t<\/div>\n\t\t\t\t<\/div>\n\t\t\t\t<div class=\"elementor-element elementor-element-275afc2 elementor-widget elementor-widget-text-editor\" data-id=\"275afc2\" data-element_type=\"widget\" data-e-type=\"widget\" data-widget_type=\"text-editor.default\">\n\t\t\t\t<div class=\"elementor-widget-container\">\n\t\t\t\t\t\t\t\t\t<p><b><span data-contrast=\"none\">Fakty, wskaz\u00f3wki, sztuczki i porady ekspert\u00f3w dotycz\u0105ce wykorzystania danych<\/span><\/b> <br \/><span data-contrast=\"none\">Nasze ceny pakiet\u00f3w odzwierciedlaj\u0105 g\u0142\u00f3wnie r\u00f3\u017cne miesi\u0119czne pakiety danych. Uwa\u017camy, \u017ce jest to sprawiedliwe, poniewa\u017c ka\u017cdy mo\u017ce wybra\u0107 pakiet odpowiadaj\u0105cy sposobowi korzystania z Internetu. Tak wi\u0119c sporadyczni u\u017cytkownicy, kt\u00f3rzy przegl\u0105daj\u0105 internet i poczt\u0119 e-mail, p\u0142ac\u0105 znacznie mniej ni\u017c powiedzmy czteroosobowa rodzina z wieloma urz\u0105dzeniami lub ma\u0142a firma. Aby pom\u00f3c Ci jak najlepiej wykorzysta\u0107 us\u0142ug\u0119 Brdy, a tak\u017ce zrozumie\u0107, w jaki spos\u00f3b korzystanie z niej wp\u0142ywa na Twoje dane, oto kilka fakt\u00f3w i porad.   <\/span><span data-ccp-props=\"{\"134233117\":true,\"134233118\":true,\"201341983\":0,\"335559739\":160,\"335559740\":240}\"> <\/span><\/p>\n<p><b><span data-contrast=\"none\">Typowe zastosowania po\u0142\u0105czenia szerokopasmowego Brdy<\/span><\/b> <br \/><span data-contrast=\"none\">Poni\u017csza tabela pokazuje, ile danych zu\u017cywa Twoje po\u0142\u0105czenie szerokopasmowe Brdy podczas typowych czynno\u015bci. To tylko wskaz\u00f3wka, poniewa\u017c dok\u0142adne kwoty b\u0119d\u0105 zale\u017ce\u0107 od systemu operacyjnego, przegl\u0105darki i pobierania. <\/span><span data-ccp-props=\"{\"134233117\":true,\"134233118\":true,\"201341983\":0,\"335559739\":160,\"335559740\":240}\"> <\/span><\/p>\n\t\t\t\t\t\t\t\t<\/div>\n\t\t\t\t<\/div>\n\t\t\t\t<div class=\"elementor-element elementor-element-31827d4 elementor-widget elementor-widget-text-editor\" data-id=\"31827d4\" data-element_type=\"widget\" data-e-type=\"widget\" data-widget_type=\"text-editor.default\">\n\t\t\t\t<div class=\"elementor-widget-container\">\n\t\t\t\t\t\t\t\t\t<table style=\"font-weight: 400;\" data-tablestyle=\"MsoNormalTable\" data-tablelook=\"1184\" aria-rowcount=\"11\">\n<tbody>\n<tr aria-rowindex=\"1\">\n<td data-celllook=\"69905\">\n<p><b><span data-contrast=\"auto\">Action<\/span><\/b><span data-ccp-props=\"{\"201341983\":0,\"335559739\":0,\"335559740\":240}\"> <\/span><\/p>\n<\/td>\n<td data-celllook=\"69905\">\n<p><b><span data-contrast=\"auto\">Data used<\/span><\/b><span data-ccp-props=\"{\"201341983\":0,\"335559739\":0,\"335559740\":240}\"> <\/span><\/p>\n<\/td>\n<\/tr>\n<tr aria-rowindex=\"2\">\n<td data-celllook=\"69905\">\n<p><span data-contrast=\"none\">Email<\/span><span data-ccp-props=\"{\"201341983\":0,\"335559739\":0,\"335559740\":240}\"> <\/span><\/p>\n<\/td>\n<td data-celllook=\"69905\">\n<p><span data-contrast=\"none\">200 emails = 70MB (depending on <\/span><span data-ccp-props=\"{\"201341983\":0,\"335559739\":0,\"335559740\":240}\"> <\/span><\/p>\n<p><span data-contrast=\"none\">attachments)<\/span><span data-ccp-props=\"{\"201341983\":0,\"335559739\":0,\"335559740\":240}\"> <\/span><\/p>\n<\/td>\n<\/tr>\n<tr aria-rowindex=\"3\">\n<td data-celllook=\"69905\">\n<p><span data-contrast=\"none\">VoIP\/Skype<\/span><span data-ccp-props=\"{\"201341983\":0,\"335559739\":0,\"335559740\":240}\"> <\/span><\/p>\n<\/td>\n<td data-celllook=\"69905\">\n<p><span data-contrast=\"none\">Voice call = 0.73 MB\/min<\/span> <br \/><span data-contrast=\"none\">Video call = 2.12 MB\/min<\/span><span data-ccp-props=\"{\"201341983\":0,\"335559739\":0,\"335559740\":240}\"> <\/span><\/p>\n<\/td>\n<\/tr>\n<tr aria-rowindex=\"4\">\n<td data-celllook=\"69905\">\n<p><span data-contrast=\"none\">Web browsing<\/span><span data-ccp-props=\"{\"201341983\":0,\"335559739\":0,\"335559740\":240}\"> <\/span><\/p>\n<\/td>\n<td data-celllook=\"69905\">\n<p><span data-contrast=\"none\">20hrs = 1.5GB<\/span><span data-ccp-props=\"{\"201341983\":0,\"335559739\":0,\"335559740\":240}\"> <\/span><\/p>\n<\/td>\n<\/tr>\n<tr aria-rowindex=\"5\">\n<td data-celllook=\"69905\">\n<p><span data-contrast=\"none\">iTunes music download<\/span><span data-ccp-props=\"{\"201341983\":0,\"335559739\":0,\"335559740\":240}\"> <\/span><\/p>\n<\/td>\n<td data-celllook=\"69905\">\n<p><span data-contrast=\"none\">120MB per hour<\/span><span data-ccp-props=\"{\"201341983\":0,\"335559739\":0,\"335559740\":240}\"> <\/span><\/p>\n<\/td>\n<\/tr>\n<tr aria-rowindex=\"6\">\n<td data-celllook=\"69905\">\n<p><span data-contrast=\"none\">Low Definition movie download<\/span><span data-ccp-props=\"{\"201341983\":0,\"335559739\":0,\"335559740\":240}\"> <\/span><\/p>\n<\/td>\n<td data-celllook=\"69905\">\n<p><span data-contrast=\"none\">0.75GB per movie<\/span><span data-ccp-props=\"{\"201341983\":0,\"335559739\":0,\"335559740\":240}\"> <\/span><\/p>\n<\/td>\n<\/tr>\n<tr aria-rowindex=\"7\">\n<td data-celllook=\"69905\">\n<p><span data-contrast=\"none\">High Definition movie download<\/span><span data-ccp-props=\"{\"201341983\":0,\"335559739\":0,\"335559740\":240}\"> <\/span><\/p>\n<\/td>\n<td data-celllook=\"69905\">\n<p><span data-contrast=\"none\">3.5-4.5GB per movie<\/span><span data-ccp-props=\"{\"201341983\":0,\"335559739\":0,\"335559740\":240}\"> <\/span><\/p>\n<\/td>\n<\/tr>\n<tr aria-rowindex=\"8\">\n<td data-celllook=\"69905\">\n<p><span data-contrast=\"none\">Spotify<\/span><span data-ccp-props=\"{\"201341983\":0,\"335559739\":0,\"335559740\":240}\"> <\/span><\/p>\n<\/td>\n<td data-celllook=\"69905\">\n<p><span data-contrast=\"none\">7.25hrs = 1GB<\/span><span data-ccp-props=\"{\"201341983\":0,\"335559739\":0,\"335559740\":240}\"> <\/span><\/p>\n<\/td>\n<\/tr>\n<tr aria-rowindex=\"9\">\n<td data-celllook=\"69905\">\n<p><span data-contrast=\"none\">Catch-Up TV<\/span><span data-ccp-props=\"{\"201341983\":0,\"335559739\":0,\"335559740\":240}\"> <\/span><\/p>\n<\/td>\n<td data-celllook=\"69905\">\n<p><span data-contrast=\"none\">Normal 1hr = 0.75GB<\/span> <br \/><span data-contrast=\"none\">HD 1hr = 2.75GB<\/span><span data-ccp-props=\"{\"201341983\":0,\"335559739\":0,\"335559740\":240}\"> <\/span><\/p>\n<\/td>\n<\/tr>\n<tr aria-rowindex=\"10\">\n<td data-celllook=\"69905\">\n<p><span data-contrast=\"none\">Software updates<\/span><span data-ccp-props=\"{\"201341983\":0,\"335559739\":0,\"335559740\":240}\"> <\/span><\/p>\n<\/td>\n<td data-celllook=\"69905\">\n<p><span data-contrast=\"none\">Up to 5GB<\/span><span data-ccp-props=\"{\"201341983\":0,\"335559739\":0,\"335559740\":240}\"> <\/span><\/p>\n<\/td>\n<\/tr>\n<tr aria-rowindex=\"11\">\n<td data-celllook=\"69905\">\n<p><span data-contrast=\"none\">YouTube\/Netflix\/Online video<\/span><span data-ccp-props=\"{\"201341983\":0,\"335559739\":0,\"335559740\":240}\"> <\/span><\/p>\n<\/td>\n<td data-celllook=\"69905\">\n<p><span data-contrast=\"none\">30min = 0.2GB<\/span><span data-ccp-props=\"{\"201341983\":0,\"335559739\":0,\"335559740\":240}\"> <\/span><\/p>\n<\/td>\n<\/tr>\n<\/tbody>\n<\/table>\n\t\t\t\t\t\t\t\t<\/div>\n\t\t\t\t<\/div>\n\t\t\t\t<div class=\"elementor-element elementor-element-0f20897 elementor-widget elementor-widget-text-editor\" data-id=\"0f20897\" data-element_type=\"widget\" data-e-type=\"widget\" data-widget_type=\"text-editor.default\">\n\t\t\t\t<div class=\"elementor-widget-container\">\n\t\t\t\t\t\t\t\t\t<p><b><span data-contrast=\"none\">Porady ekspert\u00f3w<\/span><\/b> <br \/><span data-contrast=\"none\">Wiele naszych pakiet\u00f3w zawiera bezp\u0142atny, nieograniczony dodatek na noc. Mo\u017cna je r\u00f3wnie\u017c doda\u0107 jako dodatek i doskonale nadaj\u0105 si\u0119 do planowania pobierania program\u00f3w telewizyjnych lub film\u00f3w. BBC iPlayer ma do tego narz\u0119dzie do planowania. Mo\u017cesz tak\u017ce wy\u0142\u0105czy\u0107 automatyczne aktualizacje oprogramowania i zamiast tego robi\u0107 je w nocy. Nasz zesp\u00f3\u0142 pomocy technicznej z przyjemno\u015bci\u0105 pomo\u017ce Ci je skonfigurowa\u0107, wi\u0119c nie kr\u0119puj si\u0119 do nich zadzwoni\u0107.    <\/span><span data-ccp-props=\"{\"134233117\":true,\"134233118\":true,\"201341983\":0,\"335559739\":160,\"335559740\":240}\"> <\/span><\/p>\n<p><b><span data-contrast=\"none\">Wy\u0142\u0105cz wszystkie aplikacje na dowolnym urz\u0105dzeniu pod\u0142\u0105czonym do Wi-Fi<\/span><\/b> <br \/><span data-contrast=\"none\">Aplikacje mog\u0105 znacznie u\u0142atwi\u0107 nam \u017cycie, ale niekt\u00f3re zu\u017cywaj\u0105 du\u017co danych. Je\u015bli Tw\u00f3j limit danych nie wystarcza na tak d\u0142ugo jak my\u015blisz, dowiedz si\u0119, jakie aplikacje zu\u017cywaj\u0105 Tw\u00f3j limit, nawet je\u015bli my\u015blisz, \u017ce Tw\u00f3j telefon lub iPad jest w trybie gotowo\u015bci. Je\u015bli potrzebujesz pomocy w tym zakresie, porozmawiaj z naszym zespo\u0142em pomocy technicznej.  <\/span><span data-ccp-props=\"{\"134233117\":true,\"134233118\":true,\"201341983\":0,\"335559739\":160,\"335559740\":240}\"> <\/span><\/p>\n<p><b><span data-contrast=\"none\">Dostosuj swoje domowe nawyki zwi\u0105zane z transmisj\u0105 danych<\/span><\/b> <br \/><span data-contrast=\"none\">Przesy\u0142anie strumieniowe telewizji lub wideo przez Internet zu\u017cywa du\u017co danych. Wi\u0119c je\u015bli ten sam program lub film mo\u017cna ogl\u0105da\u0107 w telewizji naziemnej lub satelitarnej, kt\u00f3ra nie korzysta z danych Brdy, mo\u017ce to pom\u00f3c w zwi\u0119kszeniu miesi\u0119cznego limitu danych. Je\u015bli zmagasz si\u0119 z konsumpcj\u0105 danych, wiele rodzin ustala w\u0142asne zasady dotycz\u0105ce YouTube, Netflix i podobnych witryn \u017c\u0105dnych danych.  <\/span><span data-ccp-props=\"{\"134233117\":true,\"134233118\":true,\"201341983\":0,\"335559739\":160,\"335559740\":240}\"> <\/span><\/p>\n<p><b><span data-contrast=\"none\">Uwa\u017cnie monitoruj zu\u017cycie danych<\/span><\/b> <br \/><span data-contrast=\"none\">Nasz portal klienta pokazuje, ile danych wykorzysta\u0142e\u015b z miesi\u0119cznego przydzia\u0142u. Je\u015bli martwisz si\u0119 zu\u017cyciem danych lub chcesz zobaczy\u0107, w jaki spos\u00f3b s\u0105 one wykorzystywane, mo\u017cesz to zrobi\u0107 na kilka sposob\u00f3w: <\/span><span data-ccp-props=\"{\"134233117\":true,\"134233118\":true,\"201341983\":0,\"335559739\":160,\"335559740\":240}\"> <\/span><\/p>\n<p><b><span data-contrast=\"none\">Tablety i telefony z systemem Android<\/span><\/b> <br \/><span data-contrast=\"none\">Mo\u017cesz pobra\u0107 bezp\u0142atn\u0105 aplikacj\u0119 Data Monitor ze sklepu Google Play. U\u017cyj go do monitorowania wykorzystania danych na urz\u0105dzeniu jako ca\u0142o\u015bci lub przez aplikacj\u0119, tak\u0105 jak Facebook lub YouTube. <\/span><span data-ccp-props=\"{\"134233117\":true,\"134233118\":true,\"201341983\":0,\"335559739\":160,\"335559740\":240}\"> <\/span><\/p>\n<p><b><span data-contrast=\"none\">iPhone&#8217;y i iPady<\/span><\/b> <br \/><span data-contrast=\"none\">Aplikacja Data Monitor jest przeznaczona specjalnie dla produkt\u00f3w Apple i jest dost\u0119pna w App Store. Zawiera zestawienie zu\u017cycia danych na urz\u0105dzeniu i bardziej szczeg\u00f3\u0142ow\u0105 analiz\u0119 wykorzystania danych przez aplikacj\u0119. <\/span><span data-ccp-props=\"{\"134233117\":true,\"134233118\":true,\"201341983\":0,\"335559739\":160,\"335559740\":240}\"> <\/span><\/p>\n<p><b><span data-contrast=\"none\">Laptopy lub komputery stacjonarne<\/span><\/b> <br \/><span data-contrast=\"none\">GlassWire to darmowy monitor przepustowo\u015bci, kt\u00f3ry dzia\u0142a w systemach Windows, Linux i Mac OSX. Pokazuje Twoj\u0105 przesz\u0142\u0105 i obecn\u0105 aktywno\u015b\u0107 w sieci na \u0142atwym do zrozumienia wykresie. <\/span><span data-ccp-props=\"{\"134233117\":true,\"134233118\":true,\"201341983\":0,\"335559739\":160,\"335559740\":240}\"> <\/span><\/p>\n<p><b><span data-contrast=\"none\">Bezpiecze\u0144stwo i sieci lokalne<\/span><\/b> <br \/><span data-contrast=\"none\">Je\u015bli uwa\u017casz, \u017ce Tw\u00f3j limit danych znika szybciej, ni\u017c my\u015blisz, \u017ce powinien, zalecamy sprawdzenie, czy Twoja sie\u0107 Wi-Fi jest ca\u0142kowicie bezpieczna i czy wybra\u0142e\u015b silne has\u0142o. W ten spos\u00f3b b\u0119dziesz mie\u0107 pe\u0142n\u0105 kontrol\u0119 i nikt inny nie b\u0119dzie m\u00f3g\u0142 wskoczy\u0107 do Twojej sieci i wykorzysta\u0107 Twoich danych. <\/span><span data-ccp-props=\"{\"134233117\":true,\"134233118\":true,\"201341983\":0,\"335559739\":160,\"335559740\":240}\"> <\/span><\/p>\n\t\t\t\t\t\t\t\t<\/div>\n\t\t\t\t<\/div>\n\t\t\t\t\t<\/div>\n\t\t<\/div>\n\t\t\t\t\t<\/div>\n\t\t<\/section>\n\t\t\t\t<\/div>\n\t\t","protected":false},"excerpt":{"rendered":"<p>Optymalizacja danych Fakty, wskaz\u00f3wki, sztuczki i porady ekspert\u00f3w dotycz\u0105ce wykorzystania danych Nasze ceny pakiet\u00f3w odzwierciedlaj\u0105 g\u0142\u00f3wnie r\u00f3\u017cne miesi\u0119czne pakiety danych. Uwa\u017camy, \u017ce jest to sprawiedliwe, poniewa\u017c ka\u017cdy mo\u017ce wybra\u0107 pakiet odpowiadaj\u0105cy sposobowi korzystania z Internetu. Tak wi\u0119c sporadyczni u\u017cytkownicy, kt\u00f3rzy przegl\u0105daj\u0105 internet i poczt\u0119 e-mail, p\u0142ac\u0105 znacznie mniej ni\u017c powiedzmy czteroosobowa rodzina z wieloma urz\u0105dzeniami [&hellip;]<\/p>\n","protected":false},"author":1,"featured_media":0,"parent":0,"menu_order":0,"comment_status":"closed","ping_status":"closed","template":"","meta":{"_acf_changed":false,"site-sidebar-layout":"no-sidebar","site-content-layout":"page-builder","ast-site-content-layout":"default","site-content-style":"default","site-sidebar-style":"default","ast-global-header-display":"","ast-banner-title-visibility":"","ast-main-header-display":"","ast-hfb-above-header-display":"","ast-hfb-below-header-display":"","ast-hfb-mobile-header-display":"","site-post-title":"disabled","ast-breadcrumbs-content":"","ast-featured-img":"disabled","footer-sml-layout":"","ast-disable-related-posts":"","theme-transparent-header-meta":"","adv-header-id-meta":"","stick-header-meta":"","header-above-stick-meta":"","header-main-stick-meta":"","header-below-stick-meta":"","astra-migrate-meta-layouts":"default","ast-page-background-enabled":"default","ast-page-background-meta":{"desktop":{"background-color":"","background-image":"","background-repeat":"repeat","background-position":"center center","background-size":"auto","background-attachment":"scroll","background-type":"","background-media":"","overlay-type":"","overlay-color":"","overlay-opacity":"","overlay-gradient":""},"tablet":{"background-color":"","background-image":"","background-repeat":"repeat","background-position":"center center","background-size":"auto","background-attachment":"scroll","background-type":"","background-media":"","overlay-type":"","overlay-color":"","overlay-opacity":"","overlay-gradient":""},"mobile":{"background-color":"","background-image":"","background-repeat":"repeat","background-position":"center center","background-size":"auto","background-attachment":"scroll","background-type":"","background-media":"","overlay-type":"","overlay-color":"","overlay-opacity":"","overlay-gradient":""}},"ast-content-background-meta":{"desktop":{"background-color":"var(--ast-global-color-5)","background-image":"","background-repeat":"repeat","background-position":"center center","background-size":"auto","background-attachment":"scroll","background-type":"","background-media":"","overlay-type":"","overlay-color":"","overlay-opacity":"","overlay-gradient":""},"tablet":{"background-color":"var(--ast-global-color-5)","background-image":"","background-repeat":"repeat","background-position":"center center","background-size":"auto","background-attachment":"scroll","background-type":"","background-media":"","overlay-type":"","overlay-color":"","overlay-opacity":"","overlay-gradient":""},"mobile":{"background-color":"var(--ast-global-color-5)","background-image":"","background-repeat":"repeat","background-position":"center center","background-size":"auto","background-attachment":"scroll","background-type":"","background-media":"","overlay-type":"","overlay-color":"","overlay-opacity":"","overlay-gradient":""}},"footnotes":""},"class_list":["post-3426","page","type-page","status-publish","hentry"],"acf":[],"_links":{"self":[{"href":"https:\/\/brdy.com\/pl\/wp-json\/wp\/v2\/pages\/3426","targetHints":{"allow":["GET"]}}],"collection":[{"href":"https:\/\/brdy.com\/pl\/wp-json\/wp\/v2\/pages"}],"about":[{"href":"https:\/\/brdy.com\/pl\/wp-json\/wp\/v2\/types\/page"}],"author":[{"embeddable":true,"href":"https:\/\/brdy.com\/pl\/wp-json\/wp\/v2\/users\/1"}],"replies":[{"embeddable":true,"href":"https:\/\/brdy.com\/pl\/wp-json\/wp\/v2\/comments?post=3426"}],"version-history":[{"count":1,"href":"https:\/\/brdy.com\/pl\/wp-json\/wp\/v2\/pages\/3426\/revisions"}],"predecessor-version":[{"id":3427,"href":"https:\/\/brdy.com\/pl\/wp-json\/wp\/v2\/pages\/3426\/revisions\/3427"}],"wp:attachment":[{"href":"https:\/\/brdy.com\/pl\/wp-json\/wp\/v2\/media?parent=3426"}],"curies":[{"name":"wp","href":"https:\/\/api.w.org\/{rel}","templated":true}]}}