{"id":3420,"date":"2023-06-29T08:06:38","date_gmt":"2023-06-29T06:06:38","guid":{"rendered":"https:\/\/brdy.com\/pl\/polityka-prywatnosci\/"},"modified":"2025-07-29T15:40:21","modified_gmt":"2025-07-29T13:40:21","slug":"polityka-prywatnosci","status":"publish","type":"page","link":"https:\/\/brdy.com\/pl\/polityka-prywatnosci\/","title":{"rendered":"POLITYKA PRYWATNO\u015aCI"},"content":{"rendered":"\t\t<div data-elementor-type=\"wp-page\" data-elementor-id=\"3420\" class=\"elementor elementor-3420 elementor-2016\" data-elementor-post-type=\"page\">\n\t\t\t\t\t\t<section class=\"elementor-section elementor-top-section elementor-element elementor-element-119e7d9 elementor-section-boxed elementor-section-height-default elementor-section-height-default\" data-id=\"119e7d9\" data-element_type=\"section\" data-e-type=\"section\">\n\t\t\t\t\t\t<div class=\"elementor-container elementor-column-gap-default\">\n\t\t\t\t\t<div class=\"elementor-column elementor-col-100 elementor-top-column elementor-element elementor-element-77e507b\" data-id=\"77e507b\" data-element_type=\"column\" data-e-type=\"column\">\n\t\t\t<div class=\"elementor-widget-wrap elementor-element-populated\">\n\t\t\t\t\t\t<div class=\"elementor-element elementor-element-346fccb eael-dual-header-content-align-center elementor-widget elementor-widget-eael-dual-color-header\" data-id=\"346fccb\" data-element_type=\"widget\" data-e-type=\"widget\" data-widget_type=\"eael-dual-color-header.default\">\n\t\t\t\t<div class=\"elementor-widget-container\">\n\t\t\t\t\t\t\t\t<div class=\"eael-dual-header\">\n\t\t\t\t<h2 class=\"title eael-dch-title\"><span class=\"eael-dch-title-text eael-dch-title-lead lead solid-color\">POLITYKA <\/span> <span class=\"eael-dch-title-text\">PRYWATNO\u015aCI<\/span><\/h2>\t\t\t<\/div>\n\n\t\t\t\t\t\t<\/div>\n\t\t\t\t<\/div>\n\t\t\t\t<div class=\"elementor-element elementor-element-63f952b elementor-widget elementor-widget-text-editor\" data-id=\"63f952b\" data-element_type=\"widget\" data-e-type=\"widget\" data-widget_type=\"text-editor.default\">\n\t\t\t\t<div class=\"elementor-widget-container\">\n\t\t\t\t\t\t\t\t\t<p><span style=\"font-style: inherit; font-weight: inherit; text-align: var(--bs-body-text-align);\" data-contrast=\"none\">MY, EUROPASAT SP. O.O. (NUMER FIRMY: 0000576585), Z SIEDZIB\u0104 PRZY <\/span>Brdy Telecom Ltd, Coliemore Road, Dalkey, Dublin, Irlandia <span style=\"font-style: inherit; font-weight: inherit; text-align: var(--bs-body-text-align);\" data-contrast=\"none\">(\u201eMY\u201d, \u201eNAS\u201d \u201eNASZ\u201d, \u201eBRDY\u201d), <\/span>(\u201e<b style=\"font-style: inherit; text-align: var(--bs-body-text-align);\"><span data-contrast=\"none\">MY<\/span><\/b><span style=\"font-style: inherit; font-weight: inherit; text-align: var(--bs-body-text-align);\" data-contrast=\"none\">\u201d, \u201e<\/span><b style=\"font-style: inherit; text-align: var(--bs-body-text-align);\"><span data-contrast=\"none\">NAS<\/span><\/b><span style=\"font-style: inherit; font-weight: inherit; text-align: var(--bs-body-text-align);\" data-contrast=\"none\">\u201d \u201e<\/span><b style=\"font-style: inherit; text-align: var(--bs-body-text-align);\"><span data-contrast=\"none\">NASZ<\/span><\/b><span style=\"font-style: inherit; font-weight: inherit; text-align: var(--bs-body-text-align);\" data-contrast=\"none\">\u201d, \u201e<\/span><b style=\"font-style: inherit; text-align: var(--bs-body-text-align);\"><span data-contrast=\"none\">BRDY<\/span><\/b>\u201d), <span style=\"font-style: inherit; font-weight: inherit; text-align: var(--bs-body-text-align);\" data-contrast=\"none\">JESTE\u015aMY ADMINISTRATOREM PA\u0143STWA DANYCH OSOBOWYCH W ZNACZENIE RODO.<\/span><\/p><p><span data-contrast=\"none\">BRDY ZOBOWI\u0104ZUJE SI\u0118 DO OCHRONY I POSZANOWANIA TWOJEJ PRYWATNO\u015aCI. PROSIMY O ZAPOZNANIE SI\u0118 Z PONI\u017bSZ\u0104 POLITYK\u0104 PRYWATNO\u015aCI, KT\u00d3RA SZCZEG\u00d3\u0141OWO OPISUJE INFORMACJE, KT\u00d3RE OD CIEBIE ZBIERAMY, JAK JE WYKORZYSTUJEMY I JAK ZABEZPIECZAMY TWOJE DANE. <\/span><\/p><p><span data-contrast=\"none\">DEFINICJE<\/span><\/p><ul><li data-leveltext=\"\uf0b7\" data-font=\"Symbol\" data-listid=\"1\" data-list-defn-props=\"{\" aria-setsize=\"-1\" data-aria-posinset=\"1\" data-aria-level=\"1\"><b><span data-contrast=\"none\"> Administrator<\/span><\/b><span data-contrast=\"none\"> \u2013 OSOBA FIZYCZNA LUB PRAWNA, ORGAN PUBLICZNY, JEDNOSTKA LUB INNY PODMIOT, KT\u00d3RY USTALA CELE I SPOSOBY PRZETWARZANIA DANYCH OSOBOWYCH. <\/span><\/li><\/ul><ul><li data-leveltext=\"\uf0b7\" data-font=\"Symbol\" data-listid=\"1\" data-list-defn-props=\"{\" aria-setsize=\"-1\" data-aria-posinset=\"1\" data-aria-level=\"1\"><b><span data-contrast=\"none\">RODO<\/span><\/b><span data-contrast=\"none\">\u2013 OZPORZ\u0104DZENIE PARLAMENTU EUROPEJSKIEGO I RADY (UE) 2016\/679 Z DNIA 27 KWIETNIA 2016 R. W SPRAWIE OCHRONY OS\u00d3B FIZYCZNYCH W ZWI\u0104ZKU Z PRZETWARZANIEM DANYCH OSOBOWYCH I W SPRAWIE SWOBODNEGO PRZEP\u0141YWU TAKICH DANYCH ORAZ UCHYLENIA DYREKTYWY 95\/ 46\/WE. <\/span><\/li><li data-leveltext=\"\uf0b7\" data-font=\"Symbol\" data-listid=\"1\" data-list-defn-props=\"{\" aria-setsize=\"-1\" data-aria-posinset=\"2\" data-aria-level=\"1\"><b><span data-contrast=\"none\">Dane Osobowe<\/span><\/b><span data-contrast=\"none\"> \u2013 WSZELKIE INFORMACJE O ZIDENTYFIKOWANEJ OSOBIE FIZYCZNEJ LUB OSOBIE FIZYCZNEJ MO\u017bLIWEJ DO ZIDENTYFIKOWANIA NA PODSTAWIE JEDNEGO B\u0104D\u0179 KILKU SZCZEG\u00d3LNYCH CZYNNIK\u00d3W OKRE\u015aLAJ\u0104CYCH FIZYCZN\u0104, FIZJOLOGICZN\u0104, GENETYCZN\u0104, PSYCHICZN\u0104, EKONOMICZN\u0104, KULTUROW\u0104 LUB SPO\u0141ECZN\u0104 TO\u017bSAMO\u015a\u0106, W TYM ADRES IP, DANE O LOKALIZACJI ORAZ IDENTYFIKATOR INTERNETOWY . <\/span><\/li><li data-leveltext=\"\uf0b7\" data-font=\"Symbol\" data-listid=\"1\" data-list-defn-props=\"{\" aria-setsize=\"-1\" data-aria-posinset=\"3\" data-aria-level=\"1\"><b><span data-contrast=\"none\">Polityka Prywatno\u015bci <\/span><\/b><span data-contrast=\"none\">\u2013 NINIEJSZE WARUNKI PRYWATNO\u015aCI DANYCH. <\/span><\/li><li data-leveltext=\"\uf0b7\" data-font=\"Symbol\" data-listid=\"1\" data-list-defn-props=\"{\" aria-setsize=\"-1\" data-aria-posinset=\"4\" data-aria-level=\"1\"><b><span data-contrast=\"none\">Us\u0142ugi<\/span><\/b><span data-contrast=\"none\"> \u2013 aWSZELKIE US\u0141UGI \u015aWIADCZONE PRZEZ BRDY. <\/span><\/li><li data-leveltext=\"\uf0b7\" data-font=\"Symbol\" data-listid=\"1\" data-list-defn-props=\"{\" aria-setsize=\"-1\" data-aria-posinset=\"5\" data-aria-level=\"1\"><b><span data-contrast=\"none\">Strona internetowa <\/span><\/b><span data-contrast=\"none\"> \u2013 https:\/\/brdy.com\/pl<\/span><\/li><\/ul><p><span data-contrast=\"none\">G\u0142\u00f3wne zasady<\/span><\/p><p><span data-contrast=\"none\">Niniejsza Polityka prywatno\u015bci obejmuje traktowanie przez Brdy danych osobowych, kt\u00f3re zbieramy od Ciebie. Niniejsza Polityka prywatno\u015bci nie ma zastosowania do praktyk firm, kt\u00f3rych Brdy nie jest w\u0142a\u015bcicielem ani nie kontroluje, ani do os\u00f3b, kt\u00f3rych Brdy nie zatrudnia ani kt\u00f3rymi nie zarz\u0105dza. <\/span><\/p><p><span data-contrast=\"none\">Na stronach Witryny mog\u0105 znajdowa\u0107 si\u0119 \u0142\u0105cza, kt\u00f3re prowadz\u0105 do innych witryn internetowych. Upewnij si\u0119, \u017ce zapozna\u0142e\u015b si\u0119 z polityk\u0105 prywatno\u015bci innych witryn, kt\u00f3re mog\u0105 prosi\u0107 o podanie danych osobowych, zanim si\u0119 na nich zarejestrujesz. Postanowienia Polityki Prywatno\u015bci nie maj\u0105 zastosowania do jakichkolwiek produkt\u00f3w, us\u0142ug, stron internetowych lub tre\u015bci, kt\u00f3re s\u0105 oferowane przez osoby trzecie lub posiadaj\u0105 w\u0142asn\u0105 polityk\u0119 prywatno\u015bci. <\/span><\/p><p><span data-contrast=\"none\">Ta strona internetowa nie jest przeznaczona dla dzieci i nie zbieramy \u015bwiadomie danych dotycz\u0105cych dzieci.<\/span><\/p><p><span data-contrast=\"none\">Przetwarzanie Twoich danych osobowych<\/span><\/p><p><span data-contrast=\"none\">Brdy gromadzi minimaln\u0105 ilo\u015b\u0107 Danych Osobowych w celu zarz\u0105dzania Twoj\u0105 interakcj\u0105 z nami jako klientem, a tak\u017ce wszelkimi informacjami, kt\u00f3re nam przekazujesz, wype\u0142niaj\u0105c formularz kontaktowy na Stronie lub za pomoc\u0105 innych \u015brodk\u00f3w wymienionych poni\u017cej.<\/span><\/p><p><span data-contrast=\"none\">Brdy r\u00f3wnie\u017c automatycznie otrzymuje i zapisuje informacje w naszych dziennikach serwera z Twojej przegl\u0105darki, w tym Tw\u00f3j adres IP, typ przegl\u0105darki i \u017c\u0105dane strony.<\/span><\/p><p><b><span data-contrast=\"none\">Mo\u017cemy gromadzi\u0107 i przetwarza\u0107 nast\u0119puj\u0105ce dane na Tw\u00f3j temat:<\/span><\/b><\/p><ul><li data-leveltext=\"\uf0b7\" data-font=\"Symbol\" data-listid=\"2\" data-list-defn-props=\"{\" aria-setsize=\"-1\" data-aria-posinset=\"1\" data-aria-level=\"1\"><b><span data-contrast=\"none\">\u2022 Je\u015bli korzystasz z www<\/span><\/b><span data-contrast=\"none\">: preferencje j\u0119zykowe, dane techniczne, w tym adres protoko\u0142u internetowego (IP), dane logowania, typ i wersj\u0119 przegl\u0105darki, ustawienie i lokalizacj\u0119 strefy czasowej, typy i wersje wtyczek przegl\u0105darki, system operacyjny i platform\u0119 oraz inne technologie na urz\u0105dzeniach, z kt\u00f3rych korzystasz, aby uzyska\u0107 dost\u0119p do tej witryny; <\/span><\/li><li data-leveltext=\"\uf0b7\" data-font=\"Symbol\" data-listid=\"3\" data-list-defn-props=\"{\" aria-setsize=\"-1\" data-aria-posinset=\"2\" data-aria-level=\"1\"><b><span data-contrast=\"none\">Je\u015bli pozostawisz swoje dane kontaktowe w formularzu kontaktowym za po\u015brednictwem Witryny<\/span><\/b><span data-contrast=\"none\">: imi\u0119 i nazwisko, adres e-mail, numer telefonu; <\/span><\/li><\/ul><ul><li data-leveltext=\"\uf0b7\" data-font=\"Symbol\" data-listid=\"3\" data-list-defn-props=\"{\" aria-setsize=\"-1\" data-aria-posinset=\"1\" data-aria-level=\"1\"><b><span data-contrast=\"none\">\u2022 Je\u017celi sk\u0142adasz zam\u00f3wienie w trakcie rozmowy telefonicznej<\/span><\/b><span data-contrast=\"none\">: (opr\u00f3cz tego, co zosta\u0142o ju\u017c zebrane w formularzu kontaktowym za po\u015brednictwem Serwisu) imi\u0119 i nazwisko, Tw\u00f3j numer PESEL i\/lub dat\u0119 urodzenia, numer Twojego dowodu osobistego; miejsce zamieszkania, adres dostawy i\/lub instalacji, nazw\u0119 i numer firmy w Centralnej Ewidencji i Informacji o Dzia\u0142alno\u015bci Gospodarczej (w przypadku, gdy Klient jest jednoosobowym przedsi\u0119biorc\u0105), NIP (je\u015bli dotyczy), dane finansowe zwi\u0105zane ze sprawdzeniem zdolno\u015bci kredytowej;<\/span><\/li><li data-leveltext=\"\uf0b7\" data-font=\"Symbol\" data-listid=\"3\" data-list-defn-props=\"{\" aria-setsize=\"-1\" data-aria-posinset=\"2\" data-aria-level=\"1\"><b><span data-contrast=\"none\">\u2022 W przypadku zawarcia z nami umowy o \u015bwiadczenie us\u0142ug telekomunikacyjnych:<\/span><\/b><span data-contrast=\"none\">(opr\u00f3cz tego, co zosta\u0142o ju\u017c zebrane w formularzu kontaktowym za po\u015brednictwem Serwisu lub w zam\u00f3wieniu podczas rozmowy telefonicznej) dane dotycz\u0105ce p\u0142atno\u015bci (dane karty kredytowej\/debetowej, dane bankowe do polece\u0144 zap\u0142aty\/ p\u0142atno\u015bci SEPA), dane transakcyjne, kt\u00f3re obejmuj\u0105 szczeg\u00f3\u0142y dotycz\u0105ce p\u0142atno\u015bci od Ciebie, dane u\u017cytkowania, kt\u00f3re obejmuj\u0105 informacje o tym, w jaki spos\u00f3b korzystasz z us\u0142ug, kt\u00f3re dla Ciebie \u015bwiadczymy.<\/span><\/li><\/ul><p><b><span data-contrast=\"none\">Mo\u017cemy zbiera\u0107 te dane w nast\u0119puj\u0105cy spos\u00f3b:<\/span><\/b><\/p><ul><li data-leveltext=\"\uf0b7\" data-font=\"Symbol\" data-listid=\"4\" data-list-defn-props=\"{\" aria-setsize=\"-1\" data-aria-posinset=\"3\" data-aria-level=\"1\"><span data-contrast=\"none\">\u2022 Podczas rozmowy telefonicznej<\/span><\/li><li data-leveltext=\"\uf0b7\" data-font=\"Symbol\" data-listid=\"4\" data-list-defn-props=\"{\" aria-setsize=\"-1\" data-aria-posinset=\"4\" data-aria-level=\"1\"><span data-contrast=\"none\">\u2022Poprzez e-mail<\/span><\/li><\/ul><ul><li data-leveltext=\"\uf0b7\" data-font=\"Symbol\" data-listid=\"4\" data-list-defn-props=\"{\" aria-setsize=\"-1\" data-aria-posinset=\"1\" data-aria-level=\"1\"><span data-contrast=\"none\">\u2022 Poprzez formularz kontaktowy na Stronie<\/span><\/li><li data-leveltext=\"\uf0b7\" data-font=\"Symbol\" data-listid=\"4\" data-list-defn-props=\"{\" aria-setsize=\"-1\" data-aria-posinset=\"2\" data-aria-level=\"1\"><span data-contrast=\"none\">\u2022 Korespondencja pisemna<\/span><\/li><li data-leveltext=\"\uf0b7\" data-font=\"Symbol\" data-listid=\"4\" data-list-defn-props=\"{\" aria-setsize=\"-1\" data-aria-posinset=\"3\" data-aria-level=\"1\"><span data-contrast=\"none\">\u2022 Za po\u015brednictwem dostawc\u00f3w us\u0142ug analitycznych, innych stron trzecich lub publicznie dost\u0119pnych \u017ar\u00f3de\u0142<\/span><\/li><\/ul><p><b><span data-contrast=\"none\">Brdy wykorzystuje te dane\/informacje w nast\u0119puj\u0105cych celach:<\/span><\/b><\/p><ul><li data-leveltext=\"\uf0b7\" data-font=\"Symbol\" data-listid=\"5\" data-list-defn-props=\"{\" aria-setsize=\"-1\" data-aria-posinset=\"4\" data-aria-level=\"1\"><span data-contrast=\"none\">\u2022 w celu kontaktu z Tob\u0105, je\u015bli zostawisz nam swoje dane kontaktowe w formularzu kontaktowym w Serwisie, poniewa\u017c chcesz zam\u00f3wi\u0107 nasze Us\u0142ugi \u2013 podstaw\u0105 prawn\u0105 jest podj\u0119cie dzia\u0142a\u0144 na Twoje \u017c\u0105danie przed zawarciem umowy,<\/span><\/li><\/ul><ul><li data-leveltext=\"\uf0b7\" data-font=\"Symbol\" data-listid=\"6\" data-list-defn-props=\"{\" aria-setsize=\"-1\" data-aria-posinset=\"1\" data-aria-level=\"1\"><span data-contrast=\"none\">\u2022 W celu zarz\u0105dzania Serwisem, np. kierowania rozwojem serwisu w spos\u00f3b najbardziej odpowiadaj\u0105cy Twoim potrzebom i zainteresowaniom, aby zapewni\u0107, \u017ce tre\u015bci z naszego serwisu prezentowane s\u0105 w spos\u00f3b najbardziej efektywny dla Ciebie i Twojego komputera lub urz\u0105dzenia \u2013 podstaw\u0105 prawn\u0105 jest nasz prawnie uzasadniony interes;<\/span><\/li><li data-leveltext=\"\uf0b7\" data-font=\"Symbol\" data-listid=\"6\" data-list-defn-props=\"{\" aria-setsize=\"-1\" data-aria-posinset=\"2\" data-aria-level=\"1\"><span data-contrast=\"none\">\u2022 W celu realizacji naszych zobowi\u0105za\u0144 wynikaj\u0105cych z wszelkich um\u00f3w zawartych mi\u0119dzy Tob\u0105 a nami oraz dostarczania Ci informacji, produkt\u00f3w i us\u0142ug, o kt\u00f3re nas prosisz oraz powiadamiania Ci\u0119 o zmianach w naszym serwisie \u2013 podstaw\u0105 prawn\u0105 jest konieczno\u015b\u0107 wykonania umowa, kt\u00f3r\u0105 mamy zamiar zawrze\u0107 lub zawarli\u015bmy z Tob\u0105;<\/span><\/li><li data-leveltext=\"\uf0b7\" data-font=\"Symbol\" data-listid=\"7\" data-list-defn-props=\"{\" aria-setsize=\"-1\" data-aria-posinset=\"3\" data-aria-level=\"1\"><span data-contrast=\"none\">\u2022 w celu ewentualnego ustalenia i dochodzenia naszych praw lub obrony przed innymi roszczeniami \u2013 podstaw\u0105 prawn\u0105 jest nasz prawnie uzasadniony interes polegaj\u0105cy na ochronie naszych praw;<\/span><\/li><li data-leveltext=\"\uf0b7\" data-font=\"Symbol\" data-listid=\"8\" data-list-defn-props=\"{\" aria-setsize=\"-1\" data-aria-posinset=\"4\" data-aria-level=\"1\"><span data-contrast=\"none\">\u2022 W celu wype\u0142nienia wszelkich obowi\u0105zk\u00f3w prawnych ci\u0105\u017c\u0105cych na nas jako dostawcy us\u0142ug internetowych oraz w celu wype\u0142nienia obowi\u0105zk\u00f3w wynikaj\u0105cych z innych w\u0142a\u015bciwych przepis\u00f3w (np. nakaz\u00f3w s\u0105dowych, decyzji administracyjnych) \u2013 podstaw\u0105 prawn\u0105 jest konieczno\u015b\u0107 wype\u0142nienia obowi\u0105zku prawnego lub regulacyjnego;<\/span><\/li><li data-leveltext=\"\uf0b7\" data-font=\"Symbol\" data-listid=\"9\" data-list-defn-props=\"{\" aria-setsize=\"-1\" data-aria-posinset=\"5\" data-aria-level=\"1\"><span data-contrast=\"none\">\u2022 W celach marketingowych \u2013 podstaw\u0105 prawn\u0105 jest nasz uzasadniony interes; w sytuacji, gdy przetwarzamy Dane Osobowe w celach marketingowych po rozwi\u0105zaniu z Tob\u0105 umowy lub w celu kierowania do Ciebie komunikat\u00f3w marketingu bezpo\u015bredniego za po\u015brednictwem poczty elektronicznej lub sms \u2013 podstaw\u0105 prawn\u0105 jest Twoja zgoda wyra\u017cona przy zawieraniu umowy o \u015bwiadczenie us\u0142ug telekomunikacyjnych;<\/span><\/li><\/ul><ul><li data-leveltext=\"\uf0b7\" data-font=\"Symbol\" data-listid=\"10\" data-list-defn-props=\"{\" aria-setsize=\"-1\" data-aria-posinset=\"1\" data-aria-level=\"1\"><span data-contrast=\"none\">\u2022 w celu przetwarzania transakcji z wykorzystaniem najnowocze\u015bniejszego szyfrowania SSL z wykorzystaniem system\u00f3w Elavon \u2013 podstaw\u0105 prawn\u0105 jest nasz prawnie uzasadniony interes;<\/span><\/li><\/ul><p><span data-contrast=\"none\">B\u0119dziemy wykorzystywa\u0107 Twoje dane osobowe tylko wtedy, gdy zezwalaj\u0105 na to przepisy prawa. Najcz\u0119\u015bciej b\u0119dziemy wykorzystywa\u0107 Twoje dane osobowe w nast\u0119puj\u0105cych okoliczno\u015bciach: <\/span><\/p><ul><li data-leveltext=\"\uf0b7\" data-font=\"Symbol\" data-listid=\"11\" data-list-defn-props=\"{\" aria-setsize=\"-1\" data-aria-posinset=\"2\" data-aria-level=\"1\"><span data-contrast=\"none\">\u2022 Gdy musimy wykona\u0107 umow\u0119, kt\u00f3r\u0105 mamy zamiar zawrze\u0107 lub zawarli\u015bmy z Pa\u0144stwem;<\/span><\/li><li data-leveltext=\"\uf0b7\" data-font=\"Symbol\" data-listid=\"11\" data-list-defn-props=\"{\" aria-setsize=\"-1\" data-aria-posinset=\"3\" data-aria-level=\"1\"><span data-contrast=\"none\">\u2022 Gdy jest to konieczne ze wzgl\u0119du na nasze uzasadnione interesy (lub interesy os\u00f3b trzecich), a Twoje interesy i prawa podstawowe nie s\u0105 nadrz\u0119dne wobec tych interes\u00f3w;<\/span><\/li><li data-leveltext=\"\uf0b7\" data-font=\"Symbol\" data-listid=\"11\" data-list-defn-props=\"{\" aria-setsize=\"-1\" data-aria-posinset=\"4\" data-aria-level=\"1\"><span data-contrast=\"none\">\u2022 Gdy musimy spe\u0142ni\u0107 obowi\u0105zek prawny lub regulacyjny;<\/span><\/li><\/ul><p><b><span data-contrast=\"none\">Przetwarzanie w celach marketingowych<\/span><\/b><\/p><p><span data-contrast=\"none\">Brdy daje Ci mo\u017cliwo\u015b\u0107 wyra\u017cenia zgody na przesy\u0142anie im informacji marketingu bezpo\u015bredniego, w momencie zawierania umowy o \u015bwiadczenie us\u0142ug telekomunikacyjnych. Je\u015bli nie chcesz wysy\u0142a\u0107 Ci marketingu bezpo\u015bredniego, mo\u017cesz wys\u0142a\u0107 do nas wiadomo\u015b\u0107 e-mail lub napisa\u0107 do nas z pro\u015bb\u0105 o usuni\u0119cie Twojego nazwiska z naszej listy kontakt\u00f3w i wszystkich baz danych (innych ni\u017c listy pomijania, aby zapewni\u0107, \u017ce uszanujemy Twoje \u017cyczenia). Mo\u017cesz do nas napisa\u0107 na adres <\/span>Brdy Telecom Ltd, Coliemore Road, Dalkey, Dublin, Irlandia <span data-contrast=\"none\">lub napisz do nas na adres: <\/span><a href=\"mailto:GDPR@bigblu-pl.com\"><span data-contrast=\"none\">GDPR@brdyservice.pl<\/span><\/a><\/p><p><span data-contrast=\"none\">Przy zawieraniu umowy o \u015bwiadczenie us\u0142ug telekomunikacyjnych mo\u017cesz r\u00f3wnie\u017c wyrazi\u0107 zgod\u0119 na otrzymywanie informacji marketingowych bezpo\u015brednich od Euro Broadband Infrastructure S.a.r.l. Je\u015bli nie chcesz otrzymywa\u0107 marketingu bezpo\u015bredniego od Euro Broadband Infrastructure S.a.r.l. ju\u017c mo\u017cesz si\u0119 z nimi skontaktowa\u0107, korzystaj\u0105c z danych wskazanych w ich polityce prywatno\u015bci.<\/span><\/p><p><span data-contrast=\"none\">Nie wysy\u0142amy niezam\u00f3wionych e-maili marketingowych na osobiste adresy e-mail (spam).<\/span><\/p><p><b><span data-contrast=\"none\">Zmiany w niniejszej Polityce prywatno\u015bci<\/span><\/b><\/p><p><span data-contrast=\"none\">Brdy mo\u017ce od czasu do czasu zmienia\u0107 t\u0119 polityk\u0119, aby uwzgl\u0119dni\u0107 zmiany na stronie i zmiany w gromadzonych informacjach. Je\u015bli dokonamy istotnych zmian w sposobie, w jaki wykorzystujemy Twoje dane osobowe, poinformujemy Ci\u0119 o tym, publikuj\u0105c wyra\u017ane og\u0142oszenie na naszych stronach internetowych lub poczt\u0105 elektroniczn\u0105. <\/span><\/p><p><span data-contrast=\"none\">Wszystkie wcze\u015bniejsze wersje tej polityki b\u0119d\u0105 dost\u0119pne na \u017c\u0105danie.<\/span><\/p>\t\t\t\t\t\t\t\t<\/div>\n\t\t\t\t<\/div>\n\t\t\t\t\t<\/div>\n\t\t<\/div>\n\t\t\t\t\t<\/div>\n\t\t<\/section>\n\t\t\t\t<\/div>\n\t\t","protected":false},"excerpt":{"rendered":"<p>POLITYKA PRYWATNO\u015aCI MY, EUROPASAT SP. O.O. (NUMER FIRMY: 0000576585), Z SIEDZIB\u0104 PRZY Brdy Telecom Ltd, Coliemore Road, Dalkey, Dublin, Irlandia (\u201eMY\u201d, \u201eNAS\u201d \u201eNASZ\u201d, \u201eBRDY\u201d), (\u201eMY\u201d, \u201eNAS\u201d \u201eNASZ\u201d, \u201eBRDY\u201d), JESTE\u015aMY ADMINISTRATOREM PA\u0143STWA DANYCH OSOBOWYCH W ZNACZENIE RODO. BRDY ZOBOWI\u0104ZUJE SI\u0118 DO OCHRONY I POSZANOWANIA TWOJEJ PRYWATNO\u015aCI. PROSIMY O ZAPOZNANIE SI\u0118 Z PONI\u017bSZ\u0104 POLITYK\u0104 PRYWATNO\u015aCI, KT\u00d3RA SZCZEG\u00d3\u0141OWO [&hellip;]<\/p>\n","protected":false},"author":1,"featured_media":0,"parent":0,"menu_order":0,"comment_status":"closed","ping_status":"closed","template":"","meta":{"_acf_changed":false,"site-sidebar-layout":"no-sidebar","site-content-layout":"page-builder","ast-site-content-layout":"default","site-content-style":"default","site-sidebar-style":"default","ast-global-header-display":"","ast-banner-title-visibility":"","ast-main-header-display":"","ast-hfb-above-header-display":"","ast-hfb-below-header-display":"","ast-hfb-mobile-header-display":"","site-post-title":"disabled","ast-breadcrumbs-content":"","ast-featured-img":"disabled","footer-sml-layout":"","ast-disable-related-posts":"","theme-transparent-header-meta":"","adv-header-id-meta":"","stick-header-meta":"","header-above-stick-meta":"","header-main-stick-meta":"","header-below-stick-meta":"","astra-migrate-meta-layouts":"default","ast-page-background-enabled":"default","ast-page-background-meta":{"desktop":{"background-color":"","background-image":"","background-repeat":"repeat","background-position":"center center","background-size":"auto","background-attachment":"scroll","background-type":"","background-media":"","overlay-type":"","overlay-color":"","overlay-opacity":"","overlay-gradient":""},"tablet":{"background-color":"","background-image":"","background-repeat":"repeat","background-position":"center center","background-size":"auto","background-attachment":"scroll","background-type":"","background-media":"","overlay-type":"","overlay-color":"","overlay-opacity":"","overlay-gradient":""},"mobile":{"background-color":"","background-image":"","background-repeat":"repeat","background-position":"center center","background-size":"auto","background-attachment":"scroll","background-type":"","background-media":"","overlay-type":"","overlay-color":"","overlay-opacity":"","overlay-gradient":""}},"ast-content-background-meta":{"desktop":{"background-color":"var(--ast-global-color-5)","background-image":"","background-repeat":"repeat","background-position":"center center","background-size":"auto","background-attachment":"scroll","background-type":"","background-media":"","overlay-type":"","overlay-color":"","overlay-opacity":"","overlay-gradient":""},"tablet":{"background-color":"var(--ast-global-color-5)","background-image":"","background-repeat":"repeat","background-position":"center center","background-size":"auto","background-attachment":"scroll","background-type":"","background-media":"","overlay-type":"","overlay-color":"","overlay-opacity":"","overlay-gradient":""},"mobile":{"background-color":"var(--ast-global-color-5)","background-image":"","background-repeat":"repeat","background-position":"center center","background-size":"auto","background-attachment":"scroll","background-type":"","background-media":"","overlay-type":"","overlay-color":"","overlay-opacity":"","overlay-gradient":""}},"footnotes":""},"class_list":["post-3420","page","type-page","status-publish","hentry"],"acf":[],"_links":{"self":[{"href":"https:\/\/brdy.com\/pl\/wp-json\/wp\/v2\/pages\/3420","targetHints":{"allow":["GET"]}}],"collection":[{"href":"https:\/\/brdy.com\/pl\/wp-json\/wp\/v2\/pages"}],"about":[{"href":"https:\/\/brdy.com\/pl\/wp-json\/wp\/v2\/types\/page"}],"author":[{"embeddable":true,"href":"https:\/\/brdy.com\/pl\/wp-json\/wp\/v2\/users\/1"}],"replies":[{"embeddable":true,"href":"https:\/\/brdy.com\/pl\/wp-json\/wp\/v2\/comments?post=3420"}],"version-history":[{"count":7,"href":"https:\/\/brdy.com\/pl\/wp-json\/wp\/v2\/pages\/3420\/revisions"}],"predecessor-version":[{"id":6053,"href":"https:\/\/brdy.com\/pl\/wp-json\/wp\/v2\/pages\/3420\/revisions\/6053"}],"wp:attachment":[{"href":"https:\/\/brdy.com\/pl\/wp-json\/wp\/v2\/media?parent=3420"}],"curies":[{"name":"wp","href":"https:\/\/api.w.org\/{rel}","templated":true}]}}