{"id":3409,"date":"2023-06-27T15:53:09","date_gmt":"2023-06-27T15:53:09","guid":{"rendered":"https:\/\/brdy.com\/pl\/czesto-zadawane-pytania-techniczne\/"},"modified":"2023-08-08T12:45:34","modified_gmt":"2023-08-08T12:45:34","slug":"czesto-zadawane-pytania-techniczne","status":"publish","type":"page","link":"https:\/\/brdy.com\/pl\/czesto-zadawane-pytania-techniczne\/","title":{"rendered":"Cz\u0119sto zadawane pytania techniczne"},"content":{"rendered":"\t\t<div data-elementor-type=\"wp-page\" data-elementor-id=\"3409\" class=\"elementor elementor-3409 elementor-1862\" data-elementor-post-type=\"page\">\n\t\t\t\t\t\t<section class=\"elementor-section elementor-top-section elementor-element elementor-element-3102a0a elementor-section-boxed elementor-section-height-default elementor-section-height-default\" data-id=\"3102a0a\" data-element_type=\"section\" data-e-type=\"section\">\n\t\t\t\t\t\t<div class=\"elementor-container elementor-column-gap-default\">\n\t\t\t\t\t<div class=\"elementor-column elementor-col-100 elementor-top-column elementor-element elementor-element-23a4907\" data-id=\"23a4907\" data-element_type=\"column\" data-e-type=\"column\">\n\t\t\t<div class=\"elementor-widget-wrap elementor-element-populated\">\n\t\t\t\t\t\t<div class=\"elementor-element elementor-element-a7e6db5 eael-dual-header-content-align-center elementor-widget elementor-widget-eael-dual-color-header\" data-id=\"a7e6db5\" data-element_type=\"widget\" data-e-type=\"widget\" data-widget_type=\"eael-dual-color-header.default\">\n\t\t\t\t<div class=\"elementor-widget-container\">\n\t\t\t\t\t\t\t\t<div class=\"eael-dual-header\">\n\t\t\t\t<h2 class=\"title eael-dch-title\"><span class=\"eael-dch-title-text eael-dch-title-lead lead solid-color\">Cz\u0119sto zadawane<\/span> <span class=\"eael-dch-title-text\">pytania techniczne<\/span><\/h2>\t\t\t\t\t<span class=\"subtext\"><p>Poznaj odpowiedzi na najcz\u0119\u015bciej zadawane pytania techniczne<\/p>\n<\/span>\n\t\t\t\t\t\t\t<\/div>\n\n\t\t\t\t\t\t<\/div>\n\t\t\t\t<\/div>\n\t\t\t\t<div class=\"elementor-element elementor-element-68f6430 elementor-widget elementor-widget-eael-adv-accordion\" data-id=\"68f6430\" data-element_type=\"widget\" data-e-type=\"widget\" data-widget_type=\"eael-adv-accordion.default\">\n\t\t\t\t<div class=\"elementor-widget-container\">\n\t\t\t\t\t            <div class=\"eael-adv-accordion\" id=\"eael-adv-accordion-68f6430\" data-scroll-on-click=\"no\" data-scroll-speed=\"300\" data-accordion-id=\"68f6430\" data-accordion-type=\"toggle\" data-toogle-speed=\"300\">\n            <div class=\"eael-accordion-list\">\n\t\t\t\t\t<div id=\"mj-internet-cakowicie-przesta-dziaa-co-mam-zrobi-\" class=\"elementor-tab-title eael-accordion-header\" tabindex=\"0\" data-tab=\"1\" aria-controls=\"elementor-tab-content-1101\"><span class=\"eael-accordion-tab-title\">M\u00f3j internet ca\u0142kowicie przesta\u0142 dzia\u0142a\u0107, co mam zrobi\u0107? <\/span><span class=\"eael-advanced-accordion-icon-closed\"><i aria-hidden=\"true\" class=\"fa-accordion-icon fas fa-plus\"><\/i><\/span><span class=\"eael-advanced-accordion-icon-opened\"><i aria-hidden=\"true\" class=\"fa-accordion-icon fas fa-minus\"><\/i><\/span><\/div><div id=\"elementor-tab-content-1101\" class=\"eael-accordion-content clearfix\" data-tab=\"1\" aria-labelledby=\"mj-internet-cakowicie-przesta-dziaa-co-mam-zrobi-\"><p><span>Je\u015bli przejdziesz do trybu offline, mo\u017cesz wypr\u00f3bowa\u0107 kilka rzeczy. Przed skontaktowaniem si\u0119 z nami przejrzyj t\u0119 list\u0119: <\/span><span> <\/span><\/p>\n<\/p>\n<p><span>Wy\u0142\u0105cz i w\u0142\u0105cz ponownie<\/span> <br \/><span>Chocia\u017c brzmi to jak standardowa odpowied\u017a dzia\u0142u IT, zdziwi\u0142by\u015b si\u0119, jak cz\u0119sto to dzia\u0142a. Pierwsz\u0105 rzecz\u0105 do zrobienia jest sprawdzenie, czy wszystkie kable s\u0105 pod\u0142\u0105czone. Je\u015bli to nie rozwi\u0105\u017ce problemu, wy\u0142\u0105cz i w\u0142\u0105cz modem ponownie. Aby to zrobi\u0107 za pomoc\u0105 modemu SB2:   <\/span><span> <\/span><\/p>\n<ol>\n<li><span>1. Od\u0142\u0105cz przewody zasilaj\u0105ce zar\u00f3wno od modemu dostarczonego przez firm\u0119 Brdy, jak i routera Wi-Fi innej firmy.<\/span><span> <\/span><\/li>\n<li><span>2. Pod\u0142\u0105cz z powrotem zasilanie modemu dostarczonego przez firm\u0119 Brdy i odczekaj ok. 5 minut na zako\u0144czenie ponownego uruchamiania. <\/span><span> <\/span><\/li>\n<li><span>3. Teraz ponownie w\u0142\u0105cz zasilanie routera trzeciej cz\u0119\u015bci i poczekaj 5 minut na zako\u0144czenie ponownego uruchamiania i sprawd\u017a, czy Wi-Fi zn\u00f3w dzia\u0142a.<\/span><span> <\/span><\/li>\n<\/ol>\n<p><span>Aby to zrobi\u0107 za pomoc\u0105 modemu SB2+, jest to jeszcze \u0142atwiejsze, po prostu od\u0142\u0105cz przew\u00f3d zasilaj\u0105cy i ponownie w\u0142\u0105cz zasilanie.<\/span><span> <\/span><\/p>\n<p><span>Przenoszenie modemu w domu mo\u017ce r\u00f3wnie\u017c powodowa\u0107 problemy, wi\u0119c je\u015bli go przenios\u0142e\u015b, spr\u00f3buj przenie\u015b\u0107 go z powrotem tam, gdzie by\u0142.<\/span><span> <\/span><\/p>\n<\/p>\n<p><b><span>Roz\u0142aduj \u0142adunki elektrostatyczne z modemu<\/span><\/b> <br \/><span>Z biegiem czasu w modemie mo\u017ce gromadzi\u0107 si\u0119 energia statyczna. Mo\u017ce to spowodowa\u0107 zatrzymanie dzia\u0142ania, ale mo\u017cna to \u0142atwo naprawi\u0107, wykonuj\u0105c nast\u0119puj\u0105ce czynno\u015bci: <\/span><span> <\/span><\/p>\n<ol>\n<li><span>1. Od\u0142\u0105cz modem od \u017ar\u00f3d\u0142a zasilania<\/span><span> <\/span><\/li>\n<li><span>2. Od\u0142\u0105cz kabel Ethernet od modemu<\/span><span> <\/span><\/li>\n<li><span>3. Od\u0142\u0105cz kabel koncentryczny od modemu<\/span><span> <\/span><\/li>\n<li><span>4. Teraz pod\u0142\u0105cz modem z powrotem do \u017ar\u00f3d\u0142a zasilania na 10 sekund<\/span><span> <\/span><\/li>\n<li><span>5. Ponownie od\u0142\u0105cz modem od \u017ar\u00f3d\u0142a zasilania<\/span><span> <\/span><\/li>\n<li><span>6. Ponownie pod\u0142\u0105cz kabel koncentryczny do modemu<\/span><span> <\/span><\/li>\n<li><span>7. Ponownie pod\u0142\u0105cz kabel Ethernet do modemu<\/span><span> <\/span><\/li>\n<li><span>8. Pod\u0142\u0105cz modem z powrotem do \u017ar\u00f3d\u0142a zasilania<\/span><span> <\/span><\/li>\n<\/ol>\n<p><span>Od\u0142\u0105czenie wszystkich kabli i ponowne w\u0142o\u017cenie kabla zasilaj\u0105cego uwalnia energi\u0119 z gniazd i cz\u0119sto przywraca dzia\u0142anie modemu.<\/span><span> <\/span><\/p>\n<\/p>\n<p><b><span>Wymie\u0144 kabel Ethernet routera<\/span><\/b> <br \/><span>Je\u015bli u\u017cywasz modemu SB2 zamiast SB2+, b\u0119dzie on mia\u0142 zewn\u0119trzny router pod\u0142\u0105czony kablem ethernetowym. Mo\u017ce to by\u0107 przyczyn\u0105 niekt\u00f3rych problem\u00f3w, wi\u0119c je\u015bli masz inny kabel, spr\u00f3buj go u\u017cy\u0107, aby sprawdzi\u0107, czy to on jest przyczyn\u0105 problemu. <\/span><span> <\/span><\/p>\n<\/p>\n<p><b><span>Sprawd\u017a wyr\u00f3wnanie naczynia<\/span><\/b> <br \/><span>Ekstremalne warunki pogodowe mog\u0105 spowodowa\u0107, \u017ce antena przesunie si\u0119 lub celowo j\u0105 przesuniesz, je\u015bli korzystasz z Internetu satelitarnego w domu mobilnym lub je\u015bli przeprowadzi\u0142e\u015b si\u0119 i zabra\u0142e\u015b system ze sob\u0105. Wykonaj poni\u017csze czynno\u015bci, aby upewni\u0107 si\u0119, \u017ce naczynie jest prawid\u0142owo wyr\u00f3wnane. <\/span><span> <\/span><\/p>\n<ol>\n<li><span>1. Przejd\u017a do:<\/span><span>Viasat Tech Tools App<\/span><span> <\/span><\/li>\n<li><span>2. Wprowad\u017a kod pocztowy lub obszar, zanotuj wynik koloru wi\u0105zki.<\/span><span> <\/span><\/li>\n<li><span>3. Po pod\u0142\u0105czeniu do dostarczonego modemu Brdy przez Wi-Fi\/Ethernet otw\u00f3rz przegl\u0105dark\u0119 internetow\u0105.<\/span><span> <\/span><\/li>\n<li><span>4. Wpisz 192.168.100.1\/install, wybierz kolor wi\u0105zki i kliknij dalej (lub czarn\u0105 strza\u0142k\u0119) <\/span><span> <\/span><\/li>\n<li><span>5. Kliknij Zako\u0144cz, aby namierzy\u0107 wi\u0105zk\u0119, miejmy nadziej\u0119, \u017ce z sygna\u0142em 10dB+ SNR.<\/span><span> <\/span><\/li>\n<li><span>6. Spowoduje to przej\u015bcie do strony stanu modemu 192.168.100.1 z informacj\u0105, czy jest online.<\/span><span> <\/span><\/li>\n<li><span>7. Spowoduje to aktywacj\u0119 procesu wskazywania anteny, w kt\u00f3rym transceiver na antenie zacznie wydawa\u0107 d\u017awi\u0119k i b\u0119dziesz musia\u0142 fizycznie wyregulowa\u0107 anten\u0119 pod wzgl\u0119dem wysoko\u015bci i kierunku.<\/span><span> <\/span><\/li>\n<li><span>8. Kiedy zbli\u017casz si\u0119 do namierzenia sygna\u0142u, sygna\u0142y d\u017awi\u0119kowe stan\u0105 si\u0119 szybsze, a\u017c do momentu, gdy antena zacznie wydawa\u0107 ci\u0105g\u0142y (sta\u0142y d\u017awi\u0119k).<\/span><span> <\/span><\/li>\n<li><span>9. Odczyty Current Rx SNR na modemie musz\u0105 wynosi\u0107 co najmniej 10dB lub wi\u0119cej, co b\u0119dzie oznacza\u0107, \u017ce czasza jest w pe\u0142ni wyr\u00f3wnana.<\/span><span> <\/span><\/li>\n<li><span>10. Kiedy sygna\u0142 SNR wynosi 10dB lub wi\u0119cej, kliknij Zako\u0144cz.<\/span><span> <\/span><\/li>\n<\/ol>\n<p><span>Je\u015bli te dzia\u0142ania nie rozwi\u0105\u017c\u0105 problemu, skontaktuj si\u0119 z nami.<\/span><span> <\/span><\/p>\n<\/div>\n\t\t\t\t\t<\/div><div class=\"eael-accordion-list\">\n\t\t\t\t\t<div id=\"mj-internet-jest-wolny-co-mam-zrobi-\" class=\"elementor-tab-title eael-accordion-header\" tabindex=\"0\" data-tab=\"2\" aria-controls=\"elementor-tab-content-1102\"><span class=\"eael-accordion-tab-title\">M\u00f3j internet jest wolny, co mam zrobi\u0107? <\/span><span class=\"eael-advanced-accordion-icon-closed\"><i aria-hidden=\"true\" class=\"fa-accordion-icon fas fa-plus\"><\/i><\/span><span class=\"eael-advanced-accordion-icon-opened\"><i aria-hidden=\"true\" class=\"fa-accordion-icon fas fa-minus\"><\/i><\/span><\/div><div id=\"elementor-tab-content-1102\" class=\"eael-accordion-content clearfix\" data-tab=\"2\" aria-labelledby=\"mj-internet-jest-wolny-co-mam-zrobi-\"><p><span>Najpierw zalecamy zmian\u0119 kana\u0142u Wi-Fi. Odkryli\u015bmy, \u017ce ogromn\u0105 liczb\u0119 problem\u00f3w z buforowaniem mo\u017cna rozwi\u0105za\u0107, zmieniaj\u0105c kana\u0142 Wi-Fi. Kana\u0142 Wi-Fi jest domy\u015blnie ustawiony na automatyczny. Oznacza to, \u017ce po pod\u0142\u0105czeniu modem znajdzie pierwszy dzia\u0142aj\u0105cy kana\u0142 i zachowa go, nawet je\u015bli inny kana\u0142 mo\u017ce zapewni\u0107 szybsz\u0105 obs\u0142ug\u0119. Z naszego do\u015bwiadczenia wynika, \u017ce kana\u0142 11 zapewnia najszybsz\u0105 obs\u0142ug\u0119. We find that a huge amount of buffering issues can be resolved by changing the Wi-Fi channel. The Wi-Fi channel is set to auto by default. This means that when you connect the modem, it will find the first working channel and keep this, even if a different channel may provide a faster service. In our experience, channel 11 provides the fastest service.     <\/span><span> <\/span><\/p>\n<p><span>Je\u015bli to nie pomo\u017ce, b\u0119dziesz chcia\u0142 uzyska\u0107 dok\u0142adny obraz tego, jak wolny jest Tw\u00f3j Internet. Musisz u\u017cy\u0107 dedykowanego narz\u0119dzia do testowania pr\u0119dko\u015bci, poniewa\u017c wiele stron internetowych nie jest w stanie uwzgl\u0119dni\u0107 zwi\u0105zanego z tym op\u00f3\u017anienia  <\/span><span> <\/span><\/p>\n<\/div>\n\t\t\t\t\t<\/div><div class=\"eael-accordion-list\">\n\t\t\t\t\t<div id=\"kocz-mi-si-dane-i-nie-wiem-dlaczego\" class=\"elementor-tab-title eael-accordion-header\" tabindex=\"0\" data-tab=\"3\" aria-controls=\"elementor-tab-content-1103\"><span class=\"eael-accordion-tab-title\">Ko\u0144cz\u0105 mi si\u0119 dane i nie wiem dlaczego.<\/span><span class=\"eael-advanced-accordion-icon-closed\"><i aria-hidden=\"true\" class=\"fa-accordion-icon fas fa-plus\"><\/i><\/span><span class=\"eael-advanced-accordion-icon-opened\"><i aria-hidden=\"true\" class=\"fa-accordion-icon fas fa-minus\"><\/i><\/span><\/div><div id=\"elementor-tab-content-1103\" class=\"eael-accordion-content clearfix\" data-tab=\"3\" aria-labelledby=\"kocz-mi-si-dane-i-nie-wiem-dlaczego\"><p><span>R\u0119czne \u015bledzenie danych jest trudniejsze ni\u017c my\u015blisz. Ale s\u0105 aplikacje, kt\u00f3re mog\u0105 ci pom\u00f3c. But there are apps that can help you. <\/span><span> <\/span><\/p>\n<\/p>\n<p><span>W przypadku urz\u0105dze\u0144 z systemem Windows i Android zalecan\u0105 przez nas aplikacj\u0105 do monitorowania danych jest <\/span><a href=\"https:\/\/www.glasswire.com\/\"><span>Glasswire<\/span><\/a><span>. <\/span><span>(LINK)<\/span><span> To jest darmowe narz\u0119dzie <\/span><span> <\/span><\/p>\n<\/p>\n<p><span>W przypadku urz\u0105dze\u0144 Apple aplikacja do monitorowania danych do pobrania to <\/span><a href=\"https:\/\/www.obdev.at\/products\/littlesnitch\/index.html\"><span>Little Snitch<\/span><\/a><span>. Wi\u0105\u017ce si\u0119 to z kosztami, ale bezp\u0142atny okres pr\u00f3bny na 30 dni powinien wystarczy\u0107, aby da\u0107 ci kontrol\u0119 nad tym, gdzie wykorzystywane s\u0105 twoje dane.<\/span><span> <\/span><\/p>\n<\/div>\n\t\t\t\t\t<\/div><div class=\"eael-accordion-list\">\n\t\t\t\t\t<div id=\"jak-podczy-standardowy-modem-sb2-do-wasnego-routera-\" class=\"elementor-tab-title eael-accordion-header\" tabindex=\"0\" data-tab=\"4\" aria-controls=\"elementor-tab-content-1104\"><span class=\"eael-accordion-tab-title\">Jak pod\u0142\u0105czy\u0107 standardowy modem SB2 do w\u0142asnego routera? <\/span><span class=\"eael-advanced-accordion-icon-closed\"><i aria-hidden=\"true\" class=\"fa-accordion-icon fas fa-plus\"><\/i><\/span><span class=\"eael-advanced-accordion-icon-opened\"><i aria-hidden=\"true\" class=\"fa-accordion-icon fas fa-minus\"><\/i><\/span><\/div><div id=\"elementor-tab-content-1104\" class=\"eael-accordion-content clearfix\" data-tab=\"4\" aria-labelledby=\"jak-podczy-standardowy-modem-sb2-do-wasnego-routera-\"><p><span>Po prostu poprowad\u017a kabel LAN z portu Ethernet modemu do portu Wan (je\u015bli to mo\u017cliwe) routera bezprzewodowego.<\/span><span> <\/span><\/p>\n<p><span>Je\u015bli jeste\u015b u\u017cytkownikiem biznesowym ze sta\u0142ym adresem IP, proces jest nieco bardziej skomplikowany. Skontaktuj si\u0119 z naszym dzia\u0142em technicznym, aby skonfigurowa\u0107 to dla Ciebie. <\/span><span> <\/span><\/p>\n<\/div>\n\t\t\t\t\t<\/div><div class=\"eael-accordion-list\">\n\t\t\t\t\t<div id=\"zapomniaem-hasa-do-wi-fi\" class=\"elementor-tab-title eael-accordion-header\" tabindex=\"0\" data-tab=\"5\" aria-controls=\"elementor-tab-content-1105\"><span class=\"eael-accordion-tab-title\">Zapomnia\u0142em has\u0142a do Wi-Fi.<\/span><span class=\"eael-advanced-accordion-icon-closed\"><i aria-hidden=\"true\" class=\"fa-accordion-icon fas fa-plus\"><\/i><\/span><span class=\"eael-advanced-accordion-icon-opened\"><i aria-hidden=\"true\" class=\"fa-accordion-icon fas fa-minus\"><\/i><\/span><\/div><div id=\"elementor-tab-content-1105\" class=\"eael-accordion-content clearfix\" data-tab=\"5\" aria-labelledby=\"zapomniaem-hasa-do-wi-fi\"><p><span class=\"TextRun SCXW174456441 BCX0\"><span class=\"NormalTextRun SCXW174456441 BCX0\">Nie martw si\u0119, mo\u017cesz zresetowa\u0107 modem do ustawie\u0144 fabrycznych \u2013 pozwoli to na u\u017cycie has\u0142a widocznego na naklejce na modemie, aby wr\u00f3ci\u0107 do trybu online. Aby zresetowa\u0107 modem SB2+, wci\u015bnij ostry przedmiot, taki jak szpilka lub ig\u0142a, w otw\u00f3r resetowania z ty\u0142u na oko\u0142o 15 sekund. <\/span><\/span><span class=\"EOP SCXW174456441 BCX0\"> <\/span><\/p>\n<\/div>\n\t\t\t\t\t<\/div><div class=\"eael-accordion-list\">\n\t\t\t\t\t<div id=\"zaktualizowaem-z-sb2-do-sb2-jakiego-kabla-powinienem-uy-\" class=\"elementor-tab-title eael-accordion-header\" tabindex=\"0\" data-tab=\"6\" aria-controls=\"elementor-tab-content-1106\"><span class=\"eael-accordion-tab-title\">Zaktualizowa\u0142em z SB2 do SB2+; jakiego kabla powinienem u\u017cy\u0107? <\/span><span class=\"eael-advanced-accordion-icon-closed\"><i aria-hidden=\"true\" class=\"fa-accordion-icon fas fa-plus\"><\/i><\/span><span class=\"eael-advanced-accordion-icon-opened\"><i aria-hidden=\"true\" class=\"fa-accordion-icon fas fa-minus\"><\/i><\/span><\/div><div id=\"elementor-tab-content-1106\" class=\"eael-accordion-content clearfix\" data-tab=\"6\" aria-labelledby=\"zaktualizowaem-z-sb2-do-sb2-jakiego-kabla-powinienem-uy-\"><p><span class=\"TextRun SCXW42578366 BCX0\"><span class=\"NormalTextRun SCXW42578366 BCX0\">Je\u015bli niedawno dokona\u0142e\u015b aktualizacji, zobaczysz, <\/span><span class=\"NormalTextRun SCXW42578366 BCX0\">\u017ce Tw\u00f3j <\/span><span class=\"NormalTextRun SCXW42578366 BCX0\"> nowy router ma tylko jedno po\u0142\u0105czenie IFL, a nie dwa, jak zwykle. Z nowym modemem SB2+ chcesz u\u017cywa\u0107 tylko kabla transmisyjnego\/wyj\u015bciowego ze starego modemu. Drugi kabel nie jest ju\u017c   <\/span><span class=\"NormalTextRun SCXW42578366 BCX0\">potrzebny<\/span><span class=\"NormalTextRun SCXW42578366 BCX0\">.<\/span><\/span><span class=\"EOP SCXW42578366 BCX0\"> <\/span><\/p>\n<\/div>\n\t\t\t\t\t<\/div><\/div>\t\t\t\t<\/div>\n\t\t\t\t<\/div>\n\t\t\t\t\t<\/div>\n\t\t<\/div>\n\t\t\t\t\t<\/div>\n\t\t<\/section>\n\t\t\t\t<\/div>\n\t\t","protected":false},"excerpt":{"rendered":"<p>Cz\u0119sto zadawane pytania techniczne Poznaj odpowiedzi na najcz\u0119\u015bciej zadawane pytania techniczne M\u00f3j internet ca\u0142kowicie przesta\u0142 dzia\u0142a\u0107, co mam zrobi\u0107? Je\u015bli przejdziesz do trybu offline, mo\u017cesz wypr\u00f3bowa\u0107 kilka rzeczy. Przed skontaktowaniem si\u0119 z nami przejrzyj t\u0119 list\u0119: Wy\u0142\u0105cz i w\u0142\u0105cz ponownie Chocia\u017c brzmi to jak standardowa odpowied\u017a dzia\u0142u IT, zdziwi\u0142by\u015b si\u0119, jak cz\u0119sto to dzia\u0142a. Pierwsz\u0105 [&hellip;]<\/p>\n","protected":false},"author":1,"featured_media":0,"parent":0,"menu_order":0,"comment_status":"closed","ping_status":"closed","template":"","meta":{"_acf_changed":false,"site-sidebar-layout":"no-sidebar","site-content-layout":"page-builder","ast-site-content-layout":"default","site-content-style":"default","site-sidebar-style":"default","ast-global-header-display":"","ast-banner-title-visibility":"","ast-main-header-display":"","ast-hfb-above-header-display":"","ast-hfb-below-header-display":"","ast-hfb-mobile-header-display":"","site-post-title":"disabled","ast-breadcrumbs-content":"","ast-featured-img":"disabled","footer-sml-layout":"","ast-disable-related-posts":"","theme-transparent-header-meta":"","adv-header-id-meta":"","stick-header-meta":"","header-above-stick-meta":"","header-main-stick-meta":"","header-below-stick-meta":"","astra-migrate-meta-layouts":"default","ast-page-background-enabled":"default","ast-page-background-meta":{"desktop":{"background-color":"","background-image":"","background-repeat":"repeat","background-position":"center center","background-size":"auto","background-attachment":"scroll","background-type":"","background-media":"","overlay-type":"","overlay-color":"","overlay-opacity":"","overlay-gradient":""},"tablet":{"background-color":"","background-image":"","background-repeat":"repeat","background-position":"center center","background-size":"auto","background-attachment":"scroll","background-type":"","background-media":"","overlay-type":"","overlay-color":"","overlay-opacity":"","overlay-gradient":""},"mobile":{"background-color":"","background-image":"","background-repeat":"repeat","background-position":"center center","background-size":"auto","background-attachment":"scroll","background-type":"","background-media":"","overlay-type":"","overlay-color":"","overlay-opacity":"","overlay-gradient":""}},"ast-content-background-meta":{"desktop":{"background-color":"var(--ast-global-color-5)","background-image":"","background-repeat":"repeat","background-position":"center center","background-size":"auto","background-attachment":"scroll","background-type":"","background-media":"","overlay-type":"","overlay-color":"","overlay-opacity":"","overlay-gradient":""},"tablet":{"background-color":"var(--ast-global-color-5)","background-image":"","background-repeat":"repeat","background-position":"center center","background-size":"auto","background-attachment":"scroll","background-type":"","background-media":"","overlay-type":"","overlay-color":"","overlay-opacity":"","overlay-gradient":""},"mobile":{"background-color":"var(--ast-global-color-5)","background-image":"","background-repeat":"repeat","background-position":"center center","background-size":"auto","background-attachment":"scroll","background-type":"","background-media":"","overlay-type":"","overlay-color":"","overlay-opacity":"","overlay-gradient":""}},"footnotes":""},"class_list":["post-3409","page","type-page","status-publish","hentry"],"acf":[],"_links":{"self":[{"href":"https:\/\/brdy.com\/pl\/wp-json\/wp\/v2\/pages\/3409","targetHints":{"allow":["GET"]}}],"collection":[{"href":"https:\/\/brdy.com\/pl\/wp-json\/wp\/v2\/pages"}],"about":[{"href":"https:\/\/brdy.com\/pl\/wp-json\/wp\/v2\/types\/page"}],"author":[{"embeddable":true,"href":"https:\/\/brdy.com\/pl\/wp-json\/wp\/v2\/users\/1"}],"replies":[{"embeddable":true,"href":"https:\/\/brdy.com\/pl\/wp-json\/wp\/v2\/comments?post=3409"}],"version-history":[{"count":1,"href":"https:\/\/brdy.com\/pl\/wp-json\/wp\/v2\/pages\/3409\/revisions"}],"predecessor-version":[{"id":3410,"href":"https:\/\/brdy.com\/pl\/wp-json\/wp\/v2\/pages\/3409\/revisions\/3410"}],"wp:attachment":[{"href":"https:\/\/brdy.com\/pl\/wp-json\/wp\/v2\/media?parent=3409"}],"curies":[{"name":"wp","href":"https:\/\/api.w.org\/{rel}","templated":true}]}}