{"id":3434,"date":"2023-07-03T09:38:51","date_gmt":"2023-07-03T07:38:51","guid":{"rendered":"https:\/\/brdy.com\/it\/politica-di-gestione-del-consumo-dei-dati\/"},"modified":"2024-11-13T15:11:04","modified_gmt":"2024-11-13T14:11:04","slug":"politica-di-gestione-del-consumo-dei-dati","status":"publish","type":"page","link":"https:\/\/brdy.com\/it\/politica-di-gestione-del-consumo-dei-dati\/","title":{"rendered":"Politica di gestione del consumo dei dati"},"content":{"rendered":"\t\t<div data-elementor-type=\"wp-page\" data-elementor-id=\"3434\" class=\"elementor elementor-3434 elementor-2182\" data-elementor-post-type=\"page\">\n\t\t\t\t\t\t<section class=\"elementor-section elementor-top-section elementor-element elementor-element-fde715c elementor-section-boxed elementor-section-height-default elementor-section-height-default\" data-id=\"fde715c\" data-element_type=\"section\" data-e-type=\"section\">\n\t\t\t\t\t\t<div class=\"elementor-container elementor-column-gap-default\">\n\t\t\t\t\t<div class=\"elementor-column elementor-col-100 elementor-top-column elementor-element elementor-element-93f38e2\" data-id=\"93f38e2\" data-element_type=\"column\" data-e-type=\"column\">\n\t\t\t<div class=\"elementor-widget-wrap elementor-element-populated\">\n\t\t\t\t\t\t<div class=\"elementor-element elementor-element-346fccb eael-dual-header-content-align-center elementor-widget elementor-widget-eael-dual-color-header\" data-id=\"346fccb\" data-element_type=\"widget\" data-e-type=\"widget\" data-widget_type=\"eael-dual-color-header.default\">\n\t\t\t\t<div class=\"elementor-widget-container\">\n\t\t\t\t\t\t\t\t<div class=\"eael-dual-header\">\n\t\t\t\t<h2 class=\"title eael-dch-title\"><span class=\"eael-dch-title-text eael-dch-title-lead lead solid-color\">Politica di gestione<\/span> <span class=\"eael-dch-title-text\">del consumo dei dati<\/span><\/h2>\t\t\t<\/div>\n\n\t\t\t\t\t\t<\/div>\n\t\t\t\t<\/div>\n\t\t\t\t<div class=\"elementor-element elementor-element-e8d8988 elementor-widget elementor-widget-text-editor\" data-id=\"e8d8988\" data-element_type=\"widget\" data-e-type=\"widget\" data-widget_type=\"text-editor.default\">\n\t\t\t\t<div class=\"elementor-widget-container\">\n\t\t\t\t\t\t\t\t\t<p>I servizi a banda larga sono alimentati da operatori di reti satellitari e di telecomunicazioni, che devono gestire il flusso di dati sulle loro reti, che pu\u00f2 anche essere chiamato &#8220;traffico&#8221;, per una serie di motivi. La presente Politica di utilizzo corretto descrive il modo in cui gli operatori di rete gestiscono il traffico sulle loro reti e assegnano i dati dei clienti in base al piano di servizio selezionato e a seconda che il traffico faccia parte di una quota dati prioritaria o standard.<\/p><p>Sottoscrivendo il servizio, si accetta di essere vincolati dalla Fair Use Policy di Brdy e dalle politiche di fair use, dalle politiche di gestione della rete e dalle politiche di utilizzo accettabile degli operatori di rete.<\/p><p>\u00a0<\/p><p><strong>GESTIONE RAGIONEVOLE DELLA RETE<\/strong><\/p><ul><li><strong><em>Equilibrio tra domanda e offerta<\/em><\/strong>. La fornitura di servizi a banda larga su reti satellitari \u00e8 una risorsa limitata, con limitazioni basate sulla capacit\u00e0 della rete satellitare, ma tutte le reti di telecomunicazioni possono anche affrontare problemi di capacit\u00e0 di rete. Per servire il maggior numero di persone con Internet ad alta velocit\u00e0, gli operatori di rete gestiscono le loro singole reti per bilanciare l&#8217;offerta con la domanda degli utenti, che \u00e8 influenzata da fattori come la posizione del servizio e il tempo di utilizzo.<\/li><li><strong><em>Neutralit\u00e0 del traffico<\/em><\/strong>. Gli operatori di rete trattano il traffico Internet allo stesso modo, senza discriminazioni basate sul contenuto, sul mittente, sull&#8217;applicazione o sul servizio. Le procedure di gestione della rete vengono implementate in base ai requisiti tecnici per specifiche categorie di traffico. Queste pratiche vengono applicate in modo &#8220;indipendente dall&#8217;applicazione&#8221;, il che significa che il trattamento del traffico \u00e8 indipendente dai dati del contenuto.<\/li><li><strong><em>Integrit\u00e0 della rete<\/em><\/strong>. Gli operatori di rete si riservano il diritto di adottare ulteriori misure di gestione della rete, se necessario, per (1) rispettare le leggi applicabili, (2) preservare l&#8217;integrit\u00e0 e la sicurezza della rete, tra cui, a titolo esemplificativo ma non esaustivo, l&#8217;analisi dei modelli di traffico per ottimizzare i servizi e prevenire la distribuzione di virus o altri codici dannosi, e (3) prevenire o mitigare la congestione della rete sui servizi,\u00a0 compresa la riduzione della velocit\u00e0 per alcuni o tutti gli utenti.<\/li><li><strong><em>Distribuzione dei dati in base al piano di servizio<\/em><\/strong>. Gli operatori di rete cercano di distribuire i dati tra i nostri utenti in modo giusto ed equo (1) implementando politiche di gestione della rete quando la domanda di risorse di rete supera effettivamente l&#8217;offerta e (2) alcuni operatori di rete consentono inoltre agli utenti di scegliere tra piani di servizio a vari livelli di prezzo a seconda di quanto servizio prioritario sia giusto per le loro esigenze.<\/li><\/ul><p><strong>SERVIZI FISSI<\/strong><\/p><ul><li><strong><em>Dati prioritari e deprioritari.<\/em><\/strong> A seconda del piano di servizio scelto, \u00e8 possibile che l&#8217;utente disponga di un&#8217;assegnazione di dati prioritari, che sar\u00e0 stabilita nel Contratto. I dati prioritari avranno la priorit\u00e0 rispetto agli altri dati. I dati non prioritari saranno distribuiti tra i nostri utenti in modo giusto ed equo. Se i modelli di larghezza di banda superano costantemente quella assegnata a un utente residenziale tipico, gli operatori di rete possono adottare misure di gestione della rete, come la riduzione temporanea della velocit\u00e0 di un cliente, per prevenire o mitigare la congestione dei servizi. Ulteriori informazioni sulla gestione del traffico sono disponibili sul sito web dell&#8217;operatore di rete applicabile.<\/li><\/ul>\t\t\t\t\t\t\t\t<\/div>\n\t\t\t\t<\/div>\n\t\t\t\t\t<\/div>\n\t\t<\/div>\n\t\t\t\t\t<\/div>\n\t\t<\/section>\n\t\t\t\t<\/div>\n\t\t","protected":false},"excerpt":{"rendered":"<p>Politica di gestione del consumo dei dati I servizi a banda larga sono alimentati da operatori di reti satellitari e di telecomunicazioni, che devono gestire il flusso di dati sulle loro reti, che pu\u00f2 anche essere chiamato &#8220;traffico&#8221;, per una serie di motivi. La presente Politica di utilizzo corretto descrive il modo in cui gli [&hellip;]<\/p>\n","protected":false},"author":1,"featured_media":0,"parent":0,"menu_order":0,"comment_status":"closed","ping_status":"closed","template":"","meta":{"_acf_changed":false,"site-sidebar-layout":"no-sidebar","site-content-layout":"page-builder","ast-site-content-layout":"full-width-container","site-content-style":"unboxed","site-sidebar-style":"unboxed","ast-global-header-display":"","ast-banner-title-visibility":"","ast-main-header-display":"","ast-hfb-above-header-display":"","ast-hfb-below-header-display":"","ast-hfb-mobile-header-display":"","site-post-title":"disabled","ast-breadcrumbs-content":"","ast-featured-img":"disabled","footer-sml-layout":"","ast-disable-related-posts":"","theme-transparent-header-meta":"","adv-header-id-meta":"","stick-header-meta":"","header-above-stick-meta":"","header-main-stick-meta":"","header-below-stick-meta":"","astra-migrate-meta-layouts":"default","ast-page-background-enabled":"default","ast-page-background-meta":{"desktop":{"background-color":"","background-image":"","background-repeat":"repeat","background-position":"center center","background-size":"auto","background-attachment":"scroll","background-type":"","background-media":"","overlay-type":"","overlay-color":"","overlay-opacity":"","overlay-gradient":""},"tablet":{"background-color":"","background-image":"","background-repeat":"repeat","background-position":"center center","background-size":"auto","background-attachment":"scroll","background-type":"","background-media":"","overlay-type":"","overlay-color":"","overlay-opacity":"","overlay-gradient":""},"mobile":{"background-color":"","background-image":"","background-repeat":"repeat","background-position":"center center","background-size":"auto","background-attachment":"scroll","background-type":"","background-media":"","overlay-type":"","overlay-color":"","overlay-opacity":"","overlay-gradient":""}},"ast-content-background-meta":{"desktop":{"background-color":"var(--ast-global-color-5)","background-image":"","background-repeat":"repeat","background-position":"center center","background-size":"auto","background-attachment":"scroll","background-type":"","background-media":"","overlay-type":"","overlay-color":"","overlay-opacity":"","overlay-gradient":""},"tablet":{"background-color":"var(--ast-global-color-5)","background-image":"","background-repeat":"repeat","background-position":"center center","background-size":"auto","background-attachment":"scroll","background-type":"","background-media":"","overlay-type":"","overlay-color":"","overlay-opacity":"","overlay-gradient":""},"mobile":{"background-color":"var(--ast-global-color-5)","background-image":"","background-repeat":"repeat","background-position":"center center","background-size":"auto","background-attachment":"scroll","background-type":"","background-media":"","overlay-type":"","overlay-color":"","overlay-opacity":"","overlay-gradient":""}},"footnotes":""},"class_list":["post-3434","page","type-page","status-publish","hentry"],"acf":[],"_links":{"self":[{"href":"https:\/\/brdy.com\/it\/wp-json\/wp\/v2\/pages\/3434","targetHints":{"allow":["GET"]}}],"collection":[{"href":"https:\/\/brdy.com\/it\/wp-json\/wp\/v2\/pages"}],"about":[{"href":"https:\/\/brdy.com\/it\/wp-json\/wp\/v2\/types\/page"}],"author":[{"embeddable":true,"href":"https:\/\/brdy.com\/it\/wp-json\/wp\/v2\/users\/1"}],"replies":[{"embeddable":true,"href":"https:\/\/brdy.com\/it\/wp-json\/wp\/v2\/comments?post=3434"}],"version-history":[{"count":6,"href":"https:\/\/brdy.com\/it\/wp-json\/wp\/v2\/pages\/3434\/revisions"}],"predecessor-version":[{"id":5176,"href":"https:\/\/brdy.com\/it\/wp-json\/wp\/v2\/pages\/3434\/revisions\/5176"}],"wp:attachment":[{"href":"https:\/\/brdy.com\/it\/wp-json\/wp\/v2\/media?parent=3434"}],"curies":[{"name":"wp","href":"https:\/\/api.w.org\/{rel}","templated":true}]}}