{"id":3425,"date":"2023-06-27T15:53:09","date_gmt":"2023-06-27T13:53:09","guid":{"rendered":"https:\/\/brdy.com\/it\/faq-tecniche\/"},"modified":"2023-11-27T10:31:20","modified_gmt":"2023-11-27T09:31:20","slug":"faq-tecniche","status":"publish","type":"page","link":"https:\/\/brdy.com\/it\/faq-tecniche\/","title":{"rendered":"FAQ Tecniche"},"content":{"rendered":"\t\t<div data-elementor-type=\"wp-page\" data-elementor-id=\"3425\" class=\"elementor elementor-3425 elementor-1862\" data-elementor-post-type=\"page\">\n\t\t\t\t\t\t<section class=\"elementor-section elementor-top-section elementor-element elementor-element-3102a0a elementor-section-boxed elementor-section-height-default elementor-section-height-default\" data-id=\"3102a0a\" data-element_type=\"section\" data-e-type=\"section\">\n\t\t\t\t\t\t<div class=\"elementor-container elementor-column-gap-default\">\n\t\t\t\t\t<div class=\"elementor-column elementor-col-100 elementor-top-column elementor-element elementor-element-23a4907\" data-id=\"23a4907\" data-element_type=\"column\" data-e-type=\"column\">\n\t\t\t<div class=\"elementor-widget-wrap elementor-element-populated\">\n\t\t\t\t\t\t<div class=\"elementor-element elementor-element-a7e6db5 eael-dual-header-content-align-center elementor-widget elementor-widget-eael-dual-color-header\" data-id=\"a7e6db5\" data-element_type=\"widget\" data-e-type=\"widget\" data-widget_type=\"eael-dual-color-header.default\">\n\t\t\t\t<div class=\"elementor-widget-container\">\n\t\t\t\t\t\t\t\t<div class=\"eael-dual-header\">\n\t\t\t\t<h2 class=\"title eael-dch-title\"><span class=\"eael-dch-title-text eael-dch-title-lead lead solid-color\">FAQ<\/span> <span class=\"eael-dch-title-text\">Tecniche<\/span><\/h2>\t\t\t\t\t<span class=\"subtext\"><p>Troverete le risposte ad alcune delle domande tecniche che spesso ci vengono poste dai nostri clienti.<\/p>\n<\/span>\n\t\t\t\t\t\t\t<\/div>\n\n\t\t\t\t\t\t<\/div>\n\t\t\t\t<\/div>\n\t\t\t\t<div class=\"elementor-element elementor-element-68f6430 elementor-widget elementor-widget-eael-adv-accordion\" data-id=\"68f6430\" data-element_type=\"widget\" data-e-type=\"widget\" data-widget_type=\"eael-adv-accordion.default\">\n\t\t\t\t<div class=\"elementor-widget-container\">\n\t\t\t\t\t            <div class=\"eael-adv-accordion\" id=\"eael-adv-accordion-68f6430\" data-scroll-on-click=\"no\" data-scroll-speed=\"300\" data-accordion-id=\"68f6430\" data-accordion-type=\"toggle\" data-toogle-speed=\"300\">\n            <div class=\"eael-accordion-list\">\n\t\t\t\t\t<div id=\"la-mia-connessione-ha-smesso-di-funzionare-come-devo-procedere-\" class=\"elementor-tab-title eael-accordion-header\" tabindex=\"0\" data-tab=\"1\" aria-controls=\"elementor-tab-content-1101\"><span class=\"eael-accordion-tab-title\">La mia connessione ha smesso di funzionare, come devo procedere? <\/span><span class=\"eael-advanced-accordion-icon-closed\"><i aria-hidden=\"true\" class=\"fa-accordion-icon fas fa-plus\"><\/i><\/span><span class=\"eael-advanced-accordion-icon-opened\"><i aria-hidden=\"true\" class=\"fa-accordion-icon fas fa-minus\"><\/i><\/span><\/div><div id=\"elementor-tab-content-1101\" class=\"eael-accordion-content clearfix\" data-tab=\"1\" aria-labelledby=\"la-mia-connessione-ha-smesso-di-funzionare-come-devo-procedere-\"><p><span>Ci sono diverse verifiche da effettuare se non riuscite a navigare. Ecco le azioni consigliate, prima di contattarci: <\/span><\/p><p><span>Spegnere e riaccendere:<\/span> <br \/><span>Sebbene possa sembrare una banalit\u00e0, sarete stupiti di quanto spesso funzioni. La prima cosa da fare \u00e8 controllare che tutti i cavi siano collegati. Se questo non risolve il problema, spegnere e riaccendere il modem. Per fare questo con un modem SB2: <\/span><\/p><ol><li><span>Scollegare il cavo di alimentazione dal modem fornito da Brdy e dal router Wi-Fi di terze parti.<\/span><\/li><li><span>Ridare alimentazione al modem fornito da Brdy e attendere circa 5 minuti per il completamento del riavvio.<br \/>5 minuti per completare il riavvio. <\/span><\/li><li><span>Ora ridare l&#8217;alimentazione al router di terze parti e attendere 5 minuti per il completamento del riavvio: verificare se il Wi-Fi funziona di nuovo.<\/span><\/li><\/ol><p><span>Quest&#8217;operazione con un modem SB2+ \u00e8 ancora pi\u00f9 semplice: \u00e8 sufficiente rimuovere il cavo di alimentazione e reinserirlo.<\/span><\/p><p><span>Anche lo spostamento del modem in diverse zone della casa pu\u00f2 causare problemi, quindi se lo avete spostato, provate a riportarlo al punto in cui si trovava.<\/span><\/p><p><b><span>Scaricare l\u2019elettricit\u00e0 statica dal modem<\/span><\/b> <br \/><span>Con il tempo, l&#8217;energia statica pu\u00f2 accumularsi nel modem. Questo pu\u00f2 impedirne il corretto funzionamento, ma \u00e8 facilmente rimediabile seguendo i seguenti passaggi:<\/span><\/p><ol><li><span>Scollegare l\u2019alimentazione del modem<\/span><\/li><li><span>Scollegare il cavo Ethernet dal modem<\/span><\/li><li><span>Scollegare il cavo coassiale dal modem<\/span><\/li><li><span>Ora, ricollegate il modem all\u2019elettricit\u00e0 per circa 10 secondi<\/span><\/li><li><span>Scollegare nuovamente il modem dalla fonte di alimentazione.<\/span><\/li><li><span>Ricollegare il cavo coassiale al modem<\/span><\/li><li><span>Ricollegare il cavo Ethernet al modem<\/span><\/li><li><span>Ricollegare il modem alla presa elettrica<\/span><\/li><\/ol><p><span>Scollegando tutti i cavi e reinserendo il cavo di alimentazione viene liberata l&#8217;energia statica dalle prese e spesso il modem riprende a funzionare.<\/span><\/p><p><b><span>Sostituire il cavo Ethernet<\/span><\/b> <br \/><span>Se si utilizza un modem SB2, piuttosto che un SB2+, questo avr\u00e0 un router esterno collegato tramite un cavo Ethernet. Questo pu\u00f2 essere la causa di alcuni problemi, quindi se avete un altro cavo Ethernet a disposizione, provate a usarlo per vedere se \u00e8 quella la causa del problema. <\/span><\/p><p><strong>Controllare il puntamento della parabola<\/strong><\/p><p>In condizioni meteorologiche estreme si possono verificare spostamenti dell\u2019antenna parabolica, cos\u00ec come se si utilizza Internet via satellite su di una casa mobile o se si \u00e8 cambiata casa trasferendovi anche il kit. Segui i passaggi indicati di seguito per assicurarti che la tua parabola sia allineata correttamente.<\/p><p>Scarica la Viasat Tech Tools App<\/p><p>Apple:\u00a0<span class=\"loader-wrapper\"><span><a class=\"css-187a62q\" href=\"https:\/\/apps.apple.com\/it\/app\/viasat-techtools\/id1515337561\"><span class=\"css-14tyax2\"><span class=\"smart-link-title-wrapper css-0\">Viasat TechTools<\/span><\/span><\/a><\/span><\/span><\/p><p>Android:\u00a0<span class=\"loader-wrapper\"><span><a class=\"css-187a62q\" href=\"https:\/\/play.google.com\/store\/apps\/details?id=com.viasat.techtools\"><span class=\"css-14tyax2\"><span class=\"smart-link-title-wrapper css-0\">Viasat TechTools &#8211; Apps on Google Play<\/span><\/span><\/a><\/span><\/span><\/p><ul><li>Eseguire la registrazione con una mail e una password a propria scelta<\/li><li>Affinch\u00e9 l\u2019App funzioni correttamente, collegare il proprio smartphone al Wi-Fi del modem e spegnere i dati cellulari (4G\/5G)<\/li><li>Entrare nella sezione \u201cPuntamento e Picco\u201d<\/li><li>Attendere che il modem si identifichi con l\u2019applicazione<\/li><li>Da questo momento si inizializzer\u00e0 la fase di ricerca del Segnale del Sistema: il Tria comincer\u00e0 ad emettere un beep intermittente: potrai da questo momento iniziare affinare la posizione della parabola con Elevazione e Azimuth.<\/li><li>Man mano che ti avvicinerai alla posizione corretta della parabola i beeps diventeranno pi\u00f9 veloci fino a diventare un unico beep continuo.<\/li><li>I valori Picco e Corrente dovranno essere 10 dB o superiore<\/li><li>Quando i valori saranno corretti, cliccare su \u201cConcludi Installazione\u201d.<\/li><\/ul><p>Se queste Operazioni non risolvono il problema, contattaci.\u201d<\/p><\/div>\n\t\t\t\t\t<\/div><div class=\"eael-accordion-list\">\n\t\t\t\t\t<div id=\"internet-lento-cosa-devo-fare-\" class=\"elementor-tab-title eael-accordion-header\" tabindex=\"0\" data-tab=\"2\" aria-controls=\"elementor-tab-content-1102\"><span class=\"eael-accordion-tab-title\">Internet \u00e8 lento, cosa devo fare? <\/span><span class=\"eael-advanced-accordion-icon-closed\"><i aria-hidden=\"true\" class=\"fa-accordion-icon fas fa-plus\"><\/i><\/span><span class=\"eael-advanced-accordion-icon-opened\"><i aria-hidden=\"true\" class=\"fa-accordion-icon fas fa-minus\"><\/i><\/span><\/div><div id=\"elementor-tab-content-1102\" class=\"eael-accordion-content clearfix\" data-tab=\"2\" aria-labelledby=\"internet-lento-cosa-devo-fare-\"><p><span>Per prima cosa, vi consigliamo di provare a cambiare il canale Wi-Fi. Abbiamo riscontrato che molti problemi di buffering possono essere risolti in questo modo. Per impostazione predefinita, il canale Wi-Fi \u00e8 impostato su Auto. Ci\u00f2 significa che quando si collega il modem, questo trova il primo canale funzionante e lo mantiene, anche se un canale diverso potrebbe fornire un servizio pi\u00f9 veloce. Secondo la nostra esperienza, il canale 11 fornisce le prestazioni migliori.     <\/span><span> <\/span><\/p>\n<p><span>Se questo non risolve il Vostro problema, \u00e8 necessario raccogliere maggiori dettagli. \u00c8 necessario utilizzare uno speed test dedicato, in quanto molti siti web non sono in grado di fornire dati realistici quando si tratta di connessione satellitare  <\/span><span> <\/span><\/p>\n<\/div>\n\t\t\t\t\t<\/div><div class=\"eael-accordion-list\">\n\t\t\t\t\t<div id=\"consumo-molto-traffico-e-non-ne-capisco-il-motivo\" class=\"elementor-tab-title eael-accordion-header\" tabindex=\"0\" data-tab=\"3\" aria-controls=\"elementor-tab-content-1103\"><span class=\"eael-accordion-tab-title\">Consumo molto traffico e non ne capisco il motivo.<\/span><span class=\"eael-advanced-accordion-icon-closed\"><i aria-hidden=\"true\" class=\"fa-accordion-icon fas fa-plus\"><\/i><\/span><span class=\"eael-advanced-accordion-icon-opened\"><i aria-hidden=\"true\" class=\"fa-accordion-icon fas fa-minus\"><\/i><\/span><\/div><div id=\"elementor-tab-content-1103\" class=\"eael-accordion-content clearfix\" data-tab=\"3\" aria-labelledby=\"consumo-molto-traffico-e-non-ne-capisco-il-motivo\"><p><span>Tenere traccia del traffico effettuato manualmente \u00e8 pi\u00f9 difficile di quanto si pensi. Ma ci sono molte app che possono aiutarvi. <\/span><span> <\/span><\/p>\n<\/p>\n<p><span>Per dispositivi Windows e Android l\u2019applicazione che consigliamo \u00e8 <\/span><a href=\"https:\/\/www.glasswire.com\/\"><span>Glasswire<\/span><\/a><span>. <\/span><span>(LINK)<\/span><span> E\u2019 un\u2019applicazione gratuita. <\/span><span> <\/span><\/p>\n<\/p>\n<p><span>Per i dispositivi Apple consigliamo l\u2019app <\/span><a href=\"https:\/\/www.obdev.at\/products\/littlesnitch\/index.html\"><span>Little Snitch<\/span><\/a><span>E\u2019 un\u2019app a pagamento, ma la prova gratuita per 30 giorni dovrebbe essere sufficiente per capire come vengono utilizzati i vostri dati. <\/span><span> <\/span><\/p>\n<\/div>\n\t\t\t\t\t<\/div><div class=\"eael-accordion-list\">\n\t\t\t\t\t<div id=\"come-posso-collegare-il-modem-sb2-ad-un-router-\" class=\"elementor-tab-title eael-accordion-header\" tabindex=\"0\" data-tab=\"4\" aria-controls=\"elementor-tab-content-1104\"><span class=\"eael-accordion-tab-title\">Come posso collegare il modem SB2 ad un router? <\/span><span class=\"eael-advanced-accordion-icon-closed\"><i aria-hidden=\"true\" class=\"fa-accordion-icon fas fa-plus\"><\/i><\/span><span class=\"eael-advanced-accordion-icon-opened\"><i aria-hidden=\"true\" class=\"fa-accordion-icon fas fa-minus\"><\/i><\/span><\/div><div id=\"elementor-tab-content-1104\" class=\"eael-accordion-content clearfix\" data-tab=\"4\" aria-labelledby=\"come-posso-collegare-il-modem-sb2-ad-un-router-\"><p><span>\u00c8 sufficiente collegare un cavo LAN dalla porta Ethernet del modem alla porta Wan (se possibile) del router wireless.<\/span><span> <\/span><\/p>\n<p><span>Se siete utenti business con un IP fisso, la procedura \u00e8 un po&#8217; pi\u00f9 complessa. Contattate il nostro reparto tecnico per la configurazione. <\/span><span> <\/span><\/p>\n<\/div>\n\t\t\t\t\t<\/div><div class=\"eael-accordion-list\">\n\t\t\t\t\t<div id=\"ho-dimenticato-la-password-del-mio-wifi\" class=\"elementor-tab-title eael-accordion-header\" tabindex=\"0\" data-tab=\"5\" aria-controls=\"elementor-tab-content-1105\"><span class=\"eael-accordion-tab-title\">Ho dimenticato la password del mio WIFI<\/span><span class=\"eael-advanced-accordion-icon-closed\"><i aria-hidden=\"true\" class=\"fa-accordion-icon fas fa-plus\"><\/i><\/span><span class=\"eael-advanced-accordion-icon-opened\"><i aria-hidden=\"true\" class=\"fa-accordion-icon fas fa-minus\"><\/i><\/span><\/div><div id=\"elementor-tab-content-1105\" class=\"eael-accordion-content clearfix\" data-tab=\"5\" aria-labelledby=\"ho-dimenticato-la-password-del-mio-wifi\"><p><span class=\"TextRun SCXW174456441 BCX0\"><span class=\"NormalTextRun SCXW174456441 BCX0\">Non c&#8217;\u00e8 da preoccuparsi: \u00e8 possibile ripristinare le impostazioni di fabbrica del modem, in modo da poter utilizzare la password indicata sull&#8217;adesivo del modem per tornare online. Per resettare il modem SB2+, premere un oggetto appuntito come uno spillo o un ago nel foro di reset sul retro per circa 15 secondi. <\/span><\/span><span class=\"EOP SCXW174456441 BCX0\"> <\/span><\/p>\n<\/div>\n\t\t\t\t\t<\/div><div class=\"eael-accordion-list\">\n\t\t\t\t\t<div id=\"sono-passato-da-un-modem-sb2-ad-un-sb2-quale-cavo-devo-collegare-\" class=\"elementor-tab-title eael-accordion-header\" tabindex=\"0\" data-tab=\"6\" aria-controls=\"elementor-tab-content-1106\"><span class=\"eael-accordion-tab-title\">Sono passato da un modem SB2 ad un SB2+ quale cavo devo collegare? <\/span><span class=\"eael-advanced-accordion-icon-closed\"><i aria-hidden=\"true\" class=\"fa-accordion-icon fas fa-plus\"><\/i><\/span><span class=\"eael-advanced-accordion-icon-opened\"><i aria-hidden=\"true\" class=\"fa-accordion-icon fas fa-minus\"><\/i><\/span><\/div><div id=\"elementor-tab-content-1106\" class=\"eael-accordion-content clearfix\" data-tab=\"6\" aria-labelledby=\"sono-passato-da-un-modem-sb2-ad-un-sb2-quale-cavo-devo-collegare-\"><p><span class=\"TextRun SCXW42578366 BCX0\"><span class=\"NormalTextRun SCXW42578366 BCX0\">I collegamenti sono identici. <\/span><span class=\"NormalTextRun SCXW42578366 BCX0\">L\u2019unica<\/span><span class=\"NormalTextRun SCXW42578366 BCX0\"> cosa che cambia con il modem SB2+ \u00e8 che vi servir\u00e0 un cavo Ethernet per le porte LAN solo se vorrete collegare con cavo degli apparati: se vorrete utilizzare solo la funzione WIFI non sar\u00e0 necessario collegare alcun cavo Ethernet   <\/span><span class=\"NormalTextRun SCXW42578366 BCX0\">alle porte LAN<\/span><span class=\"NormalTextRun SCXW42578366 BCX0\">.<\/span><\/span><span class=\"EOP SCXW42578366 BCX0\"> <\/span><\/p>\n<\/div>\n\t\t\t\t\t<\/div><\/div>\t\t\t\t<\/div>\n\t\t\t\t<\/div>\n\t\t\t\t\t<\/div>\n\t\t<\/div>\n\t\t\t\t\t<\/div>\n\t\t<\/section>\n\t\t\t\t<\/div>\n\t\t","protected":false},"excerpt":{"rendered":"<p>FAQ Tecniche Troverete le risposte ad alcune delle domande tecniche che spesso ci vengono poste dai nostri clienti. La mia connessione ha smesso di funzionare, come devo procedere? Ci sono diverse verifiche da effettuare se non riuscite a navigare. Ecco le azioni consigliate, prima di contattarci: Spegnere e riaccendere: Sebbene possa sembrare una banalit\u00e0, sarete [&hellip;]<\/p>\n","protected":false},"author":1,"featured_media":0,"parent":0,"menu_order":0,"comment_status":"closed","ping_status":"closed","template":"","meta":{"_acf_changed":false,"site-sidebar-layout":"no-sidebar","site-content-layout":"page-builder","ast-site-content-layout":"default","site-content-style":"default","site-sidebar-style":"default","ast-global-header-display":"","ast-banner-title-visibility":"","ast-main-header-display":"","ast-hfb-above-header-display":"","ast-hfb-below-header-display":"","ast-hfb-mobile-header-display":"","site-post-title":"disabled","ast-breadcrumbs-content":"","ast-featured-img":"disabled","footer-sml-layout":"","ast-disable-related-posts":"","theme-transparent-header-meta":"","adv-header-id-meta":"","stick-header-meta":"","header-above-stick-meta":"","header-main-stick-meta":"","header-below-stick-meta":"","astra-migrate-meta-layouts":"default","ast-page-background-enabled":"default","ast-page-background-meta":{"desktop":{"background-color":"","background-image":"","background-repeat":"repeat","background-position":"center center","background-size":"auto","background-attachment":"scroll","background-type":"","background-media":"","overlay-type":"","overlay-color":"","overlay-opacity":"","overlay-gradient":""},"tablet":{"background-color":"","background-image":"","background-repeat":"repeat","background-position":"center center","background-size":"auto","background-attachment":"scroll","background-type":"","background-media":"","overlay-type":"","overlay-color":"","overlay-opacity":"","overlay-gradient":""},"mobile":{"background-color":"","background-image":"","background-repeat":"repeat","background-position":"center center","background-size":"auto","background-attachment":"scroll","background-type":"","background-media":"","overlay-type":"","overlay-color":"","overlay-opacity":"","overlay-gradient":""}},"ast-content-background-meta":{"desktop":{"background-color":"var(--ast-global-color-5)","background-image":"","background-repeat":"repeat","background-position":"center center","background-size":"auto","background-attachment":"scroll","background-type":"","background-media":"","overlay-type":"","overlay-color":"","overlay-opacity":"","overlay-gradient":""},"tablet":{"background-color":"var(--ast-global-color-5)","background-image":"","background-repeat":"repeat","background-position":"center center","background-size":"auto","background-attachment":"scroll","background-type":"","background-media":"","overlay-type":"","overlay-color":"","overlay-opacity":"","overlay-gradient":""},"mobile":{"background-color":"var(--ast-global-color-5)","background-image":"","background-repeat":"repeat","background-position":"center center","background-size":"auto","background-attachment":"scroll","background-type":"","background-media":"","overlay-type":"","overlay-color":"","overlay-opacity":"","overlay-gradient":""}},"footnotes":""},"class_list":["post-3425","page","type-page","status-publish","hentry"],"acf":[],"_links":{"self":[{"href":"https:\/\/brdy.com\/it\/wp-json\/wp\/v2\/pages\/3425","targetHints":{"allow":["GET"]}}],"collection":[{"href":"https:\/\/brdy.com\/it\/wp-json\/wp\/v2\/pages"}],"about":[{"href":"https:\/\/brdy.com\/it\/wp-json\/wp\/v2\/types\/page"}],"author":[{"embeddable":true,"href":"https:\/\/brdy.com\/it\/wp-json\/wp\/v2\/users\/1"}],"replies":[{"embeddable":true,"href":"https:\/\/brdy.com\/it\/wp-json\/wp\/v2\/comments?post=3425"}],"version-history":[{"count":7,"href":"https:\/\/brdy.com\/it\/wp-json\/wp\/v2\/pages\/3425\/revisions"}],"predecessor-version":[{"id":4332,"href":"https:\/\/brdy.com\/it\/wp-json\/wp\/v2\/pages\/3425\/revisions\/4332"}],"wp:attachment":[{"href":"https:\/\/brdy.com\/it\/wp-json\/wp\/v2\/media?parent=3425"}],"curies":[{"name":"wp","href":"https:\/\/api.w.org\/{rel}","templated":true}]}}