{"id":3415,"date":"2023-07-03T09:34:57","date_gmt":"2023-07-03T09:34:57","guid":{"rendered":"https:\/\/brdy.com\/it\/ottimizzazione-dei-consumi\/"},"modified":"2023-08-02T15:06:31","modified_gmt":"2023-08-02T15:06:31","slug":"ottimizzazione-dei-consumi","status":"publish","type":"page","link":"https:\/\/brdy.com\/it\/ottimizzazione-dei-consumi\/","title":{"rendered":"Ottimizzazione dei consumi"},"content":{"rendered":"\t\t<div data-elementor-type=\"wp-page\" data-elementor-id=\"3415\" class=\"elementor elementor-3415 elementor-2173\" data-elementor-post-type=\"page\">\n\t\t\t\t\t\t<section class=\"elementor-section elementor-top-section elementor-element elementor-element-2709fba elementor-section-boxed elementor-section-height-default elementor-section-height-default\" data-id=\"2709fba\" data-element_type=\"section\" data-e-type=\"section\" data-settings=\"{&quot;background_background&quot;:&quot;classic&quot;}\">\n\t\t\t\t\t\t<div class=\"elementor-container elementor-column-gap-default\">\n\t\t\t\t\t<div class=\"elementor-column elementor-col-100 elementor-top-column elementor-element elementor-element-06f2a20\" data-id=\"06f2a20\" data-element_type=\"column\" data-e-type=\"column\">\n\t\t\t<div class=\"elementor-widget-wrap elementor-element-populated\">\n\t\t\t\t\t\t<section class=\"elementor-section elementor-inner-section elementor-element elementor-element-6e1302e elementor-section-boxed elementor-section-height-default elementor-section-height-default\" data-id=\"6e1302e\" data-element_type=\"section\" data-e-type=\"section\">\n\t\t\t\t\t\t<div class=\"elementor-container elementor-column-gap-default\">\n\t\t\t\t\t<div class=\"elementor-column elementor-col-100 elementor-inner-column elementor-element elementor-element-60d81eb\" data-id=\"60d81eb\" data-element_type=\"column\" data-e-type=\"column\">\n\t\t\t<div class=\"elementor-widget-wrap elementor-element-populated\">\n\t\t\t\t\t\t<div class=\"elementor-element elementor-element-9ca2e82 eael-dual-header-content-align-center elementor-widget elementor-widget-eael-dual-color-header\" data-id=\"9ca2e82\" data-element_type=\"widget\" data-e-type=\"widget\" data-widget_type=\"eael-dual-color-header.default\">\n\t\t\t\t<div class=\"elementor-widget-container\">\n\t\t\t\t\t\t\t\t<div class=\"eael-dual-header\">\n\t\t\t\t<h2 class=\"title eael-dch-title\"><span class=\"eael-dch-title-text eael-dch-title-lead lead solid-color\">Ottimizzazione<\/span> <span class=\"eael-dch-title-text\">dei consumi<\/span><\/h2>\t\t\t<\/div>\n\n\t\t\t\t\t\t<\/div>\n\t\t\t\t<\/div>\n\t\t\t\t\t<\/div>\n\t\t<\/div>\n\t\t\t\t\t<\/div>\n\t\t<\/section>\n\t\t\t\t<div class=\"elementor-element elementor-element-dd0c362 elementor-widget-divider--view-line elementor-widget elementor-widget-divider\" data-id=\"dd0c362\" data-element_type=\"widget\" data-e-type=\"widget\" data-widget_type=\"divider.default\">\n\t\t\t\t<div class=\"elementor-widget-container\">\n\t\t\t\t\t\t\t<div class=\"elementor-divider\">\n\t\t\t<span class=\"elementor-divider-separator\">\n\t\t\t\t\t\t<\/span>\n\t\t<\/div>\n\t\t\t\t\t\t<\/div>\n\t\t\t\t<\/div>\n\t\t\t\t<div class=\"elementor-element elementor-element-275afc2 elementor-widget elementor-widget-text-editor\" data-id=\"275afc2\" data-element_type=\"widget\" data-e-type=\"widget\" data-widget_type=\"text-editor.default\">\n\t\t\t\t<div class=\"elementor-widget-container\">\n\t\t\t\t\t\t\t\t\t<p><b><span data-contrast=\"none\">Suggerimenti, trucchi e consigli degli esperti sul consumo di dati<\/span><\/b> <br \/><span data-contrast=\"none\">I prezzi dei nostri pacchetti differiscono l\u2019uno dall\u2019altro in base alle diverse quantit\u00e0 di dati prioritizzati mensili. Riteniamo che ci\u00f2 renda le cose pi\u00f9 eque, in quanto ciascuno pu\u00f2 scegliere un pacchetto che si adatti maggiormente all&#8217;uso che fa di Internet. In questo modo gli utenti occasionali che navigano in internet e inviano e-mail, pagano molto meno di una famiglia di quattro persone con pi\u00f9 dispositivi o di una piccola azienda. Per aiutarvi a ottenere il massimo dal vostro servizio Brdy e a capire come il vostro utilizzo influisce sui vostri dati, ecco alcuni fatti e consigli.   <\/span><span data-ccp-props=\"{\"134233117\":true,\"134233118\":true,\"201341983\":0,\"335559739\":160,\"335559740\":240}\"> <\/span><\/p>\n<p><b><span data-contrast=\"none\">Uso tipico della connessione a banda larga Brdy<\/span><\/b> <br \/><span data-contrast=\"none\">La seguente tabella suggerisce il volume di dati che la vostra connessione a banda larga Brdy utilizzer\u00e0 per una serie di attivit\u00e0 standard. Si tratta solo di una linea guida, poich\u00e9 le quantit\u00e0 esatte dipendono da fattori quali il sistema operativo, il browser e il volume di ciascun download. <\/span><span data-ccp-props=\"{\"134233117\":true,\"134233118\":true,\"201341983\":0,\"335559739\":160,\"335559740\":240}\"> <\/span><\/p>\n\t\t\t\t\t\t\t\t<\/div>\n\t\t\t\t<\/div>\n\t\t\t\t<div class=\"elementor-element elementor-element-31827d4 elementor-widget elementor-widget-text-editor\" data-id=\"31827d4\" data-element_type=\"widget\" data-e-type=\"widget\" data-widget_type=\"text-editor.default\">\n\t\t\t\t<div class=\"elementor-widget-container\">\n\t\t\t\t\t\t\t\t\t<table style=\"font-weight: 400;\" data-tablestyle=\"MsoNormalTable\" data-tablelook=\"1184\" aria-rowcount=\"11\">\n<tbody>\n<tr aria-rowindex=\"1\">\n<td data-celllook=\"69905\">\n<p><b><span data-contrast=\"auto\">Attivit\u00e0<\/span><\/b><span data-ccp-props=\"{\"201341983\":0,\"335559739\":0,\"335559740\":240}\"> <\/span><\/p>\n<\/td>\n<td data-celllook=\"69905\">\n<p><b><span data-contrast=\"auto\">Dati Consumati<\/span><\/b><span data-ccp-props=\"{\"201341983\":0,\"335559739\":0,\"335559740\":240}\"> <\/span><\/p>\n<\/td>\n<\/tr>\n<tr aria-rowindex=\"2\">\n<td data-celllook=\"69905\">\n<p><span data-contrast=\"none\">Email<\/span><span data-ccp-props=\"{\"201341983\":0,\"335559739\":0,\"335559740\":240}\"> <\/span><\/p>\n<\/td>\n<td data-celllook=\"69905\">\n<p><span data-contrast=\"none\">200 email = 70MB (in base agli <\/span><span data-ccp-props=\"{\"201341983\":0,\"335559739\":0,\"335559740\":240}\"> <\/span><\/p>\n<p><span data-contrast=\"none\">allegati)<\/span><span data-ccp-props=\"{\"201341983\":0,\"335559739\":0,\"335559740\":240}\"> <\/span><\/p>\n<\/td>\n<\/tr>\n<tr aria-rowindex=\"3\">\n<td data-celllook=\"69905\">\n<p><span data-contrast=\"none\">VoIP\/Skype<\/span><span data-ccp-props=\"{\"201341983\":0,\"335559739\":0,\"335559740\":240}\"> <\/span><\/p>\n<\/td>\n<td data-celllook=\"69905\">\n<p><span data-contrast=\"none\">Chiamata Voce = 0.73 MB\/min<\/span> <br \/><span data-contrast=\"none\">Videochiamata = 2.12 MB\/min<\/span><span data-ccp-props=\"{\"201341983\":0,\"335559739\":0,\"335559740\":240}\"> <\/span><\/p>\n<\/td>\n<\/tr>\n<tr aria-rowindex=\"4\">\n<td data-celllook=\"69905\">\n<p><span data-contrast=\"none\">Videochiamata = 2.12 MB\/min<\/span><span data-ccp-props=\"{\"201341983\":0,\"335559739\":0,\"335559740\":240}\"> <\/span><\/p>\n<\/td>\n<td data-celllook=\"69905\">\n<p><span data-contrast=\"none\">20 ore = 1.5GB<\/span><span data-ccp-props=\"{\"201341983\":0,\"335559739\":0,\"335559740\":240}\"> <\/span><\/p>\n<\/td>\n<\/tr>\n<tr aria-rowindex=\"5\">\n<td data-celllook=\"69905\">\n<p><span data-contrast=\"none\">Download di musica da iTunes<\/span><span data-ccp-props=\"{\"201341983\":0,\"335559739\":0,\"335559740\":240}\"> <\/span><\/p>\n<\/td>\n<td data-celllook=\"69905\">\n<p><span data-contrast=\"none\">120MB\/ora<\/span><span data-ccp-props=\"{\"201341983\":0,\"335559739\":0,\"335559740\":240}\"> <\/span><\/p>\n<\/td>\n<\/tr>\n<tr aria-rowindex=\"6\">\n<td data-celllook=\"69905\">\n<p><span data-contrast=\"none\">Download di un film a bassa definizione<\/span><span data-ccp-props=\"{\"201341983\":0,\"335559739\":0,\"335559740\":240}\"> <\/span><\/p>\n<\/td>\n<td data-celllook=\"69905\">\n<p><span data-contrast=\"none\">0.75GB per film<\/span><span data-ccp-props=\"{\"201341983\":0,\"335559739\":0,\"335559740\":240}\"> <\/span><\/p>\n<\/td>\n<\/tr>\n<tr aria-rowindex=\"7\">\n<td data-celllook=\"69905\">\n<p><span data-contrast=\"none\">Download di un film ad alta definizione<\/span><span data-ccp-props=\"{\"201341983\":0,\"335559739\":0,\"335559740\":240}\"> <\/span><\/p>\n<\/td>\n<td data-celllook=\"69905\">\n<p><span data-contrast=\"none\">3.5-4.5GB per film<\/span><span data-ccp-props=\"{\"201341983\":0,\"335559739\":0,\"335559740\":240}\"> <\/span><\/p>\n<\/td>\n<\/tr>\n<tr aria-rowindex=\"8\">\n<td data-celllook=\"69905\">\n<p><span data-contrast=\"none\">Spotify<\/span><span data-ccp-props=\"{\"201341983\":0,\"335559739\":0,\"335559740\":240}\"> <\/span><\/p>\n<\/td>\n<td data-celllook=\"69905\">\n<p><span data-contrast=\"none\">7.25 ore = 1GB<\/span><span data-ccp-props=\"{\"201341983\":0,\"335559739\":0,\"335559740\":240}\"> <\/span><\/p>\n<\/td>\n<\/tr>\n<tr aria-rowindex=\"9\">\n<td data-celllook=\"69905\">\n<p><span data-contrast=\"none\">Catch-Up TV<\/span><span data-ccp-props=\"{\"201341983\":0,\"335559739\":0,\"335559740\":240}\"> <\/span><\/p>\n<\/td>\n<td data-celllook=\"69905\">\n<p><span data-contrast=\"none\">Normale 1 ora = 0.75GB<\/span> <br \/><span data-contrast=\"none\">HD 1 ora = 2.75GB<\/span><span data-ccp-props=\"{\"201341983\":0,\"335559739\":0,\"335559740\":240}\"> <\/span><\/p>\n<\/td>\n<\/tr>\n<tr aria-rowindex=\"10\">\n<td data-celllook=\"69905\">\n<p><span data-contrast=\"none\">Software updates<\/span><span data-ccp-props=\"{\"201341983\":0,\"335559739\":0,\"335559740\":240}\"> <\/span><\/p>\n<\/td>\n<td data-celllook=\"69905\">\n<p><span data-contrast=\"none\">Fino a 5GB<\/span><span data-ccp-props=\"{\"201341983\":0,\"335559739\":0,\"335559740\":240}\"> <\/span><\/p>\n<\/td>\n<\/tr>\n<tr aria-rowindex=\"11\">\n<td data-celllook=\"69905\">\n<p><span data-contrast=\"none\">YouTube\/Netflix\/Visualizzazione Video online<\/span><span data-ccp-props=\"{\"201341983\":0,\"335559739\":0,\"335559740\":240}\"> <\/span><\/p>\n<\/td>\n<td data-celllook=\"69905\">\n<p><span data-contrast=\"none\">30min = 0.2GB<\/span><span data-ccp-props=\"{\"201341983\":0,\"335559739\":0,\"335559740\":240}\"> <\/span><\/p>\n<\/td>\n<\/tr>\n<\/tbody>\n<\/table>\n\t\t\t\t\t\t\t\t<\/div>\n\t\t\t\t<\/div>\n\t\t\t\t<div class=\"elementor-element elementor-element-0f20897 elementor-widget elementor-widget-text-editor\" data-id=\"0f20897\" data-element_type=\"widget\" data-e-type=\"widget\" data-widget_type=\"text-editor.default\">\n\t\t\t\t<div class=\"elementor-widget-container\">\n\t\t\t\t\t\t\t\t\t<p><b><span data-contrast=\"none\">Consigli per gli esperti<\/span><\/b> <br \/><span data-contrast=\"none\">Molti dei nostri pacchetti includono una fascia notturna gratuita e illimitata. Questi servizi possono essere aggiunti come optional e sono ottimi per programmare il download di TV o film. \u00c8 anche possibile disattivare gli aggiornamenti automatici del software e programmarli di notte. Il nostro team di assistenza tecnica sar\u00e0 lieto di aiutarvi a configurarli, quindi non esitate a chiamarci.    <\/span><span data-ccp-props=\"{\"134233117\":true,\"134233118\":true,\"201341983\":0,\"335559739\":160,\"335559740\":240}\"> <\/span><\/p>\n<p><b><span data-contrast=\"none\">Disattivare tutte le app su qualsiasi dispositivo connesso alla rete Wi-Fi.<\/span><\/b> <br \/><span data-contrast=\"none\">Le app possono semplificarci la vita, ma alcune utilizzano una grande quantit\u00e0 di dati. Se il vostro volume di dati mensile non \u00e8 sufficiente, cercate di capire quali app la consumano anche quando pensate che il vostro telefono o iPad sia in modalit\u00e0 standby. Se avete bisogno di aiuto, rivolgetevi al nostro team di assistenza tecnica.  <\/span><span data-ccp-props=\"{\"134233117\":true,\"134233118\":true,\"201341983\":0,\"335559739\":160,\"335559740\":240}\"> <\/span><\/p>\n<p><b><span data-contrast=\"none\">Organizzate le vostre abitudini di streaming giornaliero<\/span><\/b> <br \/><span data-contrast=\"none\">Lo streaming di TV o video su Internet consuma molti dati. Quindi, se lo stesso programma o film pu\u00f2 essere guardato sulla TV terrestre o satellitare, che non utilizzano i dati Brdy, \u00e8 preferibile per non consumare troppi dati. Se siete in difficolt\u00e0 con il consumo di dati, consigliamo di stabilire delle regole di gestione domestica per YouTube, Netflix e altri siti web ad alto consumo di dati.  <\/span><span data-ccp-props=\"{\"134233117\":true,\"134233118\":true,\"201341983\":0,\"335559739\":160,\"335559740\":240}\"> <\/span><\/p>\n<p><b><span data-contrast=\"none\">Monitorare attentamente il consumo di dati<\/span><\/b> <br \/><span data-contrast=\"none\">Il nostro portale clienti vi mostra la quantit\u00e0 di dati che avete utilizzato rispetto alla vostra disponibilit\u00e0 mensile. Se siete preoccupati per il vostro consumo di dati o volete vedere come vengono consumati, ecco alcuni modi per farlo: <\/span><span data-ccp-props=\"{\"134233117\":true,\"134233118\":true,\"201341983\":0,\"335559739\":160,\"335559740\":240}\"> <\/span><\/p>\n<p><b><span data-contrast=\"none\">Tablets e telefoni con Android<\/span><\/b> <br \/><span data-contrast=\"none\">\u00c8 possibile scaricare l&#8217;applicazione gratuita Data Monitor da Google Play Store. Utilizzatela per monitorare l&#8217;utilizzo dei dati sul dispositivo nel suo complesso o per applicazione, come Facebook o YouTube. <\/span><span data-ccp-props=\"{\"134233117\":true,\"134233118\":true,\"201341983\":0,\"335559739\":160,\"335559740\":240}\"> <\/span><\/p>\n<p><b><span data-contrast=\"none\">iPhones e iPads<\/span><\/b> <br \/><span data-contrast=\"none\">L&#8217;applicazione Data Monitor \u00e8 specifica per i prodotti Apple e disponibile nell&#8217;App Store. Fornisce una ripartizione del consumo di dati sul dispositivo e un&#8217;analisi pi\u00f9 dettagliata del consumo di dati per applicazione. <\/span><span data-ccp-props=\"{\"134233117\":true,\"134233118\":true,\"201341983\":0,\"335559739\":160,\"335559740\":240}\"> <\/span><\/p>\n<p><b><span data-contrast=\"none\">Laptops e desktop computers<\/span><\/b> <br \/><span data-contrast=\"none\">GlassWire \u00e8 un programma di monitoraggio gratuito del consumo che funziona su Windows, Linux e Mac OSX. Mostra l&#8217;attivit\u00e0 di rete passante e raggruppa i dati in un grafico di facile comprensione. <\/span><span data-ccp-props=\"{\"134233117\":true,\"134233118\":true,\"201341983\":0,\"335559739\":160,\"335559740\":240}\"> <\/span><\/p>\n<p><b><span data-contrast=\"none\">Sicurezza e reti locali<\/span><\/b> <br \/><span data-contrast=\"none\">Se avete la sensazione che il vostro traffico venga consumato pi\u00f9 rapidamente di quanto pensiate, vi consigliamo di controllare che la vostra rete Wi-Fi sia totalmente sicura e che abbiate scelto una password sicura. In questo modo avrete il controllo completo e impedirete a chiunque altro di collegarsi alla vostra rete e utilizzare i vostri dati. <\/span><span data-ccp-props=\"{\"134233117\":true,\"134233118\":true,\"201341983\":0,\"335559739\":160,\"335559740\":240}\"> <\/span><\/p>\n\t\t\t\t\t\t\t\t<\/div>\n\t\t\t\t<\/div>\n\t\t\t\t\t<\/div>\n\t\t<\/div>\n\t\t\t\t\t<\/div>\n\t\t<\/section>\n\t\t\t\t<\/div>\n\t\t","protected":false},"excerpt":{"rendered":"<p>Ottimizzazione dei consumi Suggerimenti, trucchi e consigli degli esperti sul consumo di dati I prezzi dei nostri pacchetti differiscono l\u2019uno dall\u2019altro in base alle diverse quantit\u00e0 di dati prioritizzati mensili. Riteniamo che ci\u00f2 renda le cose pi\u00f9 eque, in quanto ciascuno pu\u00f2 scegliere un pacchetto che si adatti maggiormente all&#8217;uso che fa di Internet. In [&hellip;]<\/p>\n","protected":false},"author":1,"featured_media":0,"parent":0,"menu_order":0,"comment_status":"closed","ping_status":"closed","template":"","meta":{"_acf_changed":false,"site-sidebar-layout":"no-sidebar","site-content-layout":"page-builder","ast-site-content-layout":"default","site-content-style":"default","site-sidebar-style":"default","ast-global-header-display":"","ast-banner-title-visibility":"","ast-main-header-display":"","ast-hfb-above-header-display":"","ast-hfb-below-header-display":"","ast-hfb-mobile-header-display":"","site-post-title":"disabled","ast-breadcrumbs-content":"","ast-featured-img":"disabled","footer-sml-layout":"","ast-disable-related-posts":"","theme-transparent-header-meta":"","adv-header-id-meta":"","stick-header-meta":"","header-above-stick-meta":"","header-main-stick-meta":"","header-below-stick-meta":"","astra-migrate-meta-layouts":"default","ast-page-background-enabled":"default","ast-page-background-meta":{"desktop":{"background-color":"","background-image":"","background-repeat":"repeat","background-position":"center center","background-size":"auto","background-attachment":"scroll","background-type":"","background-media":"","overlay-type":"","overlay-color":"","overlay-opacity":"","overlay-gradient":""},"tablet":{"background-color":"","background-image":"","background-repeat":"repeat","background-position":"center center","background-size":"auto","background-attachment":"scroll","background-type":"","background-media":"","overlay-type":"","overlay-color":"","overlay-opacity":"","overlay-gradient":""},"mobile":{"background-color":"","background-image":"","background-repeat":"repeat","background-position":"center center","background-size":"auto","background-attachment":"scroll","background-type":"","background-media":"","overlay-type":"","overlay-color":"","overlay-opacity":"","overlay-gradient":""}},"ast-content-background-meta":{"desktop":{"background-color":"var(--ast-global-color-5)","background-image":"","background-repeat":"repeat","background-position":"center center","background-size":"auto","background-attachment":"scroll","background-type":"","background-media":"","overlay-type":"","overlay-color":"","overlay-opacity":"","overlay-gradient":""},"tablet":{"background-color":"var(--ast-global-color-5)","background-image":"","background-repeat":"repeat","background-position":"center center","background-size":"auto","background-attachment":"scroll","background-type":"","background-media":"","overlay-type":"","overlay-color":"","overlay-opacity":"","overlay-gradient":""},"mobile":{"background-color":"var(--ast-global-color-5)","background-image":"","background-repeat":"repeat","background-position":"center center","background-size":"auto","background-attachment":"scroll","background-type":"","background-media":"","overlay-type":"","overlay-color":"","overlay-opacity":"","overlay-gradient":""}},"footnotes":""},"class_list":["post-3415","page","type-page","status-publish","hentry"],"acf":[],"_links":{"self":[{"href":"https:\/\/brdy.com\/it\/wp-json\/wp\/v2\/pages\/3415","targetHints":{"allow":["GET"]}}],"collection":[{"href":"https:\/\/brdy.com\/it\/wp-json\/wp\/v2\/pages"}],"about":[{"href":"https:\/\/brdy.com\/it\/wp-json\/wp\/v2\/types\/page"}],"author":[{"embeddable":true,"href":"https:\/\/brdy.com\/it\/wp-json\/wp\/v2\/users\/1"}],"replies":[{"embeddable":true,"href":"https:\/\/brdy.com\/it\/wp-json\/wp\/v2\/comments?post=3415"}],"version-history":[{"count":1,"href":"https:\/\/brdy.com\/it\/wp-json\/wp\/v2\/pages\/3415\/revisions"}],"predecessor-version":[{"id":3416,"href":"https:\/\/brdy.com\/it\/wp-json\/wp\/v2\/pages\/3415\/revisions\/3416"}],"wp:attachment":[{"href":"https:\/\/brdy.com\/it\/wp-json\/wp\/v2\/media?parent=3415"}],"curies":[{"name":"wp","href":"https:\/\/api.w.org\/{rel}","templated":true}]}}