{"id":4695,"date":"2024-05-29T11:17:33","date_gmt":"2024-05-29T10:17:33","guid":{"rendered":"https:\/\/brdy.com\/hu\/?post_type=product&#038;p=4695"},"modified":"2024-12-13T10:49:15","modified_gmt":"2024-12-13T10:49:15","slug":"brdy-standard-30","status":"publish","type":"product","link":"https:\/\/brdy.com\/hu\/termek\/brdy-standard-30\/","title":{"rendered":"BRDY STANDARD 30"},"content":{"rendered":"<p>korl\u00e1tlan m\u0171holdas internet<\/p>\n","protected":false},"excerpt":{"rendered":"<p>Tapasztald meg a nagy sebess\u00e9g\u0171, z\u00f6kken\u0151mentes online kapcsolatot a <strong>BRDY STANDARD 30<\/strong> szolg\u00e1ltat\u00e1ssal. Ez a m\u0171holdas sz\u00e9less\u00e1v\u00fa csomag leny\u0171g\u00f6z\u0151, ak\u00e1r 50 Mbps let\u00f6lt\u00e9si sebess\u00e9get k\u00edn\u00e1l, lehet\u0151v\u00e9 t\u00e9ve t\u00f6bb eszk\u00f6z egyidej\u0171 csatlakoztat\u00e1s\u00e1t. A <strong>BRDY STANDARD 30<\/strong> kiemelkedik megb\u00edzhat\u00f3 kapcsolat\u00e1val m\u00e9g t\u00e1voli helyeken is. Az innovat\u00edv m\u0171holdas technol\u00f3gi\u00e1t kihaszn\u00e1lva \u00e1thidalja a digit\u00e1lis szakad\u00e9kot ott, ahov\u00e1 a hagyom\u00e1nyos vezet\u00e9kes kapcsolatok nem \u00e9rnek el. R\u00e1ad\u00e1sul a telep\u00edt\u00e9s probl\u00e9mamentes (professzion\u00e1lis vagy otthoni telep\u00edt\u00e9s), nem ig\u00e9nyel bonyolult k\u00e1belez\u00e9st vagy f\u00f6ldalatti k\u00e1belbe\u00e9p\u00edt\u00e9st. A BRDY-val \u00e9rt\u00e9ket \u00e9s rugalmass\u00e1got kap. \u00c1rmegfelel\u00e9si garanci\u00e1nk \u00e9s 30 napos rugalmas szerz\u0151d\u00e9s\u00fcnk biztos\u00edtja, hogy a legjobb aj\u00e1nlatot kapja hossz\u00fa t\u00e1v\u00fa k\u00f6telezetts\u00e9gek n\u00e9lk\u00fcl. N\u00f6veld az internetez\u00e9si \u00e9lm\u00e9nyed m\u00e9g ma a <strong>BRDY STANDARD 30<\/strong> szolg\u00e1ltat\u00e1ssal.<\/p>\n<p><img decoding=\"async\" class=\"aligncenter\" src=\"https:\/\/brdy.com\/hu\/wp-content\/uploads\/2023\/06\/UK-Homepage-Brdy.jpg\" alt=\"\" \/><\/p>\n","protected":false},"featured_media":0,"comment_status":"closed","ping_status":"closed","template":"","meta":{"_acf_changed":false,"site-sidebar-layout":"default","site-content-layout":"default","ast-site-content-layout":"default","site-content-style":"default","site-sidebar-style":"default","ast-global-header-display":"","ast-banner-title-visibility":"","ast-main-header-display":"","ast-hfb-above-header-display":"","ast-hfb-below-header-display":"","ast-hfb-mobile-header-display":"","site-post-title":"","ast-breadcrumbs-content":"","ast-featured-img":"","footer-sml-layout":"","ast-disable-related-posts":"","theme-transparent-header-meta":"default","adv-header-id-meta":"","stick-header-meta":"","header-above-stick-meta":"","header-main-stick-meta":"","header-below-stick-meta":"","astra-migrate-meta-layouts":"set","ast-page-background-enabled":"default","ast-page-background-meta":{"desktop":{"background-color":"","background-image":"","background-repeat":"repeat","background-position":"center center","background-size":"auto","background-attachment":"scroll","background-type":"","background-media":"","overlay-type":"","overlay-color":"","overlay-opacity":"","overlay-gradient":""},"tablet":{"background-color":"","background-image":"","background-repeat":"repeat","background-position":"center center","background-size":"auto","background-attachment":"scroll","background-type":"","background-media":"","overlay-type":"","overlay-color":"","overlay-opacity":"","overlay-gradient":""},"mobile":{"background-color":"","background-image":"","background-repeat":"repeat","background-position":"center center","background-size":"auto","background-attachment":"scroll","background-type":"","background-media":"","overlay-type":"","overlay-color":"","overlay-opacity":"","overlay-gradient":""}},"ast-content-background-meta":{"desktop":{"background-color":"var(--ast-global-color-5)","background-image":"","background-repeat":"repeat","background-position":"center center","background-size":"auto","background-attachment":"scroll","background-type":"","background-media":"","overlay-type":"","overlay-color":"","overlay-opacity":"","overlay-gradient":""},"tablet":{"background-color":"var(--ast-global-color-5)","background-image":"","background-repeat":"repeat","background-position":"center center","background-size":"auto","background-attachment":"scroll","background-type":"","background-media":"","overlay-type":"","overlay-color":"","overlay-opacity":"","overlay-gradient":""},"mobile":{"background-color":"var(--ast-global-color-5)","background-image":"","background-repeat":"repeat","background-position":"center center","background-size":"auto","background-attachment":"scroll","background-type":"","background-media":"","overlay-type":"","overlay-color":"","overlay-opacity":"","overlay-gradient":""}}},"product_brand":[],"product_cat":[63,54,64,65],"product_tag":[],"class_list":{"0":"post-4695","1":"product","2":"type-product","3":"status-publish","5":"product_cat-4g-5g-2","6":"product_cat-csomag-termek","7":"product_cat-featured-2","8":"product_cat-satellite-2","9":"desktop-align-left","10":"tablet-align-left","11":"mobile-align-left","13":"first","14":"instock","15":"shipping-taxable","16":"purchasable","17":"product-type-simple"},"acf":[],"_links":{"self":[{"href":"https:\/\/brdy.com\/hu\/wp-json\/wp\/v2\/product\/4695","targetHints":{"allow":["GET"]}}],"collection":[{"href":"https:\/\/brdy.com\/hu\/wp-json\/wp\/v2\/product"}],"about":[{"href":"https:\/\/brdy.com\/hu\/wp-json\/wp\/v2\/types\/product"}],"replies":[{"embeddable":true,"href":"https:\/\/brdy.com\/hu\/wp-json\/wp\/v2\/comments?post=4695"}],"wp:attachment":[{"href":"https:\/\/brdy.com\/hu\/wp-json\/wp\/v2\/media?parent=4695"}],"wp:term":[{"taxonomy":"product_brand","embeddable":true,"href":"https:\/\/brdy.com\/hu\/wp-json\/wp\/v2\/product_brand?post=4695"},{"taxonomy":"product_cat","embeddable":true,"href":"https:\/\/brdy.com\/hu\/wp-json\/wp\/v2\/product_cat?post=4695"},{"taxonomy":"product_tag","embeddable":true,"href":"https:\/\/brdy.com\/hu\/wp-json\/wp\/v2\/product_tag?post=4695"}],"curies":[{"name":"wp","href":"https:\/\/api.w.org\/{rel}","templated":true}]}}