{"id":4623,"date":"2023-09-06T16:12:32","date_gmt":"2023-09-06T15:12:32","guid":{"rendered":"https:\/\/brdy.com\/hu\/product\/brdy-superfast\/"},"modified":"2024-12-13T09:41:17","modified_gmt":"2024-12-13T09:41:17","slug":"brdy-superfast","status":"publish","type":"product","link":"https:\/\/brdy.com\/hu\/termek\/brdy-superfast\/","title":{"rendered":"BRDY SUPERFAST 100"},"content":{"rendered":"<p>korl\u00e1tlan m\u0171holdas internet<\/p>\n","protected":false},"excerpt":{"rendered":"<p>A<strong> BRDY SUPERFAST 100<\/strong>, a p\u00e1ratlan online kapcsolat megtapasztal\u00e1sa. Ez a kiv\u00e9teles m\u0171holdas sz\u00e9less\u00e1v\u00fa szolg\u00e1ltat\u00e1s vill\u00e1mgyors, ak\u00e1r 100 Mbps let\u00f6lt\u00e9si sebess\u00e9get k\u00edn\u00e1l, amely t\u00f6k\u00e9letes a nagyobb h\u00e1ztart\u00e1sok, otthoni irod\u00e1k \u00e9s nagy internetfelhaszn\u00e1l\u00f3k sz\u00e1m\u00e1ra, akiknek egyszerre t\u00f6bb eszk\u00f6zt kell csatlakoztatniuk.<\/p>\n<p>A <strong>BRDY SUPERFAST 100<\/strong> robusztus \u00e9s megb\u00edzhat\u00f3 megold\u00e1s az internet hozz\u00e1f\u00e9r\u00e9shez t\u00e1voli helyeken. Fejlett m\u0171holdas technol\u00f3gi\u00e1j\u00e1nak k\u00f6sz\u00f6nhet\u0151en k\u00f6nnyed\u00e9n \u00e1thidalja a digit\u00e1lis szakad\u00e9kot ott, ahov\u00e1 a hagyom\u00e1nyos vezet\u00e9kes kapcsolatok nem \u00e9rnek el. A telep\u00edt\u00e9si folyamat egyszer\u0171 \u00e9s k\u00e9nyelmes, nem ig\u00e9nyel bonyolult k\u00e1belez\u00e9st vagy f\u00f6ldalatti k\u00e1belbe\u00e9p\u00edt\u00e9st &#8211; telep\u00edt\u0151 partner\u00fcnk szakszer\u0171 l\u00e9tes\u00edt\u00e9s\u00e9t k\u00f6vet\u0151en, a modemhez val\u00f3 csatlakoz\u00e1s ut\u00e1n m\u00e1ris online lehetsz.<\/p>\n<p>A BRDY b\u00fcszke arra, hogy kiemelked\u0151 \u00e9rt\u00e9ket \u00e9s rugalmass\u00e1got k\u00edn\u00e1l. Tapasztalja meg a vid\u00e9ki sz\u00e9less\u00e1v j\u00f6v\u0151j\u00e9t m\u00e9g ma a <strong>BRDY SUPERFAST 100<\/strong>-zal.<\/p>\n","protected":false},"featured_media":0,"comment_status":"closed","ping_status":"closed","template":"","meta":{"_acf_changed":false,"site-sidebar-layout":"default","site-content-layout":"default","ast-site-content-layout":"default","site-content-style":"default","site-sidebar-style":"default","ast-global-header-display":"","ast-banner-title-visibility":"","ast-main-header-display":"","ast-hfb-above-header-display":"","ast-hfb-below-header-display":"","ast-hfb-mobile-header-display":"","site-post-title":"","ast-breadcrumbs-content":"","ast-featured-img":"","footer-sml-layout":"","ast-disable-related-posts":"","theme-transparent-header-meta":"default","adv-header-id-meta":"","stick-header-meta":"","header-above-stick-meta":"","header-main-stick-meta":"","header-below-stick-meta":"","astra-migrate-meta-layouts":"set","ast-page-background-enabled":"default","ast-page-background-meta":{"desktop":{"background-color":"","background-image":"","background-repeat":"repeat","background-position":"center center","background-size":"auto","background-attachment":"scroll","background-type":"","background-media":"","overlay-type":"","overlay-color":"","overlay-opacity":"","overlay-gradient":""},"tablet":{"background-color":"","background-image":"","background-repeat":"repeat","background-position":"center center","background-size":"auto","background-attachment":"scroll","background-type":"","background-media":"","overlay-type":"","overlay-color":"","overlay-opacity":"","overlay-gradient":""},"mobile":{"background-color":"","background-image":"","background-repeat":"repeat","background-position":"center center","background-size":"auto","background-attachment":"scroll","background-type":"","background-media":"","overlay-type":"","overlay-color":"","overlay-opacity":"","overlay-gradient":""}},"ast-content-background-meta":{"desktop":{"background-color":"var(--ast-global-color-5)","background-image":"","background-repeat":"repeat","background-position":"center center","background-size":"auto","background-attachment":"scroll","background-type":"","background-media":"","overlay-type":"","overlay-color":"","overlay-opacity":"","overlay-gradient":""},"tablet":{"background-color":"var(--ast-global-color-5)","background-image":"","background-repeat":"repeat","background-position":"center center","background-size":"auto","background-attachment":"scroll","background-type":"","background-media":"","overlay-type":"","overlay-color":"","overlay-opacity":"","overlay-gradient":""},"mobile":{"background-color":"var(--ast-global-color-5)","background-image":"","background-repeat":"repeat","background-position":"center center","background-size":"auto","background-attachment":"scroll","background-type":"","background-media":"","overlay-type":"","overlay-color":"","overlay-opacity":"","overlay-gradient":""}}},"product_brand":[],"product_cat":[63,54,64,65],"product_tag":[55],"class_list":{"0":"post-4623","1":"product","2":"type-product","3":"status-publish","5":"product_cat-4g-5g-2","6":"product_cat-csomag-termek","7":"product_cat-featured-2","8":"product_cat-satellite-2","9":"product_tag-legnepszerubb","10":"desktop-align-left","11":"tablet-align-left","12":"mobile-align-left","14":"first","15":"instock","16":"shipping-taxable","17":"purchasable","18":"product-type-simple"},"acf":[],"_links":{"self":[{"href":"https:\/\/brdy.com\/hu\/wp-json\/wp\/v2\/product\/4623","targetHints":{"allow":["GET"]}}],"collection":[{"href":"https:\/\/brdy.com\/hu\/wp-json\/wp\/v2\/product"}],"about":[{"href":"https:\/\/brdy.com\/hu\/wp-json\/wp\/v2\/types\/product"}],"replies":[{"embeddable":true,"href":"https:\/\/brdy.com\/hu\/wp-json\/wp\/v2\/comments?post=4623"}],"wp:attachment":[{"href":"https:\/\/brdy.com\/hu\/wp-json\/wp\/v2\/media?parent=4623"}],"wp:term":[{"taxonomy":"product_brand","embeddable":true,"href":"https:\/\/brdy.com\/hu\/wp-json\/wp\/v2\/product_brand?post=4623"},{"taxonomy":"product_cat","embeddable":true,"href":"https:\/\/brdy.com\/hu\/wp-json\/wp\/v2\/product_cat?post=4623"},{"taxonomy":"product_tag","embeddable":true,"href":"https:\/\/brdy.com\/hu\/wp-json\/wp\/v2\/product_tag?post=4623"}],"curies":[{"name":"wp","href":"https:\/\/api.w.org\/{rel}","templated":true}]}}