{"id":4985,"date":"2023-07-03T09:38:51","date_gmt":"2023-07-03T08:38:51","guid":{"rendered":"https:\/\/brdy.com\/hu\/tisztesseges-hasznalati-iranyelv\/"},"modified":"2024-06-13T18:31:58","modified_gmt":"2024-06-13T17:31:58","slug":"tisztesseges-hasznalati-iranyelv","status":"publish","type":"page","link":"https:\/\/brdy.com\/hu\/tisztesseges-hasznalati-iranyelv\/","title":{"rendered":"Tisztess\u00e9ges haszn\u00e1lati ir\u00e1nyelv"},"content":{"rendered":"\t\t<div data-elementor-type=\"wp-page\" data-elementor-id=\"4985\" class=\"elementor elementor-4985 elementor-2182\" data-elementor-post-type=\"page\">\n\t\t\t\t\t\t<section class=\"elementor-section elementor-top-section elementor-element elementor-element-fde715c elementor-section-boxed elementor-section-height-default elementor-section-height-default\" data-id=\"fde715c\" data-element_type=\"section\" data-e-type=\"section\">\n\t\t\t\t\t\t<div class=\"elementor-container elementor-column-gap-default\">\n\t\t\t\t\t<div class=\"elementor-column elementor-col-100 elementor-top-column elementor-element elementor-element-93f38e2\" data-id=\"93f38e2\" data-element_type=\"column\" data-e-type=\"column\">\n\t\t\t<div class=\"elementor-widget-wrap elementor-element-populated\">\n\t\t\t\t\t\t<div class=\"elementor-element elementor-element-346fccb eael-dual-header-content-align-center elementor-widget elementor-widget-eael-dual-color-header\" data-id=\"346fccb\" data-element_type=\"widget\" data-e-type=\"widget\" data-widget_type=\"eael-dual-color-header.default\">\n\t\t\t\t<div class=\"elementor-widget-container\">\n\t\t\t\t\t\t\t\t<div class=\"eael-dual-header\">\n\t\t\t\t<h2 class=\"title eael-dch-title\"><span class=\"eael-dch-title-text eael-dch-title-lead lead solid-color\">TISZTESS\u00c9GES HASZN\u00c1LATI<\/span> <span class=\"eael-dch-title-text\">IR\u00c1NYELVEK<\/span><\/h2>\t\t\t<\/div>\n\n\t\t\t\t\t\t<\/div>\n\t\t\t\t<\/div>\n\t\t\t\t<div class=\"elementor-element elementor-element-e8d8988 elementor-widget elementor-widget-text-editor\" data-id=\"e8d8988\" data-element_type=\"widget\" data-e-type=\"widget\" data-widget_type=\"text-editor.default\">\n\t\t\t\t<div class=\"elementor-widget-container\">\n\t\t\t\t\t\t\t\t\t<h2>I. R\u00c9SZ: \u00c1TTEKINT\u00c9S<\/h2><p>A KA-Sat m\u0171holdon kereszt\u00fcl biztos\u00edtunk m\u0171holdas sz\u00e9less\u00e1v\u00fa szolg\u00e1ltat\u00e1sokat. 2021. \u00e1prilis 30. \u00f3ta a KA-Sat m\u0171hold tulajdonosa \u00e9s fenntart\u00f3ja a Viasat Inc.<\/p><p>Az Eutelsat nem vesz r\u00e9szt a v\u00e9gfelhaszn\u00e1l\u00f3kkal vagy az el\u0151fizet\u0151kkel folytatott kommunik\u00e1ci\u00f3ban. Az \u00fcgyfelek szempontj\u00e1b\u00f3l egyed\u00fcli szerepe, hogy kezelje a m\u0171holdas technol\u00f3giai h\u00e1tteret , \u00e9s ir\u00e1ny\u00edtsa a h\u00e1l\u00f3zat forgalm\u00e1t.<\/p><p>A Tooway anyav\u00e1llalata, a bigblu felel minden f\u00f6ldi szolg\u00e1ltat\u00e1s\u00e9rt, amely k\u00f6zvetlen\u00fcl kapcsol\u00f3dik az \u00fcgyfelekhez (pl. \u00e9rt\u00e9kes\u00edt\u00e9s, sz\u00e1ml\u00e1z\u00e1s, t\u00e1mogat\u00e1s, telep\u00edt\u00e9s \u00e9s logisztika).<\/p><p>A legt\u00f6bb hazai f\u00f6ldfelsz\u00edni sz\u00e9less\u00e1v\u00fa szolg\u00e1ltat\u00e1shoz hasonl\u00f3an az Eutelsat Tooway h\u00e1l\u00f3zata (a \u201eH\u00e1l\u00f3zat\u201d) megosztott \u00e9s az adott k\u00f6r\u00fclm\u00e9nyekt\u0151l f\u00fcgg\u0151 h\u00e1l\u00f3zat; az adott f\u00f6ldrajzi ter\u00fcleten bel\u00fcli el\u0151fizet\u0151knek mindenkor osztozniuk kell a rendelkez\u00e9sre \u00e1ll\u00f3 h\u00e1l\u00f3zati kapacit\u00e1son.<\/p><p>Az Eutelsat c\u00e9lja, hogy minden el\u0151fizet\u0151nek \u201em\u00e9lt\u00e1nyos r\u00e9szesed\u00e9st\u201d ny\u00fajtson ebb\u0151l a kapacit\u00e1sb\u00f3l, mik\u00f6zben magas sz\u00ednvonal\u00fa online felhaszn\u00e1l\u00f3i \u00e9lm\u00e9nyt k\u00edn\u00e1l sz\u00e1mukra.<br \/>Amennyiben az adott f\u00f6ldrajzi ter\u00fcleten a h\u00e1l\u00f3zat terhelt (pl. cs\u00facsid\u0151ben) a szolg\u00e1ltat\u00e1s lelassulhat azon el\u0151fizet\u0151inkn\u00e9l, akik egy adott, kiemelked\u0151en magas adatforgalmat bonyol\u00edtanak. Ennek oka, hogy m\u00e9lt\u00e1nyos hozz\u00e1f\u00e9r\u00e9st tudjunk biztos\u00edtani a h\u00e1l\u00f3zathoz minden felhaszn\u00e1l\u00f3 sz\u00e1m\u00e1ra.<\/p><p>Amennyiben a h\u00e1l\u00f3zati terhelts\u00e9g fenn\u00e1ll, a Bronze csomag eset\u00e9ben a k\u00fcsz\u00f6b\u00e9rt\u00e9k 20 GB, a Silver \u00fcgyfelekn\u00e9l 60 GB, a Gold el\u0151fizet\u00e9sn\u00e9l pedig 120 GB. A h\u00e1l\u00f3zat a k\u00f6vetkez\u0151 gener\u00e1ci\u00f3s m\u0171hold \u00fczembe\u00e1ll\u00e1s\u00e1ig (2021-2022) v\u00e1rhat\u00f3an nem lesz t\u00falterhelt, de nem kiz\u00e1rhat\u00f3, hogy esetenk\u00e9nt el\u0151fordul terhelt id\u0151szak.<\/p><p>Az\u00a0<a href=\"https:\/\/ugyfelkapu.vannet.hu\/login\" target=\"_blank\" rel=\"noopener\">\u00fcgyf\u00e9lport\u00e1lon<\/a>\u00a0kereszt\u00fcl meg\u00e1llap\u00edthatja, milyen hat\u00e1ssal vannak jelenleg a szolg\u00e1ltat\u00e1sra a tisztess\u00e9ges haszn\u00e1lati ir\u00e1nyelvek.<\/p><p>Az Eutelsat olyan h\u00e1l\u00f3zatkezel\u00e9si elj\u00e1r\u00e1sokat alkalmaz, amelyek megakad\u00e1lyozz\u00e1k, hogy egy adott felhaszn\u00e1l\u00f3 ar\u00e1nytalan m\u00e9rt\u00e9kben vegye ig\u00e9nybe a h\u00e1l\u00f3zati er\u0151forr\u00e1sokat. Ezen elj\u00e1r\u00e1sok k\u00f6z\u00f6tt vannak olyanok, amelyeket csak a h\u00e1l\u00f3zat t\u00falterhelts\u00e9ge eset\u00e9n alkalmaznak, \u00e9s olyanok is, amelyeket sz\u00e9lesebb k\u00f6rben haszn\u00e1lnak.<\/p><p>A h\u00e1l\u00f3zati forgalom szintj\u00e9nek \u00e1ltal\u00e1ban nincs jelent\u0151s hat\u00e1sa a felhaszn\u00e1l\u00f3i \u00e9lm\u00e9nyre. Az Eutelsat ezt a c\u00e9lt szem el\u0151tt tartva alak\u00edtotta ki a h\u00e1l\u00f3zat\u00e1t. M\u00e1s esetekben azonban a t\u00fal sok felhaszn\u00e1l\u00f3i ig\u00e9ny egyazon id\u0151szakban t\u00falterhel\u00e9shez (\u201eh\u00e1l\u00f3zati torl\u00f3d\u00e1shoz\u201d) vezethet, melynek sor\u00e1n a teljes s\u00e1vsz\u00e9less\u00e9gig\u00e9ny meghaladja a h\u00e1l\u00f3zaton el\u00e9rhet\u0151t.<\/p><p>Ezekben az id\u0151szakokban az Eutelsat torl\u00f3d\u00e1skezel\u00e9si elj\u00e1r\u00e1sait (r\u00e9szletesebben l\u00e1sd a II. r\u00e9szt) el\u0151sz\u00f6r azokn\u00e1l a felhaszn\u00e1l\u00f3kn\u00e1l alkalmazzuk, akik m\u00e1r felhaszn\u00e1lt\u00e1k az adatfogyaszt\u00e1si profiljuk szerinti forgalom t\u00f6bb mint 100%-\u00e1t . Ennek c\u00e9lja a forgalom kezel\u00e9se olyan m\u00f3don, amely cs\u00f6kkenti a felhaszn\u00e1l\u00f3i \u00e9lm\u00e9nyre gyakorolt hat\u00e1st, tov\u00e1bb\u00e1 megakad\u00e1lyozza, hogy az el\u0151fizet\u0151 t\u00fall\u00e9pje a rendelkez\u00e9sre \u00e1ll\u00f3 kapacit\u00e1s r\u00e1 jut\u00f3 \u201em\u00e9lt\u00e1nyos r\u00e9sz\u00e9t\u201d.<\/p><p>Az int\u00e9zked\u00e9sekkel azt k\u00edv\u00e1njuk el\u00e9rni, hogy a felhaszn\u00e1l\u00f3k t\u00falnyom\u00f3 t\u00f6bbs\u00e9ge jobb \u00e1ltal\u00e1nos szolg\u00e1ltat\u00e1si \u00e9lm\u00e9nyben r\u00e9szes\u00fclj\u00f6n, mint ezen gyakorlatok n\u00e9lk\u00fcl.<\/p><h2>II. R\u00c9SZ: A H\u00c1L\u00d3ZATI TORL\u00d3D\u00c1S KEZEL\u00c9S\u00c9NEK M\u00d3DSZEREI<\/h2><h3>A. A torl\u00f3d\u00e1skezel\u00e9s \u00e1ttekint\u00e9se<\/h3><p>Norm\u00e1l h\u00e1l\u00f3zati forgalom mellett az Eutelsat nem k\u00e9nyszer\u00fcl arra, hogy torl\u00f3d\u00e1skezel\u00e9si elj\u00e1r\u00e1sokat alkalmazzon. Ugyanakkor elmondhat\u00f3, hogy a h\u00e1l\u00f3zati kapacit\u00e1s b\u0151s\u00e9ges ugyan, de nem korl\u00e1tlan. Ez azt jelenti, hogy cs\u00facsid\u0151ben n\u00e9ha elker\u00fclhetetlen a torl\u00f3d\u00e1s, \u00e9s ilyenkor a torl\u00f3d\u00e1skezel\u00e9si elj\u00e1r\u00e1sok gondoskodnak a terhel\u00e9s megfelel\u0151 kezel\u00e9s\u00e9r\u0151l \u00e9s arr\u00f3l, hogy a h\u00e1l\u00f3zat felhaszn\u00e1l\u00f3inak t\u00falnyom\u00f3 r\u00e9sze a lehet\u0151 legjobb szolg\u00e1ltat\u00e1st kapja.<\/p><p>A h\u00e1l\u00f3zati torl\u00f3d\u00e1sok \u00e1ltal\u00e1ban az el\u0151fizet\u0151i v\u00e9gpont \u00e9s az \u00e1tj\u00e1r\u00f3 f\u00f6ldi \u00e1llom\u00e1sa k\u00f6z\u00f6tti \u00f6sszek\u00f6ttet\u00e9sben l\u00e9pnek fel a m\u0171holdas csatorn\u00e1n. Annak meg\u00e1llap\u00edt\u00e1sa \u00e9rdek\u00e9ben, hogy t\u00falterhelt-e a h\u00e1l\u00f3zat, az Eutelsat folyamatosan figyeli a forgalmat az egyes pontnyal\u00e1b-csatorn\u00e1kon. Ha a pillanatnyi forgalmi terhel\u00e9s meghaladja a pontnyal\u00e1bcsatorna rendelkez\u00e9sre \u00e1ll\u00f3 kapacit\u00e1s\u00e1t, az Eutelsat az al\u00e1bbiakban ismertetett torl\u00f3d\u00e1skezel\u00e9si algoritmust \u00e9rv\u00e9nyes\u00edti.<\/p><h3>B. A h\u00e1l\u00f3zati torl\u00f3d\u00e1s felhaszn\u00e1l\u00f3i \u00e9lm\u00e9nyre gyakorolt hat\u00e1s\u00e1nak enyh\u00edt\u00e9se<\/h3><p>Az internetes forgalom \u00e1ltal\u00e1ban \u201ehull\u00e1mz\u00f3\u201d, azaz nem \u00e1lland\u00f3 vagy folyamatos, hanem hirtelen emelked\u00e9sek jellemzik. Id\u0151nk\u00e9nt egy adott pontnyal\u00e1bcsatorna t\u00fal sok felhaszn\u00e1l\u00f3j\u00e1nak t\u00fal nagy kapacit\u00e1sig\u00e9nye ugyanabban az id\u0151szakban azt eredm\u00e9nyezi, hogy a teljes kapacit\u00e1sig\u00e9ny egy pillanatra meghaladja a csatorn\u00e1n rendelkez\u00e9sre \u00e1ll\u00f3 kapacit\u00e1st.<\/p><p>Ilyen esetekben a h\u00e1l\u00f3zaton torl\u00f3d\u00e1s l\u00e9phet fel. A torl\u00f3d\u00e1sok leggyakrabban a h\u00e1l\u00f3zat cs\u00facsterhel\u00e9se sor\u00e1n fordulnak el\u0151, ami helyi id\u0151 szerint k\u00f6r\u00fclbel\u00fcl 17:00 \u00e9s 00:00 k\u00f6z\u00f6tt v\u00e1rhat\u00f3 (\u201ecs\u00facsid\u0151\u201d).<\/p><p>Torl\u00f3d\u00e1sok akkor is el\u0151fordulhatnak bizonyos id\u0151szakokban, amikor a h\u00e1l\u00f3zat korl\u00e1tlanul haszn\u00e1lhat\u00f3 (p\u00e9ld\u00e1ul \u201e\u00e9jszakai korl\u00e1tlan id\u0151szak\u201d).<\/p><p>A torl\u00f3d\u00e1sra \u00e9s az abb\u00f3l ered\u0151 \u00e1tviteli k\u00e9sleltet\u00e9sre egyes alkalmaz\u00e1st\u00edpusok \u00e9rz\u00e9kenyebbek, m\u00e1sok kev\u00e9sb\u00e9. A tartalmak megjelen\u00e9s\u00e9re v\u00e1rakoz\u00f3 felhaszn\u00e1l\u00f3 p\u00e9ld\u00e1ul k\u00e9s\u00e9st \u00e9szlelhet a webhelyek bet\u00f6lt\u00e9sekor. M\u00e1sr\u00e9szr\u0151l a nagym\u00e9ret\u0171 f\u00e1jlokat (pl. szoftverfriss\u00edt\u00e9st) let\u00f6lt\u0151 felhaszn\u00e1l\u00f3ra kev\u00e9sb\u00e9 van hat\u00e1ssal az, hogy a let\u00f6lt\u00e9s a torl\u00f3d\u00e1s ideje alatt hosszabb ideig tart, mivel m\u00e1r eleve sz\u00e1m\u00edt arra, hogy a let\u00f6lt\u00e9shez n\u00e9mi id\u0151 sz\u00fcks\u00e9ges.<\/p><p>Az \u00fcgyfeleknek tiszt\u00e1ban kell lenni\u00fck azzal is, hogy a nyilv\u00e1nos interneten is gyakran el\u0151fordulnak sz\u0171k keresztmetszetek \u00e9s torl\u00f3d\u00e1sok, \u00e9s ha \u201elass\u00fa m\u0171k\u00f6d\u00e9st\u201d tapasztalnak, azt nem felt\u00e9tlen\u00fcl a Tooway h\u00e1l\u00f3zaton fell\u00e9p\u0151 torl\u00f3d\u00e1s okozza.<\/p><p>Az Eutelsat c\u00e9lja \u00fagy \u00fczemeltetni a h\u00e1l\u00f3zatot, hogy minim\u00e1lisra cs\u00f6kkenjen a torl\u00f3d\u00e1sok forgalomra gyakorolt hat\u00e1sa. Ennek \u00e9rdek\u00e9ben az Eutelsat torl\u00f3d\u00e1skezel\u00e9si algoritmusa cs\u00f6kkenti a forgalom okozta terhel\u00e9st, mik\u00f6zben els\u0151bbs\u00e9get ad a kisebb s\u00e1vsz\u00e9less\u00e9g\u0171 szolg\u00e1ltat\u00e1soknak \u00e9s alkalmaz\u00e1soknak, p\u00e9ld\u00e1ul a b\u00f6ng\u00e9sz\u00e9snek \u00e9s az e-maileknek.<\/p><p>A h\u00e1l\u00f3zati torl\u00f3d\u00e1s ink\u00e1bb a nagy s\u00e1vsz\u00e9less\u00e9get ig\u00e9nyl\u0151 alkalmaz\u00e1sokra, p\u00e9ld\u00e1ul a video-adatfolyamokra \u00e9s a f\u00e1jllet\u00f6lt\u00e9sekre van hat\u00e1ssal. Emiatt cs\u00f6kkenthet a video-adatfolyamok min\u0151s\u00e9ge, \u00e9s\/vagy pufferel\u00e9s t\u00f6rt\u00e9nhet. Emellett torl\u00f3d\u00e1s eset\u00e9n a f\u00e1jlok let\u00f6lt\u00e9se is tov\u00e1bb tarthat.<\/p><p>S\u00falyosabb torl\u00f3d\u00e1sok eset\u00e9n minden alkalmaz\u00e1s m\u0171k\u00f6d\u00e9se lelassulhat, \u00e9s ilyen esetekben a webhelyek bet\u00f6lt\u00e9se is hosszabb ideig tarthat. Az Eutelsat \u00e9s a Tooway szolg\u00e1ltat\u00e1s csup\u00e1n \u201ek\u00f6zvet\u00edt\u0151 k\u00f6zegk\u00e9nt\u201d m\u0171k\u00f6dik. Annak ellen\u00e9re, hogy az Eutelsat semmilyen m\u00f3don nem k\u00f6thet\u0151 a h\u00e1l\u00f3zaton kereszt\u00fcl tov\u00e1bb\u00edtott inform\u00e1ci\u00f3khoz, a hat\u00f3s\u00e1g k\u00fcl\u00f6n k\u00e9r\u00e9s\u00e9re az Eutelsat blokkolhatja a hozz\u00e1f\u00e9r\u00e9st bizonyos URL-ekhez.<\/p><p>Az Eutelsat a forgalom semmilyen konkr\u00e9t t\u00edpus\u00e1t nem blokkolja sz\u00e1nd\u00e9kosan (kiv\u00e9ve, ha ez egy adott szolg\u00e1ltat\u00e1si profil jellemz\u0151iben kifejezetten meg van hat\u00e1rozva), de blokkolhat bizonyos TCP\/UDP-portokat \u00e9s\/vagy olyan protokollokat, amelyekr\u0151l \u00e9szszer\u0171en felt\u00e9telezi, hogy fenyegetik a h\u00e1l\u00f3zat biztons\u00e1g\u00e1t.<\/p><h3>C. Extr\u00e9m felhaszn\u00e1l\u00f3k<\/h3><p>Az \u201eextr\u00e9m felhaszn\u00e1l\u00f3\u201d olyan felhaszn\u00e1l\u00f3 (vagy kis felhaszn\u00e1l\u00f3csoport), aki\/amely ar\u00e1nytalan mennyis\u00e9g\u0171 h\u00e1l\u00f3zati er\u0151forr\u00e1st vesz ig\u00e9nybe. Az Eutelsat a H\u00e1l\u00f3zat \u00e1ltal\u00e1nos teljes\u00edtm\u00e9ny\u00e9t \u00e9s az egyes er\u0151forr\u00e1sok haszn\u00e1lat\u00e1t figyelve hat\u00e1rozza meg, hogy egy felhaszn\u00e1l\u00f3 extr\u00e9m felhaszn\u00e1l\u00f3nak min\u0151s\u00fcl-e, \u00e9s \u00edgy akad\u00e1lyozza-e vagy rontja-e a H\u00e1l\u00f3zat m\u0171k\u00f6d\u00e9s\u00e9t \u00e9s\/vagy m\u00e1s felhaszn\u00e1l\u00f3k \u00e1ltali haszn\u00e1lat\u00e1t.<\/p><p>Az Eutelsat fenntartja a jogot, hogy tov\u00e1bbi \u00e9rtes\u00edt\u00e9s n\u00e9lk\u00fcl azonnal korl\u00e1tozza, felf\u00fcggessze vagy megsz\u00fcntesse az extr\u00e9m felhaszn\u00e1l\u00f3k szolg\u00e1ltat\u00e1sfi\u00f3kj\u00e1t.<\/p><h2>III. R\u00c9SZ: WEBB\u00d6NG\u00c9SZ\u00c9S \u00c9S E-MAIL<\/h2><p>A szolg\u00e1ltat\u00e1s korl\u00e1toz\u00e1s\u00e1nak id\u0151szak\u00e1ban a felhaszn\u00e1l\u00f3nak a b\u00f6ng\u00e9sz\u00e9s \u00e9s levelez\u00e9s sor\u00e1n be kell tartania az \u00f6sszes al\u00e1bbi ir\u00e1nyelvet (k\u00fcl\u00f6nben nem lesz el\u00e9rhet\u0151 a szolg\u00e1ltat\u00e1s):<\/p><ul><li>A virtu\u00e1lis mag\u00e1nh\u00e1l\u00f3zatot (VPN) \u00e9s a t\u00e1voli el\u00e9r\u00e9si szoftvereket ki kell kapcsolni.<\/li><li>Webb\u00f6ng\u00e9sz\u0151 alkalmaz\u00e1st kell haszn\u00e1lni. Webb\u00f6ng\u00e9sz\u00e9snek \u00e9s\/vagy levelez\u00e9snek csak a webhelyeken tal\u00e1lhat\u00f3 statikus tartalmak (nem vide\u00f3 vagy zene) min\u0151s\u00fclnek. A m\u00e1s alkalmaz\u00e1sokban megtekintett tartalmak nem minden esetben min\u0151s\u00fclnek weboldalnak vagy e-mailnek (pl. Android, iPhone vagy iPad eszk\u00f6zre k\u00e9sz\u00fclt, nem webb\u00f6ng\u00e9sz\u0151 alkalmaz\u00e1sok).<\/li><li>A b\u00f6ng\u00e9sz\u0151ben megjelen\u0151 URL-eknek http:\/\/ vagy https:\/\/ el\u0151taggal kell kezd\u0151dni\u00fck. Ez azt jelenti, hogy az ftp:\/\/ t\u00edpus\u00fa \u00e9s a k\u00fcls\u0151 alkalmaz\u00e1sokat elind\u00edt\u00f3 egy\u00e9b webhelyek nem min\u0151s\u00fclnek elfogadhat\u00f3 webes forgalomnak.<\/li><li>Az e-mailben k\u00fcld\u00f6tt mell\u00e9kletek m\u00e9rete nem haladhatja meg a 10 MB-ot.<\/li><\/ul>\t\t\t\t\t\t\t\t<\/div>\n\t\t\t\t<\/div>\n\t\t\t\t\t<\/div>\n\t\t<\/div>\n\t\t\t\t\t<\/div>\n\t\t<\/section>\n\t\t\t\t<\/div>\n\t\t","protected":false},"excerpt":{"rendered":"<p>TISZTESS\u00c9GES HASZN\u00c1LATI IR\u00c1NYELVEK I. R\u00c9SZ: \u00c1TTEKINT\u00c9S A KA-Sat m\u0171holdon kereszt\u00fcl biztos\u00edtunk m\u0171holdas sz\u00e9less\u00e1v\u00fa szolg\u00e1ltat\u00e1sokat. 2021. \u00e1prilis 30. \u00f3ta a KA-Sat m\u0171hold tulajdonosa \u00e9s fenntart\u00f3ja a Viasat Inc. Az Eutelsat nem vesz r\u00e9szt a v\u00e9gfelhaszn\u00e1l\u00f3kkal vagy az el\u0151fizet\u0151kkel folytatott kommunik\u00e1ci\u00f3ban. Az \u00fcgyfelek szempontj\u00e1b\u00f3l egyed\u00fcli szerepe, hogy kezelje a m\u0171holdas technol\u00f3giai h\u00e1tteret , \u00e9s ir\u00e1ny\u00edtsa a h\u00e1l\u00f3zat [&hellip;]<\/p>\n","protected":false},"author":1,"featured_media":0,"parent":0,"menu_order":0,"comment_status":"closed","ping_status":"closed","template":"","meta":{"_acf_changed":false,"site-sidebar-layout":"no-sidebar","site-content-layout":"page-builder","ast-site-content-layout":"full-width-container","site-content-style":"unboxed","site-sidebar-style":"unboxed","ast-global-header-display":"","ast-banner-title-visibility":"","ast-main-header-display":"","ast-hfb-above-header-display":"","ast-hfb-below-header-display":"","ast-hfb-mobile-header-display":"","site-post-title":"disabled","ast-breadcrumbs-content":"","ast-featured-img":"disabled","footer-sml-layout":"","ast-disable-related-posts":"","theme-transparent-header-meta":"","adv-header-id-meta":"","stick-header-meta":"","header-above-stick-meta":"","header-main-stick-meta":"","header-below-stick-meta":"","astra-migrate-meta-layouts":"default","ast-page-background-enabled":"default","ast-page-background-meta":{"desktop":{"background-color":"","background-image":"","background-repeat":"repeat","background-position":"center center","background-size":"auto","background-attachment":"scroll","background-type":"","background-media":"","overlay-type":"","overlay-color":"","overlay-opacity":"","overlay-gradient":""},"tablet":{"background-color":"","background-image":"","background-repeat":"repeat","background-position":"center center","background-size":"auto","background-attachment":"scroll","background-type":"","background-media":"","overlay-type":"","overlay-color":"","overlay-opacity":"","overlay-gradient":""},"mobile":{"background-color":"","background-image":"","background-repeat":"repeat","background-position":"center center","background-size":"auto","background-attachment":"scroll","background-type":"","background-media":"","overlay-type":"","overlay-color":"","overlay-opacity":"","overlay-gradient":""}},"ast-content-background-meta":{"desktop":{"background-color":"var(--ast-global-color-5)","background-image":"","background-repeat":"repeat","background-position":"center center","background-size":"auto","background-attachment":"scroll","background-type":"","background-media":"","overlay-type":"","overlay-color":"","overlay-opacity":"","overlay-gradient":""},"tablet":{"background-color":"var(--ast-global-color-5)","background-image":"","background-repeat":"repeat","background-position":"center center","background-size":"auto","background-attachment":"scroll","background-type":"","background-media":"","overlay-type":"","overlay-color":"","overlay-opacity":"","overlay-gradient":""},"mobile":{"background-color":"var(--ast-global-color-5)","background-image":"","background-repeat":"repeat","background-position":"center center","background-size":"auto","background-attachment":"scroll","background-type":"","background-media":"","overlay-type":"","overlay-color":"","overlay-opacity":"","overlay-gradient":""}},"footnotes":""},"class_list":["post-4985","page","type-page","status-publish","hentry"],"acf":[],"_links":{"self":[{"href":"https:\/\/brdy.com\/hu\/wp-json\/wp\/v2\/pages\/4985","targetHints":{"allow":["GET"]}}],"collection":[{"href":"https:\/\/brdy.com\/hu\/wp-json\/wp\/v2\/pages"}],"about":[{"href":"https:\/\/brdy.com\/hu\/wp-json\/wp\/v2\/types\/page"}],"author":[{"embeddable":true,"href":"https:\/\/brdy.com\/hu\/wp-json\/wp\/v2\/users\/1"}],"replies":[{"embeddable":true,"href":"https:\/\/brdy.com\/hu\/wp-json\/wp\/v2\/comments?post=4985"}],"version-history":[{"count":4,"href":"https:\/\/brdy.com\/hu\/wp-json\/wp\/v2\/pages\/4985\/revisions"}],"predecessor-version":[{"id":4989,"href":"https:\/\/brdy.com\/hu\/wp-json\/wp\/v2\/pages\/4985\/revisions\/4989"}],"wp:attachment":[{"href":"https:\/\/brdy.com\/hu\/wp-json\/wp\/v2\/media?parent=4985"}],"curies":[{"name":"wp","href":"https:\/\/api.w.org\/{rel}","templated":true}]}}