{"id":4613,"date":"2023-06-29T06:54:23","date_gmt":"2023-06-29T05:54:23","guid":{"rendered":"https:\/\/brdy.com\/hu\/altalanos-szerzodesi-feltetelek\/"},"modified":"2024-05-29T13:34:44","modified_gmt":"2024-05-29T12:34:44","slug":"altalanos-szerzodesi-feltetelek","status":"publish","type":"page","link":"https:\/\/brdy.com\/hu\/altalanos-szerzodesi-feltetelek\/","title":{"rendered":"\u00c1ltal\u00e1nos Szerz\u0151d\u00e9si Felt\u00e9telek"},"content":{"rendered":"\t\t<div data-elementor-type=\"wp-page\" data-elementor-id=\"4613\" class=\"elementor elementor-4613 elementor-1992\" data-elementor-post-type=\"page\">\n\t\t\t\t\t\t<section class=\"elementor-section elementor-top-section elementor-element elementor-element-cdaf35e elementor-section-boxed elementor-section-height-default elementor-section-height-default\" data-id=\"cdaf35e\" data-element_type=\"section\" data-e-type=\"section\">\n\t\t\t\t\t\t<div class=\"elementor-container elementor-column-gap-default\">\n\t\t\t\t\t<div class=\"elementor-column elementor-col-100 elementor-top-column elementor-element elementor-element-034b15d\" data-id=\"034b15d\" data-element_type=\"column\" data-e-type=\"column\">\n\t\t\t<div class=\"elementor-widget-wrap elementor-element-populated\">\n\t\t\t\t\t\t<div class=\"elementor-element elementor-element-346fccb eael-dual-header-content-align-center elementor-widget elementor-widget-eael-dual-color-header\" data-id=\"346fccb\" data-element_type=\"widget\" data-e-type=\"widget\" data-widget_type=\"eael-dual-color-header.default\">\n\t\t\t\t<div class=\"elementor-widget-container\">\n\t\t\t\t\t\t\t\t<div class=\"eael-dual-header\">\n\t\t\t\t<h2 class=\"title eael-dch-title\"><span class=\"eael-dch-title-text eael-dch-title-lead lead solid-color\">FELHASZN\u00c1L\u00c1SI <\/span> <span class=\"eael-dch-title-text\">FELT\u00c9TELEK<\/span><\/h2>\t\t\t<\/div>\n\n\t\t\t\t\t\t<\/div>\n\t\t\t\t<\/div>\n\t\t\t\t<div class=\"elementor-element elementor-element-b2c1ab2 elementor-widget elementor-widget-text-editor\" data-id=\"b2c1ab2\" data-element_type=\"widget\" data-e-type=\"widget\" data-widget_type=\"text-editor.default\">\n\t\t\t\t<div class=\"elementor-widget-container\">\n\t\t\t\t\t\t\t\t\t<p><strong><a href=\"https:\/\/brdy.com\/hu\/wp-content\/uploads\/2024\/05\/MKSZ-egyseges-ASZF-bigblu_compressed.pdf\">\u00c1ltal\u00e1nos szerz\u0151d\u00e9si felt\u00e9telek (hat\u00e1lyos:2021.okt\u00f3ber 01. napj\u00e1t\u00f3l)<\/a><\/strong><\/p><p><strong><a href=\"https:\/\/brdy.com\/hu\/wp-content\/uploads\/2024\/05\/ASZF_Biglu-Operations-Limited-Magyarorszagi-Fioktelepe-07.2021-compressed.pdf\" target=\"_blank\" rel=\"noopener\">\u00c1ltal\u00e1nos szerz\u0151d\u00e9si felt\u00e9telek (hat\u00e1lyos: 2021. j\u00fanius 30. napj\u00e1t\u00f3l)<\/a><\/strong><\/p><p><strong><a href=\"https:\/\/brdy.com\/hu\/wp-content\/uploads\/2024\/05\/Bigblu_az_internet_hozzaferesi_szolgaltatasok_sebesseget_befolyasolo_tenyezok_Btablazata.docx.pdf\" target=\"_blank\" rel=\"noopener\">Az internet-hozz\u00e1f\u00e9r\u00e9si szolg\u00e1ltat\u00e1sok sebess\u00e9g\u00e9t befoly\u00e1sol\u00f3 t\u00e9nyez\u0151k t\u00e1bl\u00e1zata (B t\u00e1bl\u00e1zat)<\/a><\/strong><\/p><p><strong><a href=\"https:\/\/brdy.com\/hu\/wp-content\/uploads\/2024\/05\/Bigblu_az_internet_hozzaferesi_szolgaltatasok_sebesseget_befolyasolo_tenyezok_Btablazata.docx.pdf\" target=\"_blank\" rel=\"noopener\">Internet-hozz\u00e1f\u00e9r\u00e9si szolg\u00e1ltat\u00e1sok le\u00edr\u00f3 t\u00e1bl\u00e1zata (A t\u00e1bl\u00e1zat)<\/a><\/strong><\/p><p><strong><a href=\"https:\/\/brdy.com\/hu\/wp-content\/uploads\/2024\/05\/ALTALANOS-SZERZODESI-FELTETELEK-min.pdf\" target=\"_blank\" rel=\"noopener\">\u00c1ltal\u00e1nos szerz\u0151d\u00e9si felt\u00e9telek (hat\u00e1lyos: 2020. december 10. napj\u00e1t\u00f3l)<\/a><\/strong><\/p>\t\t\t\t\t\t\t\t<\/div>\n\t\t\t\t<\/div>\n\t\t\t\t\t<\/div>\n\t\t<\/div>\n\t\t\t\t\t<\/div>\n\t\t<\/section>\n\t\t\t\t<\/div>\n\t\t","protected":false},"excerpt":{"rendered":"<p>FELHASZN\u00c1L\u00c1SI FELT\u00c9TELEK \u00c1ltal\u00e1nos szerz\u0151d\u00e9si felt\u00e9telek (hat\u00e1lyos:2021.okt\u00f3ber 01. napj\u00e1t\u00f3l) \u00c1ltal\u00e1nos szerz\u0151d\u00e9si felt\u00e9telek (hat\u00e1lyos: 2021. j\u00fanius 30. napj\u00e1t\u00f3l) Az internet-hozz\u00e1f\u00e9r\u00e9si szolg\u00e1ltat\u00e1sok sebess\u00e9g\u00e9t befoly\u00e1sol\u00f3 t\u00e9nyez\u0151k t\u00e1bl\u00e1zata (B t\u00e1bl\u00e1zat) Internet-hozz\u00e1f\u00e9r\u00e9si szolg\u00e1ltat\u00e1sok le\u00edr\u00f3 t\u00e1bl\u00e1zata (A t\u00e1bl\u00e1zat) \u00c1ltal\u00e1nos szerz\u0151d\u00e9si felt\u00e9telek (hat\u00e1lyos: 2020. december 10. napj\u00e1t\u00f3l)<\/p>\n","protected":false},"author":1,"featured_media":0,"parent":0,"menu_order":0,"comment_status":"closed","ping_status":"closed","template":"","meta":{"_acf_changed":false,"site-sidebar-layout":"no-sidebar","site-content-layout":"page-builder","ast-site-content-layout":"full-width-container","site-content-style":"unboxed","site-sidebar-style":"unboxed","ast-global-header-display":"","ast-banner-title-visibility":"","ast-main-header-display":"","ast-hfb-above-header-display":"","ast-hfb-below-header-display":"","ast-hfb-mobile-header-display":"","site-post-title":"disabled","ast-breadcrumbs-content":"","ast-featured-img":"disabled","footer-sml-layout":"","ast-disable-related-posts":"","theme-transparent-header-meta":"","adv-header-id-meta":"","stick-header-meta":"","header-above-stick-meta":"","header-main-stick-meta":"","header-below-stick-meta":"","astra-migrate-meta-layouts":"default","ast-page-background-enabled":"default","ast-page-background-meta":{"desktop":{"background-color":"","background-image":"","background-repeat":"repeat","background-position":"center center","background-size":"auto","background-attachment":"scroll","background-type":"","background-media":"","overlay-type":"","overlay-color":"","overlay-opacity":"","overlay-gradient":""},"tablet":{"background-color":"","background-image":"","background-repeat":"repeat","background-position":"center center","background-size":"auto","background-attachment":"scroll","background-type":"","background-media":"","overlay-type":"","overlay-color":"","overlay-opacity":"","overlay-gradient":""},"mobile":{"background-color":"","background-image":"","background-repeat":"repeat","background-position":"center center","background-size":"auto","background-attachment":"scroll","background-type":"","background-media":"","overlay-type":"","overlay-color":"","overlay-opacity":"","overlay-gradient":""}},"ast-content-background-meta":{"desktop":{"background-color":"var(--ast-global-color-5)","background-image":"","background-repeat":"repeat","background-position":"center center","background-size":"auto","background-attachment":"scroll","background-type":"","background-media":"","overlay-type":"","overlay-color":"","overlay-opacity":"","overlay-gradient":""},"tablet":{"background-color":"var(--ast-global-color-5)","background-image":"","background-repeat":"repeat","background-position":"center center","background-size":"auto","background-attachment":"scroll","background-type":"","background-media":"","overlay-type":"","overlay-color":"","overlay-opacity":"","overlay-gradient":""},"mobile":{"background-color":"var(--ast-global-color-5)","background-image":"","background-repeat":"repeat","background-position":"center center","background-size":"auto","background-attachment":"scroll","background-type":"","background-media":"","overlay-type":"","overlay-color":"","overlay-opacity":"","overlay-gradient":""}},"footnotes":""},"class_list":["post-4613","page","type-page","status-publish","hentry"],"acf":[],"_links":{"self":[{"href":"https:\/\/brdy.com\/hu\/wp-json\/wp\/v2\/pages\/4613","targetHints":{"allow":["GET"]}}],"collection":[{"href":"https:\/\/brdy.com\/hu\/wp-json\/wp\/v2\/pages"}],"about":[{"href":"https:\/\/brdy.com\/hu\/wp-json\/wp\/v2\/types\/page"}],"author":[{"embeddable":true,"href":"https:\/\/brdy.com\/hu\/wp-json\/wp\/v2\/users\/1"}],"replies":[{"embeddable":true,"href":"https:\/\/brdy.com\/hu\/wp-json\/wp\/v2\/comments?post=4613"}],"version-history":[{"count":4,"href":"https:\/\/brdy.com\/hu\/wp-json\/wp\/v2\/pages\/4613\/revisions"}],"predecessor-version":[{"id":4711,"href":"https:\/\/brdy.com\/hu\/wp-json\/wp\/v2\/pages\/4613\/revisions\/4711"}],"wp:attachment":[{"href":"https:\/\/brdy.com\/hu\/wp-json\/wp\/v2\/media?parent=4613"}],"curies":[{"name":"wp","href":"https:\/\/api.w.org\/{rel}","templated":true}]}}