{"id":4576,"date":"2023-09-06T16:04:08","date_gmt":"2023-09-06T15:04:08","guid":{"rendered":"https:\/\/brdy.com\/hu\/kerjen-visszahivast-magyarorszag\/"},"modified":"2024-04-25T16:50:41","modified_gmt":"2024-04-25T15:50:41","slug":"kerjen-visszahivast-magyarorszag","status":"publish","type":"page","link":"https:\/\/brdy.com\/hu\/kerjen-visszahivast-magyarorszag\/","title":{"rendered":"K\u00e9rjen visszah\u00edv\u00e1st &#8211; Magyarorsz\u00e1g"},"content":{"rendered":"\t\t<div data-elementor-type=\"wp-page\" data-elementor-id=\"4576\" class=\"elementor elementor-4576 elementor-3339\" data-elementor-post-type=\"page\">\n\t\t\t\t\t\t<section class=\"elementor-section elementor-top-section elementor-element elementor-element-c1e9f7e elementor-section-boxed elementor-section-height-default elementor-section-height-default\" data-id=\"c1e9f7e\" data-element_type=\"section\" data-e-type=\"section\">\n\t\t\t\t\t\t<div class=\"elementor-container elementor-column-gap-default\">\n\t\t\t\t\t<div class=\"elementor-column elementor-col-100 elementor-top-column elementor-element elementor-element-6180b8f\" data-id=\"6180b8f\" data-element_type=\"column\" data-e-type=\"column\">\n\t\t\t<div class=\"elementor-widget-wrap elementor-element-populated\">\n\t\t\t\t\t\t<div class=\"elementor-element elementor-element-39e5423 eael-dual-header-content-align-center elementor-widget elementor-widget-eael-dual-color-header\" data-id=\"39e5423\" data-element_type=\"widget\" data-e-type=\"widget\" data-widget_type=\"eael-dual-color-header.default\">\n\t\t\t\t<div class=\"elementor-widget-container\">\n\t\t\t\t\t\t\t\t<div class=\"eael-dual-header\">\n\t\t\t\t<h2 class=\"title eael-dch-title\"><span class=\"eael-dch-title-text eael-dch-title-lead lead solid-color\">L\u00e1ssunk<\/span> <span class=\"eael-dch-title-text\">neki<\/span><\/h2>\t\t\t<\/div>\n\n\t\t\t\t\t\t<\/div>\n\t\t\t\t<\/div>\n\t\t\t\t<div class=\"elementor-element elementor-element-99f5deb elementor-widget elementor-widget-text-editor\" data-id=\"99f5deb\" data-element_type=\"widget\" data-e-type=\"widget\" data-widget_type=\"text-editor.default\">\n\t\t\t\t<div class=\"elementor-widget-container\">\n\t\t\t\t\t\t\t\t\t<p>K\u00e9rj\u00fck, adja meg el\u00e9rhet\u0151s\u00e9geit \u00e9s visszah\u00edvjuk.<\/p>\n\t\t\t\t\t\t\t\t<\/div>\n\t\t\t\t<\/div>\n\t\t\t\t<section class=\"elementor-section elementor-inner-section elementor-element elementor-element-ae922b5 elementor-section-boxed elementor-section-height-default elementor-section-height-default\" data-id=\"ae922b5\" data-element_type=\"section\" data-e-type=\"section\">\n\t\t\t\t\t\t<div class=\"elementor-container elementor-column-gap-default\">\n\t\t\t\t\t<div class=\"elementor-column elementor-col-100 elementor-inner-column elementor-element elementor-element-918691a\" data-id=\"918691a\" data-element_type=\"column\" data-e-type=\"column\" data-settings=\"{&quot;background_background&quot;:&quot;classic&quot;}\">\n\t\t\t<div class=\"elementor-widget-wrap elementor-element-populated\">\n\t\t\t\t\t\t<div class=\"elementor-element elementor-element-3d71eba elementor-widget elementor-widget-shortcode\" data-id=\"3d71eba\" data-element_type=\"widget\" data-e-type=\"widget\" data-widget_type=\"shortcode.default\">\n\t\t\t\t<div class=\"elementor-widget-container\">\n\t\t\t\t\t\t\t<div class=\"elementor-shortcode\"><div class=\"elementor-element elementor-element-Rk elementor-button-align-center elementor-widget elementor-widget-form\">\n        <div class=\"elementor-widget-container\">\n            <form class=\"elementor-forms custom-Rk-forms\" method=\"post\" >\n                <h2 style=\"text-align: center;margin: -30px 0 30px 0;\">Visszah\u00edv\u00e1st k\u00e9rek<\/h2>\n                <input type=\"hidden\" name=\"r_prid\" id=\"r_prid\" value=\"\">\n                <input type=\"hidden\" name=\"r_loc\" id=\"r_loc\" value=\"\">\n                <input type=\"hidden\" name=\"r_prname\" id=\"r_prname\" value=\"\">\n                <input type=\"hidden\" name=\"r_price\" id=\"r_price\" value=\"\">\n                <div class=\"elementor-form-fields-wrapper elementor-labels-above\">\n                    <div class=\"elementor-field-type-text elementor-field-group elementor-column elementor-field-group-name elementor-col-50 elementor-field-required\"> \n                        <label for=\"form-field-name\" class=\"elementor-field-label\"> Add meg a keresztneved <\/label> \n                        <input size=\"1\" type=\"text\" name=\"r_fname\" id=\"r_fname\" class=\"elementor-field elementor-size-sm  elementor-field-textual\" placeholder=\"Add meg a keresztneved\" required=\"required\" > \n                    <\/div>\n                    <div class=\"elementor-field-type-text elementor-field-group elementor-column elementor-field-group-last elementor-col-50 elementor-field-required\"> \n                        <label for=\"form-field-last\" class=\"elementor-field-label\"> Add meg a vezet\u00e9kneved <\/label> \n                        <input size=\"1\" type=\"text\" name=\"r_lname\" id=\"r_lname\" class=\"elementor-field elementor-size-sm  elementor-field-textual\" placeholder=\"Add meg a vezet\u00e9kneved\" required=\"required\" > \n                    <\/div>\n                    <div class=\"elementor-field-type-email elementor-field-group elementor-column elementor-field-group-email elementor-col-100 elementor-field-required\"> \n                        <label for=\"form-field-email\" class=\"elementor-field-label\"> Add meg az email c\u00edmed <\/label> \n                        <input size=\"1\" type=\"email\" name=\"r_email\" id=\"r_email\" class=\"elementor-field elementor-size-sm  elementor-field-textual\" placeholder=\"Add meg az email c\u00edmed\" required=\"required\" > \n                    <\/div>\n                    <div class=\"elementor-field-type-tel elementor-field-group elementor-column elementor-field-group-phone elementor-col-50 elementor-field-required\"> \n                        <label for=\"form-field-phone\" class=\"elementor-field-label\"> Add meg a telefonsz\u00e1mod <\/label> \n                        <input size=\"1\" type=\"tel\" name=\"r_phone\" id=\"r_phone\" class=\"elementor-field elementor-size-sm  elementor-field-textual\" placeholder=\"Add meg a telefonsz\u00e1modEnter your phone number\" required=\"required\"  pattern=\"[0-9()#&amp;+*-=.]+\" title=\"Only numbers and phone characters (#, -, *, etc) are accepted.\"> \n                    <\/div>\n                    <div class=\"elementor-field-type-tel elementor-field-group elementor-column elementor-field-group-postcode elementor-col-50 elementor-field-required\"> \n                        <label for=\"form-field-postcode\" class=\"elementor-field-label\"> Add meg az ir\u00e1ny\u00edt\u00f3sz\u00e1mod <\/label> \n                        <input type=\"text\" name=\"r_postcode\" id=\"r_postcode\" class=\"elementor-field elementor-size-sm  elementor-field-textual\" placeholder=\"Add meg az ir\u00e1ny\u00edt\u00f3sz\u00e1mod\" required=\"required\" > \n                    <\/div>\n                     <div class=\"elementor-field-type-acceptance elementor-field-group elementor-column elementor-field-group-checkbox elementor-col-100 elementor-field-required\">\n                        <div class=\"elementor-field-subgroup\"> <span class=\"elementor-field-option\"> \n                            <label for=\"form-field-message\" class=\"elementor-field-label\" style=\"font-size: unset;font-weight: unset;\">Megl\u00e9v\u0151 \u00fcgyf\u00e9l vagyok<\/label>\n                        <input type=\"radio\" name=\"ex_checkbox\" id=\"ex_checkbox_yes\" class=\"elementor-field elementor-size-sm  elementor-acceptance-field\" required=\"required\" value=\"YES\" > igen                            <input type=\"radio\" name=\"ex_checkbox\" id=\"ex_checkbox_no\" class=\"elementor-field elementor-size-sm  elementor-acceptance-field\" required=\"required\" value=\"NO\" checked > Nem                         <\/span> \n                    <\/div>\n                    <\/div>\n                    <div class=\"elementor-field-type-textarea elementor-field-group elementor-column elementor-field-group-message elementor-col-100\"> \n                        <label for=\"form-field-message\" class=\"elementor-field-label\"> \u00fczenet (opcion\u00e1lis) <\/label> \n                        <textarea class=\"elementor-field-textual elementor-field  elementor-size-sm\" name=\"r_message\" id=\"r_message\" rows=\"6\" placeholder=\"Add meg az \u00fczeneted\"><\/textarea> \n                    <\/div>\n                      <div class=\"elementor-field-type-acceptance elementor-field-group elementor-column elementor-field-group-checkbox elementor-col-100 elementor-field-required\">\n                        <div class=\"elementor-field-subgroup\"> <span class=\"elementor-field-option\"> \n                        <input type=\"checkbox\" name=\"marketing_customer\" id=\"marketing_customer\" class=\"elementor-field elementor-size-sm  elementor-acceptance-field\"  value=\"YES\"> \n                        <label for=\"form-field-checkbox\">Szeretn\u00e9k naprak\u00e9sz lenni Brdy leg\u00fajabb aj\u00e1nlataival \u00e9s tippjeivel. (Soha nem osztjuk meg adataidat senki m\u00e1ssal az Adatv\u00e9delmi szab\u00e1lyzatunkban le\u00edrtak szerint.)<\/label> <\/span> \n                    <\/div>\n                    <\/div>\n                    <div class=\"elementor-field-type-acceptance elementor-field-group elementor-column elementor-field-group-checkbox elementor-col-100 elementor-field-required\">\n                        <div class=\"elementor-field-subgroup\"> <span class=\"elementor-field-option\"> \n                        <input type=\"checkbox\" name=\"r_checkbox\" id=\"r_checkbox\" class=\"elementor-field elementor-size-sm  elementor-acceptance-field d-none\" checked> \n                        <label for=\"form-field-checkbox\">Neved \u00e9s telefonsz\u00e1mod megad\u00e1s\u00e1val egyben hozz\u00e1j\u00e1rulsz ahhoz, hogy a Brdy szem\u00e9lyes adataidat kezelje. Az inform\u00e1ci\u00f3kat arra haszn\u00e1ljuk fel, hogy felt\u00e9rk\u00e9pezz\u00fck az internet hozz\u00e1f\u00e9r\u00e9s ir\u00e1nti ig\u00e9nyeket a k\u00f6rny\u00e9keden, \u00e9s legk\u00e9s\u0151bb 6 h\u00f3napon bel\u00fcl t\u00f6rl\u00e9sre ker\u00fclnek. Tov\u00e1bbi inform\u00e1ci\u00f3 az adatv\u00e9delmi szab\u00e1lyzatunkban.<\/label> <\/span> \n                    <\/div>\n                    <\/div>\n                    <div class=\"elementor-field-type-hidden elementor-field-group elementor-column elementor-field-group-submit elementor-col-100\"> <input size=\"1\" type=\"hidden\" name=\"form_fields_submit\" id=\"form-field-field_submit\" class=\"elementor-field elementor-size-sm  elementor-field-textual\"> <\/div>\n                    <div class=\"elementor-field-group elementor-column elementor-field-type-submit elementor-col-100 e-form__buttons\"> \n                        <button type=\"submit\" class=\"elementor-button elementor-size-md\" id=\"rform_sub\" name=\"rform_sub\"> <span> \n                            <span class=\" elementor-button-icon\"> <\/span> <span class=\"elementor-button-text\">K\u00fcld\u00e9s<\/span> <\/span> \n                        <\/button> \n                    <\/div>\n                <\/div>\n            <\/form>\n        <\/div>\n    <\/div>\n<\/div>\n\t\t\t\t\t\t<\/div>\n\t\t\t\t<\/div>\n\t\t\t\t\t<\/div>\n\t\t<\/div>\n\t\t\t\t\t<\/div>\n\t\t<\/section>\n\t\t\t\t\t<\/div>\n\t\t<\/div>\n\t\t\t\t\t<\/div>\n\t\t<\/section>\n\t\t\t\t<\/div>\n\t\t","protected":false},"excerpt":{"rendered":"<p>L\u00e1ssunk neki K\u00e9rj\u00fck, adja meg el\u00e9rhet\u0151s\u00e9geit \u00e9s visszah\u00edvjuk.<\/p>\n","protected":false},"author":1,"featured_media":0,"parent":0,"menu_order":0,"comment_status":"closed","ping_status":"closed","template":"","meta":{"_acf_changed":false,"site-sidebar-layout":"no-sidebar","site-content-layout":"page-builder","ast-site-content-layout":"full-width-container","site-content-style":"unboxed","site-sidebar-style":"unboxed","ast-global-header-display":"","ast-banner-title-visibility":"","ast-main-header-display":"","ast-hfb-above-header-display":"","ast-hfb-below-header-display":"","ast-hfb-mobile-header-display":"","site-post-title":"disabled","ast-breadcrumbs-content":"","ast-featured-img":"disabled","footer-sml-layout":"","ast-disable-related-posts":"","theme-transparent-header-meta":"","adv-header-id-meta":"","stick-header-meta":"","header-above-stick-meta":"","header-main-stick-meta":"","header-below-stick-meta":"","astra-migrate-meta-layouts":"default","ast-page-background-enabled":"default","ast-page-background-meta":{"desktop":{"background-color":"","background-image":"","background-repeat":"repeat","background-position":"center center","background-size":"auto","background-attachment":"scroll","background-type":"","background-media":"","overlay-type":"","overlay-color":"","overlay-opacity":"","overlay-gradient":""},"tablet":{"background-color":"","background-image":"","background-repeat":"repeat","background-position":"center center","background-size":"auto","background-attachment":"scroll","background-type":"","background-media":"","overlay-type":"","overlay-color":"","overlay-opacity":"","overlay-gradient":""},"mobile":{"background-color":"","background-image":"","background-repeat":"repeat","background-position":"center center","background-size":"auto","background-attachment":"scroll","background-type":"","background-media":"","overlay-type":"","overlay-color":"","overlay-opacity":"","overlay-gradient":""}},"ast-content-background-meta":{"desktop":{"background-color":"var(--ast-global-color-5)","background-image":"","background-repeat":"repeat","background-position":"center center","background-size":"auto","background-attachment":"scroll","background-type":"","background-media":"","overlay-type":"","overlay-color":"","overlay-opacity":"","overlay-gradient":""},"tablet":{"background-color":"var(--ast-global-color-5)","background-image":"","background-repeat":"repeat","background-position":"center center","background-size":"auto","background-attachment":"scroll","background-type":"","background-media":"","overlay-type":"","overlay-color":"","overlay-opacity":"","overlay-gradient":""},"mobile":{"background-color":"var(--ast-global-color-5)","background-image":"","background-repeat":"repeat","background-position":"center center","background-size":"auto","background-attachment":"scroll","background-type":"","background-media":"","overlay-type":"","overlay-color":"","overlay-opacity":"","overlay-gradient":""}},"footnotes":""},"class_list":["post-4576","page","type-page","status-publish","hentry"],"acf":[],"_links":{"self":[{"href":"https:\/\/brdy.com\/hu\/wp-json\/wp\/v2\/pages\/4576","targetHints":{"allow":["GET"]}}],"collection":[{"href":"https:\/\/brdy.com\/hu\/wp-json\/wp\/v2\/pages"}],"about":[{"href":"https:\/\/brdy.com\/hu\/wp-json\/wp\/v2\/types\/page"}],"author":[{"embeddable":true,"href":"https:\/\/brdy.com\/hu\/wp-json\/wp\/v2\/users\/1"}],"replies":[{"embeddable":true,"href":"https:\/\/brdy.com\/hu\/wp-json\/wp\/v2\/comments?post=4576"}],"version-history":[{"count":1,"href":"https:\/\/brdy.com\/hu\/wp-json\/wp\/v2\/pages\/4576\/revisions"}],"predecessor-version":[{"id":4577,"href":"https:\/\/brdy.com\/hu\/wp-json\/wp\/v2\/pages\/4576\/revisions\/4577"}],"wp:attachment":[{"href":"https:\/\/brdy.com\/hu\/wp-json\/wp\/v2\/media?parent=4576"}],"curies":[{"name":"wp","href":"https:\/\/api.w.org\/{rel}","templated":true}]}}