{"id":4574,"date":"2023-06-27T15:53:09","date_gmt":"2023-06-27T14:53:09","guid":{"rendered":"https:\/\/brdy.com\/hu\/technikai-gyik\/"},"modified":"2024-05-28T15:30:15","modified_gmt":"2024-05-28T14:30:15","slug":"technikai-gyik","status":"publish","type":"page","link":"https:\/\/brdy.com\/hu\/technikai-gyik\/","title":{"rendered":"Technikai GYIK"},"content":{"rendered":"\t\t<div data-elementor-type=\"wp-page\" data-elementor-id=\"4574\" class=\"elementor elementor-4574 elementor-1862\" data-elementor-post-type=\"page\">\n\t\t\t\t\t\t<section class=\"elementor-section elementor-top-section elementor-element elementor-element-3102a0a elementor-section-boxed elementor-section-height-default elementor-section-height-default\" data-id=\"3102a0a\" data-element_type=\"section\" data-e-type=\"section\">\n\t\t\t\t\t\t<div class=\"elementor-container elementor-column-gap-default\">\n\t\t\t\t\t<div class=\"elementor-column elementor-col-100 elementor-top-column elementor-element elementor-element-23a4907\" data-id=\"23a4907\" data-element_type=\"column\" data-e-type=\"column\">\n\t\t\t<div class=\"elementor-widget-wrap elementor-element-populated\">\n\t\t\t\t\t\t<div class=\"elementor-element elementor-element-a7e6db5 eael-dual-header-content-align-center elementor-widget elementor-widget-eael-dual-color-header\" data-id=\"a7e6db5\" data-element_type=\"widget\" data-e-type=\"widget\" data-widget_type=\"eael-dual-color-header.default\">\n\t\t\t\t<div class=\"elementor-widget-container\">\n\t\t\t\t\t\t\t\t<div class=\"eael-dual-header\">\n\t\t\t\t<h2 class=\"title eael-dch-title\"><span class=\"eael-dch-title-text eael-dch-title-lead lead solid-color\">Technikai<\/span> <span class=\"eael-dch-title-text\">GYIK<\/span><\/h2>\t\t\t\t\t<span class=\"subtext\"><p>V\u00e1laszt kap n\u00e9h\u00e1ny technikai k\u00e9rd\u00e9sre, amelyet gyakran kapunk \u00fcgyfeleinkt\u0151l<\/p>\n<\/span>\n\t\t\t\t\t\t\t<\/div>\n\n\t\t\t\t\t\t<\/div>\n\t\t\t\t<\/div>\n\t\t\t\t<div class=\"elementor-element elementor-element-68f6430 elementor-widget elementor-widget-eael-adv-accordion\" data-id=\"68f6430\" data-element_type=\"widget\" data-e-type=\"widget\" data-widget_type=\"eael-adv-accordion.default\">\n\t\t\t\t<div class=\"elementor-widget-container\">\n\t\t\t\t\t            <div class=\"eael-adv-accordion\" id=\"eael-adv-accordion-68f6430\" data-scroll-on-click=\"no\" data-scroll-speed=\"300\" data-accordion-id=\"68f6430\" data-accordion-type=\"toggle\" data-toogle-speed=\"300\">\n            <div class=\"eael-accordion-list\">\n\t\t\t\t\t<div id=\"nincs-internetem-mit-tegyek-\" class=\"elementor-tab-title eael-accordion-header\" tabindex=\"0\" data-tab=\"1\" aria-controls=\"elementor-tab-content-1101\"><span class=\"eael-accordion-tab-title\">Nincs internetem, mit tegyek? <\/span><span class=\"eael-advanced-accordion-icon-closed\"><i aria-hidden=\"true\" class=\"fa-accordion-icon fas fa-plus\"><\/i><\/span><span class=\"eael-advanced-accordion-icon-opened\"><i aria-hidden=\"true\" class=\"fa-accordion-icon fas fa-minus\"><\/i><\/span><\/div><div id=\"elementor-tab-content-1101\" class=\"eael-accordion-content clearfix\" data-tab=\"1\" aria-labelledby=\"nincs-internetem-mit-tegyek-\"><p>T\u00f6bb dolgot is megtehetsz, ha nincs internet kapcsolatod. K\u00e9rj\u00fck fuss v\u00e9gig ezen a list\u00e1n, miel\u0151tt felh\u00edvn\u00e1l benn\u00fcnket:<\/p><p>Kapcsold ki, majd \u00fajra be<\/p><p><span>B\u00e1r ez \u00fagy hangzik, mint egy szok\u00e1sos informatikai v\u00e1lasz, meg fogsz lep\u0151dni, milyen gyakran m\u0171k\u00f6dik ez. El\u0151sz\u00f6r is ellen\u0151rizd, hogy minden k\u00e1bel be van-e dugva. Ha ez nem oldja meg a probl\u00e9m\u00e1t, kapcsold ki \u00e9s \u00fajra be a modemet. Egy SB2 modemmel ezt kell megtenni: <\/span><\/p><ol><li><span>H\u00fazd ki a t\u00e1pk\u00e1beleket mind a Brdy \u00e1ltal sz\u00e1ll\u00edtott modemr\u0151l, mind a harmadik f\u00e9lt\u0151l sz\u00e1rmaz\u00f3 Wi-Fi routerr\u0151l.<\/span><\/li><li><span>Dugd vissza a Brdy \u00e1ltal sz\u00e1ll\u00edtott modemet, \u00e9s v\u00e1rj kb. 5 percet az \u00fajraind\u00edt\u00e1s befejez\u00e9s\u00e9ig. <\/span><\/li><li><span>Most \u00e1ll\u00edtsd vissza a router\u00e9nek t\u00e1pell\u00e1t\u00e1s\u00e1t, \u00e9s hagyd, hogy 5 perc alatt \u00fajrainduljon, \u00e9s teszteld, hogy a Wi-Fi ism\u00e9t m\u0171k\u00f6dik-e.<\/span><\/li><\/ol><p><span>Egy SB2+ modemmel m\u00e9g egyszer\u0171bb ezt megtenni, egyszer\u0171en h\u00fazd ki a t\u00e1pk\u00e1belt, \u00e9s ezut\u00e1n dugd vissza a t\u00e1pell\u00e1t\u00e1st.<\/span><\/p><p><span>A modem h\u00e1zon bel\u00fcli \u00e1thelyez\u00e9se is okozhat probl\u00e9m\u00e1kat, ez\u00e9rt ha \u00e1thelyezted, pr\u00f3b\u00e1ld meg visszatenni oda, ahol volt.<\/span><\/p><p><b><span>\u00c1ramtalan\u00edtsd a modemet<\/span><\/b> <br \/><span>Id\u0151vel statikus energia halmoz\u00f3dhat fel a modemben. Ez le\u00e1ll\u00edthatja a m\u0171k\u00f6d\u00e9s\u00e9t, de az al\u00e1bbi l\u00e9p\u00e9sekkel k\u00f6nnyen kijav\u00edthat\u00f3: <\/span><\/p><ol><li><span>H\u00fazd ki a modemet az \u00e1ramforr\u00e1sb\u00f3l.<\/span><\/li><li><span>H\u00fazd ki az Ethernet-k\u00e1belt a modemb\u0151l.<\/span><\/li><li><span>H\u00fazd ki a koaxi\u00e1lis k\u00e1belt a modemb\u0151l.<\/span><\/li><li><span>Most csatlakoztasd vissza a modemet az \u00e1ramforr\u00e1shoz 10 m\u00e1sodpercre.<\/span><\/li><li><span>H\u00fazd ki ism\u00e9t a modemet az \u00e1ramforr\u00e1sb\u00f3l.<\/span><\/li><li><span>Csatlakoztasd \u00fajra a koaxi\u00e1lis k\u00e1belt a modemhez.<\/span><\/li><li><span>Csatlakoztasd \u00fajra az Ethernet-k\u00e1belt a modemhez.<\/span><\/li><li><span>Csatlakoztasd vissza a modemet az \u00e1ramforr\u00e1shoz<\/span><\/li><\/ol><p><span>Az \u00f6sszes k\u00e1bel kih\u00faz\u00e1sa \u00e9s a t\u00e1pk\u00e1bel visszahelyez\u00e9se energi\u00e1t szabad\u00edt fel az aljzatokb\u00f3l, \u00e9s gyakran \u00fajra m\u0171k\u00f6d\u00e9sbe hozza a modemet.<\/span><\/p><p><b><span>Cser\u00e9ld ki az UTP k\u00e1belt<\/span><\/b> <br \/><span>Ha SB2 modemet haszn\u00e1lsz, nem pedig SB2+ modemet, akkor az egy k\u00fcls\u0151 routerhez van csatlakoztatva egy ethernet-k\u00e1bellel. Ez okozhat bizonyos probl\u00e9m\u00e1kat, ez\u00e9rt ha van m\u00e1sik k\u00e1beled, pr\u00f3b\u00e1ld meg azt haszn\u00e1lni, hogy kider\u00fclj\u00f6n, ez okozta-e a probl\u00e9m\u00e1t. <\/span><\/p><p><b><span>Ellen\u0151rizd a parabola antenna be\u00e1ll\u00edt\u00e1s\u00e1t<\/span><\/b> <br \/><span>A sz\u00e9ls\u0151s\u00e9ges id\u0151j\u00e1r\u00e1s miatt a parabola elmozdulhat a hely\u00e9r\u0151l, vagy valaki elmozd\u00edthatja azt. Ha mobilh\u00e1zzal haszn\u00e1lsz m\u0171holdas internetet, vagy ha elk\u00f6lt\u00f6zt\u00e9l, \u00e9s magaddal vitted a rendszert, k\u00f6vesd az al\u00e1bbi l\u00e9p\u00e9seket, hogy biztos\u00edtsd az antenna helyes be\u00e1ll\u00edt\u00e1s\u00e1t. <\/span><\/p><ol><li><span>Nyisd meg<\/span> <span>a Viasat Tech Tools alkalmaz\u00e1st<\/span><\/li><li><span>Add meg az ir\u00e1ny\u00edt\u00f3sz\u00e1mod, jegyezd meg a Beam sz\u00edn\u00e9nek eredm\u00e9ny\u00e9t.<\/span><\/li><li><span>Ha a Brdy \u00e1ltal sz\u00e1ll\u00edtott modemhez Wi-Fi\/Etherneten kereszt\u00fcl csatlakozik, nyissa meg a webb\u00f6ng\u00e9sz\u0151t.<\/span><\/li><li><span>\u00cdrd be a 192.168.100.1\/install c\u00edmet, v\u00e1laszd ki a Beam sz\u00edn\u00e9t, \u00e9s kattints a k\u00f6vetkez\u0151re (vagy a fekete ny\u00edlra). <\/span><\/li><li><span>Kattints a befejez\u00e9s gombra a Beam r\u00f6gz\u00edt\u00e9s\u00e9hez, rem\u00e9lhet\u0151leg 10dB+ SNR jellel.<\/span><\/li><li><span>Ez a 192.168.100.1 modem \u00e1llapot\u00e1t mutat\u00f3 oldalra visz, amely megmutatja, hogy online vagy-e.<\/span><\/li><li><span>Ez aktiv\u00e1lja a be\u00e1ll\u00edt\u00e1si folyamatot, amikor a t\u00e1ny\u00e9ron l\u00e9v\u0151 ad\u00f3-vev\u0151 elkezd *s\u00edpol\u00f3* hangot kiadni, \u00e9s fizikailag be kell \u00e1ll\u00edtania a t\u00e1ny\u00e9rt a magass\u00e1g \u00e9s az ir\u00e1ny szerint.<\/span><\/li><li><span>Amikor m\u00e1r k\u00f6zel van a jel r\u00f6gz\u00edt\u00e9s\u00e9hez, a hangjelz\u00e9sek gyorsabb\u00e1 v\u00e1lnak, am\u00edg a t\u00e1ny\u00e9r folyamatos hangjelz\u00e9st nem ad.<\/span><\/li><li><span>A modem aktu\u00e1lis Rx SNR-\u00e9rt\u00e9k\u00e9nek legal\u00e1bb 10 dB-nek vagy ann\u00e1l magasabbnak kell lennie, ami azt jelzi, hogy a t\u00e1ny\u00e9r teljes be van \u00e1ll\u00edtva.<\/span><\/li><li><span>Ha az SNR jel 10dB vagy ann\u00e1l nagyobb, kattints a Befejez\u00e9s gombra.<\/span><\/li><\/ol><p><span>Ha ezek az int\u00e9zked\u00e9sek nem oldj\u00e1k meg a probl\u00e9m\u00e1t, l\u00e9pj kapcsolatba vel\u00fcnk.<\/span><\/p><\/div>\n\t\t\t\t\t<\/div><div class=\"eael-accordion-list\">\n\t\t\t\t\t<div id=\"az-internetem-lass-mit-tudok-tenni-\" class=\"elementor-tab-title eael-accordion-header\" tabindex=\"0\" data-tab=\"2\" aria-controls=\"elementor-tab-content-1102\"><span class=\"eael-accordion-tab-title\">Az internetem lass\u00fa, mit tudok tenni? <\/span><span class=\"eael-advanced-accordion-icon-closed\"><i aria-hidden=\"true\" class=\"fa-accordion-icon fas fa-plus\"><\/i><\/span><span class=\"eael-advanced-accordion-icon-opened\"><i aria-hidden=\"true\" class=\"fa-accordion-icon fas fa-minus\"><\/i><\/span><\/div><div id=\"elementor-tab-content-1102\" class=\"eael-accordion-content clearfix\" data-tab=\"2\" aria-labelledby=\"az-internetem-lass-mit-tudok-tenni-\"><p><span>El\u0151sz\u00f6r is javasoljuk, hogy pr\u00f3b\u00e1ld meg megv\u00e1ltoztatni a Wi-Fi csatorn\u00e1t. \u00dagy tapasztaljuk, hogy a pufferel\u00e9si probl\u00e9m\u00e1k nagy r\u00e9sze megoldhat\u00f3 a Wi-Fi csatorna megv\u00e1ltoztat\u00e1s\u00e1val. A Wi-Fi csatorna alap\u00e9rtelmez\u00e9s szerint automatikusra van \u00e1ll\u00edtva. Ez azt jelenti, hogy amikor csatlakoztatod a modemet, az megtal\u00e1lja az els\u0151 m\u0171k\u00f6d\u0151 csatorn\u00e1t, \u00e9s ezt megtartja, m\u00e9g akkor is, ha egy m\u00e1sik csatorna gyorsabb szolg\u00e1ltat\u00e1st ny\u00fajt. Tapasztalataink szerint a 11-es csatorna ny\u00fajtja a leggyorsabb szolg\u00e1ltat\u00e1st. <\/span><\/p><p><span>Ha ez nem seg\u00edt, akkor pontos k\u00e9pet kell kapnod arr\u00f3l, hogy mennyire lass\u00fa az internet. Ehhez egy erre a c\u00e9lra kifejlesztett sebess\u00e9gtesztel\u0151 eszk\u00f6zt kell haszn\u00e1lnod, mivel sok weboldal nem tudja figyelembe venni a k\u00e9sleltet\u00e9st, <\/span>amely a m\u0171holdas szolg\u00e1ltat\u00e1s saj\u00e1toss\u00e1ga.<\/p><\/div>\n\t\t\t\t\t<\/div><div class=\"eael-accordion-list\">\n\t\t\t\t\t<div id=\"gyorsan-fogy-az-adatmennyisgem-s-nem-tudom-mirt\" class=\"elementor-tab-title eael-accordion-header\" tabindex=\"0\" data-tab=\"3\" aria-controls=\"elementor-tab-content-1103\"><span class=\"eael-accordion-tab-title\">Gyorsan fogy az adatmennyis\u00e9gem, \u00e9s nem tudom mi\u00e9rt<\/span><span class=\"eael-advanced-accordion-icon-closed\"><i aria-hidden=\"true\" class=\"fa-accordion-icon fas fa-plus\"><\/i><\/span><span class=\"eael-advanced-accordion-icon-opened\"><i aria-hidden=\"true\" class=\"fa-accordion-icon fas fa-minus\"><\/i><\/span><\/div><div id=\"elementor-tab-content-1103\" class=\"eael-accordion-content clearfix\" data-tab=\"3\" aria-labelledby=\"gyorsan-fogy-az-adatmennyisgem-s-nem-tudom-mirt\"><p><span>Az adatok manu\u00e1lis nyomon k\u00f6vet\u00e9se nehezebb, mint gondoln\u00e1. De vannak olyan alkalmaz\u00e1sok, amelyek seg\u00edthetnek. <\/span><span> <\/span><\/p>\n<p>Windows \u00e9s Android k\u00e9sz\u00fcl\u00e9kekhez a &#8222;<a href=\"https:\/\/www.glasswire.com\/\" target=\"_blank\" rel=\"noopener\"><span>Glasswire<\/span><\/a><span>&#8221; adatfigyel\u0151 alkalmaz\u00e1st<\/span> <span>aj\u00e1nljuk<\/span>.<span>Ez egy ingyenes szoftver<\/span><span> <\/span><\/p>\n<p><span>Az Apple eszk\u00f6z\u00f6kh\u00f6z let\u00f6lthet\u0151 adatfigyel\u0151 alkalmaz\u00e1s a <\/span><a href=\"https:\/\/www.obdev.at\/products\/littlesnitch\/index.html\" target=\"_blank\" rel=\"noopener\"><span>Little Snitch<\/span><\/a><span>Ennek k\u00f6lts\u00e9ge van, de a 30 napos ingyenes pr\u00f3baid\u0151szak elegend\u0151nek kell lennie ahhoz, hogy meg tudja hat\u00e1rozni, hol haszn\u00e1lj\u00e1k fel adatait. <\/span><span> <\/span><\/p>\n<\/div>\n\t\t\t\t\t<\/div><div class=\"eael-accordion-list\">\n\t\t\t\t\t<div id=\"hogy-tudom-csatlakoztatni-az-sb2-modemet-a-sajt-routeremhez-\" class=\"elementor-tab-title eael-accordion-header\" tabindex=\"0\" data-tab=\"4\" aria-controls=\"elementor-tab-content-1104\"><span class=\"eael-accordion-tab-title\">Hogy tudom csatlakoztatni az SB2 modemet a saj\u00e1t routeremhez? <\/span><span class=\"eael-advanced-accordion-icon-closed\"><i aria-hidden=\"true\" class=\"fa-accordion-icon fas fa-plus\"><\/i><\/span><span class=\"eael-advanced-accordion-icon-opened\"><i aria-hidden=\"true\" class=\"fa-accordion-icon fas fa-minus\"><\/i><\/span><\/div><div id=\"elementor-tab-content-1104\" class=\"eael-accordion-content clearfix\" data-tab=\"4\" aria-labelledby=\"hogy-tudom-csatlakoztatni-az-sb2-modemet-a-sajt-routeremhez-\"><p><span>Egyszer\u0171en csatlakoztass egy LAN-k\u00e1belt a modem Ethernet-portj\u00e1ba \u00e9s dugd be a vezet\u00e9k n\u00e9lk\u00fcli router Wan-portj\u00e1ba (ahol lehets\u00e9ges).<\/span><span> <\/span><\/p>\n<p><span>Ha te egy fix IP-c\u00edmmel rendelkez\u0151 \u00fczleti felhaszn\u00e1l\u00f3 vagy, a folyamat egy kicsit bonyolultabb. K\u00e9rj\u00fck, vedd fel a kapcsolatot m\u0171szaki oszt\u00e1lyunkkal, hogy ezt be\u00e1ll\u00edthassuk a sz\u00e1modra. <\/span><span> <\/span><\/p>\n<\/div>\n\t\t\t\t\t<\/div><div class=\"eael-accordion-list\">\n\t\t\t\t\t<div id=\"elfelejtettem-a-wi-fi-jelszavamat\" class=\"elementor-tab-title eael-accordion-header\" tabindex=\"0\" data-tab=\"5\" aria-controls=\"elementor-tab-content-1105\"><span class=\"eael-accordion-tab-title\">Elfelejtettem a Wi-Fi jelszavamat<\/span><span class=\"eael-advanced-accordion-icon-closed\"><i aria-hidden=\"true\" class=\"fa-accordion-icon fas fa-plus\"><\/i><\/span><span class=\"eael-advanced-accordion-icon-opened\"><i aria-hidden=\"true\" class=\"fa-accordion-icon fas fa-minus\"><\/i><\/span><\/div><div id=\"elementor-tab-content-1105\" class=\"eael-accordion-content clearfix\" data-tab=\"5\" aria-labelledby=\"elfelejtettem-a-wi-fi-jelszavamat\"><p><span class=\"TextRun SCXW174456441 BCX0\"><span class=\"NormalTextRun SCXW174456441 BCX0\">Nem kell agg\u00f3dni, a modemet vissza\u00e1ll\u00edthatod a gy\u00e1ri be\u00e1ll\u00edt\u00e1sokra &#8211; \u00edgy a modemen l\u00e9v\u0151 matric\u00e1n felt\u00fcntetett jelsz\u00f3val tudsz ism\u00e9t csatlakozni. Az SB2+ modem vissza\u00e1ll\u00edt\u00e1s\u00e1hoz nyomj egy \u00e9les t\u00e1rgyat, p\u00e9ld\u00e1ul t\u0171t a h\u00e1tul tal\u00e1lhat\u00f3 vissza\u00e1ll\u00edt\u00e1si ny\u00edl\u00e1sba k\u00f6r\u00fclbel\u00fcl 15 m\u00e1sodpercig. <\/span><\/span><span class=\"EOP SCXW174456441 BCX0\"> <\/span><\/p>\n<\/div>\n\t\t\t\t\t<\/div><div class=\"eael-accordion-list\">\n\t\t\t\t\t<div id=\"sb2-rl-sb2-modemre-vltottam-milyen-kbelt-hasznljak-\" class=\"elementor-tab-title eael-accordion-header\" tabindex=\"0\" data-tab=\"6\" aria-controls=\"elementor-tab-content-1106\"><span class=\"eael-accordion-tab-title\">SB2-r\u0151l SB2+ modemre v\u00e1ltottam, milyen k\u00e1belt haszn\u00e1ljak? <\/span><span class=\"eael-advanced-accordion-icon-closed\"><i aria-hidden=\"true\" class=\"fa-accordion-icon fas fa-plus\"><\/i><\/span><span class=\"eael-advanced-accordion-icon-opened\"><i aria-hidden=\"true\" class=\"fa-accordion-icon fas fa-minus\"><\/i><\/span><\/div><div id=\"elementor-tab-content-1106\" class=\"eael-accordion-content clearfix\" data-tab=\"6\" aria-labelledby=\"sb2-rl-sb2-modemre-vltottam-milyen-kbelt-hasznljak-\"><p><span class=\"TextRun SCXW42578366 BCX0\"><span class=\"NormalTextRun SCXW42578366 BCX0\">Ha nemr\u00e9giben cser\u00e9lted ki,<\/span> <span class=\"NormalTextRun SCXW42578366 BCX0\">l\u00e1tni fogod,<\/span><span class=\"NormalTextRun SCXW42578366 BCX0\"> hogy az \u00faj router csak egy IFL-kapcsolattal rendelkezik, nem pedig kett\u0151vel, mint ahogyan azt megszoktad. Az \u00faj SB2+ modemmel csak a r\u00e9gi modem Transmit \/ Out k\u00e1bel\u00e9t sz\u00fcks\u00e9ges haszn\u00e1lni.   <\/span><span class=\"NormalTextRun SCXW42578366 BCX0\">A m\u00e1sik k\u00e1belre m\u00e1r nincs<\/span> <span class=\"NormalTextRun SCXW42578366 BCX0\">sz\u00fcks\u00e9g.<\/span><\/span><span class=\"EOP SCXW42578366 BCX0\"> <\/span><\/p>\n<\/div>\n\t\t\t\t\t<\/div><\/div>\t\t\t\t<\/div>\n\t\t\t\t<\/div>\n\t\t\t\t\t<\/div>\n\t\t<\/div>\n\t\t\t\t\t<\/div>\n\t\t<\/section>\n\t\t\t\t<\/div>\n\t\t","protected":false},"excerpt":{"rendered":"<p>Technikai GYIK V\u00e1laszt kap n\u00e9h\u00e1ny technikai k\u00e9rd\u00e9sre, amelyet gyakran kapunk \u00fcgyfeleinkt\u0151l Nincs internetem, mit tegyek? T\u00f6bb dolgot is megtehetsz, ha nincs internet kapcsolatod. K\u00e9rj\u00fck fuss v\u00e9gig ezen a list\u00e1n, miel\u0151tt felh\u00edvn\u00e1l benn\u00fcnket: Kapcsold ki, majd \u00fajra be B\u00e1r ez \u00fagy hangzik, mint egy szok\u00e1sos informatikai v\u00e1lasz, meg fogsz lep\u0151dni, milyen gyakran m\u0171k\u00f6dik ez. El\u0151sz\u00f6r is [&hellip;]<\/p>\n","protected":false},"author":1,"featured_media":0,"parent":0,"menu_order":0,"comment_status":"closed","ping_status":"closed","template":"","meta":{"_acf_changed":false,"site-sidebar-layout":"no-sidebar","site-content-layout":"page-builder","ast-site-content-layout":"default","site-content-style":"default","site-sidebar-style":"default","ast-global-header-display":"","ast-banner-title-visibility":"","ast-main-header-display":"","ast-hfb-above-header-display":"","ast-hfb-below-header-display":"","ast-hfb-mobile-header-display":"","site-post-title":"disabled","ast-breadcrumbs-content":"","ast-featured-img":"disabled","footer-sml-layout":"","ast-disable-related-posts":"","theme-transparent-header-meta":"","adv-header-id-meta":"","stick-header-meta":"","header-above-stick-meta":"","header-main-stick-meta":"","header-below-stick-meta":"","astra-migrate-meta-layouts":"default","ast-page-background-enabled":"default","ast-page-background-meta":{"desktop":{"background-color":"","background-image":"","background-repeat":"repeat","background-position":"center center","background-size":"auto","background-attachment":"scroll","background-type":"","background-media":"","overlay-type":"","overlay-color":"","overlay-opacity":"","overlay-gradient":""},"tablet":{"background-color":"","background-image":"","background-repeat":"repeat","background-position":"center center","background-size":"auto","background-attachment":"scroll","background-type":"","background-media":"","overlay-type":"","overlay-color":"","overlay-opacity":"","overlay-gradient":""},"mobile":{"background-color":"","background-image":"","background-repeat":"repeat","background-position":"center center","background-size":"auto","background-attachment":"scroll","background-type":"","background-media":"","overlay-type":"","overlay-color":"","overlay-opacity":"","overlay-gradient":""}},"ast-content-background-meta":{"desktop":{"background-color":"var(--ast-global-color-5)","background-image":"","background-repeat":"repeat","background-position":"center center","background-size":"auto","background-attachment":"scroll","background-type":"","background-media":"","overlay-type":"","overlay-color":"","overlay-opacity":"","overlay-gradient":""},"tablet":{"background-color":"var(--ast-global-color-5)","background-image":"","background-repeat":"repeat","background-position":"center center","background-size":"auto","background-attachment":"scroll","background-type":"","background-media":"","overlay-type":"","overlay-color":"","overlay-opacity":"","overlay-gradient":""},"mobile":{"background-color":"var(--ast-global-color-5)","background-image":"","background-repeat":"repeat","background-position":"center center","background-size":"auto","background-attachment":"scroll","background-type":"","background-media":"","overlay-type":"","overlay-color":"","overlay-opacity":"","overlay-gradient":""}},"footnotes":""},"class_list":["post-4574","page","type-page","status-publish","hentry"],"acf":[],"_links":{"self":[{"href":"https:\/\/brdy.com\/hu\/wp-json\/wp\/v2\/pages\/4574","targetHints":{"allow":["GET"]}}],"collection":[{"href":"https:\/\/brdy.com\/hu\/wp-json\/wp\/v2\/pages"}],"about":[{"href":"https:\/\/brdy.com\/hu\/wp-json\/wp\/v2\/types\/page"}],"author":[{"embeddable":true,"href":"https:\/\/brdy.com\/hu\/wp-json\/wp\/v2\/users\/1"}],"replies":[{"embeddable":true,"href":"https:\/\/brdy.com\/hu\/wp-json\/wp\/v2\/comments?post=4574"}],"version-history":[{"count":7,"href":"https:\/\/brdy.com\/hu\/wp-json\/wp\/v2\/pages\/4574\/revisions"}],"predecessor-version":[{"id":4646,"href":"https:\/\/brdy.com\/hu\/wp-json\/wp\/v2\/pages\/4574\/revisions\/4646"}],"wp:attachment":[{"href":"https:\/\/brdy.com\/hu\/wp-json\/wp\/v2\/media?parent=4574"}],"curies":[{"name":"wp","href":"https:\/\/api.w.org\/{rel}","templated":true}]}}