{"id":4564,"date":"2023-07-11T13:42:57","date_gmt":"2023-07-11T12:42:57","guid":{"rendered":"https:\/\/brdy.com\/hu\/garanciaink\/"},"modified":"2024-06-25T10:54:36","modified_gmt":"2024-06-25T09:54:36","slug":"garanciaink","status":"publish","type":"page","link":"https:\/\/brdy.com\/hu\/garanciaink\/","title":{"rendered":"Garanci\u00e1ink"},"content":{"rendered":"\t\t<div data-elementor-type=\"wp-page\" data-elementor-id=\"4564\" class=\"elementor elementor-4564 elementor-2864\" data-elementor-post-type=\"page\">\n\t\t\t\t\t\t<section class=\"elementor-section elementor-top-section elementor-element elementor-element-fde715c elementor-section-boxed elementor-section-height-default elementor-section-height-default\" data-id=\"fde715c\" data-element_type=\"section\" data-e-type=\"section\">\n\t\t\t\t\t\t<div class=\"elementor-container elementor-column-gap-default\">\n\t\t\t\t\t<div class=\"elementor-column elementor-col-100 elementor-top-column elementor-element elementor-element-93f38e2\" data-id=\"93f38e2\" data-element_type=\"column\" data-e-type=\"column\">\n\t\t\t<div class=\"elementor-widget-wrap elementor-element-populated\">\n\t\t\t\t\t\t<div class=\"elementor-element elementor-element-346fccb eael-dual-header-content-align-center elementor-widget elementor-widget-eael-dual-color-header\" data-id=\"346fccb\" data-element_type=\"widget\" data-e-type=\"widget\" data-widget_type=\"eael-dual-color-header.default\">\n\t\t\t\t<div class=\"elementor-widget-container\">\n\t\t\t\t\t\t\t\t<div class=\"eael-dual-header\">\n\t\t\t\t<h2 class=\"title eael-dch-title\"><span class=\"eael-dch-title-text eael-dch-title-lead lead solid-color\">Garanci\u00e1ink<\/span> <span class=\"eael-dch-title-text\">.<\/span><\/h2>\t\t\t<\/div>\n\n\t\t\t\t\t\t<\/div>\n\t\t\t\t<\/div>\n\t\t\t\t<div class=\"elementor-element elementor-element-2af5aaf elementor-widget elementor-widget-text-editor\" data-id=\"2af5aaf\" data-element_type=\"widget\" data-e-type=\"widget\" data-widget_type=\"text-editor.default\">\n\t\t\t\t<div class=\"elementor-widget-container\">\n\t\t\t\t\t\t\t\t\t<p><strong>Biztosak vagyunk benne, hogy mi k\u00edn\u00e1ljuk a legjobb \u00e1r-\u00e9rt\u00e9k ar\u00e1ny\u00fa m\u0171holdas sz\u00e9less\u00e1v\u00fa szolg\u00e1ltat\u00e1st. Ha b\u00e1rhol m\u00e1shol havi szinten kevesebb\u00e9rt kaphat egyen\u00e9rt\u00e9k\u0171 szolg\u00e1ltat\u00e1st, mi le fogjuk nyomni!  <\/strong><\/p>\n<p><em>Minden egyen\u00e9rt\u00e9k\u0171 m\u0171holdas sz\u00e9less\u00e1v\u00fa csomag havi d\u00edj\u00e1n\u00e1l jobbat adunk. Ez nem vonatkozik a prom\u00f3ci\u00f3s \u00e9s bevezet\u0151 \u00e1rakra, valamint a m\u0171holdas k\u00e9sz\u00fcl\u00e9kekre. Az \u00e1rak megfeleleltet\u00e9se a saj\u00e1t szempontjaink szerint t\u00f6rt\u00e9nik.   <\/em><\/p>\n\t\t\t\t\t\t\t\t<\/div>\n\t\t\t\t<\/div>\n\t\t\t\t<div class=\"elementor-element elementor-element-9c266b0 elementor-widget elementor-widget-text-editor\" data-id=\"9c266b0\" data-element_type=\"widget\" data-e-type=\"widget\" data-widget_type=\"text-editor.default\">\n\t\t\t\t<div class=\"elementor-widget-container\">\n\t\t\t\t\t\t\t\t\t<p><span class=\"TextRun MacChromeBold SCXW238843474 BCX0\" lang=\"EN-GB\" xml:lang=\"EN-GB\" data-contrast=\"none\"><span class=\"NormalTextRun ContextualSpellingAndGrammarErrorV2Themed SCXW238843474 BCX0\">14 napos<\/span> <span class=\"NormalTextRun SCXW238843474 BCX0\">p\u00e9nzvisszafizet\u00e9si garancia<\/span><\/span><span class=\"EOP SCXW238843474 BCX0\" data-ccp-props=\"{\"134233117\":true,\"134233118\":true,\"201341983\":0,\"335559739\":160,\"335559740\":240}\"> <\/span><\/p>\n\t\t\t\t\t\t\t\t<\/div>\n\t\t\t\t<\/div>\n\t\t\t\t<div class=\"elementor-element elementor-element-74bf166 elementor-widget elementor-widget-text-editor\" data-id=\"74bf166\" data-element_type=\"widget\" data-e-type=\"widget\" data-widget_type=\"text-editor.default\">\n\t\t\t\t<div class=\"elementor-widget-container\">\n\t\t\t\t\t\t\t\t\t<p><strong>14 napos p\u00e9nzvisszafizet\u00e9si garanci\u00e1nkkal megnyugtatjuk, hogy ha szolg\u00e1ltat\u00e1sunk nem felel meg az elv\u00e1r\u00e1sainak, az els\u0151 14 napon bel\u00fcl indokl\u00e1s n\u00e9lk\u00fcl el\u00e1llhat a szerz\u0151d\u00e9s\u00e9t\u0151l. <\/strong><\/p>\n<p><em>Rendel\u00e9sed b\u00e1rmikor t\u00f6r\u00f6lheted, miel\u0151tt a berendez\u00e9s telep\u00edt\u00e9sre \u00e9s aktiv\u00e1l\u00e1sra ker\u00fcl. Egyszer\u0171en h\u00edvd a Brdy \u00fcgyf\u00e9lszolg\u00e1lati csapat\u00e1t, vagy l\u00e9pj kapcsolatba a My Brdy \u00fcgyf\u00e9lport\u00e1lon kereszt\u00fcl.  <\/em><\/p>\n<p><em>A telep\u00edt\u00e9s \u00e9s aktiv\u00e1l\u00e1s ut\u00e1n jogodban \u00e1ll meggondolni magad, \u00e9s visszamondani <\/em><\/p>\n<p><em>A 14 napos el\u00e9gedetts\u00e9gi garanci\u00e1nk keret\u00e9ben a m\u0171holdas berendez\u00e9s visszak\u00fcld\u00e9s\u00e9nek m\u00f3dja a berendez\u00e9s \u00e9s a szolg\u00e1ltat\u00e1s \u00e1llapot\u00e1t\u00f3l f\u00fcgg, ezt az al\u00e1bbiakban foglaljuk \u00f6ssze;<\/em><\/p>\n\t\t\t\t\t\t\t\t<\/div>\n\t\t\t\t<\/div>\n\t\t\t\t<div class=\"elementor-element elementor-element-08dc5be elementor-widget elementor-widget-text-editor\" data-id=\"08dc5be\" data-element_type=\"widget\" data-e-type=\"widget\" data-widget_type=\"text-editor.default\">\n\t\t\t\t<div class=\"elementor-widget-container\">\n\t\t\t\t\t\t\t\t\t<table>\n<tbody>\n<tr>\n<td width=\"200\">\n<p>Eszk\u00f6z fizetve<\/p>\n<\/td>\n<td width=\"200\">\n<p>\u00dcgyf\u00e9l nem kapta meg az eszk\u00f6zt<\/p>\n<\/td>\n<td width=\"200\">\n<p>Teljes visszat\u00e9r\u00edt\u00e9s<\/p>\n<\/td>\n<\/tr>\n<tr>\n<td width=\"200\">\n<p>Eszk\u00f6z nincs telep\u00edtve<\/p>\n<\/td>\n<td width=\"200\">\n<p>\u00dcgyf\u00e9l megkapta az eszk\u00f6zt\/bontatlan<\/p>\n<\/td>\n<td width=\"200\">\n<p>Brdy megszervezi az eszk\u00f6z begy\u0171jt\u00e9s\u00e9t\/ teljes visszat\u00e9r\u00edt\u00e9s<\/p>\n<\/td>\n<\/tr>\n<tr>\n<td width=\"200\">\n<p>Eszk\u00f6z nincs telep\u00edtve<\/p>\n<\/td>\n<td width=\"200\">\n<p>\u00dcgyf\u00e9l megkapta az eszk\u00f6zt\/bontott<\/p>\n<\/td>\n<td width=\"200\">\n<p>Eszk\u00f6z visszacsomagolva az eredeti csomagol\u00e1sba\/Brdy megszervezi az eszk\u00f6z begy\u0171jt\u00e9s\u00e9t\/teljes visszat\u00e9r\u00edt\u00e9s<\/p>\n<\/td>\n<\/tr>\n<tr>\n<td width=\"200\">\n<p>Eszk\u00f6z telep\u00edtve\/nincs aktiv\u00e1lva<\/p>\n<\/td>\n<td width=\"200\">\n<p>Szakszer\u0171en telep\u00edtve\/DIY<\/p>\n<\/td>\n<td width=\"200\">\n<p>Eszk\u00f6z visszacsomagolva az eredeti csomagol\u00e1sba\/Brdy megszervezi az eszk\u00f6z begy\u0171jt\u00e9s\u00e9t\/teljes visszat\u00e9r\u00edt\u00e9s<\/p>\n<\/td>\n<\/tr>\n<tr>\n<td width=\"200\">\n<p>Eszk\u00f6z telep\u00edtve\/aktiv\u00e1lva &lt;14 napon bel\u00fcl<\/p>\n<\/td>\n<td width=\"200\">\n<p>Szakszer\u0171en telep\u00edtve\/DIY<\/p>\n<\/td>\n<td width=\"200\">\n<p>Eszk\u00f6z visszacsomagolva az eredeti csomagol\u00e1sba\/Brdy megszervezi az eszk\u00f6z begy\u0171jt\u00e9s\u00e9t\/teljes visszat\u00e9r\u00edt\u00e9s\/Ar\u00e1nyos visszat\u00e9r\u00edt\u00e9s a haszn\u00e1lat f\u00fcggv\u00e9ny\u00e9ben<\/p>\n<\/td>\n<\/tr>\n<tr>\n<td width=\"200\">\n<p>Eszk\u00f6z telep\u00edtve\/aktiv\u00e1lva &gt;14 napon bel\u00fcl<\/p>\n<\/td>\n<td width=\"200\">\n<p>Szakszer\u0171en telep\u00edtve\/DIY<\/p>\n<\/td>\n<td width=\"200\">\n<p>Nincs visszat\u00e9r\u00edt\u00e9s\/12 havi szerz\u0151d\u00e9s hat\u00e1lyos<\/p>\n<\/td>\n<\/tr>\n<\/tbody>\n<\/table>\t\t\t\t\t\t\t\t<\/div>\n\t\t\t\t<\/div>\n\t\t\t\t<div class=\"elementor-element elementor-element-dfc063e elementor-widget elementor-widget-text-editor\" data-id=\"dfc063e\" data-element_type=\"widget\" data-e-type=\"widget\" data-widget_type=\"text-editor.default\">\n\t\t\t\t<div class=\"elementor-widget-container\">\n\t\t\t\t\t\t\t\t\t<p><em>A Wi-Fi modemet (a k\u00e1belekkel \u00e9s a t\u00e1pegys\u00e9ggel egy\u00fctt) minden esetben az el\u00e1ll\u00e1s\/felmond\u00e1s k\u00f6zl\u00e9s\u00e9t\u0151l sz\u00e1m\u00edtott harminc (30) napon bel\u00fcl vissza kell k\u00fcldened. Ennek elmulaszt\u00e1sa \u00fajabb sz\u00e1ml\u00e1t eredm\u00e9nyez. Az el\u00e1ll\u00e1si jog gyakorl\u00e1sa \u00e9rdek\u00e9ben az \u00fcgyf\u00e9lport\u00e1lon kereszt\u00fcl ny\u00fajthatod be k\u00e9relmed.   <\/em><\/p>\n<p><em>\u00cdr\u00e1sos k\u00e9relmet is k\u00fcldhet\u0151 ugyanerre a c\u00edmre (de k\u00e9rj\u00fck, vedd figyelembe, hogy ahhoz, hogy k\u00e9r\u00e9sed feldolgozhassuk, annak ugyanazokat az adatokat kell tartalmaznia, mint az \u0171rlapnak, azaz az el\u0151fizet\u0151 nev\u00e9t, telep\u00edt\u00e9si c\u00edm\u00e9t, a csomag nev\u00e9t, a csomag aktiv\u00e1l\u00e1s\u00e1nak d\u00e1tum\u00e1t \u00e9s lehet\u0151leg a lemond\u00e1s ok\u00e1t).<\/em><\/p>\n\t\t\t\t\t\t\t\t<\/div>\n\t\t\t\t<\/div>\n\t\t\t\t\t<\/div>\n\t\t<\/div>\n\t\t\t\t\t<\/div>\n\t\t<\/section>\n\t\t\t\t<section class=\"elementor-section elementor-top-section elementor-element elementor-element-cdaf35e elementor-section-boxed elementor-section-height-default elementor-section-height-default\" data-id=\"cdaf35e\" data-element_type=\"section\" data-e-type=\"section\">\n\t\t\t\t\t\t<div class=\"elementor-container elementor-column-gap-default\">\n\t\t\t\t\t<div class=\"elementor-column elementor-col-100 elementor-top-column elementor-element elementor-element-034b15d\" data-id=\"034b15d\" data-element_type=\"column\" data-e-type=\"column\">\n\t\t\t<div class=\"elementor-widget-wrap\">\n\t\t\t\t\t\t\t<\/div>\n\t\t<\/div>\n\t\t\t\t\t<\/div>\n\t\t<\/section>\n\t\t\t\t<\/div>\n\t\t","protected":false},"excerpt":{"rendered":"<p>Garanci\u00e1ink . Biztosak vagyunk benne, hogy mi k\u00edn\u00e1ljuk a legjobb \u00e1r-\u00e9rt\u00e9k ar\u00e1ny\u00fa m\u0171holdas sz\u00e9less\u00e1v\u00fa szolg\u00e1ltat\u00e1st. Ha b\u00e1rhol m\u00e1shol havi szinten kevesebb\u00e9rt kaphat egyen\u00e9rt\u00e9k\u0171 szolg\u00e1ltat\u00e1st, mi le fogjuk nyomni! Minden egyen\u00e9rt\u00e9k\u0171 m\u0171holdas sz\u00e9less\u00e1v\u00fa csomag havi d\u00edj\u00e1n\u00e1l jobbat adunk. Ez nem vonatkozik a prom\u00f3ci\u00f3s \u00e9s bevezet\u0151 \u00e1rakra, valamint a m\u0171holdas k\u00e9sz\u00fcl\u00e9kekre. Az \u00e1rak megfeleleltet\u00e9se a saj\u00e1t szempontjaink [&hellip;]<\/p>\n","protected":false},"author":1,"featured_media":0,"parent":0,"menu_order":0,"comment_status":"closed","ping_status":"closed","template":"","meta":{"_acf_changed":false,"site-sidebar-layout":"no-sidebar","site-content-layout":"page-builder","ast-site-content-layout":"default","site-content-style":"default","site-sidebar-style":"default","ast-global-header-display":"","ast-banner-title-visibility":"","ast-main-header-display":"","ast-hfb-above-header-display":"","ast-hfb-below-header-display":"","ast-hfb-mobile-header-display":"","site-post-title":"disabled","ast-breadcrumbs-content":"","ast-featured-img":"disabled","footer-sml-layout":"","ast-disable-related-posts":"","theme-transparent-header-meta":"","adv-header-id-meta":"","stick-header-meta":"","header-above-stick-meta":"","header-main-stick-meta":"","header-below-stick-meta":"","astra-migrate-meta-layouts":"default","ast-page-background-enabled":"default","ast-page-background-meta":{"desktop":{"background-color":"","background-image":"","background-repeat":"repeat","background-position":"center center","background-size":"auto","background-attachment":"scroll","background-type":"","background-media":"","overlay-type":"","overlay-color":"","overlay-opacity":"","overlay-gradient":""},"tablet":{"background-color":"","background-image":"","background-repeat":"repeat","background-position":"center center","background-size":"auto","background-attachment":"scroll","background-type":"","background-media":"","overlay-type":"","overlay-color":"","overlay-opacity":"","overlay-gradient":""},"mobile":{"background-color":"","background-image":"","background-repeat":"repeat","background-position":"center center","background-size":"auto","background-attachment":"scroll","background-type":"","background-media":"","overlay-type":"","overlay-color":"","overlay-opacity":"","overlay-gradient":""}},"ast-content-background-meta":{"desktop":{"background-color":"var(--ast-global-color-5)","background-image":"","background-repeat":"repeat","background-position":"center center","background-size":"auto","background-attachment":"scroll","background-type":"","background-media":"","overlay-type":"","overlay-color":"","overlay-opacity":"","overlay-gradient":""},"tablet":{"background-color":"var(--ast-global-color-5)","background-image":"","background-repeat":"repeat","background-position":"center center","background-size":"auto","background-attachment":"scroll","background-type":"","background-media":"","overlay-type":"","overlay-color":"","overlay-opacity":"","overlay-gradient":""},"mobile":{"background-color":"var(--ast-global-color-5)","background-image":"","background-repeat":"repeat","background-position":"center center","background-size":"auto","background-attachment":"scroll","background-type":"","background-media":"","overlay-type":"","overlay-color":"","overlay-opacity":"","overlay-gradient":""}},"footnotes":""},"class_list":["post-4564","page","type-page","status-publish","hentry"],"acf":[],"_links":{"self":[{"href":"https:\/\/brdy.com\/hu\/wp-json\/wp\/v2\/pages\/4564","targetHints":{"allow":["GET"]}}],"collection":[{"href":"https:\/\/brdy.com\/hu\/wp-json\/wp\/v2\/pages"}],"about":[{"href":"https:\/\/brdy.com\/hu\/wp-json\/wp\/v2\/types\/page"}],"author":[{"embeddable":true,"href":"https:\/\/brdy.com\/hu\/wp-json\/wp\/v2\/users\/1"}],"replies":[{"embeddable":true,"href":"https:\/\/brdy.com\/hu\/wp-json\/wp\/v2\/comments?post=4564"}],"version-history":[{"count":4,"href":"https:\/\/brdy.com\/hu\/wp-json\/wp\/v2\/pages\/4564\/revisions"}],"predecessor-version":[{"id":5130,"href":"https:\/\/brdy.com\/hu\/wp-json\/wp\/v2\/pages\/4564\/revisions\/5130"}],"wp:attachment":[{"href":"https:\/\/brdy.com\/hu\/wp-json\/wp\/v2\/media?parent=4564"}],"curies":[{"name":"wp","href":"https:\/\/api.w.org\/{rel}","templated":true}]}}