{"id":4557,"date":"2023-07-03T09:34:57","date_gmt":"2023-07-03T08:34:57","guid":{"rendered":"https:\/\/brdy.com\/hu\/adatoptimalizalas\/"},"modified":"2024-04-25T16:31:55","modified_gmt":"2024-04-25T15:31:55","slug":"adatoptimalizalas","status":"publish","type":"page","link":"https:\/\/brdy.com\/hu\/adatoptimalizalas\/","title":{"rendered":"Adatoptimaliz\u00e1l\u00e1s"},"content":{"rendered":"\t\t<div data-elementor-type=\"wp-page\" data-elementor-id=\"4557\" class=\"elementor elementor-4557 elementor-2173\" data-elementor-post-type=\"page\">\n\t\t\t\t\t\t<section class=\"elementor-section elementor-top-section elementor-element elementor-element-2709fba elementor-section-boxed elementor-section-height-default elementor-section-height-default\" data-id=\"2709fba\" data-element_type=\"section\" data-e-type=\"section\" data-settings=\"{&quot;background_background&quot;:&quot;classic&quot;}\">\n\t\t\t\t\t\t<div class=\"elementor-container elementor-column-gap-default\">\n\t\t\t\t\t<div class=\"elementor-column elementor-col-100 elementor-top-column elementor-element elementor-element-06f2a20\" data-id=\"06f2a20\" data-element_type=\"column\" data-e-type=\"column\">\n\t\t\t<div class=\"elementor-widget-wrap elementor-element-populated\">\n\t\t\t\t\t\t<section class=\"elementor-section elementor-inner-section elementor-element elementor-element-6e1302e elementor-section-boxed elementor-section-height-default elementor-section-height-default\" data-id=\"6e1302e\" data-element_type=\"section\" data-e-type=\"section\">\n\t\t\t\t\t\t<div class=\"elementor-container elementor-column-gap-default\">\n\t\t\t\t\t<div class=\"elementor-column elementor-col-100 elementor-inner-column elementor-element elementor-element-60d81eb\" data-id=\"60d81eb\" data-element_type=\"column\" data-e-type=\"column\">\n\t\t\t<div class=\"elementor-widget-wrap elementor-element-populated\">\n\t\t\t\t\t\t<div class=\"elementor-element elementor-element-9ca2e82 eael-dual-header-content-align-center elementor-widget elementor-widget-eael-dual-color-header\" data-id=\"9ca2e82\" data-element_type=\"widget\" data-e-type=\"widget\" data-widget_type=\"eael-dual-color-header.default\">\n\t\t\t\t<div class=\"elementor-widget-container\">\n\t\t\t\t\t\t\t\t<div class=\"eael-dual-header\">\n\t\t\t\t<h2 class=\"title eael-dch-title\"><span class=\"eael-dch-title-text eael-dch-title-lead lead solid-color\">Adatoptimaliz\u00e1l\u00e1s<\/span> <span class=\"eael-dch-title-text\">.<\/span><\/h2>\t\t\t<\/div>\n\n\t\t\t\t\t\t<\/div>\n\t\t\t\t<\/div>\n\t\t\t\t\t<\/div>\n\t\t<\/div>\n\t\t\t\t\t<\/div>\n\t\t<\/section>\n\t\t\t\t<div class=\"elementor-element elementor-element-dd0c362 elementor-widget-divider--view-line elementor-widget elementor-widget-divider\" data-id=\"dd0c362\" data-element_type=\"widget\" data-e-type=\"widget\" data-widget_type=\"divider.default\">\n\t\t\t\t<div class=\"elementor-widget-container\">\n\t\t\t\t\t\t\t<div class=\"elementor-divider\">\n\t\t\t<span class=\"elementor-divider-separator\">\n\t\t\t\t\t\t<\/span>\n\t\t<\/div>\n\t\t\t\t\t\t<\/div>\n\t\t\t\t<\/div>\n\t\t\t\t<div class=\"elementor-element elementor-element-275afc2 elementor-widget elementor-widget-text-editor\" data-id=\"275afc2\" data-element_type=\"widget\" data-e-type=\"widget\" data-widget_type=\"text-editor.default\">\n\t\t\t\t<div class=\"elementor-widget-container\">\n\t\t\t\t\t\t\t\t\t<p><b><span data-contrast=\"none\">T\u00e9nyek, tippek, tr\u00fckk\u00f6k \u00e9s szak\u00e9rt\u0151i tan\u00e1csok az adatfelhaszn\u00e1l\u00e1sr\u00f3l<\/span><\/b> <br \/><span data-contrast=\"none\">Csomag\u00e1raink els\u0151sorban a k\u00fcl\u00f6nb\u00f6z\u0151 havi adatkereteket t\u00fckr\u00f6zik. \u00dagy gondoljuk, hogy ez igazs\u00e1goss\u00e1 teszi a dolgokat, mivel mindenki az internet haszn\u00e1lat\u00e1nak megfelel\u0151en v\u00e1laszthat csomagot. \u00cdgy az alkalmi felhaszn\u00e1l\u00f3k, akik csak interneteznek \u00e9s e-maileznek, sokkal kevesebbet fizetnek, mint mondjuk egy n\u00e9gytag\u00fa csal\u00e1d, akik t\u00f6bb k\u00e9sz\u00fcl\u00e9ket haszn\u00e1lnak, vagy esetleg egy kisv\u00e1llalkoz\u00e1s. Annak \u00e9rdek\u00e9ben, hogy a lehet\u0151 legjobban kihaszn\u00e1lhasd a Brdy szolg\u00e1ltat\u00e1s\u00e1t, \u00e9s hogy meg\u00e9rtsd, hogyan befoly\u00e1solja az adatforgalm\u00e1t az adatforgalom, \u00edme n\u00e9h\u00e1ny t\u00e9ny \u00e9s tan\u00e1cs.   <\/span><span data-ccp-props=\"{\"134233117\":true,\"134233118\":true,\"201341983\":0,\"335559739\":160,\"335559740\":240}\"> <\/span><\/p>\n<p><b><span data-contrast=\"none\">A Brdy sz\u00e9less\u00e1v\u00fa kapcsolat \u00e1ltal\u00e1nos felhaszn\u00e1l\u00e1si ter\u00fcletei<\/span><\/b> <br \/><span data-contrast=\"none\">Az al\u00e1bbi t\u00e1bl\u00e1zatb\u00f3l megbecs\u00fclhet\u0151, hogy a Brdy sz\u00e9less\u00e1v\u00fa kapcsolatod mennyi adatot haszn\u00e1lhat fel az \u00e1ltal\u00e1nos tev\u00e9kenys\u00e9gek sor\u00e1n. Ez csak egy ir\u00e1nymutat\u00e1s, mivel a pontos mennyis\u00e9g olyan dolgokt\u00f3l f\u00fcgg, mint az oper\u00e1ci\u00f3s rendszer, a b\u00f6ng\u00e9sz\u0151 \u00e9s a let\u00f6lt\u00e9s. <\/span><span data-ccp-props=\"{\"134233117\":true,\"134233118\":true,\"201341983\":0,\"335559739\":160,\"335559740\":240}\"> <\/span><\/p>\n\t\t\t\t\t\t\t\t<\/div>\n\t\t\t\t<\/div>\n\t\t\t\t<div class=\"elementor-element elementor-element-31827d4 elementor-widget elementor-widget-text-editor\" data-id=\"31827d4\" data-element_type=\"widget\" data-e-type=\"widget\" data-widget_type=\"text-editor.default\">\n\t\t\t\t<div class=\"elementor-widget-container\">\n\t\t\t\t\t\t\t\t\t<table style=\"font-weight: 400;\" data-tablestyle=\"MsoNormalTable\" data-tablelook=\"1184\" aria-rowcount=\"11\">\n<tbody>\n<tr aria-rowindex=\"1\">\n<td data-celllook=\"69905\">\n<p><b><span data-contrast=\"auto\">Akci\u00f3<\/span><\/b><span data-ccp-props=\"{\"201341983\":0,\"335559739\":0,\"335559740\":240}\"> <\/span><\/p>\n<\/td>\n<td data-celllook=\"69905\">\n<p><b><span data-contrast=\"auto\">Data used<\/span><\/b><span data-ccp-props=\"{\"201341983\":0,\"335559739\":0,\"335559740\":240}\"> <\/span><\/p>\n<\/td>\n<\/tr>\n<tr aria-rowindex=\"2\">\n<td data-celllook=\"69905\">\n<p><span data-contrast=\"none\">Email<\/span><span data-ccp-props=\"{\"201341983\":0,\"335559739\":0,\"335559740\":240}\"> <\/span><\/p>\n<\/td>\n<td data-celllook=\"69905\">\n<p><span data-contrast=\"none\">200 e-mail = 70MB (a mell\u00e9kletekt\u0151l <\/span><span data-ccp-props=\"{\"201341983\":0,\"335559739\":0,\"335559740\":240}\"> <\/span><\/p>\n<p><span data-contrast=\"none\">f\u00fcgg\u0151en)<\/span><span data-ccp-props=\"{\"201341983\":0,\"335559739\":0,\"335559740\":240}\"> <\/span><\/p>\n<\/td>\n<\/tr>\n<tr aria-rowindex=\"3\">\n<td data-celllook=\"69905\">\n<p><span data-contrast=\"none\">VoIP\/Skype<\/span><span data-ccp-props=\"{\"201341983\":0,\"335559739\":0,\"335559740\":240}\"> <\/span><\/p>\n<\/td>\n<td data-celllook=\"69905\">\n<p><span data-contrast=\"none\">Hangh\u00edv\u00e1s = 0,73 MB\/perc<\/span> <br \/><span data-contrast=\"none\">Vide\u00f3h\u00edv\u00e1s = 2,12 MB\/perc<\/span><span data-ccp-props=\"{\"201341983\":0,\"335559739\":0,\"335559740\":240}\"> <\/span><\/p>\n<\/td>\n<\/tr>\n<tr aria-rowindex=\"4\">\n<td data-celllook=\"69905\">\n<p><span data-contrast=\"none\">Webb\u00f6ng\u00e9sz\u00e9s<\/span><span data-ccp-props=\"{\"201341983\":0,\"335559739\":0,\"335559740\":240}\"> <\/span><\/p>\n<\/td>\n<td data-celllook=\"69905\">\n<p><span data-contrast=\"none\">20 \u00f3ra = 1,5 GB<\/span><span data-ccp-props=\"{\"201341983\":0,\"335559739\":0,\"335559740\":240}\"> <\/span><\/p>\n<\/td>\n<\/tr>\n<tr aria-rowindex=\"5\">\n<td data-celllook=\"69905\">\n<p><span data-contrast=\"none\">iTunes zene let\u00f6lt\u00e9s<\/span><span data-ccp-props=\"{\"201341983\":0,\"335559739\":0,\"335559740\":240}\"> <\/span><\/p>\n<\/td>\n<td data-celllook=\"69905\">\n<p><span data-contrast=\"none\">120 MB\/\u00f3ra<\/span><span data-ccp-props=\"{\"201341983\":0,\"335559739\":0,\"335559740\":240}\"> <\/span><\/p>\n<\/td>\n<\/tr>\n<tr aria-rowindex=\"6\">\n<td data-celllook=\"69905\">\n<p><span data-contrast=\"none\">Alacsony felbont\u00e1s\u00fa film let\u00f6lt\u00e9se<\/span><span data-ccp-props=\"{\"201341983\":0,\"335559739\":0,\"335559740\":240}\"> <\/span><\/p>\n<\/td>\n<td data-celllook=\"69905\">\n<p><span data-contrast=\"none\">0,75 GB\/film<\/span><span data-ccp-props=\"{\"201341983\":0,\"335559739\":0,\"335559740\":240}\"> <\/span><\/p>\n<\/td>\n<\/tr>\n<tr aria-rowindex=\"7\">\n<td data-celllook=\"69905\">\n<p><span data-contrast=\"none\">Nagyfelbont\u00e1s\u00fa film let\u00f6lt\u00e9se<\/span><span data-ccp-props=\"{\"201341983\":0,\"335559739\":0,\"335559740\":240}\"> <\/span><\/p>\n<\/td>\n<td data-celllook=\"69905\">\n<p><span data-contrast=\"none\">3,5-4,5 GB\/film<\/span><span data-ccp-props=\"{\"201341983\":0,\"335559739\":0,\"335559740\":240}\"> <\/span><\/p>\n<\/td>\n<\/tr>\n<tr aria-rowindex=\"8\">\n<td data-celllook=\"69905\">\n<p><span data-contrast=\"none\">Spotify<\/span><span data-ccp-props=\"{\"201341983\":0,\"335559739\":0,\"335559740\":240}\"> <\/span><\/p>\n<\/td>\n<td data-celllook=\"69905\">\n<p><span data-contrast=\"none\">7,25 \u00f3ra = 1 GB<\/span><span data-ccp-props=\"{\"201341983\":0,\"335559739\":0,\"335559740\":240}\"> <\/span><\/p>\n<\/td>\n<\/tr>\n<tr aria-rowindex=\"9\">\n<td data-celllook=\"69905\">\n<p><span data-contrast=\"none\">Catch-Up TV<\/span><span data-ccp-props=\"{\"201341983\":0,\"335559739\":0,\"335559740\":240}\"> <\/span><\/p>\n<\/td>\n<td data-celllook=\"69905\">\n<p><span data-contrast=\"none\">Norm\u00e1l 1 \u00f3ra = 0,75 GB<\/span> <br \/><span data-contrast=\"none\">HD 1 \u00f3ra = 2,75 GB<\/span><span data-ccp-props=\"{\"201341983\":0,\"335559739\":0,\"335559740\":240}\"> <\/span><\/p>\n<\/td>\n<\/tr>\n<tr aria-rowindex=\"10\">\n<td data-celllook=\"69905\">\n<p><span data-contrast=\"none\">Szoftverfriss\u00edt\u00e9sek<\/span><span data-ccp-props=\"{\"201341983\":0,\"335559739\":0,\"335559740\":240}\"> <\/span><\/p>\n<\/td>\n<td data-celllook=\"69905\">\n<p><span data-contrast=\"none\">Legfeljebb 5GB<\/span><span data-ccp-props=\"{\"201341983\":0,\"335559739\":0,\"335559740\":240}\"> <\/span><\/p>\n<\/td>\n<\/tr>\n<tr aria-rowindex=\"11\">\n<td data-celllook=\"69905\">\n<p><span data-contrast=\"none\">YouTube\/Netflix\/Online vide\u00f3<\/span><span data-ccp-props=\"{\"201341983\":0,\"335559739\":0,\"335559740\":240}\"> <\/span><\/p>\n<\/td>\n<td data-celllook=\"69905\">\n<p><span data-contrast=\"none\">30 perc = 0,2 GB<\/span><span data-ccp-props=\"{\"201341983\":0,\"335559739\":0,\"335559740\":240}\"> <\/span><\/p>\n<\/td>\n<\/tr>\n<\/tbody>\n<\/table>\n\t\t\t\t\t\t\t\t<\/div>\n\t\t\t\t<\/div>\n\t\t\t\t<div class=\"elementor-element elementor-element-0f20897 elementor-widget elementor-widget-text-editor\" data-id=\"0f20897\" data-element_type=\"widget\" data-e-type=\"widget\" data-widget_type=\"text-editor.default\">\n\t\t\t\t<div class=\"elementor-widget-container\">\n\t\t\t\t\t\t\t\t\t<p><b><span data-contrast=\"none\">Szak\u00e9rt\u0151i tippek<\/span><\/b> <br \/><span data-contrast=\"none\">Sz\u00e1mos csomagunk tartalmaz ingyenes, korl\u00e1tlan \u00e9jszakai hozz\u00e1f\u00e9r\u00e9st. Ezek a csomagok kieg\u00e9sz\u00edt\u00e9sk\u00e9nt is hozz\u00e1adhat\u00f3k, \u00e9s kiv\u00e1l\u00f3an alkalmasak TV- vagy filmlet\u00f6lt\u00e9sek \u00fctemez\u00e9s\u00e9re. A BBC iPlayer rendelkezik ehhez egy \u00fctemez\u0151 eszk\u00f6zzel. Az automatikus szoftverfriss\u00edt\u00e9seket is kikapcsolhatod, \u00e9s helyette \u00e9jszaka v\u00e9gezheted el azokat. Technikai \u00fcgyf\u00e9lszolg\u00e1latunk sz\u00edvesen seg\u00edt \u00d6nnek ezek be\u00e1ll\u00edt\u00e1s\u00e1ban, ez\u00e9rt h\u00edvja \u0151ket b\u00e1tran.    <\/span><span data-ccp-props=\"{\"134233117\":true,\"134233118\":true,\"201341983\":0,\"335559739\":160,\"335559740\":240}\"> <\/span><\/p>\n<p><b><span data-contrast=\"none\">Kapcsold ki az \u00f6sszes alkalmaz\u00e1st a Wi-Fi-hez csatlakoztatott b\u00e1rmely eszk\u00f6z\u00f6n.<\/span><\/b> <br \/><span data-contrast=\"none\">Az alkalmaz\u00e1sok nagyban megk\u00f6nny\u00edthetik az \u00e9let\u00fcnket, de n\u00e9melyik\u00fck sok adatot haszn\u00e1l. Ha az adatkeret nem el\u00e9gs\u00e9ges, akkor der\u00edtsd ki, hogy mely alkalmaz\u00e1sok haszn\u00e1lj\u00e1k fel a keretet m\u00e9g akkor is, amikor a telefon vagy az iPad k\u00e9szenl\u00e9ti \u00fczemm\u00f3dban van. Ha seg\u00edts\u00e9gre van sz\u00fcks\u00e9ged ezzel kapcsolatban, forduljon technikai t\u00e1mogat\u00f3 csapatunkhoz.  <\/span><span data-ccp-props=\"{\"134233117\":true,\"134233118\":true,\"201341983\":0,\"335559739\":160,\"335559740\":240}\"> <\/span><\/p>\n<p><b><span data-contrast=\"none\">\u00c1ll\u00edtsd be a h\u00e1ztart\u00e1s\u00e1nak streaming szok\u00e1sait<\/span><\/b> <br \/><span data-contrast=\"none\">Az interneten kereszt\u00fcl t\u00f6rt\u00e9n\u0151 TV- vagy videostreamel\u00e9s sok adatot haszn\u00e1l. \u00cdgy ha ugyanazt a m\u0171sort vagy filmet f\u00f6ldi vagy m\u0171holdas TV-n is megn\u00e9zheti, amelyek nem haszn\u00e1lj\u00e1k a Brdy-adatokat, akkor ez tov\u00e1bb n\u00f6velheti a havi keret\u00e9t. Ha gondot okoz az adatfogyaszt\u00e1s, sok csal\u00e1d h\u00e1zi szab\u00e1lyokat \u00e1ll\u00edt fel a YouTube, a Netflix \u00e9s hasonl\u00f3 adat\u00e9hes weboldalak tekintet\u00e9ben.  <\/span><span data-ccp-props=\"{\"134233117\":true,\"134233118\":true,\"201341983\":0,\"335559739\":160,\"335559740\":240}\"> <\/span><\/p>\n<p><b><span data-contrast=\"none\">K\u00f6vesd nyomon az adatfogyaszt\u00e1st<\/span><\/b> <br \/><span data-contrast=\"none\">\u00dcgyf\u00e9lport\u00e1lunk megmutatja, hogy mennyi adatot haszn\u00e1lt fel a havi keret\u00e9b\u0151l. Ha agg\u00f3dik az adatfogyaszt\u00e1sa miatt, vagy szeretn\u00e9 l\u00e1tni, hogyan fogyasztja azt, itt van n\u00e9h\u00e1ny m\u00f3dja, hogy ezt megtehesse: <\/span><span data-ccp-props=\"{\"134233117\":true,\"134233118\":true,\"201341983\":0,\"335559739\":160,\"335559740\":240}\"> <\/span><\/p>\n<p><b><span data-contrast=\"none\">Android rendszert haszn\u00e1l\u00f3 t\u00e1blag\u00e9pek \u00e9s telefonok<\/span><\/b> <br \/><span data-contrast=\"none\">Az ingyenes Data Monitor alkalmaz\u00e1st let\u00f6ltheted a Google Play \u00e1ruh\u00e1zb\u00f3l. Seg\u00edts\u00e9g\u00e9vel nyomon k\u00f6vetheted a k\u00e9sz\u00fcl\u00e9k eg\u00e9sz\u00e9nek vagy alkalmaz\u00e1sonk\u00e9nt, p\u00e9ld\u00e1ul a Facebook vagy a YouTube adatfelhaszn\u00e1l\u00e1s\u00e1t. <\/span><span data-ccp-props=\"{\"134233117\":true,\"134233118\":true,\"201341983\":0,\"335559739\":160,\"335559740\":240}\"> <\/span><\/p>\n<p><b><span data-contrast=\"none\">iPhone-ok \u00e9s iPadek<\/span><\/b> <br \/><span data-contrast=\"none\">A Data Monitor alkalmaz\u00e1s kifejezetten Apple term\u00e9kekhez k\u00e9sz\u00fclt, \u00e9s az App Store-ban \u00e9rhet\u0151 el. Ez az alkalmaz\u00e1s a k\u00e9sz\u00fcl\u00e9k adatfogyaszt\u00e1s\u00e1nak bont\u00e1s\u00e1t \u00e9s az alkalmaz\u00e1sonk\u00e9nti adatfelhaszn\u00e1l\u00e1s r\u00e9szletesebb elemz\u00e9s\u00e9t adja meg. <\/span><span data-ccp-props=\"{\"134233117\":true,\"134233118\":true,\"201341983\":0,\"335559739\":160,\"335559740\":240}\"> <\/span><\/p>\n<p><b><span data-contrast=\"none\">Laptopok vagy asztali sz\u00e1m\u00edt\u00f3g\u00e9pek<\/span><\/b> <br \/><span data-contrast=\"none\">A GlassWire egy ingyenes s\u00e1vsz\u00e9less\u00e9g-monitor, amely Windows, Linux \u00e9s Mac OSX rendszereken m\u0171k\u00f6dik. Egy k\u00f6nnyen \u00e1ttekinthet\u0151 grafikonon mutatja a m\u00faltbeli \u00e9s jelenlegi h\u00e1l\u00f3zati tev\u00e9kenys\u00e9get. <\/span><span data-ccp-props=\"{\"134233117\":true,\"134233118\":true,\"201341983\":0,\"335559739\":160,\"335559740\":240}\"> <\/span><\/p>\n<p><b><span data-contrast=\"none\">Biztons\u00e1g \u00e9s helyi h\u00e1l\u00f3zatok<\/span><\/b> <br \/><span data-contrast=\"none\">Ha \u00fagy \u00e9rzed, hogy a adatmennyis\u00e9ged gyorsabban haszn\u00e1l\u00f3dik el, mint gondoltad volna, javasoljuk, hogy ellen\u0151rizd, hogy a Wi-Fi h\u00e1l\u00f3zat teljesen biztons\u00e1gos-e, \u00e9s hogy er\u0151s jelsz\u00f3t v\u00e1lasztott\u00e1l-e. \u00cdgy teljes m\u00e9rt\u00e9kben a te kezedben lesz az ir\u00e1ny\u00edt\u00e1s, \u00e9s megakad\u00e1lyozza, hogy b\u00e1rki m\u00e1s felkapcsolodjon a h\u00e1l\u00f3zatodra, \u00e9s felhaszn\u00e1lja az adataid. <\/span><span data-ccp-props=\"{\"134233117\":true,\"134233118\":true,\"201341983\":0,\"335559739\":160,\"335559740\":240}\"> <\/span><\/p>\n\t\t\t\t\t\t\t\t<\/div>\n\t\t\t\t<\/div>\n\t\t\t\t\t<\/div>\n\t\t<\/div>\n\t\t\t\t\t<\/div>\n\t\t<\/section>\n\t\t\t\t<\/div>\n\t\t","protected":false},"excerpt":{"rendered":"<p>Adatoptimaliz\u00e1l\u00e1s . T\u00e9nyek, tippek, tr\u00fckk\u00f6k \u00e9s szak\u00e9rt\u0151i tan\u00e1csok az adatfelhaszn\u00e1l\u00e1sr\u00f3l Csomag\u00e1raink els\u0151sorban a k\u00fcl\u00f6nb\u00f6z\u0151 havi adatkereteket t\u00fckr\u00f6zik. \u00dagy gondoljuk, hogy ez igazs\u00e1goss\u00e1 teszi a dolgokat, mivel mindenki az internet haszn\u00e1lat\u00e1nak megfelel\u0151en v\u00e1laszthat csomagot. \u00cdgy az alkalmi felhaszn\u00e1l\u00f3k, akik csak interneteznek \u00e9s e-maileznek, sokkal kevesebbet fizetnek, mint mondjuk egy n\u00e9gytag\u00fa csal\u00e1d, akik t\u00f6bb k\u00e9sz\u00fcl\u00e9ket haszn\u00e1lnak, vagy [&hellip;]<\/p>\n","protected":false},"author":1,"featured_media":0,"parent":0,"menu_order":0,"comment_status":"closed","ping_status":"closed","template":"","meta":{"_acf_changed":false,"site-sidebar-layout":"no-sidebar","site-content-layout":"page-builder","ast-site-content-layout":"default","site-content-style":"default","site-sidebar-style":"default","ast-global-header-display":"","ast-banner-title-visibility":"","ast-main-header-display":"","ast-hfb-above-header-display":"","ast-hfb-below-header-display":"","ast-hfb-mobile-header-display":"","site-post-title":"disabled","ast-breadcrumbs-content":"","ast-featured-img":"disabled","footer-sml-layout":"","ast-disable-related-posts":"","theme-transparent-header-meta":"","adv-header-id-meta":"","stick-header-meta":"","header-above-stick-meta":"","header-main-stick-meta":"","header-below-stick-meta":"","astra-migrate-meta-layouts":"default","ast-page-background-enabled":"default","ast-page-background-meta":{"desktop":{"background-color":"","background-image":"","background-repeat":"repeat","background-position":"center center","background-size":"auto","background-attachment":"scroll","background-type":"","background-media":"","overlay-type":"","overlay-color":"","overlay-opacity":"","overlay-gradient":""},"tablet":{"background-color":"","background-image":"","background-repeat":"repeat","background-position":"center center","background-size":"auto","background-attachment":"scroll","background-type":"","background-media":"","overlay-type":"","overlay-color":"","overlay-opacity":"","overlay-gradient":""},"mobile":{"background-color":"","background-image":"","background-repeat":"repeat","background-position":"center center","background-size":"auto","background-attachment":"scroll","background-type":"","background-media":"","overlay-type":"","overlay-color":"","overlay-opacity":"","overlay-gradient":""}},"ast-content-background-meta":{"desktop":{"background-color":"var(--ast-global-color-5)","background-image":"","background-repeat":"repeat","background-position":"center center","background-size":"auto","background-attachment":"scroll","background-type":"","background-media":"","overlay-type":"","overlay-color":"","overlay-opacity":"","overlay-gradient":""},"tablet":{"background-color":"var(--ast-global-color-5)","background-image":"","background-repeat":"repeat","background-position":"center center","background-size":"auto","background-attachment":"scroll","background-type":"","background-media":"","overlay-type":"","overlay-color":"","overlay-opacity":"","overlay-gradient":""},"mobile":{"background-color":"var(--ast-global-color-5)","background-image":"","background-repeat":"repeat","background-position":"center center","background-size":"auto","background-attachment":"scroll","background-type":"","background-media":"","overlay-type":"","overlay-color":"","overlay-opacity":"","overlay-gradient":""}},"footnotes":""},"class_list":["post-4557","page","type-page","status-publish","hentry"],"acf":[],"_links":{"self":[{"href":"https:\/\/brdy.com\/hu\/wp-json\/wp\/v2\/pages\/4557","targetHints":{"allow":["GET"]}}],"collection":[{"href":"https:\/\/brdy.com\/hu\/wp-json\/wp\/v2\/pages"}],"about":[{"href":"https:\/\/brdy.com\/hu\/wp-json\/wp\/v2\/types\/page"}],"author":[{"embeddable":true,"href":"https:\/\/brdy.com\/hu\/wp-json\/wp\/v2\/users\/1"}],"replies":[{"embeddable":true,"href":"https:\/\/brdy.com\/hu\/wp-json\/wp\/v2\/comments?post=4557"}],"version-history":[{"count":1,"href":"https:\/\/brdy.com\/hu\/wp-json\/wp\/v2\/pages\/4557\/revisions"}],"predecessor-version":[{"id":4558,"href":"https:\/\/brdy.com\/hu\/wp-json\/wp\/v2\/pages\/4557\/revisions\/4558"}],"wp:attachment":[{"href":"https:\/\/brdy.com\/hu\/wp-json\/wp\/v2\/media?parent=4557"}],"curies":[{"name":"wp","href":"https:\/\/api.w.org\/{rel}","templated":true}]}}