{"id":4525,"date":"2023-09-06T15:58:01","date_gmt":"2023-09-06T14:58:01","guid":{"rendered":"https:\/\/brdy.com\/hu\/ellenorzo-iranyitoszam\/"},"modified":"2025-07-10T14:50:58","modified_gmt":"2025-07-10T13:50:58","slug":"ellenorzo-iranyitoszam","status":"publish","type":"page","link":"https:\/\/brdy.com\/hu\/ellenorzo-iranyitoszam\/","title":{"rendered":"ellen\u0151rz\u0151 ir\u00e1ny\u00edt\u00f3sz\u00e1m"},"content":{"rendered":"\t\t<div data-elementor-type=\"wp-page\" data-elementor-id=\"4525\" class=\"elementor elementor-4525 elementor-3334\" data-elementor-post-type=\"page\">\n\t\t\t\t\t\t<section class=\"elementor-section elementor-top-section elementor-element elementor-element-1e50b65 elementor-section-full_width elementor-section-height-min-height elementor-section-stretched elementor-section-height-default elementor-section-items-middle\" data-id=\"1e50b65\" data-element_type=\"section\" data-e-type=\"section\" data-settings=\"{&quot;background_background&quot;:&quot;classic&quot;,&quot;stretch_section&quot;:&quot;section-stretched&quot;}\">\n\t\t\t\t\t\t<div class=\"elementor-container elementor-column-gap-default\">\n\t\t\t\t\t<div class=\"elementor-column elementor-col-100 elementor-top-column elementor-element elementor-element-107a8b9\" data-id=\"107a8b9\" data-element_type=\"column\" data-e-type=\"column\" data-settings=\"{&quot;background_background&quot;:&quot;classic&quot;}\">\n\t\t\t<div class=\"elementor-widget-wrap elementor-element-populated\">\n\t\t\t\t\t\t<section class=\"elementor-section elementor-inner-section elementor-element elementor-element-584c989 elementor-section-boxed elementor-section-height-default elementor-section-height-default\" data-id=\"584c989\" data-element_type=\"section\" data-e-type=\"section\">\n\t\t\t\t\t\t<div class=\"elementor-container elementor-column-gap-default\">\n\t\t\t\t\t<div class=\"elementor-column elementor-col-33 elementor-inner-column elementor-element elementor-element-0022025 elementor-hidden-mobile\" data-id=\"0022025\" data-element_type=\"column\" data-e-type=\"column\">\n\t\t\t<div class=\"elementor-widget-wrap\">\n\t\t\t\t\t\t\t<\/div>\n\t\t<\/div>\n\t\t\t\t<div class=\"elementor-column elementor-col-33 elementor-inner-column elementor-element elementor-element-21f23ef\" data-id=\"21f23ef\" data-element_type=\"column\" data-e-type=\"column\" data-settings=\"{&quot;background_background&quot;:&quot;classic&quot;}\">\n\t\t\t<div class=\"elementor-widget-wrap elementor-element-populated\">\n\t\t\t\t\t\t<div class=\"elementor-element elementor-element-baeb6f7 elementor-widget elementor-widget-text-editor\" data-id=\"baeb6f7\" data-element_type=\"widget\" data-e-type=\"widget\" data-widget_type=\"text-editor.default\">\n\t\t\t\t<div class=\"elementor-widget-container\">\n\t\t\t\t\t\t\t\t\t<p>Minden c\u00edmet ki tudunk szolg\u00e1lni, n\u00e9zz\u00fck meg, milyen lehet\u0151s\u00e9geket tudunk aj\u00e1nlani<\/p>\n\t\t\t\t\t\t\t\t<\/div>\n\t\t\t\t<\/div>\n\t\t\t\t<div class=\"elementor-element elementor-element-4fc9dcd elementor-widget__width-initial elementor-widget-tablet__width-inherit elementor-widget elementor-widget-html\" data-id=\"4fc9dcd\" data-element_type=\"widget\" data-e-type=\"widget\" data-widget_type=\"html.default\">\n\t\t\t\t<div class=\"elementor-widget-container\">\n\t\t\t\t\t<form id=\"check_now\" class=\"elementor-form\" action=\"\/hu\/kapcsolatfelvetel\" method=\"get\" name=\"New Form\">\r\n\t<div class=\"elementor-form-fields-wrapper elementor-labels-\" style=\"align-items: flex-start;\">\r\n\t\t<div class=\"elementor-field-type-text elementor-field-group elementor-column elementor-field-group-name elementor-col-66\">\r\n\t\t\t<label for=\"form-field-name\" class=\"elementor-field-label elementor-screen-only\">\r\n\t\t\t\t\u00cdrd be az ir\u00e1ny\u00edt\u00f3sz\u00e1mod \u00e9s v\u00e1lassz a men\u00fcb\u0151l <\/label>\r\n\t\t\t<input size=\"1\" type=\"text\" id=\"loc_check_google\" name=\"address\" style=\"background-color: #fff;margin-bottom: 10px;\" class=\"elementor-field elementor-size-sm elementor-field-textual\" placeholder=\"\u00cdrd be az ir\u00e1ny\u00edt\u00f3sz\u00e1mod \u00e9s v\u00e1lassz a men\u00fcb\u0151l\" required=\"\">\r\n\t\t\t\t<ul class=\"spell_suggesstion\" style=\"list-style-type: none;color: #282828;background: #fff;margin: 0;width: 100%;\"><\/ul>\r\n\t\t\t\t<input type=\"hidden\" name=\"postal_code\" id=\"postal_code\">\r\n\t\t\t\t\t<input type=\"hidden\" name=\"city\" id=\"g_city\">\r\n\t\t<\/div>\r\n\t\t<div class=\"elementor-field-group elementor-column elementor-field-type-submit elementor-col-33 e-form__buttons\" style=\"justify-content: center;\">\r\n\t\t\t<button type=\"submit\" id=\"check_location_google\" class=\"elementor-button elementor-size-sm\" style=\"font-weight: 600;border-style: none;border-radius: 0px 0px 0px 0px;padding: 15px 35px 15px 35px;background: #f9b52c;color: #282828;opacity: 1;font-size:13px;\">\r\n\t\t\t\t<span>\r\n\t\t\t\t\t<span class=\" elementor-button-icon\">\r\n\t\t\t\t\t<\/span>\r\n\t\t\t\t\t<span class=\"elementor-button-text\">Ellen\u0151rizd most<\/span>\r\n\t\t\t\t<\/span>\r\n\t\t\t<\/button>\r\n\t\t<\/div>\r\n\t<\/div>\r\n<\/form>\t\t\t\t<\/div>\n\t\t\t\t<\/div>\n\t\t\t\t<div class=\"elementor-element elementor-element-d8aba5e elementor-widget__width-initial elementor-widget-tablet__width-inherit elementor-hidden-desktop elementor-hidden-tablet elementor-hidden-mobile elementor-widget elementor-widget-html\" data-id=\"d8aba5e\" data-element_type=\"widget\" data-e-type=\"widget\" data-widget_type=\"html.default\">\n\t\t\t\t<div class=\"elementor-widget-container\">\n\t\t\t\t\t<form id=\"check_now\" class=\"elementor-form\" action=\"\/just-for-you\" method=\"get\" name=\"New Form\">\n\t<div class=\"elementor-form-fields-wrapper elementor-labels-\" style=\"align-items: flex-start;\">\n\t\t<div class=\"elementor-field-type-text elementor-field-group elementor-column elementor-field-group-name elementor-col-66\">\n\t\t\t<label for=\"form-field-name\" class=\"elementor-field-label elementor-screen-only\">\n \u00cdrd be az ir\u00e1ny\u00edt\u00f3sz\u00e1mod <\/label>\n\t\t\t<input size=\"1\" type=\"text\" id=\"loc_check\" name=\"address\" style=\"background-color: #fff;margin-bottom: 10px;\" class=\"elementor-field elementor-size-sm elementor-field-textual\" placeholder=\"\u00cdrja be ir\u00e1ny\u00edt\u00f3sz\u00e1m\u00e1t\" required=\"\">\n\t\t\t\t<ul class=\"spell_suggesstion\" style=\"list-style-type: none;color: #282828;background: #fff;margin: 0;width: 100%;\"><\/ul>\n\t\t<\/div>\n\t\t<div class=\"elementor-field-group elementor-column elementor-field-type-submit elementor-col-33 e-form__buttons\" style=\"justify-content: center;\">\n\t\t\t<button type=\"submit\" id=\"check_location\" class=\"elementor-button elementor-size-sm\" style=\"font-weight: 600;border-style: none;border-radius: 0px 0px 0px 0px;padding: 15px 35px 15px 35px;background: #f9b52c;color: #282828;opacity: 1;pointer-events: none;\">\n\t\t\t\t<span>\n\t\t\t\t\t<span class=\" elementor-button-icon\">\n\t\t\t\t\t<\/span>\n\t\t\t\t\t<span class=\"elementor-button-text\">Ellen\u0151rizd most<\/span>\n\t\t\t\t<\/span>\n\t\t\t<\/button>\n\t\t<\/div>\n\t<\/div>\n<\/form>\t\t\t\t<\/div>\n\t\t\t\t<\/div>\n\t\t\t\t\t<\/div>\n\t\t<\/div>\n\t\t\t\t<div class=\"elementor-column elementor-col-33 elementor-inner-column elementor-element elementor-element-5dd91e6 elementor-hidden-mobile\" data-id=\"5dd91e6\" data-element_type=\"column\" data-e-type=\"column\">\n\t\t\t<div class=\"elementor-widget-wrap\">\n\t\t\t\t\t\t\t<\/div>\n\t\t<\/div>\n\t\t\t\t\t<\/div>\n\t\t<\/section>\n\t\t\t\t\t<\/div>\n\t\t<\/div>\n\t\t\t\t\t<\/div>\n\t\t<\/section>\n\t\t\t\t<section class=\"elementor-section elementor-top-section elementor-element elementor-element-c98e89d elementor-hidden-desktop elementor-hidden-tablet elementor-hidden-mobile elementor-section-boxed elementor-section-height-default elementor-section-height-default\" data-id=\"c98e89d\" data-element_type=\"section\" data-e-type=\"section\" data-settings=\"{&quot;background_background&quot;:&quot;classic&quot;}\">\n\t\t\t\t\t\t<div class=\"elementor-container elementor-column-gap-default\">\n\t\t\t\t\t<div class=\"elementor-column elementor-col-100 elementor-top-column elementor-element elementor-element-abcec99\" data-id=\"abcec99\" data-element_type=\"column\" data-e-type=\"column\">\n\t\t\t<div class=\"elementor-widget-wrap elementor-element-populated\">\n\t\t\t\t\t\t<div class=\"elementor-element elementor-element-aed5b99 elementor-widget elementor-widget-text-editor\" data-id=\"aed5b99\" data-element_type=\"widget\" data-e-type=\"widget\" data-widget_type=\"text-editor.default\">\n\t\t\t\t<div class=\"elementor-widget-container\">\n\t\t\t\t\t\t\t\t\t<p>\u00c9rtes\u00fclj leg\u00fajabb aj\u00e1nlatainkr\u00f3l \u00e9s h\u00edreinkr\u0151l<\/p>\n\t\t\t\t\t\t\t\t<\/div>\n\t\t\t\t<\/div>\n\t\t\t\t<section class=\"elementor-section elementor-inner-section elementor-element elementor-element-553bd2a elementor-section-boxed elementor-section-height-default elementor-section-height-default\" data-id=\"553bd2a\" data-element_type=\"section\" data-e-type=\"section\">\n\t\t\t\t\t\t<div class=\"elementor-container elementor-column-gap-default\">\n\t\t\t\t\t<div class=\"elementor-column elementor-col-33 elementor-inner-column elementor-element elementor-element-b563f29 elementor-hidden-mobile\" data-id=\"b563f29\" data-element_type=\"column\" data-e-type=\"column\">\n\t\t\t<div class=\"elementor-widget-wrap\">\n\t\t\t\t\t\t\t<\/div>\n\t\t<\/div>\n\t\t\t\t<div class=\"elementor-column elementor-col-33 elementor-inner-column elementor-element elementor-element-7368e52\" data-id=\"7368e52\" data-element_type=\"column\" data-e-type=\"column\">\n\t\t\t<div class=\"elementor-widget-wrap elementor-element-populated\">\n\t\t\t\t\t\t<div class=\"elementor-element elementor-element-280691d elementor-button-align-start elementor-widget__width-inherit elementor-mobile-button-align-center elementor-widget elementor-widget-form\" data-id=\"280691d\" data-element_type=\"widget\" data-e-type=\"widget\" id=\"form-id-box\" data-settings=\"{&quot;button_width&quot;:&quot;30&quot;,&quot;step_next_label&quot;:&quot;K\\u00f6vetkez\\u0151&quot;,&quot;step_previous_label&quot;:&quot;El\\u0151z\\u0151&quot;,&quot;step_type&quot;:&quot;none&quot;,&quot;step_icon_shape&quot;:&quot;circle&quot;}\" data-widget_type=\"form.default\">\n\t\t\t\t<div class=\"elementor-widget-container\">\n\t\t\t\t\t\t\t<form class=\"elementor-form\" method=\"post\" name=\"New Form\" aria-label=\"New Form\">\n\t\t\t<input type=\"hidden\" name=\"post_id\" value=\"4525\"\/>\n\t\t\t<input type=\"hidden\" name=\"form_id\" value=\"280691d\"\/>\n\t\t\t<input type=\"hidden\" name=\"referer_title\" value=\"ellen\u0151rz\u0151 ir\u00e1ny\u00edt\u00f3sz\u00e1m - Brdy Hungary\" \/>\n\n\t\t\t\t\t\t\t<input type=\"hidden\" name=\"queried_id\" value=\"4525\"\/>\n\t\t\t\n\t\t\t<div class=\"elementor-form-fields-wrapper elementor-labels-\">\n\t\t\t\t\t\t\t\t<div class=\"elementor-field-type-email elementor-field-group elementor-column elementor-field-group-name elementor-col-70 elementor-field-required\">\n\t\t\t\t\t\t\t\t\t\t\t\t\t<input size=\"1\" type=\"email\" name=\"form_fields[name]\" id=\"form-field-name\" class=\"elementor-field elementor-size-sm  elementor-field-textual\" placeholder=\"Email c\u00edm\" required=\"required\">\n\t\t\t\t\t\t\t\t\t\t\t<\/div>\n\t\t\t\t\t\t\t\t<div class=\"elementor-field-type-acceptance elementor-field-group elementor-column elementor-field-group-field_ee96ee8 elementor-col-100 elementor-field-required\">\n\t\t\t\t\t\t\t<div class=\"elementor-field-subgroup\">\n\t\t\t<span class=\"elementor-field-option\">\n\t\t\t\t<input type=\"checkbox\" name=\"form_fields[field_ee96ee8]\" id=\"form-field-field_ee96ee8\" class=\"elementor-field elementor-size-sm  elementor-acceptance-field\" required=\"required\">\n\t\t\t\t<label for=\"form-field-field_ee96ee8\">Elolvastam \u00e9s elfogadom az <a href=\"https:\/\/brdy.com\/hu\/adatvedelmi-tajekoztato\/\">Adatv\u00e9delmi szab\u00e1lyzatot <\/a><\/label>\t\t\t<\/span>\n\t\t<\/div>\n\t\t\t\t\t\t<\/div>\n\t\t\t\t\t\t\t\t<div class=\"elementor-field-group elementor-column elementor-field-type-submit elementor-col-30 e-form__buttons\">\n\t\t\t\t\t<button class=\"elementor-button elementor-size-sm\" type=\"submit\">\n\t\t\t\t\t\t<span class=\"elementor-button-content-wrapper\">\n\t\t\t\t\t\t\t\t\t\t\t\t\t\t\t\t\t\t\t\t\t\t<span class=\"elementor-button-text\">K\u00fcld\u00e9s<\/span>\n\t\t\t\t\t\t\t\t\t\t\t\t\t<\/span>\n\t\t\t\t\t<\/button>\n\t\t\t\t<\/div>\n\t\t\t<\/div>\n\t\t<\/form>\n\t\t\t\t\t\t<\/div>\n\t\t\t\t<\/div>\n\t\t\t\t\t<\/div>\n\t\t<\/div>\n\t\t\t\t<div class=\"elementor-column elementor-col-33 elementor-inner-column elementor-element elementor-element-3dd5cac elementor-hidden-mobile\" data-id=\"3dd5cac\" data-element_type=\"column\" data-e-type=\"column\">\n\t\t\t<div class=\"elementor-widget-wrap\">\n\t\t\t\t\t\t\t<\/div>\n\t\t<\/div>\n\t\t\t\t\t<\/div>\n\t\t<\/section>\n\t\t\t\t\t<\/div>\n\t\t<\/div>\n\t\t\t\t\t<\/div>\n\t\t<\/section>\n\t\t\t\t<section class=\"elementor-section elementor-top-section elementor-element elementor-element-14d84cd elementor-section-full_width elementor-section-height-default elementor-section-height-default\" data-id=\"14d84cd\" data-element_type=\"section\" data-e-type=\"section\">\n\t\t\t\t\t\t<div class=\"elementor-container elementor-column-gap-default\">\n\t\t\t\t\t<div class=\"elementor-column elementor-col-100 elementor-top-column elementor-element elementor-element-b17ba7f\" data-id=\"b17ba7f\" data-element_type=\"column\" data-e-type=\"column\">\n\t\t\t<div class=\"elementor-widget-wrap elementor-element-populated\">\n\t\t\t\t\t\t<div class=\"elementor-element elementor-element-61ed87d elementor-widget elementor-widget-shortcode\" data-id=\"61ed87d\" data-element_type=\"widget\" data-e-type=\"widget\" data-widget_type=\"shortcode.default\">\n\t\t\t\t<div class=\"elementor-widget-container\">\n\t\t\t\t\t\t\t<div class=\"elementor-shortcode\">\t\t<div data-elementor-type=\"section\" data-elementor-id=\"5164\" class=\"elementor elementor-5164\" data-elementor-post-type=\"elementor_library\">\n\t\t\t\t\t<section class=\"elementor-section elementor-top-section elementor-element elementor-element-4ad844b elementor-section-boxed elementor-section-height-default elementor-section-height-default\" data-id=\"4ad844b\" data-element_type=\"section\" data-e-type=\"section\" data-settings=\"{&quot;background_background&quot;:&quot;classic&quot;}\">\n\t\t\t\t\t\t<div class=\"elementor-container elementor-column-gap-default\">\n\t\t\t\t\t<div class=\"elementor-column elementor-col-100 elementor-top-column elementor-element elementor-element-11322b2\" data-id=\"11322b2\" data-element_type=\"column\" data-e-type=\"column\">\n\t\t\t<div class=\"elementor-widget-wrap elementor-element-populated\">\n\t\t\t\t\t\t<div class=\"elementor-element elementor-element-d3e9a71 elementor-widget elementor-widget-text-editor\" data-id=\"d3e9a71\" data-element_type=\"widget\" data-e-type=\"widget\" data-widget_type=\"text-editor.default\">\n\t\t\t\t<div class=\"elementor-widget-container\">\n\t\t\t\t\t\t\t\t\t\u00c9rtes\u00fclj leg\u00fajabb aj\u00e1nlatainkr\u00f3l \u00e9s h\u00edreinkr\u0151l\t\t\t\t\t\t\t\t<\/div>\n\t\t\t\t<\/div>\n\t\t\t\t<section class=\"elementor-section elementor-inner-section elementor-element elementor-element-bc842ef elementor-section-boxed elementor-section-height-default elementor-section-height-default\" data-id=\"bc842ef\" data-element_type=\"section\" data-e-type=\"section\">\n\t\t\t\t\t\t<div class=\"elementor-container elementor-column-gap-default\">\n\t\t\t\t\t<div class=\"elementor-column elementor-col-33 elementor-inner-column elementor-element elementor-element-638bc01 elementor-hidden-mobile\" data-id=\"638bc01\" data-element_type=\"column\" data-e-type=\"column\">\n\t\t\t<div class=\"elementor-widget-wrap\">\n\t\t\t\t\t\t\t<\/div>\n\t\t<\/div>\n\t\t\t\t<div class=\"elementor-column elementor-col-33 elementor-inner-column elementor-element elementor-element-d0a95a1\" data-id=\"d0a95a1\" data-element_type=\"column\" data-e-type=\"column\">\n\t\t\t<div class=\"elementor-widget-wrap elementor-element-populated\">\n\t\t\t\t\t\t<div class=\"elementor-element elementor-element-3ea1e51 elementor-button-align-start elementor-widget__width-inherit elementor-mobile-button-align-center elementor-widget elementor-widget-form\" data-id=\"3ea1e51\" data-element_type=\"widget\" data-e-type=\"widget\" id=\"form-id-box\" data-settings=\"{&quot;button_width&quot;:&quot;30&quot;,&quot;step_next_label&quot;:&quot;K\\u00f6vetkez\\u0151&quot;,&quot;step_previous_label&quot;:&quot;El\\u0151z\\u0151&quot;,&quot;step_type&quot;:&quot;none&quot;,&quot;step_icon_shape&quot;:&quot;circle&quot;}\" data-widget_type=\"form.default\">\n\t\t\t\t<div class=\"elementor-widget-container\">\n\t\t\t\t\t\t\t<form class=\"elementor-form\" method=\"post\" name=\"Newsletter - Hungary\" aria-label=\"Newsletter - Hungary\">\n\t\t\t<input type=\"hidden\" name=\"post_id\" value=\"5164\"\/>\n\t\t\t<input type=\"hidden\" name=\"form_id\" value=\"3ea1e51\"\/>\n\t\t\t<input type=\"hidden\" name=\"referer_title\" value=\"Home - Non transactional - Brdy Hungary\" \/>\n\n\t\t\t\t\t\t\t<input type=\"hidden\" name=\"queried_id\" value=\"4521\"\/>\n\t\t\t\n\t\t\t<div class=\"elementor-form-fields-wrapper elementor-labels-\">\n\t\t\t\t\t\t\t\t<div class=\"elementor-field-type-email elementor-field-group elementor-column elementor-field-group-name elementor-col-70 elementor-field-required\">\n\t\t\t\t\t\t\t\t\t\t\t\t\t<input size=\"1\" type=\"email\" name=\"form_fields[name]\" id=\"form-field-name\" class=\"elementor-field elementor-size-sm  elementor-field-textual\" placeholder=\"Email c\u00edm\" required=\"required\">\n\t\t\t\t\t\t\t\t\t\t\t<\/div>\n\t\t\t\t\t\t\t\t<div class=\"elementor-field-type-acceptance elementor-field-group elementor-column elementor-field-group-field_ee96ee8 elementor-col-100 elementor-field-required\">\n\t\t\t\t\t\t\t<div class=\"elementor-field-subgroup\">\n\t\t\t<span class=\"elementor-field-option\">\n\t\t\t\t<input type=\"checkbox\" name=\"form_fields[field_ee96ee8]\" id=\"form-field-field_ee96ee8\" class=\"elementor-field elementor-size-sm  elementor-acceptance-field\" required=\"required\">\n\t\t\t\t<label for=\"form-field-field_ee96ee8\">Elolvastam \u00e9s elfogadom az <a href=\"\/hu\/Adatv\u00e9delmi-szab\u00e1lyzatot\/\">Adatv\u00e9delmi szab\u00e1lyzatot <\/a><\/label>\t\t\t<\/span>\n\t\t<\/div>\n\t\t\t\t\t\t<\/div>\n\t\t\t\t\t\t\t\t<div class=\"elementor-field-group elementor-column elementor-field-type-submit elementor-col-30 e-form__buttons\">\n\t\t\t\t\t<button class=\"elementor-button elementor-size-sm\" type=\"submit\">\n\t\t\t\t\t\t<span class=\"elementor-button-content-wrapper\">\n\t\t\t\t\t\t\t\t\t\t\t\t\t\t\t\t\t\t\t\t\t\t<span class=\"elementor-button-text\">K\u00fcld\u00e9s<\/span>\n\t\t\t\t\t\t\t\t\t\t\t\t\t<\/span>\n\t\t\t\t\t<\/button>\n\t\t\t\t<\/div>\n\t\t\t<\/div>\n\t\t<\/form>\n\t\t\t\t\t\t<\/div>\n\t\t\t\t<\/div>\n\t\t\t\t\t<\/div>\n\t\t<\/div>\n\t\t\t\t<div class=\"elementor-column elementor-col-33 elementor-inner-column elementor-element elementor-element-a663ca9 elementor-hidden-mobile\" data-id=\"a663ca9\" data-element_type=\"column\" data-e-type=\"column\">\n\t\t\t<div class=\"elementor-widget-wrap\">\n\t\t\t\t\t\t\t<\/div>\n\t\t<\/div>\n\t\t\t\t\t<\/div>\n\t\t<\/section>\n\t\t\t\t\t<\/div>\n\t\t<\/div>\n\t\t\t\t\t<\/div>\n\t\t<\/section>\n\t\t\t\t<\/div>\n\t\t<\/div>\n\t\t\t\t\t\t<\/div>\n\t\t\t\t<\/div>\n\t\t\t\t\t<\/div>\n\t\t<\/div>\n\t\t\t\t\t<\/div>\n\t\t<\/section>\n\t\t\t\t<\/div>\n\t\t","protected":false},"excerpt":{"rendered":"<p>Minden c\u00edmet ki tudunk szolg\u00e1lni, n\u00e9zz\u00fck meg, milyen lehet\u0151s\u00e9geket tudunk aj\u00e1nlani \u00cdrd be az ir\u00e1ny\u00edt\u00f3sz\u00e1mod \u00e9s v\u00e1lassz a men\u00fcb\u0151l Ellen\u0151rizd most \u00cdrd be az ir\u00e1ny\u00edt\u00f3sz\u00e1mod Ellen\u0151rizd most \u00c9rtes\u00fclj leg\u00fajabb aj\u00e1nlatainkr\u00f3l \u00e9s h\u00edreinkr\u0151l<\/p>\n","protected":false},"author":1,"featured_media":0,"parent":0,"menu_order":0,"comment_status":"closed","ping_status":"closed","template":"","meta":{"_acf_changed":false,"site-sidebar-layout":"no-sidebar","site-content-layout":"page-builder","ast-site-content-layout":"full-width-container","site-content-style":"unboxed","site-sidebar-style":"unboxed","ast-global-header-display":"","ast-banner-title-visibility":"","ast-main-header-display":"","ast-hfb-above-header-display":"","ast-hfb-below-header-display":"","ast-hfb-mobile-header-display":"","site-post-title":"disabled","ast-breadcrumbs-content":"","ast-featured-img":"disabled","footer-sml-layout":"","ast-disable-related-posts":"","theme-transparent-header-meta":"","adv-header-id-meta":"","stick-header-meta":"","header-above-stick-meta":"","header-main-stick-meta":"","header-below-stick-meta":"","astra-migrate-meta-layouts":"default","ast-page-background-enabled":"default","ast-page-background-meta":{"desktop":{"background-color":"","background-image":"","background-repeat":"repeat","background-position":"center center","background-size":"auto","background-attachment":"scroll","background-type":"","background-media":"","overlay-type":"","overlay-color":"","overlay-opacity":"","overlay-gradient":""},"tablet":{"background-color":"","background-image":"","background-repeat":"repeat","background-position":"center center","background-size":"auto","background-attachment":"scroll","background-type":"","background-media":"","overlay-type":"","overlay-color":"","overlay-opacity":"","overlay-gradient":""},"mobile":{"background-color":"","background-image":"","background-repeat":"repeat","background-position":"center center","background-size":"auto","background-attachment":"scroll","background-type":"","background-media":"","overlay-type":"","overlay-color":"","overlay-opacity":"","overlay-gradient":""}},"ast-content-background-meta":{"desktop":{"background-color":"var(--ast-global-color-5)","background-image":"","background-repeat":"repeat","background-position":"center center","background-size":"auto","background-attachment":"scroll","background-type":"","background-media":"","overlay-type":"","overlay-color":"","overlay-opacity":"","overlay-gradient":""},"tablet":{"background-color":"var(--ast-global-color-5)","background-image":"","background-repeat":"repeat","background-position":"center center","background-size":"auto","background-attachment":"scroll","background-type":"","background-media":"","overlay-type":"","overlay-color":"","overlay-opacity":"","overlay-gradient":""},"mobile":{"background-color":"var(--ast-global-color-5)","background-image":"","background-repeat":"repeat","background-position":"center center","background-size":"auto","background-attachment":"scroll","background-type":"","background-media":"","overlay-type":"","overlay-color":"","overlay-opacity":"","overlay-gradient":""}},"footnotes":""},"class_list":["post-4525","page","type-page","status-publish","hentry"],"acf":[],"_links":{"self":[{"href":"https:\/\/brdy.com\/hu\/wp-json\/wp\/v2\/pages\/4525","targetHints":{"allow":["GET"]}}],"collection":[{"href":"https:\/\/brdy.com\/hu\/wp-json\/wp\/v2\/pages"}],"about":[{"href":"https:\/\/brdy.com\/hu\/wp-json\/wp\/v2\/types\/page"}],"author":[{"embeddable":true,"href":"https:\/\/brdy.com\/hu\/wp-json\/wp\/v2\/users\/1"}],"replies":[{"embeddable":true,"href":"https:\/\/brdy.com\/hu\/wp-json\/wp\/v2\/comments?post=4525"}],"version-history":[{"count":34,"href":"https:\/\/brdy.com\/hu\/wp-json\/wp\/v2\/pages\/4525\/revisions"}],"predecessor-version":[{"id":5446,"href":"https:\/\/brdy.com\/hu\/wp-json\/wp\/v2\/pages\/4525\/revisions\/5446"}],"wp:attachment":[{"href":"https:\/\/brdy.com\/hu\/wp-json\/wp\/v2\/media?parent=4525"}],"curies":[{"name":"wp","href":"https:\/\/api.w.org\/{rel}","templated":true}]}}