{"id":3643,"date":"2023-09-07T11:36:58","date_gmt":"2023-09-07T09:36:58","guid":{"rendered":"https:\/\/brdy.com\/fr\/request-a-call-back-package\/"},"modified":"2025-09-30T11:47:13","modified_gmt":"2025-09-30T09:47:13","slug":"request-a-call-back-package","status":"publish","type":"page","link":"https:\/\/brdy.com\/fr\/request-a-call-back-package\/","title":{"rendered":"Request a call back package"},"content":{"rendered":"\t\t<div data-elementor-type=\"wp-page\" data-elementor-id=\"3643\" class=\"elementor elementor-3643 elementor-3598\" data-elementor-post-type=\"page\">\n\t\t\t\t\t\t<section class=\"elementor-section elementor-top-section elementor-element elementor-element-c1e9f7e elementor-section-boxed elementor-section-height-default elementor-section-height-default\" data-id=\"c1e9f7e\" data-element_type=\"section\" data-e-type=\"section\">\n\t\t\t\t\t\t<div class=\"elementor-container elementor-column-gap-default\">\n\t\t\t\t\t<div class=\"elementor-column elementor-col-100 elementor-top-column elementor-element elementor-element-6180b8f\" data-id=\"6180b8f\" data-element_type=\"column\" data-e-type=\"column\">\n\t\t\t<div class=\"elementor-widget-wrap elementor-element-populated\">\n\t\t\t\t\t\t<div class=\"elementor-element elementor-element-39e5423 eael-dual-header-content-align-center elementor-widget elementor-widget-eael-dual-color-header\" data-id=\"39e5423\" data-element_type=\"widget\" data-e-type=\"widget\" data-widget_type=\"eael-dual-color-header.default\">\n\t\t\t\t<div class=\"elementor-widget-container\">\n\t\t\t\t\t\t\t\t<div class=\"eael-dual-header\">\n\t\t\t\t<h2 class=\"title eael-dch-title\"><span class=\"eael-dch-title-text eael-dch-title-lead lead solid-color\">C'est<\/span> <span class=\"eael-dch-title-text\">parti!<\/span><\/h2>\t\t\t<\/div>\n\n\t\t\t\t\t\t<\/div>\n\t\t\t\t<\/div>\n\t\t\t\t<div class=\"elementor-element elementor-element-99f5deb elementor-widget elementor-widget-text-editor\" data-id=\"99f5deb\" data-element_type=\"widget\" data-e-type=\"widget\" data-widget_type=\"text-editor.default\">\n\t\t\t\t<div class=\"elementor-widget-container\">\n\t\t\t\t\t\t\t\t\t<p>Merci de nous laisser vos coordonn\u00e9es et nous vous rappellerons d\u00e8s que possible.<\/p>\t\t\t\t\t\t\t\t<\/div>\n\t\t\t\t<\/div>\n\t\t\t\t<div class=\"elementor-element elementor-element-ac8193a elementor-widget elementor-widget-shortcode\" data-id=\"ac8193a\" data-element_type=\"widget\" data-e-type=\"widget\" data-widget_type=\"shortcode.default\">\n\t\t\t\t<div class=\"elementor-widget-container\">\n\t\t\t\t\t\t\t<div class=\"elementor-shortcode\">\t\t<div data-elementor-type=\"section\" data-elementor-id=\"4714\" class=\"elementor elementor-4714\" data-elementor-post-type=\"elementor_library\">\n\t\t\t\t\t<section class=\"elementor-section elementor-top-section elementor-element elementor-element-47f7a94c elementor-section-boxed elementor-section-height-default elementor-section-height-default\" data-id=\"47f7a94c\" data-element_type=\"section\" data-e-type=\"section\" data-settings=\"{&quot;background_background&quot;:&quot;classic&quot;}\">\n\t\t\t\t\t\t<div class=\"elementor-container elementor-column-gap-default\">\n\t\t\t\t\t<div class=\"elementor-column elementor-col-100 elementor-top-column elementor-element elementor-element-33c255a2\" data-id=\"33c255a2\" data-element_type=\"column\" data-e-type=\"column\">\n\t\t\t<div class=\"elementor-widget-wrap elementor-element-populated\">\n\t\t\t\t\t\t<div class=\"elementor-element elementor-element-1f521ae7 elementor-button-align-center formCustom elementor-widget elementor-widget-form\" data-id=\"1f521ae7\" data-element_type=\"widget\" data-e-type=\"widget\" data-settings=\"{&quot;step_next_label&quot;:&quot;Nast\\u0119pny&quot;,&quot;step_previous_label&quot;:&quot;Poprzedni&quot;,&quot;button_width_tablet&quot;:&quot;100&quot;,&quot;step_type&quot;:&quot;none&quot;,&quot;step_icon_shape&quot;:&quot;none&quot;,&quot;button_width&quot;:&quot;100&quot;}\" data-widget_type=\"form.default\">\n\t\t\t\t<div class=\"elementor-widget-container\">\n\t\t\t\t\t\t\t<form class=\"elementor-form\" method=\"post\" id=\"call_back_request_form\" name=\"Call Back Request Form\" aria-label=\"Call Back Request Form\">\n\t\t\t<input type=\"hidden\" name=\"post_id\" value=\"4714\"\/>\n\t\t\t<input type=\"hidden\" name=\"form_id\" value=\"1f521ae7\"\/>\n\t\t\t<input type=\"hidden\" name=\"referer_title\" value=\"Request a call back package\" \/>\n\n\t\t\t\t\t\t\t<input type=\"hidden\" name=\"queried_id\" value=\"3643\"\/>\n\t\t\t\n\t\t\t<div class=\"elementor-form-fields-wrapper elementor-labels-above\">\n\t\t\t\t\t\t\t\t<div class=\"elementor-field-type-text elementor-field-group elementor-column elementor-field-group-name elementor-col-50 elementor-field-required\">\n\t\t\t\t\t\t\t\t\t\t\t\t<label for=\"form-field-name\" class=\"elementor-field-label\">\n\t\t\t\t\t\t\t\tPr\u00e9nom\t\t\t\t\t\t\t<\/label>\n\t\t\t\t\t\t\t\t\t\t\t\t\t\t<input size=\"1\" type=\"text\" name=\"form_fields[name]\" id=\"form-field-name\" class=\"elementor-field elementor-size-md  elementor-field-textual\" placeholder=\"Entrez votre pr\u00e9nom\" required=\"required\">\n\t\t\t\t\t\t\t\t\t\t\t<\/div>\n\t\t\t\t\t\t\t\t<div class=\"elementor-field-type-text elementor-field-group elementor-column elementor-field-group-field_a7ef86a elementor-col-50 elementor-field-required\">\n\t\t\t\t\t\t\t\t\t\t\t\t<label for=\"form-field-field_a7ef86a\" class=\"elementor-field-label\">\n\t\t\t\t\t\t\t\t Nom de famille \t\t\t\t\t\t\t<\/label>\n\t\t\t\t\t\t\t\t\t\t\t\t\t\t<input size=\"1\" type=\"text\" name=\"form_fields[field_a7ef86a]\" id=\"form-field-field_a7ef86a\" class=\"elementor-field elementor-size-md  elementor-field-textual\" placeholder=\"Entrez votre nom de famille\" required=\"required\">\n\t\t\t\t\t\t\t\t\t\t\t<\/div>\n\t\t\t\t\t\t\t\t<div class=\"elementor-field-type-email elementor-field-group elementor-column elementor-field-group-email elementor-col-50 elementor-md-50 elementor-field-required\">\n\t\t\t\t\t\t\t\t\t\t\t\t<label for=\"form-field-email\" class=\"elementor-field-label\">\n\t\t\t\t\t\t\t\t Adresse \u00e9lectronique \t\t\t\t\t\t\t<\/label>\n\t\t\t\t\t\t\t\t\t\t\t\t\t\t<input size=\"1\" type=\"email\" name=\"form_fields[email]\" id=\"form-field-email\" class=\"elementor-field elementor-size-md  elementor-field-textual\" placeholder=\"Saisissez votre adresse e-mail\" required=\"required\">\n\t\t\t\t\t\t\t\t\t\t\t<\/div>\n\t\t\t\t\t\t\t\t<div class=\"elementor-field-type-tel elementor-field-group elementor-column elementor-field-group-field_5057311 elementor-col-50 elementor-md-50 elementor-field-required\">\n\t\t\t\t\t\t\t\t\t\t\t\t<label for=\"form-field-field_5057311\" class=\"elementor-field-label\">\n\t\t\t\t\t\t\t\t Num\u00e9ro de t\u00e9l\u00e9phone \t\t\t\t\t\t\t<\/label>\n\t\t\t\t\t\t\t\t<input size=\"1\" type=\"tel\" name=\"form_fields[field_5057311]\" id=\"form-field-field_5057311\" class=\"elementor-field elementor-size-md  elementor-field-textual\" placeholder=\"Entrez votre num\u00e9ro de t\u00e9l\u00e9phone\" required=\"required\" pattern=\"[0-9()#&amp;+*-=.]+\" title=\"Seuls les caract\u00e8res de num\u00e9ros de t\u00e9l\u00e9phone (#, -, *, etc.) sont accept\u00e9s.\">\n\n\t\t\t\t\t\t<\/div>\n\t\t\t\t\t\t\t\t<div class=\"elementor-field-type-text elementor-field-group elementor-column elementor-field-group-field_e20feeb elementor-col-50 elementor-field-required\">\n\t\t\t\t\t\t\t\t\t\t\t\t<label for=\"form-field-field_e20feeb\" class=\"elementor-field-label\">\n\t\t\t\t\t\t\t\t Code postal \t\t\t\t\t\t\t<\/label>\n\t\t\t\t\t\t\t\t\t\t\t\t\t\t<input size=\"1\" type=\"text\" name=\"form_fields[field_e20feeb]\" id=\"form-field-field_e20feeb\" class=\"elementor-field elementor-size-md  elementor-field-textual\" placeholder=\"Entrez votre code postal\" required=\"required\">\n\t\t\t\t\t\t\t\t\t\t\t<\/div>\n\t\t\t\t\t\t\t\t<div class=\"elementor-field-type-textarea elementor-field-group elementor-column elementor-field-group-field_71766c7 elementor-col-100\">\n\t\t\t\t\t\t\t\t\t\t\t\t<label for=\"form-field-field_71766c7\" class=\"elementor-field-label\">\n\t\t\t\t\t\t\t\t Message (facultatif) \t\t\t\t\t\t\t<\/label>\n\t\t\t\t\t\t<textarea class=\"elementor-field-textual elementor-field  elementor-size-md\" name=\"form_fields[field_71766c7]\" id=\"form-field-field_71766c7\" rows=\"4\" placeholder=\"Saisissez votre message\"><\/textarea>\t\t\t\t<\/div>\n\t\t\t\t\t\t\t\t<div class=\"elementor-field-type-acceptance elementor-field-group elementor-column elementor-field-group-field_437af27 elementor-col-100\">\n\t\t\t\t\t\t\t<div class=\"elementor-field-subgroup\">\n\t\t\t<span class=\"elementor-field-option\">\n\t\t\t\t<input type=\"checkbox\" name=\"form_fields[field_437af27]\" id=\"form-field-field_437af27\" class=\"elementor-field elementor-size-md  elementor-acceptance-field\" checked=\"checked\">\n\t\t\t\t<label for=\"form-field-field_437af27\">En nous communiquant votre nom et votre num\u00e9ro de t\u00e9l\u00e9phone, vous consentez \u00e9galement \u00e0 ce que Brdy traite vos donn\u00e9es personnelles. Les informations seront utilis\u00e9es pour d\u00e9terminer les besoins en mati\u00e8re de haut d\u00e9bit dans votre quartier et seront supprim\u00e9es au plus tard dans les 6 mois. Pour en savoir plus, consultez notre politique de confidentialit\u00e9  <\/label>\t\t\t<\/span>\n\t\t<\/div>\n\t\t\t\t\t\t<\/div>\n\t\t\t\t\t\t\t\t<div class=\"elementor-field-group elementor-column elementor-field-type-submit elementor-col-100 e-form__buttons elementor-md-100\">\n\t\t\t\t\t<button class=\"elementor-button elementor-size-md\" type=\"submit\">\n\t\t\t\t\t\t<span class=\"elementor-button-content-wrapper\">\n\t\t\t\t\t\t\t\t\t\t\t\t\t\t\t\t\t\t\t\t\t\t<span class=\"elementor-button-text\">Soumettre<\/span>\n\t\t\t\t\t\t\t\t\t\t\t\t\t<\/span>\n\t\t\t\t\t<\/button>\n\t\t\t\t<\/div>\n\t\t\t<\/div>\n\t\t<\/form>\n\t\t\t\t\t\t<\/div>\n\t\t\t\t<\/div>\n\t\t\t\t\t<\/div>\n\t\t<\/div>\n\t\t\t\t\t<\/div>\n\t\t<\/section>\n\t\t\t\t<\/div>\n\t\t<\/div>\n\t\t\t\t\t\t<\/div>\n\t\t\t\t<\/div>\n\t\t\t\t<section class=\"elementor-section elementor-inner-section elementor-element elementor-element-016ee95 r_form_cl elementor-hidden-desktop elementor-hidden-tablet elementor-hidden-mobile elementor-section-boxed elementor-section-height-default elementor-section-height-default\" data-id=\"016ee95\" data-element_type=\"section\" data-e-type=\"section\" id=\"shadow-contact\">\n\t\t\t\t\t\t<div class=\"elementor-container elementor-column-gap-default\">\n\t\t\t\t\t<div class=\"elementor-column elementor-col-100 elementor-inner-column elementor-element elementor-element-4c68c63\" data-id=\"4c68c63\" data-element_type=\"column\" data-e-type=\"column\" data-settings=\"{&quot;background_background&quot;:&quot;classic&quot;}\">\n\t\t\t<div class=\"elementor-widget-wrap elementor-element-populated\">\n\t\t\t\t\t\t<div class=\"elementor-element elementor-element-256eb34 elementor-widget elementor-widget-shortcode\" data-id=\"256eb34\" data-element_type=\"widget\" data-e-type=\"widget\" data-widget_type=\"shortcode.default\">\n\t\t\t\t<div class=\"elementor-widget-container\">\n\t\t\t\t\t\t\t<div class=\"elementor-shortcode\"><div class=\"elementor-element elementor-element-Rk elementor-button-align-center elementor-widget elementor-widget-form\">\n        <div class=\"elementor-widget-container\">\n            <form class=\"elementor-forms custom-Rk-forms\" method=\"post\" >\n                <input type=\"hidden\" name=\"r_prid\" id=\"r_prid\" value=\"\">\n                <input type=\"hidden\" name=\"r_loc\" id=\"r_loc\" value=\"\">\n                <input type=\"hidden\" name=\"r_prname\" id=\"r_prname\" value=\"\">\n                <input type=\"hidden\" name=\"r_price\" id=\"r_price\" value=\"\">\n                <div class=\"elementor-form-fields-wrapper elementor-labels-above\">\n                    <div class=\"elementor-field-type-text elementor-field-group elementor-column elementor-field-group-name elementor-col-50 elementor-field-required\"> \n                        <label for=\"form-field-name\" class=\"elementor-field-label\"> Pr\u00e9nom <\/label> \n                        <input size=\"1\" type=\"text\" name=\"r_fname\" id=\"r_fname\" class=\"elementor-field elementor-size-sm  elementor-field-textual\" placeholder=\"Entrez votre pr\u00e9nom\" required=\"required\" > \n                    <\/div>\n                    <div class=\"elementor-field-type-text elementor-field-group elementor-column elementor-field-group-last elementor-col-50 elementor-field-required\"> \n                        <label for=\"form-field-last\" class=\"elementor-field-label\"> Nom de famille <\/label> \n                        <input size=\"1\" type=\"text\" name=\"r_lname\" id=\"r_lname\" class=\"elementor-field elementor-size-sm  elementor-field-textual\" placeholder=\"Entrez votre nom de famille\" required=\"required\" > \n                    <\/div>\n                    <div class=\"elementor-field-type-email elementor-field-group elementor-column elementor-field-group-email elementor-col-50 elementor-field-required\"> \n                        <label for=\"form-field-email\" class=\"elementor-field-label\"> Adresse \u00e9lectronique <\/label> \n                        <input size=\"1\" type=\"email\" name=\"r_email\" id=\"r_email\" class=\"elementor-field elementor-size-sm  elementor-field-textual\" placeholder=\"Saisissez votre adresse e-mail\" required=\"required\" > \n                    <\/div>\n                    <div class=\"elementor-field-type-tel elementor-field-group elementor-column elementor-field-group-phone elementor-col-50 elementor-field-required\"> \n                        <label for=\"form-field-phone\" class=\"elementor-field-label\"> Num\u00e9ro de t\u00e9l\u00e9phone <\/label> \n                        <input size=\"1\" type=\"tel\" name=\"r_phone\" id=\"r_phone\" class=\"elementor-field elementor-size-sm  elementor-field-textual\" placeholder=\"Entrez votre num\u00e9ro de t\u00e9l\u00e9phone\" required=\"required\"  pattern=\"[0-9()#&amp;+*-=.]+\" title=\"Only numbers and phone characters (#, -, *, etc) are accepted.\"> \n                    <\/div>\n                    <div class=\"elementor-field-type-tel elementor-field-group elementor-column elementor-field-group-postcode elementor-col-50 elementor-field-required\"> \n                        <label for=\"form-field-postcode\" class=\"elementor-field-label\"> Code postal <\/label> \n                        <input size=\"1\" type=\"tel\" name=\"r_postcode\" id=\"r_postcode\" class=\"elementor-field elementor-size-sm  elementor-field-textual\" placeholder=\"Entrez votre code postal\" required=\"required\"  pattern=\"[0-9()#&amp;+*-=.]+\" title=\"Only numbers and phone characters (#, -, *, etc) are accepted.\"> \n                    <\/div>\n\t\t\t\t\t   <div class=\"elementor-field-type-acceptance elementor-field-group elementor-column elementor-field-group-checkbox elementor-col-100 elementor-field-required\">\n                        <div class=\"elementor-field-subgroup\"> <span class=\"elementor-field-option\"> \n\t\t\t\t\t\t\t<label for=\"form-field-message\" class=\"elementor-field-label\" style=\"font-size: unset;font-weight: unset;\">Je suis un client existant <\/label>\n                        <input type=\"radio\" name=\"ex_checkbox\" id=\"ex_checkbox_yes\" class=\"elementor-field elementor-size-sm  elementor-acceptance-field\" required=\"required\" value=\"YES\" > Oui\t\t\t\t\t\t\t<input type=\"radio\" name=\"ex_checkbox\" id=\"ex_checkbox_no\" class=\"elementor-field elementor-size-sm  elementor-acceptance-field\" required=\"required\" value=\"NO\" checked > Non                         <\/span> \n                    <\/div>\n                    <\/div>\n                    <div class=\"elementor-field-type-textarea elementor-field-group elementor-column elementor-field-group-message elementor-col-100\"> \n                        <label for=\"form-field-message\" class=\"elementor-field-label\"> Message (facultatif) <\/label> \n                        <textarea class=\"elementor-field-textual elementor-field  elementor-size-sm\" name=\"r_message\" id=\"r_message\" rows=\"6\" placeholder=\"Saisissez votre message\"><\/textarea> \n                    <\/div>\n                    <div class=\"elementor-field-type-acceptance elementor-field-group elementor-column elementor-field-group-checkbox elementor-col-100 elementor-field-required\">\n                        <div class=\"elementor-field-subgroup\"> <span class=\"elementor-field-option\"> \n                        <input type=\"checkbox\" name=\"r_checkbox\" id=\"r_checkbox\" class=\"elementor-field elementor-size-sm  elementor-acceptance-field\" required=\"required\" > \n                        <label for=\"form-field-checkbox\">En nous communiquant votre nom et votre num\u00e9ro de t\u00e9l\u00e9phone, vous consentez \u00e9galement \u00e0 ce que Brdy traite vos donn\u00e9es personnelles. Les informations seront utilis\u00e9es pour d\u00e9terminer les besoins en mati\u00e8re de haut d\u00e9bit dans votre quartier et seront supprim\u00e9es au plus tard dans les 6 mois. Pour en savoir plus, consultez notre politique de confidentialit\u00e9  <\/label> <\/span> \n                    <\/div>\n                    <\/div>\n                    <div class=\"elementor-field-type-hidden elementor-field-group elementor-column elementor-field-group-submit elementor-col-100\"> <input size=\"1\" type=\"hidden\" name=\"form_fields_submit\" id=\"form-field-field_submit\" class=\"elementor-field elementor-size-sm  elementor-field-textual\"> <\/div>\n                    <div class=\"elementor-field-group elementor-column elementor-field-type-submit elementor-col-100 e-form__buttons\"> \n                        <button type=\"submit\" class=\"elementor-button elementor-size-md\" id=\"rform_sub\" name=\"rform_sub\"> <span> \n                            <span class=\" elementor-button-icon\"> <\/span> <span class=\"elementor-button-text\">Soumettre<\/span> <\/span> \n                        <\/button> \n                    <\/div>\n                <\/div>\n            <\/form>\n        <\/div>\n    <\/div>\n<\/div>\n\t\t\t\t\t\t<\/div>\n\t\t\t\t<\/div>\n\t\t\t\t\t<\/div>\n\t\t<\/div>\n\t\t\t\t\t<\/div>\n\t\t<\/section>\n\t\t\t\t\t<\/div>\n\t\t<\/div>\n\t\t\t\t\t<\/div>\n\t\t<\/section>\n\t\t\t\t<\/div>\n\t\t","protected":false},"excerpt":{"rendered":"<p>C&rsquo;est parti! Merci de nous laisser vos coordonn\u00e9es et nous vous rappellerons d\u00e8s que possible.<\/p>\n","protected":false},"author":1,"featured_media":0,"parent":0,"menu_order":0,"comment_status":"closed","ping_status":"closed","template":"","meta":{"_acf_changed":false,"site-sidebar-layout":"no-sidebar","site-content-layout":"page-builder","ast-site-content-layout":"default","site-content-style":"default","site-sidebar-style":"default","ast-global-header-display":"","ast-banner-title-visibility":"","ast-main-header-display":"","ast-hfb-above-header-display":"","ast-hfb-below-header-display":"","ast-hfb-mobile-header-display":"","site-post-title":"disabled","ast-breadcrumbs-content":"","ast-featured-img":"disabled","footer-sml-layout":"","ast-disable-related-posts":"","theme-transparent-header-meta":"","adv-header-id-meta":"","stick-header-meta":"","header-above-stick-meta":"","header-main-stick-meta":"","header-below-stick-meta":"","astra-migrate-meta-layouts":"default","ast-page-background-enabled":"default","ast-page-background-meta":{"desktop":{"background-color":"","background-image":"","background-repeat":"repeat","background-position":"center center","background-size":"auto","background-attachment":"scroll","background-type":"","background-media":"","overlay-type":"","overlay-color":"","overlay-opacity":"","overlay-gradient":""},"tablet":{"background-color":"","background-image":"","background-repeat":"repeat","background-position":"center center","background-size":"auto","background-attachment":"scroll","background-type":"","background-media":"","overlay-type":"","overlay-color":"","overlay-opacity":"","overlay-gradient":""},"mobile":{"background-color":"","background-image":"","background-repeat":"repeat","background-position":"center center","background-size":"auto","background-attachment":"scroll","background-type":"","background-media":"","overlay-type":"","overlay-color":"","overlay-opacity":"","overlay-gradient":""}},"ast-content-background-meta":{"desktop":{"background-color":"var(--ast-global-color-5)","background-image":"","background-repeat":"repeat","background-position":"center center","background-size":"auto","background-attachment":"scroll","background-type":"","background-media":"","overlay-type":"","overlay-color":"","overlay-opacity":"","overlay-gradient":""},"tablet":{"background-color":"var(--ast-global-color-5)","background-image":"","background-repeat":"repeat","background-position":"center center","background-size":"auto","background-attachment":"scroll","background-type":"","background-media":"","overlay-type":"","overlay-color":"","overlay-opacity":"","overlay-gradient":""},"mobile":{"background-color":"var(--ast-global-color-5)","background-image":"","background-repeat":"repeat","background-position":"center center","background-size":"auto","background-attachment":"scroll","background-type":"","background-media":"","overlay-type":"","overlay-color":"","overlay-opacity":"","overlay-gradient":""}},"footnotes":""},"class_list":["post-3643","page","type-page","status-publish","hentry"],"acf":[],"_links":{"self":[{"href":"https:\/\/brdy.com\/fr\/wp-json\/wp\/v2\/pages\/3643","targetHints":{"allow":["GET"]}}],"collection":[{"href":"https:\/\/brdy.com\/fr\/wp-json\/wp\/v2\/pages"}],"about":[{"href":"https:\/\/brdy.com\/fr\/wp-json\/wp\/v2\/types\/page"}],"author":[{"embeddable":true,"href":"https:\/\/brdy.com\/fr\/wp-json\/wp\/v2\/users\/1"}],"replies":[{"embeddable":true,"href":"https:\/\/brdy.com\/fr\/wp-json\/wp\/v2\/comments?post=3643"}],"version-history":[{"count":29,"href":"https:\/\/brdy.com\/fr\/wp-json\/wp\/v2\/pages\/3643\/revisions"}],"predecessor-version":[{"id":4899,"href":"https:\/\/brdy.com\/fr\/wp-json\/wp\/v2\/pages\/3643\/revisions\/4899"}],"wp:attachment":[{"href":"https:\/\/brdy.com\/fr\/wp-json\/wp\/v2\/media?parent=3643"}],"curies":[{"name":"wp","href":"https:\/\/api.w.org\/{rel}","templated":true}]}}