{"id":3425,"date":"2023-07-03T09:38:51","date_gmt":"2023-07-03T07:38:51","guid":{"rendered":"https:\/\/brdy.com\/fr\/politique-dutilisation-equitable\/"},"modified":"2023-08-14T15:03:19","modified_gmt":"2023-08-14T15:03:19","slug":"politique-dutilisation-equitable","status":"publish","type":"page","link":"https:\/\/brdy.com\/fr\/politique-dutilisation-equitable\/","title":{"rendered":"Politique d&rsquo;utilisation \u00e9quitable"},"content":{"rendered":"\t\t<div data-elementor-type=\"wp-page\" data-elementor-id=\"3425\" class=\"elementor elementor-3425 elementor-2182\" data-elementor-post-type=\"page\">\n\t\t\t\t\t\t<section class=\"elementor-section elementor-top-section elementor-element elementor-element-fde715c elementor-section-boxed elementor-section-height-default elementor-section-height-default\" data-id=\"fde715c\" data-element_type=\"section\" data-e-type=\"section\">\n\t\t\t\t\t\t<div class=\"elementor-container elementor-column-gap-default\">\n\t\t\t\t\t<div class=\"elementor-column elementor-col-100 elementor-top-column elementor-element elementor-element-93f38e2\" data-id=\"93f38e2\" data-element_type=\"column\" data-e-type=\"column\">\n\t\t\t<div class=\"elementor-widget-wrap elementor-element-populated\">\n\t\t\t\t\t\t<div class=\"elementor-element elementor-element-346fccb eael-dual-header-content-align-center elementor-widget elementor-widget-eael-dual-color-header\" data-id=\"346fccb\" data-element_type=\"widget\" data-e-type=\"widget\" data-widget_type=\"eael-dual-color-header.default\">\n\t\t\t\t<div class=\"elementor-widget-container\">\n\t\t\t\t\t\t\t\t<div class=\"eael-dual-header\">\n\t\t\t\t<h2 class=\"title eael-dch-title\"><span class=\"eael-dch-title-text eael-dch-title-lead lead solid-color\">Politique d'utilisation<\/span> <span class=\"eael-dch-title-text\">\u00e9quitable<\/span><\/h2>\t\t\t<\/div>\n\n\t\t\t\t\t\t<\/div>\n\t\t\t\t<\/div>\n\t\t\t\t<div class=\"elementor-element elementor-element-e8d8988 elementor-widget elementor-widget-text-editor\" data-id=\"e8d8988\" data-element_type=\"widget\" data-e-type=\"widget\" data-widget_type=\"text-editor.default\">\n\t\t\t\t<div class=\"elementor-widget-container\">\n\t\t\t\t\t\t\t\t\t<p><strong>Vue d&rsquo;ensemble <\/strong><\/p>\n<p><span data-contrast=\"none\">Nous fournissons des services \u00e0 large bande par satellite, qui sont d\u00e9tenus et g\u00e9r\u00e9s par Viasat Inc.<\/span><span data-ccp-props=\"{\"134233117\":true,\"134233118\":true,\"201341983\":0,\"335559739\":160,\"335559740\":240}\"> <\/span><\/p>\n<p><span data-contrast=\"none\">Brdy est responsable de tous les services au sol directement li\u00e9s au client, tels que les ventes, la facturation, l&rsquo;assistance, l&rsquo;installation et la logistique. <\/span><span data-ccp-props=\"{\"134233117\":true,\"134233118\":true,\"201341983\":0,\"335559739\":160,\"335559740\":240}\"> <\/span><\/p>\n<p><span data-contrast=\"none\">Comme la plupart des services terrestres \u00e0 large bande, le \u00ab\u00a0r\u00e9seau\u00a0\u00bb est un r\u00e9seau partag\u00e9 et \u00ab\u00a0best effort\u00a0\u00bb ; \u00e0 tout moment, les abonn\u00e9s d&rsquo;une zone g\u00e9ographique donn\u00e9e doivent partager la capacit\u00e9 disponible du r\u00e9seau.<\/span><span data-ccp-props=\"{\"134233117\":true,\"134233118\":true,\"201341983\":0,\"335559739\":160,\"335559740\":240}\"> <\/span><\/p>\n<p><span data-contrast=\"none\">Nous nous effor\u00e7ons de fournir \u00e0 chaque abonn\u00e9 une \u00ab\u00a0part \u00e9quitable\u00a0\u00bb de cette capacit\u00e9 tout en offrant \u00e0 tous les abonn\u00e9s une exp\u00e9rience en ligne de haute qualit\u00e9. Si vous d\u00e9passez les seuils d&rsquo;utilisation maximale ou les seuils mensuels, vous devez vous attendre \u00e0 ce que votre service soit ralenti, en particulier aux heures de pointe, afin de permettre un acc\u00e8s \u00e9quitable aux autres utilisateurs moins nombreux. Vous pouvez d\u00e9terminer si votre service est affect\u00e9 par le FUP\/la gestion du trafic via le  <\/span><a href=\"https:\/\/mysatelliteportal.com\/en-US\/SignIn?ReturnUrl=\/profile\"><span data-contrast=\"none\">portail client<\/span><\/a><span data-contrast=\"none\">.<\/span><span data-ccp-props=\"{\"134233117\":true,\"134233118\":true,\"201341983\":0,\"335559739\":160,\"335559740\":240}\"> <\/span><\/p>\n<p><span data-contrast=\"none\">Nous utilisons des pratiques de gestion du r\u00e9seau con\u00e7ues pour emp\u00eacher tout utilisateur de placer une demande disproportionn\u00e9e sur les ressources du r\u00e9seau. Certaines de ces pratiques ne sont utilis\u00e9es que lorsque le r\u00e9seau est satur\u00e9 ; d&rsquo;autres sont utilis\u00e9es de mani\u00e8re plus g\u00e9n\u00e9rale. <\/span><span data-ccp-props=\"{\"134233117\":true,\"134233118\":true,\"201341983\":0,\"335559739\":160,\"335559740\":240}\"> <\/span><\/p>\n<p><span data-contrast=\"none\">Les niveaux de trafic sur le r\u00e9seau n&rsquo;ont g\u00e9n\u00e9ralement pas d&rsquo;impact significatif sur l&rsquo;exp\u00e9rience de l&rsquo;utilisateur. Cependant, \u00e0 d&rsquo;autres moments, une demande trop importante de la part d&rsquo;un trop grand nombre d&rsquo;utilisateurs au cours d&rsquo;une m\u00eame p\u00e9riode peut entra\u00eener une congestion (\u00ab\u00a0encombrement\u00a0\u00bb), lorsque la demande totale d\u00e9passe la capacit\u00e9 disponible sur le r\u00e9seau. <\/span><span data-ccp-props=\"{\"134233117\":true,\"134233118\":true,\"201341983\":0,\"335559739\":160,\"335559740\":240}\"> <\/span><\/p>\n<p><span data-contrast=\"none\">Pendant ces p\u00e9riodes, les pratiques de gestion de la congestion (voir la partie II pour plus de d\u00e9tails) seront appliqu\u00e9es en priorit\u00e9 aux utilisateurs qui ont d\u00e9j\u00e0 utilis\u00e9 plus de 50 % du trafic inclus dans leur profil de consommation. Cette pratique vise \u00e0 traiter le trafic de mani\u00e8re \u00e0 r\u00e9duire l&rsquo;impact sur l&rsquo;exp\u00e9rience de l&rsquo;utilisateur et \u00e0 emp\u00eacher un abonn\u00e9 de d\u00e9passer sa \u00ab\u00a0juste part\u00a0\u00bb de la capacit\u00e9 disponible. <\/span><span data-ccp-props=\"{\"134233117\":true,\"134233118\":true,\"201341983\":0,\"335559739\":160,\"335559740\":240}\"> <\/span><\/p>\n<p><span data-contrast=\"none\">L&rsquo;objectif de ces mesures est de permettre \u00e0 la grande majorit\u00e9 des utilisateurs de b\u00e9n\u00e9ficier d&rsquo;une meilleure exp\u00e9rience globale du service qu&rsquo;ils ne le feraient sans ces pratiques.<\/span><span data-ccp-props=\"{\"134233117\":true,\"134233118\":true,\"201341983\":0,\"335559739\":160,\"335559740\":240}\"> <\/span><\/p>\n<p><b><span data-contrast=\"none\">PRATIQUES DE GESTION DE LA CONGESTION.<\/span><\/b><\/p>\n<p><b style=\"font-style: inherit;\"><span data-contrast=\"none\">A. Vue d&rsquo;ensemble de la gestion de la congestion<\/span><\/b><\/p>\n<p><span data-contrast=\"none\">Dans des conditions de trafic normales, il n&rsquo;est pas n\u00e9cessaire de recourir \u00e0 des pratiques de gestion de la congestion. Cependant, si la capacit\u00e9 du r\u00e9seau est abondante, elle n&rsquo;est pas illimit\u00e9e. Cela signifie qu&rsquo;une certaine congestion est in\u00e9vitable \u00e0 certaines heures de pointe &#8211; et c&rsquo;est \u00e0 ce moment-l\u00e0 que les pratiques de gestion de la congestion veillent \u00e0 ce que la charge soit g\u00e9r\u00e9e de mani\u00e8re \u00e0 offrir la meilleure exp\u00e9rience possible au plus grand nombre de personnes utilisant le r\u00e9seau.  <\/span><span data-ccp-props=\"{\"134233117\":true,\"134233118\":true,\"201341983\":0,\"335559739\":160,\"335559740\":240}\"> <\/span><\/p>\n<p><span data-contrast=\"none\">La congestion se produit g\u00e9n\u00e9ralement dans la liaison entre le terminal de l&rsquo;abonn\u00e9 et la station terrestre de la passerelle via le satellite. Afin de d\u00e9terminer si la liaison est encombr\u00e9e, le trafic est surveill\u00e9 dans chaque terminal d&rsquo;abonn\u00e9. In order to determine if the link is congested, traffic is monitored in each spot beam channel. If the instantaneous traffic load exceeds the available capacity of the spot beam channel, the congestion management algorithm described below is implemented.  <\/span><\/p>\n<p><b style=\"font-style: inherit;\"><span data-contrast=\"none\">B. Att\u00e9nuer l&rsquo;impact de la congestion du r\u00e9seau sur l&rsquo;exp\u00e9rience de l&rsquo;utilisateur<\/span><\/b><\/p>\n<p><span data-contrast=\"none\">Le trafic internet est normalement de nature \u00ab\u00a0\u00e9clat\u00e9e\u00a0\u00bb, c&rsquo;est-\u00e0-dire que les flux de trafic ne sont g\u00e9n\u00e9ralement pas constants ou continus, mais plut\u00f4t caract\u00e9ris\u00e9s par des \u00ab\u00a0rafales\u00a0\u00bb de donn\u00e9es. Il arrive qu&rsquo;une demande trop importante \u00e9manant d&rsquo;un trop grand nombre d&rsquo;utilisateurs au cours d&rsquo;une m\u00eame p\u00e9riode dans un canal de faisceau ponctuel donn\u00e9 entra\u00eene une demande instantan\u00e9e totale de capacit\u00e9 d\u00e9passant, temporairement, la capacit\u00e9 disponible dans le canal. <\/span><span data-ccp-props=\"{\"134233117\":true,\"134233118\":true,\"201341983\":0,\"335559739\":160,\"335559740\":240}\"> <\/span><\/p>\n<p><span data-contrast=\"none\">Dans ce cas, le r\u00e9seau peut \u00eatre encombr\u00e9. La congestion se produit le plus souvent pendant les heures d&rsquo;utilisation maximale du r\u00e9seau, qui se situent g\u00e9n\u00e9ralement entre 17 h 00 et 00 h 00, heure locale du lieu o\u00f9 se trouve l&rsquo;utilisateur, en fonction du jour de la semaine (\u00ab\u00a0heures de pointe\u00a0\u00bb). <\/span><span data-ccp-props=\"{\"134233117\":true,\"134233118\":true,\"201341983\":0,\"335559739\":160,\"335559740\":240}\"> <\/span><\/p>\n<p><span data-contrast=\"none\">La congestion peut \u00e9galement se produire pendant certaines p\u00e9riodes o\u00f9 l&rsquo;utilisation n&rsquo;est pas mesur\u00e9e (comme la \u00ab\u00a0zone libre de nuit\u00a0\u00bb).<\/span><span data-ccp-props=\"{\"134233117\":true,\"134233118\":true,\"201341983\":0,\"335559739\":160,\"335559740\":240}\"> <\/span><\/p>\n<p><span data-contrast=\"none\">La congestion, et le retard de transmission qui en r\u00e9sulte, a un impact sur l&rsquo;exp\u00e9rience de l&rsquo;utilisateur en ce qui concerne certains types d&rsquo;applications plus que d&rsquo;autres. Par exemple, un retard dans le rendu d&rsquo;une page web peut \u00eatre perceptible pour un utilisateur qui attend que le contenu apparaisse sur son \u00e9cran. En revanche, un utilisateur qui t\u00e9l\u00e9charge un fichier en masse (par exemple, une mise \u00e0 jour de logiciel) peut \u00eatre moins affect\u00e9 si le t\u00e9l\u00e9chargement prend plus de temps pendant la congestion qu&rsquo;il ne l&rsquo;aurait fait autrement, puisque l&rsquo;abonn\u00e9 sait d\u00e9j\u00e0 que le t\u00e9l\u00e9chargement prend un certain temps.  <\/span><span data-ccp-props=\"{\"134233117\":true,\"134233118\":true,\"201341983\":0,\"335559739\":160,\"335559740\":240}\"> <\/span><\/p>\n<p><span data-contrast=\"none\">Les clients doivent \u00e9galement savoir que l&rsquo;internet public lui-m\u00eame souffre fr\u00e9quemment de goulets d&rsquo;\u00e9tranglement et de congestion et que, si les utilisateurs \u00e9prouvent de la \u00ab\u00a0lenteur\u00a0\u00bb, il ne faut pas automatiquement en d\u00e9duire qu&rsquo;elle est li\u00e9e \u00e0 la congestion du r\u00e9seau.<\/span><span data-ccp-props=\"{\"134233117\":true,\"134233118\":true,\"201341983\":0,\"335559739\":160,\"335559740\":240}\"> <\/span><\/p>\n<p><span data-contrast=\"none\">Notre objectif est de g\u00e9rer le r\u00e9seau de mani\u00e8re \u00e0 minimiser l&rsquo;impact de la congestion sur le trafic. Pour atteindre cet objectif, l&rsquo;algorithme de gestion de la congestion est con\u00e7u pour r\u00e9duire la charge de trafic, tout en donnant la pr\u00e9f\u00e9rence aux services et aux applications qui n\u00e9cessitent moins de largeur de bande de transmission, tels que la navigation sur le web et le courrier \u00e9lectronique. <\/span><span data-ccp-props=\"{\"134233117\":true,\"134233118\":true,\"201341983\":0,\"335559739\":160,\"335559740\":240}\"> <\/span><\/p>\n<p><span data-contrast=\"none\">Pendant les p\u00e9riodes d&rsquo;encombrement, les applications gourmandes en bande passante, telles que la diffusion vid\u00e9o en continu et le t\u00e9l\u00e9chargement de fichiers, peuvent \u00eatre affect\u00e9es plus que les autres applications. En cons\u00e9quence, la qualit\u00e9 de la vid\u00e9o en continu peut \u00eatre r\u00e9duite et\/ou une mise en m\u00e9moire tampon peut se produire. En outre, les t\u00e9l\u00e9chargements de fichiers peuvent prendre plus de temps pendant les p\u00e9riodes d&rsquo;encombrement.  <\/span><span data-ccp-props=\"{\"134233117\":true,\"134233118\":true,\"201341983\":0,\"335559739\":160,\"335559740\":240}\"> <\/span><\/p>\n<p><span data-contrast=\"none\">En cas d&rsquo;encombrement plus important, il se peut que toutes les applications doivent \u00eatre ralenties et, dans ce cas, le t\u00e9l\u00e9chargement de pages web peut prendre plus de temps. Bien que nous ne soyons en aucun cas impliqu\u00e9s dans les informations transmises par le r\u00e9seau, nous pouvons, \u00e0 la demande expresse d&rsquo;une autorit\u00e9 publique, bloquer l&rsquo;acc\u00e8s \u00e0 des URL sp\u00e9cifiques. <\/span><span data-ccp-props=\"{\"134233117\":true,\"134233118\":true,\"201341983\":0,\"335559739\":160,\"335559740\":240}\"> <\/span><\/p>\n<p><span data-contrast=\"none\">Nous ne bloquons pas intentionnellement une forme particuli\u00e8re de trafic (sauf si cela est explicitement sp\u00e9cifi\u00e9 dans les caract\u00e9ristiques d&rsquo;un profil de service donn\u00e9), mais nous pouvons bloquer certains ports TCP\/UDP et\/ou protocoles sp\u00e9cifiques dont nous pensons raisonnablement qu&rsquo;ils peuvent repr\u00e9senter une menace pour la s\u00e9curit\u00e9 du r\u00e9seau.<\/span><\/p>\n<p><b style=\"font-style: inherit;\"><span data-contrast=\"none\">C. Utilisateurs intensifs<\/span><\/b><\/p>\n<p><span data-contrast=\"none\">Un \u00ab\u00a0utilisateur intensif\u00a0\u00bb est un utilisateur (ou un petit groupe d&rsquo;utilisateurs) qui consomme une quantit\u00e9 disproportionn\u00e9e de ressources d&rsquo;un r\u00e9seau. Nous surveillerons \u00e0 la fois les performances globales du r\u00e9seau et la consommation individuelle des ressources afin de d\u00e9terminer si un utilisateur est un utilisateur lourd, susceptible de perturber ou de d\u00e9grader le r\u00e9seau et\/ou son utilisation par d&rsquo;autres utilisateurs. <\/span><span data-ccp-props=\"{\"134233117\":true,\"134233118\":true,\"201341983\":0,\"335559739\":160,\"335559740\":240}\"> <\/span><\/p>\n<p><span data-contrast=\"none\">Nous nous r\u00e9servons le droit de restreindre, de suspendre ou de r\u00e9silier imm\u00e9diatement et sans pr\u00e9avis les comptes de service des utilisateurs intensifs.<\/span><span data-ccp-props=\"{\"134233117\":true,\"134233118\":true,\"201341983\":0,\"335559739\":160,\"335559740\":240}\"> <\/span><\/p>\n<p><b><span data-contrast=\"none\">LA NAVIGATION SUR INTERNET ET LE COURRIER \u00c9LECTRONIQUE<\/span><\/b><span data-ccp-props=\"{\"134233117\":true,\"134233118\":true,\"201341983\":0,\"335559739\":160,\"335559740\":240}\"> <\/span><\/p>\n<p><span data-contrast=\"none\">Pendant une p\u00e9riode de limitation de service, pour \u00eatre s\u00fbr de profiter pleinement de la navigation sur le web et du courrier \u00e9lectronique, l&rsquo;utilisateur doit suivre toutes les directives ci-dessous (sinon aucun service ne sera disponible) :<\/span><span data-ccp-props=\"{\"134233117\":true,\"134233118\":true,\"201341983\":0,\"335559739\":160,\"335559740\":240}\"> <\/span><\/p>\n<ul>\n<li data-leveltext=\"\uf0b7\" data-font=\"Symbol\" data-listid=\"1\" data-list-defn-props=\"{\"335552541\":1,\"335559684\":-2,\"335559685\":720,\"335559991\":360,\"469769226\":\"Symbol\",\"469769242\":[8226],\"469777803\":\"left\",\"469777804\":\"\uf0b7\",\"469777815\":\"multilevel\"}\" aria-setsize=\"-1\" data-aria-posinset=\"1\" data-aria-level=\"1\"><span data-contrast=\"none\">&#8211; Le r\u00e9seau priv\u00e9 virtuel (VPN) et les logiciels d&rsquo;acc\u00e8s \u00e0 distance doivent \u00eatre d\u00e9sactiv\u00e9s ;<\/span><span data-ccp-props=\"{\"134233117\":true,\"134233118\":true,\"201341983\":0,\"335559739\":160,\"335559740\":240}\"> <\/span><\/li>\n<\/ul>\n<ul>\n<li data-leveltext=\"\uf0b7\" data-font=\"Symbol\" data-listid=\"1\" data-list-defn-props=\"{\"335552541\":1,\"335559684\":-2,\"335559685\":720,\"335559991\":360,\"469769226\":\"Symbol\",\"469769242\":[8226],\"469777803\":\"left\",\"469777804\":\"\uf0b7\",\"469777815\":\"multilevel\"}\" aria-setsize=\"-1\" data-aria-posinset=\"1\" data-aria-level=\"1\"><span data-contrast=\"none\">&#8211; Un navigateur web doit \u00eatre utilis\u00e9. Seul le contenu statique (non vid\u00e9o, non musical) visualis\u00e9 dans une application de page web est consid\u00e9r\u00e9 comme de la navigation web et\/ou du courrier \u00e9lectronique. Les contenus visualis\u00e9s dans d&rsquo;autres applications ne peuvent pas \u00eatre consid\u00e9r\u00e9s comme des pages web ou du courrier \u00e9lectronique (par exemple, les applications Android, iPhone ou iPad autres que les navigateurs web) ;  <\/span><span data-ccp-props=\"{\"134233117\":true,\"134233118\":true,\"201341983\":0,\"335559739\":160,\"335559740\":240}\"> <\/span><\/li>\n<li data-leveltext=\"\uf0b7\" data-font=\"Symbol\" data-listid=\"1\" data-list-defn-props=\"{\"335552541\":1,\"335559684\":-2,\"335559685\":720,\"335559991\":360,\"469769226\":\"Symbol\",\"469769242\":[8226],\"469777803\":\"left\",\"469777804\":\"\uf0b7\",\"469777815\":\"multilevel\"}\" aria-setsize=\"-1\" data-aria-posinset=\"2\" data-aria-level=\"1\"><span data-contrast=\"none\">&#8211; Les URL des navigateurs web doivent commencer par http:\/\/ ou https:\/\/. Cela signifie que ftp:\/\/ et d&rsquo;autres types de sites qui lancent des applications externes ne seront pas consid\u00e9r\u00e9s comme du trafic web ;<\/span><span data-ccp-props=\"{\"134233117\":true,\"134233118\":true,\"201341983\":0,\"335559739\":160,\"335559740\":240}\"> <\/span><\/li>\n<li data-leveltext=\"\uf0b7\" data-font=\"Symbol\" data-listid=\"1\" data-list-defn-props=\"{\"335552541\":1,\"335559684\":-2,\"335559685\":720,\"335559991\":360,\"469769226\":\"Symbol\",\"469769242\":[8226],\"469777803\":\"left\",\"469777804\":\"\uf0b7\",\"469777815\":\"multilevel\"}\" aria-setsize=\"-1\" data-aria-posinset=\"3\" data-aria-level=\"1\"><span data-contrast=\"none\">&#8211; Les pi\u00e8ces jointes aux courriels ne doivent pas d\u00e9passer 10 Mo.<\/span><span data-ccp-props=\"{\"134233117\":true,\"134233118\":true,\"201341983\":0,\"335559739\":160,\"335559740\":240}\"> <\/span><\/li>\n<\/ul>\n<p><span data-ccp-props=\"{\"201341983\":0,\"335559739\":160,\"335559740\":259}\"> <\/span><\/p>\n\t\t\t\t\t\t\t\t<\/div>\n\t\t\t\t<\/div>\n\t\t\t\t\t<\/div>\n\t\t<\/div>\n\t\t\t\t\t<\/div>\n\t\t<\/section>\n\t\t\t\t<\/div>\n\t\t","protected":false},"excerpt":{"rendered":"<p>Politique d&#039;utilisation \u00e9quitable Vue d&rsquo;ensemble Nous fournissons des services \u00e0 large bande par satellite, qui sont d\u00e9tenus et g\u00e9r\u00e9s par Viasat Inc. Brdy est responsable de tous les services au sol directement li\u00e9s au client, tels que les ventes, la facturation, l&rsquo;assistance, l&rsquo;installation et la logistique. Comme la plupart des services terrestres \u00e0 large bande, [&hellip;]<\/p>\n","protected":false},"author":1,"featured_media":0,"parent":0,"menu_order":0,"comment_status":"closed","ping_status":"closed","template":"","meta":{"_acf_changed":false,"site-sidebar-layout":"no-sidebar","site-content-layout":"page-builder","ast-site-content-layout":"default","site-content-style":"default","site-sidebar-style":"default","ast-global-header-display":"","ast-banner-title-visibility":"","ast-main-header-display":"","ast-hfb-above-header-display":"","ast-hfb-below-header-display":"","ast-hfb-mobile-header-display":"","site-post-title":"disabled","ast-breadcrumbs-content":"","ast-featured-img":"disabled","footer-sml-layout":"","ast-disable-related-posts":"","theme-transparent-header-meta":"","adv-header-id-meta":"","stick-header-meta":"","header-above-stick-meta":"","header-main-stick-meta":"","header-below-stick-meta":"","astra-migrate-meta-layouts":"default","ast-page-background-enabled":"default","ast-page-background-meta":{"desktop":{"background-color":"","background-image":"","background-repeat":"repeat","background-position":"center center","background-size":"auto","background-attachment":"scroll","background-type":"","background-media":"","overlay-type":"","overlay-color":"","overlay-opacity":"","overlay-gradient":""},"tablet":{"background-color":"","background-image":"","background-repeat":"repeat","background-position":"center center","background-size":"auto","background-attachment":"scroll","background-type":"","background-media":"","overlay-type":"","overlay-color":"","overlay-opacity":"","overlay-gradient":""},"mobile":{"background-color":"","background-image":"","background-repeat":"repeat","background-position":"center center","background-size":"auto","background-attachment":"scroll","background-type":"","background-media":"","overlay-type":"","overlay-color":"","overlay-opacity":"","overlay-gradient":""}},"ast-content-background-meta":{"desktop":{"background-color":"var(--ast-global-color-5)","background-image":"","background-repeat":"repeat","background-position":"center center","background-size":"auto","background-attachment":"scroll","background-type":"","background-media":"","overlay-type":"","overlay-color":"","overlay-opacity":"","overlay-gradient":""},"tablet":{"background-color":"var(--ast-global-color-5)","background-image":"","background-repeat":"repeat","background-position":"center center","background-size":"auto","background-attachment":"scroll","background-type":"","background-media":"","overlay-type":"","overlay-color":"","overlay-opacity":"","overlay-gradient":""},"mobile":{"background-color":"var(--ast-global-color-5)","background-image":"","background-repeat":"repeat","background-position":"center center","background-size":"auto","background-attachment":"scroll","background-type":"","background-media":"","overlay-type":"","overlay-color":"","overlay-opacity":"","overlay-gradient":""}},"footnotes":""},"class_list":["post-3425","page","type-page","status-publish","hentry"],"acf":[],"_links":{"self":[{"href":"https:\/\/brdy.com\/fr\/wp-json\/wp\/v2\/pages\/3425","targetHints":{"allow":["GET"]}}],"collection":[{"href":"https:\/\/brdy.com\/fr\/wp-json\/wp\/v2\/pages"}],"about":[{"href":"https:\/\/brdy.com\/fr\/wp-json\/wp\/v2\/types\/page"}],"author":[{"embeddable":true,"href":"https:\/\/brdy.com\/fr\/wp-json\/wp\/v2\/users\/1"}],"replies":[{"embeddable":true,"href":"https:\/\/brdy.com\/fr\/wp-json\/wp\/v2\/comments?post=3425"}],"version-history":[{"count":1,"href":"https:\/\/brdy.com\/fr\/wp-json\/wp\/v2\/pages\/3425\/revisions"}],"predecessor-version":[{"id":3426,"href":"https:\/\/brdy.com\/fr\/wp-json\/wp\/v2\/pages\/3425\/revisions\/3426"}],"wp:attachment":[{"href":"https:\/\/brdy.com\/fr\/wp-json\/wp\/v2\/media?parent=3425"}],"curies":[{"name":"wp","href":"https:\/\/api.w.org\/{rel}","templated":true}]}}