{"id":3423,"date":"2023-07-03T09:34:57","date_gmt":"2023-07-03T09:34:57","guid":{"rendered":"https:\/\/brdy.com\/fr\/optimisation-des-donnees\/"},"modified":"2023-08-14T14:57:34","modified_gmt":"2023-08-14T14:57:34","slug":"optimisation-des-donnees","status":"publish","type":"page","link":"https:\/\/brdy.com\/fr\/optimisation-des-donnees\/","title":{"rendered":"Optimisation des donn\u00e9es"},"content":{"rendered":"\t\t<div data-elementor-type=\"wp-page\" data-elementor-id=\"3423\" class=\"elementor elementor-3423 elementor-2173\" data-elementor-post-type=\"page\">\n\t\t\t\t\t\t<section class=\"elementor-section elementor-top-section elementor-element elementor-element-2709fba elementor-section-boxed elementor-section-height-default elementor-section-height-default\" data-id=\"2709fba\" data-element_type=\"section\" data-e-type=\"section\" data-settings=\"{&quot;background_background&quot;:&quot;classic&quot;}\">\n\t\t\t\t\t\t<div class=\"elementor-container elementor-column-gap-default\">\n\t\t\t\t\t<div class=\"elementor-column elementor-col-100 elementor-top-column elementor-element elementor-element-06f2a20\" data-id=\"06f2a20\" data-element_type=\"column\" data-e-type=\"column\">\n\t\t\t<div class=\"elementor-widget-wrap elementor-element-populated\">\n\t\t\t\t\t\t<section class=\"elementor-section elementor-inner-section elementor-element elementor-element-6e1302e elementor-section-boxed elementor-section-height-default elementor-section-height-default\" data-id=\"6e1302e\" data-element_type=\"section\" data-e-type=\"section\">\n\t\t\t\t\t\t<div class=\"elementor-container elementor-column-gap-default\">\n\t\t\t\t\t<div class=\"elementor-column elementor-col-100 elementor-inner-column elementor-element elementor-element-60d81eb\" data-id=\"60d81eb\" data-element_type=\"column\" data-e-type=\"column\">\n\t\t\t<div class=\"elementor-widget-wrap elementor-element-populated\">\n\t\t\t\t\t\t<div class=\"elementor-element elementor-element-9ca2e82 eael-dual-header-content-align-center elementor-widget elementor-widget-eael-dual-color-header\" data-id=\"9ca2e82\" data-element_type=\"widget\" data-e-type=\"widget\" data-widget_type=\"eael-dual-color-header.default\">\n\t\t\t\t<div class=\"elementor-widget-container\">\n\t\t\t\t\t\t\t\t<div class=\"eael-dual-header\">\n\t\t\t\t<h2 class=\"title eael-dch-title\"><span class=\"eael-dch-title-text eael-dch-title-lead lead solid-color\">Optimisation<\/span> <span class=\"eael-dch-title-text\">des donn\u00e9es<\/span><\/h2>\t\t\t<\/div>\n\n\t\t\t\t\t\t<\/div>\n\t\t\t\t<\/div>\n\t\t\t\t\t<\/div>\n\t\t<\/div>\n\t\t\t\t\t<\/div>\n\t\t<\/section>\n\t\t\t\t<div class=\"elementor-element elementor-element-dd0c362 elementor-widget-divider--view-line elementor-widget elementor-widget-divider\" data-id=\"dd0c362\" data-element_type=\"widget\" data-e-type=\"widget\" data-widget_type=\"divider.default\">\n\t\t\t\t<div class=\"elementor-widget-container\">\n\t\t\t\t\t\t\t<div class=\"elementor-divider\">\n\t\t\t<span class=\"elementor-divider-separator\">\n\t\t\t\t\t\t<\/span>\n\t\t<\/div>\n\t\t\t\t\t\t<\/div>\n\t\t\t\t<\/div>\n\t\t\t\t<div class=\"elementor-element elementor-element-275afc2 elementor-widget elementor-widget-text-editor\" data-id=\"275afc2\" data-element_type=\"widget\" data-e-type=\"widget\" data-widget_type=\"text-editor.default\">\n\t\t\t\t<div class=\"elementor-widget-container\">\n\t\t\t\t\t\t\t\t\t<p><b><span data-contrast=\"none\">Faits, conseils, astuces et avis d&rsquo;experts sur la consommation de donn\u00e9es<\/span><\/b> <br \/><span data-contrast=\"none\">Les prix de nos formules refl\u00e8tent principalement les diff\u00e9rentes allocations mensuelles de donn\u00e9es. Nous pensons que cela rend les choses plus \u00e9quitables, car chacun peut choisir un forfait adapt\u00e9 \u00e0 son utilisation de l&rsquo;internet. Ainsi, les utilisateurs occasionnels qui naviguent sur l&rsquo;internet et envoient des e-mails paient beaucoup moins cher qu&rsquo;une famille de quatre personnes poss\u00e9dant plusieurs appareils, ou qu&rsquo;une petite entreprise. Pour vous aider \u00e0 tirer le meilleur parti de votre service sattelite et \u00e0 comprendre comment votre utilisation affecte vos donn\u00e9es, voici quelques faits et conseils.   <\/span><span data-ccp-props=\"{\"134233117\":true,\"134233118\":true,\"201341983\":0,\"335559739\":160,\"335559740\":240}\"> <\/span><\/p>\n<p><b><span data-contrast=\"none\">Utilisation typique de votre connexion \u00e0 large bande par satellite<\/span><\/b> <br \/><span data-contrast=\"none\">Le tableau ci-dessous indique la quantit\u00e9 de donn\u00e9es que votre connexion \u00e0 large bande de satellite utilisera dans le cadre d&rsquo;activit\u00e9s typiques. Il ne s&rsquo;agit que d&rsquo;une indication, car les quantit\u00e9s exactes d\u00e9pendent d&rsquo;\u00e9l\u00e9ments tels que votre syst\u00e8me d&rsquo;exploitation, votre navigateur et le t\u00e9l\u00e9chargement <\/span><span data-ccp-props=\"{\"134233117\":true,\"134233118\":true,\"201341983\":0,\"335559739\":160,\"335559740\":240}\"> <\/span><\/p>\n\t\t\t\t\t\t\t\t<\/div>\n\t\t\t\t<\/div>\n\t\t\t\t<div class=\"elementor-element elementor-element-31827d4 elementor-widget elementor-widget-text-editor\" data-id=\"31827d4\" data-element_type=\"widget\" data-e-type=\"widget\" data-widget_type=\"text-editor.default\">\n\t\t\t\t<div class=\"elementor-widget-container\">\n\t\t\t\t\t\t\t\t\t<table style=\"font-weight: 400;\" data-tablestyle=\"MsoNormalTable\" data-tablelook=\"1184\" aria-rowcount=\"11\">\n<tbody>\n<tr aria-rowindex=\"1\">\n<td data-celllook=\"69905\">\n<p><b><span data-contrast=\"auto\">Action<\/span><\/b><span data-ccp-props=\"{\"201341983\":0,\"335559739\":0,\"335559740\":240}\"> <\/span><\/p>\n<\/td>\n<td data-celllook=\"69905\">\n<p><b><span data-contrast=\"auto\">Donn\u00e9es utilis\u00e9es<\/span><\/b><span data-ccp-props=\"{\"201341983\":0,\"335559739\":0,\"335559740\":240}\"> <\/span><\/p>\n<\/td>\n<\/tr>\n<tr aria-rowindex=\"2\">\n<td data-celllook=\"69905\">\n<p><span data-contrast=\"none\">Email<\/span><span data-ccp-props=\"{\"201341983\":0,\"335559739\":0,\"335559740\":240}\"> <\/span><\/p>\n<\/td>\n<td data-celllook=\"69905\">\n<p><span data-contrast=\"none\">200 emails = 70MB (en fonction des <\/span><span data-ccp-props=\"{\"201341983\":0,\"335559739\":0,\"335559740\":240}\"> <\/span><\/p>\n<p><span data-contrast=\"none\">fichiers attach\u00e9s)<\/span><span data-ccp-props=\"{\"201341983\":0,\"335559739\":0,\"335559740\":240}\"> <\/span><\/p>\n<\/td>\n<\/tr>\n<tr aria-rowindex=\"3\">\n<td data-celllook=\"69905\">\n<p><span data-contrast=\"none\">VoIP\/Skype<\/span><span data-ccp-props=\"{\"201341983\":0,\"335559739\":0,\"335559740\":240}\"> <\/span><\/p>\n<\/td>\n<td data-celllook=\"69905\">\n<p><span data-contrast=\"none\">Appel = 0.73 MB\/min<\/span> <br \/><span data-contrast=\"none\">Appel Vid\u00e9o = 2.12 MB\/min<\/span><span data-ccp-props=\"{\"201341983\":0,\"335559739\":0,\"335559740\":240}\"> <\/span><\/p>\n<\/td>\n<\/tr>\n<tr aria-rowindex=\"4\">\n<td data-celllook=\"69905\">\n<p><span data-contrast=\"none\">Navigation sur Internet<\/span><span data-ccp-props=\"{\"201341983\":0,\"335559739\":0,\"335559740\":240}\"> <\/span><\/p>\n<\/td>\n<td data-celllook=\"69905\">\n<p><span data-contrast=\"none\">20hrs = 1.5GB<\/span><span data-ccp-props=\"{\"201341983\":0,\"335559739\":0,\"335559740\":240}\"> <\/span><\/p>\n<\/td>\n<\/tr>\n<tr aria-rowindex=\"5\">\n<td data-celllook=\"69905\">\n<p><span data-contrast=\"none\">T\u00e9l\u00e9chargement de musique iTunes<\/span><span data-ccp-props=\"{\"201341983\":0,\"335559739\":0,\"335559740\":240}\"> <\/span><\/p>\n<\/td>\n<td data-celllook=\"69905\">\n<p><span data-contrast=\"none\">120MB par heure<\/span><span data-ccp-props=\"{\"201341983\":0,\"335559739\":0,\"335559740\":240}\"> <\/span><\/p>\n<\/td>\n<\/tr>\n<tr aria-rowindex=\"6\">\n<td data-celllook=\"69905\">\n<p><span data-contrast=\"none\">T\u00e9l\u00e9chargement de films en basse d\u00e9finition<\/span><span data-ccp-props=\"{\"201341983\":0,\"335559739\":0,\"335559740\":240}\"> <\/span><\/p>\n<\/td>\n<td data-celllook=\"69905\">\n<p><span data-contrast=\"none\">0,75 Go par film<\/span><span data-ccp-props=\"{\"201341983\":0,\"335559739\":0,\"335559740\":240}\"> <\/span><\/p>\n<\/td>\n<\/tr>\n<tr aria-rowindex=\"7\">\n<td data-celllook=\"69905\">\n<p><span data-contrast=\"none\">T\u00e9l\u00e9chargement de films en haute d\u00e9finition<\/span><span data-ccp-props=\"{\"201341983\":0,\"335559739\":0,\"335559740\":240}\"> <\/span><\/p>\n<\/td>\n<td data-celllook=\"69905\">\n<p><span data-contrast=\"none\">3,5-4,5 Go par film<\/span><span data-ccp-props=\"{\"201341983\":0,\"335559739\":0,\"335559740\":240}\"> <\/span><\/p>\n<\/td>\n<\/tr>\n<tr aria-rowindex=\"8\">\n<td data-celllook=\"69905\">\n<p><span data-contrast=\"none\">Spotify<\/span><span data-ccp-props=\"{\"201341983\":0,\"335559739\":0,\"335559740\":240}\"> <\/span><\/p>\n<\/td>\n<td data-celllook=\"69905\">\n<p><span data-contrast=\"none\">7.25hrs = 1GB<\/span><span data-ccp-props=\"{\"201341983\":0,\"335559739\":0,\"335559740\":240}\"> <\/span><\/p>\n<\/td>\n<\/tr>\n<tr aria-rowindex=\"9\">\n<td data-celllook=\"69905\">\n<p><span data-contrast=\"none\">T\u00e9l\u00e9vision de rattrapage<\/span><span data-ccp-props=\"{\"201341983\":0,\"335559739\":0,\"335559740\":240}\"> <\/span><\/p>\n<\/td>\n<td data-celllook=\"69905\">\n<p><span data-contrast=\"none\">Normal 1hr = 0.75GB<\/span> <br \/><span data-contrast=\"none\">HD 1hr = 2.75GB<\/span><span data-ccp-props=\"{\"201341983\":0,\"335559739\":0,\"335559740\":240}\"> <\/span><\/p>\n<\/td>\n<\/tr>\n<tr aria-rowindex=\"10\">\n<td data-celllook=\"69905\">\n<p><span data-contrast=\"none\">Mises \u00e0 jour de logiciels<\/span><span data-ccp-props=\"{\"201341983\":0,\"335559739\":0,\"335559740\":240}\"> <\/span><\/p>\n<\/td>\n<td data-celllook=\"69905\">\n<p><span data-contrast=\"none\">Jusqu&rsquo;\u00e0 5GB<\/span><span data-ccp-props=\"{\"201341983\":0,\"335559739\":0,\"335559740\":240}\"> <\/span><\/p>\n<\/td>\n<\/tr>\n<tr aria-rowindex=\"11\">\n<td data-celllook=\"69905\">\n<p><span data-contrast=\"none\">YouTube\/Netflix\/Vid\u00e9o en ligne<\/span><span data-ccp-props=\"{\"201341983\":0,\"335559739\":0,\"335559740\":240}\"> <\/span><\/p>\n<\/td>\n<td data-celllook=\"69905\">\n<p><span data-contrast=\"none\">30min = 0.2GB<\/span><span data-ccp-props=\"{\"201341983\":0,\"335559739\":0,\"335559740\":240}\"> <\/span><\/p>\n<\/td>\n<\/tr>\n<\/tbody>\n<\/table>\n\t\t\t\t\t\t\t\t<\/div>\n\t\t\t\t<\/div>\n\t\t\t\t<div class=\"elementor-element elementor-element-0f20897 elementor-widget elementor-widget-text-editor\" data-id=\"0f20897\" data-element_type=\"widget\" data-e-type=\"widget\" data-widget_type=\"text-editor.default\">\n\t\t\t\t<div class=\"elementor-widget-container\">\n\t\t\t\t\t\t\t\t\t<p><b><span data-contrast=\"none\">Conseils d&rsquo;experts<\/span><\/b> <br \/><span data-contrast=\"none\">La plupart de nos offres comprennent un forfait nocturne gratuit et illimit\u00e9. Il est \u00e9galement possible de l&rsquo;ajouter en option, ce qui est excellent pour programmer des t\u00e9l\u00e9chargements de programmes t\u00e9l\u00e9vis\u00e9s ou de films. Le iPlayer de la BBC dispose d&rsquo;un outil de programmation \u00e0 cet effet. Vous pouvez \u00e9galement d\u00e9sactiver les mises \u00e0 jour automatiques de logiciels et les effectuer plut\u00f4t la nuit. Notre \u00e9quipe d&rsquo;assistance technique se fera un plaisir de vous aider \u00e0 configurer ces fonctions, n&rsquo;h\u00e9sitez donc pas \u00e0 l&rsquo;appeler.    <\/span><span data-ccp-props=\"{\"134233117\":true,\"134233118\":true,\"201341983\":0,\"335559739\":160,\"335559740\":240}\"> <\/span><\/p>\n<p><b><span data-contrast=\"none\">D\u00e9sactivez toutes vos applications sur tout appareil connect\u00e9 au Wi-Fi<\/span><\/b> <br \/><span data-contrast=\"none\">Les applications peuvent nous faciliter la vie, mais certaines d&rsquo;entre elles consomment beaucoup de donn\u00e9es. Si votre allocation de donn\u00e9es n&rsquo;est pas aussi \u00e9lev\u00e9e que vous le pensez, d\u00e9couvrez quelles applications consomment votre allocation m\u00eame lorsque vous pensez que votre t\u00e9l\u00e9phone ou votre iPad est en mode veille. Si vous avez besoin d&rsquo;aide, contactez notre \u00e9quipe d&rsquo;assistance technique.  <\/span><span data-ccp-props=\"{\"134233117\":true,\"134233118\":true,\"201341983\":0,\"335559739\":160,\"335559740\":240}\"> <\/span><\/p>\n<p><b><span data-contrast=\"none\">Modifiez les habitudes de lecture en continu de votre foyer<\/span><\/b> <br \/><span data-contrast=\"none\">La diffusion en continu de programmes t\u00e9l\u00e9vis\u00e9s ou de vid\u00e9os sur l&rsquo;internet consomme beaucoup de donn\u00e9es. Si la m\u00eame \u00e9mission ou le m\u00eame film peut \u00eatre regard\u00e9 sur la t\u00e9l\u00e9vision terrestre ou par satellite, qui n&rsquo;utilise pas vos donn\u00e9es satellite, cela peut vous permettre d&rsquo;augmenter votre allocation mensuelle. Si vous avez du mal \u00e0 g\u00e9rer votre consommation de donn\u00e9es, de nombreuses familles \u00e9tablissent des r\u00e8gles internes concernant YouTube, Netflix et d&rsquo;autres sites web gourmands en donn\u00e9es.  <\/span><span data-ccp-props=\"{\"134233117\":true,\"134233118\":true,\"201341983\":0,\"335559739\":160,\"335559740\":240}\"> <\/span><\/p>\n<p><b><span data-contrast=\"none\">Suivez de pr\u00e8s votre consommation de donn\u00e9es<\/span><\/b> <br \/><span data-contrast=\"none\">Notre portail clients vous indique la quantit\u00e9 de donn\u00e9es que vous avez utilis\u00e9e par rapport \u00e0 votre allocation mensuelle. Si vous \u00eates pr\u00e9occup\u00e9 par votre consommation de donn\u00e9es, ou si vous voulez voir comment elle est consomm\u00e9e, voici quelques moyens de le faire : <\/span><span data-ccp-props=\"{\"134233117\":true,\"134233118\":true,\"201341983\":0,\"335559739\":160,\"335559740\":240}\"> <\/span><\/p>\n<p><b><span data-contrast=\"none\">Tablettes et t\u00e9l\u00e9phones utilisant Andro\u00efd<\/span><\/b> <br \/><span data-contrast=\"none\">Vous pouvez t\u00e9l\u00e9charger l&rsquo;application gratuite Data Monitor \u00e0 partir du magasin Google Play. Utilisez-la pour surveiller l&rsquo;utilisation des donn\u00e9es sur l&rsquo;appareil dans son ensemble ou par application, comme Facebook ou YouTube. <\/span><span data-ccp-props=\"{\"134233117\":true,\"134233118\":true,\"201341983\":0,\"335559739\":160,\"335559740\":240}\"> <\/span><\/p>\n<p><b><span data-contrast=\"none\">iPhones et iPads<\/span><\/b> <br \/><span data-contrast=\"none\">L&rsquo;application Data Monitor est sp\u00e9cialement con\u00e7ue pour les produits Apple et est disponible dans l&rsquo;App Store. Elle fournit une ventilation de la consommation de donn\u00e9es sur l&rsquo;appareil et une analyse plus d\u00e9taill\u00e9e de l&rsquo;utilisation des donn\u00e9es par application. <\/span><span data-ccp-props=\"{\"134233117\":true,\"134233118\":true,\"201341983\":0,\"335559739\":160,\"335559740\":240}\"> <\/span><\/p>\n<p><b><span data-contrast=\"none\">Ordinateurs portables ou de bureau<\/span><\/b> <br \/><span data-contrast=\"none\">GlassWire est un moniteur de bande passante gratuit qui fonctionne sous Windows, Linux et Mac OSX. Il montre l&rsquo;activit\u00e9 pass\u00e9e et pr\u00e9sente de votre r\u00e9seau sur un graphique facile \u00e0 comprendre. <\/span><span data-ccp-props=\"{\"134233117\":true,\"134233118\":true,\"201341983\":0,\"335559739\":160,\"335559740\":240}\"> <\/span><\/p>\n<p><b><span data-contrast=\"none\">S\u00e9curit\u00e9 et r\u00e9seaux locaux<\/span><\/b> <br \/><span data-contrast=\"none\">Si vous avez l&rsquo;impression que votre allocation dispara\u00eet plus rapidement que vous ne le pensez, nous vous recommandons de v\u00e9rifier que votre r\u00e9seau Wi-Fi est totalement s\u00e9curis\u00e9 et que vous avez choisi un mot de passe fort. Vous aurez ainsi un contr\u00f4le total et vous emp\u00eacherez quiconque de se connecter \u00e0 votre r\u00e9seau et d&rsquo;utiliser vos donn\u00e9es. <\/span><span data-ccp-props=\"{\"134233117\":true,\"134233118\":true,\"201341983\":0,\"335559739\":160,\"335559740\":240}\"> <\/span><\/p>\n\t\t\t\t\t\t\t\t<\/div>\n\t\t\t\t<\/div>\n\t\t\t\t\t<\/div>\n\t\t<\/div>\n\t\t\t\t\t<\/div>\n\t\t<\/section>\n\t\t\t\t<\/div>\n\t\t","protected":false},"excerpt":{"rendered":"<p>Optimisation des donn\u00e9es Faits, conseils, astuces et avis d&rsquo;experts sur la consommation de donn\u00e9es Les prix de nos formules refl\u00e8tent principalement les diff\u00e9rentes allocations mensuelles de donn\u00e9es. Nous pensons que cela rend les choses plus \u00e9quitables, car chacun peut choisir un forfait adapt\u00e9 \u00e0 son utilisation de l&rsquo;internet. Ainsi, les utilisateurs occasionnels qui naviguent sur [&hellip;]<\/p>\n","protected":false},"author":1,"featured_media":0,"parent":0,"menu_order":0,"comment_status":"closed","ping_status":"closed","template":"","meta":{"_acf_changed":false,"site-sidebar-layout":"no-sidebar","site-content-layout":"page-builder","ast-site-content-layout":"default","site-content-style":"default","site-sidebar-style":"default","ast-global-header-display":"","ast-banner-title-visibility":"","ast-main-header-display":"","ast-hfb-above-header-display":"","ast-hfb-below-header-display":"","ast-hfb-mobile-header-display":"","site-post-title":"disabled","ast-breadcrumbs-content":"","ast-featured-img":"disabled","footer-sml-layout":"","ast-disable-related-posts":"","theme-transparent-header-meta":"","adv-header-id-meta":"","stick-header-meta":"","header-above-stick-meta":"","header-main-stick-meta":"","header-below-stick-meta":"","astra-migrate-meta-layouts":"default","ast-page-background-enabled":"default","ast-page-background-meta":{"desktop":{"background-color":"","background-image":"","background-repeat":"repeat","background-position":"center center","background-size":"auto","background-attachment":"scroll","background-type":"","background-media":"","overlay-type":"","overlay-color":"","overlay-opacity":"","overlay-gradient":""},"tablet":{"background-color":"","background-image":"","background-repeat":"repeat","background-position":"center center","background-size":"auto","background-attachment":"scroll","background-type":"","background-media":"","overlay-type":"","overlay-color":"","overlay-opacity":"","overlay-gradient":""},"mobile":{"background-color":"","background-image":"","background-repeat":"repeat","background-position":"center center","background-size":"auto","background-attachment":"scroll","background-type":"","background-media":"","overlay-type":"","overlay-color":"","overlay-opacity":"","overlay-gradient":""}},"ast-content-background-meta":{"desktop":{"background-color":"var(--ast-global-color-5)","background-image":"","background-repeat":"repeat","background-position":"center center","background-size":"auto","background-attachment":"scroll","background-type":"","background-media":"","overlay-type":"","overlay-color":"","overlay-opacity":"","overlay-gradient":""},"tablet":{"background-color":"var(--ast-global-color-5)","background-image":"","background-repeat":"repeat","background-position":"center center","background-size":"auto","background-attachment":"scroll","background-type":"","background-media":"","overlay-type":"","overlay-color":"","overlay-opacity":"","overlay-gradient":""},"mobile":{"background-color":"var(--ast-global-color-5)","background-image":"","background-repeat":"repeat","background-position":"center center","background-size":"auto","background-attachment":"scroll","background-type":"","background-media":"","overlay-type":"","overlay-color":"","overlay-opacity":"","overlay-gradient":""}},"footnotes":""},"class_list":["post-3423","page","type-page","status-publish","hentry"],"acf":[],"_links":{"self":[{"href":"https:\/\/brdy.com\/fr\/wp-json\/wp\/v2\/pages\/3423","targetHints":{"allow":["GET"]}}],"collection":[{"href":"https:\/\/brdy.com\/fr\/wp-json\/wp\/v2\/pages"}],"about":[{"href":"https:\/\/brdy.com\/fr\/wp-json\/wp\/v2\/types\/page"}],"author":[{"embeddable":true,"href":"https:\/\/brdy.com\/fr\/wp-json\/wp\/v2\/users\/1"}],"replies":[{"embeddable":true,"href":"https:\/\/brdy.com\/fr\/wp-json\/wp\/v2\/comments?post=3423"}],"version-history":[{"count":1,"href":"https:\/\/brdy.com\/fr\/wp-json\/wp\/v2\/pages\/3423\/revisions"}],"predecessor-version":[{"id":3424,"href":"https:\/\/brdy.com\/fr\/wp-json\/wp\/v2\/pages\/3423\/revisions\/3424"}],"wp:attachment":[{"href":"https:\/\/brdy.com\/fr\/wp-json\/wp\/v2\/media?parent=3423"}],"curies":[{"name":"wp","href":"https:\/\/api.w.org\/{rel}","templated":true}]}}