{"id":3404,"date":"2023-06-27T15:53:09","date_gmt":"2023-06-27T15:53:09","guid":{"rendered":"https:\/\/brdy.com\/fr\/faq-technique\/"},"modified":"2023-08-14T09:43:03","modified_gmt":"2023-08-14T09:43:03","slug":"faq-technique","status":"publish","type":"page","link":"https:\/\/brdy.com\/fr\/faq-technique\/","title":{"rendered":"FAQ technique"},"content":{"rendered":"\t\t<div data-elementor-type=\"wp-page\" data-elementor-id=\"3404\" class=\"elementor elementor-3404 elementor-1862\" data-elementor-post-type=\"page\">\n\t\t\t\t\t\t<section class=\"elementor-section elementor-top-section elementor-element elementor-element-3102a0a elementor-section-boxed elementor-section-height-default elementor-section-height-default\" data-id=\"3102a0a\" data-element_type=\"section\" data-e-type=\"section\">\n\t\t\t\t\t\t<div class=\"elementor-container elementor-column-gap-default\">\n\t\t\t\t\t<div class=\"elementor-column elementor-col-100 elementor-top-column elementor-element elementor-element-23a4907\" data-id=\"23a4907\" data-element_type=\"column\" data-e-type=\"column\">\n\t\t\t<div class=\"elementor-widget-wrap elementor-element-populated\">\n\t\t\t\t\t\t<div class=\"elementor-element elementor-element-a7e6db5 eael-dual-header-content-align-center elementor-widget elementor-widget-eael-dual-color-header\" data-id=\"a7e6db5\" data-element_type=\"widget\" data-e-type=\"widget\" data-widget_type=\"eael-dual-color-header.default\">\n\t\t\t\t<div class=\"elementor-widget-container\">\n\t\t\t\t\t\t\t\t<div class=\"eael-dual-header\">\n\t\t\t\t<h2 class=\"title eael-dch-title\"><span class=\"eael-dch-title-text eael-dch-title-lead lead solid-color\">FAQ<\/span> <span class=\"eael-dch-title-text\">technique<\/span><\/h2>\t\t\t\t\t<span class=\"subtext\"><p>D\u00e9couvrez les r\u00e9ponses aux questions techniques les plus fr\u00e9quentes de nos clients<\/p>\n<\/span>\n\t\t\t\t\t\t\t<\/div>\n\n\t\t\t\t\t\t<\/div>\n\t\t\t\t<\/div>\n\t\t\t\t<div class=\"elementor-element elementor-element-68f6430 elementor-widget elementor-widget-eael-adv-accordion\" data-id=\"68f6430\" data-element_type=\"widget\" data-e-type=\"widget\" data-widget_type=\"eael-adv-accordion.default\">\n\t\t\t\t<div class=\"elementor-widget-container\">\n\t\t\t\t\t            <div class=\"eael-adv-accordion\" id=\"eael-adv-accordion-68f6430\" data-scroll-on-click=\"no\" data-scroll-speed=\"300\" data-accordion-id=\"68f6430\" data-accordion-type=\"toggle\" data-toogle-speed=\"300\">\n            <div class=\"eael-accordion-list\">\n\t\t\t\t\t<div id=\"mon-modem-a-compltement-cess-de-fonctionner-que-dois-je-faire-\" class=\"elementor-tab-title eael-accordion-header\" tabindex=\"0\" data-tab=\"1\" aria-controls=\"elementor-tab-content-1101\"><span class=\"eael-accordion-tab-title\">Mon modem a compl\u00e8tement cess\u00e9 de fonctionner, que dois-je faire ? <\/span><span class=\"eael-advanced-accordion-icon-closed\"><i aria-hidden=\"true\" class=\"fa-accordion-icon fas fa-plus\"><\/i><\/span><span class=\"eael-advanced-accordion-icon-opened\"><i aria-hidden=\"true\" class=\"fa-accordion-icon fas fa-minus\"><\/i><\/span><\/div><div id=\"elementor-tab-content-1101\" class=\"eael-accordion-content clearfix\" data-tab=\"1\" aria-labelledby=\"mon-modem-a-compltement-cess-de-fonctionner-que-dois-je-faire-\"><p><span>Il y a plusieurs choses \u00e0 faire si vous n&rsquo;\u00eates plus en ligne. Veuillez parcourir cette liste avant de nous appeler : <\/span><span> <\/span><\/p>\n<\/p>\n<p><span>\u00c9teignez et rallumez votre ordinateur<\/span> <br \/><span>Bien que cela semble \u00eatre une r\u00e9ponse classique de la part des services informatiques, vous seriez surpris de voir \u00e0 quel point cela fonctionne souvent. La premi\u00e8re chose \u00e0 faire est de v\u00e9rifier que tous les c\u00e2bles sont branch\u00e9s. Si cela ne r\u00e9sout pas le probl\u00e8me, \u00e9teignez et rallumez le modem. Pour ce faire avec un modem SB2, proc\u00e9dez comme suit   <\/span><span> <\/span><\/p>\n<ol>\n<li><span>1. D\u00e9branchez les c\u00e2bles d&rsquo;alimentation du modem fourni par Brdy et du routeur Wi-Fi.<\/span><span> <\/span><\/li>\n<li><span>Remettez le modem fourni par Brdy sous tension et attendez environ 5 minutes que le red\u00e9marrage soit termin\u00e9. <\/span><span> <\/span><\/li>\n<li><span>3. R\u00e9tablissez l&rsquo;alimentation du routeur, attendez 5 minutes pour que le red\u00e9marrage soit termin\u00e9 et testez si le Wi-Fi fonctionne \u00e0 nouveau.<\/span><span> <\/span><\/li>\n<\/ol>\n<p><span>Il est encore plus facile d&rsquo;effectuer cette op\u00e9ration avec un modem SB2+ : il suffit de d\u00e9brancher le c\u00e2ble d&rsquo;alimentation et de le rebrancher.<\/span><span> <\/span><\/p>\n<p><span>Si vous avez d\u00e9plac\u00e9 votre modem, essayez de le remettre \u00e0 l&rsquo;endroit o\u00f9 il \u00e9tait.<\/span><span> <\/span><\/p>\n<\/p>\n<p><b><span>D\u00e9chargez l&rsquo;\u00e9lectricit\u00e9 statique du modem<\/span><\/b> <br \/><span>Au fil du temps, de l&rsquo;\u00e9nergie statique peut s&rsquo;accumuler dans le modem. Cela peut l&#8217;emp\u00eacher de fonctionner, mais il est facile d&rsquo;y rem\u00e9dier en suivant les \u00e9tapes suivantes : <\/span><span> <\/span><\/p>\n<ol>\n<li><span>1. D\u00e9branchez le modem de la source d&rsquo;alimentation.<\/span><span> <\/span><\/li>\n<li><span>2. D\u00e9branchez le c\u00e2ble Ethernet du modem.<\/span><span> <\/span><\/li>\n<li><span>3. D\u00e9brancher le c\u00e2ble coaxial du modem<\/span><span> <\/span><\/li>\n<li><span>4. Rebranchez le modem \u00e0 la source d&rsquo;alimentation pendant 10 secondes.<\/span><span> <\/span><\/li>\n<li><span>5. D\u00e9branchez \u00e0 nouveau le modem de la source d&rsquo;alimentation.<\/span><span> <\/span><\/li>\n<li><span>6. Rebranchez le c\u00e2ble coaxial au modem.<\/span><span> <\/span><\/li>\n<li><span>7. Rebranchez le c\u00e2ble Ethernet au modem.<\/span><span> <\/span><\/li>\n<li><span>8. Rebranchez le modem \u00e0 la source d&rsquo;alimentation<\/span><span> <\/span><\/li>\n<\/ol>\n<p><span>Le fait de d\u00e9brancher tous les c\u00e2bles et de rebrancher le c\u00e2ble d&rsquo;alimentation lib\u00e8re l&rsquo;\u00e9nergie des prises et permet souvent au modem de fonctionner \u00e0 nouveau.<\/span><span> <\/span><\/p>\n<\/p>\n<p><b><span>Remplacer le c\u00e2ble Ethernet du routeur<\/span><\/b> <br \/><span>Si vous utilisez un modem SB2, plut\u00f4t qu&rsquo;un SB2+, il sera \u00e9quip\u00e9 d&rsquo;un routeur externe connect\u00e9 par un c\u00e2ble Ethernet. Si vous disposez d&rsquo;un autre c\u00e2ble, essayez de l&rsquo;utiliser pour voir s&rsquo;il est \u00e0 l&rsquo;origine du probl\u00e8me. <\/span><span> <\/span><\/p>\n<\/p>\n<p><b><span>V\u00e9rifiez le pointage de la parabole<\/span><\/b> <br \/><span>Si vous utilisez l&rsquo;internet par satellite dans une maison mobile ou si vous avez d\u00e9m\u00e9nag\u00e9 et emport\u00e9 le syst\u00e8me avec vous, il se peut que vous le d\u00e9placiez d\u00e9lib\u00e9r\u00e9ment. Suivez les \u00e9tapes ci-dessous pour vous assurer que votre parabole est correctement align\u00e9e, point\u00e9e. <\/span><span> <\/span><\/p>\n<ol>\n<li><span>Aller sur: <\/span><span>Viasat Tech Tools App<\/span><span> <\/span><\/li>\n<li><span>2. Saisissez le code postal ou la r\u00e9gion, notez le r\u00e9sultat de la couleur du faisceau.<\/span><span> <\/span><\/li>\n<li><span>3. Si vous \u00eates connect\u00e9 au modem fourni par Brdy via Wi-Fi\/Ethernet, ouvrez le navigateur web.<\/span><span> <\/span><\/li>\n<li><span>4. Entrez 192.168.100.1\/install, s\u00e9lectionnez la couleur du faisceau et cliquez sur suivant (ou sur la fl\u00e8che noire). <\/span><span> <\/span><\/li>\n<li><span>5. Cliquez sur finish pour vous verrouiller sur le faisceau, avec un signal SNR de 10dB+, si possible.<\/span><span> <\/span><\/li>\n<li><span>6. La page d&rsquo;\u00e9tat du modem 192.168.100.1 s&rsquo;affiche et indique s&rsquo;il est en ligne.<\/span><span> <\/span><\/li>\n<li><span>7. Cela activera le processus de pointage de la parabole o\u00f9 l&rsquo;\u00e9metteur-r\u00e9cepteur sur la parabole commencera \u00e0 \u00e9mettre un *bip* et vous devrez physiquement ajuster la parabole en fonction de l&rsquo;\u00e9l\u00e9vation et de la direction.<\/span><span> <\/span><\/li>\n<li><span>8. Lorsque vous \u00eates sur le point de capter le signal, les bips s&rsquo;acc\u00e9l\u00e8rent jusqu&rsquo;\u00e0 ce que la parabole commence \u00e0 \u00e9mettre un son continu (Solid Tone).<\/span><span> <\/span><\/li>\n<li><span>9. Le SNR Rx actuel du modem doit \u00eatre d&rsquo;au moins 10 dB ou plus, ce qui indique que la parabole est parfaitement align\u00e9e.<\/span><span> <\/span><\/li>\n<li><span>10. Lorsque le signal SNR est de 10 dB ou plus, cliquez sur Finish (Terminer).<\/span><span> <\/span><\/li>\n<\/ol>\n<p><span>Si ces actions ne r\u00e9solvent pas le probl\u00e8me, contactez-nous.<\/span><span> <\/span><\/p>\n<\/div>\n\t\t\t\t\t<\/div><div class=\"eael-accordion-list\">\n\t\t\t\t\t<div id=\"mon-internet-est-lent-que-dois-je-faire-\" class=\"elementor-tab-title eael-accordion-header\" tabindex=\"0\" data-tab=\"2\" aria-controls=\"elementor-tab-content-1102\"><span class=\"eael-accordion-tab-title\">Mon internet est lent, que dois-je faire ? <\/span><span class=\"eael-advanced-accordion-icon-closed\"><i aria-hidden=\"true\" class=\"fa-accordion-icon fas fa-plus\"><\/i><\/span><span class=\"eael-advanced-accordion-icon-opened\"><i aria-hidden=\"true\" class=\"fa-accordion-icon fas fa-minus\"><\/i><\/span><\/div><div id=\"elementor-tab-content-1102\" class=\"eael-accordion-content clearfix\" data-tab=\"2\" aria-labelledby=\"mon-internet-est-lent-que-dois-je-faire-\"><p><span>Tout d&rsquo;abord, nous vous recommandons de changer de canal Wi-Fi. Nous constatons qu&rsquo;un grand nombre de probl\u00e8mes de mise en m\u00e9moire tampon peuvent \u00eatre r\u00e9solus en changeant de canal Wi-Fi. Le canal Wi-Fi est r\u00e9gl\u00e9 par d\u00e9faut sur auto. Cela signifie que lorsque vous connectez le modem, il trouve le premier canal qui fonctionne et le conserve, m\u00eame si un canal diff\u00e9rent peut offrir un service plus rapide.    D&rsquo;apr\u00e8s notre exp\u00e9rience, le canal 11 est le plus rapide. <\/span><span> <\/span><\/p>\n<p><span>Si cela ne suffit pas, vous devez vous faire une id\u00e9e pr\u00e9cise de la lenteur de votre internet. Vous devez utiliser un outil de test de vitesse sp\u00e9cialis\u00e9, car de nombreux sites web ne peuvent pas prendre en compte la latence inh\u00e9rente \u00e0 l&rsquo;utilisation de l&rsquo;internet.  <\/span><span> <\/span><\/p>\n<\/div>\n\t\t\t\t\t<\/div><div class=\"eael-accordion-list\">\n\t\t\t\t\t<div id=\"je-nai-plus-de-donnes-et-je-ne-sais-pas-pourquoi\" class=\"elementor-tab-title eael-accordion-header\" tabindex=\"0\" data-tab=\"3\" aria-controls=\"elementor-tab-content-1103\"><span class=\"eael-accordion-tab-title\">Je n'ai plus de donn\u00e9es et je ne sais pas pourquoi.<\/span><span class=\"eael-advanced-accordion-icon-closed\"><i aria-hidden=\"true\" class=\"fa-accordion-icon fas fa-plus\"><\/i><\/span><span class=\"eael-advanced-accordion-icon-opened\"><i aria-hidden=\"true\" class=\"fa-accordion-icon fas fa-minus\"><\/i><\/span><\/div><div id=\"elementor-tab-content-1103\" class=\"eael-accordion-content clearfix\" data-tab=\"3\" aria-labelledby=\"je-nai-plus-de-donnes-et-je-ne-sais-pas-pourquoi\"><p><span>Il est plus difficile que vous ne le pensez de suivre vos donn\u00e9es manuellement. Mais il existe des applications qui peuvent vous aider. <\/span><span> <\/span><\/p>\n<\/p>\n<p><span>Pour les appareils Windows et Android, l&rsquo;application de suivi des donn\u00e9es que nous recommandons est<\/span> <a href=\"https:\/\/www.glasswire.com\/\"><span>Glasswire<\/span><\/a><span>.<\/span> (<span>LIEN<\/span>) I<span>l s&rsquo;agit d&rsquo;un outil gratuit<\/span><span> <\/span><\/p>\n<\/p>\n<p><span>Pour les appareils Apple, l&rsquo;application de surveillance des donn\u00e9es \u00e0 t\u00e9l\u00e9charger est<\/span> <a href=\"https:\/\/www.obdev.at\/products\/littlesnitch\/index.html\"><span>Little Snitch<\/span><\/a>.<span>Elle est payante, mais la version d&rsquo;essai gratuite de 30 jours devrait suffire \u00e0 vous donner une id\u00e9e de l&rsquo;utilisation de vos donn\u00e9es. <\/span><span> <\/span><\/p>\n<\/div>\n\t\t\t\t\t<\/div><div class=\"eael-accordion-list\">\n\t\t\t\t\t<div id=\"comment-puis-je-connecter-le-modem-standard-sb2-mon-propre-routeur-\" class=\"elementor-tab-title eael-accordion-header\" tabindex=\"0\" data-tab=\"4\" aria-controls=\"elementor-tab-content-1104\"><span class=\"eael-accordion-tab-title\">Comment puis-je connecter le modem standard SB2 \u00e0 mon propre routeur ? <\/span><span class=\"eael-advanced-accordion-icon-closed\"><i aria-hidden=\"true\" class=\"fa-accordion-icon fas fa-plus\"><\/i><\/span><span class=\"eael-advanced-accordion-icon-opened\"><i aria-hidden=\"true\" class=\"fa-accordion-icon fas fa-minus\"><\/i><\/span><\/div><div id=\"elementor-tab-content-1104\" class=\"eael-accordion-content clearfix\" data-tab=\"4\" aria-labelledby=\"comment-puis-je-connecter-le-modem-standard-sb2-mon-propre-routeur-\"><p><span>suffit de faire passer un c\u00e2ble Lan du port Ethernet du modem au port Wan (si possible) du routeur sans fil.<\/span><span> <\/span><\/p>\n<p><span>Si vous \u00eates un utilisateur professionnel disposant d&rsquo;une adresse IP fixe, la proc\u00e9dure est un peu plus complexe. Veuillez contacter notre service technique pour qu&rsquo;il s&rsquo;en charge. <\/span><span> <\/span><\/p>\n<\/div>\n\t\t\t\t\t<\/div><div class=\"eael-accordion-list\">\n\t\t\t\t\t<div id=\"jai-oubli-mon-mot-de-passe-wi-fi\" class=\"elementor-tab-title eael-accordion-header\" tabindex=\"0\" data-tab=\"5\" aria-controls=\"elementor-tab-content-1105\"><span class=\"eael-accordion-tab-title\">J'ai oubli\u00e9 mon mot de passe Wi-Fi.<\/span><span class=\"eael-advanced-accordion-icon-closed\"><i aria-hidden=\"true\" class=\"fa-accordion-icon fas fa-plus\"><\/i><\/span><span class=\"eael-advanced-accordion-icon-opened\"><i aria-hidden=\"true\" class=\"fa-accordion-icon fas fa-minus\"><\/i><\/span><\/div><div id=\"elementor-tab-content-1105\" class=\"eael-accordion-content clearfix\" data-tab=\"5\" aria-labelledby=\"jai-oubli-mon-mot-de-passe-wi-fi\"><p><span class=\"TextRun SCXW174456441 BCX0\"><span class=\"NormalTextRun SCXW174456441 BCX0\">Ne vous inqui\u00e9tez pas, vous pouvez r\u00e9initialiser votre modem aux param\u00e8tres d&rsquo;usine &#8211; cela vous permettra d&rsquo;utiliser le mot de passe indiqu\u00e9 sur l&rsquo;autocollant appos\u00e9 sur le modem pour vous reconnecter. Pour r\u00e9initialiser le modem SB2+, enfoncez un objet pointu, tel qu&rsquo;une \u00e9pingle ou une aiguille, dans le trou de r\u00e9initialisation situ\u00e9 \u00e0 l&rsquo;arri\u00e8re pendant environ 15 secondes. <\/span><\/span><span class=\"EOP SCXW174456441 BCX0\"> <\/span><\/p>\n<\/div>\n\t\t\t\t\t<\/div><div class=\"eael-accordion-list\">\n\t\t\t\t\t<div id=\"je-suis-pass-du-sb2-au-sb2-quel-cble-dois-je-utiliser-\" class=\"elementor-tab-title eael-accordion-header\" tabindex=\"0\" data-tab=\"6\" aria-controls=\"elementor-tab-content-1106\"><span class=\"eael-accordion-tab-title\">Je suis pass\u00e9 du SB2 au SB2+ ; quel c\u00e2ble dois-je utiliser ? <\/span><span class=\"eael-advanced-accordion-icon-closed\"><i aria-hidden=\"true\" class=\"fa-accordion-icon fas fa-plus\"><\/i><\/span><span class=\"eael-advanced-accordion-icon-opened\"><i aria-hidden=\"true\" class=\"fa-accordion-icon fas fa-minus\"><\/i><\/span><\/div><div id=\"elementor-tab-content-1106\" class=\"eael-accordion-content clearfix\" data-tab=\"6\" aria-labelledby=\"je-suis-pass-du-sb2-au-sb2-quel-cble-dois-je-utiliser-\"><p><span class=\"TextRun SCXW42578366 BCX0\"><span class=\"NormalTextRun SCXW42578366 BCX0\">Si vous avez r\u00e9cemment effectu\u00e9 une mise \u00e0 niveau,<\/span><span class=\"NormalTextRun SCXW42578366 BCX0\">vous<\/span><span class=\"NormalTextRun SCXW42578366 BCX0\"> constaterez que votre nouveau routeur ne dispose que d&rsquo;une seule connexion IFL, et non de deux comme vous en avez l&rsquo;habitude. Avec le nouveau modem SB2+, vous ne devez utiliser que le c\u00e2ble Transmit \/ Out de l&rsquo;ancien modem. L&rsquo;autre c\u00e2ble n&rsquo;est plus <\/span><span class=\"NormalTextRun SCXW42578366 BCX0\">n\u00e9cessaire<\/span><span class=\"NormalTextRun SCXW42578366 BCX0\">.<\/span><\/span><span class=\"EOP SCXW42578366 BCX0\"> <\/span><\/p>\n<\/div>\n\t\t\t\t\t<\/div><\/div>\t\t\t\t<\/div>\n\t\t\t\t<\/div>\n\t\t\t\t\t<\/div>\n\t\t<\/div>\n\t\t\t\t\t<\/div>\n\t\t<\/section>\n\t\t\t\t<\/div>\n\t\t","protected":false},"excerpt":{"rendered":"<p>FAQ technique D\u00e9couvrez les r\u00e9ponses aux questions techniques les plus fr\u00e9quentes de nos clients Mon modem a compl\u00e8tement cess\u00e9 de fonctionner, que dois-je faire ? Il y a plusieurs choses \u00e0 faire si vous n&#8217;\u00eates plus en ligne. Veuillez parcourir cette liste avant de nous appeler : \u00c9teignez et rallumez votre ordinateur Bien que cela [&hellip;]<\/p>\n","protected":false},"author":1,"featured_media":0,"parent":0,"menu_order":0,"comment_status":"closed","ping_status":"closed","template":"","meta":{"_acf_changed":false,"site-sidebar-layout":"no-sidebar","site-content-layout":"page-builder","ast-site-content-layout":"default","site-content-style":"default","site-sidebar-style":"default","ast-global-header-display":"","ast-banner-title-visibility":"","ast-main-header-display":"","ast-hfb-above-header-display":"","ast-hfb-below-header-display":"","ast-hfb-mobile-header-display":"","site-post-title":"disabled","ast-breadcrumbs-content":"","ast-featured-img":"disabled","footer-sml-layout":"","ast-disable-related-posts":"","theme-transparent-header-meta":"","adv-header-id-meta":"","stick-header-meta":"","header-above-stick-meta":"","header-main-stick-meta":"","header-below-stick-meta":"","astra-migrate-meta-layouts":"default","ast-page-background-enabled":"default","ast-page-background-meta":{"desktop":{"background-color":"","background-image":"","background-repeat":"repeat","background-position":"center center","background-size":"auto","background-attachment":"scroll","background-type":"","background-media":"","overlay-type":"","overlay-color":"","overlay-opacity":"","overlay-gradient":""},"tablet":{"background-color":"","background-image":"","background-repeat":"repeat","background-position":"center center","background-size":"auto","background-attachment":"scroll","background-type":"","background-media":"","overlay-type":"","overlay-color":"","overlay-opacity":"","overlay-gradient":""},"mobile":{"background-color":"","background-image":"","background-repeat":"repeat","background-position":"center center","background-size":"auto","background-attachment":"scroll","background-type":"","background-media":"","overlay-type":"","overlay-color":"","overlay-opacity":"","overlay-gradient":""}},"ast-content-background-meta":{"desktop":{"background-color":"var(--ast-global-color-5)","background-image":"","background-repeat":"repeat","background-position":"center center","background-size":"auto","background-attachment":"scroll","background-type":"","background-media":"","overlay-type":"","overlay-color":"","overlay-opacity":"","overlay-gradient":""},"tablet":{"background-color":"var(--ast-global-color-5)","background-image":"","background-repeat":"repeat","background-position":"center center","background-size":"auto","background-attachment":"scroll","background-type":"","background-media":"","overlay-type":"","overlay-color":"","overlay-opacity":"","overlay-gradient":""},"mobile":{"background-color":"var(--ast-global-color-5)","background-image":"","background-repeat":"repeat","background-position":"center center","background-size":"auto","background-attachment":"scroll","background-type":"","background-media":"","overlay-type":"","overlay-color":"","overlay-opacity":"","overlay-gradient":""}},"footnotes":""},"class_list":["post-3404","page","type-page","status-publish","hentry"],"acf":[],"_links":{"self":[{"href":"https:\/\/brdy.com\/fr\/wp-json\/wp\/v2\/pages\/3404","targetHints":{"allow":["GET"]}}],"collection":[{"href":"https:\/\/brdy.com\/fr\/wp-json\/wp\/v2\/pages"}],"about":[{"href":"https:\/\/brdy.com\/fr\/wp-json\/wp\/v2\/types\/page"}],"author":[{"embeddable":true,"href":"https:\/\/brdy.com\/fr\/wp-json\/wp\/v2\/users\/1"}],"replies":[{"embeddable":true,"href":"https:\/\/brdy.com\/fr\/wp-json\/wp\/v2\/comments?post=3404"}],"version-history":[{"count":1,"href":"https:\/\/brdy.com\/fr\/wp-json\/wp\/v2\/pages\/3404\/revisions"}],"predecessor-version":[{"id":3405,"href":"https:\/\/brdy.com\/fr\/wp-json\/wp\/v2\/pages\/3404\/revisions\/3405"}],"wp:attachment":[{"href":"https:\/\/brdy.com\/fr\/wp-json\/wp\/v2\/media?parent=3404"}],"curies":[{"name":"wp","href":"https:\/\/api.w.org\/{rel}","templated":true}]}}