{"id":2911,"date":"2023-07-11T15:10:10","date_gmt":"2023-07-11T15:10:10","guid":{"rendered":"https:\/\/dev3.huskycrm.co.uk\/?page_id=2911"},"modified":"2023-08-15T10:56:24","modified_gmt":"2023-08-15T10:56:24","slug":"complaints-procedure","status":"publish","type":"page","link":"https:\/\/brdy.com\/fr\/en\/complaints-procedure\/","title":{"rendered":"France Complaints Procedure"},"content":{"rendered":"\t\t<div data-elementor-type=\"wp-page\" data-elementor-id=\"2911\" class=\"elementor elementor-2911\" data-elementor-post-type=\"page\">\n\t\t\t\t\t\t<section class=\"elementor-section elementor-top-section elementor-element elementor-element-2709fba elementor-section-boxed elementor-section-height-default elementor-section-height-default\" data-id=\"2709fba\" data-element_type=\"section\" data-e-type=\"section\" data-settings=\"{&quot;background_background&quot;:&quot;classic&quot;}\">\n\t\t\t\t\t\t<div class=\"elementor-container elementor-column-gap-default\">\n\t\t\t\t\t<div class=\"elementor-column elementor-col-100 elementor-top-column elementor-element elementor-element-06f2a20\" data-id=\"06f2a20\" data-element_type=\"column\" data-e-type=\"column\">\n\t\t\t<div class=\"elementor-widget-wrap elementor-element-populated\">\n\t\t\t\t\t\t<section class=\"elementor-section elementor-inner-section elementor-element elementor-element-6e1302e elementor-section-boxed elementor-section-height-default elementor-section-height-default\" data-id=\"6e1302e\" data-element_type=\"section\" data-e-type=\"section\">\n\t\t\t\t\t\t<div class=\"elementor-container elementor-column-gap-default\">\n\t\t\t\t\t<div class=\"elementor-column elementor-col-100 elementor-inner-column elementor-element elementor-element-60d81eb\" data-id=\"60d81eb\" data-element_type=\"column\" data-e-type=\"column\">\n\t\t\t<div class=\"elementor-widget-wrap elementor-element-populated\">\n\t\t\t\t\t\t<div class=\"elementor-element elementor-element-9ca2e82 eael-dual-header-content-align-center elementor-widget elementor-widget-eael-dual-color-header\" data-id=\"9ca2e82\" data-element_type=\"widget\" data-e-type=\"widget\" data-widget_type=\"eael-dual-color-header.default\">\n\t\t\t\t<div class=\"elementor-widget-container\">\n\t\t\t\t\t\t\t\t<div class=\"eael-dual-header\">\n\t\t\t\t<h2 class=\"title eael-dch-title\"><span class=\"eael-dch-title-text eael-dch-title-lead lead solid-color\">France Complaints<\/span> <span class=\"eael-dch-title-text\">Procedure<\/span><\/h2>\t\t\t<\/div>\n\n\t\t\t\t\t\t<\/div>\n\t\t\t\t<\/div>\n\t\t\t\t\t<\/div>\n\t\t<\/div>\n\t\t\t\t\t<\/div>\n\t\t<\/section>\n\t\t\t\t<div class=\"elementor-element elementor-element-dd0c362 elementor-widget-divider--view-line elementor-widget elementor-widget-divider\" data-id=\"dd0c362\" data-element_type=\"widget\" data-e-type=\"widget\" data-widget_type=\"divider.default\">\n\t\t\t\t<div class=\"elementor-widget-container\">\n\t\t\t\t\t\t\t<div class=\"elementor-divider\">\n\t\t\t<span class=\"elementor-divider-separator\">\n\t\t\t\t\t\t<\/span>\n\t\t<\/div>\n\t\t\t\t\t\t<\/div>\n\t\t\t\t<\/div>\n\t\t\t\t<div class=\"elementor-element elementor-element-275afc2 elementor-widget elementor-widget-text-editor\" data-id=\"275afc2\" data-element_type=\"widget\" data-e-type=\"widget\" data-widget_type=\"text-editor.default\">\n\t\t\t\t<div class=\"elementor-widget-container\">\n\t\t\t\t\t\t\t\t\t<p><span data-contrast=\"none\">Si nous avons commis une erreur et que vous souhaitez d\u00e9poser une r\u00e9clamation, nous la prendrons au s\u00e9rieux. Le pr\u00e9sent document d\u00e9crit ce que nous ferons pour corriger la situation le plus rapidement possible.<\/span><span data-ccp-props=\"{&quot;134233117&quot;:true,&quot;134233118&quot;:true,&quot;201341983&quot;:0,&quot;335559739&quot;:160,&quot;335559740&quot;:240}\">\u00a0<\/span><\/p><p><span data-contrast=\"none\">Vous pouvez d\u00e9poser votre r\u00e9clamation par t\u00e9l\u00e9phone, par courrier \u00e9lectronique, par formulaire en ligne ou par courrier en utilisant les coordonn\u00e9es indiqu\u00e9es ci-dessous.<\/span><span data-ccp-props=\"{&quot;134233117&quot;:true,&quot;134233118&quot;:true,&quot;201341983&quot;:0,&quot;335559739&quot;:160,&quot;335559740&quot;:240}\">\u00a0<\/span><\/p><p><b><span data-contrast=\"none\">Step 1<\/span><\/b><span data-ccp-props=\"{&quot;134233117&quot;:true,&quot;134233118&quot;:true,&quot;201341983&quot;:0,&quot;335559739&quot;:160,&quot;335559740&quot;:240}\">\u00a0<\/span><\/p><p><span data-contrast=\"none\">Contactez l&#8217;\u00e9quipe du service client\u00e8le pour nous faire part de votre r\u00e9clamation. Vous pouvez le faire par t\u00e9l\u00e9phone, par courrier \u00e9lectronique, par lettre ou par le biais du formulaire en ligne sur notre page &#8220;Contactez-nous&#8221;.<\/span><span data-ccp-props=\"{&quot;134233117&quot;:true,&quot;134233118&quot;:true,&quot;201341983&quot;:0,&quot;335559739&quot;:160,&quot;335559740&quot;:240}\">\u00a0<\/span><\/p><p><span data-contrast=\"none\">Un membre de notre \u00e9quipe vous demandera toutes les informations pertinentes concernant votre plainte et la mani\u00e8re dont nous pouvons la r\u00e9soudre.<\/span><span data-ccp-props=\"{&quot;134233117&quot;:true,&quot;134233118&quot;:true,&quot;201341983&quot;:0,&quot;335559739&quot;:160,&quot;335559740&quot;:240}\">\u00a0<\/span><\/p><p><span data-contrast=\"none\">Votre plainte sera trait\u00e9e directement avec vous, de pr\u00e9f\u00e9rence lors d&#8217;un appel t\u00e9l\u00e9phonique ou, si elle est envoy\u00e9e par courrier \u00e9lectronique, dans un d\u00e9lai de 5 jours. S&#8217;il n&#8217;est pas en mesure de la r\u00e9soudre \u00e0 votre satisfaction, il la transmettra \u00e0 son sup\u00e9rieur hi\u00e9rarchique pour donner suite \u00e0 votre r\u00e9clamation.<\/span><span data-ccp-props=\"{&quot;134233117&quot;:true,&quot;134233118&quot;:true,&quot;201341983&quot;:0,&quot;335559739&quot;:160,&quot;335559740&quot;:240}\">\u00a0<\/span><\/p><p><b><span data-contrast=\"none\">Step 2<\/span><\/b><span data-ccp-props=\"{&quot;134233117&quot;:true,&quot;134233118&quot;:true,&quot;201341983&quot;:0,&quot;335559739&quot;:160,&quot;335559740&quot;:240}\">\u00a0<\/span><\/p><p><span data-contrast=\"none\">Si le responsable n&#8217;est pas disponible imm\u00e9diatement, il essaiera de vous contacter dans les 3 jours ouvrables pour trouver une solution avec vous. S&#8217;il n&#8217;a pas pu vous parler directement, il vous contactera par \u00e9crit pour vous faire part de ses conclusions et de ce que nous pouvons faire pour r\u00e9soudre votre plainte.<\/span><span data-ccp-props=\"{&quot;134233117&quot;:true,&quot;134233118&quot;:true,&quot;201341983&quot;:0,&quot;335559739&quot;:160,&quot;335559740&quot;:240}\">\u00a0<\/span><\/p><p><b><span data-contrast=\"none\">Step 3<\/span><\/b><span data-ccp-props=\"{&quot;134233117&quot;:true,&quot;134233118&quot;:true,&quot;201341983&quot;:0,&quot;335559739&quot;:160,&quot;335559740&quot;:240}\">\u00a0<\/span><\/p><p><span data-contrast=\"none\">Dans les rares cas o\u00f9 nous ne sommes pas parvenus \u00e0 trouver une solution malgr\u00e9 les \u00e9tapes pr\u00e9c\u00e9dentes, vous avez la possibilit\u00e9 de d\u00e9poser une plainte aupr\u00e8s du chef de service pour examen. Dans un d\u00e9lai de 10 jours ouvrables, il vous enverra sa r\u00e9ponse finale par \u00e9crit, ainsi que toute nouvelle solution.<\/span><span data-ccp-props=\"{&quot;134233117&quot;:true,&quot;134233118&quot;:true,&quot;201341983&quot;:0,&quot;335559739&quot;:160,&quot;335559740&quot;:240}\">\u00a0<\/span><\/p><p><b><span data-contrast=\"none\">R\u00e8glement alternatif des litiges (ADR)<\/span><\/b><span data-ccp-props=\"{&quot;134233117&quot;:true,&quot;134233118&quot;:true,&quot;201341983&quot;:0,&quot;335559739&quot;:160,&quot;335559740&quot;:240}\">\u00a0<\/span><\/p><p><span data-contrast=\"none\">L&#8217;ARCEP exige des fournisseurs de services de communication qu&#8217;ils disposent d&#8217;un code de bonnes pratiques pour le traitement des plaintes des clients nationaux et des petites entreprises. Il s&#8217;agit notamment de veiller \u00e0 ce que les clients sachent qu&#8217;ils peuvent soumettre leur plainte \u00e0 un syst\u00e8me de r\u00e8glement extrajudiciaire des litiges (ADR). Le syst\u00e8me de r\u00e8glement extrajudiciaire des litiges est un arbitre ind\u00e9pendant qui \u00e9value les plaintes des consommateurs et des petites entreprises et rend un jugement pour r\u00e9soudre le probl\u00e8me.<\/span><span data-ccp-props=\"{&quot;134233117&quot;:true,&quot;134233118&quot;:true,&quot;201341983&quot;:0,&quot;335559739&quot;:160,&quot;335559740&quot;:240}\">\u00a0<\/span><\/p><p><span data-contrast=\"none\">Vous pouvez soumettre gratuitement votre plainte \u00e0 un arbitrage ind\u00e9pendant si<\/span><span data-ccp-props=\"{&quot;134233117&quot;:true,&quot;134233118&quot;:true,&quot;201341983&quot;:0,&quot;335559739&quot;:160,&quot;335559740&quot;:240}\">\u00a0<\/span><\/p><p><span data-contrast=\"none\">&#8211; 8 semaines se sont \u00e9coul\u00e9es depuis le d\u00e9p\u00f4t de la plainte et vous n&#8217;\u00eates toujours pas satisfait de notre r\u00e9ponse.<\/span><span data-ccp-props=\"{&quot;134233117&quot;:true,&quot;134233118&quot;:true,&quot;201341983&quot;:0,&quot;335559739&quot;:160,&quot;335559740&quot;:240}\">\u00a0<\/span><\/p><p><span data-contrast=\"none\">&#8211; OU, vous nous avez demand\u00e9 de vous envoyer une lettre d&#8217;impasse afin que vous puissiez soumettre votre cas \u00e0 l&#8217;ADR avant le d\u00e9but de la proc\u00e9dure.<\/span><span data-ccp-props=\"{&quot;134233117&quot;:true,&quot;134233118&quot;:true,&quot;201341983&quot;:0,&quot;335559739&quot;:160,&quot;335559740&quot;:240}\">\u00a0<\/span><\/p><p><span data-contrast=\"none\">(Nous pouvons refuser d&#8217;envoyer une &#8220;lettre de blocage&#8221; si nous avons des motifs raisonnables de croire que nous pouvons r\u00e9soudre votre plainte dans un d\u00e9lai raisonnable et que nous prenons des mesures en ce sens ; si la plainte peut \u00eatre consid\u00e9r\u00e9e comme vexatoire ; ou si l&#8217;objet de la plainte ne rel\u00e8ve pas de la comp\u00e9tence du m\u00e9canisme de r\u00e8glement extrajudiciaire des litiges).<\/span><span data-ccp-props=\"{&quot;134233117&quot;:true,&quot;134233118&quot;:true,&quot;201341983&quot;:0,&quot;335559739&quot;:160,&quot;335559740&quot;:240}\">\u00a0<\/span><\/p>\t\t\t\t\t\t\t\t<\/div>\n\t\t\t\t<\/div>\n\t\t\t\t\t<\/div>\n\t\t<\/div>\n\t\t\t\t\t<\/div>\n\t\t<\/section>\n\t\t\t\t<\/div>\n\t\t","protected":false},"excerpt":{"rendered":"<p>France Complaints Procedure Si nous avons commis une erreur et que vous souhaitez d\u00e9poser une r\u00e9clamation, nous la prendrons au s\u00e9rieux. Le pr\u00e9sent document d\u00e9crit ce que nous ferons pour corriger la situation le plus rapidement possible.\u00a0 Vous pouvez d\u00e9poser votre r\u00e9clamation par t\u00e9l\u00e9phone, par courrier \u00e9lectronique, par formulaire en ligne ou par courrier en [&hellip;]<\/p>\n","protected":false},"author":1,"featured_media":0,"parent":0,"menu_order":0,"comment_status":"closed","ping_status":"closed","template":"","meta":{"_acf_changed":false,"site-sidebar-layout":"no-sidebar","site-content-layout":"page-builder","ast-site-content-layout":"default","site-content-style":"default","site-sidebar-style":"default","ast-global-header-display":"","ast-banner-title-visibility":"","ast-main-header-display":"","ast-hfb-above-header-display":"","ast-hfb-below-header-display":"","ast-hfb-mobile-header-display":"","site-post-title":"disabled","ast-breadcrumbs-content":"","ast-featured-img":"disabled","footer-sml-layout":"","ast-disable-related-posts":"","theme-transparent-header-meta":"","adv-header-id-meta":"","stick-header-meta":"","header-above-stick-meta":"","header-main-stick-meta":"","header-below-stick-meta":"","astra-migrate-meta-layouts":"default","ast-page-background-enabled":"default","ast-page-background-meta":{"desktop":{"background-color":"","background-image":"","background-repeat":"repeat","background-position":"center center","background-size":"auto","background-attachment":"scroll","background-type":"","background-media":"","overlay-type":"","overlay-color":"","overlay-opacity":"","overlay-gradient":""},"tablet":{"background-color":"","background-image":"","background-repeat":"repeat","background-position":"center center","background-size":"auto","background-attachment":"scroll","background-type":"","background-media":"","overlay-type":"","overlay-color":"","overlay-opacity":"","overlay-gradient":""},"mobile":{"background-color":"","background-image":"","background-repeat":"repeat","background-position":"center center","background-size":"auto","background-attachment":"scroll","background-type":"","background-media":"","overlay-type":"","overlay-color":"","overlay-opacity":"","overlay-gradient":""}},"ast-content-background-meta":{"desktop":{"background-color":"var(--ast-global-color-5)","background-image":"","background-repeat":"repeat","background-position":"center center","background-size":"auto","background-attachment":"scroll","background-type":"","background-media":"","overlay-type":"","overlay-color":"","overlay-opacity":"","overlay-gradient":""},"tablet":{"background-color":"var(--ast-global-color-5)","background-image":"","background-repeat":"repeat","background-position":"center center","background-size":"auto","background-attachment":"scroll","background-type":"","background-media":"","overlay-type":"","overlay-color":"","overlay-opacity":"","overlay-gradient":""},"mobile":{"background-color":"var(--ast-global-color-5)","background-image":"","background-repeat":"repeat","background-position":"center center","background-size":"auto","background-attachment":"scroll","background-type":"","background-media":"","overlay-type":"","overlay-color":"","overlay-opacity":"","overlay-gradient":""}},"footnotes":""},"class_list":["post-2911","page","type-page","status-publish","hentry"],"acf":[],"_links":{"self":[{"href":"https:\/\/brdy.com\/fr\/en\/wp-json\/wp\/v2\/pages\/2911","targetHints":{"allow":["GET"]}}],"collection":[{"href":"https:\/\/brdy.com\/fr\/en\/wp-json\/wp\/v2\/pages"}],"about":[{"href":"https:\/\/brdy.com\/fr\/en\/wp-json\/wp\/v2\/types\/page"}],"author":[{"embeddable":true,"href":"https:\/\/brdy.com\/fr\/en\/wp-json\/wp\/v2\/users\/1"}],"replies":[{"embeddable":true,"href":"https:\/\/brdy.com\/fr\/en\/wp-json\/wp\/v2\/comments?post=2911"}],"version-history":[{"count":8,"href":"https:\/\/brdy.com\/fr\/en\/wp-json\/wp\/v2\/pages\/2911\/revisions"}],"predecessor-version":[{"id":3477,"href":"https:\/\/brdy.com\/fr\/en\/wp-json\/wp\/v2\/pages\/2911\/revisions\/3477"}],"wp:attachment":[{"href":"https:\/\/brdy.com\/fr\/en\/wp-json\/wp\/v2\/media?parent=2911"}],"curies":[{"name":"wp","href":"https:\/\/api.w.org\/{rel}","templated":true}]}}