{"id":4974,"date":"2024-07-01T06:38:04","date_gmt":"2024-07-01T04:38:04","guid":{"rendered":"https:\/\/brdy.com\/de\/product\/home-150\/"},"modified":"2024-11-20T13:34:44","modified_gmt":"2024-11-20T12:34:44","slug":"home-150","status":"publish","type":"product","link":"https:\/\/brdy.com\/de\/produkt\/home-150\/","title":{"rendered":"BRDY SUPERFAST"},"content":{"rendered":"<p>Unbegrenztes Satelliten-Internet<\/p>\n","protected":false},"excerpt":{"rendered":"<p>Erleben Sie unvergleichliche Online-Konnektivit\u00e4t mit dem <strong>BRDY SUPERFAST 100<\/strong>. Dieser au\u00dfergew\u00f6hnliche Satelliten-Breitbanddienst bietet blitzschnelle Download-Geschwindigkeiten von bis zu 100 Mbit\/s und ist damit ideal f\u00fcr gr\u00f6\u00dfere Haushalte, Heimb\u00fcros und Vielnutzer, die mehrere Ger\u00e4te gleichzeitig anschlie\u00dfen m\u00fcssen.<\/p>\n<p><strong>BRDY SUPERFAST 100<\/strong> ist eine robuste und zuverl\u00e4ssige L\u00f6sung f\u00fcr den Internetzugang an abgelegenen Standorten. Mit seiner fortschrittlichen Satellitentechnologie \u00fcberbr\u00fcckt er m\u00fchelos die digitale Kluft, wo herk\u00f6mmliche kabelgebundene Verbindungen nicht hinkommen. Die Installation ist einfach und bequem und erfordert keine komplizierte Verdrahtung oder unterirdische Kabelverlegung &#8211; installieren und ausrichten Sie die Sch\u00fcssel (professionell oder zu Hause), schlie\u00dfen Sie ein Kabel an das Modem an, und schon k\u00f6nnen Sie loslegen.<\/p>\n<p>BRDY ist stolz darauf, ein hervorragendes Preis-Leistungs-Verh\u00e4ltnis und Flexibilit\u00e4t zu bieten. Unsere Preisgarantie gew\u00e4hrleistet, dass Sie das bestm\u00f6gliche Angebot erhalten, und unser 30-Tage-Vertrag bietet Ihnen die Flexibilit\u00e4t, sich an Ihre wechselnden Bed\u00fcrfnisse anzupassen. Erleben Sie schon heute die Zukunft des l\u00e4ndlichen Breitbandes mit dem <strong>BRDY SUPERFAST 100<\/strong>.<\/p>\n","protected":false},"featured_media":5120,"comment_status":"closed","ping_status":"closed","template":"","meta":{"_acf_changed":false,"site-sidebar-layout":"default","site-content-layout":"default","ast-site-content-layout":"default","site-content-style":"default","site-sidebar-style":"default","ast-global-header-display":"","ast-banner-title-visibility":"","ast-main-header-display":"","ast-hfb-above-header-display":"","ast-hfb-below-header-display":"","ast-hfb-mobile-header-display":"","site-post-title":"","ast-breadcrumbs-content":"","ast-featured-img":"","footer-sml-layout":"","ast-disable-related-posts":"","theme-transparent-header-meta":"default","adv-header-id-meta":"","stick-header-meta":"","header-above-stick-meta":"","header-main-stick-meta":"","header-below-stick-meta":"","astra-migrate-meta-layouts":"set","ast-page-background-enabled":"default","ast-page-background-meta":{"desktop":{"background-color":"","background-image":"","background-repeat":"repeat","background-position":"center center","background-size":"auto","background-attachment":"scroll","background-type":"","background-media":"","overlay-type":"","overlay-color":"","overlay-opacity":"","overlay-gradient":""},"tablet":{"background-color":"","background-image":"","background-repeat":"repeat","background-position":"center center","background-size":"auto","background-attachment":"scroll","background-type":"","background-media":"","overlay-type":"","overlay-color":"","overlay-opacity":"","overlay-gradient":""},"mobile":{"background-color":"","background-image":"","background-repeat":"repeat","background-position":"center center","background-size":"auto","background-attachment":"scroll","background-type":"","background-media":"","overlay-type":"","overlay-color":"","overlay-opacity":"","overlay-gradient":""}},"ast-content-background-meta":{"desktop":{"background-color":"var(--ast-global-color-5)","background-image":"","background-repeat":"repeat","background-position":"center center","background-size":"auto","background-attachment":"scroll","background-type":"","background-media":"","overlay-type":"","overlay-color":"","overlay-opacity":"","overlay-gradient":""},"tablet":{"background-color":"var(--ast-global-color-5)","background-image":"","background-repeat":"repeat","background-position":"center center","background-size":"auto","background-attachment":"scroll","background-type":"","background-media":"","overlay-type":"","overlay-color":"","overlay-opacity":"","overlay-gradient":""},"mobile":{"background-color":"var(--ast-global-color-5)","background-image":"","background-repeat":"repeat","background-position":"center center","background-size":"auto","background-attachment":"scroll","background-type":"","background-media":"","overlay-type":"","overlay-color":"","overlay-opacity":"","overlay-gradient":""}}},"product_brand":[],"product_cat":[51],"product_tag":[58],"class_list":{"0":"post-4974","1":"product","2":"type-product","3":"status-publish","4":"has-post-thumbnail","6":"product_cat-verpackung-produkt","7":"product_tag-popular-2","8":"desktop-align-left","9":"tablet-align-left","10":"mobile-align-left","12":"first","13":"instock","14":"shipping-taxable","15":"purchasable","16":"product-type-simple"},"acf":[],"_links":{"self":[{"href":"https:\/\/brdy.com\/de\/wp-json\/wp\/v2\/product\/4974","targetHints":{"allow":["GET"]}}],"collection":[{"href":"https:\/\/brdy.com\/de\/wp-json\/wp\/v2\/product"}],"about":[{"href":"https:\/\/brdy.com\/de\/wp-json\/wp\/v2\/types\/product"}],"replies":[{"embeddable":true,"href":"https:\/\/brdy.com\/de\/wp-json\/wp\/v2\/comments?post=4974"}],"wp:featuredmedia":[{"embeddable":true,"href":"https:\/\/brdy.com\/de\/wp-json\/wp\/v2\/media\/5120"}],"wp:attachment":[{"href":"https:\/\/brdy.com\/de\/wp-json\/wp\/v2\/media?parent=4974"}],"wp:term":[{"taxonomy":"product_brand","embeddable":true,"href":"https:\/\/brdy.com\/de\/wp-json\/wp\/v2\/product_brand?post=4974"},{"taxonomy":"product_cat","embeddable":true,"href":"https:\/\/brdy.com\/de\/wp-json\/wp\/v2\/product_cat?post=4974"},{"taxonomy":"product_tag","embeddable":true,"href":"https:\/\/brdy.com\/de\/wp-json\/wp\/v2\/product_tag?post=4974"}],"curies":[{"name":"wp","href":"https:\/\/api.w.org\/{rel}","templated":true}]}}