{"id":4973,"date":"2024-07-01T06:38:04","date_gmt":"2024-07-01T04:38:04","guid":{"rendered":"https:\/\/brdy.com\/de\/product\/brdy-standard-2\/"},"modified":"2024-11-20T13:36:29","modified_gmt":"2024-11-20T12:36:29","slug":"brdy-standard-2","status":"publish","type":"product","link":"https:\/\/brdy.com\/de\/produkt\/brdy-standard-2\/","title":{"rendered":"BRDY STANDARD"},"content":{"rendered":"<p>300 GB Priorit\u00e4tsdaten<\/p>\n","protected":false},"excerpt":{"rendered":"<p>Erleben Sie nahtlose Hochgeschwindigkeits-Online-Verbindungen mit dem Tarif <strong>BRDY STANDARD 50<\/strong>. Entwickelt f\u00fcr vielbesch\u00e4ftigte Haushalte. Dieser Satelliten-Internetzugang bietet beeindruckende Download-Geschwindigkeiten von bis zu 50 Mbit\/s, so dass mehrere Ger\u00e4te gleichzeitig verbunden werden k\u00f6nnen.<\/p>\n<p>Der <strong>BRDY STANDARD 50<\/strong> Tarif zeichnet sich durch seine zuverl\u00e4ssige Verbindung auch an abgelegenen Orten aus. Durch den Einsatz innovativer Satellitentechnologie \u00fcberbr\u00fcckt er die digitale Kluft dort, wo herk\u00f6mmliche kabelgebundene Verbindungen nicht ausreichen. Au\u00dferdem ist die Installation einfach und schnell m\u00f6glich und erfordert keine komplexe Verkabelung oder unterirdische Kabelverlegung.<\/p>\n<p>Mit BRDY erhalten Sie Leistung und Flexibilit\u00e4t. Unsere Preisgarantie und der flexible 30-Tage-Vertrag sorgen daf\u00fcr, dass Sie das beste Angebot ohne langfristige Verpflichtungen erhalten. Verbessern Sie Ihr Interneterlebnis noch heute mit <strong>BRDY STANDARD 50.<\/strong><\/p>\n","protected":false},"featured_media":5120,"comment_status":"closed","ping_status":"closed","template":"","meta":{"_acf_changed":false,"site-sidebar-layout":"default","site-content-layout":"default","ast-site-content-layout":"default","site-content-style":"default","site-sidebar-style":"default","ast-global-header-display":"","ast-banner-title-visibility":"","ast-main-header-display":"","ast-hfb-above-header-display":"","ast-hfb-below-header-display":"","ast-hfb-mobile-header-display":"","site-post-title":"","ast-breadcrumbs-content":"","ast-featured-img":"","footer-sml-layout":"","ast-disable-related-posts":"","theme-transparent-header-meta":"default","adv-header-id-meta":"","stick-header-meta":"","header-above-stick-meta":"","header-main-stick-meta":"","header-below-stick-meta":"","astra-migrate-meta-layouts":"set","ast-page-background-enabled":"default","ast-page-background-meta":{"desktop":{"background-color":"","background-image":"","background-repeat":"repeat","background-position":"center center","background-size":"auto","background-attachment":"scroll","background-type":"","background-media":"","overlay-type":"","overlay-color":"","overlay-opacity":"","overlay-gradient":""},"tablet":{"background-color":"","background-image":"","background-repeat":"repeat","background-position":"center center","background-size":"auto","background-attachment":"scroll","background-type":"","background-media":"","overlay-type":"","overlay-color":"","overlay-opacity":"","overlay-gradient":""},"mobile":{"background-color":"","background-image":"","background-repeat":"repeat","background-position":"center center","background-size":"auto","background-attachment":"scroll","background-type":"","background-media":"","overlay-type":"","overlay-color":"","overlay-opacity":"","overlay-gradient":""}},"ast-content-background-meta":{"desktop":{"background-color":"var(--ast-global-color-5)","background-image":"","background-repeat":"repeat","background-position":"center center","background-size":"auto","background-attachment":"scroll","background-type":"","background-media":"","overlay-type":"","overlay-color":"","overlay-opacity":"","overlay-gradient":""},"tablet":{"background-color":"var(--ast-global-color-5)","background-image":"","background-repeat":"repeat","background-position":"center center","background-size":"auto","background-attachment":"scroll","background-type":"","background-media":"","overlay-type":"","overlay-color":"","overlay-opacity":"","overlay-gradient":""},"mobile":{"background-color":"var(--ast-global-color-5)","background-image":"","background-repeat":"repeat","background-position":"center center","background-size":"auto","background-attachment":"scroll","background-type":"","background-media":"","overlay-type":"","overlay-color":"","overlay-opacity":"","overlay-gradient":""}}},"product_brand":[],"product_cat":[51],"product_tag":[],"class_list":{"0":"post-4973","1":"product","2":"type-product","3":"status-publish","4":"has-post-thumbnail","6":"product_cat-verpackung-produkt","7":"desktop-align-left","8":"tablet-align-left","9":"mobile-align-left","11":"first","12":"instock","13":"shipping-taxable","14":"purchasable","15":"product-type-simple"},"acf":[],"_links":{"self":[{"href":"https:\/\/brdy.com\/de\/wp-json\/wp\/v2\/product\/4973","targetHints":{"allow":["GET"]}}],"collection":[{"href":"https:\/\/brdy.com\/de\/wp-json\/wp\/v2\/product"}],"about":[{"href":"https:\/\/brdy.com\/de\/wp-json\/wp\/v2\/types\/product"}],"replies":[{"embeddable":true,"href":"https:\/\/brdy.com\/de\/wp-json\/wp\/v2\/comments?post=4973"}],"wp:featuredmedia":[{"embeddable":true,"href":"https:\/\/brdy.com\/de\/wp-json\/wp\/v2\/media\/5120"}],"wp:attachment":[{"href":"https:\/\/brdy.com\/de\/wp-json\/wp\/v2\/media?parent=4973"}],"wp:term":[{"taxonomy":"product_brand","embeddable":true,"href":"https:\/\/brdy.com\/de\/wp-json\/wp\/v2\/product_brand?post=4973"},{"taxonomy":"product_cat","embeddable":true,"href":"https:\/\/brdy.com\/de\/wp-json\/wp\/v2\/product_cat?post=4973"},{"taxonomy":"product_tag","embeddable":true,"href":"https:\/\/brdy.com\/de\/wp-json\/wp\/v2\/product_tag?post=4973"}],"curies":[{"name":"wp","href":"https:\/\/api.w.org\/{rel}","templated":true}]}}