{"id":3916,"date":"2023-09-07T12:00:00","date_gmt":"2023-09-07T10:00:00","guid":{"rendered":"https:\/\/brdy.com\/de\/request-a-call-back-package\/"},"modified":"2025-07-17T14:58:04","modified_gmt":"2025-07-17T12:58:04","slug":"request-a-call-back-package","status":"publish","type":"page","link":"https:\/\/brdy.com\/de\/request-a-call-back-package\/","title":{"rendered":"Request a call back package"},"content":{"rendered":"\t\t<div data-elementor-type=\"wp-page\" data-elementor-id=\"3916\" class=\"elementor elementor-3916 elementor-3898\" data-elementor-post-type=\"page\">\n\t\t\t\t\t\t<section class=\"elementor-section elementor-top-section elementor-element elementor-element-c1e9f7e elementor-section-boxed elementor-section-height-default elementor-section-height-default\" data-id=\"c1e9f7e\" data-element_type=\"section\" data-e-type=\"section\">\n\t\t\t\t\t\t<div class=\"elementor-container elementor-column-gap-default\">\n\t\t\t\t\t<div class=\"elementor-column elementor-col-100 elementor-top-column elementor-element elementor-element-6180b8f\" data-id=\"6180b8f\" data-element_type=\"column\" data-e-type=\"column\">\n\t\t\t<div class=\"elementor-widget-wrap elementor-element-populated\">\n\t\t\t\t\t\t<div class=\"elementor-element elementor-element-39e5423 eael-dual-header-content-align-center elementor-widget elementor-widget-eael-dual-color-header\" data-id=\"39e5423\" data-element_type=\"widget\" data-e-type=\"widget\" data-widget_type=\"eael-dual-color-header.default\">\n\t\t\t\t<div class=\"elementor-widget-container\">\n\t\t\t\t\t\t\t\t<div class=\"eael-dual-header\">\n\t\t\t\t<h2 class=\"title eael-dch-title\"><span class=\"eael-dch-title-text eael-dch-title-lead lead solid-color\">R\u00fcckruf <\/span> <span class=\"eael-dch-title-text\">vereinbaren.<\/span><\/h2>\t\t\t<\/div>\n\n\t\t\t\t\t\t<\/div>\n\t\t\t\t<\/div>\n\t\t\t\t<div class=\"elementor-element elementor-element-99f5deb elementor-widget elementor-widget-text-editor\" data-id=\"99f5deb\" data-element_type=\"widget\" data-e-type=\"widget\" data-widget_type=\"text-editor.default\">\n\t\t\t\t<div class=\"elementor-widget-container\">\n\t\t\t\t\t\t\t\t\t<p>Sie sind noch kein Brdy-Kunde? Ben\u00f6tigen Sie Hilfe bei der Tarifauswahl?<br \/>Wir rufen Sie gerne zur\u00fcck &#8211; Bitte f\u00fcllen Sie das untenstehende Formular aus und wir setzen uns schnellstm\u00f6glich mit Ihnen in Verbindung.<\/p>\n\t\t\t\t\t\t\t\t<\/div>\n\t\t\t\t<\/div>\n\t\t\t\t<div class=\"elementor-element elementor-element-7c38d6d elementor-widget elementor-widget-shortcode\" data-id=\"7c38d6d\" data-element_type=\"widget\" data-e-type=\"widget\" data-widget_type=\"shortcode.default\">\n\t\t\t\t<div class=\"elementor-widget-container\">\n\t\t\t\t\t\t\t<div class=\"elementor-shortcode\">\t\t<div data-elementor-type=\"section\" data-elementor-id=\"5491\" class=\"elementor elementor-5491\" data-elementor-post-type=\"elementor_library\">\n\t\t\t\t\t<section class=\"elementor-section elementor-top-section elementor-element elementor-element-65d0f35e elementor-section-boxed elementor-section-height-default elementor-section-height-default\" data-id=\"65d0f35e\" data-element_type=\"section\" data-e-type=\"section\" data-settings=\"{&quot;background_background&quot;:&quot;classic&quot;}\">\n\t\t\t\t\t\t<div class=\"elementor-container elementor-column-gap-default\">\n\t\t\t\t\t<div class=\"elementor-column elementor-col-100 elementor-top-column elementor-element elementor-element-166c8d1a\" data-id=\"166c8d1a\" data-element_type=\"column\" data-e-type=\"column\">\n\t\t\t<div class=\"elementor-widget-wrap elementor-element-populated\">\n\t\t\t\t\t\t<div class=\"elementor-element elementor-element-7a50597f elementor-button-align-center formCustom elementor-widget elementor-widget-form\" data-id=\"7a50597f\" data-element_type=\"widget\" data-e-type=\"widget\" data-settings=\"{&quot;step_next_label&quot;:&quot;Nast\\u0119pny&quot;,&quot;step_previous_label&quot;:&quot;Poprzedni&quot;,&quot;button_width_tablet&quot;:&quot;100&quot;,&quot;step_type&quot;:&quot;none&quot;,&quot;step_icon_shape&quot;:&quot;none&quot;,&quot;button_width&quot;:&quot;100&quot;}\" data-widget_type=\"form.default\">\n\t\t\t\t<div class=\"elementor-widget-container\">\n\t\t\t\t\t\t\t<form class=\"elementor-form\" method=\"post\" id=\"request_a_call_back\" name=\"Request a call back\" aria-label=\"Request a call back\">\n\t\t\t<input type=\"hidden\" name=\"post_id\" value=\"5491\"\/>\n\t\t\t<input type=\"hidden\" name=\"form_id\" value=\"7a50597f\"\/>\n\t\t\t<input type=\"hidden\" name=\"referer_title\" value=\"Connect With Us\" \/>\n\n\t\t\t\t\t\t\t<input type=\"hidden\" name=\"queried_id\" value=\"5509\"\/>\n\t\t\t\n\t\t\t<div class=\"elementor-form-fields-wrapper elementor-labels-above\">\n\t\t\t\t\t\t\t\t<div class=\"elementor-field-type-text elementor-field-group elementor-column elementor-field-group-name elementor-col-50 elementor-field-required\">\n\t\t\t\t\t\t\t\t\t\t\t\t<label for=\"form-field-name\" class=\"elementor-field-label\">\n\t\t\t\t\t\t\t\tVorname\t\t\t\t\t\t\t<\/label>\n\t\t\t\t\t\t\t\t\t\t\t\t\t\t<input size=\"1\" type=\"text\" name=\"form_fields[name]\" id=\"form-field-name\" class=\"elementor-field elementor-size-md  elementor-field-textual\" placeholder=\"Geben Sie Ihren Vornamen ein\" required=\"required\">\n\t\t\t\t\t\t\t\t\t\t\t<\/div>\n\t\t\t\t\t\t\t\t<div class=\"elementor-field-type-text elementor-field-group elementor-column elementor-field-group-field_a7ef86a elementor-col-50 elementor-field-required\">\n\t\t\t\t\t\t\t\t\t\t\t\t<label for=\"form-field-field_a7ef86a\" class=\"elementor-field-label\">\n\t\t\t\t\t\t\t\t Nachname \t\t\t\t\t\t\t<\/label>\n\t\t\t\t\t\t\t\t\t\t\t\t\t\t<input size=\"1\" type=\"text\" name=\"form_fields[field_a7ef86a]\" id=\"form-field-field_a7ef86a\" class=\"elementor-field elementor-size-md  elementor-field-textual\" placeholder=\"Geben Sie Ihren Nachnamen ein\" required=\"required\">\n\t\t\t\t\t\t\t\t\t\t\t<\/div>\n\t\t\t\t\t\t\t\t<div class=\"elementor-field-type-email elementor-field-group elementor-column elementor-field-group-email elementor-col-100 elementor-md-50 elementor-field-required\">\n\t\t\t\t\t\t\t\t\t\t\t\t<label for=\"form-field-email\" class=\"elementor-field-label\">\n\t\t\t\t\t\t\t\t E-Mail Adresse \t\t\t\t\t\t\t<\/label>\n\t\t\t\t\t\t\t\t\t\t\t\t\t\t<input size=\"1\" type=\"email\" name=\"form_fields[email]\" id=\"form-field-email\" class=\"elementor-field elementor-size-md  elementor-field-textual\" placeholder=\"Geben Sie Ihre E-Mail-Adresse ein\" required=\"required\">\n\t\t\t\t\t\t\t\t\t\t\t<\/div>\n\t\t\t\t\t\t\t\t<div class=\"elementor-field-type-tel elementor-field-group elementor-column elementor-field-group-field_5057311 elementor-col-50 elementor-md-50 elementor-field-required\">\n\t\t\t\t\t\t\t\t\t\t\t\t<label for=\"form-field-field_5057311\" class=\"elementor-field-label\">\n\t\t\t\t\t\t\t\t Telefonnummer \t\t\t\t\t\t\t<\/label>\n\t\t\t\t\t\t\t\t<input size=\"1\" type=\"tel\" name=\"form_fields[field_5057311]\" id=\"form-field-field_5057311\" class=\"elementor-field elementor-size-md  elementor-field-textual\" placeholder=\"Geben Sie Ihre Telefonnummer ein\" required=\"required\" pattern=\"[0-9()#&amp;+*-=.]+\" title=\"Nur Nummern oder Telefon-Zeichen (#, -, *, etc) werden akzeptiert.\">\n\n\t\t\t\t\t\t<\/div>\n\t\t\t\t\t\t\t\t<div class=\"elementor-field-type-text elementor-field-group elementor-column elementor-field-group-field_e20feeb elementor-col-50 elementor-field-required\">\n\t\t\t\t\t\t\t\t\t\t\t\t<label for=\"form-field-field_e20feeb\" class=\"elementor-field-label\">\n\t\t\t\t\t\t\t\t Postleitzahl \t\t\t\t\t\t\t<\/label>\n\t\t\t\t\t\t\t\t\t\t\t\t\t\t<input size=\"1\" type=\"text\" name=\"form_fields[field_e20feeb]\" id=\"form-field-field_e20feeb\" class=\"elementor-field elementor-size-md  elementor-field-textual\" placeholder=\"Geben Sie Ihre Postleitzahl ein\" required=\"required\">\n\t\t\t\t\t\t\t\t\t\t\t<\/div>\n\t\t\t\t\t\t\t\t<div class=\"elementor-field-type-textarea elementor-field-group elementor-column elementor-field-group-field_71766c7 elementor-col-100\">\n\t\t\t\t\t\t\t\t\t\t\t\t<label for=\"form-field-field_71766c7\" class=\"elementor-field-label\">\n\t\t\t\t\t\t\t\t Nachricht (optional) \t\t\t\t\t\t\t<\/label>\n\t\t\t\t\t\t<textarea class=\"elementor-field-textual elementor-field  elementor-size-md\" name=\"form_fields[field_71766c7]\" id=\"form-field-field_71766c7\" rows=\"4\" placeholder=\"Ihre Nachricht eingeben\"><\/textarea>\t\t\t\t<\/div>\n\t\t\t\t\t\t\t\t<div class=\"elementor-field-type-acceptance elementor-field-group elementor-column elementor-field-group-field_437af27 elementor-col-100\">\n\t\t\t\t\t\t\t<div class=\"elementor-field-subgroup\">\n\t\t\t<span class=\"elementor-field-option\">\n\t\t\t\t<input type=\"checkbox\" name=\"form_fields[field_437af27]\" id=\"form-field-field_437af27\" class=\"elementor-field elementor-size-md  elementor-acceptance-field\" checked=\"checked\">\n\t\t\t\t<label for=\"form-field-field_437af27\">Ich bin damit einverstanden dass Sie mich \u00fcber letzten Angebote und Tipps von Brdy informieren ( Ihre Personenbezogenen Daten werden nicht weitergegeben gem\u00e4\u00df unseren Allgemeinen Gesch\u00e4ftsbedingungen.)<\/label>\t\t\t<\/span>\n\t\t<\/div>\n\t\t\t\t\t\t<\/div>\n\t\t\t\t\t\t\t\t<div class=\"elementor-field-type-html elementor-field-group elementor-column elementor-field-group-field_b4574a8 elementor-col-100\">\n\t\t\t\t\tIndem Sie uns Ihren Namen und Ihre Telefonnummer mitteilen, erkl\u00e4ren Sie sich damit einverstanden, dass Brdy Ihre personenbezogenen Daten verarbeitet. Die Informationen werden verwendet, um den Bedarf an besserem Internet in Ihrer Nachbarschaft zu ermitteln, und werden sp\u00e4testens nach 6 Monaten gel\u00f6scht. Lesen Sie mehr in unserer Datenschutzrichtlinie.\t\t\t\t<\/div>\n\t\t\t\t\t\t\t\t<div class=\"elementor-field-group elementor-column elementor-field-type-submit elementor-col-100 e-form__buttons elementor-md-100\">\n\t\t\t\t\t<button class=\"elementor-button elementor-size-md\" type=\"submit\">\n\t\t\t\t\t\t<span class=\"elementor-button-content-wrapper\">\n\t\t\t\t\t\t\t\t\t\t\t\t\t\t\t\t\t\t\t\t\t\t<span class=\"elementor-button-text\">Absenden<\/span>\n\t\t\t\t\t\t\t\t\t\t\t\t\t<\/span>\n\t\t\t\t\t<\/button>\n\t\t\t\t<\/div>\n\t\t\t<\/div>\n\t\t<\/form>\n\t\t\t\t\t\t<\/div>\n\t\t\t\t<\/div>\n\t\t\t\t\t<\/div>\n\t\t<\/div>\n\t\t\t\t\t<\/div>\n\t\t<\/section>\n\t\t\t\t<\/div>\n\t\t<\/div>\n\t\t\t\t\t\t<\/div>\n\t\t\t\t<\/div>\n\t\t\t\t<section class=\"elementor-section elementor-inner-section elementor-element elementor-element-016ee95 r_form_cl elementor-hidden-desktop elementor-hidden-tablet elementor-hidden-mobile elementor-section-boxed elementor-section-height-default elementor-section-height-default\" data-id=\"016ee95\" data-element_type=\"section\" data-e-type=\"section\" id=\"shadow-contact\">\n\t\t\t\t\t\t<div class=\"elementor-container elementor-column-gap-default\">\n\t\t\t\t\t<div class=\"elementor-column elementor-col-100 elementor-inner-column elementor-element elementor-element-4c68c63\" data-id=\"4c68c63\" data-element_type=\"column\" data-e-type=\"column\" data-settings=\"{&quot;background_background&quot;:&quot;classic&quot;}\">\n\t\t\t<div class=\"elementor-widget-wrap elementor-element-populated\">\n\t\t\t\t\t\t<div class=\"elementor-element elementor-element-7d9d4ae elementor-widget elementor-widget-shortcode\" data-id=\"7d9d4ae\" data-element_type=\"widget\" data-e-type=\"widget\" data-widget_type=\"shortcode.default\">\n\t\t\t\t<div class=\"elementor-widget-container\">\n\t\t\t\t\t\t\t<div class=\"elementor-shortcode\"><div class=\"elementor-element elementor-element-Rk elementor-button-align-center elementor-widget elementor-widget-form\">\n        <div class=\"elementor-widget-container\">\n            <form class=\"elementor-forms custom-Rk-forms\" method=\"post\" >\n                <input type=\"hidden\" name=\"r_prid\" id=\"r_prid\" value=\"\">\n                <input type=\"hidden\" name=\"r_loc\" id=\"r_loc\" value=\"\">\n                <input type=\"hidden\" name=\"r_prname\" id=\"r_prname\" value=\"\">\n                <input type=\"hidden\" name=\"r_price\" id=\"r_price\" value=\"\">\n                <div class=\"elementor-form-fields-wrapper elementor-labels-above\">\n                    <div class=\"elementor-field-type-text elementor-field-group elementor-column elementor-field-group-name elementor-col-50 elementor-field-required\"> \n                        <label for=\"form-field-name\" class=\"elementor-field-label\"> Vorname <\/label> \n                        <input size=\"1\" type=\"text\" name=\"r_fname\" id=\"r_fname\" class=\"elementor-field elementor-size-sm  elementor-field-textual\" placeholder=\"Geben Sie Ihren Vornamen ein\" required=\"required\" > \n                    <\/div>\n                    <div class=\"elementor-field-type-text elementor-field-group elementor-column elementor-field-group-last elementor-col-50 elementor-field-required\"> \n                        <label for=\"form-field-last\" class=\"elementor-field-label\"> Nachname <\/label> \n                        <input size=\"1\" type=\"text\" name=\"r_lname\" id=\"r_lname\" class=\"elementor-field elementor-size-sm  elementor-field-textual\" placeholder=\"Geben Sie Ihren Nachnamen ein\" required=\"required\" > \n                    <\/div>\n                    <div class=\"elementor-field-type-email elementor-field-group elementor-column elementor-field-group-email elementor-col-50 elementor-field-required\"> \n                        <label for=\"form-field-email\" class=\"elementor-field-label\"> E-Mail Adresse <\/label> \n                        <input size=\"1\" type=\"email\" name=\"r_email\" id=\"r_email\" class=\"elementor-field elementor-size-sm  elementor-field-textual\" placeholder=\"Geben Sie Ihre E-Mail-Adresse ein\" required=\"required\" > \n                    <\/div>\n                    <div class=\"elementor-field-type-tel elementor-field-group elementor-column elementor-field-group-phone elementor-col-50 elementor-field-required\"> \n                        <label for=\"form-field-phone\" class=\"elementor-field-label\"> Telefonnummer <\/label> \n                        <input size=\"1\" type=\"tel\" name=\"r_phone\" id=\"r_phone\" class=\"elementor-field elementor-size-sm  elementor-field-textual\" placeholder=\"Geben Sie Ihre Telefonnummer ein\" required=\"required\"  pattern=\"[0-9()#&amp;+*-=.]+\" title=\"Only numbers and phone characters (#, -, *, etc) are accepted.\"> \n                    <\/div>\n                    <div class=\"elementor-field-type-tel elementor-field-group elementor-column elementor-field-group-postcode elementor-col-50 elementor-field-required\"> \n                        <label for=\"form-field-postcode\" class=\"elementor-field-label\"> Postleitzahl <\/label> \n                        <input type=\"text\" name=\"r_postcode\" id=\"r_postcode\" class=\"elementor-field elementor-size-sm  elementor-field-textual\" placeholder=\"Geben Sie Ihre Postleitzahl ein\" required=\"required\"> \n                    <\/div>\n                    <div class=\"elementor-field-type-textarea elementor-field-group elementor-column elementor-field-group-message elementor-col-100\"> \n                        <label for=\"form-field-message\" class=\"elementor-field-label\"> Nachricht (optional) <\/label> \n                        <textarea class=\"elementor-field-textual elementor-field  elementor-size-sm\" name=\"r_message\" id=\"r_message\" rows=\"6\" placeholder=\"Ihre Nachricht eingeben\"><\/textarea> \n                    <\/div>\n                       <div class=\"elementor-field-type-acceptance elementor-field-group elementor-column elementor-field-group-checkbox elementor-col-100 elementor-field-required\">\n                        <div class=\"elementor-field-subgroup\"> <span class=\"elementor-field-option\"> \n                        <input type=\"checkbox\" name=\"marketing_customer\" id=\"marketing_customer\" class=\"elementor-field elementor-size-sm  elementor-acceptance-field \" value=\"YES\"> \n                        <label for=\"form-field-checkbox\">Ich bin damit einverstanden dass Sie mich \u00fcber letzten Angebote und Tipps von Brdy informieren ( Ihre Personenbezogenen Daten werden nicht weitergegeben gem\u00e4\u00df unseren Allgemeinen Gesch\u00e4ftsbedingungen.)<\/label> <\/span> \n                    <\/div>\n                    <\/div>\n                    <div class=\"elementor-field-type-acceptance elementor-field-group elementor-column elementor-field-group-checkbox elementor-col-100 elementor-field-required\">\n                        <div class=\"elementor-field-subgroup\"> <span class=\"elementor-field-option\"> \n                        <input type=\"checkbox\" name=\"r_checkbox\" id=\"r_checkbox\" class=\"elementor-field elementor-size-sm  elementor-acceptance-field d-none\" checked> \n                        <label for=\"form-field-checkbox\">Indem Sie uns Ihren Namen und Ihre Telefonnummer mitteilen, erkl\u00e4ren Sie sich damit einverstanden, dass Brdy Ihre personenbezogenen Daten verarbeitet. Die Informationen werden verwendet, um den Bedarf an besserem Internet in Ihrer Nachbarschaft zu ermitteln, und werden \nsp\u00e4testens nach 6 Monaten gel\u00f6scht. Lesen Sie mehr in unserer Datenschutzrichtlinie.<\/label> <\/span> \n                    <\/div>\n                    <\/div>\n                    <div class=\"elementor-field-type-hidden elementor-field-group elementor-column elementor-field-group-submit elementor-col-100\"> <input size=\"1\" type=\"hidden\" name=\"form_fields_submit\" id=\"form-field-field_submit\" class=\"elementor-field elementor-size-sm  elementor-field-textual\"> <\/div>\n                    <div class=\"elementor-field-group elementor-column elementor-field-type-submit elementor-col-100 e-form__buttons\"> \n                        <button type=\"submit\" class=\"elementor-button elementor-size-md\" id=\"rform_sub\" name=\"rform_sub\"> <span> \n                            <span class=\" elementor-button-icon\"> <\/span> <span class=\"elementor-button-text\">Absenden<\/span> <\/span> \n                        <\/button> \n                    <\/div>\n                <\/div>\n            <\/form>\n        <\/div>\n    <\/div>\n<\/div>\n\t\t\t\t\t\t<\/div>\n\t\t\t\t<\/div>\n\t\t\t\t\t<\/div>\n\t\t<\/div>\n\t\t\t\t\t<\/div>\n\t\t<\/section>\n\t\t\t\t\t<\/div>\n\t\t<\/div>\n\t\t\t\t\t<\/div>\n\t\t<\/section>\n\t\t\t\t<\/div>\n\t\t","protected":false},"excerpt":{"rendered":"<p>R\u00fcckruf vereinbaren. Sie sind noch kein Brdy-Kunde? Ben\u00f6tigen Sie Hilfe bei der Tarifauswahl?Wir rufen Sie gerne zur\u00fcck &#8211; Bitte f\u00fcllen Sie das untenstehende Formular aus und wir setzen uns schnellstm\u00f6glich mit Ihnen in Verbindung.<\/p>\n","protected":false},"author":1,"featured_media":0,"parent":0,"menu_order":0,"comment_status":"closed","ping_status":"closed","template":"","meta":{"_acf_changed":false,"site-sidebar-layout":"no-sidebar","site-content-layout":"page-builder","ast-site-content-layout":"default","site-content-style":"default","site-sidebar-style":"default","ast-global-header-display":"","ast-banner-title-visibility":"","ast-main-header-display":"","ast-hfb-above-header-display":"","ast-hfb-below-header-display":"","ast-hfb-mobile-header-display":"","site-post-title":"disabled","ast-breadcrumbs-content":"","ast-featured-img":"disabled","footer-sml-layout":"","ast-disable-related-posts":"","theme-transparent-header-meta":"","adv-header-id-meta":"","stick-header-meta":"","header-above-stick-meta":"","header-main-stick-meta":"","header-below-stick-meta":"","astra-migrate-meta-layouts":"set","ast-page-background-enabled":"default","ast-page-background-meta":{"desktop":{"background-color":"","background-image":"","background-repeat":"repeat","background-position":"center center","background-size":"auto","background-attachment":"scroll","background-type":"","background-media":"","overlay-type":"","overlay-color":"","overlay-opacity":"","overlay-gradient":""},"tablet":{"background-color":"","background-image":"","background-repeat":"repeat","background-position":"center center","background-size":"auto","background-attachment":"scroll","background-type":"","background-media":"","overlay-type":"","overlay-color":"","overlay-opacity":"","overlay-gradient":""},"mobile":{"background-color":"","background-image":"","background-repeat":"repeat","background-position":"center center","background-size":"auto","background-attachment":"scroll","background-type":"","background-media":"","overlay-type":"","overlay-color":"","overlay-opacity":"","overlay-gradient":""}},"ast-content-background-meta":{"desktop":{"background-color":"var(--ast-global-color-5)","background-image":"","background-repeat":"repeat","background-position":"center center","background-size":"auto","background-attachment":"scroll","background-type":"","background-media":"","overlay-type":"","overlay-color":"","overlay-opacity":"","overlay-gradient":""},"tablet":{"background-color":"var(--ast-global-color-5)","background-image":"","background-repeat":"repeat","background-position":"center center","background-size":"auto","background-attachment":"scroll","background-type":"","background-media":"","overlay-type":"","overlay-color":"","overlay-opacity":"","overlay-gradient":""},"mobile":{"background-color":"var(--ast-global-color-5)","background-image":"","background-repeat":"repeat","background-position":"center center","background-size":"auto","background-attachment":"scroll","background-type":"","background-media":"","overlay-type":"","overlay-color":"","overlay-opacity":"","overlay-gradient":""}},"footnotes":""},"class_list":["post-3916","page","type-page","status-publish","hentry"],"acf":[],"_links":{"self":[{"href":"https:\/\/brdy.com\/de\/wp-json\/wp\/v2\/pages\/3916","targetHints":{"allow":["GET"]}}],"collection":[{"href":"https:\/\/brdy.com\/de\/wp-json\/wp\/v2\/pages"}],"about":[{"href":"https:\/\/brdy.com\/de\/wp-json\/wp\/v2\/types\/page"}],"author":[{"embeddable":true,"href":"https:\/\/brdy.com\/de\/wp-json\/wp\/v2\/users\/1"}],"replies":[{"embeddable":true,"href":"https:\/\/brdy.com\/de\/wp-json\/wp\/v2\/comments?post=3916"}],"version-history":[{"count":18,"href":"https:\/\/brdy.com\/de\/wp-json\/wp\/v2\/pages\/3916\/revisions"}],"predecessor-version":[{"id":5606,"href":"https:\/\/brdy.com\/de\/wp-json\/wp\/v2\/pages\/3916\/revisions\/5606"}],"wp:attachment":[{"href":"https:\/\/brdy.com\/de\/wp-json\/wp\/v2\/media?parent=3916"}],"curies":[{"name":"wp","href":"https:\/\/api.w.org\/{rel}","templated":true}]}}