{"id":3645,"date":"2023-07-11T13:42:57","date_gmt":"2023-07-11T11:42:57","guid":{"rendered":"https:\/\/brdy.com\/de\/unsere-garantien\/"},"modified":"2023-08-09T16:08:28","modified_gmt":"2023-08-09T14:08:28","slug":"unsere-garantien","status":"publish","type":"page","link":"https:\/\/brdy.com\/de\/unsere-garantien\/","title":{"rendered":"Unsere Garantien"},"content":{"rendered":"\t\t<div data-elementor-type=\"wp-page\" data-elementor-id=\"3645\" class=\"elementor elementor-3645 elementor-2864\" data-elementor-post-type=\"page\">\n\t\t\t\t\t\t<section class=\"elementor-section elementor-top-section elementor-element elementor-element-fde715c elementor-section-boxed elementor-section-height-default elementor-section-height-default\" data-id=\"fde715c\" data-element_type=\"section\" data-e-type=\"section\">\n\t\t\t\t\t\t<div class=\"elementor-container elementor-column-gap-default\">\n\t\t\t\t\t<div class=\"elementor-column elementor-col-100 elementor-top-column elementor-element elementor-element-93f38e2\" data-id=\"93f38e2\" data-element_type=\"column\" data-e-type=\"column\">\n\t\t\t<div class=\"elementor-widget-wrap elementor-element-populated\">\n\t\t\t\t\t\t<div class=\"elementor-element elementor-element-346fccb eael-dual-header-content-align-center elementor-widget elementor-widget-eael-dual-color-header\" data-id=\"346fccb\" data-element_type=\"widget\" data-e-type=\"widget\" data-widget_type=\"eael-dual-color-header.default\">\n\t\t\t\t<div class=\"elementor-widget-container\">\n\t\t\t\t\t\t\t\t<div class=\"eael-dual-header\">\n\t\t\t\t<h2 class=\"title eael-dch-title\"><span class=\"eael-dch-title-text eael-dch-title-lead lead solid-color\">Unsere<\/span> <span class=\"eael-dch-title-text\">Garantien<\/span><\/h2>\t\t\t<\/div>\n\n\t\t\t\t\t\t<\/div>\n\t\t\t\t<\/div>\n\t\t\t\t<div class=\"elementor-element elementor-element-1eba693 elementor-widget elementor-widget-text-editor\" data-id=\"1eba693\" data-element_type=\"widget\" data-e-type=\"widget\" data-widget_type=\"text-editor.default\">\n\t\t\t\t<div class=\"elementor-widget-container\">\n\t\t\t\t\t\t\t\t\t<p>Unser Preisversprechen<\/p>\n\t\t\t\t\t\t\t\t<\/div>\n\t\t\t\t<\/div>\n\t\t\t\t<div class=\"elementor-element elementor-element-2af5aaf elementor-widget elementor-widget-text-editor\" data-id=\"2af5aaf\" data-element_type=\"widget\" data-e-type=\"widget\" data-widget_type=\"text-editor.default\">\n\t\t\t\t<div class=\"elementor-widget-container\">\n\t\t\t\t\t\t\t\t\t<p><strong>Wir sind davon \u00fcberzeugt, dass wir das beste Preis-Leistungs-Verh\u00e4ltnis f\u00fcr Satelliteninternet bieten. Wenn Sie anderswo einen gleichwertigen Dienst f\u00fcr geringere Kosten pro Monat erhalten, werden wir diesen schlagen!  <\/strong><\/p>\n<p><em>Wir werden jede gleichwertige monatliche Geb\u00fchr f\u00fcr ein Satelliten-Breitbandpaket unterbieten. Ausgenommen sind Aktions- oder Einf\u00fchrungspreise sowie die Kosten f\u00fcr Satellitenausr\u00fcstung. Die Preisanpassung liegt in unserem alleinigen Ermessen.   <\/em><\/p>\n\t\t\t\t\t\t\t\t<\/div>\n\t\t\t\t<\/div>\n\t\t\t\t<div class=\"elementor-element elementor-element-9c266b0 elementor-widget elementor-widget-text-editor\" data-id=\"9c266b0\" data-element_type=\"widget\" data-e-type=\"widget\" data-widget_type=\"text-editor.default\">\n\t\t\t\t<div class=\"elementor-widget-container\">\n\t\t\t\t\t\t\t\t\t<p><span class=\"TextRun MacChromeBold SCXW238843474 BCX0\" lang=\"EN-GB\" xml:lang=\"EN-GB\" data-contrast=\"none\"><span class=\"NormalTextRun ContextualSpellingAndGrammarErrorV2Themed SCXW238843474 BCX0\">14 Tage<\/span> <span class=\"NormalTextRun SCXW238843474 BCX0\">Geld-zur\u00fcck-Garantie<\/span><\/span><span class=\"EOP SCXW238843474 BCX0\" data-ccp-props=\"{\"134233117\":true,\"134233118\":true,\"201341983\":0,\"335559739\":160,\"335559740\":240}\"> <\/span><\/p>\n\t\t\t\t\t\t\t\t<\/div>\n\t\t\t\t<\/div>\n\t\t\t\t<div class=\"elementor-element elementor-element-74bf166 elementor-widget elementor-widget-text-editor\" data-id=\"74bf166\" data-element_type=\"widget\" data-e-type=\"widget\" data-widget_type=\"text-editor.default\">\n\t\t\t\t<div class=\"elementor-widget-container\">\n\t\t\t\t\t\t\t\t\t<p><strong>Mit unserer 14-t\u00e4gigen Geld-zur\u00fcck-Garantie haben Sie die Gewissheit, dass Sie Ihren Vertrag innerhalb der ersten 14 Tage problemlos k\u00fcndigen k\u00f6nnen, wenn unser Service nicht Ihren Erwartungen entspricht. <\/strong><\/p>\n<p><em>Sie k\u00f6nnen Ihre Bestellung jederzeit stornieren, bevor Ihr Ger\u00e4t installiert und aktiviert ist. Rufen Sie einfach Ihr Brdy-Kundendienstteam an oder kontaktieren Sie es \u00fcber Ihr My Brdy-Kundenportal.  <\/em><\/p>\n<p><em>Nach der Installation und Aktivierung haben Sie das Recht, Ihre Meinung zu \u00e4ndern und eine R\u00fccknahme zu beantragen. <\/em><\/p>\n<p><em>Im Rahmen unserer 14-t\u00e4gigen Zufriedenheitsgarantie h\u00e4ngt die Abwicklung der R\u00fcckgabe Ihres Satellitenger\u00e4ts vom Status des Ger\u00e4ts und des Dienstes ab und ist im Folgenden zusammengefasst;<\/em><\/p>\n\t\t\t\t\t\t\t\t<\/div>\n\t\t\t\t<\/div>\n\t\t\t\t<div class=\"elementor-element elementor-element-08dc5be elementor-widget elementor-widget-text-editor\" data-id=\"08dc5be\" data-element_type=\"widget\" data-e-type=\"widget\" data-widget_type=\"text-editor.default\">\n\t\t\t\t<div class=\"elementor-widget-container\">\n\t\t\t\t\t\t\t\t\t<table>\n<tbody>\n<tr>\n<td width=\"200\">\n<p>Bezahlte Ausr\u00fcstung<\/p>\n<\/td>\n<td width=\"200\">\n<p>Kunde Nicht erhaltene Ausr\u00fcstung<\/p>\n<\/td>\n<td width=\"200\">\n<p>Volle R\u00fcckerstattung<\/p>\n<\/td>\n<\/tr>\n<tr>\n<td width=\"200\">\n<p>Ausr\u00fcstung deinstalliert<\/p>\n<\/td>\n<td width=\"200\">\n<p>Vom Kunden erhaltene Ger\u00e4te\/ unge\u00f6ffnet<\/p>\n<\/td>\n<td width=\"200\">\n<p>Brdy arrangiert die Abholung der Ausr\u00fcstung\/ volle R\u00fcckerstattung<\/p>\n<\/td>\n<\/tr>\n<tr>\n<td width=\"200\">\n<p>Ausr\u00fcstung deinstalliert<\/p>\n<\/td>\n<td width=\"200\">\n<p>Kunde hat Ger\u00e4t erhalten\/ Er\u00f6ffnet<\/p>\n<\/td>\n<td width=\"200\">\n<p>Die Ausr\u00fcstung wird wieder in die Originalverpackung verpackt\/ Brdy wird die Abholung der Ausr\u00fcstung organisieren\/ Volle R\u00fcckerstattung<\/p>\n<\/td>\n<\/tr>\n<tr>\n<td width=\"200\">\n<p>Installierte\/deaktivierte Ausr\u00fcstung<\/p>\n<\/td>\n<td width=\"200\">\n<p>Professionell installiert\/DIY<\/p>\n<\/td>\n<td width=\"200\">\n<p>Die Ausr\u00fcstung wird wieder in die Originalverpackung verpackt\/ Brdy wird die Abholung der Ausr\u00fcstung organisieren\/ Volle R\u00fcckerstattung<\/p>\n<\/td>\n<\/tr>\n<tr>\n<td width=\"200\">\n<p>Installierte\/aktivierte Ger\u00e4te &lt;14 Tage<\/p>\n<\/td>\n<td width=\"200\">\n<p>Professionell installiert\/DIY<\/p>\n<\/td>\n<td width=\"200\">\n<p>Die Ger\u00e4te werden wieder in die Originalverpackung verpackt\/ Brdy organisiert die Abholung der Ger\u00e4te\/ Vollst\u00e4ndige R\u00fcckerstattung f\u00e4llig\/ Anteilige R\u00fcckerstattung des Datenverbrauchs<\/p>\n<\/td>\n<\/tr>\n<tr>\n<td width=\"200\">\n<p>Installierte\/aktivierte Ger\u00e4te &gt;14 Tage<\/p>\n<\/td>\n<td width=\"200\">\n<p>Professionell installiert\/DIY<\/p>\n<\/td>\n<td width=\"200\">\n<p>Keine Erstattung f\u00e4llig\/ 12-Monats-Vertrag in Kraft<\/p>\n<\/td>\n<\/tr>\n<\/tbody>\n<\/table>\n\t\t\t\t\t\t\t\t<\/div>\n\t\t\t\t<\/div>\n\t\t\t\t<div class=\"elementor-element elementor-element-dfc063e elementor-widget elementor-widget-text-editor\" data-id=\"dfc063e\" data-element_type=\"widget\" data-e-type=\"widget\" data-widget_type=\"text-editor.default\">\n\t\t\t\t<div class=\"elementor-widget-container\">\n\t\t\t\t\t\t\t\t\t<p><em>In any case, you will need to return the Wi-Fi Modem (accompanied by the cables and power supply) within a period of thirty (30) days since the communication of the withdrawal\/termination. Bei Nichtbeachtung wird eine Rechnung ausgestellt. Um Ihr Widerrufsrecht auszu\u00fcben, k\u00f6nnen Sie Ihren Antrag \u00fcber Ihr Kundenportal My Brdy stellen. <\/em><\/p>\n<p><em>Sie k\u00f6nnen auch einen schriftlichen Antrag an dieselbe Adresse senden (beachten Sie aber bitte, dass dieser dieselben Informationen wie das Formular enthalten muss, damit wir Ihren Antrag bearbeiten k\u00f6nnen, d. h. Ihren vollst\u00e4ndigen Namen, die Installationsadresse, den Namen des Pakets, das Aktivierungsdatum Ihres Pakets und vorzugsweise den Grund f\u00fcr Ihre Meinungs\u00e4nderung).<\/em><\/p>\n\t\t\t\t\t\t\t\t<\/div>\n\t\t\t\t<\/div>\n\t\t\t\t\t<\/div>\n\t\t<\/div>\n\t\t\t\t\t<\/div>\n\t\t<\/section>\n\t\t\t\t<section class=\"elementor-section elementor-top-section elementor-element elementor-element-cdaf35e elementor-section-boxed elementor-section-height-default elementor-section-height-default\" data-id=\"cdaf35e\" data-element_type=\"section\" data-e-type=\"section\">\n\t\t\t\t\t\t<div class=\"elementor-container elementor-column-gap-default\">\n\t\t\t\t\t<div class=\"elementor-column elementor-col-100 elementor-top-column elementor-element elementor-element-034b15d\" data-id=\"034b15d\" data-element_type=\"column\" data-e-type=\"column\">\n\t\t\t<div class=\"elementor-widget-wrap\">\n\t\t\t\t\t\t\t<\/div>\n\t\t<\/div>\n\t\t\t\t\t<\/div>\n\t\t<\/section>\n\t\t\t\t<\/div>\n\t\t","protected":false},"excerpt":{"rendered":"<p>Unsere Garantien Unser Preisversprechen Wir sind davon \u00fcberzeugt, dass wir das beste Preis-Leistungs-Verh\u00e4ltnis f\u00fcr Satelliteninternet bieten. Wenn Sie anderswo einen gleichwertigen Dienst f\u00fcr geringere Kosten pro Monat erhalten, werden wir diesen schlagen! Wir werden jede gleichwertige monatliche Geb\u00fchr f\u00fcr ein Satelliten-Breitbandpaket unterbieten. Ausgenommen sind Aktions- oder Einf\u00fchrungspreise sowie die Kosten f\u00fcr Satellitenausr\u00fcstung. Die Preisanpassung liegt [&hellip;]<\/p>\n","protected":false},"author":1,"featured_media":0,"parent":0,"menu_order":0,"comment_status":"closed","ping_status":"closed","template":"","meta":{"_acf_changed":false,"site-sidebar-layout":"no-sidebar","site-content-layout":"page-builder","ast-site-content-layout":"default","site-content-style":"default","site-sidebar-style":"default","ast-global-header-display":"","ast-banner-title-visibility":"","ast-main-header-display":"","ast-hfb-above-header-display":"","ast-hfb-below-header-display":"","ast-hfb-mobile-header-display":"","site-post-title":"disabled","ast-breadcrumbs-content":"","ast-featured-img":"disabled","footer-sml-layout":"","ast-disable-related-posts":"","theme-transparent-header-meta":"","adv-header-id-meta":"","stick-header-meta":"","header-above-stick-meta":"","header-main-stick-meta":"","header-below-stick-meta":"","astra-migrate-meta-layouts":"default","ast-page-background-enabled":"default","ast-page-background-meta":{"desktop":{"background-color":"","background-image":"","background-repeat":"repeat","background-position":"center center","background-size":"auto","background-attachment":"scroll","background-type":"","background-media":"","overlay-type":"","overlay-color":"","overlay-opacity":"","overlay-gradient":""},"tablet":{"background-color":"","background-image":"","background-repeat":"repeat","background-position":"center center","background-size":"auto","background-attachment":"scroll","background-type":"","background-media":"","overlay-type":"","overlay-color":"","overlay-opacity":"","overlay-gradient":""},"mobile":{"background-color":"","background-image":"","background-repeat":"repeat","background-position":"center center","background-size":"auto","background-attachment":"scroll","background-type":"","background-media":"","overlay-type":"","overlay-color":"","overlay-opacity":"","overlay-gradient":""}},"ast-content-background-meta":{"desktop":{"background-color":"var(--ast-global-color-5)","background-image":"","background-repeat":"repeat","background-position":"center center","background-size":"auto","background-attachment":"scroll","background-type":"","background-media":"","overlay-type":"","overlay-color":"","overlay-opacity":"","overlay-gradient":""},"tablet":{"background-color":"var(--ast-global-color-5)","background-image":"","background-repeat":"repeat","background-position":"center center","background-size":"auto","background-attachment":"scroll","background-type":"","background-media":"","overlay-type":"","overlay-color":"","overlay-opacity":"","overlay-gradient":""},"mobile":{"background-color":"var(--ast-global-color-5)","background-image":"","background-repeat":"repeat","background-position":"center center","background-size":"auto","background-attachment":"scroll","background-type":"","background-media":"","overlay-type":"","overlay-color":"","overlay-opacity":"","overlay-gradient":""}},"footnotes":""},"class_list":["post-3645","page","type-page","status-publish","hentry"],"acf":[],"_links":{"self":[{"href":"https:\/\/brdy.com\/de\/wp-json\/wp\/v2\/pages\/3645","targetHints":{"allow":["GET"]}}],"collection":[{"href":"https:\/\/brdy.com\/de\/wp-json\/wp\/v2\/pages"}],"about":[{"href":"https:\/\/brdy.com\/de\/wp-json\/wp\/v2\/types\/page"}],"author":[{"embeddable":true,"href":"https:\/\/brdy.com\/de\/wp-json\/wp\/v2\/users\/1"}],"replies":[{"embeddable":true,"href":"https:\/\/brdy.com\/de\/wp-json\/wp\/v2\/comments?post=3645"}],"version-history":[{"count":1,"href":"https:\/\/brdy.com\/de\/wp-json\/wp\/v2\/pages\/3645\/revisions"}],"predecessor-version":[{"id":3646,"href":"https:\/\/brdy.com\/de\/wp-json\/wp\/v2\/pages\/3645\/revisions\/3646"}],"wp:attachment":[{"href":"https:\/\/brdy.com\/de\/wp-json\/wp\/v2\/media?parent=3645"}],"curies":[{"name":"wp","href":"https:\/\/api.w.org\/{rel}","templated":true}]}}