{"id":3637,"date":"2023-06-27T15:53:09","date_gmt":"2023-06-27T13:53:09","guid":{"rendered":"https:\/\/brdy.com\/de\/technische-faq\/"},"modified":"2023-08-09T15:55:55","modified_gmt":"2023-08-09T13:55:55","slug":"technische-faq","status":"publish","type":"page","link":"https:\/\/brdy.com\/de\/technische-faq\/","title":{"rendered":"Technische FAQ"},"content":{"rendered":"\t\t<div data-elementor-type=\"wp-page\" data-elementor-id=\"3637\" class=\"elementor elementor-3637 elementor-1862\" data-elementor-post-type=\"page\">\n\t\t\t\t\t\t<section class=\"elementor-section elementor-top-section elementor-element elementor-element-3102a0a elementor-section-boxed elementor-section-height-default elementor-section-height-default\" data-id=\"3102a0a\" data-element_type=\"section\" data-e-type=\"section\">\n\t\t\t\t\t\t<div class=\"elementor-container elementor-column-gap-default\">\n\t\t\t\t\t<div class=\"elementor-column elementor-col-100 elementor-top-column elementor-element elementor-element-23a4907\" data-id=\"23a4907\" data-element_type=\"column\" data-e-type=\"column\">\n\t\t\t<div class=\"elementor-widget-wrap elementor-element-populated\">\n\t\t\t\t\t\t<div class=\"elementor-element elementor-element-a7e6db5 eael-dual-header-content-align-center elementor-widget elementor-widget-eael-dual-color-header\" data-id=\"a7e6db5\" data-element_type=\"widget\" data-e-type=\"widget\" data-widget_type=\"eael-dual-color-header.default\">\n\t\t\t\t<div class=\"elementor-widget-container\">\n\t\t\t\t\t\t\t\t<div class=\"eael-dual-header\">\n\t\t\t\t<h2 class=\"title eael-dch-title\"><span class=\"eael-dch-title-text eael-dch-title-lead lead solid-color\">Technische<\/span> <span class=\"eael-dch-title-text\">FAQ<\/span><\/h2>\t\t\t\t\t<span class=\"subtext\"><p>Hier finden Sie Antworten auf die am h\u00e4ufigsten gestellten technischen Fragen.<\/p>\n<\/span>\n\t\t\t\t\t\t\t<\/div>\n\n\t\t\t\t\t\t<\/div>\n\t\t\t\t<\/div>\n\t\t\t\t<div class=\"elementor-element elementor-element-68f6430 elementor-widget elementor-widget-eael-adv-accordion\" data-id=\"68f6430\" data-element_type=\"widget\" data-e-type=\"widget\" data-widget_type=\"eael-adv-accordion.default\">\n\t\t\t\t<div class=\"elementor-widget-container\">\n\t\t\t\t\t            <div class=\"eael-adv-accordion\" id=\"eael-adv-accordion-68f6430\" data-scroll-on-click=\"no\" data-scroll-speed=\"300\" data-accordion-id=\"68f6430\" data-accordion-type=\"toggle\" data-toogle-speed=\"300\">\n            <div class=\"eael-accordion-list\">\n\t\t\t\t\t<div id=\"mein-internet-funktioniert-nicht-mehr-was-soll-ich-tun-\" class=\"elementor-tab-title eael-accordion-header\" tabindex=\"0\" data-tab=\"1\" aria-controls=\"elementor-tab-content-1101\"><span class=\"eael-accordion-tab-title\">Mein Internet funktioniert nicht mehr, was soll ich tun? <\/span><span class=\"eael-advanced-accordion-icon-closed\"><i aria-hidden=\"true\" class=\"fa-accordion-icon fas fa-plus\"><\/i><\/span><span class=\"eael-advanced-accordion-icon-opened\"><i aria-hidden=\"true\" class=\"fa-accordion-icon fas fa-minus\"><\/i><\/span><\/div><div id=\"elementor-tab-content-1101\" class=\"eael-accordion-content clearfix\" data-tab=\"1\" aria-labelledby=\"mein-internet-funktioniert-nicht-mehr-was-soll-ich-tun-\"><p><span>Es gibt mehrere L\u00f6sungsvorschl\u00e4ge, wenn Sie offline sind. Bitte gehen Sie diese Liste durch, bevor Sie uns anrufen: <\/span><span> <\/span><\/p>\n<\/p>\n<p><span>Ausschalten und wieder einschalten<\/span> <br \/><span>Das klingt zwar wie eine Standardantwort der IT-Abteilung, aber Sie werden erstaunt sein, wie oft das funktioniert. Pr\u00fcfen Sie, ob alle Kabel eingesteckt sind. Wenn das Problem dadurch nicht behoben wird, schalten Sie das Modem aus und wieder ein. So gehen Sie bei einem SB2-Modem vor:   <\/span><span> <\/span><\/p>\n<ol>\n<li><span>1. Entfernen Sie die Stromkabel sowohl vom Brdy-Modem als auch vom Wi-Fi-Router eines Drittanbieters.<\/span><span> <\/span><\/li>\n<li><span>2. Schalten Sie das von Brdy gelieferte Modem wieder ein und warten Sie ca. 5 Minuten, bis der Neustart abgeschlossen ist. <\/span><span> <\/span><\/li>\n<li><span>3. Schlie\u00dfen Sie nun den Router des Drittanbieters wieder an die Stromversorgung an, warten Sie 5 Minuten, bis der Neustart abgeschlossen ist, und testen Sie, ob das Wi-Fi jetzt wieder funktioniert.<\/span><span> <\/span><\/li>\n<\/ol>\n<p><span>Bei einem SB2+-Modem ist dies sogar noch einfacher: Ziehen Sie einfach das Netzkabel ab und schlie\u00dfen Sie es wieder an.<\/span><span> <\/span><\/p>\n<p><span>Wenn Sie Ihr Modem innerhalb Ihres Hauses verlegen, kann dies ebenfalls zu Problemen f\u00fchren. Wenn Sie es also verlegt haben, versuchen Sie, es wieder an seinen urspr\u00fcnglichen Standort zur\u00fcckzubringen.<\/span><span> <\/span><\/p>\n<\/p>\n<p><b><span>Entladen Sie die statische Aufladung des Modems<\/span><\/b> <br \/><span>Entladen Sie die statische Aufladung des Modems Mit der Zeit kann sich im Modem statische Energie ansammeln. Das kann dazu f\u00fchren, dass es nicht mehr funktioniert, l\u00e4sst sich aber mit den folgenden Schritten leicht beheben: <\/span><span> <\/span><\/p>\n<ol>\n<li><span>1. Trennen Sie das Modem von der Stromquelle<\/span><span> <\/span><\/li>\n<li><span>2. Ziehen Sie das Ethernet-Kabel vom Modem ab<\/span><span> <\/span><\/li>\n<li><span>3. Ziehen Sie das Koaxialkabel vom Modem ab<\/span><span> <\/span><\/li>\n<li><span>4. Schlie\u00dfen Sie nun das Modem f\u00fcr 10 Sekunden wieder an die Stromquelle an<\/span><span> <\/span><\/li>\n<li><span>5. Trennen Sie das Modem wieder von der Stromquelle<\/span><span> <\/span><\/li>\n<li><span>6. Schlie\u00dfen Sie das Koaxialkabel wieder an das Modem an<\/span><span> <\/span><\/li>\n<li><span>7. Schlie\u00dfen Sie das Ethernet-Kabel wieder an das Modem an<\/span><span> <\/span><\/li>\n<li><span>8. Schlie\u00dfen Sie das Modem wieder an die Stromquelle an<\/span><span> <\/span><\/li>\n<\/ol>\n<p><span>Wenn Sie alle Kabel abziehen und das Netzkabel wieder einstecken, wird die Energie aus den Steckdosen freigesetzt und das Modem funktioniert oft wieder.<\/span><span> <\/span><\/p>\n<\/p>\n<p><b><span>Ersetzen Sie das Router-Ethernetkabel<\/span><\/b> <br \/><span>Wenn Sie ein SB2-Modem und kein SB2+ verwenden, ist das mit einem externen Router \u00fcber ein Ethernet-Kabel verbunden. Wenn Sie also ein anderes Kabel haben, versuchen Sie, dieses zu verwenden, um zu sehen, ob das Ethernet-Kabel das Problem verursacht. <\/span><span> <\/span><\/p>\n<\/p>\n<p><b><span>\u00dcberpr\u00fcfen Sie die Ausrichtung der Sch\u00fcssel<\/span><\/b> <br \/><span>Wetterbedingungen k\u00f6nnen dazu f\u00fchren, dass die Sch\u00fcssel nicht mehr richtig ausgerichtet ist, oder Sie haben sie absichtlich verschoben, wenn Sie Satelliteninternet mit einem Wohnmobil nutzen oder wenn Sie umgezogen sind und das System mitgenommen haben. F\u00fchren Sie die folgenden Schritte aus, um sicherzustellen, dass Ihre Sch\u00fcssel korrekt ausgerichtet ist. <\/span><span> <\/span><\/p>\n<ol>\n<li><span>1. \u00d6ffnen Sie: <\/span><span>Viasat Tech Tools App<\/span><span> <\/span><\/li>\n<li><span>2. Geben Sie die Postleitzahl oder das Gebiet ein, notieren Sie Die Beam-Farbe.<\/span><span> <\/span><\/li>\n<li><span>3. Wenn Sie mit dem von Brdy gelieferten Modem \u00fcber Wi-Fi\/Ethernet verbunden sind, \u00f6ffnen Sie das Browser.<\/span><span> <\/span><\/li>\n<li><span>4. Geben Sie 192.168.100.1\/install ein, w\u00e4hlen Sie die Beam-Farbe und klicken Sie auf next (oder auf den schwarzen Pfeil) <\/span><span> <\/span><\/li>\n<li><span>5. Klicken Sie auf &#8222;Fertig stellen&#8220;, um die Verbindung zum Beam herzustellen, hoffentlich mit einem Signal von 10dB+ SNR.<\/span><span> <\/span><\/li>\n<li><span>6. Das bringt Sie zur 192.168.100.1 Modem-Statusseite 192.168.100.1, die anzeigt, ob es online ist.<\/span><span> <\/span><\/li>\n<li><span>7. Das aktiviert den Prozess der Sch\u00fcsselausrichtung, bei dem der Transceiver auf der Sch\u00fcssel einen *Piepton* ergibt und Sie die Sch\u00fcssel physisch in H\u00f6he und Richtung ausrichten m\u00fcssen.<\/span><span> <\/span><\/li>\n<li><span>8. Wenn Sie kurz davor sind, ein Signal zu empfangen, werden die Piept\u00f6ne schneller, bis die Sch\u00fcssel einen Dauerton abgibt.<\/span><span> <\/span><\/li>\n<li><span>9. Die aktuellen Rx-SNR-Werte auf dem Modem m\u00fcssen mindestens 10 dB oder mehr betragen. Die Sch\u00fcssel ist vollst\u00e4ndig ausgerichtet.<\/span><span> <\/span><\/li>\n<li><span>10. Wenn das SNR-Signal 10 dB oder mehr betr\u00e4gt, klicken Sie auf Fertig stellen.<\/span><span> <\/span><\/li>\n<\/ol>\n<p><span>Wenn diese Ma\u00dfnahmen das Problem nicht l\u00f6sen, wenden Sie sich bitte an uns.<\/span><span> <\/span><\/p>\n<\/div>\n\t\t\t\t\t<\/div><div class=\"eael-accordion-list\">\n\t\t\t\t\t<div id=\"mein-internet-ist-langsam-was-soll-ich-tun-\" class=\"elementor-tab-title eael-accordion-header\" tabindex=\"0\" data-tab=\"2\" aria-controls=\"elementor-tab-content-1102\"><span class=\"eael-accordion-tab-title\">Mein Internet ist langsam, was soll ich tun? <\/span><span class=\"eael-advanced-accordion-icon-closed\"><i aria-hidden=\"true\" class=\"fa-accordion-icon fas fa-plus\"><\/i><\/span><span class=\"eael-advanced-accordion-icon-opened\"><i aria-hidden=\"true\" class=\"fa-accordion-icon fas fa-minus\"><\/i><\/span><\/div><div id=\"elementor-tab-content-1102\" class=\"eael-accordion-content clearfix\" data-tab=\"2\" aria-labelledby=\"mein-internet-ist-langsam-was-soll-ich-tun-\"><p><span>Erstens empfehlen wir Ihnen, Ihren Wi-Fi-Kanal zu \u00e4ndern. Wir haben festgestellt, dass sich viele Probleme durch eine \u00c4nderung des Wi-Fi-Kanals beheben lassen. Der Wi-Fi-Kanal wird normalerweise automatisch eingestellt. Das bedeutet, dass das Modem beim Anschlie\u00dfen den ersten funktionierenden Kanal findet und diesen beibeh\u00e4lt, auch wenn ein anderer Kanal einen schnelleren Dienst bietet. Nach unserer Erfahrung bietet Kanal 11 den schnellsten Dienst.     <\/span><span> <\/span><\/p>\n<p><span>Wenn das nicht hilft, sollten Sie sich ein genaues Bild davon machen, wie langsam Ihr Internet ist. Dazu m\u00fcssen Sie ein spezielles Geschwindigkeitstestprogramm verwenden, da viele Webseiten die Latenzzeiten nicht ber\u00fccksichtigen k\u00f6nnen.  <\/span><span> <\/span><\/p>\n<\/div>\n\t\t\t\t\t<\/div><div class=\"eael-accordion-list\">\n\t\t\t\t\t<div id=\"ich-wei-nicht-warum-die-datenvolumen-fast-aufgebraucht-werden\" class=\"elementor-tab-title eael-accordion-header\" tabindex=\"0\" data-tab=\"3\" aria-controls=\"elementor-tab-content-1103\"><span class=\"eael-accordion-tab-title\">Ich wei\u00df nicht, warum die Datenvolumen fast aufgebraucht werden<\/span><span class=\"eael-advanced-accordion-icon-closed\"><i aria-hidden=\"true\" class=\"fa-accordion-icon fas fa-plus\"><\/i><\/span><span class=\"eael-advanced-accordion-icon-opened\"><i aria-hidden=\"true\" class=\"fa-accordion-icon fas fa-minus\"><\/i><\/span><\/div><div id=\"elementor-tab-content-1103\" class=\"eael-accordion-content clearfix\" data-tab=\"3\" aria-labelledby=\"ich-wei-nicht-warum-die-datenvolumen-fast-aufgebraucht-werden\"><p><span>Es ist schwieriger als Sie denken, Ihre Daten manuell zu verwalten. Aber es gibt Apps, die Ihnen dabei helfen k\u00f6nnen. <\/span><span> <\/span><\/p>\n<\/p>\n<p><a href=\"https:\/\/www.glasswire.com\/\"><span>Glasswire<\/span><\/a> <span>ist f\u00fcr Windows- und Android-Ger\u00e4te die<\/span> <span>empfohlene<\/span> <span>kostenlose<\/span> App<span>.<\/span><span> <\/span><\/p>\n<\/p>\n<p><span>F\u00fcr Apple-Ger\u00e4te k\u00f6nnen Sie die App <\/span><a href=\"https:\/\/www.obdev.at\/products\/littlesnitch\/index.html\"><span>Little Snitch herunterladen<\/span><\/a><span>. Sie ist zwar kostenpflichtig, aber die kostenlose Testversion f\u00fcr 30 Tage sollte ausreichen, um Ihnen einen \u00dcberblick \u00fcber die Nutzung Ihrer Daten zu verschaffen.<\/span><span> <\/span><\/p>\n<\/div>\n\t\t\t\t\t<\/div><div class=\"eael-accordion-list\">\n\t\t\t\t\t<div id=\"wie-schliee-ich-das-sb2-standardmodem-an-mein-eigenes-router-an-\" class=\"elementor-tab-title eael-accordion-header\" tabindex=\"0\" data-tab=\"4\" aria-controls=\"elementor-tab-content-1104\"><span class=\"eael-accordion-tab-title\">Wie schlie\u00dfe ich das SB2-Standardmodem an mein eigenes Router an? <\/span><span class=\"eael-advanced-accordion-icon-closed\"><i aria-hidden=\"true\" class=\"fa-accordion-icon fas fa-plus\"><\/i><\/span><span class=\"eael-advanced-accordion-icon-opened\"><i aria-hidden=\"true\" class=\"fa-accordion-icon fas fa-minus\"><\/i><\/span><\/div><div id=\"elementor-tab-content-1104\" class=\"eael-accordion-content clearfix\" data-tab=\"4\" aria-labelledby=\"wie-schliee-ich-das-sb2-standardmodem-an-mein-eigenes-router-an-\"><p><span>Verlegen Sie einfach ein Lan-Kabel vom Ethernet-Anschluss des Modems zum Wan-Anschluss (sofern m\u00f6glich) des drahtlosen Routers.<\/span><span> <\/span><\/p>\n<p><span>Wenn Sie ein Gesch\u00e4ftskunde mit einer festen IP-Adresse sind, ist der Vorgang etwas komplizierter. Wenden Sie sich zur Enrichtung an unsere technische Abteilung. <\/span><span> <\/span><\/p>\n<\/div>\n\t\t\t\t\t<\/div><div class=\"eael-accordion-list\">\n\t\t\t\t\t<div id=\"ich-habe-mein-wi-fi-passwort-vergessen\" class=\"elementor-tab-title eael-accordion-header\" tabindex=\"0\" data-tab=\"5\" aria-controls=\"elementor-tab-content-1105\"><span class=\"eael-accordion-tab-title\">Ich habe mein Wi-Fi-Passwort vergessen.<\/span><span class=\"eael-advanced-accordion-icon-closed\"><i aria-hidden=\"true\" class=\"fa-accordion-icon fas fa-plus\"><\/i><\/span><span class=\"eael-advanced-accordion-icon-opened\"><i aria-hidden=\"true\" class=\"fa-accordion-icon fas fa-minus\"><\/i><\/span><\/div><div id=\"elementor-tab-content-1105\" class=\"eael-accordion-content clearfix\" data-tab=\"5\" aria-labelledby=\"ich-habe-mein-wi-fi-passwort-vergessen\"><p><span class=\"TextRun SCXW174456441 BCX0\"><span class=\"NormalTextRun SCXW174456441 BCX0\">Keine Sorge, Sie k\u00f6nnen Ihr Modem auf die Werkseinstellungen zur\u00fccksetzen. Dann k\u00f6nnen Sie das auf dem Aufkleber des Modems angegebene Passwort verwenden, um wieder online zu gehen. Dr\u00fccken Sie ungef\u00e4hr 15 Sekunden lang einen spitzen Gegenstand wie einen Stift oder eine Nadel in das Reset-Loch auf der R\u00fcckseite, um das Reset des SB2+-Modems durchzuf\u00fchren. <\/span><\/span><span class=\"EOP SCXW174456441 BCX0\"> <\/span><\/p>\n<\/div>\n\t\t\t\t\t<\/div><div class=\"eael-accordion-list\">\n\t\t\t\t\t<div id=\"ich-habe-ein-upgrade-von-sb2-auf-sb2-durchgefhrt-welches-kabel-soll-verwendet-werden-\" class=\"elementor-tab-title eael-accordion-header\" tabindex=\"0\" data-tab=\"6\" aria-controls=\"elementor-tab-content-1106\"><span class=\"eael-accordion-tab-title\">Ich habe ein Upgrade von SB2 auf SB2+ durchgef\u00fchrt. Welches Kabel soll verwendet werden? <\/span><span class=\"eael-advanced-accordion-icon-closed\"><i aria-hidden=\"true\" class=\"fa-accordion-icon fas fa-plus\"><\/i><\/span><span class=\"eael-advanced-accordion-icon-opened\"><i aria-hidden=\"true\" class=\"fa-accordion-icon fas fa-minus\"><\/i><\/span><\/div><div id=\"elementor-tab-content-1106\" class=\"eael-accordion-content clearfix\" data-tab=\"6\" aria-labelledby=\"ich-habe-ein-upgrade-von-sb2-auf-sb2-durchgefhrt-welches-kabel-soll-verwendet-werden-\"><p><span class=\"TextRun SCXW42578366 BCX0\"><span class=\"NormalTextRun SCXW42578366 BCX0\">Die Verbindungen sind gleich<\/span>. <span class=\"NormalTextRun SCXW42578366 BCX0\">Sie<\/span><span class=\"NormalTextRun SCXW42578366 BCX0\"> brauchen mit SB2+ Modems ein Ethernet-Kabel f\u00fcr die LAN-Anschl\u00fcsse, wenn Sie Ger\u00e4te durch Kabel verbinden m\u00f6chten. Wenn Sie nur die Wi-Fi Funktion benutzen w\u00fcrden, m\u00fcssen Sie kein Ethernet-Kabel zu den LAN-Anschl\u00fcssen   <\/span><span class=\"NormalTextRun SCXW42578366 BCX0\">verbinden<\/span><span class=\"NormalTextRun SCXW42578366 BCX0\">.<\/span><\/span><span class=\"EOP SCXW42578366 BCX0\"> <\/span><\/p>\n<\/div>\n\t\t\t\t\t<\/div><\/div>\t\t\t\t<\/div>\n\t\t\t\t<\/div>\n\t\t\t\t\t<\/div>\n\t\t<\/div>\n\t\t\t\t\t<\/div>\n\t\t<\/section>\n\t\t\t\t<\/div>\n\t\t","protected":false},"excerpt":{"rendered":"<p>Technische FAQ Hier finden Sie Antworten auf die am h\u00e4ufigsten gestellten technischen Fragen. Mein Internet funktioniert nicht mehr, was soll ich tun? Es gibt mehrere L\u00f6sungsvorschl\u00e4ge, wenn Sie offline sind. Bitte gehen Sie diese Liste durch, bevor Sie uns anrufen: Ausschalten und wieder einschalten Das klingt zwar wie eine Standardantwort der IT-Abteilung, aber Sie werden [&hellip;]<\/p>\n","protected":false},"author":1,"featured_media":0,"parent":0,"menu_order":0,"comment_status":"closed","ping_status":"closed","template":"","meta":{"_acf_changed":false,"site-sidebar-layout":"no-sidebar","site-content-layout":"page-builder","ast-site-content-layout":"default","site-content-style":"default","site-sidebar-style":"default","ast-global-header-display":"","ast-banner-title-visibility":"","ast-main-header-display":"","ast-hfb-above-header-display":"","ast-hfb-below-header-display":"","ast-hfb-mobile-header-display":"","site-post-title":"disabled","ast-breadcrumbs-content":"","ast-featured-img":"disabled","footer-sml-layout":"","ast-disable-related-posts":"","theme-transparent-header-meta":"","adv-header-id-meta":"","stick-header-meta":"","header-above-stick-meta":"","header-main-stick-meta":"","header-below-stick-meta":"","astra-migrate-meta-layouts":"default","ast-page-background-enabled":"default","ast-page-background-meta":{"desktop":{"background-color":"","background-image":"","background-repeat":"repeat","background-position":"center center","background-size":"auto","background-attachment":"scroll","background-type":"","background-media":"","overlay-type":"","overlay-color":"","overlay-opacity":"","overlay-gradient":""},"tablet":{"background-color":"","background-image":"","background-repeat":"repeat","background-position":"center center","background-size":"auto","background-attachment":"scroll","background-type":"","background-media":"","overlay-type":"","overlay-color":"","overlay-opacity":"","overlay-gradient":""},"mobile":{"background-color":"","background-image":"","background-repeat":"repeat","background-position":"center center","background-size":"auto","background-attachment":"scroll","background-type":"","background-media":"","overlay-type":"","overlay-color":"","overlay-opacity":"","overlay-gradient":""}},"ast-content-background-meta":{"desktop":{"background-color":"var(--ast-global-color-5)","background-image":"","background-repeat":"repeat","background-position":"center center","background-size":"auto","background-attachment":"scroll","background-type":"","background-media":"","overlay-type":"","overlay-color":"","overlay-opacity":"","overlay-gradient":""},"tablet":{"background-color":"var(--ast-global-color-5)","background-image":"","background-repeat":"repeat","background-position":"center center","background-size":"auto","background-attachment":"scroll","background-type":"","background-media":"","overlay-type":"","overlay-color":"","overlay-opacity":"","overlay-gradient":""},"mobile":{"background-color":"var(--ast-global-color-5)","background-image":"","background-repeat":"repeat","background-position":"center center","background-size":"auto","background-attachment":"scroll","background-type":"","background-media":"","overlay-type":"","overlay-color":"","overlay-opacity":"","overlay-gradient":""}},"footnotes":""},"class_list":["post-3637","page","type-page","status-publish","hentry"],"acf":[],"_links":{"self":[{"href":"https:\/\/brdy.com\/de\/wp-json\/wp\/v2\/pages\/3637","targetHints":{"allow":["GET"]}}],"collection":[{"href":"https:\/\/brdy.com\/de\/wp-json\/wp\/v2\/pages"}],"about":[{"href":"https:\/\/brdy.com\/de\/wp-json\/wp\/v2\/types\/page"}],"author":[{"embeddable":true,"href":"https:\/\/brdy.com\/de\/wp-json\/wp\/v2\/users\/1"}],"replies":[{"embeddable":true,"href":"https:\/\/brdy.com\/de\/wp-json\/wp\/v2\/comments?post=3637"}],"version-history":[{"count":3,"href":"https:\/\/brdy.com\/de\/wp-json\/wp\/v2\/pages\/3637\/revisions"}],"predecessor-version":[{"id":3640,"href":"https:\/\/brdy.com\/de\/wp-json\/wp\/v2\/pages\/3637\/revisions\/3640"}],"wp:attachment":[{"href":"https:\/\/brdy.com\/de\/wp-json\/wp\/v2\/media?parent=3637"}],"curies":[{"name":"wp","href":"https:\/\/api.w.org\/{rel}","templated":true}]}}