{"id":3490,"date":"2023-07-03T09:34:57","date_gmt":"2023-07-03T07:34:57","guid":{"rendered":"https:\/\/brdy.com\/de\/datenvolumen-optimieren\/"},"modified":"2023-07-31T16:03:27","modified_gmt":"2023-07-31T14:03:27","slug":"datenvolumen-optimieren","status":"publish","type":"page","link":"https:\/\/brdy.com\/de\/datenvolumen-optimieren\/","title":{"rendered":"Datenvolumen optimieren"},"content":{"rendered":"\t\t<div data-elementor-type=\"wp-page\" data-elementor-id=\"3490\" class=\"elementor elementor-3490 elementor-2173\" data-elementor-post-type=\"page\">\n\t\t\t\t\t\t<section class=\"elementor-section elementor-top-section elementor-element elementor-element-2709fba elementor-section-boxed elementor-section-height-default elementor-section-height-default\" data-id=\"2709fba\" data-element_type=\"section\" data-e-type=\"section\" data-settings=\"{&quot;background_background&quot;:&quot;classic&quot;}\">\n\t\t\t\t\t\t<div class=\"elementor-container elementor-column-gap-default\">\n\t\t\t\t\t<div class=\"elementor-column elementor-col-100 elementor-top-column elementor-element elementor-element-06f2a20\" data-id=\"06f2a20\" data-element_type=\"column\" data-e-type=\"column\">\n\t\t\t<div class=\"elementor-widget-wrap elementor-element-populated\">\n\t\t\t\t\t\t<section class=\"elementor-section elementor-inner-section elementor-element elementor-element-6e1302e elementor-section-boxed elementor-section-height-default elementor-section-height-default\" data-id=\"6e1302e\" data-element_type=\"section\" data-e-type=\"section\">\n\t\t\t\t\t\t<div class=\"elementor-container elementor-column-gap-default\">\n\t\t\t\t\t<div class=\"elementor-column elementor-col-100 elementor-inner-column elementor-element elementor-element-60d81eb\" data-id=\"60d81eb\" data-element_type=\"column\" data-e-type=\"column\">\n\t\t\t<div class=\"elementor-widget-wrap elementor-element-populated\">\n\t\t\t\t\t\t<div class=\"elementor-element elementor-element-9ca2e82 eael-dual-header-content-align-center elementor-widget elementor-widget-eael-dual-color-header\" data-id=\"9ca2e82\" data-element_type=\"widget\" data-e-type=\"widget\" data-widget_type=\"eael-dual-color-header.default\">\n\t\t\t\t<div class=\"elementor-widget-container\">\n\t\t\t\t\t\t\t\t<div class=\"eael-dual-header\">\n\t\t\t\t<h2 class=\"title eael-dch-title\"><span class=\"eael-dch-title-text eael-dch-title-lead lead solid-color\">Datenvolumen<\/span> <span class=\"eael-dch-title-text\">optimieren<\/span><\/h2>\t\t\t<\/div>\n\n\t\t\t\t\t\t<\/div>\n\t\t\t\t<\/div>\n\t\t\t\t\t<\/div>\n\t\t<\/div>\n\t\t\t\t\t<\/div>\n\t\t<\/section>\n\t\t\t\t<div class=\"elementor-element elementor-element-dd0c362 elementor-widget-divider--view-line elementor-widget elementor-widget-divider\" data-id=\"dd0c362\" data-element_type=\"widget\" data-e-type=\"widget\" data-widget_type=\"divider.default\">\n\t\t\t\t<div class=\"elementor-widget-container\">\n\t\t\t\t\t\t\t<div class=\"elementor-divider\">\n\t\t\t<span class=\"elementor-divider-separator\">\n\t\t\t\t\t\t<\/span>\n\t\t<\/div>\n\t\t\t\t\t\t<\/div>\n\t\t\t\t<\/div>\n\t\t\t\t<div class=\"elementor-element elementor-element-275afc2 elementor-widget elementor-widget-text-editor\" data-id=\"275afc2\" data-element_type=\"widget\" data-e-type=\"widget\" data-widget_type=\"text-editor.default\">\n\t\t\t\t<div class=\"elementor-widget-container\">\n\t\t\t\t\t\t\t\t\t<p><b><span data-contrast=\"none\">Unsere Preise entsprechen den unterschiedlichen Datenvolumen.<\/span><\/b> <br \/><span data-contrast=\"none\">eder Kunde w\u00e4hlt nach den Datenvolumen einen Tarif aus. Kunden, die nur Google oder E-Mails benutzen, verbrauchen wenige Datenvolumen als Familien mit unterschiedlichen Ger\u00e4ten oder kleine Unternehmen. Hiermit finden Sie einige Empfehlungen \u00fcber Datenvolumenverbrauch und die Weisen zu einer efolgreichen Nutzung Ihres Brdy Dienstes.   <\/span><span data-ccp-props=\"{\"134233117\":true,\"134233118\":true,\"201341983\":0,\"335559739\":160,\"335559740\":240}\"> <\/span><\/p>\n<p><b><span data-contrast=\"none\">Typische Nutzungen Ihrer Brdy Breitbandverbindung<\/span><\/b> <br \/><span data-contrast=\"none\">Die untenstehende Tabelle zeigt als Anleitung die Menge der Datenvolumen in Bezug auf typische Aktivit\u00e4ten. Die genaue Menge h\u00e4ngt vom Betriebssystem, Browser und Download ab.<\/span><span data-ccp-props=\"{\"134233117\":true,\"134233118\":true,\"201341983\":0,\"335559739\":160,\"335559740\":240}\"> <\/span><\/p>\n\t\t\t\t\t\t\t\t<\/div>\n\t\t\t\t<\/div>\n\t\t\t\t<div class=\"elementor-element elementor-element-31827d4 elementor-widget elementor-widget-text-editor\" data-id=\"31827d4\" data-element_type=\"widget\" data-e-type=\"widget\" data-widget_type=\"text-editor.default\">\n\t\t\t\t<div class=\"elementor-widget-container\">\n\t\t\t\t\t\t\t\t\t<table style=\"font-weight: 400;\" data-tablestyle=\"MsoNormalTable\" data-tablelook=\"1184\" aria-rowcount=\"11\">\n<tbody>\n<tr aria-rowindex=\"1\">\n<td data-celllook=\"69905\">\n<p><b><span data-contrast=\"auto\">Aktion<\/span><\/b><span data-ccp-props=\"{\"201341983\":0,\"335559739\":0,\"335559740\":240}\"> <\/span><\/p>\n<\/td>\n<td data-celllook=\"69905\">\n<p><b><span data-contrast=\"auto\">Datenvolumen verbraucht<\/span><\/b><span data-ccp-props=\"{\"201341983\":0,\"335559739\":0,\"335559740\":240}\"> <\/span><\/p>\n<\/td>\n<\/tr>\n<tr aria-rowindex=\"2\">\n<td data-celllook=\"69905\">\n<p><span data-contrast=\"none\">E-mail<\/span><span data-ccp-props=\"{\"201341983\":0,\"335559739\":0,\"335559740\":240}\"> <\/span><\/p>\n<\/td>\n<td data-celllook=\"69905\">\n<p><span data-contrast=\"none\">200 E-Mails = 70MB (nach <\/span><span data-ccp-props=\"{\"201341983\":0,\"335559739\":0,\"335559740\":240}\"> <\/span><\/p>\n<p><span data-contrast=\"none\">Anhang)<\/span><span data-ccp-props=\"{\"201341983\":0,\"335559739\":0,\"335559740\":240}\"> <\/span><\/p>\n<\/td>\n<\/tr>\n<tr aria-rowindex=\"3\">\n<td data-celllook=\"69905\">\n<p><span data-contrast=\"none\">VoIP\/Skype<\/span><span data-ccp-props=\"{\"201341983\":0,\"335559739\":0,\"335559740\":240}\"> <\/span><\/p>\n<\/td>\n<td data-celllook=\"69905\">\n<p><span data-contrast=\"none\">Telefonanruf = 0.73 MB\/min<\/span> <br \/><span data-contrast=\"none\">Videoanruf = 2.12 MB\/min<\/span><span data-ccp-props=\"{\"201341983\":0,\"335559739\":0,\"335559740\":240}\"> <\/span><\/p>\n<\/td>\n<\/tr>\n<tr aria-rowindex=\"4\">\n<td data-celllook=\"69905\">\n<p><span data-contrast=\"none\">Web-Browsing<\/span><span data-ccp-props=\"{\"201341983\":0,\"335559739\":0,\"335559740\":240}\"> <\/span><\/p>\n<\/td>\n<td data-celllook=\"69905\">\n<p><span data-contrast=\"none\">20hrs = 1.5GB<\/span><span data-ccp-props=\"{\"201341983\":0,\"335559739\":0,\"335559740\":240}\"> <\/span><\/p>\n<\/td>\n<\/tr>\n<tr aria-rowindex=\"5\">\n<td data-celllook=\"69905\">\n<p><span data-contrast=\"none\">iTunes Musik-Download<\/span><span data-ccp-props=\"{\"201341983\":0,\"335559739\":0,\"335559740\":240}\"> <\/span><\/p>\n<\/td>\n<td data-celllook=\"69905\">\n<p><span data-contrast=\"none\">120MB f\u00fcr Stunde<\/span><span data-ccp-props=\"{\"201341983\":0,\"335559739\":0,\"335559740\":240}\"> <\/span><\/p>\n<\/td>\n<\/tr>\n<tr aria-rowindex=\"6\">\n<td data-celllook=\"69905\">\n<p><span data-contrast=\"none\">Film-Download mit niedriger Aufl\u00f6sung<\/span><span data-ccp-props=\"{\"201341983\":0,\"335559739\":0,\"335559740\":240}\"> <\/span><\/p>\n<\/td>\n<td data-celllook=\"69905\">\n<p><span data-contrast=\"none\">0.75GB f\u00fcr Film<\/span><span data-ccp-props=\"{\"201341983\":0,\"335559739\":0,\"335559740\":240}\"> <\/span><\/p>\n<\/td>\n<\/tr>\n<tr aria-rowindex=\"7\">\n<td data-celllook=\"69905\">\n<p><span data-contrast=\"none\">Hochaufl\u00f6sendes Film-Download<\/span><span data-ccp-props=\"{\"201341983\":0,\"335559739\":0,\"335559740\":240}\"> <\/span><\/p>\n<\/td>\n<td data-celllook=\"69905\">\n<p><span data-contrast=\"none\">3.5-4.5GB f\u00fcr Film<\/span><span data-ccp-props=\"{\"201341983\":0,\"335559739\":0,\"335559740\":240}\"> <\/span><\/p>\n<\/td>\n<\/tr>\n<tr aria-rowindex=\"8\">\n<td data-celllook=\"69905\">\n<p><span data-contrast=\"none\">Spotify<\/span><span data-ccp-props=\"{\"201341983\":0,\"335559739\":0,\"335559740\":240}\"> <\/span><\/p>\n<\/td>\n<td data-celllook=\"69905\">\n<p><span data-contrast=\"none\">7.25hrs = 1GB<\/span><span data-ccp-props=\"{\"201341983\":0,\"335559739\":0,\"335559740\":240}\"> <\/span><\/p>\n<\/td>\n<\/tr>\n<tr aria-rowindex=\"9\">\n<td data-celllook=\"69905\">\n<p><span data-contrast=\"none\">Catch-Up TV<\/span><span data-ccp-props=\"{\"201341983\":0,\"335559739\":0,\"335559740\":240}\"> <\/span><\/p>\n<\/td>\n<td data-celllook=\"69905\">\n<p><span data-contrast=\"none\">Normal 1 Stunde = 0.75GB<\/span> <br \/><span data-contrast=\"none\">HD 1 Stunde = 2.75GB<\/span><span data-ccp-props=\"{\"201341983\":0,\"335559739\":0,\"335559740\":240}\"> <\/span><\/p>\n<\/td>\n<\/tr>\n<tr aria-rowindex=\"10\">\n<td data-celllook=\"69905\">\n<p><span data-contrast=\"none\">Software Aktualisierung<\/span><span data-ccp-props=\"{\"201341983\":0,\"335559739\":0,\"335559740\":240}\"> <\/span><\/p>\n<\/td>\n<td data-celllook=\"69905\">\n<p><span data-contrast=\"none\">Bis zu 5GB<\/span><span data-ccp-props=\"{\"201341983\":0,\"335559739\":0,\"335559740\":240}\"> <\/span><\/p>\n<\/td>\n<\/tr>\n<tr aria-rowindex=\"11\">\n<td data-celllook=\"69905\">\n<p><span data-contrast=\"none\">YouTube\/Netflix\/Online Videos<\/span><span data-ccp-props=\"{\"201341983\":0,\"335559739\":0,\"335559740\":240}\"> <\/span><\/p>\n<\/td>\n<td data-celllook=\"69905\">\n<p><span data-contrast=\"none\">30min = 0.2GB<\/span><span data-ccp-props=\"{\"201341983\":0,\"335559739\":0,\"335559740\":240}\"> <\/span><\/p>\n<\/td>\n<\/tr>\n<\/tbody>\n<\/table>\n\t\t\t\t\t\t\t\t<\/div>\n\t\t\t\t<\/div>\n\t\t\t\t<div class=\"elementor-element elementor-element-0f20897 elementor-widget elementor-widget-text-editor\" data-id=\"0f20897\" data-element_type=\"widget\" data-e-type=\"widget\" data-widget_type=\"text-editor.default\">\n\t\t\t\t<div class=\"elementor-widget-container\">\n\t\t\t\t\t\t\t\t\t<p><b><span data-contrast=\"none\">Tipps von Experten<\/span><\/b> <br \/><span data-contrast=\"none\">Viele unserer Pakete enthalten ein kostenloses, unbegrenztes Nachtzeitkontingent. Diese k\u00f6nnen auch zus\u00e4tzlich gebucht werden und eignen sich hervorragend, um Downloads von Fernsehsendungen oder Filmen zu planen. Der BBC iPlayer verf\u00fcgt \u00fcber ein Tool zur Zeitplanung f\u00fcr diese Zwecke. Sie k\u00f6nnen auch die automatischen Software-Updates abschalten und sie stattdessen nachts durchf\u00fchren. Unser technisches Support-Team hilft Ihnen gerne bei der Einrichtung, rufen Sie es einfach an.    <\/span><span data-ccp-props=\"{\"134233117\":true,\"134233118\":true,\"201341983\":0,\"335559739\":160,\"335559740\":240}\"> <\/span><\/p>\n<p><b><span data-contrast=\"none\">Schalten Sie alle Apps auf allen zum Wi-Fi verbundenen Ger\u00e4ten aus<\/span><\/b> <br \/><span data-contrast=\"none\">Apps k\u00f6nnen uns das Leben sehr erleichtern, aber manche verbrauchen viele Datenvolumen. Wenn Ihre Datenvolumen nicht ausreichen, \u00fcberpr\u00fcfen Sie, welche Apps Ihre Datenvolumen verbrauchen, wenn Sie glauben, dass sich Ihr Telefon oder iPad im Standby-Modus befindet. Wenn Sie dabei Hilfe ben\u00f6tigen, wenden Sie sich an unser technisches Support-Team.  <\/span><span data-ccp-props=\"{\"134233117\":true,\"134233118\":true,\"201341983\":0,\"335559739\":160,\"335559740\":240}\"> <\/span><\/p>\n<p><b><span data-contrast=\"none\">Passen Sie die Streaming-Gewohnheiten Ihres Haushalts an<\/span><\/b> <br \/><span data-contrast=\"none\">TV Streaming oder Videos \u00fcber das Internet verbraucht viele Datenvolumen. Wenn Sie also dieselbe Sendung oder denselben Film \u00fcber terrestrisches oder Satellitenfernsehen ansehen k\u00f6nnen, die Ihre Brdy-Daten nicht verbrauchen, k\u00f6nnen Sie den monatlichen Vebrauch begrenzen. Wenn Sie Probleme mit Ihrem Datenverbrauch haben, stellen viele Familien Hausregeln f\u00fcr YouTube, Netflix und \u00e4hnliche datenintensive Websites auf.  <\/span><span data-ccp-props=\"{\"134233117\":true,\"134233118\":true,\"201341983\":0,\"335559739\":160,\"335559740\":240}\"> <\/span><\/p>\n<p><b><span data-contrast=\"none\">\u00dcberwachen Sie Ihren Datenverbrauch<\/span><\/b> <br \/><span data-contrast=\"none\">Unser Kundenportal zeigt Ihnen, wie viele Daten Sie von Ihrem monatlichen Kontingent verbraucht haben. Wenn Sie sich Sorgen um Ihren Datenverbrauch machen oder die Menge sehen m\u00f6chten, k\u00f6nnen Sie die Werte auf diese Weisen erhalten: <\/span><span data-ccp-props=\"{\"134233117\":true,\"134233118\":true,\"201341983\":0,\"335559739\":160,\"335559740\":240}\"> <\/span><\/p>\n<p><b><span data-contrast=\"none\">Tablets und Mobil mit Android<\/span><\/b> <br \/><span data-contrast=\"none\">Sie k\u00f6nnen die kostenlose App Data Monitor aus Google Play Store herunterladen. Sie k\u00f6nnen mit der App den Datenverbrauch auf dem Ger\u00e4t insgesamt oder nach Anwendungen wie Facebook oder YouTube \u00fcberwachen. <\/span><span data-ccp-props=\"{\"134233117\":true,\"134233118\":true,\"201341983\":0,\"335559739\":160,\"335559740\":240}\"> <\/span><\/p>\n<p><b><span data-contrast=\"none\">iPhones und iPads<\/span><\/b> <br \/><span data-contrast=\"none\">Die App Data Monitor ist speziell f\u00fcr Apple-Produkte gedacht und im App Store erh\u00e4ltlich. Sie bietet eine Aufschl\u00fcsselung des Datenverbrauchs auf dem Ger\u00e4t und eine detailliertere Analyse der Datennutzung nach App. <\/span><span data-ccp-props=\"{\"134233117\":true,\"134233118\":true,\"201341983\":0,\"335559739\":160,\"335559740\":240}\"> <\/span><\/p>\n<p><b><span data-contrast=\"none\">Laptops oder Desktop-Computer<\/span><\/b> <br \/><span data-contrast=\"none\">GlassWire ist ein kostenloser Bandbreitenmonitor, der auf Windows, Linux und Mac OSX l\u00e4uft. Es zeigt Ihre fr\u00fchere und aktuelle Netzwerkaktivit\u00e4t in einem leicht verst\u00e4ndlichen Diagramm an. <\/span><span data-ccp-props=\"{\"134233117\":true,\"134233118\":true,\"201341983\":0,\"335559739\":160,\"335559740\":240}\"> <\/span><\/p>\n<p><b><span data-contrast=\"none\">Sicherheit &amp; lokale Netzwerke<\/span><\/b> <br \/><span data-contrast=\"none\">Wenn Sie das Gef\u00fchl haben, dass Ihre Datenvolumen schneller verbraucht werden, empfehlen wir Ihnen, zu \u00fcberpr\u00fcfen, ob Ihr Wi-Fi-Netzwerk absolut sicher ist und ob Sie ein sicheres Passwort gew\u00e4hlt haben. Auf diese Weise haben Sie die volle Kontrolle und verhindern, dass andere Nutzer Ihre Datenvolumen verbrauchen. <\/span><span data-ccp-props=\"{\"134233117\":true,\"134233118\":true,\"201341983\":0,\"335559739\":160,\"335559740\":240}\"> <\/span><\/p>\n\t\t\t\t\t\t\t\t<\/div>\n\t\t\t\t<\/div>\n\t\t\t\t\t<\/div>\n\t\t<\/div>\n\t\t\t\t\t<\/div>\n\t\t<\/section>\n\t\t\t\t<\/div>\n\t\t","protected":false},"excerpt":{"rendered":"<p>Datenvolumen optimieren Unsere Preise entsprechen den unterschiedlichen Datenvolumen. eder Kunde w\u00e4hlt nach den Datenvolumen einen Tarif aus. Kunden, die nur Google oder E-Mails benutzen, verbrauchen wenige Datenvolumen als Familien mit unterschiedlichen Ger\u00e4ten oder kleine Unternehmen. Hiermit finden Sie einige Empfehlungen \u00fcber Datenvolumenverbrauch und die Weisen zu einer efolgreichen Nutzung Ihres Brdy Dienstes. Typische Nutzungen Ihrer [&hellip;]<\/p>\n","protected":false},"author":1,"featured_media":0,"parent":0,"menu_order":0,"comment_status":"closed","ping_status":"closed","template":"","meta":{"_acf_changed":false,"site-sidebar-layout":"no-sidebar","site-content-layout":"page-builder","ast-site-content-layout":"default","site-content-style":"default","site-sidebar-style":"default","ast-global-header-display":"","ast-banner-title-visibility":"","ast-main-header-display":"","ast-hfb-above-header-display":"","ast-hfb-below-header-display":"","ast-hfb-mobile-header-display":"","site-post-title":"disabled","ast-breadcrumbs-content":"","ast-featured-img":"disabled","footer-sml-layout":"","ast-disable-related-posts":"","theme-transparent-header-meta":"","adv-header-id-meta":"","stick-header-meta":"","header-above-stick-meta":"","header-main-stick-meta":"","header-below-stick-meta":"","astra-migrate-meta-layouts":"default","ast-page-background-enabled":"default","ast-page-background-meta":{"desktop":{"background-color":"","background-image":"","background-repeat":"repeat","background-position":"center center","background-size":"auto","background-attachment":"scroll","background-type":"","background-media":"","overlay-type":"","overlay-color":"","overlay-opacity":"","overlay-gradient":""},"tablet":{"background-color":"","background-image":"","background-repeat":"repeat","background-position":"center center","background-size":"auto","background-attachment":"scroll","background-type":"","background-media":"","overlay-type":"","overlay-color":"","overlay-opacity":"","overlay-gradient":""},"mobile":{"background-color":"","background-image":"","background-repeat":"repeat","background-position":"center center","background-size":"auto","background-attachment":"scroll","background-type":"","background-media":"","overlay-type":"","overlay-color":"","overlay-opacity":"","overlay-gradient":""}},"ast-content-background-meta":{"desktop":{"background-color":"var(--ast-global-color-5)","background-image":"","background-repeat":"repeat","background-position":"center center","background-size":"auto","background-attachment":"scroll","background-type":"","background-media":"","overlay-type":"","overlay-color":"","overlay-opacity":"","overlay-gradient":""},"tablet":{"background-color":"var(--ast-global-color-5)","background-image":"","background-repeat":"repeat","background-position":"center center","background-size":"auto","background-attachment":"scroll","background-type":"","background-media":"","overlay-type":"","overlay-color":"","overlay-opacity":"","overlay-gradient":""},"mobile":{"background-color":"var(--ast-global-color-5)","background-image":"","background-repeat":"repeat","background-position":"center center","background-size":"auto","background-attachment":"scroll","background-type":"","background-media":"","overlay-type":"","overlay-color":"","overlay-opacity":"","overlay-gradient":""}},"footnotes":""},"class_list":["post-3490","page","type-page","status-publish","hentry"],"acf":[],"_links":{"self":[{"href":"https:\/\/brdy.com\/de\/wp-json\/wp\/v2\/pages\/3490","targetHints":{"allow":["GET"]}}],"collection":[{"href":"https:\/\/brdy.com\/de\/wp-json\/wp\/v2\/pages"}],"about":[{"href":"https:\/\/brdy.com\/de\/wp-json\/wp\/v2\/types\/page"}],"author":[{"embeddable":true,"href":"https:\/\/brdy.com\/de\/wp-json\/wp\/v2\/users\/1"}],"replies":[{"embeddable":true,"href":"https:\/\/brdy.com\/de\/wp-json\/wp\/v2\/comments?post=3490"}],"version-history":[{"count":1,"href":"https:\/\/brdy.com\/de\/wp-json\/wp\/v2\/pages\/3490\/revisions"}],"predecessor-version":[{"id":3491,"href":"https:\/\/brdy.com\/de\/wp-json\/wp\/v2\/pages\/3490\/revisions\/3491"}],"wp:attachment":[{"href":"https:\/\/brdy.com\/de\/wp-json\/wp\/v2\/media?parent=3490"}],"curies":[{"name":"wp","href":"https:\/\/api.w.org\/{rel}","templated":true}]}}