{"id":3463,"date":"2023-07-03T09:38:51","date_gmt":"2023-07-03T07:38:51","guid":{"rendered":"https:\/\/brdy.com\/de\/fair-use-policy\/"},"modified":"2024-11-13T15:23:00","modified_gmt":"2024-11-13T14:23:00","slug":"fair-use-policy","status":"publish","type":"page","link":"https:\/\/brdy.com\/de\/fair-use-policy\/","title":{"rendered":"Fair Use Policy"},"content":{"rendered":"\t\t<div data-elementor-type=\"wp-page\" data-elementor-id=\"3463\" class=\"elementor elementor-3463 elementor-2182\" data-elementor-post-type=\"page\">\n\t\t\t\t\t\t<section class=\"elementor-section elementor-top-section elementor-element elementor-element-fde715c elementor-section-boxed elementor-section-height-default elementor-section-height-default\" data-id=\"fde715c\" data-element_type=\"section\" data-e-type=\"section\">\n\t\t\t\t\t\t<div class=\"elementor-container elementor-column-gap-default\">\n\t\t\t\t\t<div class=\"elementor-column elementor-col-100 elementor-top-column elementor-element elementor-element-93f38e2\" data-id=\"93f38e2\" data-element_type=\"column\" data-e-type=\"column\">\n\t\t\t<div class=\"elementor-widget-wrap elementor-element-populated\">\n\t\t\t\t\t\t<div class=\"elementor-element elementor-element-346fccb eael-dual-header-content-align-center elementor-widget elementor-widget-eael-dual-color-header\" data-id=\"346fccb\" data-element_type=\"widget\" data-e-type=\"widget\" data-widget_type=\"eael-dual-color-header.default\">\n\t\t\t\t<div class=\"elementor-widget-container\">\n\t\t\t\t\t\t\t\t<div class=\"eael-dual-header\">\n\t\t\t\t<h2 class=\"title eael-dch-title\"><span class=\"eael-dch-title-text eael-dch-title-lead lead solid-color\">Brdy Fair-Use<\/span> <span class=\"eael-dch-title-text\">Richtlinie<\/span><\/h2>\t\t\t<\/div>\n\n\t\t\t\t\t\t<\/div>\n\t\t\t\t<\/div>\n\t\t\t\t<div class=\"elementor-element elementor-element-e8d8988 elementor-widget elementor-widget-text-editor\" data-id=\"e8d8988\" data-element_type=\"widget\" data-e-type=\"widget\" data-widget_type=\"text-editor.default\">\n\t\t\t\t<div class=\"elementor-widget-container\">\n\t\t\t\t\t\t\t\t\t<p>Brdy-Breitbanddienste werden von Satelliten- und Telekommunikationsnetzbetreibern betrieben, die aus verschiedenen Gr\u00fcnden den Datenfluss \u00fcber ihre Netze verwalten m\u00fcssen, der auch als &#8222;Verkehr&#8220; bezeichnet werden kann. Diese Fair-Use-Richtlinie beschreibt, wie die Netzbetreiber den Datenverkehr in ihren Netzwerken verwalten und Kundendaten basierend auf dem von Ihnen ausgew\u00e4hlten Serviceplan zuweisen und davon abh\u00e4ngen, ob Ihr Datenverkehr Teil eines Priorit\u00e4ts- oder Standarddatenvolumens ist.<\/p><p>Mit dem Abonnement eines Dienstes erkl\u00e4ren Sie sich mit der Brdy Fair Use Policy und den Fair Use Richtlinien, den Netzwerkmanagement-Richtlinien und den Nutzungsrichtlinien der Netzwerkbetreiber einverstanden.<\/p><p>\u00a0<\/p><p><strong>VERN\u00dcNFTIGES NETZWERKMANAGEMENT<\/strong><\/p><ul><li><strong><em>Angebot und Nachfrage in Einklang bringen<\/em><\/strong>. Die Bereitstellung von Breitbanddiensten \u00fcber Satellitennetze ist eine endliche Ressource mit Einschr\u00e4nkungen, die auf der Kapazit\u00e4t des Satellitennetzes basieren, aber alle Telekommunikationsnetze k\u00f6nnen auch mit Problemen mit der Netzwerkkapazit\u00e4t konfrontiert sein. Um die gr\u00f6\u00dftm\u00f6gliche Anzahl von Menschen mit Highspeed-Internet zu versorgen, verwalten die Netzbetreiber ihre einzelnen Netzwerke so, dass sie das Angebot mit der Benutzernachfrage in Einklang bringen, die von Faktoren wie Dienststandort und Nutzungszeit beeinflusst wird.<\/li><li><strong><em>Verkehrsneutralit\u00e4t<\/em><\/strong>. Die Netzbetreiber behandeln den Internetverkehr gleich, ohne Diskriminierung aufgrund von Inhalten, Absendern, Anwendungen oder Diensten. Netzwerkverwaltungspraktiken werden basierend auf technischen Anforderungen f\u00fcr bestimmte Datenverkehrskategorien bereitgestellt. Diese Praktiken werden &#8222;anwendungsunabh\u00e4ngig&#8220; angewendet, was bedeutet, dass die Behandlung des Datenverkehrs unabh\u00e4ngig von den Inhaltsdaten ist.<\/li><li><strong><em>Netzwerkintegrit\u00e4t<\/em><\/strong>. Die Netzbetreiber behalten sich das Recht vor, zus\u00e4tzliche Netzwerkmanagementma\u00dfnahmen zu ergreifen, wenn dies erforderlich ist, um (1) geltende Gesetze einzuhalten, (2) die Integrit\u00e4t und Sicherheit des Netzwerks zu wahren, einschlie\u00dflich, aber nicht beschr\u00e4nkt auf die Analyse von Verkehrsmustern zur Optimierung von Diensten und zur Verhinderung der Verbreitung von Viren oder anderem b\u00f6sartigen Code, und (3) Netzwerk\u00fcberlastungen auf den Diensten zu verhindern oder zu mindern,\u00a0 einschlie\u00dflich der Reduzierung der Geschwindigkeit f\u00fcr einige oder alle Benutzer.<\/li><li><strong><em>Verteilen von Daten auf der Grundlage des Serviceplans<\/em><\/strong>. Die Netzbetreiber versuchen, Daten auf faire und gerechte Weise unter unseren Nutzern zu verteilen, indem sie (1) Netzwerkmanagement-Richtlinien implementieren, wenn die Nachfrage nach Netzwerkressourcen tats\u00e4chlich das Angebot \u00fcbersteigt, und (2) einige Netzbetreiber den Benutzern auch erlauben, zwischen Servicepl\u00e4nen zu verschiedenen Preisen zu w\u00e4hlen, je nachdem, wie viel priorisierter Service f\u00fcr ihre Bed\u00fcrfnisse geeignet ist.<\/li><\/ul><p><strong>FESTE DIENSTLEISTUNGEN<\/strong><\/p><ul><li><strong><em>Priorisierte und depriorisierte Daten<\/em><\/strong>. Abh\u00e4ngig von dem von Ihnen gew\u00e4hlten Serviceplan haben Sie m\u00f6glicherweise eine Zuweisung von Priorit\u00e4tsdaten, die in Ihrer Vereinbarung festgelegt wird. Vorrangige Daten werden gegen\u00fcber anderen Daten priorisiert. Nicht priorisierte Daten werden fair und gerecht unter unseren Nutzern verteilt. Wenn die Bandbreitenmuster dauerhaft die einem typischen Privatnutzer zugewiesenen Bandbreitenmuster \u00fcberschreiten, k\u00f6nnen die Netzbetreiber Netzmanagementma\u00dfnahmen ergreifen, wie z. B. die vor\u00fcbergehende Reduzierung der Geschwindigkeit eines Kunden, um eine \u00dcberlastung der Dienste zu verhindern oder zu mindern. Weitere Informationen zum Verkehrsmanagement finden Sie auf der Website des jeweiligen Netzbetreibers.<\/li><\/ul>\t\t\t\t\t\t\t\t<\/div>\n\t\t\t\t<\/div>\n\t\t\t\t\t<\/div>\n\t\t<\/div>\n\t\t\t\t\t<\/div>\n\t\t<\/section>\n\t\t\t\t<\/div>\n\t\t","protected":false},"excerpt":{"rendered":"<p>Brdy Fair-Use Richtlinie Brdy-Breitbanddienste werden von Satelliten- und Telekommunikationsnetzbetreibern betrieben, die aus verschiedenen Gr\u00fcnden den Datenfluss \u00fcber ihre Netze verwalten m\u00fcssen, der auch als &#8222;Verkehr&#8220; bezeichnet werden kann. Diese Fair-Use-Richtlinie beschreibt, wie die Netzbetreiber den Datenverkehr in ihren Netzwerken verwalten und Kundendaten basierend auf dem von Ihnen ausgew\u00e4hlten Serviceplan zuweisen und davon abh\u00e4ngen, ob Ihr [&hellip;]<\/p>\n","protected":false},"author":1,"featured_media":0,"parent":0,"menu_order":0,"comment_status":"closed","ping_status":"closed","template":"","meta":{"_acf_changed":false,"site-sidebar-layout":"no-sidebar","site-content-layout":"page-builder","ast-site-content-layout":"full-width-container","site-content-style":"unboxed","site-sidebar-style":"unboxed","ast-global-header-display":"","ast-banner-title-visibility":"","ast-main-header-display":"","ast-hfb-above-header-display":"","ast-hfb-below-header-display":"","ast-hfb-mobile-header-display":"","site-post-title":"disabled","ast-breadcrumbs-content":"","ast-featured-img":"disabled","footer-sml-layout":"","ast-disable-related-posts":"","theme-transparent-header-meta":"","adv-header-id-meta":"","stick-header-meta":"","header-above-stick-meta":"","header-main-stick-meta":"","header-below-stick-meta":"","astra-migrate-meta-layouts":"set","ast-page-background-enabled":"default","ast-page-background-meta":{"desktop":{"background-color":"","background-image":"","background-repeat":"repeat","background-position":"center center","background-size":"auto","background-attachment":"scroll","background-type":"","background-media":"","overlay-type":"","overlay-color":"","overlay-opacity":"","overlay-gradient":""},"tablet":{"background-color":"","background-image":"","background-repeat":"repeat","background-position":"center center","background-size":"auto","background-attachment":"scroll","background-type":"","background-media":"","overlay-type":"","overlay-color":"","overlay-opacity":"","overlay-gradient":""},"mobile":{"background-color":"","background-image":"","background-repeat":"repeat","background-position":"center center","background-size":"auto","background-attachment":"scroll","background-type":"","background-media":"","overlay-type":"","overlay-color":"","overlay-opacity":"","overlay-gradient":""}},"ast-content-background-meta":{"desktop":{"background-color":"var(--ast-global-color-5)","background-image":"","background-repeat":"repeat","background-position":"center center","background-size":"auto","background-attachment":"scroll","background-type":"","background-media":"","overlay-type":"","overlay-color":"","overlay-opacity":"","overlay-gradient":""},"tablet":{"background-color":"var(--ast-global-color-5)","background-image":"","background-repeat":"repeat","background-position":"center center","background-size":"auto","background-attachment":"scroll","background-type":"","background-media":"","overlay-type":"","overlay-color":"","overlay-opacity":"","overlay-gradient":""},"mobile":{"background-color":"var(--ast-global-color-5)","background-image":"","background-repeat":"repeat","background-position":"center center","background-size":"auto","background-attachment":"scroll","background-type":"","background-media":"","overlay-type":"","overlay-color":"","overlay-opacity":"","overlay-gradient":""}},"footnotes":""},"class_list":["post-3463","page","type-page","status-publish","hentry"],"acf":[],"_links":{"self":[{"href":"https:\/\/brdy.com\/de\/wp-json\/wp\/v2\/pages\/3463","targetHints":{"allow":["GET"]}}],"collection":[{"href":"https:\/\/brdy.com\/de\/wp-json\/wp\/v2\/pages"}],"about":[{"href":"https:\/\/brdy.com\/de\/wp-json\/wp\/v2\/types\/page"}],"author":[{"embeddable":true,"href":"https:\/\/brdy.com\/de\/wp-json\/wp\/v2\/users\/1"}],"replies":[{"embeddable":true,"href":"https:\/\/brdy.com\/de\/wp-json\/wp\/v2\/comments?post=3463"}],"version-history":[{"count":8,"href":"https:\/\/brdy.com\/de\/wp-json\/wp\/v2\/pages\/3463\/revisions"}],"predecessor-version":[{"id":5334,"href":"https:\/\/brdy.com\/de\/wp-json\/wp\/v2\/pages\/3463\/revisions\/5334"}],"wp:attachment":[{"href":"https:\/\/brdy.com\/de\/wp-json\/wp\/v2\/media?parent=3463"}],"curies":[{"name":"wp","href":"https:\/\/api.w.org\/{rel}","templated":true}]}}