{"id":659,"date":"2023-06-21T06:03:31","date_gmt":"2023-06-21T06:03:31","guid":{"rendered":"https:\/\/dev3.huskycrm.co.uk\/?page_id=659"},"modified":"2024-06-27T13:02:28","modified_gmt":"2024-06-27T11:02:28","slug":"cookies-policy","status":"publish","type":"page","link":"https:\/\/brdy.com\/de\/en\/cookies-policy\/","title":{"rendered":"Cookies Policy"},"content":{"rendered":"\t\t<div data-elementor-type=\"wp-page\" data-elementor-id=\"659\" class=\"elementor elementor-659\" data-elementor-post-type=\"page\">\n\t\t\t\t\t\t<section class=\"elementor-section elementor-top-section elementor-element elementor-element-fde715c elementor-section-boxed elementor-section-height-default elementor-section-height-default\" data-id=\"fde715c\" data-element_type=\"section\" data-e-type=\"section\">\n\t\t\t\t\t\t<div class=\"elementor-container elementor-column-gap-default\">\n\t\t\t\t\t<div class=\"elementor-column elementor-col-100 elementor-top-column elementor-element elementor-element-93f38e2\" data-id=\"93f38e2\" data-element_type=\"column\" data-e-type=\"column\">\n\t\t\t<div class=\"elementor-widget-wrap elementor-element-populated\">\n\t\t\t\t\t\t<div class=\"elementor-element elementor-element-346fccb eael-dual-header-content-align-center elementor-widget elementor-widget-eael-dual-color-header\" data-id=\"346fccb\" data-element_type=\"widget\" data-e-type=\"widget\" data-widget_type=\"eael-dual-color-header.default\">\n\t\t\t\t<div class=\"elementor-widget-container\">\n\t\t\t\t\t\t\t\t<div class=\"eael-dual-header\">\n\t\t\t\t<h2 class=\"title eael-dch-title\"><span class=\"eael-dch-title-text eael-dch-title-lead lead solid-color\">Cookies <\/span> <span class=\"eael-dch-title-text\"><\/span><\/h2>\t\t\t<\/div>\n\n\t\t\t\t\t\t<\/div>\n\t\t\t\t<\/div>\n\t\t\t\t<div class=\"elementor-element elementor-element-86feb58 elementor-widget elementor-widget-text-editor\" data-id=\"86feb58\" data-element_type=\"widget\" data-e-type=\"widget\" data-widget_type=\"text-editor.default\">\n\t\t\t\t<div class=\"elementor-widget-container\">\n\t\t\t\t\t\t\t\t\t<p>Unsere Websites verwenden Cookies, um Informationen auf Ihrem Computer zu speichern. Einige dieser Cookies sind f\u00fcr das Funktionieren unserer Website unerl\u00e4sslich, andere helfen uns, uns zu verbessern, indem sie Aufschluss dar\u00fcber geben, wie unsere Websites genutzt werden.<\/p><p><strong>WEITERGABE UND OFFENLEGUNG VON INFORMATIONEN <\/strong><br \/>Wir k\u00f6nnen Ihre pers\u00f6nlichen Daten an jedes Mitglied unserer Unternehmensgruppe weitergeben, z.B. an unsere Tochtergesellschaften. Wir k\u00f6nnen Ihre Daten an ausgew\u00e4hlte Dritte weitergeben, darunter: &#8211; <br \/>Gesch\u00e4ftspartner, Lieferanten und Subunternehmer f\u00fcr die Erf\u00fcllung von Vertr\u00e4gen: <br \/>&#8211; Euro Broadband Infrastructure S.a.r.l f\u00fcr die Durchf\u00fchrung von Umfragen zur Servicequalit\u00e4t<br \/>&#8211; Kreditauskunfteien zum Zweck der Bewertung Ihrer Kreditw\u00fcrdigkeit, wenn dies eine Bedingung f\u00fcr den Abschluss eines Vertrags mit Ihnen ist <br \/>&#8211; Fachberater und unser benannter Berater und Makler <br \/>&#8211; unser Aktienregisterf\u00fchrer und seine Dienstleister <br \/>&#8211; Finanzvermittler und Kreditgeber <br \/>Wir k\u00f6nnen Ihre Kundendaten an Dritte weitergeben: &#8211; <br \/>Wenn Brdy oder im Wesentlichen alle seine Verm\u00f6genswerte von einem Dritten erworben werden, wobei die personenbezogenen Daten, die wir \u00fcber unsere Kunden besitzen, zu den \u00fcbertragenen Verm\u00f6genswerten geh\u00f6ren, vorbehaltlich der \u00fcblichen Mitteilungen \u00fcber die faire Verarbeitung an Sie <br \/>&#8211; Wenn wir verpflichtet sind, personenbezogene Daten offenzulegen oder weiterzugeben, um einer gesetzlichen Verpflichtung nachzukommen, oder um unsere allgemeinen Gesch\u00e4ftsbedingungen und andere Vereinbarungen durchzusetzen oder anzuwenden; oder um die Rechte, das Eigentum oder die Sicherheit von Brdy, unseren Kunden oder anderen zu sch\u00fctzen. Dies schlie\u00dft den Austausch von Informationen mit anderen Unternehmen und Organisationen zum Zwecke des Schutzes vor Betrug und der Reduzierung von Kreditrisiken ein <br \/>&#8211; wenn wir auf gerichtliche Vorladungen, Gerichtsbeschl\u00fcsse oder andere rechtliche Verfahren reagieren m\u00fcssen<\/p><p><strong>WO WIR DATEN SPEICHERN UND IHRE RECHTE <\/strong><br \/>Die Daten, die wir von Ihnen erheben, werden in erster Linie im Vereinigten K\u00f6nigreich Gro\u00dfbritannien gespeichert und verwaltet, k\u00f6nnen aber auch an einen Ort au\u00dferhalb des Europ\u00e4ischen Wirtschaftsraums (&#8220;EWR&#8221;) \u00fcbermittelt und dort gespeichert werden. Sie k\u00f6nnen auch von Mitarbeitern au\u00dferhalb des EWR verarbeitet werden, die f\u00fcr uns oder einen unserer Lieferanten arbeiten. Diese Mitarbeiter k\u00f6nnen unter anderem mit der Erf\u00fcllung Ihrer Bestellung, der Verarbeitung Ihrer Zahlungsdaten und der Bereitstellung von Supportleistungen besch\u00e4ftigt sein. Wir werden alle angemessenen Ma\u00dfnahmen ergreifen, um sicherzustellen, dass Ihre Daten sicher und in \u00dcbereinstimmung mit dieser Datenschutzrichtlinie behandelt werden. Die \u00dcbertragung und Speicherung von personenbezogenen Daten au\u00dferhalb des EWR erfolgt unter Einhaltung der geltenden Datenschutzgesetze.<\/p><p>Alle Informationen, die Sie uns zur Verf\u00fcgung stellen, werden auf sicheren Servern gespeichert. Alle Zahlungstransaktionen werden mit der SSL-Technologie verschl\u00fcsselt. Wenn wir Ihnen ein Passwort gegeben haben (oder Sie ein solches gew\u00e4hlt haben), das Ihnen den Zugang zu bestimmten Teilen unserer Website erm\u00f6glicht, sind Sie daf\u00fcr verantwortlich, dieses Passwort geheim zu halten. Sie sollten ein Passwort nicht an andere weitergeben.<\/p><p>Leider ist die \u00dcbertragung von Informationen \u00fcber das Internet nicht v\u00f6llig sicher. Obwohl wir unser Bestes tun, um Ihre pers\u00f6nlichen Daten zu sch\u00fctzen, k\u00f6nnen wir die Sicherheit Ihrer an unsere Website \u00fcbermittelten Daten nicht garantieren; jede \u00dcbertragung erfolgt auf Ihr eigenes Risiko. Sobald wir Ihre Daten erhalten haben, werden wir strenge Verfahren und Sicherheitsvorkehrungen anwenden, um einen unbefugten Zugriff zu verhindern.<\/p><p>Unsere Website kann von Zeit zu Zeit Links zu und von den Websites unserer Partnernetzwerke, Werbetreibenden und angeschlossenen Unternehmen enthalten. Wenn Sie einem Link zu einer dieser Websites folgen, beachten Sie bitte, dass diese Websites ihre eigenen Datenschutzrichtlinien haben und dass wir keine Verantwortung oder Haftung f\u00fcr diese Richtlinien \u00fcbernehmen. Bitte \u00fcberpr\u00fcfen Sie diese Richtlinien, bevor Sie pers\u00f6nliche oder vertrauliche Daten an diese Websites \u00fcbermitteln.<\/p><p>Brdy ergreift alle angemessenen Vorsichtsma\u00dfnahmen, um die Daten der Nutzer sowohl online als auch offline zu sch\u00fctzen.<br \/>\u00a0Wir verkn\u00fcpfen keine pers\u00f6nlich identifizierbaren Informationen mit erhaltenen Verwaltungsinformationen.<br \/>\u00a0Wir kaufen keine anderen Informationen, die mit Ihren personenbezogenen Daten verkn\u00fcpft werden k\u00f6nnen, \u00fcber die wir verf\u00fcgen.<\/p><p><strong>IHRE RECHTE <\/strong><br \/>Sie haben die folgenden Rechte, die Sie kostenlos wahrnehmen k\u00f6nnen:<\/p><p>Sie k\u00f6nnen von uns verlangen, dass wir:<\/p><p>-Ihnen eine Kopie der personenbezogenen Daten, die Sie uns zur Verf\u00fcgung gestellt haben, in einem strukturierten, g\u00e4ngigen und maschinenlesbaren Format zur Verf\u00fcgung zu stellen und\/oder diese Daten an einen Dritten zu \u00fcbermitteln &#8211; in bestimmten Situationen eine Kopie Ihrer personenbezogenen Daten zur Verf\u00fcgung zu stellen (Auskunftsrecht) <br \/>&#8211; Fehler in Ihren personenbezogenen Daten zu korrigieren <br \/>&#8211; in bestimmten Situationen Ihre personenbezogenen Daten zu l\u00f6schen <br \/>&#8211; in bestimmten Situationen die Verarbeitung Ihrer personenbezogenen Daten einzuschr\u00e4nken, z. B. wenn Sie die Richtigkeit der Daten bestreiten <br \/>k\u00f6nnen Sie widersprechen:<br \/>&#8211; jederzeit gegen die Verarbeitung Ihrer personenbezogenen Daten zu Zwecken des Direktmarketings (einschlie\u00dflich Profiling); <br \/>&#8211; in bestimmten anderen Situationen gegen die weitere Verarbeitung Ihrer personenbezogenen Daten, z. B. wenn diese zur Wahrung unserer berechtigten Interessen erfolgt. <br \/>Sie haben auch das Recht, sich bei der Aufsichtsbeh\u00f6rde in der Europ\u00e4ischen Union zu beschweren, in der Sie arbeiten, normalerweise leben oder in der ein angeblicher Versto\u00df gegen die Datenschutzgesetze stattgefunden hat. Die Aufsichtsbeh\u00f6rde in Deutschland ist der <em>Bundesbeauftragte f\u00fcr den Datenschutz und die Informationsfreiheit<\/em> ( <em>BfDI<\/em> ), der unter Telefon: +49(0)228 997799-0 oder E-Mail: poststelle@bfdi.bund.de erreicht werden kann.<br \/>Wenn wir Ihre personenbezogenen Daten auf der Grundlage Ihrer Einwilligung verarbeiten, k\u00f6nnen Sie diese jederzeit widerrufen. <br \/>Wenn Sie eines dieser Rechte aus\u00fcben m\u00f6chten, senden Sie uns bitte eine E-Mail an dsgvo@brdyservice.de. <br \/>Ihr Widerspruch (oder der Widerruf Ihrer Einwilligung) kann dazu f\u00fchren, dass wir die von Ihnen angeforderten Dienstleistungen nicht erbringen k\u00f6nnen oder dass Sie die von uns angebotenen Dienstleistungen nicht nutzen k\u00f6nnen. Wir werden Sie dar\u00fcber informieren, wenn dies der Fall ist. Auch wenn Sie Ihre Einwilligung widerrufen, k\u00f6nnen wir unter bestimmten Umst\u00e4nden Ihre personenbezogenen Daten weiterverarbeiten, wenn dies gesetzlich vorgeschrieben oder zul\u00e4ssig ist oder zur Aus\u00fcbung oder Verteidigung unserer gesetzlichen Rechte oder zur Erf\u00fcllung unserer rechtlichen und beh\u00f6rdlichen Verpflichtungen.<\/p>\t\t\t\t\t\t\t\t<\/div>\n\t\t\t\t<\/div>\n\t\t\t\t\t<\/div>\n\t\t<\/div>\n\t\t\t\t\t<\/div>\n\t\t<\/section>\n\t\t\t\t<section class=\"elementor-section elementor-top-section elementor-element elementor-element-48b4908 elementor-hidden-desktop elementor-hidden-tablet elementor-hidden-mobile elementor-section-boxed elementor-section-height-default elementor-section-height-default\" data-id=\"48b4908\" data-element_type=\"section\" data-e-type=\"section\" data-settings=\"{&quot;background_background&quot;:&quot;classic&quot;}\">\n\t\t\t\t\t\t<div class=\"elementor-container elementor-column-gap-default\">\n\t\t\t\t\t<div class=\"elementor-column elementor-col-100 elementor-top-column elementor-element elementor-element-90a59e5\" data-id=\"90a59e5\" data-element_type=\"column\" data-e-type=\"column\">\n\t\t\t<div class=\"elementor-widget-wrap elementor-element-populated\">\n\t\t\t\t\t\t<div class=\"elementor-element elementor-element-d6f1101 elementor-widget elementor-widget-text-editor\" data-id=\"d6f1101\" data-element_type=\"widget\" data-e-type=\"widget\" data-widget_type=\"text-editor.default\">\n\t\t\t\t<div class=\"elementor-widget-container\">\n\t\t\t\t\t\t\t\t\t<p class=\"mb-0\">Receive our best offers and news<\/p>\t\t\t\t\t\t\t\t<\/div>\n\t\t\t\t<\/div>\n\t\t\t\t<section class=\"elementor-section elementor-inner-section elementor-element elementor-element-4467200 elementor-hidden-mobile elementor-section-boxed elementor-section-height-default elementor-section-height-default\" data-id=\"4467200\" data-element_type=\"section\" data-e-type=\"section\">\n\t\t\t\t\t\t<div class=\"elementor-container elementor-column-gap-default\">\n\t\t\t\t\t<div class=\"elementor-column elementor-col-33 elementor-inner-column elementor-element elementor-element-9ed3321\" data-id=\"9ed3321\" data-element_type=\"column\" data-e-type=\"column\">\n\t\t\t<div class=\"elementor-widget-wrap\">\n\t\t\t\t\t\t\t<\/div>\n\t\t<\/div>\n\t\t\t\t<div class=\"elementor-column elementor-col-33 elementor-inner-column elementor-element elementor-element-6532477\" data-id=\"6532477\" data-element_type=\"column\" data-e-type=\"column\">\n\t\t\t<div class=\"elementor-widget-wrap elementor-element-populated\">\n\t\t\t\t\t\t<div class=\"elementor-element elementor-element-a04190b elementor-button-align-start elementor-widget__width-inherit elementor-mobile-button-align-center elementor-widget elementor-widget-form\" data-id=\"a04190b\" data-element_type=\"widget\" data-e-type=\"widget\" id=\"form-id-box\" data-settings=\"{&quot;button_width&quot;:&quot;30&quot;,&quot;step_next_label&quot;:&quot;Next&quot;,&quot;step_previous_label&quot;:&quot;Previous&quot;,&quot;step_type&quot;:&quot;none&quot;,&quot;step_icon_shape&quot;:&quot;circle&quot;}\" data-widget_type=\"form.default\">\n\t\t\t\t<div class=\"elementor-widget-container\">\n\t\t\t\t\t\t\t<form class=\"elementor-form\" method=\"post\" name=\"Neue Form\" aria-label=\"Neue Form\">\n\t\t\t<input type=\"hidden\" name=\"post_id\" value=\"659\"\/>\n\t\t\t<input type=\"hidden\" name=\"form_id\" value=\"a04190b\"\/>\n\t\t\t<input type=\"hidden\" name=\"referer_title\" value=\"Cookies Policy\" \/>\n\n\t\t\t\t\t\t\t<input type=\"hidden\" name=\"queried_id\" value=\"659\"\/>\n\t\t\t\n\t\t\t<div class=\"elementor-form-fields-wrapper elementor-labels-\">\n\t\t\t\t\t\t\t\t<div class=\"elementor-field-type-email elementor-field-group elementor-column elementor-field-group-name elementor-col-70 elementor-field-required\">\n\t\t\t\t\t\t\t\t\t\t\t\t\t<input size=\"1\" type=\"email\" name=\"form_fields[name]\" id=\"form-field-name\" class=\"elementor-field elementor-size-sm  elementor-field-textual\" required=\"required\">\n\t\t\t\t\t\t\t\t\t\t\t<\/div>\n\t\t\t\t\t\t\t\t<div class=\"elementor-field-type-acceptance elementor-field-group elementor-column elementor-field-group-field_91dc295 elementor-col-100 elementor-field-required\">\n\t\t\t\t\t\t\t<div class=\"elementor-field-subgroup\">\n\t\t\t<span class=\"elementor-field-option\">\n\t\t\t\t<input type=\"checkbox\" name=\"form_fields[field_91dc295]\" id=\"form-field-field_91dc295\" class=\"elementor-field elementor-size-sm  elementor-acceptance-field\" required=\"required\">\n\t\t\t\t<label for=\"form-field-field_91dc295\">I have read and I agree to  <a href=\"https:\/\/brdy.com\/de\/en\/privacy-policy\/\">Privacy Policy.<\/a><\/label>\t\t\t<\/span>\n\t\t<\/div>\n\t\t\t\t\t\t<\/div>\n\t\t\t\t\t\t\t\t<div class=\"elementor-field-group elementor-column elementor-field-type-submit elementor-col-30 e-form__buttons\">\n\t\t\t\t\t<button class=\"elementor-button elementor-size-sm\" type=\"submit\">\n\t\t\t\t\t\t<span class=\"elementor-button-content-wrapper\">\n\t\t\t\t\t\t\t\t\t\t\t\t\t\t\t\t\t\t\t\t\t\t<span class=\"elementor-button-text\">SIGN UP<\/span>\n\t\t\t\t\t\t\t\t\t\t\t\t\t<\/span>\n\t\t\t\t\t<\/button>\n\t\t\t\t<\/div>\n\t\t\t<\/div>\n\t\t<\/form>\n\t\t\t\t\t\t<\/div>\n\t\t\t\t<\/div>\n\t\t\t\t\t<\/div>\n\t\t<\/div>\n\t\t\t\t<div class=\"elementor-column elementor-col-33 elementor-inner-column elementor-element elementor-element-4187b10\" data-id=\"4187b10\" data-element_type=\"column\" data-e-type=\"column\">\n\t\t\t<div class=\"elementor-widget-wrap\">\n\t\t\t\t\t\t\t<\/div>\n\t\t<\/div>\n\t\t\t\t\t<\/div>\n\t\t<\/section>\n\t\t\t\t\t<\/div>\n\t\t<\/div>\n\t\t\t\t\t<\/div>\n\t\t<\/section>\n\t\t\t\t<section class=\"elementor-section elementor-top-section elementor-element elementor-element-189ae5a elementor-section-full_width elementor-section-height-default elementor-section-height-default\" data-id=\"189ae5a\" data-element_type=\"section\" data-e-type=\"section\">\n\t\t\t\t\t\t<div class=\"elementor-container elementor-column-gap-default\">\n\t\t\t\t\t<div class=\"elementor-column elementor-col-100 elementor-top-column elementor-element elementor-element-0324d9a\" data-id=\"0324d9a\" data-element_type=\"column\" data-e-type=\"column\">\n\t\t\t<div class=\"elementor-widget-wrap elementor-element-populated\">\n\t\t\t\t\t\t<div class=\"elementor-element elementor-element-123de50 elementor-widget elementor-widget-shortcode\" data-id=\"123de50\" data-element_type=\"widget\" data-e-type=\"widget\" data-widget_type=\"shortcode.default\">\n\t\t\t\t<div class=\"elementor-widget-container\">\n\t\t\t\t\t\t\t<div class=\"elementor-shortcode\">\t\t<div data-elementor-type=\"section\" data-elementor-id=\"4830\" class=\"elementor elementor-4830\" data-elementor-post-type=\"elementor_library\">\n\t\t\t\t\t<section class=\"elementor-section elementor-top-section elementor-element elementor-element-c020a4c elementor-section-boxed elementor-section-height-default elementor-section-height-default\" data-id=\"c020a4c\" data-element_type=\"section\" data-e-type=\"section\" data-settings=\"{&quot;background_background&quot;:&quot;classic&quot;}\">\n\t\t\t\t\t\t<div class=\"elementor-container elementor-column-gap-default\">\n\t\t\t\t\t<div class=\"elementor-column elementor-col-100 elementor-top-column elementor-element elementor-element-d213f17\" data-id=\"d213f17\" data-element_type=\"column\" data-e-type=\"column\">\n\t\t\t<div class=\"elementor-widget-wrap elementor-element-populated\">\n\t\t\t\t\t\t<div class=\"elementor-element elementor-element-6824bef elementor-widget elementor-widget-text-editor\" data-id=\"6824bef\" data-element_type=\"widget\" data-e-type=\"widget\" data-widget_type=\"text-editor.default\">\n\t\t\t\t<div class=\"elementor-widget-container\">\n\t\t\t\t\t\t\t\t\t<p class=\"mb-0\">Receive our best offers and news<\/p>\t\t\t\t\t\t\t\t<\/div>\n\t\t\t\t<\/div>\n\t\t\t\t<section class=\"elementor-section elementor-inner-section elementor-element elementor-element-5fbffbc elementor-hidden-mobile elementor-section-boxed elementor-section-height-default elementor-section-height-default\" data-id=\"5fbffbc\" data-element_type=\"section\" data-e-type=\"section\">\n\t\t\t\t\t\t<div class=\"elementor-container elementor-column-gap-default\">\n\t\t\t\t\t<div class=\"elementor-column elementor-col-33 elementor-inner-column elementor-element elementor-element-c1c253e\" data-id=\"c1c253e\" data-element_type=\"column\" data-e-type=\"column\">\n\t\t\t<div class=\"elementor-widget-wrap\">\n\t\t\t\t\t\t\t<\/div>\n\t\t<\/div>\n\t\t\t\t<div class=\"elementor-column elementor-col-33 elementor-inner-column elementor-element elementor-element-34f4435\" data-id=\"34f4435\" data-element_type=\"column\" data-e-type=\"column\">\n\t\t\t<div class=\"elementor-widget-wrap elementor-element-populated\">\n\t\t\t\t\t\t<div class=\"elementor-element elementor-element-9866c0d elementor-button-align-start elementor-widget__width-inherit elementor-mobile-button-align-center elementor-widget elementor-widget-form\" data-id=\"9866c0d\" data-element_type=\"widget\" data-e-type=\"widget\" id=\"form-id-box\" data-settings=\"{&quot;button_width&quot;:&quot;30&quot;,&quot;step_next_label&quot;:&quot;Next&quot;,&quot;step_previous_label&quot;:&quot;Previous&quot;,&quot;step_type&quot;:&quot;none&quot;,&quot;step_icon_shape&quot;:&quot;circle&quot;}\" data-widget_type=\"form.default\">\n\t\t\t\t<div class=\"elementor-widget-container\">\n\t\t\t\t\t\t\t<form class=\"elementor-form\" method=\"post\" name=\"newsletter - English\" aria-label=\"newsletter - English\">\n\t\t\t<input type=\"hidden\" name=\"post_id\" value=\"4830\"\/>\n\t\t\t<input type=\"hidden\" name=\"form_id\" value=\"9866c0d\"\/>\n\t\t\t<input type=\"hidden\" name=\"referer_title\" value=\"Shop\" \/>\n\n\t\t\t\t\t\t\t<input type=\"hidden\" name=\"queried_id\" value=\"3077\"\/>\n\t\t\t\n\t\t\t<div class=\"elementor-form-fields-wrapper elementor-labels-\">\n\t\t\t\t\t\t\t\t<div class=\"elementor-field-type-email elementor-field-group elementor-column elementor-field-group-name elementor-col-70 elementor-field-required\">\n\t\t\t\t\t\t\t\t\t\t\t\t\t<input size=\"1\" type=\"email\" name=\"form_fields[name]\" id=\"form-field-name\" class=\"elementor-field elementor-size-sm  elementor-field-textual\" required=\"required\">\n\t\t\t\t\t\t\t\t\t\t\t<\/div>\n\t\t\t\t\t\t\t\t<div class=\"elementor-field-type-acceptance elementor-field-group elementor-column elementor-field-group-field_91dc295 elementor-col-100 elementor-field-required\">\n\t\t\t\t\t\t\t<div class=\"elementor-field-subgroup\">\n\t\t\t<span class=\"elementor-field-option\">\n\t\t\t\t<input type=\"checkbox\" name=\"form_fields[field_91dc295]\" id=\"form-field-field_91dc295\" class=\"elementor-field elementor-size-sm  elementor-acceptance-field\" required=\"required\">\n\t\t\t\t<label for=\"form-field-field_91dc295\">I have read and I agree to  <a href=\"https:\/\/brdy.com\/de\/en\/privacy-policy\/\">Privacy Policy.<\/a><\/label>\t\t\t<\/span>\n\t\t<\/div>\n\t\t\t\t\t\t<\/div>\n\t\t\t\t\t\t\t\t<div class=\"elementor-field-group elementor-column elementor-field-type-submit elementor-col-30 e-form__buttons\">\n\t\t\t\t\t<button class=\"elementor-button elementor-size-sm\" type=\"submit\">\n\t\t\t\t\t\t<span class=\"elementor-button-content-wrapper\">\n\t\t\t\t\t\t\t\t\t\t\t\t\t\t\t\t\t\t\t\t\t\t<span class=\"elementor-button-text\">SIGN UP<\/span>\n\t\t\t\t\t\t\t\t\t\t\t\t\t<\/span>\n\t\t\t\t\t<\/button>\n\t\t\t\t<\/div>\n\t\t\t<\/div>\n\t\t<\/form>\n\t\t\t\t\t\t<\/div>\n\t\t\t\t<\/div>\n\t\t\t\t\t<\/div>\n\t\t<\/div>\n\t\t\t\t<div class=\"elementor-column elementor-col-33 elementor-inner-column elementor-element elementor-element-0dee3b4\" data-id=\"0dee3b4\" data-element_type=\"column\" data-e-type=\"column\">\n\t\t\t<div class=\"elementor-widget-wrap\">\n\t\t\t\t\t\t\t<\/div>\n\t\t<\/div>\n\t\t\t\t\t<\/div>\n\t\t<\/section>\n\t\t\t\t\t<\/div>\n\t\t<\/div>\n\t\t\t\t\t<\/div>\n\t\t<\/section>\n\t\t\t\t<\/div>\n\t\t<\/div>\n\t\t\t\t\t\t<\/div>\n\t\t\t\t<\/div>\n\t\t\t\t\t<\/div>\n\t\t<\/div>\n\t\t\t\t\t<\/div>\n\t\t<\/section>\n\t\t\t\t<\/div>\n\t\t","protected":false},"excerpt":{"rendered":"<p>Cookies Unsere Websites verwenden Cookies, um Informationen auf Ihrem Computer zu speichern. Einige dieser Cookies sind f\u00fcr das Funktionieren unserer Website unerl\u00e4sslich, andere helfen uns, uns zu verbessern, indem sie Aufschluss dar\u00fcber geben, wie unsere Websites genutzt werden. WEITERGABE UND OFFENLEGUNG VON INFORMATIONEN Wir k\u00f6nnen Ihre pers\u00f6nlichen Daten an jedes Mitglied unserer Unternehmensgruppe weitergeben, z.B. [&hellip;]<\/p>\n","protected":false},"author":1,"featured_media":0,"parent":0,"menu_order":0,"comment_status":"closed","ping_status":"closed","template":"","meta":{"_acf_changed":false,"site-sidebar-layout":"no-sidebar","site-content-layout":"page-builder","ast-site-content-layout":"full-width-container","site-content-style":"unboxed","site-sidebar-style":"unboxed","ast-global-header-display":"","ast-banner-title-visibility":"","ast-main-header-display":"","ast-hfb-above-header-display":"","ast-hfb-below-header-display":"","ast-hfb-mobile-header-display":"","site-post-title":"disabled","ast-breadcrumbs-content":"","ast-featured-img":"disabled","footer-sml-layout":"","ast-disable-related-posts":"","theme-transparent-header-meta":"","adv-header-id-meta":"","stick-header-meta":"","header-above-stick-meta":"","header-main-stick-meta":"","header-below-stick-meta":"","astra-migrate-meta-layouts":"set","ast-page-background-enabled":"default","ast-page-background-meta":{"desktop":{"background-color":"","background-image":"","background-repeat":"repeat","background-position":"center center","background-size":"auto","background-attachment":"scroll","background-type":"","background-media":"","overlay-type":"","overlay-color":"","overlay-opacity":"","overlay-gradient":""},"tablet":{"background-color":"","background-image":"","background-repeat":"repeat","background-position":"center center","background-size":"auto","background-attachment":"scroll","background-type":"","background-media":"","overlay-type":"","overlay-color":"","overlay-opacity":"","overlay-gradient":""},"mobile":{"background-color":"","background-image":"","background-repeat":"repeat","background-position":"center center","background-size":"auto","background-attachment":"scroll","background-type":"","background-media":"","overlay-type":"","overlay-color":"","overlay-opacity":"","overlay-gradient":""}},"ast-content-background-meta":{"desktop":{"background-color":"var(--ast-global-color-5)","background-image":"","background-repeat":"repeat","background-position":"center center","background-size":"auto","background-attachment":"scroll","background-type":"","background-media":"","overlay-type":"","overlay-color":"","overlay-opacity":"","overlay-gradient":""},"tablet":{"background-color":"var(--ast-global-color-5)","background-image":"","background-repeat":"repeat","background-position":"center center","background-size":"auto","background-attachment":"scroll","background-type":"","background-media":"","overlay-type":"","overlay-color":"","overlay-opacity":"","overlay-gradient":""},"mobile":{"background-color":"var(--ast-global-color-5)","background-image":"","background-repeat":"repeat","background-position":"center center","background-size":"auto","background-attachment":"scroll","background-type":"","background-media":"","overlay-type":"","overlay-color":"","overlay-opacity":"","overlay-gradient":""}},"footnotes":""},"class_list":["post-659","page","type-page","status-publish","hentry"],"acf":[],"_links":{"self":[{"href":"https:\/\/brdy.com\/de\/en\/wp-json\/wp\/v2\/pages\/659","targetHints":{"allow":["GET"]}}],"collection":[{"href":"https:\/\/brdy.com\/de\/en\/wp-json\/wp\/v2\/pages"}],"about":[{"href":"https:\/\/brdy.com\/de\/en\/wp-json\/wp\/v2\/types\/page"}],"author":[{"embeddable":true,"href":"https:\/\/brdy.com\/de\/en\/wp-json\/wp\/v2\/users\/1"}],"replies":[{"embeddable":true,"href":"https:\/\/brdy.com\/de\/en\/wp-json\/wp\/v2\/comments?post=659"}],"version-history":[{"count":110,"href":"https:\/\/brdy.com\/de\/en\/wp-json\/wp\/v2\/pages\/659\/revisions"}],"predecessor-version":[{"id":4857,"href":"https:\/\/brdy.com\/de\/en\/wp-json\/wp\/v2\/pages\/659\/revisions\/4857"}],"wp:attachment":[{"href":"https:\/\/brdy.com\/de\/en\/wp-json\/wp\/v2\/media?parent=659"}],"curies":[{"name":"wp","href":"https:\/\/api.w.org\/{rel}","templated":true}]}}