{"id":2016,"date":"2023-06-29T08:06:38","date_gmt":"2023-06-29T08:06:38","guid":{"rendered":"https:\/\/dev3.huskycrm.co.uk\/?page_id=2016"},"modified":"2023-10-02T12:16:21","modified_gmt":"2023-10-02T10:16:21","slug":"privacy-policy","status":"publish","type":"page","link":"https:\/\/brdy.com\/de\/en\/privacy-policy\/","title":{"rendered":"Privacy policy"},"content":{"rendered":"\t\t<div data-elementor-type=\"wp-page\" data-elementor-id=\"2016\" class=\"elementor elementor-2016\" data-elementor-post-type=\"page\">\n\t\t\t\t\t\t<section class=\"elementor-section elementor-top-section elementor-element elementor-element-3a9c921 elementor-section-boxed elementor-section-height-default elementor-section-height-default\" data-id=\"3a9c921\" data-element_type=\"section\" data-e-type=\"section\">\n\t\t\t\t\t\t<div class=\"elementor-container elementor-column-gap-default\">\n\t\t\t\t\t<div class=\"elementor-column elementor-col-100 elementor-top-column elementor-element elementor-element-c897fee\" data-id=\"c897fee\" data-element_type=\"column\" data-e-type=\"column\">\n\t\t\t<div class=\"elementor-widget-wrap elementor-element-populated\">\n\t\t\t\t\t\t<div class=\"elementor-element elementor-element-346fccb eael-dual-header-content-align-center elementor-widget elementor-widget-eael-dual-color-header\" data-id=\"346fccb\" data-element_type=\"widget\" data-e-type=\"widget\" data-widget_type=\"eael-dual-color-header.default\">\n\t\t\t\t<div class=\"elementor-widget-container\">\n\t\t\t\t\t\t\t\t<div class=\"eael-dual-header\">\n\t\t\t\t<h2 class=\"title eael-dch-title\"><span class=\"eael-dch-title-text eael-dch-title-lead lead solid-color\">DATENSCHUTZ<\/span> <span class=\"eael-dch-title-text\"><\/span><\/h2>\t\t\t<\/div>\n\n\t\t\t\t\t\t<\/div>\n\t\t\t\t<\/div>\n\t\t\t\t<div class=\"elementor-element elementor-element-7d7f67e elementor-widget elementor-widget-text-editor\" data-id=\"7d7f67e\" data-element_type=\"widget\" data-e-type=\"widget\" data-widget_type=\"text-editor.default\">\n\t\t\t\t<div class=\"elementor-widget-container\">\n\t\t\t\t\t\t\t\t\t<p><strong>Datenschutzbestimmungen<\/strong><\/p><p>Wir sind Sat Internet Services GmbH, Maximilianstr. 54, 80538 M\u00fcnchen, Deutschland, (Amtsgericht Hannover HRB 207039), handelnd als &#8216;Brdy&#8217;. Wenn wir uns auf &#8220;wir&#8221;, &#8220;uns&#8221; oder &#8220;unser&#8221; beziehen, bedeutet dies Brdy und unsere Gruppenunternehmen. F\u00fcr die Zwecke der DSGVO ist Brdy der f\u00fcr die Datenverarbeitung Verantwortliche und unsere Registrierungsnummer lautet: ZA185544. Brdy und seine Konzerngesellschaften verpflichten sich, Ihre Privatsph\u00e4re zu sch\u00fctzen und zu respektieren.<\/p><p>Bitte lesen Sie die folgenden Datenschutzrichtlinien, die detailliert beschreiben, welche Informationen wir von Ihnen sammeln, wie wir sie verwenden und wie wir Ihre Daten sicher aufbewahren.<\/p><p><strong>WAS UNSERE DATENSCHUTZRICHTLINIE UMFASST <\/strong><br \/>Diese Datenschutzrichtlinie regelt den Umgang von Brdy mit personenbezogenen Daten, die wir von Ihnen erheben. <br \/>Diese Richtlinie gilt nicht f\u00fcr die Praktiken von Unternehmen, die Brdy nicht besitzt oder kontrolliert, oder f\u00fcr Personen, die Brdy nicht besch\u00e4ftigt oder leitet. Auf den Seiten der Brdy-Website k\u00f6nnen sich Links befinden, die Sie zu anderen Websites f\u00fchren. Bitte vergewissern Sie sich, dass Sie die Datenschutzrichtlinien anderer Websites gelesen haben, die m\u00f6glicherweise nach personenbezogenen Daten fragen, bevor Sie sich dort anmelden. <br \/>Diese Website ist nicht f\u00fcr Kinder bestimmt, und wir sammeln nicht wissentlich Daten \u00fcber Kinder.<\/p><p><strong>WAS WIR SAMMELN UND WIE WIR ES VERWENDEN<\/strong><br \/>Brdy erhebt ein Minimum an personenbezogenen Daten, um Ihre Interaktion mit uns als Kunde zu verwalten, sowie alle Informationen, die Sie uns beim Ausf\u00fcllen eines der Kontaktformulare auf der Brdy-Website oder auf einem der anderen unten aufgef\u00fchrten Wege zur Verf\u00fcgung stellen.<\/p><p>Brdy erh\u00e4lt und speichert auch automatisch Informationen von Ihrem Browser in unseren Serverprotokollen, einschlie\u00dflich Ihrer IP-Adresse, Ihres Browsertyps und der von Ihnen angeforderten Seiten.<\/p><p>Wir k\u00f6nnen die folgenden Daten \u00fcber Sie sammeln und verarbeiten:<\/p><p>&#8211; Name(n) <br \/>&#8211; E-Mail Adresse(n) <br \/>&#8211; Telefonnummer(n) <br \/>&#8211; Sprachpr\u00e4ferenz<br \/>&#8211; Geschlecht <br \/>&#8211; Rechnungs- oder Installationsadresse <br \/>&#8211; Zahlungsinformationen (Kredit-\/Debitkarteninformationen, Bankinformationen f\u00fcr Lastschriften\/SEPA-Zahlungen) &#8211; <br \/>Firmenname (wenn Sie Gesch\u00e4ftskunde sind) <br \/>&#8211; Umsatzsteuernummer (wenn Sie Gesch\u00e4ftskunde sind) <br \/>&#8211; Transaktionsdaten, die Details \u00fcber Zahlungen an und von Ihnen und andere Details \u00fcber Produkte und Dienstleistungen, die Sie von uns gekauft haben, enthalten <br \/>&#8211; Technische Daten, die die Internetprotokoll (IP)-Adresse, Ihre Anmeldedaten, Browsertyp und -version, Zeitzoneneinstellung und Standort, Browser-Plug-in-Typen und -Versionen enthalten, Betriebssystem und Plattform sowie andere Technologien auf den Ger\u00e4ten, die Sie f\u00fcr den Zugriff auf diese Website verwenden <br \/>&#8211; Profildaten, die Ihre Eink\u00e4ufe oder Bestellungen unter Ihrem Benutzernamen, Ihre Interessen, Vorlieben, R\u00fcckmeldungen und Antworten auf Umfragen umfassen <br \/>&#8211; Nutzungsdaten, die Informationen dar\u00fcber enthalten, wie Sie unsere Website, Produkte und Dienstleistungen nutzen <br \/>&#8211; Marketing- und Kommunikationsdaten, die Ihre Pr\u00e4ferenzen f\u00fcr den Erhalt von Marketingmaterial von uns und unseren Drittanbietern sowie Ihre Kommunikationspr\u00e4ferenzen enthalten <br \/>&#8211; Ihre Steuerdaten <br \/>Wir erfassen diese Daten auf folgende Weise: &#8211; <br \/>Am Telefon, wenn Sie mit uns sprechen <br \/>&#8211; Per E-Mail <br \/>&#8211; \u00dcber Webformulare auf unserer Website <br \/>&#8211; \u00dcber ein Online-Chat-System auf unserer Website <br \/>&#8211; Schriftliche Korrespondenz <br \/>&#8211; \u00dcber Analytik-Anbieter, andere Dritte oder \u00f6ffentlich zug\u00e4ngliche Quellen<br \/>Brdy verwendet diese Daten\/Informationen f\u00fcr den folgenden Zweck:<br \/>\u00a0&#8211; Sie erm\u00f6glichen es uns, die Werbung und den Inhalt der Website anzupassen und die Entwicklung der Website so zu lenken, dass sie Ihren Bed\u00fcrfnissen und Interessen am besten entspricht <br \/>&#8211; um Transaktionen unter Verwendung modernster SSL-Verschl\u00fcsselung mit den Systemen von SagePay (Protx), PayPal und Realex zu <br \/>verarbeiten <br \/>&#8211; um unsere Verpflichtungen zu erf\u00fcllen und unsere Rechte durchzusetzen, die sich aus den zwischen Ihnen und uns geschlossenen Vertr\u00e4gen ergeben, und um Ihnen die von Ihnen angeforderten Informationen, Produkte und Dienstleistungen zur Verf\u00fcgung zu stellen <br \/>&#8211; um Sie \u00fcber \u00c4nderungen an unserem Service zu informieren <br \/>&#8211; um sicherzustellen, dass die Inhalte unserer Website auf die f\u00fcr Sie und Ihren Computer oder Ihr Ger\u00e4t effektivste Weise dargestellt werden; und <br \/>&#8211; um den gesetzlichen Verpflichtungen nachzukommen, die wir als Internet Service Provider haben.<br \/>&#8211; Wenn Sie Aktion\u00e4r sind, m\u00fcssen wir Ihre personenbezogenen Daten auch verarbeiten, um unseren rechtlichen und regulatorischen Verpflichtungen als Unternehmen nachzukommen, dessen Aktien am AIM-Markt der Londoner B\u00f6rse gehandelt werden. In den meisten F\u00e4llen werden wir Ihre personenbezogenen Daten unter den folgenden Umst\u00e4nden verwenden: &#8211; <br \/>Wenn wir den Vertrag, den wir mit Ihnen abschlie\u00dfen wollen oder abgeschlossen haben, erf\u00fcllen m\u00fcssen <br \/>&#8211; Wenn es f\u00fcr unsere legitimen Interessen (oder die eines Dritten) erforderlich ist und Ihre Interessen und Grundrechte diese Interessen nicht \u00fcberwiegen <br \/>&#8211; Wenn wir einer gesetzlichen oder beh\u00f6rdlichen Verpflichtung nachkommen m\u00fcssen <br \/>&#8211; Im Allgemeinen st\u00fctzen wir uns nicht auf eine Einwilligung als Rechtsgrundlage f\u00fcr die Verarbeitung Ihrer personenbezogenen Daten, au\u00dfer in Bezug auf den Versand von Direktmarketing-Mitteilungen an Sie per E-Mail oder SMS<\/p><p><strong>WAHLM\u00d6GLICHKEIT \/ OPT-IN<\/strong><br \/>Die Nutzer von Brdy haben die M\u00f6glichkeit, sich bei der Registrierung f\u00fcr die Zusendung von Marketinginformationen zu entscheiden. Wenn Sie nicht zugestimmt haben, k\u00f6nnen wir Ihnen dennoch Direktmarketing-Informationen auf der Grundlage anderer Rechtsgrundlagen zusenden. Wenn Sie nicht m\u00f6chten, dass wir Ihnen Direktwerbung zusenden, k\u00f6nnen Sie uns per E-Mail oder schriftlich mitteilen, dass Ihr Name aus unserer Kontaktliste und allen Datenbanken gestrichen werden soll (mit Ausnahme von Unterdr\u00fcckungslisten, um sicherzustellen, dass wir Ihre W\u00fcnsche respektieren). Sie k\u00f6nnen uns an Sat Internet Services GmbH, Maximilianstr. 54, 80538 M\u00fcnchen schreiben oder uns eine E-Mail schicken: dsgvo@brdyservice.de <br \/>Wir senden keine unaufgeforderten Marketing-E-Mails an pers\u00f6nliche E-Mail-Adressen (Spam).<\/p>\t\t\t\t\t\t\t\t<\/div>\n\t\t\t\t<\/div>\n\t\t\t\t\t<\/div>\n\t\t<\/div>\n\t\t\t\t\t<\/div>\n\t\t<\/section>\n\t\t\t\t<\/div>\n\t\t","protected":false},"excerpt":{"rendered":"<p>DATENSCHUTZ Datenschutzbestimmungen Wir sind Sat Internet Services GmbH, Maximilianstr. 54, 80538 M\u00fcnchen, Deutschland, (Amtsgericht Hannover HRB 207039), handelnd als &#8216;Brdy&#8217;. Wenn wir uns auf &#8220;wir&#8221;, &#8220;uns&#8221; oder &#8220;unser&#8221; beziehen, bedeutet dies Brdy und unsere Gruppenunternehmen. F\u00fcr die Zwecke der DSGVO ist Brdy der f\u00fcr die Datenverarbeitung Verantwortliche und unsere Registrierungsnummer lautet: ZA185544. Brdy und seine [&hellip;]<\/p>\n","protected":false},"author":1,"featured_media":0,"parent":0,"menu_order":0,"comment_status":"closed","ping_status":"closed","template":"","meta":{"_acf_changed":false,"site-sidebar-layout":"no-sidebar","site-content-layout":"page-builder","ast-site-content-layout":"full-width-container","site-content-style":"unboxed","site-sidebar-style":"unboxed","ast-global-header-display":"","ast-banner-title-visibility":"","ast-main-header-display":"","ast-hfb-above-header-display":"","ast-hfb-below-header-display":"","ast-hfb-mobile-header-display":"","site-post-title":"disabled","ast-breadcrumbs-content":"","ast-featured-img":"disabled","footer-sml-layout":"","ast-disable-related-posts":"","theme-transparent-header-meta":"","adv-header-id-meta":"","stick-header-meta":"","header-above-stick-meta":"","header-main-stick-meta":"","header-below-stick-meta":"","astra-migrate-meta-layouts":"set","ast-page-background-enabled":"default","ast-page-background-meta":{"desktop":{"background-color":"","background-image":"","background-repeat":"repeat","background-position":"center center","background-size":"auto","background-attachment":"scroll","background-type":"","background-media":"","overlay-type":"","overlay-color":"","overlay-opacity":"","overlay-gradient":""},"tablet":{"background-color":"","background-image":"","background-repeat":"repeat","background-position":"center center","background-size":"auto","background-attachment":"scroll","background-type":"","background-media":"","overlay-type":"","overlay-color":"","overlay-opacity":"","overlay-gradient":""},"mobile":{"background-color":"","background-image":"","background-repeat":"repeat","background-position":"center center","background-size":"auto","background-attachment":"scroll","background-type":"","background-media":"","overlay-type":"","overlay-color":"","overlay-opacity":"","overlay-gradient":""}},"ast-content-background-meta":{"desktop":{"background-color":"var(--ast-global-color-5)","background-image":"","background-repeat":"repeat","background-position":"center center","background-size":"auto","background-attachment":"scroll","background-type":"","background-media":"","overlay-type":"","overlay-color":"","overlay-opacity":"","overlay-gradient":""},"tablet":{"background-color":"var(--ast-global-color-5)","background-image":"","background-repeat":"repeat","background-position":"center center","background-size":"auto","background-attachment":"scroll","background-type":"","background-media":"","overlay-type":"","overlay-color":"","overlay-opacity":"","overlay-gradient":""},"mobile":{"background-color":"var(--ast-global-color-5)","background-image":"","background-repeat":"repeat","background-position":"center center","background-size":"auto","background-attachment":"scroll","background-type":"","background-media":"","overlay-type":"","overlay-color":"","overlay-opacity":"","overlay-gradient":""}},"footnotes":""},"class_list":["post-2016","page","type-page","status-publish","hentry"],"acf":[],"_links":{"self":[{"href":"https:\/\/brdy.com\/de\/en\/wp-json\/wp\/v2\/pages\/2016","targetHints":{"allow":["GET"]}}],"collection":[{"href":"https:\/\/brdy.com\/de\/en\/wp-json\/wp\/v2\/pages"}],"about":[{"href":"https:\/\/brdy.com\/de\/en\/wp-json\/wp\/v2\/types\/page"}],"author":[{"embeddable":true,"href":"https:\/\/brdy.com\/de\/en\/wp-json\/wp\/v2\/users\/1"}],"replies":[{"embeddable":true,"href":"https:\/\/brdy.com\/de\/en\/wp-json\/wp\/v2\/comments?post=2016"}],"version-history":[{"count":11,"href":"https:\/\/brdy.com\/de\/en\/wp-json\/wp\/v2\/pages\/2016\/revisions"}],"predecessor-version":[{"id":4275,"href":"https:\/\/brdy.com\/de\/en\/wp-json\/wp\/v2\/pages\/2016\/revisions\/4275"}],"wp:attachment":[{"href":"https:\/\/brdy.com\/de\/en\/wp-json\/wp\/v2\/media?parent=2016"}],"curies":[{"name":"wp","href":"https:\/\/api.w.org\/{rel}","templated":true}]}}