{"id":31459,"date":"2024-10-30T14:00:00","date_gmt":"2024-10-30T14:00:00","guid":{"rendered":"https:\/\/brdy.com\/business\/podziel-sie-z-nami-swoja-historia\/"},"modified":"2024-12-04T11:52:58","modified_gmt":"2024-12-04T11:52:58","slug":"podziel-sie-z-nami-swoja-historia","status":"publish","type":"page","link":"https:\/\/brdy.com\/business\/pl\/podziel-sie-z-nami-swoja-historia\/","title":{"rendered":"Podziel si\u0119 z nami swoj\u0105 histori\u0105"},"content":{"rendered":"\t\t<div data-elementor-type=\"wp-page\" data-elementor-id=\"31459\" class=\"elementor elementor-31459 elementor-31107\" data-elementor-post-type=\"page\">\n\t\t\t\t\t\t<section class=\"elementor-section elementor-top-section elementor-element elementor-element-7240028 elementor-section-stretched elementor-section-boxed elementor-section-height-default elementor-section-height-default wpr-particle-no wpr-jarallax-no wpr-parallax-no wpr-sticky-section-no\" data-id=\"7240028\" data-element_type=\"section\" data-e-type=\"section\" data-settings=\"{&quot;stretch_section&quot;:&quot;section-stretched&quot;,&quot;background_background&quot;:&quot;classic&quot;}\">\n\t\t\t\t\t\t\t<div class=\"elementor-background-overlay\"><\/div>\n\t\t\t\t\t\t\t<div class=\"elementor-container elementor-column-gap-default\">\n\t\t\t\t\t<div class=\"elementor-column elementor-col-100 elementor-top-column elementor-element elementor-element-9b9c10a\" data-id=\"9b9c10a\" data-element_type=\"column\" data-e-type=\"column\">\n\t\t\t<div class=\"elementor-widget-wrap elementor-element-populated\">\n\t\t\t\t\t\t<div class=\"elementor-element elementor-element-4d50774 elementor-widget elementor-widget-heading\" data-id=\"4d50774\" data-element_type=\"widget\" data-e-type=\"widget\" data-widget_type=\"heading.default\">\n\t\t\t\t<div class=\"elementor-widget-container\">\n\t\t\t\t\t<h1 class=\"elementor-heading-title elementor-size-default\">Podziel si\u0119 z nami swoj\u0105 histori\u0105 <\/h1>\t\t\t\t<\/div>\n\t\t\t\t<\/div>\n\t\t\t\t<div class=\"elementor-element elementor-element-a8d01b3 elementor-widget elementor-widget-text-editor\" data-id=\"a8d01b3\" data-element_type=\"widget\" data-e-type=\"widget\" data-widget_type=\"text-editor.default\">\n\t\t\t\t<div class=\"elementor-widget-container\">\n\t\t\t\t\t\t\t\t\t<p>Ch\u0119tnie podzielimy si\u0119 Twoim do\u015bwiadczeniem jako klienta biznesowego Brdy i poka\u017cemy, jak szybki i niezawodny internet zmieni\u0142 Tw\u00f3j biznes. <br \/>Tw\u00f3j biznes zostanie sprofilowany w case study wraz z linkiem do Twojej strony internetowej i zostanie opublikowany w naszych kana\u0142ach online.<\/p>\n\t\t\t\t\t\t\t\t<\/div>\n\t\t\t\t<\/div>\n\t\t\t\t\t<\/div>\n\t\t<\/div>\n\t\t\t\t\t<\/div>\n\t\t<\/section>\n\t\t\t\t<section class=\"elementor-section elementor-top-section elementor-element elementor-element-3e8bdef elementor-section-boxed elementor-section-height-default elementor-section-height-default wpr-particle-no wpr-jarallax-no wpr-parallax-no wpr-sticky-section-no\" data-id=\"3e8bdef\" data-element_type=\"section\" data-e-type=\"section\" data-settings=\"{&quot;background_background&quot;:&quot;classic&quot;}\">\n\t\t\t\t\t\t<div class=\"elementor-container elementor-column-gap-default\">\n\t\t\t\t\t<div class=\"elementor-column elementor-col-100 elementor-top-column elementor-element elementor-element-77afc80\" data-id=\"77afc80\" data-element_type=\"column\" data-e-type=\"column\">\n\t\t\t<div class=\"elementor-widget-wrap elementor-element-populated\">\n\t\t\t\t\t\t<div class=\"elementor-element elementor-element-a65a0a8 elementor-widget elementor-widget-heading\" data-id=\"a65a0a8\" data-element_type=\"widget\" data-e-type=\"widget\" data-widget_type=\"heading.default\">\n\t\t\t\t<div class=\"elementor-widget-container\">\n\t\t\t\t\t<h2 class=\"elementor-heading-title elementor-size-default\">Szczeg\u00f3\u0142y historii:<\/h2>\t\t\t\t<\/div>\n\t\t\t\t<\/div>\n\t\t\t\t<div class=\"elementor-element elementor-element-4ab3942 elementor-button-align-stretch elementor-widget elementor-widget-form\" data-id=\"4ab3942\" data-element_type=\"widget\" data-e-type=\"widget\" data-settings=\"{&quot;step_next_label&quot;:&quot;Next&quot;,&quot;step_previous_label&quot;:&quot;Previous&quot;,&quot;button_width&quot;:&quot;100&quot;,&quot;step_type&quot;:&quot;number_text&quot;,&quot;step_icon_shape&quot;:&quot;circle&quot;}\" data-widget_type=\"form.default\">\n\t\t\t\t<div class=\"elementor-widget-container\">\n\t\t\t\t\t\t\t<form class=\"elementor-form\" method=\"post\" name=\"New Form\" aria-label=\"New Form\">\n\t\t\t<input type=\"hidden\" name=\"post_id\" value=\"31459\"\/>\n\t\t\t<input type=\"hidden\" name=\"form_id\" value=\"4ab3942\"\/>\n\t\t\t<input type=\"hidden\" name=\"referer_title\" value=\"\" \/>\n\n\t\t\t\n\t\t\t<div class=\"elementor-form-fields-wrapper elementor-labels-above\">\n\t\t\t\t\t\t\t\t<div class=\"elementor-field-type-text elementor-field-group elementor-column elementor-field-group-name elementor-col-50 elementor-field-required\">\n\t\t\t\t\t\t\t\t\t\t\t\t<label for=\"form-field-name\" class=\"elementor-field-label\">\n\t\t\t\t\t\t\t\tNazwa firmy\t\t\t\t\t\t\t<\/label>\n\t\t\t\t\t\t\t\t\t\t\t\t\t\t<input size=\"1\" type=\"text\" name=\"form_fields[name]\" id=\"form-field-name\" class=\"elementor-field elementor-size-sm  elementor-field-textual\" placeholder=\"Nazwa firmy\" required=\"required\">\n\t\t\t\t\t\t\t\t\t\t\t<\/div>\n\t\t\t\t\t\t\t\t<div class=\"elementor-field-type-text elementor-field-group elementor-column elementor-field-group-field_a194195 elementor-col-50 elementor-field-required\">\n\t\t\t\t\t\t\t\t\t\t\t\t<label for=\"form-field-field_a194195\" class=\"elementor-field-label\">\n\t\t\t\t\t\t\t\tTwoje imi\u0119 i nazwisko oraz stanowisko\t\t\t\t\t\t\t<\/label>\n\t\t\t\t\t\t\t\t\t\t\t\t\t\t<input size=\"1\" type=\"text\" name=\"form_fields[field_a194195]\" id=\"form-field-field_a194195\" class=\"elementor-field elementor-size-sm  elementor-field-textual\" placeholder=\"Twoje imi\u0119 i nazwisko oraz stanowisko\" required=\"required\">\n\t\t\t\t\t\t\t\t\t\t\t<\/div>\n\t\t\t\t\t\t\t\t<div class=\"elementor-field-type-tel elementor-field-group elementor-column elementor-field-group-field_bfe2d40 elementor-col-50 elementor-field-required\">\n\t\t\t\t\t\t\t\t\t\t\t\t<label for=\"form-field-field_bfe2d40\" class=\"elementor-field-label\">\n\t\t\t\t\t\t\t\tNumer kontaktowy\t\t\t\t\t\t\t<\/label>\n\t\t\t\t\t\t\t\t<input size=\"1\" type=\"tel\" name=\"form_fields[field_bfe2d40]\" id=\"form-field-field_bfe2d40\" class=\"elementor-field elementor-size-sm  elementor-field-textual\" placeholder=\"Numer kontaktowy\" required=\"required\" pattern=\"[0-9()#&amp;+*-=.]+\" title=\"Akceptowane s\u0105 jedynie cyfry i znaki telefoniczne (#,-,*).\">\n\n\t\t\t\t\t\t<\/div>\n\t\t\t\t\t\t\t\t<div class=\"elementor-field-type-text elementor-field-group elementor-column elementor-field-group-field_a67e497 elementor-col-50 elementor-field-required\">\n\t\t\t\t\t\t\t\t\t\t\t\t<label for=\"form-field-field_a67e497\" class=\"elementor-field-label\">\n\t\t\t\t\t\t\t\tSektor przemys\u0142owy\t\t\t\t\t\t\t<\/label>\n\t\t\t\t\t\t\t\t\t\t\t\t\t\t<input size=\"1\" type=\"text\" name=\"form_fields[field_a67e497]\" id=\"form-field-field_a67e497\" class=\"elementor-field elementor-size-sm  elementor-field-textual\" placeholder=\"Sektor przemys\u0142owy\" required=\"required\">\n\t\t\t\t\t\t\t\t\t\t\t<\/div>\n\t\t\t\t\t\t\t\t<div class=\"elementor-field-type-textarea elementor-field-group elementor-column elementor-field-group-field_18e7ce0 elementor-col-50 elementor-field-required\">\n\t\t\t\t\t\t\t\t\t\t\t\t<label for=\"form-field-field_18e7ce0\" class=\"elementor-field-label\">\n\t\t\t\t\t\t\t\t Lokalizacja firmy i podsumowanie\t\t\t\t\t\t\t<\/label>\n\t\t\t\t\t\t<textarea class=\"elementor-field-textual elementor-field  elementor-size-sm\" name=\"form_fields[field_18e7ce0]\" id=\"form-field-field_18e7ce0\" rows=\"4\" placeholder=\" Lokalizacja firmy i podsumowanie\" required=\"required\"><\/textarea>\t\t\t\t<\/div>\n\t\t\t\t\t\t\t\t<div class=\"elementor-field-type-textarea elementor-field-group elementor-column elementor-field-group-field_14f73b5 elementor-col-50 elementor-field-required\">\n\t\t\t\t\t\t\t\t\t\t\t\t<label for=\"form-field-field_14f73b5\" class=\"elementor-field-label\">\n\t\t\t\t\t\t\t\tZ jakimi wyzwaniami zwi\u0105zanymi z \u0142\u0105czno\u015bci\u0105 borykali\u015bcie si\u0119 wcze\u015bniej?\t\t\t\t\t\t\t<\/label>\n\t\t\t\t\t\t<textarea class=\"elementor-field-textual elementor-field  elementor-size-sm\" name=\"form_fields[field_14f73b5]\" id=\"form-field-field_14f73b5\" rows=\"2\" placeholder=\"Z jakimi wyzwaniami zwi\u0105zanymi z \u0142\u0105czno\u015bci\u0105 borykali\u015bcie si\u0119 wcze\u015bniej?\" required=\"required\"><\/textarea>\t\t\t\t<\/div>\n\t\t\t\t\t\t\t\t<div class=\"elementor-field-type-textarea elementor-field-group elementor-column elementor-field-group-field_07ecfe1 elementor-col-50 elementor-field-required\">\n\t\t\t\t\t\t\t\t\t\t\t\t<label for=\"form-field-field_07ecfe1\" class=\"elementor-field-label\">\n\t\t\t\t\t\t\t\tSk\u0105d dowiedzia\u0142e\u015b si\u0119 o internecie satelitarnym Brdy?\t\t\t\t\t\t\t<\/label>\n\t\t\t\t\t\t<textarea class=\"elementor-field-textual elementor-field  elementor-size-sm\" name=\"form_fields[field_07ecfe1]\" id=\"form-field-field_07ecfe1\" rows=\"2\" placeholder=\"Sk\u0105d dowiedzia\u0142e\u015b si\u0119 o internecie satelitarnym Brdy?\" required=\"required\"><\/textarea>\t\t\t\t<\/div>\n\t\t\t\t\t\t\t\t<div class=\"elementor-field-type-textarea elementor-field-group elementor-column elementor-field-group-field_62d4cee elementor-col-50 elementor-field-required\">\n\t\t\t\t\t\t\t\t\t\t\t\t<label for=\"form-field-field_62d4cee\" class=\"elementor-field-label\">\n\t\t\t\t\t\t\t\tCo przekona\u0142o Ci\u0119 do wypr\u00f3bowania internetu satelitarnego Brdy?\t\t\t\t\t\t\t<\/label>\n\t\t\t\t\t\t<textarea class=\"elementor-field-textual elementor-field  elementor-size-sm\" name=\"form_fields[field_62d4cee]\" id=\"form-field-field_62d4cee\" rows=\"4\" placeholder=\"Co przekona\u0142o Ci\u0119 do wypr\u00f3bowania internetu satelitarnego Brdy?\" required=\"required\"><\/textarea>\t\t\t\t<\/div>\n\t\t\t\t\t\t\t\t<div class=\"elementor-field-type-textarea elementor-field-group elementor-column elementor-field-group-field_193288f elementor-col-50 elementor-field-required\">\n\t\t\t\t\t\t\t\t\t\t\t\t<label for=\"form-field-field_193288f\" class=\"elementor-field-label\">\n\t\t\t\t\t\t\t\t Jakie rozwi\u0105zanie dostarczy\u0142 Brdy?\t\t\t\t\t\t\t<\/label>\n\t\t\t\t\t\t<textarea class=\"elementor-field-textual elementor-field  elementor-size-sm\" name=\"form_fields[field_193288f]\" id=\"form-field-field_193288f\" rows=\"4\" placeholder=\" Jakie rozwi\u0105zanie dostarczy\u0142 Brdy?\" required=\"required\"><\/textarea>\t\t\t\t<\/div>\n\t\t\t\t\t\t\t\t<div class=\"elementor-field-type-textarea elementor-field-group elementor-column elementor-field-group-field_ee37690 elementor-col-50 elementor-field-required\">\n\t\t\t\t\t\t\t\t\t\t\t\t<label for=\"form-field-field_ee37690\" class=\"elementor-field-label\">\n\t\t\t\t\t\t\t\tJakie jest g\u0142\u00f3wne zastosowanie internetu satelitarnego?\t\t\t\t\t\t\t<\/label>\n\t\t\t\t\t\t<textarea class=\"elementor-field-textual elementor-field  elementor-size-sm\" name=\"form_fields[field_ee37690]\" id=\"form-field-field_ee37690\" rows=\"4\" placeholder=\"Jakie jest g\u0142\u00f3wne zastosowanie internetu satelitarnego?\" required=\"required\"><\/textarea>\t\t\t\t<\/div>\n\t\t\t\t\t\t\t\t<div class=\"elementor-field-type-textarea elementor-field-group elementor-column elementor-field-group-field_7448e59 elementor-col-50 elementor-field-required\">\n\t\t\t\t\t\t\t\t\t\t\t\t<label for=\"form-field-field_7448e59\" class=\"elementor-field-label\">\n\t\t\t\t\t\t\t\tJakie s\u0105 najwa\u017cniejsze korzy\u015bci, jakie satelitarne \u0142\u0105cze szerokopasmowe przynios\u0142o Twojej firmie?\t\t\t\t\t\t\t<\/label>\n\t\t\t\t\t\t<textarea class=\"elementor-field-textual elementor-field  elementor-size-sm\" name=\"form_fields[field_7448e59]\" id=\"form-field-field_7448e59\" rows=\"4\" placeholder=\"Jakie s\u0105 najwa\u017cniejsze korzy\u015bci, jakie satelitarne \u0142\u0105cze szerokopasmowe przynios\u0142o Twojej firmie?\" required=\"required\"><\/textarea>\t\t\t\t<\/div>\n\t\t\t\t\t\t\t\t<div class=\"elementor-field-type-textarea elementor-field-group elementor-column elementor-field-group-field_7f5c986 elementor-col-50 elementor-field-required\">\n\t\t\t\t\t\t\t\t\t\t\t\t<label for=\"form-field-field_7f5c986\" class=\"elementor-field-label\">\n\t\t\t\t\t\t\t\tCytat biznesowy -<br>W jaki spos\u00f3b Brdy usprawni\u0142 Twoj\u0105 codzienn\u0105 dzia\u0142alno\u015b\u0107?\t\t\t\t\t\t\t<\/label>\n\t\t\t\t\t\t<textarea class=\"elementor-field-textual elementor-field  elementor-size-sm\" name=\"form_fields[field_7f5c986]\" id=\"form-field-field_7f5c986\" rows=\"5\" placeholder=\"Cytat biznesowy -&lt;br&gt;W jaki spos\u00f3b Brdy usprawni\u0142 Twoj\u0105 codzienn\u0105 dzia\u0142alno\u015b\u0107?\" required=\"required\"><\/textarea>\t\t\t\t<\/div>\n\t\t\t\t\t\t\t\t<div class=\"elementor-field-type-upload elementor-field-group elementor-column elementor-field-group-field_8e6259e elementor-col-50\">\n\t\t\t\t\t\t\t\t\t\t\t\t<label for=\"form-field-field_8e6259e\" class=\"elementor-field-label\">\n\t\t\t\t\t\t\t\tAby wesprze\u0107 swoj\u0105 histori\u0119, prze\u015blij kilka zdj\u0119\u0107 \u2013 mo\u017ce to obejmowa\u0107; Twoja firma lub biuro, instalacja, pracownicy korzystaj\u0105cy z Internetu lub cokolwiek innego, co uwa\u017casz za istotne.\t\t\t\t\t\t\t<\/label>\n\t\t\t\t\t\t\t\t<input type=\"file\" name=\"form_fields[field_8e6259e][]\" id=\"form-field-field_8e6259e\" class=\"elementor-field elementor-size-sm  elementor-upload-field\" multiple=\"multiple\" data-maxsize=\"2\" data-maxsize-message=\"Rozmiar pliku przekracza dozwolony rozmiar.\">\n\n\t\t\t\t\t\t<\/div>\n\t\t\t\t\t\t\t\t<div class=\"elementor-field-group elementor-column elementor-field-type-submit elementor-col-100 e-form__buttons\">\n\t\t\t\t\t<button class=\"elementor-button elementor-size-sm\" type=\"submit\">\n\t\t\t\t\t\t<span class=\"elementor-button-content-wrapper\">\n\t\t\t\t\t\t\t\t\t\t\t\t\t\t\t\t\t\t\t\t\t\t<span class=\"elementor-button-text\">PRZE\u015aLIJ SWOJ\u0104 HISTORI\u0118<\/span>\n\t\t\t\t\t\t\t\t\t\t\t\t\t<\/span>\n\t\t\t\t\t<\/button>\n\t\t\t\t<\/div>\n\t\t\t<\/div>\n\t\t<\/form>\n\t\t\t\t\t\t<\/div>\n\t\t\t\t<\/div>\n\t\t\t\t\t<\/div>\n\t\t<\/div>\n\t\t\t\t\t<\/div>\n\t\t<\/section>\n\t\t\t\t<\/div>\n\t\t","protected":false},"excerpt":{"rendered":"<p>Podziel si\u0119 z nami swoj\u0105 histori\u0105 Ch\u0119tnie podzielimy si\u0119 Twoim do\u015bwiadczeniem jako klienta biznesowego Brdy i poka\u017cemy, jak szybki i niezawodny internet zmieni\u0142 Tw\u00f3j biznes. Tw\u00f3j biznes zostanie sprofilowany w case study wraz z linkiem do Twojej strony internetowej i zostanie opublikowany w naszych kana\u0142ach online. Szczeg\u00f3\u0142y historii:<\/p>\n","protected":false},"author":1,"featured_media":0,"parent":0,"menu_order":0,"comment_status":"closed","ping_status":"closed","template":"elementor_header_footer","meta":{"footnotes":""},"class_list":["post-31459","page","type-page","status-publish","hentry","page--item"],"_links":{"self":[{"href":"https:\/\/brdy.com\/business\/pl\/wp-json\/wp\/v2\/pages\/31459","targetHints":{"allow":["GET"]}}],"collection":[{"href":"https:\/\/brdy.com\/business\/pl\/wp-json\/wp\/v2\/pages"}],"about":[{"href":"https:\/\/brdy.com\/business\/pl\/wp-json\/wp\/v2\/types\/page"}],"author":[{"embeddable":true,"href":"https:\/\/brdy.com\/business\/pl\/wp-json\/wp\/v2\/users\/1"}],"replies":[{"embeddable":true,"href":"https:\/\/brdy.com\/business\/pl\/wp-json\/wp\/v2\/comments?post=31459"}],"version-history":[{"count":4,"href":"https:\/\/brdy.com\/business\/pl\/wp-json\/wp\/v2\/pages\/31459\/revisions"}],"predecessor-version":[{"id":32448,"href":"https:\/\/brdy.com\/business\/pl\/wp-json\/wp\/v2\/pages\/31459\/revisions\/32448"}],"wp:attachment":[{"href":"https:\/\/brdy.com\/business\/pl\/wp-json\/wp\/v2\/media?parent=31459"}],"curies":[{"name":"wp","href":"https:\/\/api.w.org\/{rel}","templated":true}]}}