{"id":31450,"date":"2024-10-30T14:00:00","date_gmt":"2024-10-30T14:00:00","guid":{"rendered":"https:\/\/brdy.com\/business\/condividete-con-noi-la-vostra-storia\/"},"modified":"2024-12-04T11:52:55","modified_gmt":"2024-12-04T11:52:55","slug":"condividete-con-noi-la-vostra-storia","status":"publish","type":"page","link":"https:\/\/brdy.com\/business\/it\/condividete-con-noi-la-vostra-storia\/","title":{"rendered":"Condividete con noi la vostra storia"},"content":{"rendered":"\t\t<div data-elementor-type=\"wp-page\" data-elementor-id=\"31450\" class=\"elementor elementor-31450 elementor-31107\" data-elementor-post-type=\"page\">\n\t\t\t\t\t\t<section class=\"elementor-section elementor-top-section elementor-element elementor-element-7240028 elementor-section-stretched elementor-section-boxed elementor-section-height-default elementor-section-height-default wpr-particle-no wpr-jarallax-no wpr-parallax-no wpr-sticky-section-no\" data-id=\"7240028\" data-element_type=\"section\" data-e-type=\"section\" data-settings=\"{&quot;stretch_section&quot;:&quot;section-stretched&quot;,&quot;background_background&quot;:&quot;classic&quot;}\">\n\t\t\t\t\t\t\t<div class=\"elementor-background-overlay\"><\/div>\n\t\t\t\t\t\t\t<div class=\"elementor-container elementor-column-gap-default\">\n\t\t\t\t\t<div class=\"elementor-column elementor-col-100 elementor-top-column elementor-element elementor-element-9b9c10a\" data-id=\"9b9c10a\" data-element_type=\"column\" data-e-type=\"column\">\n\t\t\t<div class=\"elementor-widget-wrap elementor-element-populated\">\n\t\t\t\t\t\t<div class=\"elementor-element elementor-element-4d50774 elementor-widget elementor-widget-heading\" data-id=\"4d50774\" data-element_type=\"widget\" data-e-type=\"widget\" data-widget_type=\"heading.default\">\n\t\t\t\t<div class=\"elementor-widget-container\">\n\t\t\t\t\t<h1 class=\"elementor-heading-title elementor-size-default\">Condividete con noi la vostra storia <\/h1>\t\t\t\t<\/div>\n\t\t\t\t<\/div>\n\t\t\t\t<div class=\"elementor-element elementor-element-a8d01b3 elementor-widget elementor-widget-text-editor\" data-id=\"a8d01b3\" data-element_type=\"widget\" data-e-type=\"widget\" data-widget_type=\"text-editor.default\">\n\t\t\t\t<div class=\"elementor-widget-container\">\n\t\t\t\t\t\t\t\t\t<p>Ci piacerebbe condividere la vostra esperienza come clienti Brdy e dimostrare come una connessione ad alta velocit\u00e0 e affidabile abbia trasformato la vostra attivit\u00e0. <br \/>La vostra azienda sar\u00e0 inserita nel nostro sito come case Study con un link al vostro sito web e sar\u00e0 pubblicata sui nostri canali online.<\/p>\n\t\t\t\t\t\t\t\t<\/div>\n\t\t\t\t<\/div>\n\t\t\t\t\t<\/div>\n\t\t<\/div>\n\t\t\t\t\t<\/div>\n\t\t<\/section>\n\t\t\t\t<section class=\"elementor-section elementor-top-section elementor-element elementor-element-3e8bdef elementor-section-boxed elementor-section-height-default elementor-section-height-default wpr-particle-no wpr-jarallax-no wpr-parallax-no wpr-sticky-section-no\" data-id=\"3e8bdef\" data-element_type=\"section\" data-e-type=\"section\" data-settings=\"{&quot;background_background&quot;:&quot;classic&quot;}\">\n\t\t\t\t\t\t<div class=\"elementor-container elementor-column-gap-default\">\n\t\t\t\t\t<div class=\"elementor-column elementor-col-100 elementor-top-column elementor-element elementor-element-77afc80\" data-id=\"77afc80\" data-element_type=\"column\" data-e-type=\"column\">\n\t\t\t<div class=\"elementor-widget-wrap elementor-element-populated\">\n\t\t\t\t\t\t<div class=\"elementor-element elementor-element-a65a0a8 elementor-widget elementor-widget-heading\" data-id=\"a65a0a8\" data-element_type=\"widget\" data-e-type=\"widget\" data-widget_type=\"heading.default\">\n\t\t\t\t<div class=\"elementor-widget-container\">\n\t\t\t\t\t<h2 class=\"elementor-heading-title elementor-size-default\">Dettagli della Storia:<\/h2>\t\t\t\t<\/div>\n\t\t\t\t<\/div>\n\t\t\t\t<div class=\"elementor-element elementor-element-4ab3942 elementor-button-align-stretch elementor-widget elementor-widget-form\" data-id=\"4ab3942\" data-element_type=\"widget\" data-e-type=\"widget\" data-settings=\"{&quot;step_next_label&quot;:&quot;Avanti&quot;,&quot;step_previous_label&quot;:&quot;Precedente&quot;,&quot;button_width&quot;:&quot;100&quot;,&quot;step_type&quot;:&quot;number_text&quot;,&quot;step_icon_shape&quot;:&quot;circle&quot;}\" data-widget_type=\"form.default\">\n\t\t\t\t<div class=\"elementor-widget-container\">\n\t\t\t\t\t\t\t<form class=\"elementor-form\" method=\"post\" name=\"New Form\" aria-label=\"New Form\">\n\t\t\t<input type=\"hidden\" name=\"post_id\" value=\"31450\"\/>\n\t\t\t<input type=\"hidden\" name=\"form_id\" value=\"4ab3942\"\/>\n\t\t\t<input type=\"hidden\" name=\"referer_title\" value=\"Condividete con noi la vostra storia | Brdy For Business\" \/>\n\n\t\t\t\t\t\t\t<input type=\"hidden\" name=\"queried_id\" value=\"31450\"\/>\n\t\t\t\n\t\t\t<div class=\"elementor-form-fields-wrapper elementor-labels-above\">\n\t\t\t\t\t\t\t\t<div class=\"elementor-field-type-text elementor-field-group elementor-column elementor-field-group-name elementor-col-50 elementor-field-required\">\n\t\t\t\t\t\t\t\t\t\t\t\t<label for=\"form-field-name\" class=\"elementor-field-label\">\n\t\t\t\t\t\t\t\tNome dell\u2019azienda\t\t\t\t\t\t\t<\/label>\n\t\t\t\t\t\t\t\t\t\t\t\t\t\t<input size=\"1\" type=\"text\" name=\"form_fields[name]\" id=\"form-field-name\" class=\"elementor-field elementor-size-sm  elementor-field-textual\" placeholder=\"Nome dell\u2019azienda\" required=\"required\">\n\t\t\t\t\t\t\t\t\t\t\t<\/div>\n\t\t\t\t\t\t\t\t<div class=\"elementor-field-type-text elementor-field-group elementor-column elementor-field-group-field_a194195 elementor-col-50 elementor-field-required\">\n\t\t\t\t\t\t\t\t\t\t\t\t<label for=\"form-field-field_a194195\" class=\"elementor-field-label\">\n\t\t\t\t\t\t\t\tIl Vostro nome e ruolo\t\t\t\t\t\t\t<\/label>\n\t\t\t\t\t\t\t\t\t\t\t\t\t\t<input size=\"1\" type=\"text\" name=\"form_fields[field_a194195]\" id=\"form-field-field_a194195\" class=\"elementor-field elementor-size-sm  elementor-field-textual\" placeholder=\"Il Vostro nome e ruolo\" required=\"required\">\n\t\t\t\t\t\t\t\t\t\t\t<\/div>\n\t\t\t\t\t\t\t\t<div class=\"elementor-field-type-tel elementor-field-group elementor-column elementor-field-group-field_bfe2d40 elementor-col-50 elementor-field-required\">\n\t\t\t\t\t\t\t\t\t\t\t\t<label for=\"form-field-field_bfe2d40\" class=\"elementor-field-label\">\n\t\t\t\t\t\t\t\tNumero di contatto\t\t\t\t\t\t\t<\/label>\n\t\t\t\t\t\t\t\t<input size=\"1\" type=\"tel\" name=\"form_fields[field_bfe2d40]\" id=\"form-field-field_bfe2d40\" class=\"elementor-field elementor-size-sm  elementor-field-textual\" placeholder=\"Numero di contatto\" required=\"required\" pattern=\"[0-9()#&amp;+*-=.]+\" title=\"Sono accettati solo numeri e caratteri telefonici (#, -, *, ecc.).\">\n\n\t\t\t\t\t\t<\/div>\n\t\t\t\t\t\t\t\t<div class=\"elementor-field-type-text elementor-field-group elementor-column elementor-field-group-field_a67e497 elementor-col-50 elementor-field-required\">\n\t\t\t\t\t\t\t\t\t\t\t\t<label for=\"form-field-field_a67e497\" class=\"elementor-field-label\">\n\t\t\t\t\t\t\t\tSettore\t\t\t\t\t\t\t<\/label>\n\t\t\t\t\t\t\t\t\t\t\t\t\t\t<input size=\"1\" type=\"text\" name=\"form_fields[field_a67e497]\" id=\"form-field-field_a67e497\" class=\"elementor-field elementor-size-sm  elementor-field-textual\" placeholder=\"Settore\" required=\"required\">\n\t\t\t\t\t\t\t\t\t\t\t<\/div>\n\t\t\t\t\t\t\t\t<div class=\"elementor-field-type-textarea elementor-field-group elementor-column elementor-field-group-field_18e7ce0 elementor-col-50 elementor-field-required\">\n\t\t\t\t\t\t\t\t\t\t\t\t<label for=\"form-field-field_18e7ce0\" class=\"elementor-field-label\">\n\t\t\t\t\t\t\t\t Location dell\u2019azienda e riepilogo\t\t\t\t\t\t\t<\/label>\n\t\t\t\t\t\t<textarea class=\"elementor-field-textual elementor-field  elementor-size-sm\" name=\"form_fields[field_18e7ce0]\" id=\"form-field-field_18e7ce0\" rows=\"4\" placeholder=\" Location dell\u2019azienda e riepilogo\" required=\"required\"><\/textarea>\t\t\t\t<\/div>\n\t\t\t\t\t\t\t\t<div class=\"elementor-field-type-textarea elementor-field-group elementor-column elementor-field-group-field_14f73b5 elementor-col-50 elementor-field-required\">\n\t\t\t\t\t\t\t\t\t\t\t\t<label for=\"form-field-field_14f73b5\" class=\"elementor-field-label\">\n\t\t\t\t\t\t\t\tQuali problemi di connettivit\u00e0 avete incontrato in precedenza?\t\t\t\t\t\t\t<\/label>\n\t\t\t\t\t\t<textarea class=\"elementor-field-textual elementor-field  elementor-size-sm\" name=\"form_fields[field_14f73b5]\" id=\"form-field-field_14f73b5\" rows=\"2\" placeholder=\"Quali problemi di connettivit\u00e0 avete incontrato in precedenza?\" required=\"required\"><\/textarea>\t\t\t\t<\/div>\n\t\t\t\t\t\t\t\t<div class=\"elementor-field-type-textarea elementor-field-group elementor-column elementor-field-group-field_07ecfe1 elementor-col-50 elementor-field-required\">\n\t\t\t\t\t\t\t\t\t\t\t\t<label for=\"form-field-field_07ecfe1\" class=\"elementor-field-label\">\n\t\t\t\t\t\t\t\tCome siete venuti a conoscenza dei servizi di connettivit\u00e0 di Brdy?\t\t\t\t\t\t\t<\/label>\n\t\t\t\t\t\t<textarea class=\"elementor-field-textual elementor-field  elementor-size-sm\" name=\"form_fields[field_07ecfe1]\" id=\"form-field-field_07ecfe1\" rows=\"2\" placeholder=\"Come siete venuti a conoscenza dei servizi di connettivit\u00e0 di Brdy?\" required=\"required\"><\/textarea>\t\t\t\t<\/div>\n\t\t\t\t\t\t\t\t<div class=\"elementor-field-type-textarea elementor-field-group elementor-column elementor-field-group-field_62d4cee elementor-col-50 elementor-field-required\">\n\t\t\t\t\t\t\t\t\t\t\t\t<label for=\"form-field-field_62d4cee\" class=\"elementor-field-label\">\n\t\t\t\t\t\t\t\tCosa vi ha convinti a provare la banda larga Brdy?\t\t\t\t\t\t\t<\/label>\n\t\t\t\t\t\t<textarea class=\"elementor-field-textual elementor-field  elementor-size-sm\" name=\"form_fields[field_62d4cee]\" id=\"form-field-field_62d4cee\" rows=\"4\" placeholder=\"Cosa vi ha convinti a provare la banda larga Brdy?\" required=\"required\"><\/textarea>\t\t\t\t<\/div>\n\t\t\t\t\t\t\t\t<div class=\"elementor-field-type-textarea elementor-field-group elementor-column elementor-field-group-field_193288f elementor-col-50 elementor-field-required\">\n\t\t\t\t\t\t\t\t\t\t\t\t<label for=\"form-field-field_193288f\" class=\"elementor-field-label\">\n\t\t\t\t\t\t\t\t Qual \u00e8 stata la soluzione fornita da Brdy?\t\t\t\t\t\t\t<\/label>\n\t\t\t\t\t\t<textarea class=\"elementor-field-textual elementor-field  elementor-size-sm\" name=\"form_fields[field_193288f]\" id=\"form-field-field_193288f\" rows=\"4\" placeholder=\" Qual \u00e8 stata la soluzione fornita da Brdy?\" required=\"required\"><\/textarea>\t\t\t\t<\/div>\n\t\t\t\t\t\t\t\t<div class=\"elementor-field-type-textarea elementor-field-group elementor-column elementor-field-group-field_ee37690 elementor-col-50 elementor-field-required\">\n\t\t\t\t\t\t\t\t\t\t\t\t<label for=\"form-field-field_ee37690\" class=\"elementor-field-label\">\n\t\t\t\t\t\t\t\tQual \u00e8 l'utilizzo\/applicazione principale per cui necessitate di una connessione?\t\t\t\t\t\t\t<\/label>\n\t\t\t\t\t\t<textarea class=\"elementor-field-textual elementor-field  elementor-size-sm\" name=\"form_fields[field_ee37690]\" id=\"form-field-field_ee37690\" rows=\"4\" placeholder=\"Qual \u00e8 l&#039;utilizzo\/applicazione principale per cui necessitate di una connessione?\" required=\"required\"><\/textarea>\t\t\t\t<\/div>\n\t\t\t\t\t\t\t\t<div class=\"elementor-field-type-textarea elementor-field-group elementor-column elementor-field-group-field_7448e59 elementor-col-50 elementor-field-required\">\n\t\t\t\t\t\t\t\t\t\t\t\t<label for=\"form-field-field_7448e59\" class=\"elementor-field-label\">\n\t\t\t\t\t\t\t\tQuali sono i principali vantaggi che la banda larga satellitare ha portato alla vostra attivit\u00e0?\t\t\t\t\t\t\t<\/label>\n\t\t\t\t\t\t<textarea class=\"elementor-field-textual elementor-field  elementor-size-sm\" name=\"form_fields[field_7448e59]\" id=\"form-field-field_7448e59\" rows=\"4\" placeholder=\"What are the key benefits that satellite broadband has now brought to your business?\" required=\"required\"><\/textarea>\t\t\t\t<\/div>\n\t\t\t\t\t\t\t\t<div class=\"elementor-field-type-textarea elementor-field-group elementor-column elementor-field-group-field_7f5c986 elementor-col-50 elementor-field-required\">\n\t\t\t\t\t\t\t\t\t\t\t\t<label for=\"form-field-field_7f5c986\" class=\"elementor-field-label\">\n\t\t\t\t\t\t\t\tCitazione di un componente dell\u2019impresa -<br>In che modo Brdy ha migliorato le vostre attivit\u00e0 quotidiane?\t\t\t\t\t\t\t<\/label>\n\t\t\t\t\t\t<textarea class=\"elementor-field-textual elementor-field  elementor-size-sm\" name=\"form_fields[field_7f5c986]\" id=\"form-field-field_7f5c986\" rows=\"5\" placeholder=\"Citazione di un componente dell\u2019impresa -&lt;br&gt;In che modo Brdy ha migliorato le vostre attivit\u00e0 quotidiane?\" required=\"required\"><\/textarea>\t\t\t\t<\/div>\n\t\t\t\t\t\t\t\t<div class=\"elementor-field-type-upload elementor-field-group elementor-column elementor-field-group-field_8e6259e elementor-col-50\">\n\t\t\t\t\t\t\t\t\t\t\t\t<label for=\"form-field-field_8e6259e\" class=\"elementor-field-label\">\n\t\t\t\t\t\t\t\tPer supportare la vostra storia, vi chiediamo di inviare alcune immagini: la sede della vostra azienda o del vostro ufficio, l'installazione, i dipendenti che utilizzano Internet o qualsiasi altra cosa riteniate rilevante.\t\t\t\t\t\t\t<\/label>\n\t\t\t\t\t\t\t\t<input type=\"file\" name=\"form_fields[field_8e6259e][]\" id=\"form-field-field_8e6259e\" class=\"elementor-field elementor-size-sm  elementor-upload-field\" multiple=\"multiple\" data-maxsize=\"2\" data-maxsize-message=\"Questo file supera la dimensione massima consentita.\">\n\n\t\t\t\t\t\t<\/div>\n\t\t\t\t\t\t\t\t<div class=\"elementor-field-group elementor-column elementor-field-type-submit elementor-col-100 e-form__buttons\">\n\t\t\t\t\t<button class=\"elementor-button elementor-size-sm\" type=\"submit\">\n\t\t\t\t\t\t<span class=\"elementor-button-content-wrapper\">\n\t\t\t\t\t\t\t\t\t\t\t\t\t\t\t\t\t\t\t\t\t\t<span class=\"elementor-button-text\">INVIATE LA VOSTRA STORIA<\/span>\n\t\t\t\t\t\t\t\t\t\t\t\t\t<\/span>\n\t\t\t\t\t<\/button>\n\t\t\t\t<\/div>\n\t\t\t<\/div>\n\t\t<\/form>\n\t\t\t\t\t\t<\/div>\n\t\t\t\t<\/div>\n\t\t\t\t\t<\/div>\n\t\t<\/div>\n\t\t\t\t\t<\/div>\n\t\t<\/section>\n\t\t\t\t<\/div>\n\t\t","protected":false},"excerpt":{"rendered":"<p>Condividete con noi la vostra storia Ci piacerebbe condividere la vostra esperienza come clienti Brdy e dimostrare come una connessione ad alta velocit\u00e0 e affidabile abbia trasformato la vostra attivit\u00e0. La vostra azienda sar\u00e0 inserita nel nostro sito come case Study con un link al vostro sito web e sar\u00e0 pubblicata sui nostri canali online. Dettagli della Storia:<\/p>\n","protected":false},"author":1,"featured_media":0,"parent":0,"menu_order":0,"comment_status":"closed","ping_status":"closed","template":"elementor_header_footer","meta":{"footnotes":""},"class_list":["post-31450","page","type-page","status-publish","hentry","page--item"],"_links":{"self":[{"href":"https:\/\/brdy.com\/business\/it\/wp-json\/wp\/v2\/pages\/31450","targetHints":{"allow":["GET"]}}],"collection":[{"href":"https:\/\/brdy.com\/business\/it\/wp-json\/wp\/v2\/pages"}],"about":[{"href":"https:\/\/brdy.com\/business\/it\/wp-json\/wp\/v2\/types\/page"}],"author":[{"embeddable":true,"href":"https:\/\/brdy.com\/business\/it\/wp-json\/wp\/v2\/users\/1"}],"replies":[{"embeddable":true,"href":"https:\/\/brdy.com\/business\/it\/wp-json\/wp\/v2\/comments?post=31450"}],"version-history":[{"count":4,"href":"https:\/\/brdy.com\/business\/it\/wp-json\/wp\/v2\/pages\/31450\/revisions"}],"predecessor-version":[{"id":32445,"href":"https:\/\/brdy.com\/business\/it\/wp-json\/wp\/v2\/pages\/31450\/revisions\/32445"}],"wp:attachment":[{"href":"https:\/\/brdy.com\/business\/it\/wp-json\/wp\/v2\/media?parent=31450"}],"curies":[{"name":"wp","href":"https:\/\/api.w.org\/{rel}","templated":true}]}}