{"id":25048,"date":"2023-06-26T12:01:24","date_gmt":"2023-06-26T11:01:24","guid":{"rendered":"https:\/\/brdy.com\/business\/privacy-policy\/"},"modified":"2024-09-18T06:33:30","modified_gmt":"2024-09-18T05:33:30","slug":"informativa-privacy-2","status":"publish","type":"page","link":"https:\/\/brdy.com\/business\/it\/informativa-privacy-2\/","title":{"rendered":"politica sulla riservatezza"},"content":{"rendered":"\t\t<div data-elementor-type=\"wp-page\" data-elementor-id=\"25048\" class=\"elementor elementor-25048 elementor-3\" data-elementor-post-type=\"page\">\n\t\t\t\t\t\t<section class=\"elementor-section elementor-top-section elementor-element elementor-element-5a788931 elementor-section-boxed elementor-section-height-default elementor-section-height-default wpr-particle-no wpr-jarallax-no wpr-parallax-no wpr-sticky-section-no\" data-id=\"5a788931\" data-element_type=\"section\" data-e-type=\"section\" data-settings=\"{&quot;background_background&quot;:&quot;classic&quot;}\">\n\t\t\t\t\t\t<div class=\"elementor-container elementor-column-gap-default\">\n\t\t\t\t\t<div class=\"elementor-column elementor-col-100 elementor-top-column elementor-element elementor-element-6845f5bd\" data-id=\"6845f5bd\" data-element_type=\"column\" data-e-type=\"column\">\n\t\t\t<div class=\"elementor-widget-wrap elementor-element-populated\">\n\t\t\t\t\t\t<div class=\"elementor-element elementor-element-434de8b7 txt_white elementor-widget elementor-widget-text-editor\" data-id=\"434de8b7\" data-element_type=\"widget\" data-e-type=\"widget\" data-widget_type=\"text-editor.default\">\n\t\t\t\t<div class=\"elementor-widget-container\">\n\t\t\t\t\t\t\t\t\t<p style=\"color: #ffffff;\">La presente Policy Privacy rende noti nel dettaglio i trattamenti che OPEN SKY Spa effettua sui dati raccolti durante la navigazione del sito www.open-sky.it e le modalit\u00e0 con cui ne garantisce la privacy.<\/p><p style=\"color: #ffffff;\"><span style=\"font-weight: bolder;\">1) Titolare del Trattamento<\/span>\u202f\u00e8 OPEN SKY Spa con sede in Vicenza, C.so S.S. Felice e Fortunato 105 (di seguito denominato anche semplicemente Titolare)<\/p><p style=\"color: #ffffff;\">Ogni richiesta di informazioni in materia di protezione dei dati personali pu\u00f2 essere rivolta presso la sede del Titolare o tramite e-mail all\u2019indirizzo\u202f<a style=\"transition-property: all;\" href=\"mailto:privacy@open-sky.it\" target=\"_blank\" rel=\"noreferrer noopener\">privacy@open-sky.it<\/a><\/p><p style=\"color: #ffffff;\">Il Responsabile per la protezione dei Dati pu\u00f2 essere contattato all\u2019indirizzo\u202f<a style=\"transition-property: all;\" href=\"mailto:rpd@open-sky.it\" target=\"_blank\" rel=\"noreferrer noopener\">rpd@open-sky.it<\/a><\/p><p style=\"color: #ffffff;\"><span style=\"font-weight: bolder;\">2) Finalit\u00e0 del Trattamento<\/span><\/p><p style=\"color: #ffffff;\">Di seguito sono elencate le finalit\u00e0 del trattamento, accanto alle quali \u00e8 indicata la base giuridica del trattamento.<\/p><figure class=\"wp-block-table\"><table class=\"table table-dark table-striped\" style=\"width: 1390px; border: 1px solid var(--border-color);\"><tbody><tr><td><span style=\"font-weight: bolder;\">Finalit\u00e0 del trattamento\u00a0<\/span><\/td><td><span style=\"font-weight: bolder;\">Base giuridica del trattamento\u00a0<\/span><\/td><\/tr><tr><td>Fornitura e erogazione di servizi di telecomunicazione<\/td><td>il trattamento \u00e8 necessario all\u2019esecuzione di un contratto di cui l\u2019interessato \u00e8 parte o all\u2019esecuzione di misure precontrattuali adottate su richiesta dello stesso<\/td><\/tr><tr><td>Aggiornamento su opzioni e caratteristiche dei servizi e assistenza tecnica<\/td><td>il trattamento \u00e8 necessario all\u2019esecuzione di un contratto di cui l\u2019interessato \u00e8 parte o all\u2019esecuzione di misure precontrattuali adottate su richiesta dello stesso<\/td><\/tr><tr><td>Fatturazione<\/td><td>il trattamento \u00e8 necessario all\u2019esecuzione di un contratto di cui l\u2019interessato \u00e8 parte e per adempiere a un obbligo di legge<\/td><\/tr><tr><td>Recupero e cessione del credito<\/td><td>il trattamento \u00e8 necessario per il perseguimento del legittimo interesse del titolare del trattamento che consiste nella tutela del proprio credito<\/td><\/tr><tr><td>Prevenzione\u202f\u202f\u202f\u202f frodi, anche informatiche<\/td><td>il trattamento \u00e8 necessario per il perseguimento del legittimo interesse del titolare del trattamento che consiste nella protezione dei servizi erogati da operazioni fraudolente poste in essere anche da terzi<\/td><\/tr><tr><td>Adempimento di obblighi a cui sono soggetti i fornitori di servizi di comunicazione VOIP<\/td><td>il trattamento \u00e8 necessario per adempiere a un obbligo di legge<\/td><\/tr><tr><td>Iniziative di marketing per l\u2019acquisizione di nuovi clienti<\/td><td>Consenso<\/td><\/tr><\/tbody><\/table><\/figure><p style=\"color: #ffffff;\"><span style=\"font-weight: bolder;\">3) Modalit\u00e0 di trattamento<\/span><\/p><p style=\"color: #ffffff;\">I vostri dati personali verranno trattati in forma scritta e\/o su supporto magnetico, elettronico o telematico; Il conferimento dei dati \u00e8 facoltativo ma il mancato conferimento pu\u00f2 comportare l\u2019impossibilit\u00e0 di soddisfare gli obblighi contrattuali e\/o le richieste degli interessati.<\/p><p style=\"color: #ffffff;\">I Vostri dai personali potranno essere raccolti dai nostri rivenditori e installatori operanti sul territorio nazionale.<\/p><p style=\"color: #ffffff;\"><span style=\"font-weight: bolder;\">4) Destinatari dei dati personali<\/span><\/p><p style=\"color: #ffffff;\">Ferme restando le comunicazioni e diffusioni effettuate in esecuzione di obblighi di legge, anche ai fini della tutela del credito e della migliore gestione dei nostri diritti relativi al singolo rapporto commerciale, esclusivamente per le finalit\u00e0 legate ad esigenze contrattuali e\/o alla soddisfazione delle Vostre richieste, i dati potranno essere comunicati a:<\/p><p style=\"color: #ffffff;\">\u2013\u202f\u202f\u202f\u202f\u202f\u202f\u202f\u202f\u202f\u202f\u202f\u202f\u202f nostra rete di rivenditori e installatori italiani<\/p><p style=\"color: #ffffff;\">\u2013\u202f\u202f\u202f\u202f\u202f\u202f\u202f\u202f\u202f\u202f\u202f\u202f\u202f agenzie specializzate nell\u2019erogazione di servizi post-vendita<\/p><p style=\"color: #ffffff;\">\u2013\u202f\u202f\u202f\u202f\u202f\u202f\u202f\u202f\u202f\u202f\u202f\u202f\u202f agenzie di marketing<\/p><p style=\"color: #ffffff;\">\u2013\u202f\u202f\u202f\u202f\u202f\u202f\u202f\u202f\u202f\u202f\u202f\u202f\u202f istituti di credito<\/p><p style=\"color: #ffffff;\">\u2013\u202f\u202f\u202f\u202f\u202f\u202f\u202f\u202f\u202f\u202f\u202f\u202f\u202f societ\u00e0 di recupero crediti<\/p><p style=\"color: #ffffff;\">\u2013\u202f\u202f\u202f\u202f\u202f\u202f\u202f\u202f\u202f\u202f\u202f\u202f\u202f societ\u00e0 di informazioni commerciali<\/p><p style=\"color: #ffffff;\">\u2013\u202f\u202f\u202f\u202f\u202f\u202f\u202f\u202f\u202f\u202f\u202f\u202f\u202f professionisti e consulenti<\/p><p style=\"color: #ffffff;\">\u2013\u202f\u202f\u202f\u202f\u202f\u202f\u202f\u202f\u202f\u202f\u202f\u202f\u202f aziende operanti nel settore del trasporto<\/p><p style=\"color: #ffffff;\">\u2013\u202f\u202f\u202f\u202f\u202f\u202f\u202f\u202f\u202f\u202f\u202f\u202f\u202f alle societ\u00e0 controllanti e controllate<\/p><p style=\"color: #ffffff;\">\u2013\u202f\u202f\u202f\u202f\u202f\u202f\u202f\u202f\u202f\u202f\u202f\u202f\u202f partner commerciali<\/p><p style=\"color: #ffffff;\"><span style=\"font-weight: bolder;\">5) Conservazione dei dati<\/span><\/p><p style=\"color: #ffffff;\">I dati saranno:<\/p><ul class=\"wp-block-list\"><li>conservati per obbligo di legge per la durata di dieci anni dal recesso del contratto;<\/li><li>utilizzati per la promozione via mail di prodotti e servizi analoghi a quelli acquisiti per due anni dal recesso fatto salvo il diritto di opporsi.<\/li><\/ul><p style=\"color: #ffffff;\"><span style=\"font-weight: bolder;\">6) Esercizio dei Diritti dell\u2019interessato<\/span><\/p><p style=\"color: #ffffff;\">Relativamente ai dati medesimi le persone fisiche potranno esercitare i diritti previsti dal Capo III artt. da 12 a 23 del Regolamento Europeo 679\/2016.<\/p><p style=\"color: #ffffff;\">Riportiamo di seguito i diritti previsti dagli artt. 15 e 16 del Regolamento Europeo 679\/2016, ricordando che potranno essere esercitati nei nostri confronti i seguenti diritti:<\/p><p style=\"color: #ffffff;\">1.L\u2019interessato ha il diritto di ottenere dal Titolare la conferma se sia in corso un trattamento di dati personali che lo riguardano, e in tal caso ottenere l\u2019accesso ai dati personali e ricevere le seguenti informazioni:<\/p><p style=\"color: #ffffff;\">a) le finalit\u00e0 del trattamento;<br \/>b) le categorie di dati personali in questione;<br \/>c) i destinatari o le categorie di destinatari a cui i dati personali sono stati o saranno comunicati, in particolare se destinatari di paesi terzi o organizzazioni internazionali;<br \/>d) quando possibile, il periodo di conservazione dei dati personali previsto oppure, se non \u00e8 possibile, i criteri utilizzati per determinare tale periodo;<br \/>e) l\u2019esistenza del diritto di chiedere al Titolare la rettifica o la cancellazione dei dati personali o la limitazione del loro trattamento o di opporsi al trattamento;<br \/>f) il diritto di proporre reclamo a un\u2019autorit\u00e0 di controllo;<\/p><p style=\"color: #ffffff;\">2.Il Titolare fornisce, su richiesta dell\u2019interessato, una copia dei dati personali oggetto di trattamento. Se l\u2019interessato presenta la richiesta mediante mezzi elettronici, e salvo indicazione diversa dell\u2019interessato, le informazioni sono fornite in un formato elettronico di uso comune.<\/p><p style=\"color: #ffffff;\">3. L\u2019interessato ha il diritto di ottenere dal Titolare la rettifica dei dati personali inesatti che lo riguardano senza ingiustificato ritardo. Tenuto conto delle finalit\u00e0 del trattamento, l\u2019interessato ha il diritto di ottenere l\u2019integrazione dei dati personali incompleti, anche fornendo una dichiarazione integrativa.<\/p><p style=\"color: #ffffff;\">4. L\u2019interessato ha il diritto di ottenere dal Titolare la cancellazione dei dati personali che lo riguardano senza ingiustificato ritardo se:<br \/>a) i dati personali non sono pi\u00f9 necessari rispetto alle finalit\u00e0 per le quali sono stati raccolti<br \/>b) i dati personali sono stati trattati illecitamente;<br \/>c) i dati personali devono essere cancellati per adempiere un obbligo legale previsto dal diritto dell\u2019Unione o dello Stato membro cui \u00e8 soggetto il titolare del trattamento;<\/p><p style=\"color: #ffffff;\">Il punto 4 non si applica nella misura in cui il trattamento sia necessario: per l\u2019accertamento, l\u2019esercizio o la difesa di un diritto in sede giudiziaria.<\/p><p style=\"color: #ffffff;\">5. Se la base giuridica del trattamento \u00e8 fondata sul consenso, l\u2019interessato potr\u00e0 revocare il consenso in qualsiasi momento senza pregiudicare la liceit\u00e0 del trattamento basata sul consenso prestato prima della revoca.<\/p><p style=\"color: #ffffff;\">I diritti sopra elencati potranno essere esercitati scrivendo ai riferimenti di contatto indicati al punto\u202f \u201cTitolare del Trattamento\u201d.<\/p><p style=\"color: #ffffff;\"><span style=\"font-weight: bolder;\">Addendum per il Sito Web<\/span><\/p><p style=\"color: #ffffff;\">La Privacy Policy che segue ha lo scopo di descrivere le modalit\u00e0 di gestione di questo sito, in riferimento al trattamento dei dati personali degli utenti\/visitatori che lo consultano. Si tratta di un\u2019informativa che \u00e8 resa a coloro che si collegano al sito del dominio www.open-sky.it L\u2019informativa \u00e8 resa soltanto per il sito sopra menzionato e non anche per altri siti web eventualmente consultati dall\u2019utente tramite appositi link. Il sito sopra indicato \u00e8 di propriet\u00e0 e gestione di Open Sky Spa e garantisce il rispetto della normativa in materia di protezione dei dati personali. Si invitano gli utenti\/visitatori a leggere attentamente la presente Privacy Policy prima di inoltrare qualsiasi tipo di informazione personale e\/o compilare qualunque modulo elettronico presente sul sito stesso.<\/p><p style=\"color: #ffffff;\">Tipologia di dati trattati e finalit\u00e0 del trattamento<\/p><p style=\"color: #ffffff;\">Dati di navigazione<\/p><p style=\"color: #ffffff;\">I sistemi informatici e le procedure software preposte al funzionamento di questo sito acquisiscono nel normale esercizio, alcuni dati personali che vengono poi trasmessi implicitamente nell\u2019uso dei protocolli di comunicazione Internet. Si tratta di informazioni che per loro natura potrebbero, mediante associazioni ed elaborazioni con dati detenuti da terzi, permettere di identificare gli utenti\/visitatori (ad es. indirizzo IP; nomi di domini dei computer utilizzati dagli utenti\/visitatori che si collegano al sito ecc). Questi dati vengono utilizzati solo per informazioni di tipo statistico (quindi sono anonimi) e per controllarne il corretto funzionamento del sito. Vengono cancellati subito dopo l\u2019elaborazione. I dati sui contatti web non vengono conservati, comunque, per pi\u00f9 di 30 giorni salvo eventuali accertamenti di reati informatici ai danni del sito. Nessun dato derivante dal servizio web verr\u00e0 comunicato o diffuso.<\/p><p style=\"color: #ffffff;\">Cookie<\/p><p style=\"color: #ffffff;\">Non viene fatto uso di cookie per la trasmissione di informazioni di carattere personale. I Cookie o marcatori sono pacchetti di informazioni inviate da un web server (es. il sito) al browser Internet dell\u2019utente, da quest\u2019ultimo memorizzati automaticamente sul computer e rinviati automaticamente al server ad ogni successivo accesso al sito. L\u2019uso di c.d. cookie di sessione (che non vengono memorizzati in modo persistente sul computer dell\u2019utente e svaniscono con la chiusura del browser) \u00e8 strettamente limitato alla trasmissione di identificativi di sessione necessari per consentire l\u2019esplorazione sicura ed efficiente del sito.<\/p><p style=\"color: #ffffff;\">I cookie di sessione utilizzati in questo sito evitano il ricorso ad altre tecniche informatiche potenzialmente pregiudizievoli per la riservatezza della navigazione degli utenti e non consentono l\u2019acquisizione di dati personali identificativi dell\u2019utente.<\/p><p style=\"color: #ffffff;\">In questo sito vengono, altres\u00ec, impiegati cookie persistenti, ossia cookie che rimangono memorizzati sul disco rigido del computer fino alla loro scadenza o cancellazione da parte degli utenti\/visitatori. La cancellazione dei cookie non preclude l\u2019utilizzo dei siti e\/o applicazioni sopra indicate. Tramite i cookie persistenti gli utenti\/visitatori che accedono al sito (o eventuali altri utenti che impiegano il medesimo computer) vengono automaticamente riconosciuti ad ogni visita.<\/p><p style=\"color: #ffffff;\">Gli utenti\/visitatori possono impostare il browser del computer in modo tale che accetti\/rifiuti tutti i cookie o visualizzi un avviso ogni qual volta viene proposto un cookie, per poter valutare se accettarlo o meno. Per default quasi tutti i browser web sono impostati per accettare automaticamente i cookie. Puoi comunque modificare la configurazione predefinita, che con browser (come, ad es. Internet Explorer versione 6.0) \u00e8 quella media, e disabilitare i cookie (cio\u00e8 bloccarli in via definitiva), impostando, nell\u2019apposita scheda (\u201cPrivacy\u201d), il livello di protezione pi\u00f9 elevato (Altissimo), ma Ti informiamo che la disabilitazione compromette l\u2019utilizzo del Servizio. In ogni caso, hai anche la possibilit\u00e0 di cancellare (o eliminare) i cookie dal Tuo personal computer, selezionando, sempre dalla voce \u201cOpzioni Internet\u201d del men\u00f9 Strumenti, la scheda \u201cGenerale\u201d.<\/p><p style=\"color: #ffffff;\">La cancellazione dei cookie non preclude l\u2019utilizzo del Servizio, ma comporta la ripetizione della procedura di autenticazione, ovvero il reinserimento delle Tue credenziali d\u2019accesso. Se vuoi decidere di volta in volta se accettare o meno i cookie, puoi anche configurare il Tuo browser affinch\u00e9 generi un avviso ogni volta che viene salvato un cookie.<\/p><p style=\"color: #ffffff;\">Modalit\u00e0 del trattamento<\/p><p style=\"color: #ffffff;\">Il trattamento viene effettuato attraverso strumenti automatizzati (ad es. utilizzando procedure e supporti elettronici) e\/o manualmente (ad es. su supporto cartaceo) per il tempo strettamente necessario a conseguire gli scopi per i quali i dati sono stati raccolti e comunque, in conformit\u00e0 alle disposizioni normative vigenti in materia.<\/p><p style=\"color: #ffffff;\">Facoltativit\u00e0 del conferimento dei dati<\/p><p style=\"color: #ffffff;\">A parte quanto specificato per i dati di navigazione, gli utenti\/visitatori sono liberi di fornire i propri dati personali. Il loro mancato conferimento pu\u00f2 comportare unicamente l\u2019impossibilit\u00e0 di ottenere quanto richiesto.\u00a0<\/p>\t\t\t\t\t\t\t\t<\/div>\n\t\t\t\t<\/div>\n\t\t\t\t\t<\/div>\n\t\t<\/div>\n\t\t\t\t\t<\/div>\n\t\t<\/section>\n\t\t\t\t<\/div>\n\t\t","protected":false},"excerpt":{"rendered":"<p>La presente Policy Privacy rende noti nel dettaglio i trattamenti che OPEN SKY Spa effettua sui dati raccolti durante la navigazione del sito www.open-sky.it e le modalit\u00e0 con cui ne garantisce la privacy. 1) Titolare del Trattamento\u202f\u00e8 OPEN SKY Spa con sede in Vicenza, C.so S.S. Felice e Fortunato 105 (di seguito denominato anche semplicemente Titolare) Ogni richiesta di informazioni in materia di protezione dei dati personali pu\u00f2 essere rivolta presso la sede del Titolare o tramite e-mail all\u2019indirizzo\u202fprivacy@open-sky.it Il Responsabile per la protezione dei Dati pu\u00f2 essere contattato all\u2019indirizzo\u202frpd@open-sky.it 2) Finalit\u00e0 del Trattamento Di seguito sono elencate le finalit\u00e0 del trattamento, accanto alle quali \u00e8 indicata la base giuridica del trattamento. Finalit\u00e0 del trattamento\u00a0 Base giuridica del trattamento\u00a0 Fornitura e erogazione di servizi di telecomunicazione il trattamento \u00e8 necessario all\u2019esecuzione di un contratto di cui l\u2019interessato \u00e8 parte o all\u2019esecuzione di misure precontrattuali adottate su richiesta dello stesso Aggiornamento su opzioni e caratteristiche dei servizi e assistenza tecnica il trattamento \u00e8 necessario all\u2019esecuzione di un contratto di cui l\u2019interessato \u00e8 parte o all\u2019esecuzione di misure precontrattuali adottate su richiesta dello stesso Fatturazione il trattamento \u00e8 necessario all\u2019esecuzione di un contratto di cui l\u2019interessato \u00e8 parte e per adempiere a un obbligo di legge Recupero e cessione del credito il trattamento \u00e8 necessario per il perseguimento del legittimo interesse del titolare del trattamento che consiste nella tutela del proprio credito Prevenzione\u202f\u202f\u202f\u202f frodi, anche informatiche il trattamento \u00e8 necessario per il perseguimento del legittimo interesse del titolare del trattamento che consiste nella protezione dei servizi erogati da operazioni fraudolente poste in essere anche da terzi Adempimento di obblighi a cui sono soggetti i fornitori di servizi di comunicazione VOIP il trattamento \u00e8 necessario per adempiere a un obbligo di legge Iniziative di marketing per l\u2019acquisizione di nuovi clienti Consenso 3) Modalit\u00e0 di trattamento I vostri dati personali verranno trattati in forma scritta e\/o su supporto magnetico, elettronico o telematico; Il conferimento dei dati \u00e8 facoltativo ma il mancato conferimento pu\u00f2 comportare l\u2019impossibilit\u00e0 di soddisfare gli obblighi contrattuali e\/o le richieste degli interessati. I Vostri dai personali potranno essere raccolti dai nostri rivenditori e installatori operanti sul territorio nazionale. 4) Destinatari dei dati personali Ferme restando le comunicazioni e diffusioni effettuate in esecuzione di obblighi di legge, anche ai fini della tutela del credito e della migliore gestione dei nostri diritti relativi al singolo rapporto commerciale, esclusivamente per le finalit\u00e0 legate ad esigenze contrattuali e\/o alla soddisfazione delle Vostre richieste, i dati potranno essere comunicati a: \u2013\u202f\u202f\u202f\u202f\u202f\u202f\u202f\u202f\u202f\u202f\u202f\u202f\u202f nostra rete di rivenditori e installatori italiani \u2013\u202f\u202f\u202f\u202f\u202f\u202f\u202f\u202f\u202f\u202f\u202f\u202f\u202f agenzie specializzate nell\u2019erogazione di servizi post-vendita \u2013\u202f\u202f\u202f\u202f\u202f\u202f\u202f\u202f\u202f\u202f\u202f\u202f\u202f agenzie di marketing \u2013\u202f\u202f\u202f\u202f\u202f\u202f\u202f\u202f\u202f\u202f\u202f\u202f\u202f istituti di credito \u2013\u202f\u202f\u202f\u202f\u202f\u202f\u202f\u202f\u202f\u202f\u202f\u202f\u202f societ\u00e0 di recupero crediti \u2013\u202f\u202f\u202f\u202f\u202f\u202f\u202f\u202f\u202f\u202f\u202f\u202f\u202f societ\u00e0 di informazioni commerciali \u2013\u202f\u202f\u202f\u202f\u202f\u202f\u202f\u202f\u202f\u202f\u202f\u202f\u202f professionisti e consulenti \u2013\u202f\u202f\u202f\u202f\u202f\u202f\u202f\u202f\u202f\u202f\u202f\u202f\u202f aziende operanti nel settore del trasporto \u2013\u202f\u202f\u202f\u202f\u202f\u202f\u202f\u202f\u202f\u202f\u202f\u202f\u202f alle societ\u00e0 controllanti e controllate \u2013\u202f\u202f\u202f\u202f\u202f\u202f\u202f\u202f\u202f\u202f\u202f\u202f\u202f partner commerciali 5) Conservazione dei dati I dati saranno: conservati per obbligo di legge per la durata di dieci anni dal recesso del contratto; utilizzati per la promozione via mail di prodotti e servizi analoghi a quelli acquisiti per due anni dal recesso fatto salvo il diritto di opporsi. 6) Esercizio dei Diritti dell\u2019interessato Relativamente ai dati medesimi le persone fisiche potranno esercitare i diritti previsti dal Capo III artt. da 12 a 23 del Regolamento Europeo 679\/2016. Riportiamo di seguito i diritti previsti dagli artt. 15 e 16 del Regolamento Europeo 679\/2016, ricordando che potranno essere esercitati nei nostri confronti i seguenti diritti: 1.L\u2019interessato ha il diritto di ottenere dal Titolare la conferma se sia in corso un trattamento di dati personali che lo riguardano, e in tal caso ottenere l\u2019accesso ai dati personali e ricevere le seguenti informazioni: a) le finalit\u00e0 del trattamento;b) le categorie di dati personali in questione;c) i destinatari o le categorie di destinatari a cui i dati personali sono stati o saranno comunicati, in particolare se destinatari di paesi terzi o organizzazioni internazionali;d) quando possibile, il periodo di conservazione dei dati personali previsto oppure, se non \u00e8 possibile, i criteri utilizzati per determinare tale periodo;e) l\u2019esistenza del diritto di chiedere al Titolare la rettifica o la cancellazione dei dati personali o la limitazione del loro trattamento o di opporsi al trattamento;f) il diritto di proporre reclamo a un\u2019autorit\u00e0 di controllo; 2.Il Titolare fornisce, su richiesta dell\u2019interessato, una copia dei dati personali oggetto di trattamento. Se l\u2019interessato presenta la richiesta mediante mezzi elettronici, e salvo indicazione diversa dell\u2019interessato, le informazioni sono fornite in un formato elettronico di uso comune. 3. L\u2019interessato ha il diritto di ottenere dal Titolare la rettifica dei dati personali inesatti che lo riguardano senza ingiustificato ritardo. Tenuto conto delle finalit\u00e0 del trattamento, l\u2019interessato ha il diritto di ottenere l\u2019integrazione dei dati personali incompleti, anche fornendo una dichiarazione integrativa. 4. L\u2019interessato ha il diritto di ottenere dal Titolare la cancellazione dei dati personali che lo riguardano senza ingiustificato ritardo se:a) i dati personali non sono pi\u00f9 necessari rispetto alle finalit\u00e0 per le quali sono stati raccoltib) i dati personali sono stati trattati illecitamente;c) i dati personali devono essere cancellati per adempiere un obbligo legale previsto dal diritto dell\u2019Unione o dello Stato membro cui \u00e8 soggetto il titolare del trattamento; Il punto 4 non si applica nella misura in cui il trattamento sia necessario: per l\u2019accertamento, l\u2019esercizio o la difesa di un diritto in sede giudiziaria. 5. Se la base giuridica del trattamento \u00e8 fondata sul consenso, l\u2019interessato potr\u00e0 revocare il consenso in qualsiasi momento senza pregiudicare la liceit\u00e0 del trattamento basata sul consenso prestato prima della revoca. I diritti sopra elencati potranno essere esercitati scrivendo ai riferimenti di contatto indicati al punto\u202f \u201cTitolare del Trattamento\u201d. Addendum per il Sito Web La Privacy Policy che segue ha lo scopo di descrivere le modalit\u00e0 di gestione di questo sito, in riferimento al trattamento dei dati personali degli utenti\/visitatori che lo consultano. Si tratta di un\u2019informativa che \u00e8 resa a coloro che si collegano al sito del dominio www.open-sky.it L\u2019informativa \u00e8 resa soltanto per il sito sopra menzionato e non anche per altri siti web eventualmente consultati dall\u2019utente tramite&#8230;<\/p>\n","protected":false},"author":1,"featured_media":0,"parent":0,"menu_order":0,"comment_status":"closed","ping_status":"closed","template":"","meta":{"footnotes":""},"class_list":["post-25048","page","type-page","status-publish","hentry","page--item"],"_links":{"self":[{"href":"https:\/\/brdy.com\/business\/it\/wp-json\/wp\/v2\/pages\/25048","targetHints":{"allow":["GET"]}}],"collection":[{"href":"https:\/\/brdy.com\/business\/it\/wp-json\/wp\/v2\/pages"}],"about":[{"href":"https:\/\/brdy.com\/business\/it\/wp-json\/wp\/v2\/types\/page"}],"author":[{"embeddable":true,"href":"https:\/\/brdy.com\/business\/it\/wp-json\/wp\/v2\/users\/1"}],"replies":[{"embeddable":true,"href":"https:\/\/brdy.com\/business\/it\/wp-json\/wp\/v2\/comments?post=25048"}],"version-history":[{"count":9,"href":"https:\/\/brdy.com\/business\/it\/wp-json\/wp\/v2\/pages\/25048\/revisions"}],"predecessor-version":[{"id":28197,"href":"https:\/\/brdy.com\/business\/it\/wp-json\/wp\/v2\/pages\/25048\/revisions\/28197"}],"wp:attachment":[{"href":"https:\/\/brdy.com\/business\/it\/wp-json\/wp\/v2\/media?parent=25048"}],"curies":[{"name":"wp","href":"https:\/\/api.w.org\/{rel}","templated":true}]}}