{"id":31438,"date":"2024-10-30T14:00:00","date_gmt":"2024-10-30T14:00:00","guid":{"rendered":"https:\/\/brdy.com\/business\/teilen-sie-ihre-geschichte-mit-uns\/"},"modified":"2024-12-04T11:52:54","modified_gmt":"2024-12-04T11:52:54","slug":"teilen-sie-ihre-geschichte-mit-uns","status":"publish","type":"page","link":"https:\/\/brdy.com\/business\/de\/teilen-sie-ihre-geschichte-mit-uns\/","title":{"rendered":"Teilen Sie Ihre Geschichte mit uns"},"content":{"rendered":"\t\t<div data-elementor-type=\"wp-page\" data-elementor-id=\"31438\" class=\"elementor elementor-31438 elementor-31107\" data-elementor-post-type=\"page\">\n\t\t\t\t\t\t<section class=\"elementor-section elementor-top-section elementor-element elementor-element-7240028 elementor-section-stretched elementor-section-boxed elementor-section-height-default elementor-section-height-default wpr-particle-no wpr-jarallax-no wpr-parallax-no wpr-sticky-section-no\" data-id=\"7240028\" data-element_type=\"section\" data-e-type=\"section\" data-settings=\"{&quot;stretch_section&quot;:&quot;section-stretched&quot;,&quot;background_background&quot;:&quot;classic&quot;}\">\n\t\t\t\t\t\t\t<div class=\"elementor-background-overlay\"><\/div>\n\t\t\t\t\t\t\t<div class=\"elementor-container elementor-column-gap-default\">\n\t\t\t\t\t<div class=\"elementor-column elementor-col-100 elementor-top-column elementor-element elementor-element-9b9c10a\" data-id=\"9b9c10a\" data-element_type=\"column\" data-e-type=\"column\">\n\t\t\t<div class=\"elementor-widget-wrap elementor-element-populated\">\n\t\t\t\t\t\t<div class=\"elementor-element elementor-element-4d50774 elementor-widget elementor-widget-heading\" data-id=\"4d50774\" data-element_type=\"widget\" data-e-type=\"widget\" data-widget_type=\"heading.default\">\n\t\t\t\t<div class=\"elementor-widget-container\">\n\t\t\t\t\t<h1 class=\"elementor-heading-title elementor-size-default\">Teilen Sie Ihre Geschichte mit uns <\/h1>\t\t\t\t<\/div>\n\t\t\t\t<\/div>\n\t\t\t\t<div class=\"elementor-element elementor-element-a8d01b3 elementor-widget elementor-widget-text-editor\" data-id=\"a8d01b3\" data-element_type=\"widget\" data-e-type=\"widget\" data-widget_type=\"text-editor.default\">\n\t\t\t\t<div class=\"elementor-widget-container\">\n\t\t\t\t\t\t\t\t\t<p>Wir w\u00fcrden gerne Ihre Erfahrungen als Gesch\u00e4ftskunde in Brdy mit Ihnen teilen und Ihnen zeigen, wie schnelles und zuverl\u00e4ssiges Internet Ihr Unternehmen ver\u00e4ndert hat. <br \/>Ihr Unternehmen wird in der Fallstudie zusammen mit einem Link zu Ihrer Website vorgestellt und in unseren Online-Kan\u00e4len ver\u00f6ffentlicht.<\/p>\n\t\t\t\t\t\t\t\t<\/div>\n\t\t\t\t<\/div>\n\t\t\t\t\t<\/div>\n\t\t<\/div>\n\t\t\t\t\t<\/div>\n\t\t<\/section>\n\t\t\t\t<section class=\"elementor-section elementor-top-section elementor-element elementor-element-3e8bdef elementor-section-boxed elementor-section-height-default elementor-section-height-default wpr-particle-no wpr-jarallax-no wpr-parallax-no wpr-sticky-section-no\" data-id=\"3e8bdef\" data-element_type=\"section\" data-e-type=\"section\" data-settings=\"{&quot;background_background&quot;:&quot;classic&quot;}\">\n\t\t\t\t\t\t<div class=\"elementor-container elementor-column-gap-default\">\n\t\t\t\t\t<div class=\"elementor-column elementor-col-100 elementor-top-column elementor-element elementor-element-77afc80\" data-id=\"77afc80\" data-element_type=\"column\" data-e-type=\"column\">\n\t\t\t<div class=\"elementor-widget-wrap elementor-element-populated\">\n\t\t\t\t\t\t<div class=\"elementor-element elementor-element-a65a0a8 elementor-widget elementor-widget-heading\" data-id=\"a65a0a8\" data-element_type=\"widget\" data-e-type=\"widget\" data-widget_type=\"heading.default\">\n\t\t\t\t<div class=\"elementor-widget-container\">\n\t\t\t\t\t<h2 class=\"elementor-heading-title elementor-size-default\">Einzelheiten zur Geschichte:<\/h2>\t\t\t\t<\/div>\n\t\t\t\t<\/div>\n\t\t\t\t<div class=\"elementor-element elementor-element-4ab3942 elementor-button-align-stretch elementor-widget elementor-widget-form\" data-id=\"4ab3942\" data-element_type=\"widget\" data-e-type=\"widget\" data-settings=\"{&quot;step_next_label&quot;:&quot;N\\u00e4chste&quot;,&quot;step_previous_label&quot;:&quot;Vorherige&quot;,&quot;button_width&quot;:&quot;100&quot;,&quot;step_type&quot;:&quot;number_text&quot;,&quot;step_icon_shape&quot;:&quot;circle&quot;}\" data-widget_type=\"form.default\">\n\t\t\t\t<div class=\"elementor-widget-container\">\n\t\t\t\t\t\t\t<form class=\"elementor-form\" method=\"post\" name=\"New Form\" aria-label=\"New Form\">\n\t\t\t<input type=\"hidden\" name=\"post_id\" value=\"31438\"\/>\n\t\t\t<input type=\"hidden\" name=\"form_id\" value=\"4ab3942\"\/>\n\t\t\t<input type=\"hidden\" name=\"referer_title\" value=\"Teilen Sie Ihre Geschichte mit uns | Brdy For Business\" \/>\n\n\t\t\t\t\t\t\t<input type=\"hidden\" name=\"queried_id\" value=\"31438\"\/>\n\t\t\t\n\t\t\t<div class=\"elementor-form-fields-wrapper elementor-labels-above\">\n\t\t\t\t\t\t\t\t<div class=\"elementor-field-type-text elementor-field-group elementor-column elementor-field-group-name elementor-col-50 elementor-field-required\">\n\t\t\t\t\t\t\t\t\t\t\t\t<label for=\"form-field-name\" class=\"elementor-field-label\">\n\t\t\t\t\t\t\t\tName des Unternehmens\t\t\t\t\t\t\t<\/label>\n\t\t\t\t\t\t\t\t\t\t\t\t\t\t<input size=\"1\" type=\"text\" name=\"form_fields[name]\" id=\"form-field-name\" class=\"elementor-field elementor-size-sm  elementor-field-textual\" placeholder=\"Name des Unternehmens\" required=\"required\">\n\t\t\t\t\t\t\t\t\t\t\t<\/div>\n\t\t\t\t\t\t\t\t<div class=\"elementor-field-type-text elementor-field-group elementor-column elementor-field-group-field_a194195 elementor-col-50 elementor-field-required\">\n\t\t\t\t\t\t\t\t\t\t\t\t<label for=\"form-field-field_a194195\" class=\"elementor-field-label\">\n\t\t\t\t\t\t\t\tIhr Name und Ihre Position\t\t\t\t\t\t\t<\/label>\n\t\t\t\t\t\t\t\t\t\t\t\t\t\t<input size=\"1\" type=\"text\" name=\"form_fields[field_a194195]\" id=\"form-field-field_a194195\" class=\"elementor-field elementor-size-sm  elementor-field-textual\" placeholder=\"Ihr Name und Ihre Position\" required=\"required\">\n\t\t\t\t\t\t\t\t\t\t\t<\/div>\n\t\t\t\t\t\t\t\t<div class=\"elementor-field-type-tel elementor-field-group elementor-column elementor-field-group-field_bfe2d40 elementor-col-50 elementor-field-required\">\n\t\t\t\t\t\t\t\t\t\t\t\t<label for=\"form-field-field_bfe2d40\" class=\"elementor-field-label\">\n\t\t\t\t\t\t\t\tKontaktnummer\t\t\t\t\t\t\t<\/label>\n\t\t\t\t\t\t\t\t<input size=\"1\" type=\"tel\" name=\"form_fields[field_bfe2d40]\" id=\"form-field-field_bfe2d40\" class=\"elementor-field elementor-size-sm  elementor-field-textual\" placeholder=\"Kontaktnummer\" required=\"required\" pattern=\"[0-9()#&amp;+*-=.]+\" title=\"Nur Nummern oder Telefon-Zeichen (#, -, *, etc) werden akzeptiert.\">\n\n\t\t\t\t\t\t<\/div>\n\t\t\t\t\t\t\t\t<div class=\"elementor-field-type-text elementor-field-group elementor-column elementor-field-group-field_a67e497 elementor-col-50 elementor-field-required\">\n\t\t\t\t\t\t\t\t\t\t\t\t<label for=\"form-field-field_a67e497\" class=\"elementor-field-label\">\n\t\t\t\t\t\t\t\tSektor der Industrie\t\t\t\t\t\t\t<\/label>\n\t\t\t\t\t\t\t\t\t\t\t\t\t\t<input size=\"1\" type=\"text\" name=\"form_fields[field_a67e497]\" id=\"form-field-field_a67e497\" class=\"elementor-field elementor-size-sm  elementor-field-textual\" placeholder=\"Sektor der Industrie\" required=\"required\">\n\t\t\t\t\t\t\t\t\t\t\t<\/div>\n\t\t\t\t\t\t\t\t<div class=\"elementor-field-type-textarea elementor-field-group elementor-column elementor-field-group-field_18e7ce0 elementor-col-50 elementor-field-required\">\n\t\t\t\t\t\t\t\t\t\t\t\t<label for=\"form-field-field_18e7ce0\" class=\"elementor-field-label\">\n\t\t\t\t\t\t\t\t Unternehmensstandort(e) und Zusammenfassung\t\t\t\t\t\t\t<\/label>\n\t\t\t\t\t\t<textarea class=\"elementor-field-textual elementor-field  elementor-size-sm\" name=\"form_fields[field_18e7ce0]\" id=\"form-field-field_18e7ce0\" rows=\"4\" placeholder=\" Unternehmensstandort(e) und Zusammenfassung\" required=\"required\"><\/textarea>\t\t\t\t<\/div>\n\t\t\t\t\t\t\t\t<div class=\"elementor-field-type-textarea elementor-field-group elementor-column elementor-field-group-field_14f73b5 elementor-col-50 elementor-field-required\">\n\t\t\t\t\t\t\t\t\t\t\t\t<label for=\"form-field-field_14f73b5\" class=\"elementor-field-label\">\n\t\t\t\t\t\t\t\tMit welchen Verbindungsproblemen hatten Sie bisher zu k\u00e4mpfen?\t\t\t\t\t\t\t<\/label>\n\t\t\t\t\t\t<textarea class=\"elementor-field-textual elementor-field  elementor-size-sm\" name=\"form_fields[field_14f73b5]\" id=\"form-field-field_14f73b5\" rows=\"2\" placeholder=\"Mit welchen Verbindungsproblemen hatten Sie bisher zu k\u00e4mpfen?\" required=\"required\"><\/textarea>\t\t\t\t<\/div>\n\t\t\t\t\t\t\t\t<div class=\"elementor-field-type-textarea elementor-field-group elementor-column elementor-field-group-field_07ecfe1 elementor-col-50 elementor-field-required\">\n\t\t\t\t\t\t\t\t\t\t\t\t<label for=\"form-field-field_07ecfe1\" class=\"elementor-field-label\">\n\t\t\t\t\t\t\t\tWie haben Sie von Brdy Broadband erfahren?\t\t\t\t\t\t\t<\/label>\n\t\t\t\t\t\t<textarea class=\"elementor-field-textual elementor-field  elementor-size-sm\" name=\"form_fields[field_07ecfe1]\" id=\"form-field-field_07ecfe1\" rows=\"2\" placeholder=\"Wie haben Sie von Brdy Broadband erfahren?\" required=\"required\"><\/textarea>\t\t\t\t<\/div>\n\t\t\t\t\t\t\t\t<div class=\"elementor-field-type-textarea elementor-field-group elementor-column elementor-field-group-field_62d4cee elementor-col-50 elementor-field-required\">\n\t\t\t\t\t\t\t\t\t\t\t\t<label for=\"form-field-field_62d4cee\" class=\"elementor-field-label\">\n\t\t\t\t\t\t\t\tWas hat Sie davon \u00fcberzeugt, Brdy-Internet auszuprobieren?\t\t\t\t\t\t\t<\/label>\n\t\t\t\t\t\t<textarea class=\"elementor-field-textual elementor-field  elementor-size-sm\" name=\"form_fields[field_62d4cee]\" id=\"form-field-field_62d4cee\" rows=\"4\" placeholder=\"Was hat Sie davon \u00fcberzeugt, Brdy-Internet auszuprobieren?\" required=\"required\"><\/textarea>\t\t\t\t<\/div>\n\t\t\t\t\t\t\t\t<div class=\"elementor-field-type-textarea elementor-field-group elementor-column elementor-field-group-field_193288f elementor-col-50 elementor-field-required\">\n\t\t\t\t\t\t\t\t\t\t\t\t<label for=\"form-field-field_193288f\" class=\"elementor-field-label\">\n\t\t\t\t\t\t\t\t Was war die L\u00f6sung, die Brdy anbot?\t\t\t\t\t\t\t<\/label>\n\t\t\t\t\t\t<textarea class=\"elementor-field-textual elementor-field  elementor-size-sm\" name=\"form_fields[field_193288f]\" id=\"form-field-field_193288f\" rows=\"4\" placeholder=\" Was war die L\u00f6sung, die Brdy anbot?\" required=\"required\"><\/textarea>\t\t\t\t<\/div>\n\t\t\t\t\t\t\t\t<div class=\"elementor-field-type-textarea elementor-field-group elementor-column elementor-field-group-field_ee37690 elementor-col-50 elementor-field-required\">\n\t\t\t\t\t\t\t\t\t\t\t\t<label for=\"form-field-field_ee37690\" class=\"elementor-field-label\">\n\t\t\t\t\t\t\t\tWas ist der Hauptnutzen \/ die Hauptanwendung f\u00fcr die Breitbandl\u00f6sung?\t\t\t\t\t\t\t<\/label>\n\t\t\t\t\t\t<textarea class=\"elementor-field-textual elementor-field  elementor-size-sm\" name=\"form_fields[field_ee37690]\" id=\"form-field-field_ee37690\" rows=\"4\" placeholder=\"Was ist der Hauptnutzen \/ die Hauptanwendung f\u00fcr die Breitbandl\u00f6sung?\" required=\"required\"><\/textarea>\t\t\t\t<\/div>\n\t\t\t\t\t\t\t\t<div class=\"elementor-field-type-textarea elementor-field-group elementor-column elementor-field-group-field_7448e59 elementor-col-50 elementor-field-required\">\n\t\t\t\t\t\t\t\t\t\t\t\t<label for=\"form-field-field_7448e59\" class=\"elementor-field-label\">\n\t\t\t\t\t\t\t\tWas sind die wichtigsten Vorteile, die Satelliten-Internet Ihrem Unternehmen gebracht hat?\t\t\t\t\t\t\t<\/label>\n\t\t\t\t\t\t<textarea class=\"elementor-field-textual elementor-field  elementor-size-sm\" name=\"form_fields[field_7448e59]\" id=\"form-field-field_7448e59\" rows=\"4\" placeholder=\"Was sind die wichtigsten Vorteile, die Satelliten-Internet Ihrem Unternehmen gebracht hat?\" required=\"required\"><\/textarea>\t\t\t\t<\/div>\n\t\t\t\t\t\t\t\t<div class=\"elementor-field-type-textarea elementor-field-group elementor-column elementor-field-group-field_7f5c986 elementor-col-50 elementor-field-required\">\n\t\t\t\t\t\t\t\t\t\t\t\t<label for=\"form-field-field_7f5c986\" class=\"elementor-field-label\">\n\t\t\t\t\t\t\t\tAngebot f\u00fcr Unternehmen -<br>Wie hat Brdy Ihr Tagesgesch\u00e4ft verbessert?\t\t\t\t\t\t\t<\/label>\n\t\t\t\t\t\t<textarea class=\"elementor-field-textual elementor-field  elementor-size-sm\" name=\"form_fields[field_7f5c986]\" id=\"form-field-field_7f5c986\" rows=\"5\" placeholder=\"Angebot f\u00fcr Unternehmen -&lt;br&gt;Wie hat Brdy Ihr Tagesgesch\u00e4ft verbessert?\" required=\"required\"><\/textarea>\t\t\t\t<\/div>\n\t\t\t\t\t\t\t\t<div class=\"elementor-field-type-upload elementor-field-group elementor-column elementor-field-group-field_8e6259e elementor-col-50\">\n\t\t\t\t\t\t\t\t\t\t\t\t<label for=\"form-field-field_8e6259e\" class=\"elementor-field-label\">\n\t\t\t\t\t\t\t\tUm Ihre Geschichte zu unterstreichen, f\u00fcgen Sie bitte einige Bilder hinzu, z.B. von Ihrer Firma oder Ihrem B\u00fcro, von der Installation, von Mitarbeitern, die das Internet benutzen, oder von anderen Dingen, die Sie f\u00fcr wichtig halten.\t\t\t\t\t\t\t<\/label>\n\t\t\t\t\t\t\t\t<input type=\"file\" name=\"form_fields[field_8e6259e][]\" id=\"form-field-field_8e6259e\" class=\"elementor-field elementor-size-sm  elementor-upload-field\" multiple=\"multiple\" data-maxsize=\"2\" data-maxsize-message=\"Diese Datei \u00fcbersteigt die maximale Dateigr\u00f6\u00dfe.\">\n\n\t\t\t\t\t\t<\/div>\n\t\t\t\t\t\t\t\t<div class=\"elementor-field-group elementor-column elementor-field-type-submit elementor-col-100 e-form__buttons\">\n\t\t\t\t\t<button class=\"elementor-button elementor-size-sm\" type=\"submit\">\n\t\t\t\t\t\t<span class=\"elementor-button-content-wrapper\">\n\t\t\t\t\t\t\t\t\t\t\t\t\t\t\t\t\t\t\t\t\t\t<span class=\"elementor-button-text\">IHRE GESCHICHTE EINREICHEN<\/span>\n\t\t\t\t\t\t\t\t\t\t\t\t\t<\/span>\n\t\t\t\t\t<\/button>\n\t\t\t\t<\/div>\n\t\t\t<\/div>\n\t\t<\/form>\n\t\t\t\t\t\t<\/div>\n\t\t\t\t<\/div>\n\t\t\t\t\t<\/div>\n\t\t<\/div>\n\t\t\t\t\t<\/div>\n\t\t<\/section>\n\t\t\t\t<\/div>\n\t\t","protected":false},"excerpt":{"rendered":"<p>Teilen Sie Ihre Geschichte mit uns Wir w\u00fcrden gerne Ihre Erfahrungen als Gesch\u00e4ftskunde in Brdy mit Ihnen teilen und Ihnen zeigen, wie schnelles und zuverl\u00e4ssiges Internet Ihr Unternehmen ver\u00e4ndert hat. Ihr Unternehmen wird in der Fallstudie zusammen mit einem Link zu Ihrer Website vorgestellt und in unseren Online-Kan\u00e4len ver\u00f6ffentlicht. Einzelheiten zur Geschichte:<\/p>\n","protected":false},"author":1,"featured_media":0,"parent":0,"menu_order":0,"comment_status":"closed","ping_status":"closed","template":"elementor_header_footer","meta":{"footnotes":""},"class_list":["post-31438","page","type-page","status-publish","hentry","page--item"],"_links":{"self":[{"href":"https:\/\/brdy.com\/business\/de\/wp-json\/wp\/v2\/pages\/31438","targetHints":{"allow":["GET"]}}],"collection":[{"href":"https:\/\/brdy.com\/business\/de\/wp-json\/wp\/v2\/pages"}],"about":[{"href":"https:\/\/brdy.com\/business\/de\/wp-json\/wp\/v2\/types\/page"}],"author":[{"embeddable":true,"href":"https:\/\/brdy.com\/business\/de\/wp-json\/wp\/v2\/users\/1"}],"replies":[{"embeddable":true,"href":"https:\/\/brdy.com\/business\/de\/wp-json\/wp\/v2\/comments?post=31438"}],"version-history":[{"count":6,"href":"https:\/\/brdy.com\/business\/de\/wp-json\/wp\/v2\/pages\/31438\/revisions"}],"predecessor-version":[{"id":32442,"href":"https:\/\/brdy.com\/business\/de\/wp-json\/wp\/v2\/pages\/31438\/revisions\/32442"}],"wp:attachment":[{"href":"https:\/\/brdy.com\/business\/de\/wp-json\/wp\/v2\/media?parent=31438"}],"curies":[{"name":"wp","href":"https:\/\/api.w.org\/{rel}","templated":true}]}}