{"id":25032,"date":"2023-06-26T12:01:24","date_gmt":"2023-06-26T11:01:24","guid":{"rendered":"https:\/\/brdy.com\/business\/privacy-policy\/"},"modified":"2024-09-18T06:21:29","modified_gmt":"2024-09-18T05:21:29","slug":"datenschutz-2","status":"publish","type":"page","link":"https:\/\/brdy.com\/business\/de\/datenschutz-2\/","title":{"rendered":"Privacy Policy"},"content":{"rendered":"\t\t<div data-elementor-type=\"wp-page\" data-elementor-id=\"25032\" class=\"elementor elementor-25032 elementor-3\" data-elementor-post-type=\"page\">\n\t\t\t\t\t\t<section class=\"elementor-section elementor-top-section elementor-element elementor-element-5a788931 elementor-section-boxed elementor-section-height-default elementor-section-height-default wpr-particle-no wpr-jarallax-no wpr-parallax-no wpr-sticky-section-no\" data-id=\"5a788931\" data-element_type=\"section\" data-e-type=\"section\" data-settings=\"{&quot;background_background&quot;:&quot;classic&quot;}\">\n\t\t\t\t\t\t<div class=\"elementor-container elementor-column-gap-default\">\n\t\t\t\t\t<div class=\"elementor-column elementor-col-100 elementor-top-column elementor-element elementor-element-6845f5bd\" data-id=\"6845f5bd\" data-element_type=\"column\" data-e-type=\"column\">\n\t\t\t<div class=\"elementor-widget-wrap elementor-element-populated\">\n\t\t\t\t\t\t<div class=\"elementor-element elementor-element-434de8b7 elementor-widget__width-initial txt_white elementor-widget elementor-widget-text-editor\" data-id=\"434de8b7\" data-element_type=\"widget\" data-e-type=\"widget\" data-widget_type=\"text-editor.default\">\n\t\t\t\t<div class=\"elementor-widget-container\">\n\t\t\t\t\t\t\t\t\t<p><span style=\"font-weight: bolder;\">Datenschutzbestimmungen<\/span><\/p><p>Wir sind Sat Internet Services GmbH, Maximilianstr. 54, 80538 M\u00fcnchen, Deutschland, (Amtsgericht Hannover HRB 207039), handelnd als &#8218;Brdy&#8216;. Wenn wir uns auf &#8222;wir&#8220;, &#8222;uns&#8220; oder &#8222;unser&#8220; beziehen, bedeutet dies Brdy und unsere Gruppenunternehmen. F\u00fcr die Zwecke der DSGVO ist Brdy der f\u00fcr die Datenverarbeitung Verantwortliche und unsere Registrierungsnummer lautet: ZA185544. Brdy und seine Konzerngesellschaften verpflichten sich, Ihre Privatsph\u00e4re zu sch\u00fctzen und zu respektieren.<\/p><p>Bitte lesen Sie die folgenden Datenschutzrichtlinien, die detailliert beschreiben, welche Informationen wir von Ihnen sammeln, wie wir sie verwenden und wie wir Ihre Daten sicher aufbewahren.<\/p><p><span style=\"font-weight: bolder;\">WAS UNSERE DATENSCHUTZRICHTLINIE UMFASST<\/span><br>Diese Datenschutzrichtlinie regelt den Umgang von Brdy mit personenbezogenen Daten, die wir von Ihnen erheben.<br>Diese Richtlinie gilt nicht f\u00fcr die Praktiken von Unternehmen, die Brdy nicht besitzt oder kontrolliert, oder f\u00fcr Personen, die Brdy nicht besch\u00e4ftigt oder leitet. Auf den Seiten der Brdy-Website k\u00f6nnen sich Links befinden, die Sie zu anderen Websites f\u00fchren. Bitte vergewissern Sie sich, dass Sie die Datenschutzrichtlinien anderer Websites gelesen haben, die m\u00f6glicherweise nach personenbezogenen Daten fragen, bevor Sie sich dort anmelden.<br>Diese Website ist nicht f\u00fcr Kinder bestimmt, und wir sammeln nicht wissentlich Daten \u00fcber Kinder.<\/p><p><span style=\"font-weight: bolder;\">WAS WIR SAMMELN UND WIE WIR ES VERWENDEN<\/span><br>Brdy erhebt ein Minimum an personenbezogenen Daten, um Ihre Interaktion mit uns als Kunde zu verwalten, sowie alle Informationen, die Sie uns beim Ausf\u00fcllen eines der Kontaktformulare auf der Brdy-Website oder auf einem der anderen unten aufgef\u00fchrten Wege zur Verf\u00fcgung stellen.<\/p><p>Brdy erh\u00e4lt und speichert auch automatisch Informationen von Ihrem Browser in unseren Serverprotokollen, einschlie\u00dflich Ihrer IP-Adresse, Ihres Browsertyps und der von Ihnen angeforderten Seiten.<\/p><p>Wir k\u00f6nnen die folgenden Daten \u00fcber Sie sammeln und verarbeiten:<\/p><p>&#8211; Name(n)<br>&#8211; E-Mail Adresse(n)<br>&#8211; Telefonnummer(n)<br>&#8211; Sprachpr\u00e4ferenz<br>&#8211; Geschlecht<br>&#8211; Rechnungs- oder Installationsadresse<br>&#8211; Zahlungsinformationen (Kredit-\/Debitkarteninformationen, Bankinformationen f\u00fcr Lastschriften\/SEPA-Zahlungen) &#8211;<br>Firmenname (wenn Sie Gesch\u00e4ftskunde sind)<br>&#8211; Umsatzsteuernummer (wenn Sie Gesch\u00e4ftskunde sind)<br>&#8211; Transaktionsdaten, die Details \u00fcber Zahlungen an und von Ihnen und andere Details \u00fcber Produkte und Dienstleistungen, die Sie von uns gekauft haben, enthalten<br>&#8211; Technische Daten, die die Internetprotokoll (IP)-Adresse, Ihre Anmeldedaten, Browsertyp und -version, Zeitzoneneinstellung und Standort, Browser-Plug-in-Typen und -Versionen enthalten, Betriebssystem und Plattform sowie andere Technologien auf den Ger\u00e4ten, die Sie f\u00fcr den Zugriff auf diese Website verwenden<br>&#8211; Profildaten, die Ihre Eink\u00e4ufe oder Bestellungen unter Ihrem Benutzernamen, Ihre Interessen, Vorlieben, R\u00fcckmeldungen und Antworten auf Umfragen umfassen<br>&#8211; Nutzungsdaten, die Informationen dar\u00fcber enthalten, wie Sie unsere Website, Produkte und Dienstleistungen nutzen<br>&#8211; Marketing- und Kommunikationsdaten, die Ihre Pr\u00e4ferenzen f\u00fcr den Erhalt von Marketingmaterial von uns und unseren Drittanbietern sowie Ihre Kommunikationspr\u00e4ferenzen enthalten<br>&#8211; Ihre Steuerdaten<br>Wir erfassen diese Daten auf folgende Weise: &#8211;<br>Am Telefon, wenn Sie mit uns sprechen<br>&#8211; Per E-Mail<br>&#8211; \u00dcber Webformulare auf unserer Website<br>&#8211; \u00dcber ein Online-Chat-System auf unserer Website<br>&#8211; Schriftliche Korrespondenz<br>&#8211; \u00dcber Analytik-Anbieter, andere Dritte oder \u00f6ffentlich zug\u00e4ngliche Quellen<br>Brdy verwendet diese Daten\/Informationen f\u00fcr den folgenden Zweck:<br>&nbsp;&#8211; Sie erm\u00f6glichen es uns, die Werbung und den Inhalt der Website anzupassen und die Entwicklung der Website so zu lenken, dass sie Ihren Bed\u00fcrfnissen und Interessen am besten entspricht<br>&#8211; um Transaktionen unter Verwendung modernster SSL-Verschl\u00fcsselung mit den Systemen von SagePay (Protx), PayPal und Realex zu<br>verarbeiten<br>&#8211; um unsere Verpflichtungen zu erf\u00fcllen und unsere Rechte durchzusetzen, die sich aus den zwischen Ihnen und uns geschlossenen Vertr\u00e4gen ergeben, und um Ihnen die von Ihnen angeforderten Informationen, Produkte und Dienstleistungen zur Verf\u00fcgung zu stellen<br>&#8211; um Sie \u00fcber \u00c4nderungen an unserem Service zu informieren<br>&#8211; um sicherzustellen, dass die Inhalte unserer Website auf die f\u00fcr Sie und Ihren Computer oder Ihr Ger\u00e4t effektivste Weise dargestellt werden; und<br>&#8211; um den gesetzlichen Verpflichtungen nachzukommen, die wir als Internet Service Provider haben.<br>&#8211; Wenn Sie Aktion\u00e4r sind, m\u00fcssen wir Ihre personenbezogenen Daten auch verarbeiten, um unseren rechtlichen und regulatorischen Verpflichtungen als Unternehmen nachzukommen, dessen Aktien am AIM-Markt der Londoner B\u00f6rse gehandelt werden. In den meisten F\u00e4llen werden wir Ihre personenbezogenen Daten unter den folgenden Umst\u00e4nden verwenden: &#8211;<br>Wenn wir den Vertrag, den wir mit Ihnen abschlie\u00dfen wollen oder abgeschlossen haben, erf\u00fcllen m\u00fcssen<br>&#8211; Wenn es f\u00fcr unsere legitimen Interessen (oder die eines Dritten) erforderlich ist und Ihre Interessen und Grundrechte diese Interessen nicht \u00fcberwiegen<br>&#8211; Wenn wir einer gesetzlichen oder beh\u00f6rdlichen Verpflichtung nachkommen m\u00fcssen<br>&#8211; Im Allgemeinen st\u00fctzen wir uns nicht auf eine Einwilligung als Rechtsgrundlage f\u00fcr die Verarbeitung Ihrer personenbezogenen Daten, au\u00dfer in Bezug auf den Versand von Direktmarketing-Mitteilungen an Sie per E-Mail oder SMS<\/p><p><span style=\"font-weight: bolder;\">WAHLM\u00d6GLICHKEIT \/ OPT-IN<\/span><br>Die Nutzer von Brdy haben die M\u00f6glichkeit, sich bei der Registrierung f\u00fcr die Zusendung von Marketinginformationen zu entscheiden. Wenn Sie nicht zugestimmt haben, k\u00f6nnen wir Ihnen dennoch Direktmarketing-Informationen auf der Grundlage anderer Rechtsgrundlagen zusenden. Wenn Sie nicht m\u00f6chten, dass wir Ihnen Direktwerbung zusenden, k\u00f6nnen Sie uns per E-Mail oder schriftlich mitteilen, dass Ihr Name aus unserer Kontaktliste und allen Datenbanken gestrichen werden soll (mit Ausnahme von Unterdr\u00fcckungslisten, um sicherzustellen, dass wir Ihre W\u00fcnsche respektieren). Sie k\u00f6nnen uns an Sat Internet Services GmbH, Maximilianstr. 54, 80538 M\u00fcnchen schreiben oder uns eine E-Mail schicken: dsgvo@brdyservice.de<br>Wir senden keine unaufgeforderten Marketing-E-Mails an pers\u00f6nliche E-Mail-Adressen (Spam).<\/p><p><span style=\"font-weight: bolder;\">COOKIES<\/span><br>Unsere Websites verwenden Cookies, um Informationen auf Ihrem Computer zu speichern. Einige dieser Cookies sind f\u00fcr das Funktionieren unserer Website unerl\u00e4sslich, andere helfen uns, uns zu verbessern, indem sie Aufschluss dar\u00fcber geben, wie unsere Websites genutzt werden.<\/p><p><span style=\"font-weight: bolder;\">WEITERGABE UND OFFENLEGUNG VON INFORMATIONEN<\/span><br>Wir k\u00f6nnen Ihre pers\u00f6nlichen Daten an jedes Mitglied unserer Unternehmensgruppe weitergeben, z.B. an unsere Tochtergesellschaften. Wir k\u00f6nnen Ihre Daten an ausgew\u00e4hlte Dritte weitergeben, darunter: &#8211;<br>Gesch\u00e4ftspartner, Lieferanten und Subunternehmer f\u00fcr die Erf\u00fcllung von Vertr\u00e4gen:<br>&#8211; Euro Broadband Infrastructure S.a.r.l f\u00fcr die Durchf\u00fchrung von Umfragen zur Servicequalit\u00e4t<br>&#8211; Kreditauskunfteien zum Zweck der Bewertung Ihrer Kreditw\u00fcrdigkeit, wenn dies eine Bedingung f\u00fcr den Abschluss eines Vertrags mit Ihnen ist<br>&#8211; Fachberater und unser benannter Berater und Makler<br>&#8211; unser Aktienregisterf\u00fchrer und seine Dienstleister<br>&#8211; Finanzvermittler und Kreditgeber<br>Wir k\u00f6nnen Ihre Kundendaten an Dritte weitergeben: &#8211;<br>Wenn Brdy oder im Wesentlichen alle seine Verm\u00f6genswerte von einem Dritten erworben werden, wobei die personenbezogenen Daten, die wir \u00fcber unsere Kunden besitzen, zu den \u00fcbertragenen Verm\u00f6genswerten geh\u00f6ren, vorbehaltlich der \u00fcblichen Mitteilungen \u00fcber die faire Verarbeitung an Sie<br>&#8211; Wenn wir verpflichtet sind, personenbezogene Daten offenzulegen oder weiterzugeben, um einer gesetzlichen Verpflichtung nachzukommen, oder um unsere allgemeinen Gesch\u00e4ftsbedingungen und andere Vereinbarungen durchzusetzen oder anzuwenden; oder um die Rechte, das Eigentum oder die Sicherheit von Brdy, unseren Kunden oder anderen zu sch\u00fctzen. Dies schlie\u00dft den Austausch von Informationen mit anderen Unternehmen und Organisationen zum Zwecke des Schutzes vor Betrug und der Reduzierung von Kreditrisiken ein<br>&#8211; wenn wir auf gerichtliche Vorladungen, Gerichtsbeschl\u00fcsse oder andere rechtliche Verfahren reagieren m\u00fcssen<\/p><p><span style=\"font-weight: bolder;\">WO WIR DATEN SPEICHERN UND IHRE RECHTE<\/span><br>Die Daten, die wir von Ihnen erheben, werden in erster Linie im Vereinigten K\u00f6nigreich Gro\u00dfbritannien gespeichert und verwaltet, k\u00f6nnen aber auch an einen Ort au\u00dferhalb des Europ\u00e4ischen Wirtschaftsraums (&#8222;EWR&#8220;) \u00fcbermittelt und dort gespeichert werden. Sie k\u00f6nnen auch von Mitarbeitern au\u00dferhalb des EWR verarbeitet werden, die f\u00fcr uns oder einen unserer Lieferanten arbeiten. Diese Mitarbeiter k\u00f6nnen unter anderem mit der Erf\u00fcllung Ihrer Bestellung, der Verarbeitung Ihrer Zahlungsdaten und der Bereitstellung von Supportleistungen besch\u00e4ftigt sein. Wir werden alle angemessenen Ma\u00dfnahmen ergreifen, um sicherzustellen, dass Ihre Daten sicher und in \u00dcbereinstimmung mit dieser Datenschutzrichtlinie behandelt werden. Die \u00dcbertragung und Speicherung von personenbezogenen Daten au\u00dferhalb des EWR erfolgt unter Einhaltung der geltenden Datenschutzgesetze.<\/p><p>Alle Informationen, die Sie uns zur Verf\u00fcgung stellen, werden auf sicheren Servern gespeichert. Alle Zahlungstransaktionen werden mit der SSL-Technologie verschl\u00fcsselt. Wenn wir Ihnen ein Passwort gegeben haben (oder Sie ein solches gew\u00e4hlt haben), das Ihnen den Zugang zu bestimmten Teilen unserer Website erm\u00f6glicht, sind Sie daf\u00fcr verantwortlich, dieses Passwort geheim zu halten. Sie sollten ein Passwort nicht an andere weitergeben.<\/p><p>Leider ist die \u00dcbertragung von Informationen \u00fcber das Internet nicht v\u00f6llig sicher. Obwohl wir unser Bestes tun, um Ihre pers\u00f6nlichen Daten zu sch\u00fctzen, k\u00f6nnen wir die Sicherheit Ihrer an unsere Website \u00fcbermittelten Daten nicht garantieren; jede \u00dcbertragung erfolgt auf Ihr eigenes Risiko. Sobald wir Ihre Daten erhalten haben, werden wir strenge Verfahren und Sicherheitsvorkehrungen anwenden, um einen unbefugten Zugriff zu verhindern.<\/p><p>Unsere Website kann von Zeit zu Zeit Links zu und von den Websites unserer Partnernetzwerke, Werbetreibenden und angeschlossenen Unternehmen enthalten. Wenn Sie einem Link zu einer dieser Websites folgen, beachten Sie bitte, dass diese Websites ihre eigenen Datenschutzrichtlinien haben und dass wir keine Verantwortung oder Haftung f\u00fcr diese Richtlinien \u00fcbernehmen. Bitte \u00fcberpr\u00fcfen Sie diese Richtlinien, bevor Sie pers\u00f6nliche oder vertrauliche Daten an diese Websites \u00fcbermitteln.<\/p><p>Brdy ergreift alle angemessenen Vorsichtsma\u00dfnahmen, um die Daten der Nutzer sowohl online als auch offline zu sch\u00fctzen.<br>&nbsp;Wir verkn\u00fcpfen keine pers\u00f6nlich identifizierbaren Informationen mit erhaltenen Verwaltungsinformationen.<br>&nbsp;Wir kaufen keine anderen Informationen, die mit Ihren personenbezogenen Daten verkn\u00fcpft werden k\u00f6nnen, \u00fcber die wir verf\u00fcgen.<\/p><p><span style=\"font-weight: bolder;\">IHRE RECHTE<\/span><br>Sie haben die folgenden Rechte, die Sie kostenlos wahrnehmen k\u00f6nnen:<\/p><p>Sie k\u00f6nnen von uns verlangen, dass wir:<\/p><p>-Ihnen eine Kopie der personenbezogenen Daten, die Sie uns zur Verf\u00fcgung gestellt haben, in einem strukturierten, g\u00e4ngigen und maschinenlesbaren Format zur Verf\u00fcgung zu stellen und\/oder diese Daten an einen Dritten zu \u00fcbermitteln &#8211; in bestimmten Situationen eine Kopie Ihrer personenbezogenen Daten zur Verf\u00fcgung zu stellen (Auskunftsrecht)<br>&#8211; Fehler in Ihren personenbezogenen Daten zu korrigieren<br>&#8211; in bestimmten Situationen Ihre personenbezogenen Daten zu l\u00f6schen<br>&#8211; in bestimmten Situationen die Verarbeitung Ihrer personenbezogenen Daten einzuschr\u00e4nken, z. B. wenn Sie die Richtigkeit der Daten bestreiten<br>k\u00f6nnen Sie widersprechen:<br>&#8211; jederzeit gegen die Verarbeitung Ihrer personenbezogenen Daten zu Zwecken des Direktmarketings (einschlie\u00dflich Profiling);<br>&#8211; in bestimmten anderen Situationen gegen die weitere Verarbeitung Ihrer personenbezogenen Daten, z. B. wenn diese zur Wahrung unserer berechtigten Interessen erfolgt.<br>Sie haben auch das Recht, sich bei der Aufsichtsbeh\u00f6rde in der Europ\u00e4ischen Union zu beschweren, in der Sie arbeiten, normalerweise leben oder in der ein angeblicher Versto\u00df gegen die Datenschutzgesetze stattgefunden hat. Die Aufsichtsbeh\u00f6rde in Deutschland ist der&nbsp;<em>Bundesbeauftragte f\u00fcr den Datenschutz und die Informationsfreiheit<\/em>&nbsp;(&nbsp;<em>BfDI<\/em>&nbsp;), der unter Telefon: +49(0)228 997799-0 oder E-Mail: poststelle@bfdi.bund.de erreicht werden kann.<br>Wenn wir Ihre personenbezogenen Daten auf der Grundlage Ihrer Einwilligung verarbeiten, k\u00f6nnen Sie diese jederzeit widerrufen.<br>Wenn Sie eines dieser Rechte aus\u00fcben m\u00f6chten, senden Sie uns bitte eine E-Mail an dsgvo@brdyservice.de.<br>Ihr Widerspruch (oder der Widerruf Ihrer Einwilligung) kann dazu f\u00fchren, dass wir die von Ihnen angeforderten Dienstleistungen nicht erbringen k\u00f6nnen oder dass Sie die von uns angebotenen Dienstleistungen nicht nutzen k\u00f6nnen. Wir werden Sie dar\u00fcber informieren, wenn dies der Fall ist. Auch wenn Sie Ihre Einwilligung widerrufen, k\u00f6nnen wir unter bestimmten Umst\u00e4nden Ihre personenbezogenen Daten weiterverarbeiten, wenn dies gesetzlich vorgeschrieben oder zul\u00e4ssig ist oder zur Aus\u00fcbung oder Verteidigung unserer gesetzlichen Rechte oder zur Erf\u00fcllung unserer rechtlichen und beh\u00f6rdlichen Verpflichtungen.<\/p><p><span style=\"font-weight: bolder;\">\u00c4NDERUNGEN AN DIESER DATENSCHUTZRICHTLINIE<\/span><br>Brdy kann diese Richtlinie von Zeit zu Zeit \u00e4ndern, um Entwicklungen auf der Website und \u00c4nderungen der gesammelten Daten zu ber\u00fccksichtigen. Wenn wir wesentliche \u00c4nderungen an der Art und Weise vornehmen, wie wir Ihre pers\u00f6nlichen Daten verwenden, werden wir Sie durch eine deutliche Ank\u00fcndigung auf unseren Webseiten oder per E-Mail benachrichtigen.<\/p>\t\t\t\t\t\t\t\t<\/div>\n\t\t\t\t<\/div>\n\t\t\t\t\t<\/div>\n\t\t<\/div>\n\t\t\t\t\t<\/div>\n\t\t<\/section>\n\t\t\t\t<\/div>\n\t\t","protected":false},"excerpt":{"rendered":"<p>Datenschutzbestimmungen Wir sind Sat Internet Services GmbH, Maximilianstr. 54, 80538 M\u00fcnchen, Deutschland, (Amtsgericht Hannover HRB 207039), handelnd als &#8218;Brdy&#8216;. Wenn wir uns auf &#8222;wir&#8220;, &#8222;uns&#8220; oder &#8222;unser&#8220; beziehen, bedeutet dies Brdy und unsere Gruppenunternehmen. F\u00fcr die Zwecke der DSGVO ist Brdy der f\u00fcr die Datenverarbeitung Verantwortliche und unsere Registrierungsnummer lautet: ZA185544. Brdy und seine Konzerngesellschaften verpflichten sich, Ihre Privatsph\u00e4re zu sch\u00fctzen und zu respektieren. Bitte lesen Sie die folgenden Datenschutzrichtlinien, die detailliert beschreiben, welche Informationen wir von Ihnen sammeln, wie wir sie verwenden und wie wir Ihre Daten sicher aufbewahren. WAS UNSERE DATENSCHUTZRICHTLINIE UMFASSTDiese Datenschutzrichtlinie regelt den Umgang von Brdy mit personenbezogenen Daten, die wir von Ihnen erheben.Diese Richtlinie gilt nicht f\u00fcr die Praktiken von Unternehmen, die Brdy nicht besitzt oder kontrolliert, oder f\u00fcr Personen, die Brdy nicht besch\u00e4ftigt oder leitet. Auf den Seiten der Brdy-Website k\u00f6nnen sich Links befinden, die Sie zu anderen Websites f\u00fchren. Bitte vergewissern Sie sich, dass Sie die Datenschutzrichtlinien anderer Websites gelesen haben, die m\u00f6glicherweise nach personenbezogenen Daten fragen, bevor Sie sich dort anmelden.Diese Website ist nicht f\u00fcr Kinder bestimmt, und wir sammeln nicht wissentlich Daten \u00fcber Kinder. WAS WIR SAMMELN UND WIE WIR ES VERWENDENBrdy erhebt ein Minimum an personenbezogenen Daten, um Ihre Interaktion mit uns als Kunde zu verwalten, sowie alle Informationen, die Sie uns beim Ausf\u00fcllen eines der Kontaktformulare auf der Brdy-Website oder auf einem der anderen unten aufgef\u00fchrten Wege zur Verf\u00fcgung stellen. Brdy erh\u00e4lt und speichert auch automatisch Informationen von Ihrem Browser in unseren Serverprotokollen, einschlie\u00dflich Ihrer IP-Adresse, Ihres Browsertyps und der von Ihnen angeforderten Seiten. Wir k\u00f6nnen die folgenden Daten \u00fcber Sie sammeln und verarbeiten: &#8211; Name(n)&#8211; E-Mail Adresse(n)&#8211; Telefonnummer(n)&#8211; Sprachpr\u00e4ferenz&#8211; Geschlecht&#8211; Rechnungs- oder Installationsadresse&#8211; Zahlungsinformationen (Kredit-\/Debitkarteninformationen, Bankinformationen f\u00fcr Lastschriften\/SEPA-Zahlungen) &#8211;Firmenname (wenn Sie Gesch\u00e4ftskunde sind)&#8211; Umsatzsteuernummer (wenn Sie Gesch\u00e4ftskunde sind)&#8211; Transaktionsdaten, die Details \u00fcber Zahlungen an und von Ihnen und andere Details \u00fcber Produkte und Dienstleistungen, die Sie von uns gekauft haben, enthalten&#8211; Technische Daten, die die Internetprotokoll (IP)-Adresse, Ihre Anmeldedaten, Browsertyp und -version, Zeitzoneneinstellung und Standort, Browser-Plug-in-Typen und -Versionen enthalten, Betriebssystem und Plattform sowie andere Technologien auf den Ger\u00e4ten, die Sie f\u00fcr den Zugriff auf diese Website verwenden&#8211; Profildaten, die Ihre Eink\u00e4ufe oder Bestellungen unter Ihrem Benutzernamen, Ihre Interessen, Vorlieben, R\u00fcckmeldungen und Antworten auf Umfragen umfassen&#8211; Nutzungsdaten, die Informationen dar\u00fcber enthalten, wie Sie unsere Website, Produkte und Dienstleistungen nutzen&#8211; Marketing- und Kommunikationsdaten, die Ihre Pr\u00e4ferenzen f\u00fcr den Erhalt von Marketingmaterial von uns und unseren Drittanbietern sowie Ihre Kommunikationspr\u00e4ferenzen enthalten&#8211; Ihre SteuerdatenWir erfassen diese Daten auf folgende Weise: &#8211;Am Telefon, wenn Sie mit uns sprechen&#8211; Per E-Mail&#8211; \u00dcber Webformulare auf unserer Website&#8211; \u00dcber ein Online-Chat-System auf unserer Website&#8211; Schriftliche Korrespondenz&#8211; \u00dcber Analytik-Anbieter, andere Dritte oder \u00f6ffentlich zug\u00e4ngliche QuellenBrdy verwendet diese Daten\/Informationen f\u00fcr den folgenden Zweck:&nbsp;&#8211; Sie erm\u00f6glichen es uns, die Werbung und den Inhalt der Website anzupassen und die Entwicklung der Website so zu lenken, dass sie Ihren Bed\u00fcrfnissen und Interessen am besten entspricht&#8211; um Transaktionen unter Verwendung modernster SSL-Verschl\u00fcsselung mit den Systemen von SagePay (Protx), PayPal und Realex zuverarbeiten&#8211; um unsere Verpflichtungen zu erf\u00fcllen und unsere Rechte durchzusetzen, die sich aus den zwischen Ihnen und uns geschlossenen Vertr\u00e4gen ergeben, und um Ihnen die von Ihnen angeforderten Informationen, Produkte und Dienstleistungen zur Verf\u00fcgung zu stellen&#8211; um Sie \u00fcber \u00c4nderungen an unserem Service zu informieren&#8211; um sicherzustellen, dass die Inhalte unserer Website auf die f\u00fcr Sie und Ihren Computer oder Ihr Ger\u00e4t effektivste Weise dargestellt werden; und&#8211; um den gesetzlichen Verpflichtungen nachzukommen, die wir als Internet Service Provider haben.&#8211; Wenn Sie Aktion\u00e4r sind, m\u00fcssen wir Ihre personenbezogenen Daten auch verarbeiten, um unseren rechtlichen und regulatorischen Verpflichtungen als Unternehmen nachzukommen, dessen Aktien am AIM-Markt der Londoner B\u00f6rse gehandelt werden. In den meisten F\u00e4llen werden wir Ihre personenbezogenen Daten unter den folgenden Umst\u00e4nden verwenden: &#8211;Wenn wir den Vertrag, den wir mit Ihnen abschlie\u00dfen wollen oder abgeschlossen haben, erf\u00fcllen m\u00fcssen&#8211; Wenn es f\u00fcr unsere legitimen Interessen (oder die eines Dritten) erforderlich ist und Ihre Interessen und Grundrechte diese Interessen nicht \u00fcberwiegen&#8211; Wenn wir einer gesetzlichen oder beh\u00f6rdlichen Verpflichtung nachkommen m\u00fcssen&#8211; Im Allgemeinen st\u00fctzen wir uns nicht auf eine Einwilligung als Rechtsgrundlage f\u00fcr die Verarbeitung Ihrer personenbezogenen Daten, au\u00dfer in Bezug auf den Versand von Direktmarketing-Mitteilungen an Sie per E-Mail oder SMS WAHLM\u00d6GLICHKEIT \/ OPT-INDie Nutzer von Brdy haben die M\u00f6glichkeit, sich bei der Registrierung f\u00fcr die Zusendung von Marketinginformationen zu entscheiden. Wenn Sie nicht zugestimmt haben, k\u00f6nnen wir Ihnen dennoch Direktmarketing-Informationen auf der Grundlage anderer Rechtsgrundlagen zusenden. Wenn Sie nicht m\u00f6chten, dass wir Ihnen Direktwerbung zusenden, k\u00f6nnen Sie uns per E-Mail oder schriftlich mitteilen, dass Ihr Name aus unserer Kontaktliste und allen Datenbanken gestrichen werden soll (mit Ausnahme von Unterdr\u00fcckungslisten, um sicherzustellen, dass wir Ihre W\u00fcnsche respektieren). Sie k\u00f6nnen uns an Sat Internet Services GmbH, Maximilianstr. 54, 80538 M\u00fcnchen schreiben oder uns eine E-Mail schicken: dsgvo@brdyservice.deWir senden keine unaufgeforderten Marketing-E-Mails an pers\u00f6nliche E-Mail-Adressen (Spam). COOKIESUnsere Websites verwenden Cookies, um Informationen auf Ihrem Computer zu speichern. Einige dieser Cookies sind f\u00fcr das Funktionieren unserer Website unerl\u00e4sslich, andere helfen uns, uns zu verbessern, indem sie Aufschluss dar\u00fcber geben, wie unsere Websites genutzt werden. WEITERGABE UND OFFENLEGUNG VON INFORMATIONENWir k\u00f6nnen Ihre pers\u00f6nlichen Daten an jedes Mitglied unserer Unternehmensgruppe weitergeben, z.B. an unsere Tochtergesellschaften. Wir k\u00f6nnen Ihre Daten an ausgew\u00e4hlte Dritte weitergeben, darunter: &#8211;Gesch\u00e4ftspartner, Lieferanten und Subunternehmer f\u00fcr die Erf\u00fcllung von Vertr\u00e4gen:&#8211; Euro Broadband Infrastructure S.a.r.l f\u00fcr die Durchf\u00fchrung von Umfragen zur Servicequalit\u00e4t&#8211; Kreditauskunfteien zum Zweck der Bewertung Ihrer Kreditw\u00fcrdigkeit, wenn dies eine Bedingung f\u00fcr den Abschluss eines Vertrags mit Ihnen ist&#8211; Fachberater und unser benannter Berater und Makler&#8211; unser Aktienregisterf\u00fchrer und seine Dienstleister&#8211; Finanzvermittler und KreditgeberWir k\u00f6nnen Ihre Kundendaten an Dritte weitergeben: &#8211;Wenn Brdy oder im Wesentlichen alle seine Verm\u00f6genswerte von einem Dritten erworben werden, wobei die personenbezogenen Daten, die wir \u00fcber unsere Kunden besitzen, zu den \u00fcbertragenen Verm\u00f6genswerten geh\u00f6ren, vorbehaltlich der \u00fcblichen Mitteilungen \u00fcber die faire Verarbeitung an Sie&#8211; Wenn wir verpflichtet sind, personenbezogene Daten offenzulegen oder weiterzugeben, um einer gesetzlichen Verpflichtung nachzukommen, oder um unsere allgemeinen Gesch\u00e4ftsbedingungen und andere Vereinbarungen durchzusetzen oder anzuwenden; oder um die Rechte, das Eigentum oder die Sicherheit von Brdy, unseren Kunden oder anderen zu sch\u00fctzen. Dies schlie\u00dft den Austausch&#8230;<\/p>\n","protected":false},"author":1,"featured_media":0,"parent":0,"menu_order":0,"comment_status":"closed","ping_status":"closed","template":"","meta":{"footnotes":""},"class_list":["post-25032","page","type-page","status-publish","hentry","page--item"],"_links":{"self":[{"href":"https:\/\/brdy.com\/business\/de\/wp-json\/wp\/v2\/pages\/25032","targetHints":{"allow":["GET"]}}],"collection":[{"href":"https:\/\/brdy.com\/business\/de\/wp-json\/wp\/v2\/pages"}],"about":[{"href":"https:\/\/brdy.com\/business\/de\/wp-json\/wp\/v2\/types\/page"}],"author":[{"embeddable":true,"href":"https:\/\/brdy.com\/business\/de\/wp-json\/wp\/v2\/users\/1"}],"replies":[{"embeddable":true,"href":"https:\/\/brdy.com\/business\/de\/wp-json\/wp\/v2\/comments?post=25032"}],"version-history":[{"count":7,"href":"https:\/\/brdy.com\/business\/de\/wp-json\/wp\/v2\/pages\/25032\/revisions"}],"predecessor-version":[{"id":27521,"href":"https:\/\/brdy.com\/business\/de\/wp-json\/wp\/v2\/pages\/25032\/revisions\/27521"}],"wp:attachment":[{"href":"https:\/\/brdy.com\/business\/de\/wp-json\/wp\/v2\/media?parent=25032"}],"curies":[{"name":"wp","href":"https:\/\/api.w.org\/{rel}","templated":true}]}}